{"id":19216,"date":"2025-04-07T06:18:34","date_gmt":"2025-04-07T06:18:34","guid":{"rendered":"https:\/\/www.hydraulic-cylinders.net\/product\/boom-cylinder-for-zoomlion-middle-excavator-ze210e\/"},"modified":"2025-04-07T06:18:36","modified_gmt":"2025-04-07T06:18:36","slug":"boom-cylinder-for-zoomlion-middle-excavator-ze210e","status":"publish","type":"product","link":"https:\/\/www.hydraulic-cylinders.net\/es\/producto\/boom-cylinder-for-zoomlion-middle-excavator-ze210e\/","title":{"rendered":"Cilindro de pluma para excavadora intermedia Zoomlion ZE210E"},"content":{"rendered":"<h1>Cilindro de pluma para excavadora intermedia Zoomlion ZE210E<\/h1>\n<h2>Introducci\u00f3n a los cilindros de pluma<\/h2>\n<p>El cilindro de la pluma es un componente hidr\u00e1ulico crucial, dise\u00f1ado espec\u00edficamente para maquinaria pesada como excavadoras, retroexcavadoras y cargadoras frontales. Controla el movimiento del cuchar\u00f3n, permiti\u00e9ndole elevar, bajar e inclinar, lo cual es esencial para diversas tareas de manipulaci\u00f3n de materiales. La funci\u00f3n del cilindro de la pluma va m\u00e1s all\u00e1 de la simple elevaci\u00f3n; desempe\u00f1a un papel fundamental en la mejora de la eficiencia operativa y la productividad de la m\u00e1quina. Al integrarse en un sistema hidr\u00e1ulico, los cilindros de la pluma utilizan fluido hidr\u00e1ulico para generar fuerza, lo que los hace vitales para tareas que requieren gran potencia y precisi\u00f3n. Estos cilindros est\u00e1n dise\u00f1ados para soportar altas presiones y diversas condiciones de trabajo, garantizando as\u00ed su durabilidad y fiabilidad.<\/p>\n<p><img decoding=\"async\" src=\"https:\/\/www.hydraulic-cylinders.net\/wp-content\/uploads\/2025\/04\/songte-company-1.webp\" alt=\"Imagen del cilindro de la pluma\" \/><\/p>\n<h2>Caracter\u00edsticas principales del cilindro de la pluma<\/h2>\n<ul>\n<li><strong>Alta resistencia y durabilidad:<\/strong> Estos cilindros, generalmente fabricados en acero o aluminio de alta resistencia, est\u00e1n dise\u00f1ados para soportar altas presiones y cargas pesadas, lo que los hace adecuados para entornos de trabajo hostiles.<\/li>\n<li><strong>Operaci\u00f3n hidr\u00e1ulica eficiente:<\/strong> El cilindro de la pluma funciona suavemente utilizando presi\u00f3n de aceite hidr\u00e1ulico, lo que permite una respuesta r\u00e1pida a los comandos de control y proporciona importantes fuerzas de empuje y tracci\u00f3n necesarias para cargas pesadas.<\/li>\n<li><strong>Diversos tipos disponibles:<\/strong> Las opciones incluyen cilindros de acci\u00f3n simple (que operan en una direcci\u00f3n) o de doble acci\u00f3n (que operan en ambas direcciones), que satisfacen diversas necesidades operativas, y algunos modelos son telesc\u00f3picos para un mayor alcance en espacios reducidos.<\/li>\n<li><strong>Mayor resistencia al desgaste:<\/strong> Dise\u00f1ado teniendo en cuenta la resistencia a la abrasi\u00f3n y la corrosi\u00f3n, lo que extiende la vida \u00fatil del cilindro y garantiza un rendimiento confiable a lo largo del tiempo.<\/li>\n<li><strong>Dise\u00f1o adaptativo:<\/strong> La ingenier\u00eda del cilindro de la pluma considera los requisitos espec\u00edficos de diferentes maquinarias, lo que permite una funcionalidad \u00f3ptima en diversas aplicaciones.<\/li>\n<\/ul>\n<h2>Capacidades de fabricaci\u00f3n<\/h2>\n<p>Fabricamos este producto con precisi\u00f3n, garantizando que nuestros cilindros de pluma puedan reemplazar perfectamente los cilindros hidr\u00e1ulicos existentes en diversos equipos. Nuestro proceso de producci\u00f3n emplea tecnolog\u00eda avanzada y rigurosos controles de calidad para garantizar que cada cilindro cumpla con los est\u00e1ndares de la industria.<\/p>\n<p><img decoding=\"async\" src=\"https:\/\/www.hydraulic-cylinders.net\/wp-content\/uploads\/2025\/04\/songte-cylinder-head-with-all-kinds-excavator-models.webp\" alt=\"Imagen de modelos de excavadoras\" \/><\/p>\n<h2>Aplicaciones de los cilindros de pluma<\/h2>\n<h3>Equipos de construcci\u00f3n<\/h3>\n<p>En las excavadoras, los cilindros de la pluma son esenciales para excavar, cargar y mover tierra o escombros. Permiten que la cuchara penetre eficazmente en el suelo, mejorando as\u00ed la capacidad de excavaci\u00f3n de la m\u00e1quina. En las retroexcavadoras, el cilindro de la pluma no solo facilita la excavaci\u00f3n, sino que tambi\u00e9n ayuda a levantar cargas pesadas, lo que proporciona versatilidad en las tareas de construcci\u00f3n.<\/p>\n<h3>Maquinaria agr\u00edcola<\/h3>\n<p>En las cargadoras frontales, los cilindros de la pluma son vitales para recoger, levantar y transportar materiales como tierra, heno y otros productos agr\u00edcolas. La eficiencia de estos cilindros incide directamente en la productividad de las operaciones agr\u00edcolas, permitiendo a los agricultores gestionar sus tareas con mayor eficacia.<\/p>\n<h3>excavadoras<\/h3>\n<p>En las excavadoras, el cilindro de la pluma permite que la cuchara excave en el suelo, lo que lo convierte en un componente indispensable de la m\u00e1quina. Su dise\u00f1o optimiza la excavaci\u00f3n, permitiendo a los operadores lograr mayor profundidad y eficiencia en las tareas de excavaci\u00f3n.<\/p>\n<h3>Cargadores<\/h3>\n<p>En las cargadoras frontales, los cilindros de la pluma contribuyen a elevar y descargar cargas eficientemente. La resistencia y la capacidad de respuesta de estos cilindros garantizan el movimiento r\u00e1pido y seguro de materiales pesados, mejorando as\u00ed la productividad operativa general.<\/p>\n<h2>Consideraciones de dise\u00f1o y criterios de selecci\u00f3n<\/h2>\n<h3>Capacidad de carga<\/h3>\n<p>La capacidad de carga del cilindro de la pluma es un factor cr\u00edtico de dise\u00f1o. Debe ser capaz de soportar el peso m\u00e1ximo de los materiales que se mueven. Los ingenieros deben evaluar el peso y las condiciones de funcionamiento del cilindro, asegur\u00e1ndose de que pueda soportar cargas m\u00e1ximas sin fallas. Los c\u00e1lculos y factores de seguridad adecuados son esenciales en el proceso de dise\u00f1o para garantizar la fiabilidad y la seguridad de la maquinaria.<\/p>\n<h3>Integridad del sellado<\/h3>\n<p>El sellado es otro aspecto vital del dise\u00f1o del cilindro de la pluma. Los sellos de alta calidad evitan fugas de fluido hidr\u00e1ulico, que pueden causar problemas de rendimiento y da\u00f1os. El uso de materiales de sellado duraderos, como poliuretano y caucho de nitrilo, garantiza que los sellos resistan las presiones y la fricci\u00f3n asociadas con las operaciones hidr\u00e1ulicas. Un sistema de sellado bien dise\u00f1ado prolonga la vida \u00fatil del cilindro y reduce la frecuencia de las intervenciones de mantenimiento.<\/p>\n<h3>Durabilidad<\/h3>\n<p>La durabilidad es fundamental en el dise\u00f1o de los cilindros de las plumas. Los materiales utilizados deben resistir el desgaste y la corrosi\u00f3n causados \u200b\u200bpor factores ambientales y por el propio fluido hidr\u00e1ulico. Los fabricantes suelen someter estos cilindros a rigurosas pruebas para simular condiciones reales, garantizando as\u00ed su resistencia al uso prolongado sin una degradaci\u00f3n significativa.<\/p>\n<h3>Caracter\u00edsticas de seguridad<\/h3>\n<p>Las caracter\u00edsticas de seguridad son fundamentales para el dise\u00f1o de los cilindros de la pluma. Esto incluye mecanismos para evitar la sobreextensi\u00f3n y la sobrecarga, que pueden provocar fallos catastr\u00f3ficos. Los fabricantes deben implementar protocolos y normas de seguridad para proteger a los operadores y al equipo durante la operaci\u00f3n.<\/p>\n<h3>Mantenimiento y capacidad de servicio<\/h3>\n<p>Dise\u00f1ar los cilindros de la pluma teniendo en cuenta el mantenimiento es esencial para garantizar su funcionalidad a largo plazo. Caracter\u00edsticas como engrasadores de f\u00e1cil acceso, sellos reemplazables y componentes estandarizados facilitan las inspecciones y reparaciones rutinarias. Un cilindro bien dise\u00f1ado facilita el mantenimiento, reduce el tiempo de inactividad y aumenta la productividad.<\/p>\n<p><img decoding=\"async\" src=\"https:\/\/www.hydraulic-cylinders.net\/wp-content\/uploads\/2025\/04\/songte-oil-pipes-and-spare-parts.webp\" alt=\"Imagen de piezas hidr\u00e1ulicas\" \/><\/p>\n<h2>Sellado y lubricaci\u00f3n<\/h2>\n<p>Un sellado y una lubricaci\u00f3n eficaces son fundamentales para el rendimiento de los cilindros de la pluma. Se emplean diversos componentes de sellado, como sellos de pist\u00f3n y de v\u00e1stago, para evitar fugas de fluido hidr\u00e1ulico. Los materiales seleccionados para estos sellos, como el poliuretano y el caucho de nitrilo, son conocidos por su resistencia al desgaste y durabilidad. El cuerpo del cilindro y las superficies roscadas de los extremos reciben un tratamiento fino para mejorar la resistencia al desgaste. La lubricaci\u00f3n regular con el aceite hidr\u00e1ulico adecuado es esencial para mantener un rendimiento \u00f3ptimo y evitar un desgaste excesivo con el tiempo.<\/p>\n<h2>Medidas de mantenimiento preventivo<\/h2>\n<ul>\n<li><strong>Inspecciones regulares:<\/strong> Las revisiones peri\u00f3dicas del cilindro para detectar fugas, da\u00f1os y desgaste son esenciales para garantizar su funcionamiento eficiente y seguro. Los operadores deben recibir capacitaci\u00f3n para identificar tempranamente posibles problemas.<\/li>\n<li><strong>Lubricaci\u00f3n adecuada:<\/strong> Asegurarse de que el cilindro se lubrique regularmente con el aceite hidr\u00e1ulico adecuado es crucial para mantener su funcionalidad. Los operadores deben seguir un programa de lubricaci\u00f3n basado en el uso y las recomendaciones del fabricante.<\/li>\n<li><strong>Reemplazos de sellos:<\/strong> Con el tiempo, los sellos pueden desgastarse y requerir reemplazo. Revisar regularmente su estado y reemplazarlos cuando sea necesario puede prevenir fugas y fallas operativas.<\/li>\n<\/ul>\n<h2>Instrucciones de instalaci\u00f3n<\/h2>\n<p>La correcta instalaci\u00f3n de los cilindros de la pluma es esencial para un rendimiento \u00f3ptimo. Comience por verificar que el cilindro sea compatible con el modelo espec\u00edfico del equipo. Alinee el cilindro correctamente con los puntos de montaje, utilizando los soportes de instalaci\u00f3n adecuados para fijarlo firmemente. Preste atenci\u00f3n a las conexiones hidr\u00e1ulicas, asegur\u00e1ndose de que est\u00e9n bien apretadas y sin fugas. Antes de operar la maquinaria, realice una prueba de funcionamiento para verificar que el cilindro funcione suavemente, sin ruidos ni resistencia inusuales. Seguir estas pautas ayuda a prevenir el desgaste prematuro y las fallas, garantizando as\u00ed la longevidad del componente.<\/p>\n<h2>Tareas comunes de mantenimiento<\/h2>\n<ul>\n<li><strong>Inspecciones regulares:<\/strong> Realizar inspecciones exhaustivas a intervalos programados para verificar si hay signos de desgaste, da\u00f1os o fugas es crucial para mantener la funcionalidad del cilindro de la pluma.<\/li>\n<li><strong>Lubricaci\u00f3n adecuada:<\/strong> Aseg\u00farese de que el cilindro hidr\u00e1ulico est\u00e9 adecuadamente lubricado con el tipo correcto de aceite hidr\u00e1ulico, lo cual es vital para un funcionamiento suave y una larga duraci\u00f3n.<\/li>\n<li><strong>Reemplazo del sello:<\/strong> El reemplazo oportuno de los sellos es esencial para prevenir fugas y garantizar el funcionamiento eficiente del cilindro de la pluma. Los operadores deben estar atentos a las se\u00f1ales que indican que es necesario reemplazar los sellos.<\/li>\n<\/ul>\n<h2>Consideraciones de seguridad y factores ambientales<\/h2>\n<p>Al utilizar cilindros de pluma, las medidas de seguridad son fundamentales. Los operadores deben recibir capacitaci\u00f3n sobre los procedimientos correctos para el manejo de equipos hidr\u00e1ulicos, incluyendo la comprensi\u00f3n de los riesgos asociados con los sistemas de alta presi\u00f3n. Se debe usar equipo de seguridad adecuado y la maquinaria debe operarse seg\u00fan las instrucciones del fabricante para prevenir accidentes. Factores ambientales, como la exposici\u00f3n a condiciones clim\u00e1ticas adversas, tambi\u00e9n pueden afectar el rendimiento y la vida \u00fatil de los cilindros de pluma, por lo que es fundamental considerar medidas de protecci\u00f3n durante la operaci\u00f3n.<\/p>\n<h2>Soluci\u00f3n de problemas y problemas comunes<\/h2>\n<ul>\n<li><strong>P\u00e9rdida de potencia:<\/strong> Si el cilindro de la pluma presenta p\u00e9rdida de potencia operativa, podr\u00eda deberse a niveles bajos de fluido hidr\u00e1ulico o a fugas en el sistema. Revise los niveles de fluido e inspeccione si hay fugas visibles.<\/li>\n<li><strong>Ruidos inusuales:<\/strong> Ruidos como chirridos o golpes pueden indicar desgaste o da\u00f1os en los componentes internos. Detenga la operaci\u00f3n inmediatamente e inspeccione el cilindro para detectar cualquier signo de da\u00f1o.<\/li>\n<li><strong>Movimiento inconsistente:<\/strong> Si el cilindro de la pluma no se extiende ni se retrae con suavidad, puede deberse a una obstrucci\u00f3n o a la presencia de aire en el sistema hidr\u00e1ulico. Purgue el sistema y elimine cualquier obstrucci\u00f3n para restablecer el funcionamiento.<\/li>\n<\/ul>\n<h2>Consejos para la soluci\u00f3n de problemas<\/h2>\n<p>Para solucionar eficazmente los problemas con los cilindros de la pluma, los operadores deben mantener un registro detallado del rendimiento y de cualquier anomal\u00eda. La capacitaci\u00f3n peri\u00f3dica sobre problemas comunes y sus soluciones permite a los operadores abordar problemas menores antes de que se agraven. Implementar un programa de mantenimiento preventivo reduce la posibilidad de fallos y prolonga la vida \u00fatil del equipo. La comunicaci\u00f3n regular con el fabricante o proveedor tambi\u00e9n puede proporcionar informaci\u00f3n valiosa para mantener un rendimiento \u00f3ptimo.<\/p>\n<p><img decoding=\"async\" src=\"https:\/\/www.hydraulic-cylinders.net\/wp-content\/uploads\/2025\/04\/songte-bushings-with-all-kinds-of-excavator-models.webp\" alt=\"Imagen de bujes de excavadora\" \/><\/p>\n<h2>Acerca de nuestra empresa<\/h2>\n<p>Somos un fabricante l\u00edder de cilindros hidr\u00e1ulicos, especializado en la producci\u00f3n de cilindros de repuesto de alta calidad para diversas aplicaciones. Con una amplia gama de productos, nos hemos consolidado como uno de los principales fabricantes y mayoristas tanto en el mercado nacional como en el internacional. Nuestro compromiso con la excelencia se refleja en nuestras refinadas estrategias de gesti\u00f3n de la producci\u00f3n, respaldadas por tecnolog\u00eda de fabricaci\u00f3n avanzada y un equipo humano cualificado. Mejoramos continuamente nuestra capacidad de producci\u00f3n y garantizamos que cada producto cumpla con los m\u00e1s altos est\u00e1ndares de calidad y rendimiento.<\/p>\n<p><img decoding=\"async\" src=\"https:\/\/www.hydraulic-cylinders.net\/wp-content\/uploads\/2025\/04\/songte-company-4.webp\" alt=\"Imagen de la empresa 1\" \/><br \/>\n<img decoding=\"async\" src=\"https:\/\/www.hydraulic-cylinders.net\/wp-content\/uploads\/2025\/04\/songte-company-3.webp\" alt=\"Imagen de la empresa 2\" \/><\/p>\n<p>Nuestra dedicaci\u00f3n al profesionalismo se refleja en nuestras certificaciones internacionales, servicios personalizados, equipos de producci\u00f3n de vanguardia y un excepcional servicio posventa. Nos esforzamos por satisfacer las diversas necesidades de nuestros clientes, priorizando la calidad y la eficiencia.<\/p>\n<p>Autor: lyl<\/p>","protected":false},"excerpt":{"rendered":"<p>Boom Cylinder For Zoomlion Middle Excavator ZE210E Introduction to Boom Cylinders The Boom Cylinder is a crucial hydraulic component designed specifically for heavy machinery such as excavators, backhoe loaders, and front loaders. It controls the movement of the bucket, allowing it to lift, lower, and tilt, which is essential for various material handling tasks. The [&hellip;]<\/p>","protected":false},"featured_media":17872,"comment_status":"open","ping_status":"closed","template":"","meta":{"_et_pb_use_builder":"","_et_pb_old_content":"","_et_gb_content_width":""},"product_brand":[],"product_cat":[1546],"product_tag":[1547,1496],"class_list":{"0":"post-19216","1":"product","2":"type-product","3":"status-publish","4":"has-post-thumbnail","6":"product_cat-boom-cylinders","7":"product_tag-boom-cylinders","8":"product_tag-hydraulic-cylinders","10":"first","11":"instock","12":"shipping-taxable","13":"product-type-simple"},"amp_enabled":true,"_links":{"self":[{"href":"https:\/\/www.hydraulic-cylinders.net\/es\/wp-json\/wp\/v2\/product\/19216","targetHints":{"allow":["GET"]}}],"collection":[{"href":"https:\/\/www.hydraulic-cylinders.net\/es\/wp-json\/wp\/v2\/product"}],"about":[{"href":"https:\/\/www.hydraulic-cylinders.net\/es\/wp-json\/wp\/v2\/types\/product"}],"replies":[{"embeddable":true,"href":"https:\/\/www.hydraulic-cylinders.net\/es\/wp-json\/wp\/v2\/comments?post=19216"}],"wp:featuredmedia":[{"embeddable":true,"href":"https:\/\/www.hydraulic-cylinders.net\/es\/wp-json\/wp\/v2\/media\/17872"}],"wp:attachment":[{"href":"https:\/\/www.hydraulic-cylinders.net\/es\/wp-json\/wp\/v2\/media?parent=19216"}],"wp:term":[{"taxonomy":"product_brand","embeddable":true,"href":"https:\/\/www.hydraulic-cylinders.net\/es\/wp-json\/wp\/v2\/product_brand?post=19216"},{"taxonomy":"product_cat","embeddable":true,"href":"https:\/\/www.hydraulic-cylinders.net\/es\/wp-json\/wp\/v2\/product_cat?post=19216"},{"taxonomy":"product_tag","embeddable":true,"href":"https:\/\/www.hydraulic-cylinders.net\/es\/wp-json\/wp\/v2\/product_tag?post=19216"}],"curies":[{"name":"wp","href":"https:\/\/api.w.org\/{rel}","templated":true}]}}