{"id":19218,"date":"2025-04-07T06:18:39","date_gmt":"2025-04-07T06:18:39","guid":{"rendered":"https:\/\/www.hydraulic-cylinders.net\/product\/boom-cylinder-for-zoomlion-middle-excavator-ze230elr\/"},"modified":"2025-04-07T06:18:41","modified_gmt":"2025-04-07T06:18:41","slug":"boom-cylinder-for-zoomlion-middle-excavator-ze230elr","status":"publish","type":"product","link":"https:\/\/www.hydraulic-cylinders.net\/es\/producto\/boom-cylinder-for-zoomlion-middle-excavator-ze230elr\/","title":{"rendered":"Cilindro de pluma para excavadora mediana Zoomlion ZE230ELR"},"content":{"rendered":"<h1>Cilindro de pluma para excavadora mediana Zoomlion ZE230ELR<\/h1>\n<h2>Introducci\u00f3n al cilindro de pluma<\/h2>\n<p>El cilindro de la pluma es un componente crucial dise\u00f1ado espec\u00edficamente para maquinaria pesada, en particular para la excavadora mediana Zoomlion ZE230ELR. Este cilindro hidr\u00e1ulico desempe\u00f1a un papel esencial en el control del movimiento de la pluma de la excavadora, permiti\u00e9ndole elevarla, descenderla e inclinarla con eficacia. Como cilindro hidr\u00e1ulico, utiliza fluido hidr\u00e1ulico a presi\u00f3n para generar movimiento y fuerza, lo que lo hace indispensable en diversas tareas de manipulaci\u00f3n de materiales.<\/p>\n<p>El cilindro del cuchar\u00f3n, al igual que el cilindro de la pluma, es fundamental para los sistemas hidr\u00e1ulicos de excavadoras, retroexcavadoras y cargadoras frontales. Este tipo de cilindro hidr\u00e1ulico est\u00e1 dise\u00f1ado para controlar los movimientos din\u00e1micos del cuchar\u00f3n de la excavadora, garantizando que realice acciones como excavar, levantar y descargar con precisi\u00f3n y eficacia. El dise\u00f1o de estos cilindros les permite soportar las considerables fuerzas que se producen durante el funcionamiento, contribuyendo as\u00ed a la eficiencia y productividad generales de la maquinaria de construcci\u00f3n y de servicio pesado.<\/p>\n<p><img decoding=\"async\" src=\"https:\/\/www.hydraulic-cylinders.net\/wp-content\/uploads\/2025\/04\/songte-company-1.webp\" alt=\"Imagen del cilindro de la pluma\"><\/p>\n<h2>Caracter\u00edsticas del cilindro de la pluma<\/h2>\n<ul>\n<li><strong>Alta resistencia y durabilidad:<\/strong> Fabricado en acero o aluminio de alta resistencia, el cilindro de la pluma est\u00e1 dise\u00f1ado para soportar altas presiones y cargas pesadas. Su dise\u00f1o contempla la resistencia al desgaste y la protecci\u00f3n contra la corrosi\u00f3n, lo que prolonga su vida \u00fatil.<\/li>\n<li><strong>Operaci\u00f3n hidr\u00e1ulica eficiente:<\/strong> El cilindro utiliza la presi\u00f3n del fluido hidr\u00e1ulico para permitir movimientos suaves de extensi\u00f3n y retracci\u00f3n. Responde r\u00e1pidamente a las \u00f3rdenes del operador, proporcionando una fuerza de empuje y tracci\u00f3n considerable, lo que lo hace id\u00f3neo para realizar tareas pesadas y complejas.<\/li>\n<li><strong>Diversos tipos:<\/strong> El cilindro de la pluma est\u00e1 disponible en varias configuraciones, incluyendo modelos de simple efecto (que funcionan en una direcci\u00f3n) o de doble efecto (que funcionan en ambas direcciones). Algunas versiones son telesc\u00f3picas, lo que permite una mayor extensi\u00f3n sin aumentar las dimensiones externas, ideal para espacios reducidos.<\/li>\n<\/ul>\n<p>Nuestra empresa se especializa en la fabricaci\u00f3n de este producto, ofreciendo alternativas perfectas a los cilindros hidr\u00e1ulicos existentes.<\/p>\n<p><img decoding=\"async\" src=\"https:\/\/www.hydraulic-cylinders.net\/wp-content\/uploads\/2025\/04\/songte-cylinder-head-with-all-kinds-excavator-models.webp\" alt=\"Imagen de modelos de excavadoras\"><\/p>\n<h2>Aplicaciones del cilindro de la pluma<\/h2>\n<h3>Equipos de construcci\u00f3n<\/h3>\n<p>En la maquinaria de construcci\u00f3n, el cilindro de la pluma es fundamental para las excavadoras, ya que facilita la excavaci\u00f3n, la carga y el transporte de tierra o escombros. El funcionamiento eficiente de la pluma permite a los operadores completar las tareas con mayor rapidez y precisi\u00f3n, lo que aumenta la productividad general en las obras. En las retroexcavadoras, el cilindro de la pluma contribuye tanto a las tareas de excavaci\u00f3n como de elevaci\u00f3n, demostrando su versatilidad y eficacia en diversos proyectos.<\/p>\n<h3>Maquinaria agr\u00edcola<\/h3>\n<p>En las cargadoras frontales, los cilindros de la pluma se utilizan para recoger, levantar y transportar materiales como tierra, heno y otros productos agr\u00edcolas. Su dise\u00f1o robusto les permite operar en condiciones dif\u00edciles, lo que garantiza que tareas como la preparaci\u00f3n del terreno y el transporte de materiales se realicen de manera eficiente.<\/p>\n<h3>excavadoras<\/h3>\n<p>En las excavadoras tradicionales, el cilindro de la pluma permite que el cuchar\u00f3n penetre eficazmente en el terreno, facilitando la excavaci\u00f3n. Esta funcionalidad es crucial en diversas aplicaciones, como el paisajismo, la excavaci\u00f3n de cimientos y la preparaci\u00f3n de terrenos, donde la precisi\u00f3n y la resistencia son fundamentales.<\/p>\n<h3>Cargadores<\/h3>\n<p>En las cargadoras frontales, los cilindros de la pluma facilitan la elevaci\u00f3n y descarga eficiente de cargas. Su capacidad para proporcionar una fuerza de elevaci\u00f3n considerable simplifica el proceso de movimiento de materiales, lo que se traduce en una mejora del flujo de trabajo y una mayor eficiencia operativa en tareas de construcci\u00f3n y jardiner\u00eda.<\/p>\n<h2>Consideraciones de dise\u00f1o y criterios de selecci\u00f3n<\/h2>\n<h3>Capacidad de carga<\/h3>\n<p>La capacidad de carga del cilindro de la pluma es un aspecto fundamental del dise\u00f1o. Debe estar dise\u00f1ado para soportar las cargas m\u00e1ximas previstas, garantizando la seguridad y la fiabilidad. La selecci\u00f3n de materiales, la geometr\u00eda del dise\u00f1o y la construcci\u00f3n general deben reflejar el uso previsto y la resistencia requerida, asegurando que el cilindro funcione eficazmente en diversas condiciones.<\/p>\n<h3>Caza de focas<\/h3>\n<p>Un sellado eficaz es fundamental para mantener la presi\u00f3n hidr\u00e1ulica y evitar fugas de fluido. El dise\u00f1o debe incluir juntas de alta calidad que soporten las presiones de funcionamiento y las condiciones ambientales. Es necesario realizar inspecciones y mantenimiento peri\u00f3dicos de estas juntas para garantizar un rendimiento \u00f3ptimo y una larga vida \u00fatil del cilindro.<\/p>\n<h3>Durabilidad<\/h3>\n<p>La durabilidad es un aspecto fundamental del dise\u00f1o del cilindro de la pluma. Debe ser resistente al desgaste y la corrosi\u00f3n, sobre todo cuando se utiliza en entornos exigentes. La elecci\u00f3n de los materiales y los recubrimientos protectores desempe\u00f1a un papel importante en la prolongaci\u00f3n de la vida \u00fatil del cilindro y la reducci\u00f3n de los costes de mantenimiento.<\/p>\n<h3>Seguridad<\/h3>\n<p>La seguridad es primordial en el dise\u00f1o del cilindro de la pluma. Los ingenieros deben considerar los posibles modos de fallo e incorporar medidas de seguridad para mitigar los riesgos. Las directrices de mantenimiento adecuadas y la formaci\u00f3n de los usuarios tambi\u00e9n son esenciales para garantizar un funcionamiento seguro, ayudando a prevenir accidentes y da\u00f1os en el equipo.<\/p>\n<h3>Mantenibilidad<\/h3>\n<p>Las consideraciones de dise\u00f1o tambi\u00e9n deben centrarse en la facilidad de mantenimiento del cilindro de la pluma. Esto incluye la facilidad de acceso para inspecciones, mantenimiento y reparaciones. Un dise\u00f1o que facilite la sustituci\u00f3n de las piezas desgastadas puede reducir significativamente el tiempo de inactividad y mejorar la eficiencia de las operaciones.<\/p>\n<p><img decoding=\"async\" src=\"https:\/\/www.hydraulic-cylinders.net\/wp-content\/uploads\/2025\/04\/songte-oil-pipes-and-spare-parts.webp\" alt=\"Imagen de piezas hidr\u00e1ulicas\"><\/p>\n<h2>Sellado y lubricaci\u00f3n<\/h2>\n<p>Un sellado y lubricaci\u00f3n eficaces son cruciales para el rendimiento del cilindro de la pluma. Se emplean diversos elementos de sellado, como juntas de pist\u00f3n y de v\u00e1stago, para evitar fugas de fluido hidr\u00e1ulico. Se prefieren juntas fabricadas con materiales duraderos como poliuretano y caucho de nitrilo debido a su excelente resistencia al desgaste. Las superficies del cuerpo del cilindro y los extremos roscados se someten a un mecanizado de precisi\u00f3n para mejorar su durabilidad.<\/p>\n<p>Adem\u00e1s, la lubricaci\u00f3n peri\u00f3dica con aceite hidr\u00e1ulico es esencial para garantizar un funcionamiento suave y minimizar el desgaste. Los operadores deben recibir capacitaci\u00f3n sobre la importancia de mantener los niveles de aceite adecuados y utilizar los tipos de fluidos hidr\u00e1ulicos apropiados para un rendimiento \u00f3ptimo de los cilindros.<\/p>\n<h2>Inspecci\u00f3n peri\u00f3dica y medidas de mantenimiento preventivo<\/h2>\n<ul>\n<li><strong>Inspecciones regulares:<\/strong> Realice inspecciones rutinarias del cilindro de la pluma para detectar signos de desgaste, fugas o da\u00f1os. Se deben tomar medidas inmediatas para solucionar cualquier problema detectado durante las inspecciones y evitar da\u00f1os mayores.<\/li>\n<li><strong>Lubricaci\u00f3n adecuada:<\/strong> Aseg\u00farese de que el sistema hidr\u00e1ulico est\u00e9 adecuadamente lubricado seg\u00fan las especificaciones del fabricante. Esto implica revisar los niveles de aceite y reemplazar los fluidos seg\u00fan sea necesario para mantener el rendimiento.<\/li>\n<li><strong>Reemplazo del sello:<\/strong> Controle el desgaste de las juntas y reempl\u00e1celas cuando sea necesario para evitar fugas de fluido hidr\u00e1ulico. Las revisiones peri\u00f3dicas de las juntas son fundamentales para mantener la integridad del sistema hidr\u00e1ulico.<\/li>\n<\/ul>\n<h2>Gu\u00eda de instalaci\u00f3n adecuada<\/h2>\n<p>La correcta instalaci\u00f3n del cilindro de la pluma es fundamental para garantizar su funcionamiento y durabilidad. Comience alineando cuidadosamente el cilindro con los puntos de montaje, asegur\u00e1ndose de que est\u00e9 correctamente sujeto por los soportes adecuados. Una alineaci\u00f3n incorrecta puede provocar un desgaste prematuro e incluso la aver\u00eda del cilindro.<\/p>\n<p>Durante la instalaci\u00f3n, es fundamental seguir las instrucciones del fabricante, incluyendo las especificaciones de torque para pernos y conexiones. Una vez instalado, realice una inspecci\u00f3n minuciosa para verificar que todos los componentes est\u00e9n seguros y correctamente alineados. Despu\u00e9s de la instalaci\u00f3n, el sistema hidr\u00e1ulico debe llenarse con el aceite recomendado y purgarse del aire para garantizar un funcionamiento \u00f3ptimo.<\/p>\n<h2>Tareas comunes de mantenimiento<\/h2>\n<ul>\n<li><strong>Inspecciones regulares:<\/strong> Realizar revisiones peri\u00f3dicas permite a los operadores identificar posibles problemas antes de que se agraven. Inspeccione las tuber\u00edas hidr\u00e1ulicas, los sellos y las conexiones para detectar cualquier signo de desgaste o da\u00f1o.<\/li>\n<li><strong>Lubricaci\u00f3n adecuada:<\/strong> Mantener una lubricaci\u00f3n adecuada es fundamental para el correcto funcionamiento del cilindro de la pluma. Utilice el tipo correcto de aceite hidr\u00e1ulico y aseg\u00farese de que los niveles sean suficientes.<\/li>\n<li><strong>Reemplazo de sellos y controles de calibraci\u00f3n:<\/strong> Revise peri\u00f3dicamente las juntas para detectar desgaste y reempl\u00e1celas cuando sea necesario. Adem\u00e1s, las comprobaciones de calibraci\u00f3n garantizan que el cilindro funcione dentro de sus par\u00e1metros especificados, evitando desalineaciones e ineficiencias operativas.<\/li>\n<\/ul>\n<p>Durante la instalaci\u00f3n, es fundamental alinear correctamente el cilindro. Se recomienda utilizar soportes de instalaci\u00f3n adecuados para fijarlo firmemente. El uso del par de apriete correcto durante la instalaci\u00f3n tambi\u00e9n contribuye al buen funcionamiento del cilindro a largo plazo. El mantenimiento peri\u00f3dico, que incluye inspecciones y reparaciones oportunas, es esencial para prolongar la vida \u00fatil del cilindro de la pluma.<\/p>\n<p><img decoding=\"async\" src=\"https:\/\/www.hydraulic-cylinders.net\/wp-content\/uploads\/2025\/04\/songte-chushion-collar.webp\" alt=\"Imagen de cuello de coj\u00edn\"><\/p>\n<h2>Consideraciones de seguridad y factores ambientales<\/h2>\n<p>Al utilizar el cilindro de la pluma, las medidas de seguridad son primordiales. Los operadores deben recibir capacitaci\u00f3n sobre las t\u00e9cnicas de manejo adecuadas para minimizar el riesgo de accidentes. La implementaci\u00f3n de protocolos de seguridad, como el uso de equipo de protecci\u00f3n y el cumplimiento de las directrices operativas, es esencial para prevenir lesiones durante el funcionamiento.<\/p>\n<h2>Soluci\u00f3n de problemas y problemas comunes<\/h2>\n<ul>\n<li><strong>Fuga de fluidos:<\/strong> Si se detectan fugas de l\u00edquido hidr\u00e1ulico, revise las juntas y las conexiones para comprobar si hay desgaste. Sustituya los componentes da\u00f1ados para restablecer el funcionamiento.<\/li>\n<li><strong>Rendimiento deficiente:<\/strong> Si el cilindro de la pluma no responde correctamente, compruebe si hay aire en el sistema hidr\u00e1ulico o si el nivel de l\u00edquido es insuficiente. Purgue el sistema y rellene el l\u00edquido seg\u00fan sea necesario.<\/li>\n<li><strong>Funcionamiento ruidoso:<\/strong> Los ruidos inusuales pueden indicar desgaste interno o lubricaci\u00f3n insuficiente. El mantenimiento y la lubricaci\u00f3n regulares pueden ayudar a mitigar estos problemas.<\/li>\n<\/ul>\n<p>Para diagnosticar y solucionar eficazmente los problemas del cilindro de la pluma, los operadores deben llevar un registro del rendimiento y de cualquier anomal\u00eda. Esta documentaci\u00f3n puede ayudar a solucionar problemas y proporcionar informaci\u00f3n para tomar medidas preventivas que minimicen problemas futuros.<\/p>\n<p><img decoding=\"async\" src=\"https:\/\/www.hydraulic-cylinders.net\/wp-content\/uploads\/2025\/04\/songte-bushings-with-all-kinds-of-excavator-models.webp\" alt=\"Imagen de bujes\"><\/p>\n<h2>Acerca de nuestra empresa<\/h2>\n<p>Somos un fabricante y mayorista l\u00edder de cilindros hidr\u00e1ulicos de repuesto, reconocido tanto en el mercado nacional como internacional. Nuestra gama de productos es extensa y priorizamos la excelencia en la calidad. Gracias a nuestros talleres de fabricaci\u00f3n de vanguardia y a nuestras estrategias de gesti\u00f3n de producci\u00f3n industrial, mejoramos continuamente nuestras plataformas de fabricaci\u00f3n.<\/p>\n<p>Con un enfoque en el avance tecnol\u00f3gico, utilizamos equipos de fabricaci\u00f3n de alta gama y sistemas de prueba especializados para mejorar la calidad de la producci\u00f3n. Nuestra s\u00f3lida capacidad de innovaci\u00f3n nos permite satisfacer las diversas necesidades de nuestros clientes, garantizando alta eficiencia, precisi\u00f3n y calidad en nuestros productos.<\/p>\n<p>Nuestro compromiso con la profesionalidad, las certificaciones internacionales, los servicios personalizados, los equipos de producci\u00f3n avanzados y el servicio postventa consolidan a\u00fan m\u00e1s nuestra reputaci\u00f3n en el sector.<\/p>\n<p><img decoding=\"async\" src=\"https:\/\/www.hydraulic-cylinders.net\/wp-content\/uploads\/2025\/04\/songte-company-4.webp\" alt=\"Imagen de la empresa 1\"><br \/>\n<img decoding=\"async\" src=\"https:\/\/www.hydraulic-cylinders.net\/wp-content\/uploads\/2025\/04\/songte-company-3.webp\" alt=\"Imagen de la empresa 2\"><\/p>\n<p>Autor: lyl<\/p>","protected":false},"excerpt":{"rendered":"<p>Boom Cylinder For Zoomlion Middle Excavator ZE230ELR Introduction to the Boom Cylinder The Boom Cylinder is a crucial component specifically designed for heavy machinery, particularly the Zoomlion Middle Excavator ZE230ELR. This hydraulic cylinder plays an essential role in controlling the movement of the excavator&#8217;s boom, enabling it to lift, lower, and tilt effectively. As a [&hellip;]<\/p>","protected":false},"featured_media":17874,"comment_status":"open","ping_status":"closed","template":"","meta":{"_et_pb_use_builder":"","_et_pb_old_content":"","_et_gb_content_width":""},"product_brand":[],"product_cat":[1546],"product_tag":[1547,1496],"class_list":{"0":"post-19218","1":"product","2":"type-product","3":"status-publish","4":"has-post-thumbnail","6":"product_cat-boom-cylinders","7":"product_tag-boom-cylinders","8":"product_tag-hydraulic-cylinders","10":"first","11":"instock","12":"shipping-taxable","13":"product-type-simple"},"amp_enabled":true,"_links":{"self":[{"href":"https:\/\/www.hydraulic-cylinders.net\/es\/wp-json\/wp\/v2\/product\/19218","targetHints":{"allow":["GET"]}}],"collection":[{"href":"https:\/\/www.hydraulic-cylinders.net\/es\/wp-json\/wp\/v2\/product"}],"about":[{"href":"https:\/\/www.hydraulic-cylinders.net\/es\/wp-json\/wp\/v2\/types\/product"}],"replies":[{"embeddable":true,"href":"https:\/\/www.hydraulic-cylinders.net\/es\/wp-json\/wp\/v2\/comments?post=19218"}],"wp:featuredmedia":[{"embeddable":true,"href":"https:\/\/www.hydraulic-cylinders.net\/es\/wp-json\/wp\/v2\/media\/17874"}],"wp:attachment":[{"href":"https:\/\/www.hydraulic-cylinders.net\/es\/wp-json\/wp\/v2\/media?parent=19218"}],"wp:term":[{"taxonomy":"product_brand","embeddable":true,"href":"https:\/\/www.hydraulic-cylinders.net\/es\/wp-json\/wp\/v2\/product_brand?post=19218"},{"taxonomy":"product_cat","embeddable":true,"href":"https:\/\/www.hydraulic-cylinders.net\/es\/wp-json\/wp\/v2\/product_cat?post=19218"},{"taxonomy":"product_tag","embeddable":true,"href":"https:\/\/www.hydraulic-cylinders.net\/es\/wp-json\/wp\/v2\/product_tag?post=19218"}],"curies":[{"name":"wp","href":"https:\/\/api.w.org\/{rel}","templated":true}]}}