{"id":19222,"date":"2025-04-07T06:18:48","date_gmt":"2025-04-07T06:18:48","guid":{"rendered":"https:\/\/www.hydraulic-cylinders.net\/product\/boom-cylinder-for-zoomlion-middle-excavator-ze230e\/"},"modified":"2025-04-07T06:18:50","modified_gmt":"2025-04-07T06:18:50","slug":"boom-cylinder-for-zoomlion-middle-excavator-ze230e","status":"publish","type":"product","link":"https:\/\/www.hydraulic-cylinders.net\/es\/producto\/boom-cylinder-for-zoomlion-middle-excavator-ze230e\/","title":{"rendered":"Cilindro de pluma para excavadora intermedia Zoomlion ZE230E"},"content":{"rendered":"<h1>Cilindro de pluma para excavadora intermedia Zoomlion ZE230E<\/h1>\n<h2>Descripci\u00f3n general del producto<\/h2>\n<p>El cilindro de la pluma es un componente fundamental en los sistemas hidr\u00e1ulicos de maquinaria pesada, dise\u00f1ado espec\u00edficamente para controlar el movimiento de los cucharones en diversos equipos, como excavadoras, retroexcavadoras y cargadoras frontales. Este cilindro hidr\u00e1ulico permite que el cuchar\u00f3n se eleve, baje e incline, facilitando la manipulaci\u00f3n eficiente de materiales. En esencia, el cilindro de la pluma act\u00faa como motor principal, permitiendo a los operadores maniobrar cargas pesadas con precisi\u00f3n, lo que contribuye significativamente a la productividad y la eficacia de las operaciones de construcci\u00f3n.<\/p>\n<p><img decoding=\"async\" src=\"https:\/\/www.hydraulic-cylinders.net\/wp-content\/uploads\/2025\/04\/songte-company-1.webp\" alt=\"Imagen del cilindro de la pluma\" \/><\/p>\n<h2>Caracter\u00edsticas principales del cilindro de la pluma<\/h2>\n<ul>\n<li><strong>Alta resistencia y durabilidad:<\/strong> Fabricado en acero o aluminio de alta resistencia, el cilindro de la pluma est\u00e1 dise\u00f1ado para soportar alta presi\u00f3n y cargas pesadas, lo que lo hace ideal para entornos de trabajo exigentes. Su dise\u00f1o incorpora propiedades resistentes al desgaste y a la corrosi\u00f3n para prolongar su vida \u00fatil.<\/li>\n<li><strong>Operaci\u00f3n hidr\u00e1ulica eficiente:<\/strong> Gracias a la presi\u00f3n del aceite hidr\u00e1ulico, el cilindro de la pluma permite una extensi\u00f3n y retracci\u00f3n suaves, lo que permite una respuesta r\u00e1pida a las \u00f3rdenes del operador. Esta capacidad proporciona una potente fuerza de empuje y tracci\u00f3n, ideal para manipular materiales pesados \u200b\u200by tareas complejas.<\/li>\n<li><strong>Diversos tipos:<\/strong> Seg\u00fan las necesidades operativas, el cilindro de la pluma puede seleccionarse como modelo de simple efecto (presi\u00f3n hidr\u00e1ulica aplicada en una direcci\u00f3n) o de doble efecto (presi\u00f3n hidr\u00e1ulica aplicada en ambas direcciones). Algunos modelos incluso cuentan con un dise\u00f1o telesc\u00f3pico, lo que permite una mayor extensi\u00f3n sin aumentar las dimensiones externas, ideal para aplicaciones con espacio limitado.<\/li>\n<li><strong>Capacidades de fabricaci\u00f3n personalizada:<\/strong> Nos especializamos en la producci\u00f3n de este producto, asegurando que nuestros cilindros puedan reemplazar perfectamente los cilindros hidr\u00e1ulicos existentes en diversas maquinarias.<\/li>\n<\/ul>\n<p><img decoding=\"async\" src=\"https:\/\/www.hydraulic-cylinders.net\/wp-content\/uploads\/2025\/04\/songte-cylinder-head-with-all-kinds-excavator-models.webp\" alt=\"Modelos de cilindros de excavadora\" \/><\/p>\n<h2>Aplicaciones del cilindro de la pluma<\/h2>\n<h3>Equipos de construcci\u00f3n<\/h3>\n<p>En las excavadoras, los cilindros de la pluma son vitales para excavar, cargar y mover tierra o escombros. Proporcionan la fuerza hidr\u00e1ulica necesaria para controlar el movimiento del cuchar\u00f3n, lo que permite a los operadores realizar las tareas con eficiencia. En las retroexcavadoras, el cilindro del cuchar\u00f3n facilita tanto las operaciones de excavaci\u00f3n como de elevaci\u00f3n, lo que lo convierte en un componente vers\u00e1til que mejora la funcionalidad general de la m\u00e1quina.<\/p>\n<h3>Maquinaria agr\u00edcola<\/h3>\n<p>En las cargadoras frontales, los cilindros de la pluma son responsables de recoger, levantar y transportar tierra, heno y otros materiales. Su capacidad para operar eficazmente en diversas tareas agr\u00edcolas los hace indispensables en operaciones agr\u00edcolas donde el movimiento de materiales es una funci\u00f3n principal.<\/p>\n<h3>excavadoras<\/h3>\n<p>El cilindro de la pluma permite a las excavadoras penetrar el suelo con eficacia, facilitando as\u00ed la excavaci\u00f3n. El control hidr\u00e1ulico permite un posicionamiento preciso del cuchar\u00f3n, crucial al trabajar en terrenos irregulares o cuando se requiere una excavaci\u00f3n precisa.<\/p>\n<h3>Cargadores<\/h3>\n<p>En las cargadoras frontales, los cilindros de la pluma ayudan a elevar y descargar cargas eficientemente. Proporcionan la fuerza necesaria para elevar los materiales y garantizar un funcionamiento fluido durante las fases de carga y descarga, lo que contribuye a la productividad en las obras de construcci\u00f3n.<\/p>\n<h2>Consideraciones de dise\u00f1o y criterios de selecci\u00f3n<\/h2>\n<h3>Capacidad de carga<\/h3>\n<p>La capacidad de carga es un factor fundamental en el dise\u00f1o de los cilindros de pluma. Determina el peso m\u00e1ximo que el cilindro puede soportar sin fallar. Los fabricantes suelen proporcionar especificaciones que describen la capacidad de carga, las cuales deben ajustarse a los requisitos de la aplicaci\u00f3n para garantizar un funcionamiento seguro.<\/p>\n<h3>Capacidad de sellado<\/h3>\n<p>La capacidad de sellado es fundamental para evitar fugas de fluido hidr\u00e1ulico, que pueden reducir la eficiencia y causar da\u00f1os a la maquinaria. Los sellos de alta calidad fabricados con materiales duraderos, como el poliuretano o el caucho de nitrilo, son esenciales para mantener el rendimiento y la longevidad.<\/p>\n<h3>Durabilidad<\/h3>\n<p>La durabilidad es fundamental al seleccionar un cilindro de pluma. El dise\u00f1o debe considerar factores como la resistencia al desgaste y a la fatiga para garantizar que el cilindro pueda soportar un funcionamiento continuo en entornos exigentes. Los tratamientos superficiales y los materiales mejorados contribuyen a la durabilidad general del producto.<\/p>\n<h3>Caracter\u00edsticas de seguridad<\/h3>\n<p>La seguridad es un aspecto crucial del dise\u00f1o de cilindros hidr\u00e1ulicos. La incorporaci\u00f3n de v\u00e1lvulas de seguridad y otros mecanismos ayuda a prevenir sobrecargas y posibles accidentes durante la operaci\u00f3n. Garantizar que las caracter\u00edsticas de seguridad cumplan con los est\u00e1ndares de la industria es esencial para la confianza y el cumplimiento normativo del usuario.<\/p>\n<h3>Accesibilidad de mantenimiento<\/h3>\n<p>Dise\u00f1ar con accesibilidad para el mantenimiento es importante para reducir el tiempo de inactividad. Los cilindros deben permitir un f\u00e1cil acceso a sellos, puntos de lubricaci\u00f3n y otros componentes para facilitar las revisiones y reparaciones rutinarias sin necesidad de desmontar todo el sistema.<\/p>\n<p><img decoding=\"async\" src=\"https:\/\/www.hydraulic-cylinders.net\/wp-content\/uploads\/2025\/04\/songte-oil-pipes-and-spare-parts.webp\" alt=\"Piezas de cilindros hidr\u00e1ulicos\" \/><\/p>\n<h2>Sellado y lubricaci\u00f3n del cilindro de la pluma<\/h2>\n<p>La longevidad y el rendimiento de un cilindro de pluma dependen en gran medida de sus sistemas de sellado y lubricaci\u00f3n. Diversos elementos de sellado, como los sellos de pist\u00f3n y de v\u00e1stago, desempe\u00f1an un papel crucial en la prevenci\u00f3n de fugas de fluido hidr\u00e1ulico. Los sellos fabricados con materiales como poliuretano y caucho de nitrilo son los preferidos por su resistencia al desgaste y durabilidad.<\/p>\n<p>El cuerpo cil\u00edndrico y los extremos roscados se someten a un meticuloso tratamiento superficial para mejorar la resistencia al desgaste y garantizar su resistencia a los rigores del funcionamiento. La lubricaci\u00f3n regular con aceite hidr\u00e1ulico es esencial para minimizar la fricci\u00f3n y mantener un funcionamiento suave, ya que reduce el desgaste de los componentes de sellado y mejora el rendimiento general del cilindro. Se deben establecer intervalos de lubricaci\u00f3n adecuados seg\u00fan los patrones de uso para garantizar una eficiencia operativa constante.<\/p>\n<h2>Inspecci\u00f3n peri\u00f3dica y medidas de mantenimiento preventivo<\/h2>\n<ul>\n<li><strong>Inspecciones regulares:<\/strong> Se deben realizar inspecciones rutinarias para identificar cualquier signo de desgaste, fugas o da\u00f1os. Las inspecciones visuales pueden ayudar a detectar problemas a tiempo, reduciendo el riesgo de fallos catastr\u00f3ficos durante la operaci\u00f3n.<\/li>\n<li><strong>Lubricaci\u00f3n adecuada:<\/strong> Garantizar una lubricaci\u00f3n adecuada es vital para el funcionamiento eficiente de los cilindros de la pluma. Los operadores deben establecer un programa de lubricaci\u00f3n que se ajuste a las recomendaciones del fabricante y a las condiciones de uso.<\/li>\n<li><strong>Reemplazo del sello:<\/strong> Con el tiempo, los sellos pueden desgastarse y requerir reemplazo para mantener la integridad del cilindro. Se deben realizar evaluaciones peri\u00f3dicas para determinar cu\u00e1ndo es necesario reemplazar los sellos, evitando as\u00ed la p\u00e9rdida de fluido y las ineficiencias operativas.<\/li>\n<\/ul>\n<h2>Instrucciones de instalaci\u00f3n para el cilindro de la pluma<\/h2>\n<p>La correcta instalaci\u00f3n del cilindro de la pluma es fundamental para garantizar un rendimiento \u00f3ptimo. Comience por alinear el cilindro correctamente con los puntos de montaje de la maquinaria. El uso de soportes de montaje adecuados ayudar\u00e1 a fijar el cilindro en su lugar y evitar\u00e1 desalineaciones durante la operaci\u00f3n. Es fundamental verificar si hay obstrucciones que puedan impedir el movimiento del cilindro o del cuchar\u00f3n acoplado.<\/p>\n<p>Durante la instalaci\u00f3n, aseg\u00farese de que las conexiones hidr\u00e1ulicas est\u00e9n bien apretadas para evitar fugas e inspeccione todas las juntas para detectar da\u00f1os. Tras la instalaci\u00f3n, realice una prueba exhaustiva del sistema hidr\u00e1ulico para garantizar un funcionamiento fluido y una respuesta correcta. Es fundamental verificar si hay ruidos o movimientos inusuales para confirmar el \u00e9xito de la instalaci\u00f3n. Mantener un enfoque sistem\u00e1tico durante la instalaci\u00f3n aumentar\u00e1 la durabilidad y la fiabilidad del cilindro de la pluma.<\/p>\n<h2>Tareas comunes de mantenimiento<\/h2>\n<h3>Inspecciones peri\u00f3dicas<\/h3>\n<p>Realizar inspecciones peri\u00f3dicas es esencial para detectar posibles problemas a tiempo. Los operadores deben revisar visualmente cualquier signo de desgaste, da\u00f1os o fugas de fluido. Este enfoque proactivo ayuda a mitigar los riesgos y garantiza el funcionamiento eficiente del sistema hidr\u00e1ulico.<\/p>\n<h3>Lubricaci\u00f3n adecuada<\/h3>\n<p>Garantizar una lubricaci\u00f3n adecuada del cilindro de la pluma es fundamental para su funcionamiento. Los operadores deben seguir el programa de lubricaci\u00f3n recomendado por el fabricante. Usar el tipo correcto de aceite hidr\u00e1ulico y aplicarlo correctamente facilitar\u00e1 el movimiento suave del cilindro y reducir\u00e1 el desgaste de los componentes internos.<\/p>\n<h3>Reemplazo de sellos y controles de calibraci\u00f3n<\/h3>\n<p>El reemplazo de sellos es una tarea de mantenimiento cr\u00edtica que debe realizarse regularmente para evitar fugas de fluido. Los operadores deben supervisar cuidadosamente el estado de los sellos y reemplazarlos cuando presenten signos evidentes de desgaste. Adem\u00e1s, se deben realizar comprobaciones de calibraci\u00f3n para garantizar el funcionamiento preciso y eficiente del sistema hidr\u00e1ulico.<\/p>\n<p><img decoding=\"async\" src=\"https:\/\/www.hydraulic-cylinders.net\/wp-content\/uploads\/2025\/04\/songte-chushion-collar.webp\" alt=\"Collar\u00edn acolchado\" \/><\/p>\n<h2>Consideraciones de seguridad y factores ambientales<\/h2>\n<p>Al utilizar cilindros hidr\u00e1ulicos, se deben priorizar las medidas de seguridad para proteger a los operadores y al equipo. Es fundamental garantizar el correcto funcionamiento de todos los dispositivos de seguridad y que los operadores est\u00e9n capacitados en procedimientos de operaci\u00f3n seguros. Adem\u00e1s, las pr\u00e1cticas de mantenimiento deben incluir m\u00e9todos respetuosos con el medio ambiente para gestionar los fluidos hidr\u00e1ulicos y prevenir derrames, garantizando as\u00ed el cumplimiento de la normativa ambiental.<\/p>\n<h2>Soluci\u00f3n de problemas y problemas comunes<\/h2>\n<ul>\n<li><strong>Fugas de fluidos:<\/strong> Las fugas de fluido son un problema com\u00fan en los cilindros hidr\u00e1ulicos. Una inspecci\u00f3n regular puede ayudar a identificar fugas a tiempo, lo que permite reparaciones oportunas. Los operadores deben revisar los sellos, las conexiones y las mangueras para detectar cualquier signo de da\u00f1o.<\/li>\n<li><strong>Potencia insuficiente:<\/strong> Si el cilindro de la pluma no proporciona la potencia adecuada, podr\u00eda indicar niveles bajos de fluido hidr\u00e1ulico o aire atrapado en el sistema. Los operadores deben verificar los niveles de fluido y purgar el sistema si es necesario.<\/li>\n<li><strong>Ruido durante el funcionamiento:<\/strong> Los ruidos inusuales durante el funcionamiento pueden indicar problemas mec\u00e1nicos, como desgaste o da\u00f1os en el cilindro. Se debe realizar una inspecci\u00f3n exhaustiva para identificar la causa y solucionarla r\u00e1pidamente.<\/li>\n<\/ul>\n<p>Abordar estos problemas r\u00e1pidamente ayudar\u00e1 a mantener el rendimiento y la seguridad del sistema hidr\u00e1ulico.<\/p>\n<h2>Medidas preventivas para minimizar posibles problemas<\/h2>\n<p>Implementar medidas preventivas es vital para mantener la fiabilidad de los cilindros de la pluma. El mantenimiento regular, que incluye inspecciones y lubricaci\u00f3n oportunas, ayudar\u00e1 a detectar y solucionar problemas antes de que se agraven. Los operadores tambi\u00e9n deben asegurarse de que los sistemas hidr\u00e1ulicos no est\u00e9n sobrecargados y de que funcionen dentro de los par\u00e1metros dise\u00f1ados para evitar una tensi\u00f3n excesiva en los componentes.<\/p>\n<p><img decoding=\"async\" src=\"https:\/\/www.hydraulic-cylinders.net\/wp-content\/uploads\/2025\/04\/songte-bushings-with-all-kinds-of-excavator-models.webp\" alt=\"Bujes de excavadora\" \/><\/p>\n<h2>Descripci\u00f3n general de la empresa<\/h2>\n<p>Somos un fabricante y mayorista l\u00edder de cilindros hidr\u00e1ulicos de repuesto, con una diversa l\u00ednea de productos que abastece tanto al mercado nacional como al internacional. Nuestro compromiso con la calidad se refleja en nuestros refinados procesos de fabricaci\u00f3n y estrategias de gesti\u00f3n de la producci\u00f3n industrial. Nuestro talento t\u00e9cnico, nuestros avanzados equipos de fabricaci\u00f3n digital y nuestros sistemas de prueba especializados optimizan nuestra capacidad de producci\u00f3n, lo que nos permite satisfacer las diversas necesidades de nuestros clientes con alta eficiencia, precisi\u00f3n y calidad.<\/p>\n<p>Nuestras fortalezas incluyen experiencia profesional, certificaciones internacionales, servicios personalizados para satisfacer requisitos espec\u00edficos, equipos de producci\u00f3n de vanguardia y un excepcional servicio posventa. Nuestra dedicaci\u00f3n a la excelencia garantiza que nuestros productos ofrezcan constantemente un rendimiento y una fiabilidad excepcionales.<\/p>\n<p><img decoding=\"async\" src=\"https:\/\/www.hydraulic-cylinders.net\/wp-content\/uploads\/2025\/04\/songte-company-4.webp\" alt=\"Descripci\u00f3n general de la empresa\" \/><br \/>\n<img decoding=\"async\" src=\"https:\/\/www.hydraulic-cylinders.net\/wp-content\/uploads\/2025\/04\/songte-company-3.webp\" alt=\"Planta de fabricaci\u00f3n\" \/><\/p>\n<p>Autor: lyl<\/p>","protected":false},"excerpt":{"rendered":"<p>Boom Cylinder For Zoomlion Middle Excavator ZE230E Product Overview The Boom Cylinder is a critical component in the hydraulic systems of heavy machinery, specifically designed for controlling the movement of buckets in various equipment, such as excavators, backhoe loaders, and front loaders. This hydraulic cylinder enables the bucket to lift, lower, and tilt, facilitating material [&hellip;]<\/p>","protected":false},"featured_media":17878,"comment_status":"open","ping_status":"closed","template":"","meta":{"_et_pb_use_builder":"","_et_pb_old_content":"","_et_gb_content_width":""},"product_brand":[],"product_cat":[1546],"product_tag":[1547,1496],"class_list":{"0":"post-19222","1":"product","2":"type-product","3":"status-publish","4":"has-post-thumbnail","6":"product_cat-boom-cylinders","7":"product_tag-boom-cylinders","8":"product_tag-hydraulic-cylinders","10":"first","11":"instock","12":"shipping-taxable","13":"product-type-simple"},"amp_enabled":true,"_links":{"self":[{"href":"https:\/\/www.hydraulic-cylinders.net\/es\/wp-json\/wp\/v2\/product\/19222","targetHints":{"allow":["GET"]}}],"collection":[{"href":"https:\/\/www.hydraulic-cylinders.net\/es\/wp-json\/wp\/v2\/product"}],"about":[{"href":"https:\/\/www.hydraulic-cylinders.net\/es\/wp-json\/wp\/v2\/types\/product"}],"replies":[{"embeddable":true,"href":"https:\/\/www.hydraulic-cylinders.net\/es\/wp-json\/wp\/v2\/comments?post=19222"}],"wp:featuredmedia":[{"embeddable":true,"href":"https:\/\/www.hydraulic-cylinders.net\/es\/wp-json\/wp\/v2\/media\/17878"}],"wp:attachment":[{"href":"https:\/\/www.hydraulic-cylinders.net\/es\/wp-json\/wp\/v2\/media?parent=19222"}],"wp:term":[{"taxonomy":"product_brand","embeddable":true,"href":"https:\/\/www.hydraulic-cylinders.net\/es\/wp-json\/wp\/v2\/product_brand?post=19222"},{"taxonomy":"product_cat","embeddable":true,"href":"https:\/\/www.hydraulic-cylinders.net\/es\/wp-json\/wp\/v2\/product_cat?post=19222"},{"taxonomy":"product_tag","embeddable":true,"href":"https:\/\/www.hydraulic-cylinders.net\/es\/wp-json\/wp\/v2\/product_tag?post=19222"}],"curies":[{"name":"wp","href":"https:\/\/api.w.org\/{rel}","templated":true}]}}