{"id":19268,"date":"2025-04-07T06:23:55","date_gmt":"2025-04-07T06:23:55","guid":{"rendered":"https:\/\/www.hydraulic-cylinders.net\/product\/boom-cylinder-for-lishide-large-excavator-sc330-8\/"},"modified":"2025-04-07T06:23:59","modified_gmt":"2025-04-07T06:23:59","slug":"boom-cylinder-for-lishide-large-excavator-sc330-8","status":"publish","type":"product","link":"https:\/\/www.hydraulic-cylinders.net\/es\/producto\/boom-cylinder-for-lishide-large-excavator-sc330-8\/","title":{"rendered":"Cilindro de pluma para excavadora grande Lishide SC330.8"},"content":{"rendered":"<h1>Cilindro de pluma para excavadora grande Lishide SC330.8<\/h1>\n<h2>Descripci\u00f3n general del producto<\/h2>\n<p>El cilindro de la pluma de la excavadora grande Lishide SC330.8 es un componente hidr\u00e1ulico crucial, dise\u00f1ado espec\u00edficamente para controlar el movimiento de la pluma. Este cilindro hidr\u00e1ulico desempe\u00f1a un papel fundamental en la eficiencia operativa de la maquinaria pesada, ya que permite la elevaci\u00f3n, el descenso y la inclinaci\u00f3n de la pluma. Estos movimientos son esenciales para diversas tareas de manipulaci\u00f3n de materiales, especialmente en proyectos de construcci\u00f3n y excavaci\u00f3n.<\/p>\n<p><img decoding=\"async\" src=\"https:\/\/www.hydraulic-cylinders.net\/wp-content\/uploads\/2025\/04\/songte-company-1.webp\" alt=\"Cilindro de pluma para excavadora\" \/><\/p>\n<h3>Definici\u00f3n y funcionalidad<\/h3>\n<p>Un cilindro de cuchar\u00f3n es un tipo de cilindro hidr\u00e1ulico que se utiliza para controlar el movimiento de los cucharones en maquinaria pesada, como excavadoras, retroexcavadoras y cargadoras frontales. Permite que el cuchar\u00f3n se eleve, baje e incline, facilitando as\u00ed la manipulaci\u00f3n eficiente de materiales. El funcionamiento continuo de estos cilindros garantiza el movimiento eficaz de cargas pesadas, mejorando as\u00ed la productividad en las obras.<\/p>\n<h2>Caracter\u00edsticas principales del cilindro de la pluma<\/h2>\n<ul>\n<li><strong>Alta resistencia y durabilidad:<\/strong> Fabricados en acero o aluminio de alta resistencia, estos cilindros soportan altas presiones y cargas pesadas. Su dise\u00f1o tambi\u00e9n considera la resistencia al desgaste y a la corrosi\u00f3n, lo que prolonga su vida \u00fatil.<\/li>\n<li><strong>Operaci\u00f3n hidr\u00e1ulica eficiente:<\/strong> El uso de presi\u00f3n de aceite hidr\u00e1ulico permite acciones de retracci\u00f3n y extensi\u00f3n suaves, lo que garantiza una respuesta r\u00e1pida a los comandos del operador y proporciona una importante fuerza de empuje y tracci\u00f3n para tareas pesadas y complejas.<\/li>\n<li><strong>Diversos tipos:<\/strong> Seg\u00fan las necesidades operativas, los cilindros pueden ser de simple efecto (que utilizan presi\u00f3n hidr\u00e1ulica en una direcci\u00f3n) o de doble efecto (que utilizan presi\u00f3n hidr\u00e1ulica en ambas direcciones). Algunos modelos son telesc\u00f3picos, lo que permite una mayor extensi\u00f3n sin aumentar las dimensiones externas, ideal para aplicaciones con espacio limitado.<\/li>\n<li><strong>Integraci\u00f3n perfecta:<\/strong> Nuestros productos est\u00e1n dise\u00f1ados para reemplazar perfectamente estos cilindros hidr\u00e1ulicos, garantizando la compatibilidad con varios modelos de excavadoras.<\/li>\n<li><strong>T\u00e9cnicas de fabricaci\u00f3n avanzadas:<\/strong> Utilizando tecnolog\u00eda de vanguardia y m\u00e9todos de fabricaci\u00f3n para garantizar precisi\u00f3n y calidad en cada cilindro producido.<\/li>\n<\/ul>\n<p><img decoding=\"async\" src=\"https:\/\/www.hydraulic-cylinders.net\/wp-content\/uploads\/2025\/04\/songte-cylinder-head-with-all-kinds-excavator-models.webp\" alt=\"Modelos de excavadoras\" \/><\/p>\n<h2>Aplicaciones de los cilindros de pluma<\/h2>\n<h3>Equipos de construcci\u00f3n<\/h3>\n<p>En las excavadoras, los cilindros de la pluma son fundamentales para excavar, cargar y mover tierra o escombros. Facilitan la realizaci\u00f3n de diversas tareas, como la excavaci\u00f3n de zanjas o la preparaci\u00f3n de cimientos. En las retroexcavadoras, estos cilindros ayudan no solo en la excavaci\u00f3n, sino tambi\u00e9n en las operaciones de elevaci\u00f3n, lo que los hace esenciales para diversas actividades de construcci\u00f3n.<\/p>\n<h3>Maquinaria agr\u00edcola<\/h3>\n<p>En las cargadoras frontales, los cilindros de la pluma se utilizan para recoger, levantar y transportar tierra, heno y otros materiales. Su dise\u00f1o robusto garantiza que puedan realizar las exigentes tareas de las operaciones agr\u00edcolas, mejorando la eficiencia en el manejo de materiales en las explotaciones agr\u00edcolas.<\/p>\n<h3>excavadoras<\/h3>\n<p>En las excavadoras, el cilindro del cuchar\u00f3n permite que este penetre eficazmente en el suelo, lo que permite excavaciones eficientes. Esta capacidad es fundamental en las actividades de construcci\u00f3n y miner\u00eda, donde se requiere excavar profundamente.<\/p>\n<h3>Cargadores<\/h3>\n<p>En las cargadoras frontales, los cilindros de la pluma desempe\u00f1an un papel fundamental en la elevaci\u00f3n y descarga eficiente de cargas. Su capacidad para manipular materiales pesados \u200b\u200bgarantiza que las operaciones de carga se ejecuten con rapidez y eficacia, lo que contribuye a la productividad general en la obra.<\/p>\n<h2>Consideraciones de dise\u00f1o y criterios de selecci\u00f3n<\/h2>\n<h3>Capacidad de carga<\/h3>\n<p>Al seleccionar un cilindro de pluma, la capacidad de carga es un factor crucial. Determina el peso m\u00e1ximo que el cilindro puede soportar con seguridad. Los ingenieros deben asegurarse de que el cilindro seleccionado pueda soportar las cargas previstas durante las operaciones, evitando as\u00ed fallos mec\u00e1nicos que podr\u00edan provocar accidentes o da\u00f1os al equipo.<\/p>\n<h3>Rendimiento de sellado<\/h3>\n<p>El rendimiento del sellado de los cilindros hidr\u00e1ulicos es vital para la eficiencia operativa. Los sellos de alta calidad previenen fugas de fluido hidr\u00e1ulico, asegurando que el sistema mantenga niveles \u00f3ptimos de presi\u00f3n. Un sellado eficaz tambi\u00e9n previene la contaminaci\u00f3n por elementos externos, que podr\u00eda comprometer el fluido hidr\u00e1ulico y la vida \u00fatil del cilindro.<\/p>\n<h3>Durabilidad<\/h3>\n<p>La durabilidad es esencial para los componentes de maquinaria pesada que operan en entornos hostiles. Los materiales y procesos de fabricaci\u00f3n seleccionados deben mejorar la resistencia al desgaste y la corrosi\u00f3n, garantizando as\u00ed que el cilindro de la pluma se mantenga funcional durante largos periodos, incluso en condiciones extremas.<\/p>\n<h3>Caracter\u00edsticas de seguridad<\/h3>\n<p>La seguridad es fundamental en el dise\u00f1o de cilindros hidr\u00e1ulicos. Caracter\u00edsticas como las v\u00e1lvulas de alivio de presi\u00f3n y una construcci\u00f3n robusta ayudan a minimizar los riesgos asociados a fallas hidr\u00e1ulicas. Garantizar el cumplimiento de las normas de seguridad es fundamental para proteger a los operadores y al equipo durante la operaci\u00f3n.<\/p>\n<h3>Accesibilidad de mantenimiento<\/h3>\n<p>Dise\u00f1ar con accesibilidad para el mantenimiento es esencial para garantizar un rendimiento a largo plazo. Los cilindros de la pluma deben facilitar la inspecci\u00f3n, la lubricaci\u00f3n y el reemplazo de piezas. Esto promueve pr\u00e1cticas de mantenimiento regulares, cruciales para prevenir aver\u00edas inesperadas y prolongar la vida \u00fatil del cilindro.<\/p>\n<p><img decoding=\"async\" src=\"https:\/\/www.hydraulic-cylinders.net\/wp-content\/uploads\/2025\/04\/songte-oil-pipes-and-spare-parts.webp\" alt=\"Piezas hidr\u00e1ulicas\" \/><\/p>\n<h2>Sellado y lubricaci\u00f3n de los cilindros de la pluma<\/h2>\n<p>Un sellado y una lubricaci\u00f3n eficaces son fundamentales para la longevidad y el rendimiento de los cilindros hidr\u00e1ulicos. Diversos componentes de sellado, como los sellos de pist\u00f3n y de v\u00e1stago, deben fabricarse con materiales resistentes al desgaste como poliuretano y caucho de nitrilo. La selecci\u00f3n adecuada de estos materiales aumenta la durabilidad contra el desgaste. Adem\u00e1s, el cuerpo del cilindro y los extremos roscados deben someterse a un mecanizado fino para mejorar la resistencia al desgaste. La lubricaci\u00f3n regular con el aceite hidr\u00e1ulico adecuado es necesaria para mantener un funcionamiento suave y evitar da\u00f1os internos.<\/p>\n<h2>Medidas de mantenimiento preventivo<\/h2>\n<ul>\n<li><strong>Inspecciones regulares:<\/strong> Realice inspecciones de rutina para identificar se\u00f1ales de desgaste, fugas u otros problemas que puedan afectar el rendimiento. La detecci\u00f3n temprana de problemas puede prevenir da\u00f1os m\u00e1s graves y reparaciones costosas.<\/li>\n<li><strong>Lubricaci\u00f3n adecuada:<\/strong> Aseg\u00farese de que el cilindro est\u00e9 adecuadamente lubricado con aceite hidr\u00e1ulico para reducir la fricci\u00f3n y el desgaste. Las revisiones peri\u00f3dicas del nivel y la calidad del aceite son esenciales para mantener un rendimiento \u00f3ptimo.<\/li>\n<li><strong>Reemplazo del sello:<\/strong> Revise los sellos para detectar signos de desgaste o degradaci\u00f3n. El reemplazo oportuno de los sellos desgastados ayuda a mantener la presi\u00f3n y previene fugas de fluido, garantizando un funcionamiento eficiente.<\/li>\n<\/ul>\n<h2>Gu\u00eda de instalaci\u00f3n adecuada<\/h2>\n<p>Instalar correctamente un cilindro de pluma es crucial para su rendimiento y durabilidad. Comience por asegurarse de que el cilindro est\u00e9 correctamente alineado con los puntos de montaje. Utilice los soportes de instalaci\u00f3n adecuados para fijar el cilindro en su lugar. Siga las instrucciones del fabricante sobre las especificaciones de torque al apretar los pernos para evitar da\u00f1os. Tambi\u00e9n es esencial asegurar que las conexiones hidr\u00e1ulicas est\u00e9n firmes y sin fugas. Despu\u00e9s de la instalaci\u00f3n, realice una revisi\u00f3n exhaustiva para confirmar que el cilindro funcione correctamente, sin obstrucciones ni desalineaciones. Supervise regularmente la instalaci\u00f3n para detectar cualquier signo de desgaste o holgura y realice los ajustes necesarios.<\/p>\n<h2>Tareas comunes de mantenimiento<\/h2>\n<h3>Inspecciones peri\u00f3dicas<\/h3>\n<p>Realizar inspecciones peri\u00f3dicas es vital para mantener la funcionalidad de los cilindros hidr\u00e1ulicos. Busque se\u00f1ales de desgaste, como grietas o fugas, y aseg\u00farese de que todos los componentes est\u00e9n bien fijados. La detecci\u00f3n temprana de problemas permite reparaciones oportunas, previniendo da\u00f1os mayores.<\/p>\n<h3>Lubricaci\u00f3n adecuada<\/h3>\n<p>Aseg\u00farese de lubricar correctamente el cilindro de la pluma para reducir la fricci\u00f3n y el desgaste. Utilice aceite hidr\u00e1ulico de alta calidad y siga las especificaciones del fabricante sobre los intervalos de lubricaci\u00f3n. Esta pr\u00e1ctica ayuda a mantener un funcionamiento suave y prolonga la vida \u00fatil del cilindro.<\/p>\n<h3>Reemplazo de sellos y controles de calibraci\u00f3n<\/h3>\n<p>Revise regularmente los sellos para detectar cualquier signo de desgaste o da\u00f1o. Reemplazar los sellos desgastados con prontitud previene fugas de fluido y mantiene la presi\u00f3n en el sistema. Adem\u00e1s, las calibraciones peri\u00f3dicas garantizan que el cilindro funcione dentro de los par\u00e1metros especificados, mejorando as\u00ed el rendimiento y la seguridad.<\/p>\n<p><img decoding=\"async\" src=\"https:\/\/www.hydraulic-cylinders.net\/wp-content\/uploads\/2025\/04\/songte-chushion-collar.webp\" alt=\"Collar\u00edn acolchado\" \/><\/p>\n<h2>Consideraciones de seguridad y factores ambientales<\/h2>\n<p>Al trabajar con sistemas hidr\u00e1ulicos, las medidas de seguridad son primordiales. Los operadores deben recibir capacitaci\u00f3n sobre el manejo adecuado de equipos hidr\u00e1ulicos, incluyendo la comprensi\u00f3n de los riesgos asociados a los sistemas de alta presi\u00f3n. El uso de equipo de protecci\u00f3n individual (EPI) es esencial para garantizar la seguridad en el lugar de trabajo. Adem\u00e1s, las consideraciones ambientales deben guiar la selecci\u00f3n de fluidos hidr\u00e1ulicos y la eliminaci\u00f3n de materiales usados \u200b\u200bpara minimizar el impacto ecol\u00f3gico.<\/p>\n<h2>Diagn\u00f3stico de fallas y problemas comunes<\/h2>\n<ul>\n<li><strong>Fugas de fluidos:<\/strong> Las fugas pueden ocurrir debido a sellos o accesorios da\u00f1ados. Las inspecciones peri\u00f3dicas pueden ayudar a identificar y solucionar las fugas antes de que provoquen problemas graves.<\/li>\n<li><strong>Rendimiento deficiente:<\/strong> Si el cilindro no responde como se espera, podr\u00eda indicar un problema con la presi\u00f3n hidr\u00e1ulica o con los componentes internos. Diagn\u00f3stico del sistema hidr\u00e1ulico es fundamental para identificar el problema.<\/li>\n<li><strong>Calentamiento excesivo:<\/strong> El sobrecalentamiento puede ocurrir si el aceite hidr\u00e1ulico no se enfr\u00eda adecuadamente o si el sistema est\u00e1 sometido a una carga excesiva. Monitorear los niveles de temperatura y asegurar que los mecanismos de enfriamiento est\u00e9n instalados correctamente puede ayudar a prevenir este problema.<\/li>\n<\/ul>\n<h2>Consejos y soluciones para la resoluci\u00f3n de problemas<\/h2>\n<p>Para diagnosticar y resolver problemas eficazmente, los operadores deben mantener un registro detallado del rendimiento del sistema hidr\u00e1ulico. Este registro puede ayudar a identificar problemas recurrentes y patrones que podr\u00edan indicar problemas subyacentes. Al abordar una falla, comience con comprobaciones sencillas, como verificar los niveles de aceite y buscar fugas externas. Para problemas m\u00e1s complejos, consulte las instrucciones del fabricante o busque asistencia profesional. Las medidas preventivas, como el mantenimiento regular y las reparaciones oportunas, son cruciales para minimizar posibles problemas y garantizar el funcionamiento eficiente del sistema hidr\u00e1ulico.<\/p>\n<p><img decoding=\"async\" src=\"https:\/\/www.hydraulic-cylinders.net\/wp-content\/uploads\/2025\/04\/songte-bushings-with-all-kinds-of-excavator-models.webp\" alt=\"Bujes para excavadoras\" \/><\/p>\n<h2>Descripci\u00f3n general de la empresa<\/h2>\n<p>Somos un fabricante l\u00edder de cilindros hidr\u00e1ulicos de repuesto, dedicado a ofrecer una amplia gama de productos para los mercados nacionales e internacionales. Nuestro compromiso con la excelencia se ve reforzado por nuestras refinadas estrategias de gesti\u00f3n de la producci\u00f3n y nuestras instalaciones de fabricaci\u00f3n de vanguardia. Mediante la inversi\u00f3n en personal t\u00e9cnico cualificado, equipos de fabricaci\u00f3n digital avanzados y sistemas de prueba profesionales, mejoramos continuamente nuestra plataforma de producci\u00f3n. Nuestro \u00e9nfasis en la alta eficiencia, precisi\u00f3n y calidad nos permite satisfacer eficazmente las diversas demandas de nuestros clientes.<\/p>\n<p><img decoding=\"async\" src=\"https:\/\/www.hydraulic-cylinders.net\/wp-content\/uploads\/2025\/04\/songte-company-4.webp\" alt=\"Descripci\u00f3n general de la empresa\" \/><br \/>\n<img decoding=\"async\" src=\"https:\/\/www.hydraulic-cylinders.net\/wp-content\/uploads\/2025\/04\/songte-company-3.webp\" alt=\"Planta de producci\u00f3n\" \/><\/p>\n<p>Con un enfoque en la especializaci\u00f3n, certificaciones internacionales, servicios personalizados y un servicio posventa confiable, nos esforzamos por ofrecer productos que superen las expectativas del cliente. Nuestro avanzado equipo de producci\u00f3n y nuestro dedicado equipo garantizan que cada cilindro hidr\u00e1ulico cumpla con los m\u00e1s altos est\u00e1ndares de la industria.<\/p>\n<p>Autor: lyl<\/p>","protected":false},"excerpt":{"rendered":"<p>Boom Cylinder For Lishide Large Excavator SC330.8 Product Overview The Boom Cylinder for Lishide Large Excavator SC330.8 is a crucial hydraulic component designed specifically for controlling the movement of the excavator&#8217;s boom. This hydraulic cylinder plays a vital role in the operational efficiency of heavy machinery by enabling the boom to lift, lower, and tilt. [&hellip;]<\/p>","protected":false},"featured_media":17878,"comment_status":"open","ping_status":"closed","template":"","meta":{"_et_pb_use_builder":"","_et_pb_old_content":"","_et_gb_content_width":""},"product_brand":[],"product_cat":[1546],"product_tag":[1547,1496],"class_list":{"0":"post-19268","1":"product","2":"type-product","3":"status-publish","4":"has-post-thumbnail","6":"product_cat-boom-cylinders","7":"product_tag-boom-cylinders","8":"product_tag-hydraulic-cylinders","10":"first","11":"instock","12":"shipping-taxable","13":"product-type-simple"},"amp_enabled":true,"_links":{"self":[{"href":"https:\/\/www.hydraulic-cylinders.net\/es\/wp-json\/wp\/v2\/product\/19268","targetHints":{"allow":["GET"]}}],"collection":[{"href":"https:\/\/www.hydraulic-cylinders.net\/es\/wp-json\/wp\/v2\/product"}],"about":[{"href":"https:\/\/www.hydraulic-cylinders.net\/es\/wp-json\/wp\/v2\/types\/product"}],"replies":[{"embeddable":true,"href":"https:\/\/www.hydraulic-cylinders.net\/es\/wp-json\/wp\/v2\/comments?post=19268"}],"wp:featuredmedia":[{"embeddable":true,"href":"https:\/\/www.hydraulic-cylinders.net\/es\/wp-json\/wp\/v2\/media\/17878"}],"wp:attachment":[{"href":"https:\/\/www.hydraulic-cylinders.net\/es\/wp-json\/wp\/v2\/media?parent=19268"}],"wp:term":[{"taxonomy":"product_brand","embeddable":true,"href":"https:\/\/www.hydraulic-cylinders.net\/es\/wp-json\/wp\/v2\/product_brand?post=19268"},{"taxonomy":"product_cat","embeddable":true,"href":"https:\/\/www.hydraulic-cylinders.net\/es\/wp-json\/wp\/v2\/product_cat?post=19268"},{"taxonomy":"product_tag","embeddable":true,"href":"https:\/\/www.hydraulic-cylinders.net\/es\/wp-json\/wp\/v2\/product_tag?post=19268"}],"curies":[{"name":"wp","href":"https:\/\/api.w.org\/{rel}","templated":true}]}}