{"id":19273,"date":"2025-04-07T06:24:10","date_gmt":"2025-04-07T06:24:10","guid":{"rendered":"https:\/\/www.hydraulic-cylinders.net\/product\/boom-cylinder-for-lovol-small-excavator-fr65d\/"},"modified":"2025-04-07T06:24:13","modified_gmt":"2025-04-07T06:24:13","slug":"boom-cylinder-for-lovol-small-excavator-fr65d","status":"publish","type":"product","link":"https:\/\/www.hydraulic-cylinders.net\/es\/producto\/boom-cylinder-for-lovol-small-excavator-fr65d\/","title":{"rendered":"Cilindro de pluma para excavadora peque\u00f1a Lovol FR65D"},"content":{"rendered":"<h1>Cilindro de pluma para excavadora peque\u00f1a Lovol FR65D<\/h1>\n<h2>Introducci\u00f3n al cilindro de pluma<\/h2>\n<p>El cilindro de la pluma, especialmente dise\u00f1ado para la excavadora peque\u00f1a Lovol FR65D, es un componente hidr\u00e1ulico esencial que desempe\u00f1a un papel crucial en el funcionamiento de diversas m\u00e1quinas pesadas. En concreto, el cilindro del cuchar\u00f3n es un tipo de cilindro hidr\u00e1ulico que se utiliza para controlar el movimiento del cuchar\u00f3n en equipos pesados \u200b\u200bcomo excavadoras, retroexcavadoras y cargadoras frontales. Este sistema hidr\u00e1ulico permite que el cuchar\u00f3n se eleve, baje e incline, facilitando la manipulaci\u00f3n eficiente de materiales.<\/p>\n<p><img decoding=\"async\" src=\"https:\/\/www.hydraulic-cylinders.net\/wp-content\/uploads\/2025\/04\/songte-company-1.webp\" alt=\"Cilindro de pluma para excavadora peque\u00f1a Lovol\" \/><\/p>\n<p>Los cilindros de la cuchara est\u00e1n dise\u00f1ados para proporcionar un control preciso y una fuerza potente, lo que facilita la excavaci\u00f3n, la carga y el transporte de materiales. Est\u00e1n dise\u00f1ados para soportar altas presiones y cargas pesadas en entornos exigentes. La eficacia del cilindro de la pluma influye directamente en la capacidad operativa de la maquinaria a la que est\u00e1 acoplado, lo que lo convierte en un componente vital en aplicaciones de construcci\u00f3n y agr\u00edcolas.<\/p>\n<h2>Caracter\u00edsticas del cilindro de la pluma<\/h2>\n<ul>\n<li><strong>Alta resistencia y durabilidad:<\/strong> Fabricados en acero o aluminio de alta resistencia, estos cilindros soportan altas presiones y cargas pesadas. Est\u00e1n dise\u00f1ados para resistir el desgaste y la corrosi\u00f3n, lo que prolonga significativamente su vida \u00fatil.<\/li>\n<li><strong>Operaci\u00f3n hidr\u00e1ulica eficiente:<\/strong> Al utilizar la presi\u00f3n del aceite hidr\u00e1ulico, el cilindro de la pluma facilita una extensi\u00f3n y retracci\u00f3n suaves, brindando una respuesta r\u00e1pida a los comandos operativos y potentes capacidades de empuje\/tracci\u00f3n.<\/li>\n<li><strong>Diversos tipos:<\/strong> Disponibles en configuraciones de simple efecto (acci\u00f3n hidr\u00e1ulica en una direcci\u00f3n) y doble efecto (acci\u00f3n hidr\u00e1ulica en ambas direcciones), se pueden adaptar a diversas necesidades operativas. Algunos modelos son telesc\u00f3picos, lo que permite una mayor extensi\u00f3n sin aumentar las dimensiones externas.<\/li>\n<li><strong>Producci\u00f3n personalizable:<\/strong> Nuestras capacidades de fabricaci\u00f3n incluyen la producci\u00f3n de este cilindro de pluma, que ofrece reemplazos perfectos para cilindros hidr\u00e1ulicos existentes con especificaciones exactas.<\/li>\n<li><strong>Aplicaciones vers\u00e1tiles:<\/strong> Estos cilindros son adecuados para una amplia gama de maquinaria pesada, lo que los hace parte integral de diversas industrias.<\/li>\n<\/ul>\n<p><img decoding=\"async\" src=\"https:\/\/www.hydraulic-cylinders.net\/wp-content\/uploads\/2025\/04\/songte-cylinder-head-with-all-kinds-excavator-models.webp\" alt=\"Aplicaciones del cilindro de la pluma\" \/><\/p>\n<h2>Aplicaciones del cilindro de la pluma<\/h2>\n<h3>Equipos de construcci\u00f3n<\/h3>\n<p>En las excavadoras, los cilindros de la pluma son fundamentales para excavar, cargar y mover tierra o escombros. Permiten que el cuchar\u00f3n penetre eficazmente en el suelo, facilitando as\u00ed el proceso de excavaci\u00f3n. Adem\u00e1s, en las retroexcavadoras, estos cilindros ayudan no solo a excavar, sino tambi\u00e9n a elevar y posicionar los materiales con precisi\u00f3n.<\/p>\n<h3>Maquinaria agr\u00edcola<\/h3>\n<p>En las cargadoras frontales, los cilindros de la pluma se utilizan para recoger, levantar y transportar tierra, heno y otros materiales de forma eficiente. El control preciso que ofrecen estos cilindros garantiza que las tareas se realicen con el m\u00ednimo desperdicio y la m\u00e1xima eficiencia, lo que contribuye significativamente a la productividad agr\u00edcola.<\/p>\n<h3>excavadoras<\/h3>\n<p>En las excavadoras, el cilindro de la pluma permite que el cuchar\u00f3n penetre en el suelo durante las operaciones de excavaci\u00f3n. Esta capacidad permite a las excavadoras manipular diversos terrenos y materiales, lo que las hace esenciales para la preparaci\u00f3n del terreno, el movimiento de tierras y las tareas de paisajismo.<\/p>\n<h3>Cargadores<\/h3>\n<p>En las cargadoras frontales, los cilindros de la pluma desempe\u00f1an un papel fundamental en la elevaci\u00f3n y descarga eficaz de cargas. Su dise\u00f1o permite una capacidad de elevaci\u00f3n y estabilidad \u00f3ptimas, garantizando que los materiales se puedan mover de forma segura y eficiente de un lugar a otro sin riesgo de vuelco ni derrames.<\/p>\n<h2>Consideraciones de dise\u00f1o y criterios de selecci\u00f3n<\/h2>\n<h3>Capacidad de carga<\/h3>\n<p>La capacidad de carga es un factor crucial al seleccionar un cilindro de pluma. Determina cu\u00e1nto peso puede levantar y maniobrar el cilindro con seguridad. Sobrecargar un cilindro puede provocar fallas, lo que representa riesgos no solo para el equipo, sino tambi\u00e9n para los operadores y el personal circundante. Por lo tanto, es esencial elegir un cilindro que cumpla o supere los requisitos de carga de la aplicaci\u00f3n espec\u00edfica.<\/p>\n<h3>Sistemas de sellado<\/h3>\n<p>Un sellado eficaz es vital para garantizar que el fluido hidr\u00e1ulico permanezca dentro del cilindro, evitando fugas y manteniendo la presi\u00f3n. Los sellos de alta calidad protegen contra la contaminaci\u00f3n, que puede reducir el rendimiento y provocar fallos prematuros. Un sistema de sellado bien dise\u00f1ado tambi\u00e9n permite un funcionamiento suave, prolongando as\u00ed la vida \u00fatil del cilindro.<\/p>\n<h3>Durabilidad<\/h3>\n<p>La durabilidad es otro factor importante a considerar al seleccionar un cilindro de pluma. Estos componentes deben soportar condiciones extremas, como alta presi\u00f3n, variaciones de temperatura y exposici\u00f3n a elementos adversos. Los ingenieros suelen especificar materiales y recubrimientos resistentes al desgaste, la corrosi\u00f3n y los da\u00f1os ambientales, lo que contribuye a la longevidad general del equipo.<\/p>\n<h3>Caracter\u00edsticas de seguridad<\/h3>\n<p>La seguridad siempre debe ser una prioridad en el dise\u00f1o de sistemas hidr\u00e1ulicos. Caracter\u00edsticas como v\u00e1lvulas de alivio de presi\u00f3n y cierres de seguridad pueden prevenir fallos catastr\u00f3ficos y garantizar que la maquinaria funcione dentro de par\u00e1metros seguros. Estas caracter\u00edsticas son esenciales para proteger tanto al equipo como a los operadores de accidentes derivados de fallos hidr\u00e1ulicos.<\/p>\n<h3>Mantenimiento y reparabilidad<\/h3>\n<p>La facilidad de mantenimiento y reparaci\u00f3n es crucial para minimizar el tiempo de inactividad en las operaciones. Un cilindro de pluma bien dise\u00f1ado debe facilitar el acceso a los componentes que puedan requerir inspecci\u00f3n o reemplazo regular. Los fabricantes suelen incorporar caracter\u00edsticas de dise\u00f1o que simplifican los procedimientos de mantenimiento, mejorando as\u00ed la eficiencia operativa.<\/p>\n<p><img decoding=\"async\" src=\"https:\/\/www.hydraulic-cylinders.net\/wp-content\/uploads\/2025\/04\/songte-oil-pipes-and-spare-parts.webp\" alt=\"Mantenimiento y reparaci\u00f3n del cilindro de la pluma\" \/><\/p>\n<h2>Sellado y lubricaci\u00f3n del cilindro<\/h2>\n<p>El sellado y la lubricaci\u00f3n del cilindro de la pluma son fundamentales para su rendimiento y longevidad. Se utilizan diferentes tipos de sellos, como sellos de pist\u00f3n y sellos de v\u00e1stago, para mantener la integridad hidr\u00e1ulica. Materiales como el poliuretano y el caucho de nitrilo se eligen com\u00fanmente por su resistencia al desgaste y su capacidad para soportar fluidos hidr\u00e1ulicos.<\/p>\n<p>El cuerpo del cilindro y las superficies roscadas de los extremos se someten a un mecanizado de precisi\u00f3n para mejorar la resistencia al desgaste y garantizar su longevidad bajo condiciones de uso exigentes. Es necesaria la lubricaci\u00f3n regular con aceite hidr\u00e1ulico, lo que requiere revisiones peri\u00f3dicas para mantener un rendimiento \u00f3ptimo y evitar el desgaste.<\/p>\n<h2>Medidas de mantenimiento preventivo<\/h2>\n<ul>\n<li><strong>Inspecciones regulares:<\/strong> Realice controles visuales y operativos de rutina para identificar posibles problemas antes de que se agraven.<\/li>\n<li><strong>Lubricaci\u00f3n adecuada:<\/strong> Aseg\u00farese de que las piezas m\u00f3viles est\u00e9n lubricadas adecuadamente para minimizar la fricci\u00f3n y el desgaste a lo largo del tiempo.<\/li>\n<li><strong>Reemplazo del sello:<\/strong> Inspeccione peri\u00f3dicamente los sellos para detectar desgaste o da\u00f1os y reempl\u00e1celos seg\u00fan sea necesario para mantener la integridad hidr\u00e1ulica.<\/li>\n<\/ul>\n<h2>Instrucciones de instalaci\u00f3n<\/h2>\n<p>La correcta instalaci\u00f3n del cilindro de la pluma es vital para su correcto funcionamiento. Aseg\u00farese de que todas las superficies de montaje est\u00e9n limpias y libres de residuos. Utilice los soportes de montaje adecuados para fijar el cilindro en su lugar, asegur\u00e1ndose de que est\u00e9 correctamente alineado con la maquinaria. Apriete todos los sujetadores seg\u00fan las especificaciones del fabricante para evitar que se aflojen durante el funcionamiento.<\/p>\n<p>Durante la instalaci\u00f3n, verifique que las mangueras hidr\u00e1ulicas est\u00e9n bien conectadas y que no presenten fugas. Una vez instalado, realice una prueba de funcionamiento para garantizar que el cilindro funcione de forma suave y eficaz. Ajuste seg\u00fan sea necesario para lograr un rendimiento \u00f3ptimo.<\/p>\n<h2>Tareas comunes de mantenimiento<\/h2>\n<ul>\n<li><strong>Controles peri\u00f3dicos:<\/strong> Realice controles frecuentes para detectar signos de desgaste, da\u00f1os o fugas en el sistema hidr\u00e1ulico.<\/li>\n<li><strong>Lubricaci\u00f3n adecuada:<\/strong> Aplique lubricante seg\u00fan las especificaciones a todas las partes m\u00f3viles para garantizar un funcionamiento suave.<\/li>\n<li><strong>Reemplazo del sello:<\/strong> Reemplace los sellos de forma proactiva para evitar fugas y mantener la presi\u00f3n hidr\u00e1ulica.<\/li>\n<\/ul>\n<p>La instalaci\u00f3n, lubricaci\u00f3n y ajuste correctos son fundamentales para el uso eficaz del cilindro de la pluma. Durante la instalaci\u00f3n, aseg\u00farese de que el cilindro est\u00e9 correctamente alineado para evitar desalineaciones que podr\u00edan provocar desgaste prematuro o fallas. El uso de soportes de instalaci\u00f3n adecuados puede fijar el cilindro firmemente y evitar que se mueva durante el funcionamiento.<\/p>\n<p>Las revisiones, reparaciones y procedimientos de reemplazo rutinarios son esenciales para mantener el cilindro de la pluma en \u00f3ptimas condiciones de funcionamiento. El mantenimiento regular no solo prolonga la vida \u00fatil del cilindro, sino que tambi\u00e9n mejora la eficiencia general de la maquinaria a la que da servicio.<\/p>\n<p><img decoding=\"async\" src=\"https:\/\/www.hydraulic-cylinders.net\/wp-content\/uploads\/2025\/04\/songte-chushion-collar.webp\" alt=\"Instalaci\u00f3n del cilindro de la pluma\" \/><\/p>\n<h2>Consideraciones de seguridad y factores ambientales<\/h2>\n<p>Al utilizar cilindros hidr\u00e1ulicos, las medidas de seguridad son primordiales. Los operadores deben recibir capacitaci\u00f3n sobre el manejo y la operaci\u00f3n seguros de maquinaria hidr\u00e1ulica. Comprender los l\u00edmites de presi\u00f3n, los protocolos de uso adecuados y los procedimientos de emergencia puede reducir significativamente el riesgo de accidentes. Adem\u00e1s, proteger el medio ambiente mediante la gesti\u00f3n de fugas de fluido hidr\u00e1ulico y la eliminaci\u00f3n adecuada de los componentes usados \u200b\u200bcontribuye a la sostenibilidad de las operaciones.<\/p>\n<h2>Diagn\u00f3stico de fallas y problemas comunes<\/h2>\n<ul>\n<li><strong>Fuga:<\/strong> Las fugas son un problema com\u00fan que puede surgir por juntas desgastadas o mangueras da\u00f1adas. Las inspecciones peri\u00f3dicas pueden ayudar a identificarlas a tiempo, antes de que causen da\u00f1os importantes.<\/li>\n<li><strong>Respuesta lenta:<\/strong> Si el cilindro de la pluma funciona lentamente, puede indicar niveles bajos de l\u00edquido hidr\u00e1ulico o contaminaci\u00f3n en el sistema hidr\u00e1ulico.<\/li>\n<li><strong>Funcionamiento ruidoso:<\/strong> Ruidos inusuales durante el funcionamiento pueden indicar da\u00f1os internos o la necesidad de lubricaci\u00f3n.<\/li>\n<\/ul>\n<p>Para diagnosticar problemas eficazmente, los operadores deben familiarizarse con las caracter\u00edsticas normales de funcionamiento del cilindro de la pluma. Monitorear el rendimiento y estar atento a los cambios puede ayudar a detectar problemas a tiempo.<\/p>\n<p>Las medidas preventivas, como el mantenimiento y las inspecciones rutinarias, pueden reducir significativamente la probabilidad de que surjan problemas. Abordar los problemas menores con prontitud puede prevenir fallas m\u00e1s graves y prolongar la vida \u00fatil del cilindro de la pluma.<\/p>\n<p><img decoding=\"async\" src=\"https:\/\/www.hydraulic-cylinders.net\/wp-content\/uploads\/2025\/04\/songte-bushings-with-all-kinds-of-excavator-models.webp\" alt=\"Diagn\u00f3stico de fallas del cilindro de la pluma\" \/><\/p>\n<h2>Acerca de nuestra empresa<\/h2>\n<p>Somos un fabricante l\u00edder de cilindros hidr\u00e1ulicos, especializado en la producci\u00f3n de opciones de repuesto de alta calidad para diversas aplicaciones. Nuestra extensa l\u00ednea de productos nos posiciona como uno de los principales fabricantes y mayoristas en el mercado nacional e internacional. Nos adherimos a los principios de excelencia, aplicando una estrategia de gesti\u00f3n de producci\u00f3n optimizada, respaldada por equipos de fabricaci\u00f3n avanzados y un sistema de pruebas profesional.<\/p>\n<p>Nuestro compromiso con la calidad se refleja en nuestro personal cualificado, tecnolog\u00eda de vanguardia y s\u00f3lidas capacidades de producci\u00f3n. Mejoramos continuamente nuestra plataforma de fabricaci\u00f3n para garantizar que nuestros productos cumplan con los m\u00e1s altos est\u00e1ndares de excelencia. Nuestros procesos de producci\u00f3n eficientes, precisos y de alta calidad satisfacen las diversas necesidades de nuestros clientes.<\/p>\n<p><strong>Experiencia profesional:<\/strong> Nuestro equipo est\u00e1 equipado con conocimientos y experiencia en la industria, lo que garantiza que cumplimos con sus requisitos espec\u00edficos con precisi\u00f3n.<\/p>\n<p><strong>Certificaciones internacionales:<\/strong> Cumplimos con est\u00e1ndares globales, asegurando que nuestros productos sean reconocidos por su calidad y confiabilidad.<\/p>\n<p><strong>Servicios personalizados:<\/strong> Ofrecemos soluciones personalizadas para satisfacer las especificaciones \u00fanicas del cliente y sus necesidades operativas.<\/p>\n<p><strong>Equipo de \u00faltima generaci\u00f3n:<\/strong> Nuestra avanzada tecnolog\u00eda de fabricaci\u00f3n nos permite mantener altos est\u00e1ndares de producci\u00f3n y eficiencia.<\/p>\n<p><strong>Soporte posventa:<\/strong> Nos enorgullecemos de brindar un excelente servicio al cliente, garantizando satisfacci\u00f3n y soporte mucho despu\u00e9s de la venta.<\/p>\n<p><img decoding=\"async\" src=\"https:\/\/www.hydraulic-cylinders.net\/wp-content\/uploads\/2025\/04\/songte-company-4.webp\" alt=\"Descripci\u00f3n general de la empresa\" \/><br \/>\n<img decoding=\"async\" src=\"https:\/\/www.hydraulic-cylinders.net\/wp-content\/uploads\/2025\/04\/songte-company-3.webp\" alt=\"Fabricaci\u00f3n de cilindros hidr\u00e1ulicos\" \/><\/p>\n<p>Autor: lyl<\/p>","protected":false},"excerpt":{"rendered":"<p>Boom Cylinder For Lovol Small Excavator FR65D Introduction to the Boom Cylinder The Boom Cylinder, particularly designed for the Lovol Small Excavator FR65D, is an essential hydraulic component that plays a crucial role in the operation of various heavy machinery. Specifically, the bucket cylinder is a type of hydraulic cylinder used to control the movement [&hellip;]<\/p>","protected":false},"featured_media":17868,"comment_status":"open","ping_status":"closed","template":"","meta":{"_et_pb_use_builder":"","_et_pb_old_content":"","_et_gb_content_width":""},"product_brand":[],"product_cat":[1546],"product_tag":[1547,1496],"class_list":{"0":"post-19273","1":"product","2":"type-product","3":"status-publish","4":"has-post-thumbnail","6":"product_cat-boom-cylinders","7":"product_tag-boom-cylinders","8":"product_tag-hydraulic-cylinders","10":"first","11":"instock","12":"shipping-taxable","13":"product-type-simple"},"amp_enabled":true,"_links":{"self":[{"href":"https:\/\/www.hydraulic-cylinders.net\/es\/wp-json\/wp\/v2\/product\/19273","targetHints":{"allow":["GET"]}}],"collection":[{"href":"https:\/\/www.hydraulic-cylinders.net\/es\/wp-json\/wp\/v2\/product"}],"about":[{"href":"https:\/\/www.hydraulic-cylinders.net\/es\/wp-json\/wp\/v2\/types\/product"}],"replies":[{"embeddable":true,"href":"https:\/\/www.hydraulic-cylinders.net\/es\/wp-json\/wp\/v2\/comments?post=19273"}],"wp:featuredmedia":[{"embeddable":true,"href":"https:\/\/www.hydraulic-cylinders.net\/es\/wp-json\/wp\/v2\/media\/17868"}],"wp:attachment":[{"href":"https:\/\/www.hydraulic-cylinders.net\/es\/wp-json\/wp\/v2\/media?parent=19273"}],"wp:term":[{"taxonomy":"product_brand","embeddable":true,"href":"https:\/\/www.hydraulic-cylinders.net\/es\/wp-json\/wp\/v2\/product_brand?post=19273"},{"taxonomy":"product_cat","embeddable":true,"href":"https:\/\/www.hydraulic-cylinders.net\/es\/wp-json\/wp\/v2\/product_cat?post=19273"},{"taxonomy":"product_tag","embeddable":true,"href":"https:\/\/www.hydraulic-cylinders.net\/es\/wp-json\/wp\/v2\/product_tag?post=19273"}],"curies":[{"name":"wp","href":"https:\/\/api.w.org\/{rel}","templated":true}]}}