{"id":19310,"date":"2025-04-07T06:26:13","date_gmt":"2025-04-07T06:26:13","guid":{"rendered":"https:\/\/www.hydraulic-cylinders.net\/product\/boom-cylinder-for-xgma-small-excavator-xg806\/"},"modified":"2025-04-07T06:26:15","modified_gmt":"2025-04-07T06:26:15","slug":"boom-cylinder-for-xgma-small-excavator-xg806","status":"publish","type":"product","link":"https:\/\/www.hydraulic-cylinders.net\/es\/producto\/boom-cylinder-for-xgma-small-excavator-xg806\/","title":{"rendered":"Cilindro de pluma para excavadora peque\u00f1a XGMA XG806"},"content":{"rendered":"<h1>Cilindro de pluma para excavadora peque\u00f1a XGMA XG806<\/h1>\n<h2>Descripci\u00f3n general del producto<\/h2>\n<p>El cilindro de la pluma de la excavadora peque\u00f1a XGMA XG806 es un componente crucial de los sistemas hidr\u00e1ulicos, dise\u00f1ado espec\u00edficamente para controlar el movimiento de los cucharones en diversas m\u00e1quinas pesadas, como excavadoras, retroexcavadoras y cargadoras frontales. Este cilindro hidr\u00e1ulico facilita la elevaci\u00f3n, el descenso y la inclinaci\u00f3n del cuchar\u00f3n, mejorando as\u00ed la eficiencia en las tareas de manipulaci\u00f3n de materiales.<\/p>\n<p>En esencia, los cilindros de cuchar\u00f3n son cilindros hidr\u00e1ulicos especializados que permiten un control preciso de los procesos de excavaci\u00f3n y carga. Funcionan convirtiendo la presi\u00f3n hidr\u00e1ulica en fuerza mec\u00e1nica, lo que permite a los operadores realizar tareas como excavar, levantar y transportar materiales de forma eficiente. Su dise\u00f1o garantiza fiabilidad y rendimiento en condiciones exigentes, lo que los hace indispensables en los sectores de la construcci\u00f3n y la agricultura.<\/p>\n<p><img decoding=\"async\" src=\"https:\/\/www.hydraulic-cylinders.net\/wp-content\/uploads\/2025\/04\/songte-company-1.webp\" alt=\"Imagen del cilindro de la pluma\"\/><\/p>\n<h2>Caracter\u00edsticas del cilindro de la pluma<\/h2>\n<ul>\n<li><strong>Alta resistencia y durabilidad:<\/strong> Fabricado en acero o aluminio de alta resistencia, el cilindro de la pluma soporta alta presi\u00f3n y cargas pesadas, lo que lo hace ideal para entornos de trabajo exigentes. Su dise\u00f1o considera la resistencia al desgaste y a la corrosi\u00f3n, lo que prolonga su vida \u00fatil.<\/li>\n<li><strong>Operaci\u00f3n hidr\u00e1ulica eficiente:<\/strong> El cilindro utiliza presi\u00f3n de aceite hidr\u00e1ulico para una extensi\u00f3n y retracci\u00f3n suaves, lo que permite una respuesta r\u00e1pida a los comandos operativos al tiempo que proporciona una fuerza de empuje y tracci\u00f3n sustancial, ideal para manipular objetos pesados \u200b\u200by tareas complejas.<\/li>\n<li><strong>Diversos tipos:<\/strong> Disponible en configuraciones de simple efecto (acci\u00f3n hidr\u00e1ulica en una direcci\u00f3n) o doble efecto (acci\u00f3n hidr\u00e1ulica en ambas direcciones), el cilindro de la pluma satisface diversas necesidades operativas. Algunos modelos son telesc\u00f3picos, lo que permite una mayor extensi\u00f3n sin aumentar las dimensiones externas, lo cual es ideal para aplicaciones con espacio limitado.<\/li>\n<li><strong>Fabricaci\u00f3n personalizada:<\/strong> Nuestra empresa se especializa en la producci\u00f3n de cilindros de pluma que reemplazan perfectamente los cilindros hidr\u00e1ulicos existentes, garantizando un ajuste y funcionamiento perfectos para varios modelos de maquinaria.<\/li>\n<li><strong>Seguro de calidad:<\/strong> Cada cilindro se somete a rigurosas pruebas para cumplir con los est\u00e1ndares de la industria, garantizando confiabilidad y rendimiento en el campo.<\/li>\n<\/ul>\n<p><img decoding=\"async\" src=\"https:\/\/www.hydraulic-cylinders.net\/wp-content\/uploads\/2025\/04\/songte-cylinder-head-with-all-kinds-excavator-models.webp\" alt=\"Imagen de la culata\"\/><\/p>\n<h2>Escenarios de aplicaci\u00f3n<\/h2>\n<h3>1. Equipos de construcci\u00f3n<\/h3>\n<p>En las excavadoras, los cilindros de la pluma son vitales para excavar, cargar y mover tierra o escombros. La acci\u00f3n hidr\u00e1ulica permite al operador maniobrar el cuchar\u00f3n con precisi\u00f3n, esencial para tareas de construcci\u00f3n que requieren precisi\u00f3n en la profundidad y la colocaci\u00f3n del material. La capacidad de elevar y bajar el cuchar\u00f3n eficientemente agiliza los procesos de trabajo, lo que se traduce en una mayor productividad en las obras.<\/p>\n<h3>2. Maquinaria agr\u00edcola<\/h3>\n<p>Utilizados en cargadoras frontales, los cilindros de la pluma facilitan la recolecci\u00f3n, elevaci\u00f3n y transporte de tierra, heno y otros materiales. Su dise\u00f1o robusto permite levantar cargas pesadas sin comprometer la integridad de la m\u00e1quina. El sistema hidr\u00e1ulico garantiza que los operadores puedan manipular grandes vol\u00famenes de materiales con facilidad, optimizando la eficiencia operativa en las tareas agr\u00edcolas.<\/p>\n<h3>3. Excavadoras<\/h3>\n<p>En las excavadoras, el cilindro de la pluma permite que la cuchara penetre eficazmente en el suelo, alcanzando la profundidad de excavaci\u00f3n deseada. Esta funci\u00f3n es crucial para diversas aplicaciones de construcci\u00f3n, ya que permite la remoci\u00f3n eficiente de tierra y escombros, optimizando significativamente el proceso de excavaci\u00f3n.<\/p>\n<h3>4. Cargadores<\/h3>\n<p>En las cargadoras frontales, el cilindro de la pluma facilita la elevaci\u00f3n y descarga eficaz de materiales. Esta capacidad es esencial para tareas como la carga de camiones o el traslado de materiales a diferentes puntos de la obra, garantizando un funcionamiento fluido y eficiente.<\/p>\n<h2>Consideraciones de dise\u00f1o y est\u00e1ndares de selecci\u00f3n<\/h2>\n<h3>Capacidad de carga<\/h3>\n<p>Al seleccionar un cilindro de pluma, una de las principales consideraciones es su capacidad de carga. El cilindro debe soportar el peso m\u00e1ximo que soportar\u00e1 durante su funcionamiento. Esto requiere una evaluaci\u00f3n cuidadosa de las condiciones de trabajo y el tipo de materiales que se manipulan. Los fabricantes suelen proporcionar capacidades de carga, que deben ajustarse a los requisitos operativos para evitar fallos.<\/p>\n<h3>Rendimiento de sellado<\/h3>\n<p>El sellado es fundamental en los sistemas hidr\u00e1ulicos para evitar fugas y mantener la presi\u00f3n. La elecci\u00f3n de los sellos, como los de pist\u00f3n y v\u00e1stago, debe basarse en el entorno de trabajo. Los sellos fabricados con materiales como poliuretano y caucho de nitrilo ofrecen una excelente resistencia al desgaste y se utilizan com\u00fanmente en aplicaciones hidr\u00e1ulicas de alto rendimiento. Un sellado adecuado prolongar\u00e1 la vida \u00fatil del cilindro y mantendr\u00e1 la eficiencia operativa.<\/p>\n<h3>Durabilidad<\/h3>\n<p>La durabilidad es fundamental en el dise\u00f1o de cilindros hidr\u00e1ulicos. Factores como la elecci\u00f3n del material, el tratamiento superficial y la integridad del dise\u00f1o contribuyen a la vida \u00fatil del producto. Los materiales y recubrimientos superficiales de alta calidad previenen la corrosi\u00f3n y el desgaste, garantizando un rendimiento fiable a largo plazo. El mantenimiento y las inspecciones regulares mejoran a\u00fan m\u00e1s la durabilidad del cilindro, reduciendo la necesidad de reemplazos.<\/p>\n<h3>Caracter\u00edsticas de seguridad<\/h3>\n<p>La seguridad es una prioridad fundamental en el dise\u00f1o de cilindros hidr\u00e1ulicos. Caracter\u00edsticas como v\u00e1lvulas de alivio de presi\u00f3n y cierres de seguridad pueden prevenir accidentes causados \u200b\u200bpor presi\u00f3n excesiva o fallas mec\u00e1nicas. Los operadores deben recibir capacitaci\u00f3n para comprender estos mecanismos de seguridad, lo que garantiza el uso correcto del equipo y reduce el riesgo de lesiones en el lugar de trabajo.<\/p>\n<h3>Accesibilidad de mantenimiento<\/h3>\n<p>El dise\u00f1o del cilindro de la pluma debe facilitar el acceso durante el mantenimiento. Las inspecciones y el mantenimiento regulares son esenciales para garantizar el correcto funcionamiento del sistema hidr\u00e1ulico. La posibilidad de reemplazar r\u00e1pidamente los sellos o verificar los niveles de fluido puede ahorrar tiempo y reducir el tiempo de inactividad durante la operaci\u00f3n. Los fabricantes deben considerar los requisitos de mantenimiento en sus dise\u00f1os para facilitar la tarea a los operadores.<\/p>\n<p><img decoding=\"async\" src=\"https:\/\/www.hydraulic-cylinders.net\/wp-content\/uploads\/2025\/04\/songte-oil-pipes-and-spare-parts.webp\" alt=\"Imagen de tuber\u00edas de aceite y repuestos\"\/><\/p>\n<h2>Sellado y lubricaci\u00f3n<\/h2>\n<p>Un sellado y una lubricaci\u00f3n eficaces son vitales para el rendimiento de los cilindros hidr\u00e1ulicos. Diversos componentes de sellado, como sellos de pist\u00f3n y de v\u00e1stago, se utilizan para mantener la presi\u00f3n hidr\u00e1ulica y evitar fugas de fluido. La elecci\u00f3n de sellos fabricados con materiales duraderos como el poliuretano y el caucho de nitrilo mejora significativamente la resistencia al desgaste.<\/p>\n<p>El cuerpo del cilindro y las superficies roscadas de los extremos se procesan meticulosamente para mejorar la resistencia al desgaste y garantizar su longevidad. La lubricaci\u00f3n regular es esencial; los operadores deben agregar aceite hidr\u00e1ulico peri\u00f3dicamente para mantener un rendimiento \u00f3ptimo y reducir la fricci\u00f3n dentro del cilindro. Esto no solo protege los componentes internos, sino que tambi\u00e9n garantiza un funcionamiento suave bajo carga.<\/p>\n<h2>Inspecci\u00f3n peri\u00f3dica y medidas de mantenimiento preventivo<\/h2>\n<ul>\n<li><strong>Inspecciones frecuentes:<\/strong> Revise regularmente el cilindro y los componentes circundantes para detectar signos de desgaste o da\u00f1os. Busque fugas de aceite, que pueden indicar un fallo en los sellos, y eval\u00fae el estado general de las l\u00edneas hidr\u00e1ulicas.<\/li>\n<li><strong>Lubricaci\u00f3n adecuada:<\/strong> Aseg\u00farese de que el cilindro est\u00e9 adecuadamente lubricado. Utilice el tipo de aceite hidr\u00e1ulico recomendado y apl\u00edquelo seg\u00fan las instrucciones del fabricante para mantener un rendimiento \u00f3ptimo.<\/li>\n<li><strong>Reemplazo del sello:<\/strong> Supervise el estado de los sellos y reempl\u00e1celos seg\u00fan sea necesario. Los sellos deteriorados pueden provocar fugas de fluido y reducir el rendimiento, por lo que su reemplazo oportuno es esencial para mantener la integridad del cilindro.<\/li>\n<\/ul>\n<h2>Instrucciones de instalaci\u00f3n<\/h2>\n<p>La correcta instalaci\u00f3n del cilindro de la pluma es crucial para garantizar su funcionalidad y durabilidad. Aseg\u00farese de que el \u00e1rea de trabajo est\u00e9 limpia y libre de residuos. Alinee el cilindro correctamente con los soportes de montaje y f\u00edjelo con las herramientas de instalaci\u00f3n adecuadas para evitar desalineaciones.<\/p>\n<p>Utilice el par de apriete recomendado para los pernos de montaje a fin de garantizar un ajuste firme. Revise las conexiones hidr\u00e1ulicas para evitar fugas; aseg\u00farese de que todos los accesorios est\u00e9n bien apretados y correctamente asentados. Tras la instalaci\u00f3n, inspeccione el sistema para detectar cualquier signo de fuga o funcionamiento anormal antes de poner el equipo en servicio.<\/p>\n<h2>Tareas comunes de mantenimiento<\/h2>\n<h3>1. Inspecciones peri\u00f3dicas<\/h3>\n<p>Realice inspecciones peri\u00f3dicas para identificar cualquier desgaste o da\u00f1o a tiempo. Busque indicios de fugas en sellos y conexiones, y eval\u00fae el estado general del cilindro y el sistema hidr\u00e1ulico. La detecci\u00f3n temprana de problemas puede prevenir problemas m\u00e1s graves en el futuro.<\/p>\n<h3>2. Lubricaci\u00f3n adecuada<\/h3>\n<p>Aseg\u00farese de que el cilindro est\u00e9 lubricado seg\u00fan las especificaciones del fabricante. Una lubricaci\u00f3n adecuada reduce la fricci\u00f3n y el desgaste de las piezas m\u00f3viles, prolongando as\u00ed la vida \u00fatil del cilindro hidr\u00e1ulico. Utilice aceite hidr\u00e1ulico de alta calidad y respete los intervalos de mantenimiento programados para la lubricaci\u00f3n.<\/p>\n<h3>3. Reemplazo de sellos y verificaci\u00f3n de calibraci\u00f3n<\/h3>\n<p>Revise regularmente el estado de los sellos y reempl\u00e1celos seg\u00fan sea necesario para evitar fugas. Las comprobaciones de calibraci\u00f3n garantizan que el cilindro funcione seg\u00fan las especificaciones de dise\u00f1o, evitando ineficiencias operativas. La alineaci\u00f3n correcta durante la instalaci\u00f3n es crucial; considere usar soportes de montaje adecuados para fijar firmemente el cilindro en su lugar.<\/p>\n<p><img decoding=\"async\" src=\"https:\/\/www.hydraulic-cylinders.net\/wp-content\/uploads\/2025\/04\/songte-chushion-collar.webp\" alt=\"Imagen de cuello de coj\u00edn\"\/><\/p>\n<h2>Consideraciones de seguridad y factores ambientales<\/h2>\n<p>Al trabajar con cilindros hidr\u00e1ulicos, es fundamental cumplir con las medidas de seguridad. Los operadores deben recibir capacitaci\u00f3n sobre el manejo y la operaci\u00f3n seguros de equipos hidr\u00e1ulicos. Aseg\u00farese de que todos los dispositivos de seguridad funcionen correctamente, incluidas las v\u00e1lvulas de alivio de presi\u00f3n, para evitar accidentes causados \u200b\u200bpor sobrepresiones inesperadas. Adem\u00e1s, mantenga un entorno de trabajo limpio y seguro para minimizar los riesgos asociados con derrames o fugas de fluido hidr\u00e1ulico.<\/p>\n<h2>Soluci\u00f3n de problemas y problemas comunes<\/h2>\n<ul>\n<li><strong>Fuga:<\/strong> Si nota una fuga de l\u00edquido hidr\u00e1ulico, podr\u00eda indicar que hay sellos desgastados o conexiones sueltas. Inspeccione los sellos y accesorios para detectar da\u00f1os y reempl\u00e1celos si es necesario.<\/li>\n<li><strong>Rendimiento reducido:<\/strong> Si el cilindro de la pluma no responde como se espera, revise si hay niveles bajos de fluido hidr\u00e1ulico o aire en el sistema. Podr\u00eda ser necesario purgar el sistema para eliminar el aire atrapado.<\/li>\n<li><strong>Ruidos inusuales:<\/strong> Si se producen ruidos extra\u00f1os durante el funcionamiento, esto podr\u00eda indicar desgaste o da\u00f1os internos. Se debe realizar una inspecci\u00f3n exhaustiva para identificar y corregir el problema.<\/li>\n<\/ul>\n<h2>Consejos para el manejo de fallas<\/h2>\n<p>Para diagnosticar y resolver eficazmente los problemas con el cilindro de la pluma, los operadores deben revisar peri\u00f3dicamente los datos de rendimiento y realizar inspecciones. Desarrolle un programa de mantenimiento preventivo para identificar posibles problemas antes de que provoquen fallas significativas. Capacitar al personal sobre las fallas comunes y sus soluciones tambi\u00e9n puede mejorar la eficiencia y la seguridad operativas.<\/p>\n<p><img decoding=\"async\" src=\"https:\/\/www.hydraulic-cylinders.net\/wp-content\/uploads\/2025\/04\/songte-bushings-with-all-kinds-of-excavator-models.webp\" alt=\"Imagen de bujes\"\/><\/p>\n<h2>Descripci\u00f3n general de la empresa<\/h2>\n<p>Somos un fabricante especializado en cilindros hidr\u00e1ulicos de repuesto, que ofrece una amplia gama de productos y nos ha convertido en uno de los principales fabricantes y distribuidores mayoristas en el mercado nacional e internacional. Nuestro compromiso con la calidad excepcional se sustenta en una sofisticada estrategia de gesti\u00f3n de la fabricaci\u00f3n, que se basa en personal t\u00e9cnico cualificado, equipos de fabricaci\u00f3n digital avanzados y sistemas de prueba profesionales.<\/p>\n<p>Al mejorar continuamente nuestra plataforma de fabricaci\u00f3n, garantizamos que nuestros productos cumplan con altos est\u00e1ndares de calidad. Nuestra s\u00f3lida capacidad creativa nos permite ofrecer soluciones eficientes, precisas y de alta calidad, adaptadas a las diversas necesidades de nuestros clientes.<\/p>\n<p><img decoding=\"async\" src=\"https:\/\/www.hydraulic-cylinders.net\/wp-content\/uploads\/2025\/04\/songte-company-4.webp\" alt=\"Imagen de la empresa 1\"\/><br \/>\n<img decoding=\"async\" src=\"https:\/\/www.hydraulic-cylinders.net\/wp-content\/uploads\/2025\/04\/songte-company-3.webp\" alt=\"Imagen de la empresa 2\"\/><\/p>\n<p>Autor: lyl<\/p>","protected":false},"excerpt":{"rendered":"<p>Boom Cylinder For XGMA Small Excavator XG806 Product Overview The Boom Cylinder for XGMA Small Excavator XG806 is a crucial component in hydraulic systems, specifically designed to control the movement of buckets in various heavy machinery including excavators, backhoe loaders, and front loaders. This hydraulic cylinder facilitates the lifting, lowering, and tilting of the bucket, [&hellip;]<\/p>","protected":false},"featured_media":17875,"comment_status":"open","ping_status":"closed","template":"","meta":{"_et_pb_use_builder":"","_et_pb_old_content":"","_et_gb_content_width":""},"product_brand":[],"product_cat":[1546],"product_tag":[1547,1496],"class_list":{"0":"post-19310","1":"product","2":"type-product","3":"status-publish","4":"has-post-thumbnail","6":"product_cat-boom-cylinders","7":"product_tag-boom-cylinders","8":"product_tag-hydraulic-cylinders","10":"first","11":"instock","12":"shipping-taxable","13":"product-type-simple"},"amp_enabled":true,"_links":{"self":[{"href":"https:\/\/www.hydraulic-cylinders.net\/es\/wp-json\/wp\/v2\/product\/19310","targetHints":{"allow":["GET"]}}],"collection":[{"href":"https:\/\/www.hydraulic-cylinders.net\/es\/wp-json\/wp\/v2\/product"}],"about":[{"href":"https:\/\/www.hydraulic-cylinders.net\/es\/wp-json\/wp\/v2\/types\/product"}],"replies":[{"embeddable":true,"href":"https:\/\/www.hydraulic-cylinders.net\/es\/wp-json\/wp\/v2\/comments?post=19310"}],"wp:featuredmedia":[{"embeddable":true,"href":"https:\/\/www.hydraulic-cylinders.net\/es\/wp-json\/wp\/v2\/media\/17875"}],"wp:attachment":[{"href":"https:\/\/www.hydraulic-cylinders.net\/es\/wp-json\/wp\/v2\/media?parent=19310"}],"wp:term":[{"taxonomy":"product_brand","embeddable":true,"href":"https:\/\/www.hydraulic-cylinders.net\/es\/wp-json\/wp\/v2\/product_brand?post=19310"},{"taxonomy":"product_cat","embeddable":true,"href":"https:\/\/www.hydraulic-cylinders.net\/es\/wp-json\/wp\/v2\/product_cat?post=19310"},{"taxonomy":"product_tag","embeddable":true,"href":"https:\/\/www.hydraulic-cylinders.net\/es\/wp-json\/wp\/v2\/product_tag?post=19310"}],"curies":[{"name":"wp","href":"https:\/\/api.w.org\/{rel}","templated":true}]}}