{"id":19333,"date":"2025-04-07T06:27:34","date_gmt":"2025-04-07T06:27:34","guid":{"rendered":"https:\/\/www.hydraulic-cylinders.net\/product\/boom-cylinder-for-lonking-middle-excavator-lg6226\/"},"modified":"2025-04-07T06:27:37","modified_gmt":"2025-04-07T06:27:37","slug":"boom-cylinder-for-lonking-middle-excavator-lg6226","status":"publish","type":"product","link":"https:\/\/www.hydraulic-cylinders.net\/es\/producto\/boom-cylinder-for-lonking-middle-excavator-lg6226\/","title":{"rendered":"Cilindro de pluma para excavadora intermedia Lonking LG6226"},"content":{"rendered":"<h1>Cilindro de pluma para excavadora intermedia Lonking LG6226<\/h1>\n<h2>Introducci\u00f3n al cilindro de pluma<\/h2>\n<p>El cilindro de la pluma, dise\u00f1ado espec\u00edficamente para la excavadora intermedia Lonking LG6226, desempe\u00f1a un papel crucial en la operaci\u00f3n de maquinaria pesada. Este cilindro hidr\u00e1ulico es el principal responsable de controlar el movimiento de la pluma de la excavadora, permiti\u00e9ndole extenderse, retraerse e inclinarse seg\u00fan sea necesario. Esta funci\u00f3n es vital para diversas tareas de manipulaci\u00f3n de materiales, lo que convierte al cilindro de la pluma en un componente esencial de los sistemas hidr\u00e1ulicos.<\/p>\n<p>Como componente hidr\u00e1ulico, el cilindro de la pluma utiliza fluido hidr\u00e1ulico para generar presi\u00f3n, lo que permite movimientos suaves y potentes. Sus aplicaciones abarcan numerosas industrias, especialmente la construcci\u00f3n, la agricultura y la miner\u00eda, donde predomina la maquinaria pesada.<\/p>\n<p><img decoding=\"async\" src=\"https:\/\/www.hydraulic-cylinders.net\/wp-content\/uploads\/2025\/04\/songte-company-1.webp\" alt=\"Imagen del cilindro de la pluma\"><\/p>\n<h2>Caracter\u00edsticas del cilindro de la pluma<\/h2>\n<ul>\n<li>\n<h3>Alta resistencia y durabilidad<\/h3>\n<p>Fabricado en acero o aluminio de alta resistencia, el cilindro de la pluma est\u00e1 dise\u00f1ado para soportar alta presi\u00f3n y cargas pesadas. Su dise\u00f1o considera la resistencia al desgaste y la protecci\u00f3n contra la corrosi\u00f3n, lo que garantiza una larga vida \u00fatil en entornos de trabajo hostiles.<\/p>\n<\/li>\n<li>\n<h3>Operaci\u00f3n hidr\u00e1ulica eficiente<\/h3>\n<p>Este cilindro utiliza presi\u00f3n de fluido hidr\u00e1ulico para una extensi\u00f3n y retracci\u00f3n suaves y precisas. Su dise\u00f1o permite una respuesta r\u00e1pida a las \u00f3rdenes operativas, proporcionando una fuerza de empuje y tracci\u00f3n considerable, ideal para manipular materiales pesados \u200b\u200by tareas complejas.<\/p>\n<\/li>\n<li>\n<h3>Diversos tipos<\/h3>\n<p>Disponible en modelos de simple efecto (que operan en una direcci\u00f3n) o doble efecto (que operan en ambas direcciones), el cilindro de la pluma se adapta a diversas necesidades operativas. Algunos modelos son telesc\u00f3picos, lo que permite una mayor extensi\u00f3n sin aumentar el tama\u00f1o externo, lo que los hace ideales para aplicaciones con espacio limitado.<\/p>\n<\/li>\n<li>\n<h3>Fabricaci\u00f3n a medida<\/h3>\n<p>Ofrecemos la fabricaci\u00f3n de este producto con alta precisi\u00f3n, garantizando que nuestros cilindros sean reemplazos perfectos para los cilindros hidr\u00e1ulicos existentes en su maquinaria.<\/p>\n<\/li>\n<\/ul>\n<p><img decoding=\"async\" src=\"https:\/\/www.hydraulic-cylinders.net\/wp-content\/uploads\/2025\/04\/songte-cylinder-head-with-all-kinds-excavator-models.webp\" alt=\"Imagen del modelo de excavadora\"><\/p>\n<h2>Aplicaciones del cilindro de la pluma<\/h2>\n<ul>\n<li>\n<h3>Equipos de construcci\u00f3n<\/h3>\n<p>En las excavadoras, el cilindro de la pluma es crucial para excavar, cargar y mover tierra o escombros. Permite que la pluma se adapte a diversos \u00e1ngulos y alturas, optimizando la eficiencia de excavaci\u00f3n. En las retroexcavadoras, el cilindro de la pluma facilita tanto la excavaci\u00f3n como la elevaci\u00f3n, mejorando la versatilidad general.<\/p>\n<\/li>\n<li>\n<h3>Maquinaria agr\u00edcola<\/h3>\n<p>En las cargadoras frontales, el cilindro de la pluma se encarga de recoger, levantar y transportar tierra, heno y otros materiales. Esta capacidad es vital para la eficiencia de las operaciones agr\u00edcolas, ya que permite a los agricultores manipular los materiales con eficacia y mejorar la productividad.<\/p>\n<\/li>\n<li>\n<h3>excavadoras<\/h3>\n<p>En las excavadoras, el cilindro de la pluma garantiza que el cuchar\u00f3n penetre eficazmente en el suelo, lo que permite excavaciones profundas. Esta funci\u00f3n es crucial en diversas aplicaciones de construcci\u00f3n y paisajismo, ya que permite al operador trabajar f\u00e1cilmente en diferentes tipos y condiciones de suelo.<\/p>\n<\/li>\n<li>\n<h3>Cargadores<\/h3>\n<p>En las cargadoras frontales, el cilindro de la pluma facilita la elevaci\u00f3n y descarga de materiales de forma eficiente. La potencia hidr\u00e1ulica del cilindro proporciona una gran capacidad de elevaci\u00f3n, lo que lo convierte en una herramienta indispensable en las operaciones de manipulaci\u00f3n de materiales.<\/p>\n<\/li>\n<\/ul>\n<h2>Consideraciones de dise\u00f1o y criterios de selecci\u00f3n<\/h2>\n<ul>\n<li>\n<h3>Capacidad de carga<\/h3>\n<p>Al dise\u00f1ar el cilindro de la pluma, la capacidad de carga es un factor fundamental. El cilindro debe ser capaz de soportar el peso m\u00e1ximo que pueda soportar durante su funcionamiento. Esto implica rigurosas pruebas y la selecci\u00f3n de materiales para garantizar la seguridad y la eficiencia bajo carga.<\/p>\n<\/li>\n<li>\n<h3>Mecanismos de sellado<\/h3>\n<p>La integridad de los sistemas hidr\u00e1ulicos depende en gran medida de un sellado eficaz. Las consideraciones de dise\u00f1o implican la selecci\u00f3n de materiales de sellado de alta calidad que eviten fugas y permitan un funcionamiento fluido. El uso de dise\u00f1os de sellos avanzados mejora la durabilidad y el rendimiento, garantizando as\u00ed una larga vida \u00fatil.<\/p>\n<\/li>\n<li>\n<h3>Durabilidad<\/h3>\n<p>La durabilidad es fundamental en el dise\u00f1o de cilindros hidr\u00e1ulicos. Los materiales utilizados deben resistir el desgaste propio del uso diario. Se pueden aplicar recubrimientos y tratamientos especiales para mejorar la resistencia a la corrosi\u00f3n y el desgaste, prolongando as\u00ed la vida \u00fatil del cilindro.<\/p>\n<\/li>\n<li>\n<h3>Caracter\u00edsticas de seguridad<\/h3>\n<p>La seguridad es fundamental al dise\u00f1ar cilindros hidr\u00e1ulicos. El dise\u00f1o debe incluir caracter\u00edsticas que eviten la sobreextensi\u00f3n, la sobrecarga de presi\u00f3n y otras posibles fallas. Las v\u00e1lvulas de seguridad y los sensores integrados pueden mejorar la seguridad operativa, protegiendo tanto al equipo como a los operadores.<\/p>\n<\/li>\n<li>\n<h3>Mantenibilidad<\/h3>\n<p>Finalmente, el dise\u00f1o debe facilitar el mantenimiento. Los componentes deben ser f\u00e1cilmente accesibles para inspecci\u00f3n y reparaci\u00f3n. Esta consideraci\u00f3n reduce el tiempo de inactividad y ayuda a mantener la eficiencia operativa, aumentando la fiabilidad del equipo a lo largo del tiempo.<\/p>\n<\/li>\n<\/ul>\n<p><img decoding=\"async\" src=\"https:\/\/www.hydraulic-cylinders.net\/wp-content\/uploads\/2025\/04\/songte-oil-pipes-and-spare-parts.webp\" alt=\"Imagen de tuber\u00edas de aceite y repuestos\"><\/p>\n<h2>Sellado y lubricaci\u00f3n del cilindro hidr\u00e1ulico<\/h2>\n<p>El cilindro de la pluma utiliza diversos componentes de sellado, como sellos de pist\u00f3n y de v\u00e1stago, para garantizar la retenci\u00f3n del fluido hidr\u00e1ulico. Los sellos, fabricados con materiales resistentes al desgaste como poliuretano y caucho de nitrilo, se seleccionan por su durabilidad. La superficie del cuerpo del cilindro y los extremos roscados se someten a tratamientos precisos para mejorar la resistencia al desgaste y prolongar su vida \u00fatil.<\/p>\n<p>La lubricaci\u00f3n regular es esencial para un rendimiento \u00f3ptimo. La inyecci\u00f3n peri\u00f3dica de aceite hidr\u00e1ulico es necesaria para minimizar la fricci\u00f3n y el desgaste, lo que permite un funcionamiento m\u00e1s suave. Una lubricaci\u00f3n adecuada no solo prolonga la vida \u00fatil del cilindro, sino que tambi\u00e9n garantiza un funcionamiento seguro y eficiente.<\/p>\n<h2>Inspecci\u00f3n peri\u00f3dica y medidas de mantenimiento preventivo<\/h2>\n<ul>\n<li>\n<h3>Inspecciones peri\u00f3dicas<\/h3>\n<p>Las inspecciones frecuentes del cilindro de la pluma son cruciales para detectar a tiempo cualquier signo de desgaste o da\u00f1o. Inspeccione los sellos para detectar fugas, verifique si hay ruidos inusuales durante el funcionamiento y aseg\u00farese de que los niveles de fluido hidr\u00e1ulico sean adecuados.<\/p>\n<\/li>\n<li>\n<h3>Lubricaci\u00f3n adecuada<\/h3>\n<p>Garantizar una lubricaci\u00f3n adecuada es vital para la longevidad del cilindro. Revisar regularmente los niveles de aceite hidr\u00e1ulico y rellenarlo a tiempo puede prevenir el sobrecalentamiento y el desgaste excesivo de las piezas m\u00f3viles. Es fundamental seguir el programa de lubricaci\u00f3n del fabricante.<\/p>\n<\/li>\n<li>\n<h3>Reemplazo del sello<\/h3>\n<p>Los sellos pueden desgastarse con el tiempo, lo que provoca fugas y reduce la eficiencia. Revisar peri\u00f3dicamente los sellos para detectar signos de desgaste y reemplazarlos cuando sea necesario ayudar\u00e1 a mantener la integridad y el rendimiento del sistema hidr\u00e1ulico.<\/p>\n<\/li>\n<\/ul>\n<p><img decoding=\"async\" src=\"https:\/\/www.hydraulic-cylinders.net\/wp-content\/uploads\/2025\/04\/songte-chushion-collar.webp\" alt=\"Imagen de cuello de coj\u00edn\"><\/p>\n<h2>Gu\u00eda de instalaci\u00f3n correcta<\/h2>\n<p>La correcta instalaci\u00f3n del cilindro de la pluma es fundamental para garantizar un funcionamiento eficiente y seguro. Comience por alinear el cilindro correctamente con los puntos de montaje de la excavadora. Utilice los soportes de montaje adecuados para fijar el cilindro en su lugar, asegur\u00e1ndose de que est\u00e9 correctamente posicionado para evitar desalineaciones durante el funcionamiento.<\/p>\n<p>Antes de apretar los pernos, verifique la alineaci\u00f3n y aseg\u00farese de que haya suficiente espacio libre para las l\u00edneas hidr\u00e1ulicas. Una vez alineados, fije firmemente todos los componentes, pero evite apretarlos demasiado, ya que podr\u00eda da\u00f1ar los accesorios. Despu\u00e9s de la instalaci\u00f3n, realice una inspecci\u00f3n exhaustiva y pruebe el sistema hidr\u00e1ulico para garantizar que todo funcione correctamente.<\/p>\n<h2>Tareas comunes de mantenimiento<\/h2>\n<ul>\n<li>\n<h3>Controles regulares<\/h3>\n<p>Realizar revisiones peri\u00f3dicas del cilindro de la pluma garantiza que cualquier problema potencial se solucione antes de que se agrave. Busque indicios de fugas, inspeccione los sellos y eval\u00fae el estado general del cilindro. La detecci\u00f3n temprana de problemas puede ahorrar costos de reparaci\u00f3n significativos.<\/p>\n<\/li>\n<li>\n<h3>Lubricaci\u00f3n adecuada<\/h3>\n<p>Aplicar el lubricante correcto en los intervalos recomendados es esencial para mantener el rendimiento del cilindro. Utilice siempre el aceite hidr\u00e1ulico especificado por el fabricante y aseg\u00farese de que el cilindro est\u00e9 bien lubricado para reducir el desgaste de las juntas y las piezas m\u00f3viles.<\/p>\n<\/li>\n<li>\n<h3>Reemplazo de sellos y controles de calibraci\u00f3n<\/h3>\n<p>Reemplace los sellos regularmente como parte del mantenimiento preventivo. Programar el reemplazo de sellos seg\u00fan el uso puede prevenir fugas. Adem\u00e1s, es necesario realizar comprobaciones peri\u00f3dicas de calibraci\u00f3n para garantizar que el cilindro funcione seg\u00fan las especificaciones designadas y obtenga un rendimiento \u00f3ptimo.<\/p>\n<\/li>\n<\/ul>\n<h2>Consideraciones de seguridad y factores ambientales<\/h2>\n<p>Al trabajar con equipos hidr\u00e1ulicos como el cilindro de la pluma, las medidas de seguridad son primordiales. Los operadores deben usar siempre el equipo de protecci\u00f3n personal (EPP) adecuado y estar capacitados para manipular los sistemas hidr\u00e1ulicos de forma segura. Las auditor\u00edas de seguridad peri\u00f3dicas pueden ayudar a identificar posibles peligros y reducir el riesgo de accidentes durante la operaci\u00f3n.<\/p>\n<h2>Diagn\u00f3stico de fallas y problemas comunes<\/h2>\n<ul>\n<li>\n<h3>S\u00edntomas de fugas<\/h3>\n<p>Las fugas son un problema com\u00fan en los cilindros hidr\u00e1ulicos. Entre las se\u00f1ales se incluyen la presencia de l\u00edquido alrededor de los sellos o una disminuci\u00f3n del rendimiento. Los operadores deben revisar peri\u00f3dicamente si hay fugas y solucionarlas de inmediato para evitar interrupciones operativas.<\/p>\n<\/li>\n<li>\n<h3>Rendimiento reducido<\/h3>\n<p>Si el cilindro de la pluma presenta una capacidad de elevaci\u00f3n reducida o un movimiento lento, esto podr\u00eda indicar problemas como niveles bajos de fluido hidr\u00e1ulico o sellos da\u00f1ados. La soluci\u00f3n de problemas debe incluir la comprobaci\u00f3n de los niveles de fluido y la inspecci\u00f3n del cilindro para detectar cualquier da\u00f1o aparente.<\/p>\n<\/li>\n<li>\n<h3>Ruidos inusuales<\/h3>\n<p>Los ruidos inusuales durante el funcionamiento pueden indicar problemas internos, como cavitaci\u00f3n o desgaste de componentes. Los operadores deben investigar el origen del ruido, ya que podr\u00eda provocar fallos importantes si no se soluciona.<\/p>\n<\/li>\n<\/ul>\n<p><img decoding=\"async\" src=\"https:\/\/www.hydraulic-cylinders.net\/wp-content\/uploads\/2025\/04\/songte-bushings-with-all-kinds-of-excavator-models.webp\" alt=\"Imagen de bujes\"><\/p>\n<h2>Consejos y soluciones para la resoluci\u00f3n de problemas<\/h2>\n<p>Para diagnosticar y resolver eficazmente los problemas con el cilindro de la pluma, los operadores deben seguir un enfoque sistem\u00e1tico. Primero, eval\u00faen los s\u00edntomas y busquen causas como niveles bajos de l\u00edquido, sellos da\u00f1ados o desalineaci\u00f3n. El mantenimiento y las revisiones regulares pueden prevenir muchos problemas.<\/p>\n<p>Implementar medidas preventivas, como una lubricaci\u00f3n adecuada y revisiones oportunas, puede reducir significativamente la probabilidad de problemas. Capacitar a los operadores sobre el uso y mantenimiento adecuados puede mejorar a\u00fan m\u00e1s la confiabilidad del sistema hidr\u00e1ulico.<\/p>\n<h2>Acerca de nuestra empresa<\/h2>\n<p>Somos un fabricante l\u00edder de cilindros hidr\u00e1ulicos de repuesto, con una amplia gama de productos para el mercado nacional e internacional. Nuestro compromiso con la excelencia en la calidad est\u00e1 respaldado por un proceso de fabricaci\u00f3n refinado y equipos digitales de \u00faltima generaci\u00f3n.<\/p>\n<p>Nuestro personal cualificado, combinado con sistemas de inspecci\u00f3n avanzados, nos permite mejorar continuamente nuestra capacidad de producci\u00f3n. Nos adherimos a los principios de eficiencia, precisi\u00f3n y alta calidad, lo que garantiza la satisfacci\u00f3n eficaz de las diversas necesidades de nuestros clientes.<\/p>\n<p><img decoding=\"async\" src=\"https:\/\/www.hydraulic-cylinders.net\/wp-content\/uploads\/2025\/04\/songte-company-4.webp\" alt=\"Imagen de la empresa\"><br \/>\n<img decoding=\"async\" src=\"https:\/\/www.hydraulic-cylinders.net\/wp-content\/uploads\/2025\/04\/songte-company-3.webp\" alt=\"Imagen de la empresa\"><\/p>\n<p>Ofrecemos servicios profesionales, certificaciones internacionales, soluciones personalizadas y un s\u00f3lido soporte posventa para garantizar la satisfacci\u00f3n del cliente y mantener asociaciones a largo plazo.<\/p>\n<p>Autor: lyl<\/p>","protected":false},"excerpt":{"rendered":"<p>Boom Cylinder For Lonking Middle Excavator LG6226 Introduction to the Boom Cylinder The Boom Cylinder, specifically designed for the Lonking Middle Excavator LG6226, plays a crucial role in the operation of heavy machinery. This hydraulic cylinder is primarily responsible for controlling the movement of the excavator&#8217;s boom, allowing it to extend, retract, and tilt as [&hellip;]<\/p>","protected":false},"featured_media":17868,"comment_status":"open","ping_status":"closed","template":"","meta":{"_et_pb_use_builder":"","_et_pb_old_content":"","_et_gb_content_width":""},"product_brand":[],"product_cat":[1546],"product_tag":[1547,1496],"class_list":{"0":"post-19333","1":"product","2":"type-product","3":"status-publish","4":"has-post-thumbnail","6":"product_cat-boom-cylinders","7":"product_tag-boom-cylinders","8":"product_tag-hydraulic-cylinders","10":"first","11":"instock","12":"shipping-taxable","13":"product-type-simple"},"amp_enabled":true,"_links":{"self":[{"href":"https:\/\/www.hydraulic-cylinders.net\/es\/wp-json\/wp\/v2\/product\/19333","targetHints":{"allow":["GET"]}}],"collection":[{"href":"https:\/\/www.hydraulic-cylinders.net\/es\/wp-json\/wp\/v2\/product"}],"about":[{"href":"https:\/\/www.hydraulic-cylinders.net\/es\/wp-json\/wp\/v2\/types\/product"}],"replies":[{"embeddable":true,"href":"https:\/\/www.hydraulic-cylinders.net\/es\/wp-json\/wp\/v2\/comments?post=19333"}],"wp:featuredmedia":[{"embeddable":true,"href":"https:\/\/www.hydraulic-cylinders.net\/es\/wp-json\/wp\/v2\/media\/17868"}],"wp:attachment":[{"href":"https:\/\/www.hydraulic-cylinders.net\/es\/wp-json\/wp\/v2\/media?parent=19333"}],"wp:term":[{"taxonomy":"product_brand","embeddable":true,"href":"https:\/\/www.hydraulic-cylinders.net\/es\/wp-json\/wp\/v2\/product_brand?post=19333"},{"taxonomy":"product_cat","embeddable":true,"href":"https:\/\/www.hydraulic-cylinders.net\/es\/wp-json\/wp\/v2\/product_cat?post=19333"},{"taxonomy":"product_tag","embeddable":true,"href":"https:\/\/www.hydraulic-cylinders.net\/es\/wp-json\/wp\/v2\/product_tag?post=19333"}],"curies":[{"name":"wp","href":"https:\/\/api.w.org\/{rel}","templated":true}]}}