{"id":19343,"date":"2025-04-07T06:28:02","date_gmt":"2025-04-07T06:28:02","guid":{"rendered":"https:\/\/www.hydraulic-cylinders.net\/product\/boom-cylinder-for-jcm-small-excavator-jcm917s\/"},"modified":"2025-04-07T06:28:05","modified_gmt":"2025-04-07T06:28:05","slug":"boom-cylinder-for-jcm-small-excavator-jcm917s","status":"publish","type":"product","link":"https:\/\/www.hydraulic-cylinders.net\/es\/producto\/boom-cylinder-for-jcm-small-excavator-jcm917s\/","title":{"rendered":"Cilindro de pluma para excavadora peque\u00f1a JCM JCM917S"},"content":{"rendered":"<h1>Cilindro de pluma para excavadora peque\u00f1a JCM JCM917S<\/h1>\n<h2>Descripci\u00f3n general del producto<\/h2>\n<p>El cilindro de la pluma para la excavadora peque\u00f1a JCM JCM917S es un cilindro hidr\u00e1ulico esencial, dise\u00f1ado espec\u00edficamente para controlar el movimiento del cuchar\u00f3n en diversas aplicaciones de maquinaria pesada. Este tipo de cilindro hidr\u00e1ulico es crucial para garantizar el funcionamiento eficaz de excavadoras, retroexcavadoras y cargadoras frontales, permitiendo que el cuchar\u00f3n se eleve, baje e incline, facilitando as\u00ed las tareas de manipulaci\u00f3n de materiales. El cilindro de la pluma desempe\u00f1a un papel fundamental en el sistema hidr\u00e1ulico, permitiendo los movimientos potentes y precisos necesarios para las obras de construcci\u00f3n y excavaci\u00f3n.<\/p>\n<p><img decoding=\"async\" src=\"https:\/\/www.hydraulic-cylinders.net\/wp-content\/uploads\/2025\/04\/songte-company-1.webp\" alt=\"Cilindro de pluma para excavadora peque\u00f1a JCM\" \/><\/p>\n<h3>Definici\u00f3n y descripci\u00f3n general de los cilindros de los cucharones<\/h3>\n<p>Los cilindros de cuchar\u00f3n son cilindros hidr\u00e1ulicos especializados que controlan el movimiento del cuchar\u00f3n en maquinaria pesada. Estos cilindros permiten a los operarios manipular eficientemente la posici\u00f3n del cuchar\u00f3n para realizar diversas tareas, como excavar, levantar y descargar materiales. Estos sistemas hidr\u00e1ulicos utilizan fluido hidr\u00e1ulico presurizado para generar movimiento, proporcionando la resistencia y precisi\u00f3n necesarias para operaciones de servicio pesado. El funcionamiento suave de los cilindros de cuchar\u00f3n es vital para aumentar la productividad y garantizar la seguridad en las obras.<\/p>\n<h2>Caracter\u00edsticas principales<\/h2>\n<ul>\n<li><strong>Alta resistencia y durabilidad:<\/strong> Generalmente fabricados en acero o aluminio de alta resistencia, estos cilindros soportan alta presi\u00f3n y cargas pesadas, lo que los hace ideales para entornos de trabajo exigentes. Su dise\u00f1o incluye resistencia al desgaste y protecci\u00f3n contra la corrosi\u00f3n, lo que prolonga la vida \u00fatil del producto.<\/li>\n<li><strong>Operaci\u00f3n hidr\u00e1ulica eficiente:<\/strong> Al utilizar la presi\u00f3n del aceite hidr\u00e1ulico para una extensi\u00f3n y retracci\u00f3n suaves, los cilindros pueden responder r\u00e1pidamente a los comandos de control, proporcionando poderosas fuerzas de empuje y tracci\u00f3n ideales para manejar tareas pesadas y complejas.<\/li>\n<li><strong>Diversos tipos:<\/strong> Los clientes pueden elegir entre cilindros de simple efecto (que utilizan presi\u00f3n hidr\u00e1ulica en una sola direcci\u00f3n) o de doble efecto (que utilizan presi\u00f3n hidr\u00e1ulica en ambas direcciones), para satisfacer diversas necesidades operativas. Algunos modelos cuentan con dise\u00f1os telesc\u00f3picos que permiten una mayor extensi\u00f3n sin aumentar las dimensiones externas, ideal para aplicaciones con espacio limitado.<\/li>\n<li><strong>Compatibilidad:<\/strong> Nuestros productos pueden reemplazar perfectamente los cilindros hidr\u00e1ulicos existentes, garantizando una integraci\u00f3n perfecta con varios modelos de maquinaria.<\/li>\n<li><strong>Opciones personalizables:<\/strong> Ofrecemos soluciones personalizadas para satisfacer los requisitos espec\u00edficos del cliente, garantizando un rendimiento \u00f3ptimo para diferentes m\u00e1quinas y necesidades del proyecto.<\/li>\n<\/ul>\n<p><img decoding=\"async\" src=\"https:\/\/www.hydraulic-cylinders.net\/wp-content\/uploads\/2025\/04\/songte-cylinder-head-with-all-kinds-excavator-models.webp\" alt=\"Cilindros hidr\u00e1ulicos de repuesto\" \/><\/p>\n<h2>Aplicaciones<\/h2>\n<h3>Equipos de construcci\u00f3n<\/h3>\n<p>En las excavadoras, los cilindros de la pluma son vitales para excavar, cargar y mover tierra o escombros. Su capacidad para proporcionar un control preciso del movimiento del cuchar\u00f3n facilita una excavaci\u00f3n eficaz, garantizando que las tareas se completen de forma eficiente y segura. En las retroexcavadoras, estos cilindros ayudan no solo en la excavaci\u00f3n, sino tambi\u00e9n en la elevaci\u00f3n de materiales para su transporte.<\/p>\n<h3>Maquinaria agr\u00edcola<\/h3>\n<p>En las cargadoras frontales, los cilindros de la pluma se utilizan para recoger, levantar y transportar tierra, heno y otros materiales. Su dise\u00f1o permite movimientos verticales e inclinables suaves, lo que facilita a los agricultores diversas tareas, desde cargar alimento hasta limpiar los campos.<\/p>\n<h3>excavadoras<\/h3>\n<p>Los cilindros de la pluma de las excavadoras permiten que el cuchar\u00f3n penetre eficazmente en el suelo, lo que permite excavaciones potentes. Su resistencia y rendimiento fiable los convierten en componentes esenciales para proyectos de excavaci\u00f3n residenciales y comerciales.<\/p>\n<h3>Cargadores<\/h3>\n<p>En las cargadoras frontales, los cilindros de la pluma ayudan a elevar y descargar cargas eficientemente. Su capacidad para manipular materiales pesados \u200b\u200bgarantiza la fluidez de las operaciones, lo que contribuye a una mayor productividad en las obras de construcci\u00f3n.<\/p>\n<h2>Consideraciones de dise\u00f1o y criterios de selecci\u00f3n<\/h2>\n<h3>Capacidad de carga<\/h3>\n<p>Al seleccionar un cilindro de pluma, una de las consideraciones m\u00e1s importantes es la capacidad de carga. El cilindro debe ser capaz de soportar el peso m\u00e1ximo que soportar\u00e1 durante las operaciones. Los ingenieros deben calcular los requisitos de carga seg\u00fan la maquinaria y las tareas a realizar. Un cilindro con capacidad de carga insuficiente corre el riesgo de fallar, lo que puede provocar accidentes y da\u00f1os en el equipo.<\/p>\n<h3>Sellado y durabilidad<\/h3>\n<p>El sellado es un aspecto fundamental del dise\u00f1o de un cilindro de pluma. Unos sellos adecuados previenen fugas de fluido hidr\u00e1ulico, que pueden reducir la eficiencia y provocar fallos en el equipo. Los sellos de alta calidad, fabricados con materiales como poliuretano o caucho de nitrilo, garantizan durabilidad y resistencia al desgaste. Adem\u00e1s, el cuerpo del cilindro debe someterse a un mecanizado de precisi\u00f3n para mejorar su resistencia al desgaste, prolongar su vida \u00fatil y reducir la necesidad de mantenimiento.<\/p>\n<h3>Caracter\u00edsticas de seguridad<\/h3>\n<p>La seguridad es primordial al trabajar con sistemas hidr\u00e1ulicos. Los cilindros de la pluma deben incorporar caracter\u00edsticas de seguridad, como v\u00e1lvulas de alivio de presi\u00f3n, para evitar sobrecargas. Estas v\u00e1lvulas garantizan que, si el sistema alcanza niveles de presi\u00f3n inseguros, se libere el exceso de presi\u00f3n, protegiendo as\u00ed al cilindro y al operador. Adem\u00e1s, el dise\u00f1o debe facilitar el acceso para la inspecci\u00f3n y el mantenimiento, garantizando as\u00ed que se puedan realizar comprobaciones de seguridad con regularidad.<\/p>\n<p><img decoding=\"async\" src=\"https:\/\/www.hydraulic-cylinders.net\/wp-content\/uploads\/2025\/04\/songte-oil-pipes-and-spare-parts.webp\" alt=\"Piezas de cilindros hidr\u00e1ulicos\" \/><\/p>\n<h2>Sellado y lubricaci\u00f3n<\/h2>\n<p>Un sellado y una lubricaci\u00f3n eficaces son cruciales para el rendimiento \u00f3ptimo de los cilindros de la pluma. Se emplean diversos sellos, como sellos de pist\u00f3n y sellos de v\u00e1stago, para evitar fugas de fluido hidr\u00e1ulico. La elecci\u00f3n de materiales de sellado, como el poliuretano y el caucho de nitrilo, mejora la resistencia al desgaste y la longevidad. El cuerpo del cilindro y los extremos roscados se someten a un procesamiento de precisi\u00f3n para aumentar la resistencia al desgaste. La lubricaci\u00f3n regular con el aceite hidr\u00e1ulico adecuado es esencial para minimizar la fricci\u00f3n, prolongar la vida \u00fatil del cilindro y garantizar un funcionamiento suave.<\/p>\n<h2>Inspecci\u00f3n regular y mantenimiento preventivo<\/h2>\n<ul>\n<li><strong>Inspecciones de rutina:<\/strong> Revise peri\u00f3dicamente si hay fugas, da\u00f1os o desgaste en las juntas y componentes. La detecci\u00f3n temprana de problemas puede evitar aver\u00edas graves y reparaciones costosas.<\/li>\n<li><strong>Lubricaci\u00f3n adecuada:<\/strong> Aseg\u00farese de que los cilindros hidr\u00e1ulicos est\u00e9n adecuadamente lubricados con el tipo correcto de aceite hidr\u00e1ulico para mantener un funcionamiento suave y evitar el desgaste.<\/li>\n<li><strong>Reemplazo del sello:<\/strong> Reemplace los sellos peri\u00f3dicamente seg\u00fan el uso y el desgaste para mantener la integridad hidr\u00e1ulica y evitar fugas.<\/li>\n<\/ul>\n<h2>Instrucciones de instalaci\u00f3n<\/h2>\n<p>La correcta instalaci\u00f3n del cilindro de la pluma es vital para su rendimiento y durabilidad. Para empezar, aseg\u00farese de tener a mano todas las herramientas y componentes necesarios. Alinee el cilindro con precisi\u00f3n con los soportes de montaje, utilizando los soportes adecuados para fijarlo en su lugar. Apriete todos los pernos seg\u00fan las especificaciones del fabricante, asegur\u00e1ndose de que el cilindro est\u00e9 correctamente posicionado y estable. Tras la instalaci\u00f3n, es fundamental llenar el sistema hidr\u00e1ulico con el aceite hidr\u00e1ulico recomendado y comprobar si hay fugas. Finalmente, realice una prueba de funcionamiento para confirmar que el cilindro funciona de forma suave y eficaz.<\/p>\n<h2>Tareas comunes de mantenimiento<\/h2>\n<ul>\n<li><strong>Inspecciones regulares:<\/strong> Realice inspecciones visuales para identificar cualquier signo de desgaste o fugas. Este enfoque proactivo ayuda a detectar problemas a tiempo, antes de que se agraven.<\/li>\n<li><strong>Lubricaci\u00f3n adecuada:<\/strong> Aseg\u00farese de que los cilindros hidr\u00e1ulicos est\u00e9n lubricados seg\u00fan las recomendaciones del fabricante. Una lubricaci\u00f3n adecuada minimiza el desgaste y mejora el rendimiento.<\/li>\n<li><strong>Reemplazo del sello:<\/strong> Supervise el estado de los sellos y reempl\u00e1celos cuando presenten signos evidentes de desgaste. Un buen mantenimiento de los sellos es crucial para prevenir fugas de fluido hidr\u00e1ulico y mantener la eficiencia del sistema.<\/li>\n<\/ul>\n<h2>Consideraciones de seguridad y factores ambientales<\/h2>\n<p>Implementar medidas de seguridad al utilizar cilindros de pluma es fundamental para garantizar el bienestar de los operadores y la longevidad de la maquinaria. Los operadores deben recibir capacitaci\u00f3n sobre la operaci\u00f3n segura de los sistemas hidr\u00e1ulicos, incluyendo la comprensi\u00f3n de los l\u00edmites de capacidad de carga y la importancia de un mantenimiento adecuado. Tambi\u00e9n deben considerarse factores ambientales como la exposici\u00f3n a temperaturas extremas o materiales corrosivos, ya que pueden afectar el rendimiento y la vida \u00fatil de los cilindros hidr\u00e1ulicos.<\/p>\n<h2>Soluci\u00f3n de problemas y problemas comunes<\/h2>\n<ul>\n<li><strong>Fuga:<\/strong> Las causas comunes de fugas incluyen sellos desgastados o accesorios da\u00f1ados. Inspeccione los sellos regularmente y reempl\u00e1celos cuando sea necesario.<\/li>\n<li><strong>Operaci\u00f3n lenta:<\/strong> Si el cilindro de la pluma funciona lentamente, verifique los niveles de l\u00edquido hidr\u00e1ulico y aseg\u00farese de que no haya obstrucciones en las l\u00edneas hidr\u00e1ulicas.<\/li>\n<li><strong>Controles que no responden:<\/strong> Un cilindro que no responde puede indicar que hay aire atrapado en el sistema hidr\u00e1ulico o que una v\u00e1lvula de control no funciona correctamente. Purgue el sistema y compruebe el funcionamiento de la v\u00e1lvula.<\/li>\n<\/ul>\n<h2>Consejos para una soluci\u00f3n de problemas eficaz<\/h2>\n<p>Al diagnosticar problemas con los cilindros de la pluma, es fundamental adoptar un enfoque sistem\u00e1tico. Comience por identificar los s\u00edntomas y revise el manual de operaci\u00f3n para obtener consejos comunes de soluci\u00f3n de problemas. Revisar los niveles de fluido hidr\u00e1ulico y examinar el estado de los sellos y accesorios a menudo puede ayudar a identificar la causa ra\u00edz del problema. Las pr\u00e1cticas de mantenimiento regulares, como el lavado del fluido hidr\u00e1ulico y el reemplazo de filtros, tambi\u00e9n pueden ayudar a prevenir problemas.<\/p>\n<p><img decoding=\"async\" src=\"https:\/\/www.hydraulic-cylinders.net\/wp-content\/uploads\/2025\/04\/songte-bushings-with-all-kinds-of-excavator-models.webp\" alt=\"Bujes de excavadora\" \/><\/p>\n<h2>Descripci\u00f3n general de la empresa<\/h2>\n<p>Somos un fabricante l\u00edder de cilindros hidr\u00e1ulicos de repuesto, reconocido por nuestra amplia gama de productos tanto en el mercado nacional como en el internacional. Bas\u00e1ndonos en principios de excelencia, aprovechamos sofisticadas estrategias de fabricaci\u00f3n y tecnolog\u00eda avanzada para optimizar nuestra capacidad de producci\u00f3n. Nuestro compromiso con la calidad se refleja en el uso de personal cualificado, equipos de fabricaci\u00f3n digital de \u00faltima generaci\u00f3n y rigurosos sistemas de pruebas. Nos esforzamos constantemente por mejorar nuestras plataformas de fabricaci\u00f3n y procesos de producci\u00f3n, garantizando as\u00ed la satisfacci\u00f3n de las diversas necesidades de nuestros clientes con alta eficiencia, precisi\u00f3n y calidad.<\/p>\n<p><img decoding=\"async\" src=\"https:\/\/www.hydraulic-cylinders.net\/wp-content\/uploads\/2025\/04\/songte-company-4.webp\" alt=\"Instalaciones de la empresa\" \/><br \/>\n<img decoding=\"async\" src=\"https:\/\/www.hydraulic-cylinders.net\/wp-content\/uploads\/2025\/04\/songte-company-3.webp\" alt=\"Proceso de fabricaci\u00f3n\" \/><\/p>\n<p>Nuestra experiencia profesional, certificaciones internacionales, servicios personalizados, equipos de producci\u00f3n avanzados y un atento servicio posventa nos distinguen en la industria. Nos comprometemos a ofrecer productos superiores que no solo cumplan, sino que superen las expectativas del cliente.<\/p>\n<p>Autor: lyl<\/p>","protected":false},"excerpt":{"rendered":"<p>Boom Cylinder For JCM Small Excavator JCM917S Product Overview The Boom Cylinder for JCM Small Excavator JCM917S is an essential hydraulic cylinder designed specifically for controlling the movement of the bucket in various heavy machinery applications. This type of hydraulic cylinder is crucial in ensuring the effective operation of excavators, backhoes, and front loaders, allowing [&hellip;]<\/p>","protected":false},"featured_media":17878,"comment_status":"open","ping_status":"closed","template":"","meta":{"_et_pb_use_builder":"","_et_pb_old_content":"","_et_gb_content_width":""},"product_brand":[],"product_cat":[1546],"product_tag":[1547,1496],"class_list":{"0":"post-19343","1":"product","2":"type-product","3":"status-publish","4":"has-post-thumbnail","6":"product_cat-boom-cylinders","7":"product_tag-boom-cylinders","8":"product_tag-hydraulic-cylinders","10":"first","11":"instock","12":"shipping-taxable","13":"product-type-simple"},"amp_enabled":true,"_links":{"self":[{"href":"https:\/\/www.hydraulic-cylinders.net\/es\/wp-json\/wp\/v2\/product\/19343","targetHints":{"allow":["GET"]}}],"collection":[{"href":"https:\/\/www.hydraulic-cylinders.net\/es\/wp-json\/wp\/v2\/product"}],"about":[{"href":"https:\/\/www.hydraulic-cylinders.net\/es\/wp-json\/wp\/v2\/types\/product"}],"replies":[{"embeddable":true,"href":"https:\/\/www.hydraulic-cylinders.net\/es\/wp-json\/wp\/v2\/comments?post=19343"}],"wp:featuredmedia":[{"embeddable":true,"href":"https:\/\/www.hydraulic-cylinders.net\/es\/wp-json\/wp\/v2\/media\/17878"}],"wp:attachment":[{"href":"https:\/\/www.hydraulic-cylinders.net\/es\/wp-json\/wp\/v2\/media?parent=19343"}],"wp:term":[{"taxonomy":"product_brand","embeddable":true,"href":"https:\/\/www.hydraulic-cylinders.net\/es\/wp-json\/wp\/v2\/product_brand?post=19343"},{"taxonomy":"product_cat","embeddable":true,"href":"https:\/\/www.hydraulic-cylinders.net\/es\/wp-json\/wp\/v2\/product_cat?post=19343"},{"taxonomy":"product_tag","embeddable":true,"href":"https:\/\/www.hydraulic-cylinders.net\/es\/wp-json\/wp\/v2\/product_tag?post=19343"}],"curies":[{"name":"wp","href":"https:\/\/api.w.org\/{rel}","templated":true}]}}