{"id":19406,"date":"2025-04-07T06:32:52","date_gmt":"2025-04-07T06:32:52","guid":{"rendered":"https:\/\/www.hydraulic-cylinders.net\/product\/boom-cylinder-for-bobcat-small-excavator-e35\/"},"modified":"2025-04-07T06:32:55","modified_gmt":"2025-04-07T06:32:55","slug":"boom-cylinder-for-bobcat-small-excavator-e35","status":"publish","type":"product","link":"https:\/\/www.hydraulic-cylinders.net\/es\/producto\/boom-cylinder-for-bobcat-small-excavator-e35\/","title":{"rendered":"Cilindro de pluma para miniexcavadora Bobcat E35"},"content":{"rendered":"<h1>Cilindro de pluma para miniexcavadora Bobcat E35<\/h1>\n<h2>Introducci\u00f3n a los cilindros de pluma<\/h2>\n<p>El cilindro de la pluma es un componente crucial en los sistemas hidr\u00e1ulicos de diversas m\u00e1quinas pesadas, en particular excavadoras, retroexcavadoras y cargadoras frontales. Dise\u00f1ado espec\u00edficamente para controlar el movimiento del cuchar\u00f3n, este cilindro hidr\u00e1ulico permite elevarlo, bajarlo e inclinarlo, facilitando la manipulaci\u00f3n eficiente de materiales. Como cilindro hidr\u00e1ulico, funciona mediante fluido hidr\u00e1ulico presurizado para generar movimiento lineal, lo que permite a los operadores realizar diversas acciones necesarias en las operaciones de construcci\u00f3n y excavaci\u00f3n.<\/p>\n<p><img decoding=\"async\" src=\"https:\/\/www.hydraulic-cylinders.net\/wp-content\/uploads\/2025\/04\/songte-company-1.webp\" alt=\"Cilindro de la pluma\" \/><\/p>\n<h3>Caracter\u00edsticas principales de los cilindros de pluma<\/h3>\n<ul>\n<li><strong>Alta resistencia y durabilidad:<\/strong> Construidos en acero o aluminio de alta resistencia, estos cilindros est\u00e1n dise\u00f1ados para soportar alta presi\u00f3n y cargas pesadas, lo que los hace adecuados para entornos de trabajo hostiles.<\/li>\n<li><strong>Operaci\u00f3n hidr\u00e1ulica eficiente:<\/strong> El cilindro de la pluma utiliza presi\u00f3n de aceite hidr\u00e1ulico para una extensi\u00f3n y retracci\u00f3n suaves, lo que permite una respuesta r\u00e1pida a los comandos operativos y proporciona potentes fuerzas de empuje y tracci\u00f3n.<\/li>\n<li><strong>Diversos tipos:<\/strong> Disponibles en configuraciones de acci\u00f3n simple (que operan en una direcci\u00f3n) o de doble acci\u00f3n (que operan en ambas direcciones), algunos modelos cuentan con dise\u00f1os telesc\u00f3picos que permiten una mayor extensi\u00f3n sin aumentar las dimensiones externas.<\/li>\n<\/ul>\n<p>Somos capaces de producir estos cilindros de pluma de alta calidad, que pueden reemplazar perfectamente los cilindros hidr\u00e1ulicos existentes en diversas aplicaciones.<\/p>\n<p><img decoding=\"async\" src=\"https:\/\/www.hydraulic-cylinders.net\/wp-content\/uploads\/2025\/04\/songte-cylinder-head-with-all-kinds-excavator-models.webp\" alt=\"Modelos de excavadoras\" \/><\/p>\n<h2>Aplicaciones de los cilindros de pluma<\/h2>\n<h3>Equipos de construcci\u00f3n<\/h3>\n<p>En equipos de construcci\u00f3n, en particular en excavadoras, los cilindros de la pluma desempe\u00f1an un papel fundamental en la excavaci\u00f3n, la carga y el movimiento de tierra o escombros. Son esenciales para ejecutar tareas que requieren un control preciso de la posici\u00f3n y el movimiento del cuchar\u00f3n, garantizando as\u00ed un funcionamiento eficiente durante la excavaci\u00f3n y el transporte de materiales.<\/p>\n<h3>Maquinaria agr\u00edcola<\/h3>\n<p>En la maquinaria agr\u00edcola, los cilindros de pluma se encuentran habitualmente en cargadoras frontales, donde se utilizan para recoger, levantar y transportar tierra, heno y otros materiales. Su capacidad para manejar cargas pesadas los hace indispensables en las explotaciones agr\u00edcolas, facilitando diversas tareas que mejoran la productividad.<\/p>\n<h3>excavadoras<\/h3>\n<p>En las excavadoras, el cilindro de la pluma permite que el cuchar\u00f3n penetre en el suelo, facilitando una excavaci\u00f3n eficaz. Esta funci\u00f3n es crucial para la construcci\u00f3n, el paisajismo y otros proyectos que requieren la manipulaci\u00f3n del suelo.<\/p>\n<h3>Cargadores<\/h3>\n<p>En las cargadoras frontales, los cilindros de la pluma facilitan la elevaci\u00f3n y descarga de materiales de forma eficiente. Su rendimiento fiable permite a los operadores manipular cargas pesadas con facilidad, lo que contribuye a la eficiencia general de las tareas de manipulaci\u00f3n de materiales.<\/p>\n<h2>Consideraciones de dise\u00f1o y criterios de selecci\u00f3n<\/h2>\n<h3>Capacidad de carga<\/h3>\n<p>Al dise\u00f1ar los cilindros de la pluma, la capacidad de carga es un factor fundamental. El cilindro debe estar dise\u00f1ado para soportar el peso m\u00e1ximo que soportar\u00e1 durante su funcionamiento. Esto garantiza la seguridad y la eficiencia en las tareas de elevaci\u00f3n, previniendo fallas en el cilindro.<\/p>\n<h3>Rendimiento de sellado<\/h3>\n<p>El sellado es fundamental para los cilindros hidr\u00e1ulicos, ya que previene fugas y mantiene la presi\u00f3n. Unos sellos de alta calidad son esenciales para garantizar el m\u00e1ximo rendimiento y la longevidad del cilindro, minimizando as\u00ed el riesgo de p\u00e9rdida de fluido hidr\u00e1ulico.<\/p>\n<h3>Durabilidad<\/h3>\n<p>La durabilidad abarca los materiales utilizados y los procesos de fabricaci\u00f3n. Los cilindros de la pluma deben fabricarse con materiales capaces de soportar condiciones adversas, como fluctuaciones de temperatura y exposici\u00f3n a sustancias corrosivas.<\/p>\n<h3>Normas de seguridad<\/h3>\n<p>La seguridad es primordial en el dise\u00f1o de los cilindros de pluma. El cumplimiento de las normas y regulaciones de la industria garantiza que los cilindros funcionen de forma segura bajo las cargas y presiones esperadas, reduciendo as\u00ed el riesgo de accidentes.<\/p>\n<h3>Accesibilidad de mantenimiento<\/h3>\n<p>El dise\u00f1o con accesibilidad para el mantenimiento facilita las inspecciones y reparaciones. Caracter\u00edsticas como paneles de f\u00e1cil acceso o dise\u00f1os modulares facilitan un mantenimiento m\u00e1s r\u00e1pido, garantizando as\u00ed el \u00f3ptimo estado de los cilindros y prolongando su vida \u00fatil.<\/p>\n<p><img decoding=\"async\" src=\"https:\/\/www.hydraulic-cylinders.net\/wp-content\/uploads\/2025\/04\/songte-oil-pipes-and-spare-parts.webp\" alt=\"Tuber\u00edas de aceite y repuestos\" \/><\/p>\n<h2>Sellado y lubricaci\u00f3n de los cilindros de la pluma<\/h2>\n<p>Un sellado y una lubricaci\u00f3n eficaces son vitales para el rendimiento \u00f3ptimo de los cilindros de la pluma. Se utilizan diversos sellos, como anillos de sellado para pistones y v\u00e1stagos, para mantener la presi\u00f3n hidr\u00e1ulica y evitar fugas. Los sellos, fabricados con materiales duraderos como el poliuretano y el caucho de nitrilo, ofrecen resistencia al desgaste y garantizan un rendimiento duradero.<\/p>\n<p>El cuerpo del cilindro y las superficies roscadas de los extremos se someten a un procesamiento fino para mejorar la resistencia al desgaste, lo cual es fundamental para mantener la integridad del sistema hidr\u00e1ulico. La lubricaci\u00f3n regular con aceite hidr\u00e1ulico es esencial para reducir la fricci\u00f3n y el desgaste de las piezas m\u00f3viles, lo que contribuye a la eficiencia operativa y la longevidad.<\/p>\n<h2>Inspecci\u00f3n peri\u00f3dica y medidas de mantenimiento preventivo<\/h2>\n<ul>\n<li><strong>Inspecciones regulares:<\/strong> Realizar inspecciones exhaustivas del cilindro de la pluma para detectar signos de desgaste, fugas o da\u00f1os puede prevenir fallas graves. Los operadores deben revisar peri\u00f3dicamente los sellos y las conexiones para garantizar su correcto funcionamiento.<\/li>\n<li><strong>Lubricaci\u00f3n adecuada:<\/strong> Mantener niveles adecuados de lubricaci\u00f3n es crucial para prevenir el desgaste y garantizar un funcionamiento sin problemas. Los operadores deben seguir las instrucciones del fabricante sobre los intervalos y las cantidades de lubricaci\u00f3n.<\/li>\n<li><strong>Reemplazo del sello:<\/strong> Reemplazar los sellos regularmente puede prevenir fugas y mantener la eficiencia hidr\u00e1ulica. Tener sellos de repuesto a mano facilita su reemplazo r\u00e1pido durante las revisiones de mantenimiento.<\/li>\n<\/ul>\n<h2>Instrucciones de instalaci\u00f3n<\/h2>\n<p>Para garantizar la instalaci\u00f3n efectiva de los cilindros de la pluma, siga estos pasos:<\/p>\n<ol>\n<li><strong>Preparaci\u00f3n:<\/strong> Aseg\u00farese de tener todas las herramientas y componentes necesarios antes de comenzar la instalaci\u00f3n. Consulte el manual de instalaci\u00f3n del fabricante para obtener instrucciones espec\u00edficas.<\/li>\n<li><strong>Alineaci\u00f3n:<\/strong> La correcta alineaci\u00f3n del cilindro es crucial. Utilice los soportes de montaje adecuados para fijar el cilindro en su lugar, asegur\u00e1ndose de que est\u00e9 alineado con los puntos de pivote.<\/li>\n<li><strong>Conexiones:<\/strong> Conecte con cuidado las l\u00edneas hidr\u00e1ulicas al cilindro, asegur\u00e1ndose de que no haya dobleces ni restricciones en las mangueras. Apriete bien todos los accesorios, pero evite apretarlos demasiado, ya que podr\u00eda da\u00f1ar las conexiones.<\/li>\n<li><strong>Pruebas:<\/strong> Una vez instalado, realice pruebas exhaustivas para garantizar que el cilindro funcione correctamente y responda correctamente a las se\u00f1ales de control. Busque cualquier indicio de fugas o ruidos anormales durante el funcionamiento.<\/li>\n<\/ol>\n<h2>Tareas comunes de mantenimiento<\/h2>\n<h3>Inspecciones peri\u00f3dicas<\/h3>\n<p>Las inspecciones peri\u00f3dicas son esenciales para identificar posibles problemas antes de que se agraven. Los operadores deben buscar indicios de desgaste, como movimientos irregulares o fugas, y abordarlos con prontitud para mantener el funcionamiento.<\/p>\n<h3>Lubricaci\u00f3n adecuada<\/h3>\n<p>Una lubricaci\u00f3n adecuada reduce la fricci\u00f3n y el desgaste de los componentes del cilindro de la pluma. Los operadores deben cumplir con los programas de lubricaci\u00f3n y utilizar el aceite hidr\u00e1ulico recomendado para garantizar un rendimiento \u00f3ptimo.<\/p>\n<h3>Reemplazo de sellos y controles de calibraci\u00f3n<\/h3>\n<p>Reemplazar los sellos regularmente es crucial para prevenir fugas. Los operadores tambi\u00e9n deben realizar comprobaciones de calibraci\u00f3n para garantizar que el cilindro funcione dentro de los par\u00e1metros especificados, ajust\u00e1ndolos seg\u00fan sea necesario para mantener la eficiencia.<\/p>\n<p><img decoding=\"async\" src=\"https:\/\/www.hydraulic-cylinders.net\/wp-content\/uploads\/2025\/04\/songte-chushion-collar.webp\" alt=\"Collar\u00edn acolchado\" \/><\/p>\n<h2>Consideraciones de seguridad y factores ambientales<\/h2>\n<p>Implementar medidas de seguridad al operar los cilindros de la pluma es crucial para prevenir accidentes y lesiones. Los operadores deben recibir capacitaci\u00f3n sobre los protocolos de seguridad y asegurarse de utilizar todo el equipo de seguridad, como el equipo de protecci\u00f3n, durante la operaci\u00f3n. Adem\u00e1s, la correcta eliminaci\u00f3n de fluidos y materiales hidr\u00e1ulicos es esencial para minimizar el impacto ambiental.<\/p>\n<h2>Soluci\u00f3n de problemas y problemas comunes<\/h2>\n<h3>Problemas comunes<\/h3>\n<ul>\n<li><strong>Fuga:<\/strong> Las fugas son un problema com\u00fan causado por sellos desgastados o conexiones da\u00f1adas. Inspeccionar el cilindro regularmente puede ayudar a identificar fugas a tiempo y prevenir da\u00f1os mayores.<\/li>\n<li><strong>Operaci\u00f3n lenta:<\/strong> Si el cilindro funciona lentamente, podr\u00eda indicar niveles bajos de fluido hidr\u00e1ulico o contaminaci\u00f3n. Revisar los niveles y la calidad del fluido puede ayudar a solucionar este problema.<\/li>\n<li><strong>Movimiento desigual:<\/strong> El movimiento irregular del cilindro puede indicar una desalineaci\u00f3n o un sello defectuoso. Asegurarse de una alineaci\u00f3n correcta y reemplazar los sellos cuando sea necesario puede resolver este problema.<\/li>\n<\/ul>\n<h2>Consejos para la resoluci\u00f3n de fallas<\/h2>\n<p>Para diagnosticar y resolver eficazmente los problemas con los cilindros de la pluma, los operadores deben seguir estos consejos:<\/p>\n<ul>\n<li>Realice controles de mantenimiento peri\u00f3dicos para identificar posibles problemas de forma temprana.<\/li>\n<li>Mantenga un registro detallado de cualquier problema, reparaci\u00f3n o mantenimiento realizado en el equipo.<\/li>\n<li>Consulte las pautas del fabricante para solucionar problemas espec\u00edficos y asegurarse de implementar las soluciones adecuadas.<\/li>\n<\/ul>\n<p><img decoding=\"async\" src=\"https:\/\/www.hydraulic-cylinders.net\/wp-content\/uploads\/2025\/04\/songte-bushings-with-all-kinds-of-excavator-models.webp\" alt=\"Bujes con modelos de excavadora\" \/><\/p>\n<h2>Acerca de nuestra empresa<\/h2>\n<p>Somos un fabricante l\u00edder de cilindros hidr\u00e1ulicos, especializado en la producci\u00f3n de alternativas fiables para sistemas hidr\u00e1ulicos. Nuestra amplia gama de productos nos ha consolidado como un fabricante y distribuidor mayorista de renombre tanto en el mercado nacional como en el internacional. Cumplimos rigurosos est\u00e1ndares de calidad y empleamos estrategias de fabricaci\u00f3n perfeccionadas para garantizar la excelencia de nuestros productos.<\/p>\n<p>Nuestras avanzadas instalaciones de fabricaci\u00f3n est\u00e1n equipadas con equipos digitales de alta gama y sistemas de prueba profesionales, lo que nos permite mejorar continuamente nuestra capacidad de producci\u00f3n. Centr\u00e1ndonos en la eficiencia, la precisi\u00f3n y la calidad, nos esforzamos por satisfacer las diversas necesidades de nuestros clientes.<\/p>\n<p><img decoding=\"async\" src=\"https:\/\/www.hydraulic-cylinders.net\/wp-content\/uploads\/2025\/04\/songte-company-4.webp\" alt=\"Descripci\u00f3n general de la empresa\" \/><br \/>\n<img decoding=\"async\" src=\"https:\/\/www.hydraulic-cylinders.net\/wp-content\/uploads\/2025\/04\/songte-company-3.webp\" alt=\"Instalaciones de la empresa\" \/><\/p>\n<p>Autor: lyl<\/p>","protected":false},"excerpt":{"rendered":"<p>Boom Cylinder For Bobcat Small Excavator E35 Introduction to Boom Cylinders The boom cylinder is a crucial component in the hydraulic systems of various heavy machinery, particularly excavators, backhoe loaders, and front loaders. Designed specifically for controlling the movement of the bucket, this hydraulic cylinder allows for lifting, lowering, and tilting of the bucket, facilitating [&hellip;]<\/p>","protected":false},"featured_media":17881,"comment_status":"open","ping_status":"closed","template":"","meta":{"_et_pb_use_builder":"","_et_pb_old_content":"","_et_gb_content_width":""},"product_brand":[],"product_cat":[1546],"product_tag":[1547,1496],"class_list":{"0":"post-19406","1":"product","2":"type-product","3":"status-publish","4":"has-post-thumbnail","6":"product_cat-boom-cylinders","7":"product_tag-boom-cylinders","8":"product_tag-hydraulic-cylinders","10":"first","11":"instock","12":"shipping-taxable","13":"product-type-simple"},"amp_enabled":true,"_links":{"self":[{"href":"https:\/\/www.hydraulic-cylinders.net\/es\/wp-json\/wp\/v2\/product\/19406","targetHints":{"allow":["GET"]}}],"collection":[{"href":"https:\/\/www.hydraulic-cylinders.net\/es\/wp-json\/wp\/v2\/product"}],"about":[{"href":"https:\/\/www.hydraulic-cylinders.net\/es\/wp-json\/wp\/v2\/types\/product"}],"replies":[{"embeddable":true,"href":"https:\/\/www.hydraulic-cylinders.net\/es\/wp-json\/wp\/v2\/comments?post=19406"}],"wp:featuredmedia":[{"embeddable":true,"href":"https:\/\/www.hydraulic-cylinders.net\/es\/wp-json\/wp\/v2\/media\/17881"}],"wp:attachment":[{"href":"https:\/\/www.hydraulic-cylinders.net\/es\/wp-json\/wp\/v2\/media?parent=19406"}],"wp:term":[{"taxonomy":"product_brand","embeddable":true,"href":"https:\/\/www.hydraulic-cylinders.net\/es\/wp-json\/wp\/v2\/product_brand?post=19406"},{"taxonomy":"product_cat","embeddable":true,"href":"https:\/\/www.hydraulic-cylinders.net\/es\/wp-json\/wp\/v2\/product_cat?post=19406"},{"taxonomy":"product_tag","embeddable":true,"href":"https:\/\/www.hydraulic-cylinders.net\/es\/wp-json\/wp\/v2\/product_tag?post=19406"}],"curies":[{"name":"wp","href":"https:\/\/api.w.org\/{rel}","templated":true}]}}