{"id":19411,"date":"2025-04-07T06:33:12","date_gmt":"2025-04-07T06:33:12","guid":{"rendered":"https:\/\/www.hydraulic-cylinders.net\/product\/boom-cylinder-for-bobcat-small-excavator-e32\/"},"modified":"2025-04-07T06:33:14","modified_gmt":"2025-04-07T06:33:14","slug":"boom-cylinder-for-bobcat-small-excavator-e32","status":"publish","type":"product","link":"https:\/\/www.hydraulic-cylinders.net\/es\/producto\/boom-cylinder-for-bobcat-small-excavator-e32\/","title":{"rendered":"Cilindro de pluma para miniexcavadora Bobcat E32"},"content":{"rendered":"<h1>Cilindro de pluma para miniexcavadora Bobcat E32<\/h1>\n<h2>Comprender el cilindro de la pluma<\/h2>\n<p>El cilindro de la pluma es un componente vital en los sistemas hidr\u00e1ulicos de la maquinaria pesada, dise\u00f1ado espec\u00edficamente para controlar el movimiento de los cucharones en excavadoras, retroexcavadoras y cargadoras frontales. Este cilindro hidr\u00e1ulico permite que el cuchar\u00f3n se eleve, descienda e incline, lo que lo hace esencial para tareas eficientes de manipulaci\u00f3n de materiales.<\/p>\n<p>El cilindro de la pluma, un tipo de cilindro hidr\u00e1ulico, funciona mediante fluido hidr\u00e1ulico a presi\u00f3n para generar movimiento. Cuando el operador da una orden, el fluido hidr\u00e1ulico se desplaza hacia el cilindro, lo que provoca que el v\u00e1stago del pist\u00f3n se extienda o se retraiga. Este mecanismo permite un control preciso de la posici\u00f3n del cuchar\u00f3n, lo que mejora la funcionalidad de la m\u00e1quina.<\/p>\n<p>En la construcci\u00f3n, la capacidad de maniobrar cargas pesadas con precisi\u00f3n y rapidez es fundamental. El papel del cilindro de la pluma en este sentido lo convierte en un elemento indispensable de las excavadoras modernas, sobre todo en entornos de trabajo exigentes. Su dise\u00f1o se centra en la durabilidad y la eficiencia, garantizando que los operadores puedan completar las tareas con la m\u00e1xima productividad.<\/p>\n<p><img decoding=\"async\" src=\"https:\/\/www.hydraulic-cylinders.net\/wp-content\/uploads\/2025\/04\/songte-company-1.webp\" alt=\"Cilindro de la pluma\" \/><\/p>\n<h2>Caracter\u00edsticas principales del cilindro de la pluma<\/h2>\n<ul>\n<li><strong>Alta resistencia y durabilidad:<\/strong> El cilindro de la pluma, generalmente construido con acero o aluminio de alta resistencia, est\u00e1 dise\u00f1ado para soportar altas presiones y cargas pesadas, lo que lo hace adecuado para condiciones de trabajo dif\u00edciles.<\/li>\n<li><strong>Operaci\u00f3n hidr\u00e1ulica eficiente:<\/strong> El cilindro utiliza la presi\u00f3n del aceite hidr\u00e1ulico para una extensi\u00f3n y retracci\u00f3n suaves, proporcionando una respuesta r\u00e1pida a las \u00f3rdenes operativas y ofreciendo una fuerza de empuje y tracci\u00f3n sustancial.<\/li>\n<li><strong>Diversos tipos:<\/strong> Disponibles en versiones de simple o doble efecto, los usuarios pueden seleccionar el tipo que mejor se adapte a sus necesidades operativas. Algunos modelos son telesc\u00f3picos, lo que permite un mayor alcance sin aumentar las dimensiones externas.<\/li>\n<\/ul>\n<p>Nos especializamos en la fabricaci\u00f3n de cilindros para plumas de alta calidad que pueden reemplazar sin problemas los cilindros hidr\u00e1ulicos existentes, garantizando un rendimiento \u00f3ptimo en diversas aplicaciones.<\/p>\n<p><img decoding=\"async\" src=\"https:\/\/www.hydraulic-cylinders.net\/wp-content\/uploads\/2025\/04\/songte-cylinder-head-with-all-kinds-excavator-models.webp\" alt=\"Cilindros hidr\u00e1ulicos\" \/><\/p>\n<h2>Aplicaciones del cilindro de la pluma<\/h2>\n<h3>Equipos de construcci\u00f3n<\/h3>\n<p>En las excavadoras, los cilindros de la pluma son fundamentales para excavar, cargar y transportar tierra o escombros. Permiten movimientos precisos, lo que garantiza que los operadores puedan gestionar eficazmente las tareas de excavaci\u00f3n sin comprometer la seguridad ni el rendimiento.<\/p>\n<h3>retroexcavadoras<\/h3>\n<p>En las retroexcavadoras, el cilindro de la pluma no solo facilita la excavaci\u00f3n, sino que tambi\u00e9n ayuda a levantar cargas pesadas. Esta doble funcionalidad aumenta la versatilidad de la m\u00e1quina, convirti\u00e9ndola en un recurso valioso en cualquier obra, ya sea para excavaci\u00f3n o manipulaci\u00f3n de materiales.<\/p>\n<h3>Maquinaria agr\u00edcola<\/h3>\n<p>En las cargadoras frontales, los cilindros de la pluma desempe\u00f1an un papel crucial en la recogida, elevaci\u00f3n y transporte de tierra, heno y otros materiales. Su funcionamiento fiable ayuda a los agricultores y trabajadores agr\u00edcolas a optimizar su productividad durante diversas tareas.<\/p>\n<h3>excavadoras<\/h3>\n<p>En las excavadoras, la capacidad del cilindro de la pluma para permitir que el cuchar\u00f3n penetre en el suelo es fundamental. Esta capacidad es esencial para realizar excavaciones eficaces, lo que convierte al cilindro de la pluma en una parte integral del sistema hidr\u00e1ulico de la m\u00e1quina.<\/p>\n<h3>Cargadores<\/h3>\n<p>En las cargadoras frontales, los cilindros de la pluma facilitan la elevaci\u00f3n y descarga de cargas de forma eficaz. Su dise\u00f1o robusto y su funcionamiento fiable permiten a los operarios manejar materiales pesados \u200b\u200bcon seguridad, garantizando un flujo de trabajo eficiente durante las tareas de carga.<\/p>\n<h2>Consideraciones de dise\u00f1o y criterios de selecci\u00f3n<\/h2>\n<h3>Capacidad de carga<\/h3>\n<p>Al seleccionar un cilindro para pluma, es fundamental comprender su capacidad de carga. El cilindro debe ser capaz de soportar la carga m\u00e1xima prevista durante el funcionamiento sin riesgo de aver\u00eda. Los fabricantes suelen proporcionar las clasificaciones de carga, y es esencial elegir un cilindro que supere las cargas previstas para garantizar la seguridad y la durabilidad.<\/p>\n<h3>Mecanismos de sellado<\/h3>\n<p>Un sellado eficaz es otro factor cr\u00edtico. Las juntas deben impedir fugas de fluido hidr\u00e1ulico y, al mismo tiempo, permitir un movimiento suave. Las juntas de alta calidad reducen el desgaste del cilindro y mejoran la eficiencia general. Los materiales de sellado adecuados, como el poliuretano y el caucho de nitrilo, son esenciales para un rendimiento \u00f3ptimo.<\/p>\n<h3>Durabilidad<\/h3>\n<p>La durabilidad es fundamental, sobre todo en entornos de trabajo exigentes. Un cilindro de pluma bien dise\u00f1ado debe resistir la abrasi\u00f3n, la corrosi\u00f3n y otros efectos da\u00f1inos de la exposici\u00f3n a la intemperie. Los materiales y recubrimientos que mejoran la durabilidad pueden prolongar significativamente la vida \u00fatil del cilindro.<\/p>\n<h3>Caracter\u00edsticas de seguridad<\/h3>\n<p>La seguridad es fundamental. Los cilindros de las plumas deben incorporar elementos de seguridad, como v\u00e1lvulas de alivio de presi\u00f3n, para evitar la sobrepresi\u00f3n, que puede provocar fallos catastr\u00f3ficos. Las revisiones de seguridad peri\u00f3dicas tambi\u00e9n son esenciales para mantener la integridad operativa.<\/p>\n<h3>Accesibilidad de mantenimiento<\/h3>\n<p>Por \u00faltimo, la accesibilidad para el mantenimiento es crucial para garantizar la durabilidad del cilindro de la pluma. Las caracter\u00edsticas de dise\u00f1o que permiten una f\u00e1cil inspecci\u00f3n, lubricaci\u00f3n y sustituci\u00f3n de juntas pueden ahorrar tiempo y reducir los costes laborales a largo plazo.<\/p>\n<p><img decoding=\"async\" src=\"https:\/\/www.hydraulic-cylinders.net\/wp-content\/uploads\/2025\/04\/songte-oil-pipes-and-spare-parts.webp\" alt=\"Piezas hidr\u00e1ulicas\" \/><\/p>\n<h2>Sellado y lubricaci\u00f3n del cilindro hidr\u00e1ulico<\/h2>\n<p>Un sellado y lubricaci\u00f3n adecuados son fundamentales para el correcto funcionamiento del cilindro de la pluma. Es necesario seleccionar cuidadosamente los distintos elementos de sellado, incluidos los sellos del pist\u00f3n y del v\u00e1stago, para garantizar que soporten las condiciones de funcionamiento del sistema hidr\u00e1ulico. Materiales como el poliuretano y el caucho de nitrilo ofrecen una excelente resistencia al desgaste y mejoran la durabilidad de los sellos.<\/p>\n<p>El cuerpo del cilindro y las superficies roscadas requieren un mecanizado de precisi\u00f3n para mejorar la resistencia al desgaste y garantizar un sellado herm\u00e9tico. El mantenimiento peri\u00f3dico debe incluir la revisi\u00f3n de las juntas para detectar desgaste y su sustituci\u00f3n cuando sea necesario.<\/p>\n<p>Adem\u00e1s, un suministro regular de aceite hidr\u00e1ulico es esencial para la lubricaci\u00f3n. Los operadores deben revisar peri\u00f3dicamente los niveles de aceite y asegurarse de que se utilice el tipo correcto de fluido hidr\u00e1ulico para mantener el rendimiento de los cilindros.<\/p>\n<h2>Medidas de mantenimiento preventivo<\/h2>\n<ul>\n<li><strong>Inspecciones regulares:<\/strong> Realice inspecciones rutinarias para identificar posibles problemas a tiempo. Busque se\u00f1ales de desgaste, fugas o da\u00f1os, y soluci\u00f3nelos de inmediato para evitar complicaciones mayores.<\/li>\n<li><strong>Lubricaci\u00f3n adecuada:<\/strong> Aseg\u00farese de que el cilindro de la pluma est\u00e9 correctamente lubricado con el aceite hidr\u00e1ulico recomendado. Una lubricaci\u00f3n inadecuada puede provocar un mayor desgaste y afectar al rendimiento.<\/li>\n<li><strong>Reemplazo del sello:<\/strong> Revise peri\u00f3dicamente el estado de las juntas y reempl\u00e1celas cuando sea necesario. Las juntas desgastadas pueden provocar fugas de aceite, lo que reduce la eficiencia y aumenta el riesgo de fallo de los cilindros.<\/li>\n<\/ul>\n<h2>Instrucciones de instalaci\u00f3n<\/h2>\n<p>La correcta instalaci\u00f3n del cilindro de la pluma es fundamental para un rendimiento \u00f3ptimo. Comience por asegurarse de que todos los componentes est\u00e9n limpios y libres de residuos. Alinee correctamente el cilindro con los puntos de fijaci\u00f3n de la excavadora. Utilizando los soportes de montaje adecuados, fije el cilindro en su lugar para evitar que se mueva durante el funcionamiento.<\/p>\n<p>Compruebe que las l\u00edneas hidr\u00e1ulicas est\u00e9n bien conectadas y que no haya dobleces ni obstrucciones en las mangueras. Una vez que todo est\u00e9 en su lugar, es fundamental llenar el sistema hidr\u00e1ulico con el fluido correcto y purgarlo para eliminar cualquier burbuja de aire. Las revisiones peri\u00f3dicas despu\u00e9s de la instalaci\u00f3n ayudan a garantizar que todo permanezca seguro y funcione correctamente.<\/p>\n<h2>Tareas comunes de mantenimiento<\/h2>\n<h3>Inspecciones peri\u00f3dicas<\/h3>\n<p>Las inspecciones peri\u00f3dicas del cilindro de la pluma son esenciales para detectar posibles problemas antes de que se agraven. Revise si hay signos de desgaste, fugas o da\u00f1os, y solucione cualquier problema de inmediato. Una supervisi\u00f3n constante puede prevenir reparaciones costosas y garantizar el buen funcionamiento del sistema hidr\u00e1ulico.<\/p>\n<h3>Lubricaci\u00f3n adecuada<\/h3>\n<p>Una lubricaci\u00f3n adecuada es fundamental para el buen funcionamiento del cilindro de la pluma. Aseg\u00farese de que el aceite hidr\u00e1ulico est\u00e9 al nivel correcto y cumpla con las especificaciones del fabricante. Una lubricaci\u00f3n insuficiente puede aumentar la fricci\u00f3n y el desgaste, lo que puede reducir la vida \u00fatil del cilindro.<\/p>\n<h3>Reemplazo del sello<\/h3>\n<p>Controle peri\u00f3dicamente el estado de las juntas. Las juntas desgastadas o da\u00f1adas pueden provocar fugas de fluido hidr\u00e1ulico, lo que reduce la eficiencia y puede causar fallos en el sistema. Establezca una rutina de inspecci\u00f3n y sustituci\u00f3n de juntas para mantener un rendimiento \u00f3ptimo.<\/p>\n<p><img decoding=\"async\" src=\"https:\/\/www.hydraulic-cylinders.net\/wp-content\/uploads\/2025\/04\/songte-chushion-collar.webp\" alt=\"Piezas de cilindros hidr\u00e1ulicos\" \/><\/p>\n<h2>Consideraciones de seguridad y factores ambientales<\/h2>\n<p>Al trabajar con cilindros hidr\u00e1ulicos, las medidas de seguridad son de suma importancia. Los operadores deben usar siempre el equipo de protecci\u00f3n personal (EPP) adecuado y asegurarse de que el \u00e1rea de trabajo est\u00e9 libre de riesgos. Conocer la presi\u00f3n de funcionamiento del cilindro de la pluma y respetarla puede prevenir accidentes y fallas en el equipo.<\/p>\n<p>Adem\u00e1s, es fundamental considerar el impacto ambiental de los fluidos hidr\u00e1ulicos. El uso de aceites hidr\u00e1ulicos biodegradables puede mitigar las preocupaciones ambientales y garantizar el cumplimiento de las normativas. El mantenimiento regular y la correcta eliminaci\u00f3n de los fluidos tambi\u00e9n pueden ayudar a minimizar la huella ecol\u00f3gica.<\/p>\n<h2>Soluci\u00f3n de problemas y problemas comunes<\/h2>\n<ul>\n<li><strong>Rendimiento reducido:<\/strong> Si el cilindro de la pluma no se eleva como deber\u00eda, compruebe los niveles de l\u00edquido hidr\u00e1ulico y si hay fugas en el sistema. Un nivel bajo de l\u00edquido puede afectar al rendimiento.<\/li>\n<li><strong>Sellar fugas:<\/strong> Si hay fuga de l\u00edquido hidr\u00e1ulico, inspeccione las juntas para detectar da\u00f1os. Las juntas desgastadas deben reemplazarse de inmediato para evitar la p\u00e9rdida de l\u00edquido.<\/li>\n<li><strong>Ruido durante el funcionamiento:<\/strong> Los ruidos inusuales pueden indicar la presencia de aire en el sistema hidr\u00e1ulico o un nivel bajo de l\u00edquido. Purgar el sistema y rellenar el l\u00edquido hidr\u00e1ulico puede solucionar estos problemas.<\/li>\n<\/ul>\n<h2>Consejos para la soluci\u00f3n de problemas<\/h2>\n<p>Para diagnosticar y resolver eficazmente los problemas del cilindro de la pluma, los operadores deben seguir un m\u00e9todo sistem\u00e1tico. Comiencen revisando los manuales de operaci\u00f3n y las gu\u00edas de soluci\u00f3n de problemas para identificar s\u00edntomas espec\u00edficos. Mantengan un registro organizado de las actividades de mantenimiento y de cualquier problema detectado, ya que esta informaci\u00f3n puede ayudar a identificar problemas recurrentes.<\/p>\n<p>La prevenci\u00f3n es fundamental. El mantenimiento regular, que incluye inspecciones y lubricaci\u00f3n, puede ayudar a reducir la probabilidad de problemas. Los operadores tambi\u00e9n deben familiarizarse con los componentes y las funciones del sistema para comprender mejor los posibles puntos de fallo.<\/p>\n<p><img decoding=\"async\" src=\"https:\/\/www.hydraulic-cylinders.net\/wp-content\/uploads\/2025\/04\/songte-bushings-with-all-kinds-of-excavator-models.webp\" alt=\"Piezas para excavadora\" \/><\/p>\n<h2>Acerca de nuestra empresa<\/h2>\n<p>Somos fabricantes l\u00edderes de cilindros hidr\u00e1ulicos de repuesto y ofrecemos una amplia gama de productos para satisfacer las diversas necesidades de los mercados nacionales e internacionales. Nuestro compromiso con la calidad se refleja en nuestros avanzados procesos de fabricaci\u00f3n y en nuestros equipos de \u00faltima generaci\u00f3n.<\/p>\n<p>Nos regimos por una estrategia de excelencia en la gesti\u00f3n de la producci\u00f3n, empleando t\u00e9cnicos especializados y sistemas de fabricaci\u00f3n digital para optimizar nuestras capacidades productivas. Nuestro enfoque en el control de calidad garantiza que cada producto cumpla con los m\u00e1s altos est\u00e1ndares de la industria, lo que nos permite satisfacer una amplia gama de necesidades de nuestros clientes.<\/p>\n<p>Nuestra empresa tambi\u00e9n es reconocida por su amplia experiencia, profesionalismo y dedicaci\u00f3n a la satisfacci\u00f3n del cliente. Ofrecemos servicios personalizados, asegurando que nuestros productos satisfagan las necesidades espec\u00edficas de cada cliente, manteniendo a la vez rigurosas certificaciones internacionales.<\/p>\n<p><img decoding=\"async\" src=\"https:\/\/www.hydraulic-cylinders.net\/wp-content\/uploads\/2025\/04\/songte-company-4.webp\" alt=\"Nuestra empresa\" \/><br \/>\n<img decoding=\"async\" src=\"https:\/\/www.hydraulic-cylinders.net\/wp-content\/uploads\/2025\/04\/songte-company-3.webp\" alt=\"Planta de fabricaci\u00f3n\" \/><\/p>\n<p>Autor: lyl<\/p>","protected":false},"excerpt":{"rendered":"<p>Boom Cylinder For Bobcat Small Excavator E32 Understanding the Boom Cylinder The boom cylinder is a vital component in the hydraulic systems of heavy machinery, specifically designed to control the movement of buckets in excavators, backhoes, and front loaders. This hydraulic cylinder enables the bucket to lift, lower, and tilt, making it essential for efficient [&hellip;]<\/p>","protected":false},"featured_media":17871,"comment_status":"open","ping_status":"closed","template":"","meta":{"_et_pb_use_builder":"","_et_pb_old_content":"","_et_gb_content_width":""},"product_brand":[],"product_cat":[1546],"product_tag":[1547,1496],"class_list":{"0":"post-19411","1":"product","2":"type-product","3":"status-publish","4":"has-post-thumbnail","6":"product_cat-boom-cylinders","7":"product_tag-boom-cylinders","8":"product_tag-hydraulic-cylinders","10":"first","11":"instock","12":"shipping-taxable","13":"product-type-simple"},"amp_enabled":true,"_links":{"self":[{"href":"https:\/\/www.hydraulic-cylinders.net\/es\/wp-json\/wp\/v2\/product\/19411","targetHints":{"allow":["GET"]}}],"collection":[{"href":"https:\/\/www.hydraulic-cylinders.net\/es\/wp-json\/wp\/v2\/product"}],"about":[{"href":"https:\/\/www.hydraulic-cylinders.net\/es\/wp-json\/wp\/v2\/types\/product"}],"replies":[{"embeddable":true,"href":"https:\/\/www.hydraulic-cylinders.net\/es\/wp-json\/wp\/v2\/comments?post=19411"}],"wp:featuredmedia":[{"embeddable":true,"href":"https:\/\/www.hydraulic-cylinders.net\/es\/wp-json\/wp\/v2\/media\/17871"}],"wp:attachment":[{"href":"https:\/\/www.hydraulic-cylinders.net\/es\/wp-json\/wp\/v2\/media?parent=19411"}],"wp:term":[{"taxonomy":"product_brand","embeddable":true,"href":"https:\/\/www.hydraulic-cylinders.net\/es\/wp-json\/wp\/v2\/product_brand?post=19411"},{"taxonomy":"product_cat","embeddable":true,"href":"https:\/\/www.hydraulic-cylinders.net\/es\/wp-json\/wp\/v2\/product_cat?post=19411"},{"taxonomy":"product_tag","embeddable":true,"href":"https:\/\/www.hydraulic-cylinders.net\/es\/wp-json\/wp\/v2\/product_tag?post=19411"}],"curies":[{"name":"wp","href":"https:\/\/api.w.org\/{rel}","templated":true}]}}