{"id":19432,"date":"2025-04-07T06:34:27","date_gmt":"2025-04-07T06:34:27","guid":{"rendered":"https:\/\/www.hydraulic-cylinders.net\/product\/boom-cylinder-for-takeuchi-small-excavator-tb285c\/"},"modified":"2025-04-07T06:34:29","modified_gmt":"2025-04-07T06:34:29","slug":"boom-cylinder-for-takeuchi-small-excavator-tb285c","status":"publish","type":"product","link":"https:\/\/www.hydraulic-cylinders.net\/es\/producto\/boom-cylinder-for-takeuchi-small-excavator-tb285c\/","title":{"rendered":"Cilindro de pluma para excavadora peque\u00f1a Takeuchi TB285C"},"content":{"rendered":"<h1>Cilindro de pluma para excavadora peque\u00f1a Takeuchi TB285C<\/h1>\n<h2>Descripci\u00f3n general del producto<\/h2>\n<p>El cilindro de la pluma de la excavadora peque\u00f1a Takeuchi TB285C es un componente hidr\u00e1ulico especializado, dise\u00f1ado para controlar el movimiento de la pluma. Este cilindro hidr\u00e1ulico permite que la pluma se eleve, baje e incline, facilitando la manipulaci\u00f3n eficiente de materiales. El cilindro del cuchar\u00f3n es esencial en diversas m\u00e1quinas pesadas, como excavadoras, retroexcavadoras y cargadoras frontales, permitiendo a los operadores realizar diversas tareas con precisi\u00f3n y fuerza.<\/p>\n<p><img decoding=\"async\" src=\"https:\/\/www.hydraulic-cylinders.net\/wp-content\/uploads\/2025\/04\/songte-company-1.webp\" alt=\"Cilindro de pluma para excavadora peque\u00f1a Takeuchi\" \/><\/p>\n<h2>Caracter\u00edsticas principales<\/h2>\n<ul>\n<li><strong>Alta resistencia y durabilidad:<\/strong> Fabricados en acero o aluminio de alta resistencia, estos cilindros soportan altas presiones y cargas pesadas, lo que los hace adecuados para entornos de trabajo exigentes. Su dise\u00f1o prioriza la resistencia al desgaste y a la corrosi\u00f3n, lo que prolonga significativamente su vida \u00fatil.<\/li>\n<li><strong>Operaci\u00f3n hidr\u00e1ulica eficiente:<\/strong> El cilindro de la pluma utiliza presi\u00f3n de aceite hidr\u00e1ulico para una extensi\u00f3n y retracci\u00f3n suaves, lo que permite una r\u00e1pida respuesta a los comandos de control al tiempo que proporciona una fuerza de empuje y tracci\u00f3n sustancial, ideal para manipular objetos pesados \u200b\u200by tareas complejas.<\/li>\n<li><strong>Diversos tipos:<\/strong> Disponibles en opciones de simple efecto (en una direcci\u00f3n) o doble efecto (en ambas direcciones), estos cilindros satisfacen diversas necesidades operativas. Algunos modelos cuentan con un dise\u00f1o telesc\u00f3pico que permite una mayor extensi\u00f3n sin aumentar las dimensiones externas, ideal para aplicaciones en espacios reducidos.<\/li>\n<li><strong>Compatibilidad:<\/strong> Nuestros productos pueden reemplazar perfectamente los cilindros hidr\u00e1ulicos existentes en varios modelos de excavadoras, lo que garantiza una integraci\u00f3n y un rendimiento perfectos.<\/li>\n<li><strong>Soluciones personalizadas:<\/strong> Ofrecemos soluciones personalizadas para satisfacer los requisitos espec\u00edficos de los clientes, garantizando que nuestros productos satisfagan diversas demandas operativas.<\/li>\n<\/ul>\n<p><img decoding=\"async\" src=\"https:\/\/www.hydraulic-cylinders.net\/wp-content\/uploads\/2025\/04\/songte-cylinder-head-with-all-kinds-excavator-models.webp\" alt=\"Compatibilidad de modelos de excavadoras\" \/><\/p>\n<h2>Aplicaciones<\/h2>\n<h3>Equipos de construcci\u00f3n<\/h3>\n<p>En las excavadoras, los cilindros de la pluma son cruciales para excavar, cargar y reubicar tierra o escombros. Su capacidad para proporcionar la fuerza necesaria para estas actividades los hace indispensables en las obras de construcci\u00f3n, donde la eficiencia y la potencia son primordiales.<\/p>\n<h3>Maquinaria agr\u00edcola<\/h3>\n<p>En las cargadoras frontales, los cilindros de la pluma se utilizan para recoger, levantar y transportar tierra, heno y otros materiales. Su dise\u00f1o permite un funcionamiento fluido en entornos agr\u00edcolas, donde el movimiento eficiente de materiales puede aumentar la productividad.<\/p>\n<h3>excavadoras<\/h3>\n<p>Las excavadoras utilizan cilindros de pluma para penetrar eficazmente el suelo, lo que facilita la excavaci\u00f3n. Esto permite a los operadores realizar una amplia gama de tareas, desde trabajos de cimentaci\u00f3n hasta desmonte, lo que demuestra la versatilidad de los cilindros.<\/p>\n<h3>Cargadores<\/h3>\n<p>En las cargadoras frontales, los cilindros de la pluma facilitan la elevaci\u00f3n y descarga de materiales de forma eficaz. Esta capacidad es esencial para las operaciones de construcci\u00f3n y paisajismo, donde la manipulaci\u00f3n de materiales es una necesidad diaria.<\/p>\n<h2>Consideraciones de dise\u00f1o y criterios de selecci\u00f3n<\/h2>\n<h3>Capacidad de carga<\/h3>\n<p>Al seleccionar un cilindro para pluma, es fundamental considerar su capacidad de carga. Esta determina el peso m\u00e1ximo que puede levantar o manipular con seguridad. Subestimar la capacidad de carga puede provocar fallos mec\u00e1nicos o riesgos de seguridad. Por lo tanto, es crucial evaluar los requisitos espec\u00edficos de la excavadora y la din\u00e1mica de carga prevista para elegir el cilindro adecuado.<\/p>\n<h3>Calidad de sellado<\/h3>\n<p>La calidad del sellado es vital para la longevidad y la eficiencia de los cilindros hidr\u00e1ulicos. Los sellos de alta calidad evitan fugas de fluido hidr\u00e1ulico, que pueden comprometer el rendimiento y requerir reparaciones importantes. La selecci\u00f3n de cilindros con mecanismos de sellado robustos garantiza un mantenimiento m\u00ednimo y una m\u00e1xima vida \u00fatil.<\/p>\n<h3>Durabilidad<\/h3>\n<p>La durabilidad es un factor clave en el dise\u00f1o de los cilindros de las plumas. Deben soportar condiciones ambientales adversas, como la exposici\u00f3n a la suciedad, la humedad y las temperaturas extremas. La elecci\u00f3n de materiales y acabados resistentes al desgaste y la corrosi\u00f3n prolongar\u00e1 la vida \u00fatil del cilindro y reducir\u00e1 los costos operativos con el tiempo.<\/p>\n<h3>Caracter\u00edsticas de seguridad<\/h3>\n<p>Incorporar caracter\u00edsticas de seguridad en el dise\u00f1o de cilindros hidr\u00e1ulicos es esencial para prevenir accidentes y garantizar la seguridad del operador. Esto incluye v\u00e1lvulas de alivio de presi\u00f3n y mecanismos de seguridad que evitan la sobreextensi\u00f3n o los movimientos incontrolados. Un cilindro hidr\u00e1ulico bien dise\u00f1ado promueve un entorno de trabajo m\u00e1s seguro y minimiza el riesgo de fallos del equipo.<\/p>\n<h3>Mantenibilidad<\/h3>\n<p>La mantenibilidad se refiere a la facilidad de mantenimiento y reparaci\u00f3n del cilindro hidr\u00e1ulico. El dise\u00f1o debe permitir un acceso sencillo a los sellos y componentes que puedan requerir reemplazo. Elegir cilindros que faciliten el mantenimiento puede ahorrar tiempo y reducir las paradas operativas en proyectos cr\u00edticos.<\/p>\n<p><img decoding=\"async\" src=\"https:\/\/www.hydraulic-cylinders.net\/wp-content\/uploads\/2025\/04\/songte-oil-pipes-and-spare-parts.webp\" alt=\"Componentes hidr\u00e1ulicos\" \/><\/p>\n<h2>Sellado y lubricaci\u00f3n<\/h2>\n<p>Garantizar un sellado y una lubricaci\u00f3n eficaces es crucial para el rendimiento de los cilindros hidr\u00e1ulicos. Se emplean diversos sellos, como sellos de pist\u00f3n y de v\u00e1stago, para mantener la integridad del fluido hidr\u00e1ulico. Los sellos fabricados con materiales duraderos como el poliuretano y el caucho de nitrilo mejoran significativamente la resistencia al desgaste.<\/p>\n<p>Adem\u00e1s, las superficies del cuerpo del cilindro y los extremos roscados se someten a un mecanizado preciso para mejorar la resistencia al desgaste. La lubricaci\u00f3n regular con aceite hidr\u00e1ulico es necesaria para mantener un rendimiento \u00f3ptimo y prevenir el desgaste. Los operadores deben asegurarse de aplicar una lubricaci\u00f3n adecuada a intervalos espec\u00edficos para prolongar la vida \u00fatil de los componentes del cilindro.<\/p>\n<h2>Inspecci\u00f3n regular y mantenimiento preventivo<\/h2>\n<ul>\n<li><strong>Inspecciones de rutina:<\/strong> Realizar inspecciones peri\u00f3dicas es vital para identificar posibles problemas antes de que se agraven. Los operadores deben verificar si hay fugas, desgaste o ruidos inusuales durante la operaci\u00f3n.<\/li>\n<li><strong>Procedimientos de lubricaci\u00f3n:<\/strong> Aseg\u00farese de que todas las piezas m\u00f3viles est\u00e9n adecuadamente lubricadas seg\u00fan las recomendaciones del fabricante. Una lubricaci\u00f3n insuficiente puede provocar desgaste prematuro y fallos.<\/li>\n<li><strong>Reemplazo del sello:<\/strong> Con el tiempo, los sellos pueden desgastarse o da\u00f1arse. Inspeccionarlos regularmente y reemplazarlos seg\u00fan sea necesario es esencial para mantener la integridad hidr\u00e1ulica.<\/li>\n<\/ul>\n<h2>Instrucciones de instalaci\u00f3n<\/h2>\n<p>La correcta instalaci\u00f3n del cilindro de la pluma es crucial para un rendimiento \u00f3ptimo. Aseg\u00farese de que el \u00e1rea de instalaci\u00f3n est\u00e9 limpia y libre de residuos. Alinee el cilindro con precisi\u00f3n con los puntos de montaje de la excavadora, asegur\u00e1ndose de que est\u00e9 paralelo al implemento que operar\u00e1. Utilice los soportes de montaje adecuados para fijar el cilindro en su lugar.<\/p>\n<p>Tras asegurar el cilindro, conecte las l\u00edneas hidr\u00e1ulicas, asegur\u00e1ndose de que no presenten dobleces ni da\u00f1os. Una vez conectadas, pruebe el sistema a baja presi\u00f3n para detectar fugas antes de operar a plena capacidad. Una alineaci\u00f3n correcta y un montaje seguro mejorar\u00e1n la eficiencia y la durabilidad del cilindro.<\/p>\n<h2>Tareas de mantenimiento<\/h2>\n<ul>\n<li><strong>Inspecciones regulares:<\/strong> Las inspecciones regulares deben incluir comprobaciones visuales para detectar fugas y signos de desgaste. Realice estas inspecciones peri\u00f3dicamente para detectar posibles problemas a tiempo.<\/li>\n<li><strong>Lubricaci\u00f3n adecuada:<\/strong> Aseg\u00farese de que el cilindro se lubrique constantemente seg\u00fan el programa especificado. Esto minimizar\u00e1 la fricci\u00f3n y el desgaste de los sellos y las piezas m\u00f3viles.<\/li>\n<li><strong>Reemplazo del sello:<\/strong> Vigile de cerca el estado de los sellos y reempl\u00e1celos cuando presenten signos de desgaste. Un sellado adecuado es crucial para mantener la presi\u00f3n hidr\u00e1ulica y garantizar un funcionamiento eficiente.<\/li>\n<\/ul>\n<h2>Consideraciones de seguridad y factores ambientales<\/h2>\n<p>Al utilizar cilindros hidr\u00e1ulicos, es fundamental implementar medidas de seguridad. Los operadores deben estar capacitados para reconocer los posibles peligros asociados con los sistemas hidr\u00e1ulicos, incluyendo situaciones de alta presi\u00f3n y el riesgo de fugas de fluido hidr\u00e1ulico. Utilice siempre el equipo de protecci\u00f3n personal (EPP) adecuado durante la operaci\u00f3n y el mantenimiento. Adem\u00e1s, considere el impacto ambiental de los fluidos hidr\u00e1ulicos y opte por opciones biodegradables siempre que sea posible para minimizar el da\u00f1o ecol\u00f3gico.<\/p>\n<h2>Soluci\u00f3n de problemas comunes<\/h2>\n<ul>\n<li><strong>Fuga:<\/strong> Uno de los problemas m\u00e1s comunes con los cilindros hidr\u00e1ulicos son las fugas, a menudo causadas por sellos desgastados. Para solucionarlo, inspeccione los sellos en busca de da\u00f1os y reempl\u00e1celos si es necesario.<\/li>\n<li><strong>Movimiento lento:<\/strong> Si el cilindro se mueve lentamente, revise si hay obstrucciones, niveles bajos de fluido hidr\u00e1ulico o aire atrapado en el sistema. Solucionar estos problemas puede restablecer el funcionamiento normal.<\/li>\n<li><strong>Ruidos inusuales:<\/strong> Ruidos inusuales durante el funcionamiento pueden indicar problemas mec\u00e1nicos. Investigue el origen del ruido y consulte a un t\u00e9cnico si es necesario.<\/li>\n<\/ul>\n<p>La implementaci\u00f3n de medidas preventivas, como mantenimiento e inspecciones regulares, puede ayudar a mitigar estos problemas comunes y garantizar un funcionamiento sin problemas.<\/p>\n<p><img decoding=\"async\" src=\"https:\/\/www.hydraulic-cylinders.net\/wp-content\/uploads\/2025\/04\/songte-bushings-with-all-kinds-of-excavator-models.webp\" alt=\"Componentes de excavadora\" \/><\/p>\n<h2>Acerca de nuestra empresa<\/h2>\n<p>Somos un fabricante l\u00edder de cilindros hidr\u00e1ulicos y ofrecemos una amplia gama de productos para los mercados nacionales e internacionales. Nuestro compromiso con la calidad se refleja en nuestros procesos de fabricaci\u00f3n de vanguardia y estrictos controles de calidad. Nuestro personal cualificado, junto con nuestros avanzados equipos de fabricaci\u00f3n digital, nos permite optimizar la eficiencia y la precisi\u00f3n de la producci\u00f3n.<\/p>\n<p>Ofrecemos servicios a medida para satisfacer las necesidades espec\u00edficas de nuestros clientes, con el respaldo de certificaciones internacionales y una amplia gama de opciones personalizables. Nuestro servicio posventa garantiza que los clientes reciban soporte y mantenimiento continuos, lo que ayuda a maximizar el rendimiento y la vida \u00fatil de nuestros cilindros hidr\u00e1ulicos.<\/p>\n<p><img decoding=\"async\" src=\"https:\/\/www.hydraulic-cylinders.net\/wp-content\/uploads\/2025\/04\/songte-company-4.webp\" alt=\"Nuestra empresa\" \/><br \/>\n<img decoding=\"async\" src=\"https:\/\/www.hydraulic-cylinders.net\/wp-content\/uploads\/2025\/04\/songte-company-3.webp\" alt=\"Nuestras Instalaciones\" \/><\/p>\n<p>Autor: lyl<\/p>","protected":false},"excerpt":{"rendered":"<p>Boom Cylinder For Takeuchi Small Excavator TB285C Product Overview The Boom Cylinder for Takeuchi Small Excavator TB285C is a specialized hydraulic component designed to control the movement of the excavator&#8217;s boom. This hydraulic cylinder enables the boom to lift, lower, and tilt, facilitating efficient material handling tasks. The bucket cylinder is essential in various heavy [&hellip;]<\/p>","protected":false},"featured_media":17877,"comment_status":"open","ping_status":"closed","template":"","meta":{"_et_pb_use_builder":"","_et_pb_old_content":"","_et_gb_content_width":""},"product_brand":[],"product_cat":[1546],"product_tag":[1547,1496],"class_list":{"0":"post-19432","1":"product","2":"type-product","3":"status-publish","4":"has-post-thumbnail","6":"product_cat-boom-cylinders","7":"product_tag-boom-cylinders","8":"product_tag-hydraulic-cylinders","10":"first","11":"instock","12":"shipping-taxable","13":"product-type-simple"},"amp_enabled":true,"_links":{"self":[{"href":"https:\/\/www.hydraulic-cylinders.net\/es\/wp-json\/wp\/v2\/product\/19432","targetHints":{"allow":["GET"]}}],"collection":[{"href":"https:\/\/www.hydraulic-cylinders.net\/es\/wp-json\/wp\/v2\/product"}],"about":[{"href":"https:\/\/www.hydraulic-cylinders.net\/es\/wp-json\/wp\/v2\/types\/product"}],"replies":[{"embeddable":true,"href":"https:\/\/www.hydraulic-cylinders.net\/es\/wp-json\/wp\/v2\/comments?post=19432"}],"wp:featuredmedia":[{"embeddable":true,"href":"https:\/\/www.hydraulic-cylinders.net\/es\/wp-json\/wp\/v2\/media\/17877"}],"wp:attachment":[{"href":"https:\/\/www.hydraulic-cylinders.net\/es\/wp-json\/wp\/v2\/media?parent=19432"}],"wp:term":[{"taxonomy":"product_brand","embeddable":true,"href":"https:\/\/www.hydraulic-cylinders.net\/es\/wp-json\/wp\/v2\/product_brand?post=19432"},{"taxonomy":"product_cat","embeddable":true,"href":"https:\/\/www.hydraulic-cylinders.net\/es\/wp-json\/wp\/v2\/product_cat?post=19432"},{"taxonomy":"product_tag","embeddable":true,"href":"https:\/\/www.hydraulic-cylinders.net\/es\/wp-json\/wp\/v2\/product_tag?post=19432"}],"curies":[{"name":"wp","href":"https:\/\/api.w.org\/{rel}","templated":true}]}}