{"id":19463,"date":"2025-04-07T06:48:56","date_gmt":"2025-04-07T06:48:56","guid":{"rendered":"https:\/\/www.hydraulic-cylinders.net\/product\/boom-cylinder-for-world-middle-excavator-w2215-8\/"},"modified":"2025-04-07T06:48:59","modified_gmt":"2025-04-07T06:48:59","slug":"boom-cylinder-for-world-middle-excavator-w2215-8","status":"publish","type":"product","link":"https:\/\/www.hydraulic-cylinders.net\/es\/producto\/boom-cylinder-for-world-middle-excavator-w2215-8\/","title":{"rendered":"Cilindro de pluma para excavadora intermedia World W2215-8"},"content":{"rendered":"<h1>Cilindro de pluma para excavadora intermedia World W2215-8<\/h1>\n<h2>Descripci\u00f3n general del cilindro de la pluma<\/h2>\n<p>El cilindro de la pluma es un componente crucial de los sistemas hidr\u00e1ulicos, dise\u00f1ado espec\u00edficamente para controlar el movimiento de los cucharones en diversas m\u00e1quinas pesadas, como excavadoras, retroexcavadoras y cargadoras frontales. Este cilindro hidr\u00e1ulico permite que el cuchar\u00f3n se eleve, baje e incline, facilitando la manipulaci\u00f3n eficiente de materiales. En esencia, el cilindro de la pluma convierte la presi\u00f3n hidr\u00e1ulica en movimiento lineal, lo que permite a los operadores realizar tareas complejas de excavaci\u00f3n, carga y elevaci\u00f3n con precisi\u00f3n y facilidad.<\/p>\n<p><img decoding=\"async\" src=\"https:\/\/www.hydraulic-cylinders.net\/wp-content\/uploads\/2025\/04\/songte-company-1.webp\" alt=\"Cilindro de la pluma\" \/><\/p>\n<h2>Caracter\u00edsticas del cilindro de la pluma<\/h2>\n<ul>\n<li>\n<h3>Alta resistencia y durabilidad<\/h3>\n<p>Fabricados en acero o aluminio de alta resistencia, los cilindros de pluma est\u00e1n dise\u00f1ados para soportar alta presi\u00f3n y cargas pesadas en entornos de trabajo exigentes. Su construcci\u00f3n se centra en la resistencia al desgaste y la protecci\u00f3n contra la corrosi\u00f3n, lo que prolonga considerablemente su vida \u00fatil.<\/p>\n<\/li>\n<li>\n<h3>Operaci\u00f3n hidr\u00e1ulica eficiente<\/h3>\n<p>El cilindro de la pluma utiliza presi\u00f3n de aceite hidr\u00e1ulico para lograr movimientos suaves de extensi\u00f3n y retracci\u00f3n. Esto permite una respuesta r\u00e1pida a los comandos de control, proporcionando una gran fuerza de empuje y tracci\u00f3n, lo que la hace ideal para manipular materiales pesados \u200b\u200by tareas operativas complejas.<\/p>\n<\/li>\n<li>\n<h3>Diversos tipos<\/h3>\n<p>Disponibles en diversas configuraciones, los cilindros de la pluma pueden seleccionarse como de simple efecto (que operan en una direcci\u00f3n) o de doble efecto (que operan en ambas direcciones) para satisfacer diferentes necesidades operativas. Algunos modelos cuentan con dise\u00f1os telesc\u00f3picos, lo que permite una mayor extensi\u00f3n sin aumentar las dimensiones externas, ideal para aplicaciones con espacio limitado.<\/p>\n<\/li>\n<\/ul>\n<h2>Capacidades de producci\u00f3n<\/h2>\n<p>Nuestra empresa se especializa en la fabricaci\u00f3n de cilindros de pluma, lo que garantiza que nuestros productos puedan reemplazar perfectamente los cilindros hidr\u00e1ulicos existentes en una variedad de aplicaciones.<\/p>\n<p><img decoding=\"async\" src=\"https:\/\/www.hydraulic-cylinders.net\/wp-content\/uploads\/2025\/04\/songte-cylinder-head-with-all-kinds-excavator-models.webp\" alt=\"Modelos de excavadoras\" \/><\/p>\n<h2>Aplicaciones de los cilindros de pluma<\/h2>\n<ul>\n<li>\n<h3>Equipos de construcci\u00f3n<\/h3>\n<p>En las excavadoras, los cilindros de la pluma desempe\u00f1an un papel fundamental en la excavaci\u00f3n, la carga y el movimiento de tierra o escombros. Su capacidad para controlar el \u00e1ngulo y la profundidad del cuchar\u00f3n permite procesos de excavaci\u00f3n eficientes. En las retroexcavadoras, estos cilindros ayudan no solo en la excavaci\u00f3n, sino tambi\u00e9n en la elevaci\u00f3n de materiales, mejorando la productividad general en las obras de construcci\u00f3n.<\/p>\n<\/li>\n<li>\n<h3>Maquinaria agr\u00edcola<\/h3>\n<p>Utilizados en cargadoras frontales, los cilindros de la pluma son esenciales para recoger, levantar y transportar tierra, heno y otros materiales. Su rendimiento confiable contribuye a la eficiencia de las operaciones agr\u00edcolas, permitiendo una r\u00e1pida manipulaci\u00f3n de los productos agr\u00edcolas.<\/p>\n<\/li>\n<li>\n<h3>Excavaci\u00f3n<\/h3>\n<p>Los cilindros de la pluma permiten a las excavadoras penetrar el suelo eficazmente, facilitando el proceso de excavaci\u00f3n. Esta capacidad es crucial para diversos proyectos de excavaci\u00f3n, como cimentaciones, paisajismo e instalaci\u00f3n de servicios p\u00fablicos, donde se requiere una excavaci\u00f3n precisa.<\/p>\n<\/li>\n<li>\n<h3>Cargadores<\/h3>\n<p>En las cargadoras frontales, los cilindros de la pluma facilitan la elevaci\u00f3n y descarga eficiente de materiales. Su dise\u00f1o garantiza que las cargas se puedan elevar e inclinar con seguridad, lo que proporciona mayor versatilidad en las tareas de manipulaci\u00f3n de materiales en las obras.<\/p>\n<\/li>\n<\/ul>\n<h2>Consideraciones de dise\u00f1o para cilindros de pluma<\/h2>\n<ul>\n<li>\n<h3>Capacidad de carga<\/h3>\n<p>Una consideraci\u00f3n fundamental en el dise\u00f1o es la capacidad de carga del cilindro de la pluma. Cada cilindro debe estar dise\u00f1ado para soportar la carga m\u00e1xima prevista sin comprometer la seguridad ni el rendimiento. Para calcular la capacidad de carga adecuada, se deben evaluar el peso de los materiales, el entorno operativo y el uso previsto de la maquinaria. Los cilindros de alta capacidad deben construirse con materiales robustos para evitar fallos en condiciones extremas, garantizando as\u00ed la fiabilidad y la seguridad durante las operaciones.<\/p>\n<\/li>\n<li>\n<h3>Rendimiento de sellado<\/h3>\n<p>Un sellado eficaz es fundamental en los sistemas hidr\u00e1ulicos para evitar fugas y mantener la presi\u00f3n. Los cilindros de las plumas est\u00e1n dise\u00f1ados con tecnolog\u00edas de sellado avanzadas, utilizando materiales como poliuretano o caucho de nitrilo para mejorar la durabilidad y la resistencia al desgaste. El dise\u00f1o debe garantizar que los sellos mantengan su eficacia bajo diferentes temperaturas, presiones y exposici\u00f3n a fluidos hidr\u00e1ulicos. El mantenimiento y las revisiones regulares son esenciales para garantizar la integridad de los sellos, ya que cualquier degradaci\u00f3n puede provocar problemas de rendimiento y un aumento de los costos operativos.<\/p>\n<\/li>\n<li>\n<h3>Durabilidad<\/h3>\n<p>La durabilidad es un factor clave en el dise\u00f1o de los cilindros de las plumas. Deben soportar condiciones de trabajo rigurosas, como la exposici\u00f3n a part\u00edculas abrasivas, temperaturas extremas y sustancias corrosivas. Los fabricantes suelen incorporar caracter\u00edsticas como el cromado duro y recubrimientos especializados para mejorar la dureza de la superficie y la resistencia a la corrosi\u00f3n. Esta atenci\u00f3n a la durabilidad no solo prolonga la vida \u00fatil de los cilindros, sino que tambi\u00e9n reduce la frecuencia de reparaciones y reemplazos, lo que se traduce en un ahorro de costos para los operadores.<\/p>\n<\/li>\n<li>\n<h3>Caracter\u00edsticas de seguridad<\/h3>\n<p>La seguridad es fundamental en el dise\u00f1o de componentes hidr\u00e1ulicos. Los cilindros de las plumas est\u00e1n equipados con caracter\u00edsticas como v\u00e1lvulas de alivio de presi\u00f3n, que ayudan a prevenir la sobrepresurizaci\u00f3n y posibles fallas. Las consideraciones de dise\u00f1o tambi\u00e9n incluyen la integridad estructural general del cilindro para soportar impactos o cargas inesperadas. Las inspecciones peri\u00f3dicas y el cumplimiento de los protocolos de seguridad pueden ayudar a mitigar los riesgos asociados con fallas en los equipos hidr\u00e1ulicos, garantizando as\u00ed un funcionamiento seguro en diversas aplicaciones.<\/p>\n<\/li>\n<li>\n<h3>Facilidad de mantenimiento<\/h3>\n<p>Dise\u00f1ar cilindros de pluma que faciliten el mantenimiento puede mejorar considerablemente la eficiencia operativa. Caracter\u00edsticas como engrasadores de f\u00e1cil acceso y componentes modulares permiten un mantenimiento y reemplazo m\u00e1s r\u00e1pidos. Un dise\u00f1o bien pensado facilita las tareas de mantenimiento rutinario, reduciendo el tiempo de inactividad y mejorando la productividad. Los fabricantes tambi\u00e9n deben proporcionar directrices y documentaci\u00f3n claras para los procedimientos de mantenimiento, garantizando que los operadores puedan cuidar eficazmente sus equipos.<\/p>\n<\/li>\n<\/ul>\n<p><img decoding=\"async\" src=\"https:\/\/www.hydraulic-cylinders.net\/wp-content\/uploads\/2025\/04\/songte-oil-pipes-and-spare-parts.webp\" alt=\"Tuber\u00edas de aceite y repuestos\" \/><\/p>\n<h2>Sellado y lubricaci\u00f3n de los cilindros de la pluma<\/h2>\n<p>Un sellado y una lubricaci\u00f3n adecuados son vitales para el rendimiento \u00f3ptimo de los cilindros de la pluma. Diversos componentes de sellado, como los sellos de pist\u00f3n y de v\u00e1stago, son cruciales para prevenir fugas y mantener la presi\u00f3n. La selecci\u00f3n de materiales de sellado, como el poliuretano y el caucho de nitrilo, garantiza durabilidad y resistencia al desgaste, esenciales en entornos de alta presi\u00f3n. Adem\u00e1s, el cuerpo del cilindro y las superficies roscadas de los extremos est\u00e1n finamente procesadas para mejorar la resistencia al desgaste.<\/p>\n<p>La lubricaci\u00f3n regular con aceite hidr\u00e1ulico es necesaria para garantizar un funcionamiento suave y reducir la fricci\u00f3n entre las piezas m\u00f3viles. Los operadores deben supervisar los niveles de aceite y a\u00f1adir lubricante seg\u00fan sea necesario para mantener un rendimiento \u00f3ptimo. Implementar un programa de lubricaci\u00f3n rutinario puede prolongar significativamente la vida \u00fatil del sistema hidr\u00e1ulico y evitar costosas reparaciones por negligencia.<\/p>\n<h2>Medidas de mantenimiento preventivo<\/h2>\n<ul>\n<li>\n<h3>Inspecciones peri\u00f3dicas<\/h3>\n<p>Realizar inspecciones peri\u00f3dicas de los cilindros de la pluma es esencial para identificar signos de desgaste, fugas o da\u00f1os. Los operadores deben revisar los sellos, las conexiones y el cuerpo del cilindro para detectar cualquier anomal\u00eda. Abordar con prontitud los problemas detectados durante las inspecciones puede prevenir problemas m\u00e1s graves y garantizar el funcionamiento seguro del equipo.<\/p>\n<\/li>\n<li>\n<h3>Lubricaci\u00f3n adecuada<\/h3>\n<p>Mantener una lubricaci\u00f3n adecuada es crucial para la longevidad de los cilindros de la pluma. Los operadores deben seguir las recomendaciones del fabricante sobre los intervalos de lubricaci\u00f3n y asegurarse de utilizar el tipo correcto de aceite hidr\u00e1ulico. Revisar y reponer regularmente los niveles de aceite ayuda a evitar el desgaste excesivo de los componentes del cilindro.<\/p>\n<\/li>\n<li>\n<h3>Reemplazo del sello<\/h3>\n<p>Con el tiempo, los sellos pueden desgastarse y perder su eficacia. Es fundamental reemplazarlos a la primera se\u00f1al de deterioro para evitar fugas y mantener la presi\u00f3n hidr\u00e1ulica. Los operadores deben mantener un inventario de sellos de repuesto y seguir un plan de mantenimiento programado para garantizar reemplazos oportunos.<\/p>\n<\/li>\n<\/ul>\n<h2>Instrucciones de instalaci\u00f3n para cilindros de pluma<\/h2>\n<p>La instalaci\u00f3n de un cilindro de pluma requiere una atenci\u00f3n minuciosa a los detalles para garantizar un rendimiento \u00f3ptimo y una larga vida \u00fatil. A continuaci\u00f3n, se presentan algunas pautas esenciales:<\/p>\n<ul>\n<li>Aseg\u00farese de que el \u00e1rea de trabajo est\u00e9 limpia y libre de residuos para evitar la contaminaci\u00f3n durante la instalaci\u00f3n.<\/li>\n<li>Utilice herramientas de alineaci\u00f3n adecuadas para alinear correctamente el cilindro con los puntos de fijaci\u00f3n. Una desalineaci\u00f3n puede causar desgaste prematuro y fallos.<\/li>\n<li>Utilice soportes de montaje adecuados para fijar el cilindro en su lugar. Aseg\u00farese de que todos los sujetadores est\u00e9n apretados seg\u00fan las especificaciones del fabricante.<\/li>\n<li>Revise las conexiones hidr\u00e1ulicas para detectar fugas despu\u00e9s de la instalaci\u00f3n. Realice una prueba de presi\u00f3n para confirmar la integridad del sistema antes de volver a poner el equipo en servicio.<\/li>\n<li>Revise el manual del operador para conocer las recomendaciones o requisitos de instalaci\u00f3n espec\u00edficos para garantizar el cumplimiento de las normas de seguridad.<\/li>\n<\/ul>\n<h2>Tareas comunes de mantenimiento<\/h2>\n<ul>\n<li>\n<h3>Inspecciones peri\u00f3dicas<\/h3>\n<p>Es necesario realizar inspecciones frecuentes del cilindro de la pluma para identificar a tiempo cualquier problema potencial. Busque fugas, corrosi\u00f3n o da\u00f1os f\u00edsicos. Documente y solucione cualquier hallazgo con prontitud para evitar problemas mayores en el futuro.<\/p>\n<\/li>\n<li>\n<h3>Lubricaci\u00f3n adecuada<\/h3>\n<p>La lubricaci\u00f3n debe realizarse regularmente seg\u00fan las instrucciones del fabricante. Aseg\u00farese de utilizar el aceite hidr\u00e1ulico adecuado y de que los puntos de lubricaci\u00f3n sean f\u00e1cilmente accesibles para el mantenimiento. Una lubricaci\u00f3n adecuada minimiza el desgaste de las piezas m\u00f3viles, mejorando as\u00ed el rendimiento del cilindro.<\/p>\n<\/li>\n<li>\n<h3>Reemplazo y calibraci\u00f3n de sellos<\/h3>\n<p>Supervise el estado de los sellos y reempl\u00e1celos cuando presenten signos evidentes de desgaste. La calibraci\u00f3n del sistema hidr\u00e1ulico tambi\u00e9n es crucial para mantener un rendimiento \u00f3ptimo. Siga las instrucciones del fabricante para realizar los ajustes necesarios y garantizar un funcionamiento correcto.<\/p>\n<\/li>\n<\/ul>\n<p><img decoding=\"async\" src=\"https:\/\/www.hydraulic-cylinders.net\/wp-content\/uploads\/2025\/04\/songte-chushion-collar.webp\" alt=\"Collar\u00edn acolchado\" \/><\/p>\n<h2>Consideraciones de seguridad y factores ambientales<\/h2>\n<p>Al trabajar con cilindros de pluma, se deben priorizar las medidas de seguridad para proteger a los operadores y al equipo. Una capacitaci\u00f3n adecuada sobre el funcionamiento del sistema hidr\u00e1ulico es esencial para prevenir accidentes. Los operadores deben usar siempre el equipo de protecci\u00f3n adecuado y seguir los protocolos de seguridad establecidos para mitigar los riesgos asociados con fallas hidr\u00e1ulicas.<\/p>\n<p>Tambi\u00e9n deben considerarse factores ambientales, como el impacto de los fluidos hidr\u00e1ulicos en los ecosistemas locales. Implementar medidas de prevenci\u00f3n de derrames y utilizar aceites hidr\u00e1ulicos respetuosos con el medio ambiente puede ayudar a reducir el riesgo de da\u00f1os ambientales. La capacitaci\u00f3n peri\u00f3dica sobre buenas pr\u00e1cticas de seguridad y medio ambiente debe formar parte de los procedimientos operativos.<\/p>\n<h2>Soluci\u00f3n de problemas y problemas comunes<\/h2>\n<ul>\n<li>\n<h3>Problemas de fugas<\/h3>\n<p>Las fugas en el sistema hidr\u00e1ulico pueden deberse a sellos desgastados o conexiones da\u00f1adas. Si se detecta una fuga, es fundamental identificar el origen y solucionarla de inmediato, ya que incluso las fugas m\u00e1s peque\u00f1as pueden provocar problemas de rendimiento importantes con el tiempo.<\/p>\n<\/li>\n<li>\n<h3>Rendimiento reducido<\/h3>\n<p>Si el cilindro de la pluma no funciona con fluidez o le falta potencia, podr\u00eda deberse a niveles bajos de fluido hidr\u00e1ulico o a contaminaci\u00f3n. Revise los niveles de fluido regularmente y reemplace el aceite hidr\u00e1ulico si est\u00e1 sucio o degradado.<\/p>\n<\/li>\n<li>\n<h3>Ruido durante el funcionamiento<\/h3>\n<p>Los ruidos inusuales durante el funcionamiento pueden indicar desgaste o da\u00f1os internos. Es importante investigar cualquier ruido anormal con prontitud, ya que pueden indicar problemas mec\u00e1nicos m\u00e1s profundos en el sistema.<\/p>\n<\/li>\n<\/ul>\n<p>Para diagnosticar y resolver problemas eficazmente, los operadores deben realizar revisiones rutinarias y mantener registros detallados de cualquier problema detectado. Implementar medidas preventivas, como programas de mantenimiento peri\u00f3dicos y monitoreo del sistema, para minimizar posibles problemas.<\/p>\n<p><img decoding=\"async\" src=\"https:\/\/www.hydraulic-cylinders.net\/wp-content\/uploads\/2025\/04\/songte-bushings-with-all-kinds-of-excavator-models.webp\" alt=\"Bujes con modelos de excavadora\" \/><\/p>\n<h2>Introducci\u00f3n de la empresa<\/h2>\n<p>Somos un fabricante l\u00edder de cilindros hidr\u00e1ulicos de repuesto, con una amplia gama de productos para satisfacer las diversas necesidades del mercado nacional e internacional. Nuestro compromiso con la excelencia se refleja en nuestras meticulosas estrategias de gesti\u00f3n de la fabricaci\u00f3n, que se basan en personal cualificado, equipos de fabricaci\u00f3n digital avanzados y sistemas de pruebas especializados. Esta dedicaci\u00f3n a la calidad nos permite mejorar continuamente nuestra capacidad de producci\u00f3n y responder eficientemente a las demandas de los clientes.<\/p>\n<p>Nuestra empresa se distingue en la industria por su enfoque en el profesionalismo, las certificaciones internacionales y los servicios personalizados. Utilizamos equipos de producci\u00f3n de vanguardia y mantenemos un s\u00f3lido servicio posventa para garantizar la satisfacci\u00f3n del cliente. Este enfoque integral nos permite ofrecer productos que cumplen con los m\u00e1s altos est\u00e1ndares de calidad y rendimiento.<\/p>\n<p><img decoding=\"async\" src=\"https:\/\/www.hydraulic-cylinders.net\/wp-content\/uploads\/2025\/04\/songte-company-4.webp\" alt=\"Descripci\u00f3n general de la empresa\" \/><br \/>\n<img decoding=\"async\" src=\"https:\/\/www.hydraulic-cylinders.net\/wp-content\/uploads\/2025\/04\/songte-company-3.webp\" alt=\"Instalaciones de la empresa\" \/><\/p>\n<p>Autor: lyl<\/p>","protected":false},"excerpt":{"rendered":"<p>Boom Cylinder For World Middle Excavator W2215-8 Overview of Boom Cylinder The boom cylinder is a crucial component in hydraulic systems, specifically designed to control the movement of buckets in various heavy machinery such as excavators, backhoe loaders, and front loaders. This hydraulic cylinder enables the bucket to lift, lower, and tilt, facilitating efficient material [&hellip;]<\/p>","protected":false},"featured_media":17877,"comment_status":"open","ping_status":"closed","template":"","meta":{"_et_pb_use_builder":"","_et_pb_old_content":"","_et_gb_content_width":""},"product_brand":[],"product_cat":[1546],"product_tag":[1547,1496],"class_list":{"0":"post-19463","1":"product","2":"type-product","3":"status-publish","4":"has-post-thumbnail","6":"product_cat-boom-cylinders","7":"product_tag-boom-cylinders","8":"product_tag-hydraulic-cylinders","10":"first","11":"instock","12":"shipping-taxable","13":"product-type-simple"},"amp_enabled":true,"_links":{"self":[{"href":"https:\/\/www.hydraulic-cylinders.net\/es\/wp-json\/wp\/v2\/product\/19463","targetHints":{"allow":["GET"]}}],"collection":[{"href":"https:\/\/www.hydraulic-cylinders.net\/es\/wp-json\/wp\/v2\/product"}],"about":[{"href":"https:\/\/www.hydraulic-cylinders.net\/es\/wp-json\/wp\/v2\/types\/product"}],"replies":[{"embeddable":true,"href":"https:\/\/www.hydraulic-cylinders.net\/es\/wp-json\/wp\/v2\/comments?post=19463"}],"wp:featuredmedia":[{"embeddable":true,"href":"https:\/\/www.hydraulic-cylinders.net\/es\/wp-json\/wp\/v2\/media\/17877"}],"wp:attachment":[{"href":"https:\/\/www.hydraulic-cylinders.net\/es\/wp-json\/wp\/v2\/media?parent=19463"}],"wp:term":[{"taxonomy":"product_brand","embeddable":true,"href":"https:\/\/www.hydraulic-cylinders.net\/es\/wp-json\/wp\/v2\/product_brand?post=19463"},{"taxonomy":"product_cat","embeddable":true,"href":"https:\/\/www.hydraulic-cylinders.net\/es\/wp-json\/wp\/v2\/product_cat?post=19463"},{"taxonomy":"product_tag","embeddable":true,"href":"https:\/\/www.hydraulic-cylinders.net\/es\/wp-json\/wp\/v2\/product_tag?post=19463"}],"curies":[{"name":"wp","href":"https:\/\/api.w.org\/{rel}","templated":true}]}}