{"id":19487,"date":"2025-04-07T06:50:18","date_gmt":"2025-04-07T06:50:18","guid":{"rendered":"https:\/\/www.hydraulic-cylinders.net\/product\/boom-cylinder-for-jchi-ns80-7\/"},"modified":"2025-04-07T06:50:20","modified_gmt":"2025-04-07T06:50:20","slug":"boom-cylinder-for-jchi-ns80-7","status":"publish","type":"product","link":"https:\/\/www.hydraulic-cylinders.net\/es\/producto\/boom-cylinder-for-jchi-ns80-7\/","title":{"rendered":"Cilindro de pluma para JCHI NS80-7"},"content":{"rendered":"<h1>Cilindro de pluma para JCHI NS80-7<\/h1>\n<h2>Descripci\u00f3n general del producto<\/h2>\n<p>El cilindro de la pluma para JCHI NS80-7 es un componente hidr\u00e1ulico crucial, dise\u00f1ado espec\u00edficamente para maquinaria pesada, en particular excavadoras. Este tipo de cilindro hidr\u00e1ulico controla el movimiento de los cucharones, permiti\u00e9ndoles elevar, bajar e inclinar eficientemente. La funcionalidad de un cilindro de la pluma es vital para diversas tareas de manipulaci\u00f3n de materiales, garantizando un funcionamiento suave y eficaz de la maquinaria.<\/p>\n<p><img decoding=\"async\" src=\"https:\/\/www.hydraulic-cylinders.net\/wp-content\/uploads\/2025\/04\/songte-company-1.webp\" alt=\"Imagen del cilindro de la pluma\"><\/p>\n<h3>Comprensi\u00f3n de los cilindros de cangilones<\/h3>\n<p>Los cilindros de cuchar\u00f3n, un tipo espec\u00edfico de cilindro hidr\u00e1ulico, est\u00e1n dise\u00f1ados para facilitar el movimiento de los cucharones utilizados en diversos equipos pesados. Estos cilindros desempe\u00f1an un papel esencial en los sistemas hidr\u00e1ulicos, proporcionando la fuerza necesaria para realizar tareas como excavar, levantar y transportar materiales. Al aprovechar la potencia del fluido hidr\u00e1ulico bajo presi\u00f3n, los cilindros de cuchar\u00f3n permiten a los operadores manipular cargas pesadas con precisi\u00f3n y facilidad. Est\u00e1n dise\u00f1ados para soportar tensiones y factores ambientales significativos, lo que los hace indispensables en la construcci\u00f3n, la agricultura y otras aplicaciones industriales.<\/p>\n<h2>Caracter\u00edsticas principales del cilindro de la pluma<\/h2>\n<ul>\n<li><strong>Alta resistencia y durabilidad:<\/strong> Estos cilindros, generalmente fabricados en acero o aluminio de alta resistencia, pueden soportar alta presi\u00f3n y cargas pesadas y, al mismo tiempo, adaptarse a duras condiciones de trabajo.<\/li>\n<li><strong>Operaci\u00f3n hidr\u00e1ulica eficiente:<\/strong> El uso de presi\u00f3n de aceite hidr\u00e1ulico permite una extensi\u00f3n y retracci\u00f3n suaves, brindando una r\u00e1pida respuesta a los comandos operativos y brindando una poderosa fuerza de empuje y tracci\u00f3n.<\/li>\n<li><strong>Diversos tipos:<\/strong> Disponibles en dise\u00f1os de simple efecto (hidr\u00e1ulico en una direcci\u00f3n) o doble efecto (hidr\u00e1ulico en ambas direcciones) para satisfacer diversas necesidades operativas. Algunos modelos son telesc\u00f3picos, lo que permite una mayor extensi\u00f3n sin aumentar las dimensiones externas.<\/li>\n<li><strong>Tecnolog\u00eda de sellado avanzada:<\/strong> Dise\u00f1ado con sellos de alta calidad para evitar fugas de fluido y mantener la presi\u00f3n, garantizando confiabilidad y longevidad.<\/li>\n<li><strong>Opciones personalizables:<\/strong> Capaz de ser modificado o personalizado seg\u00fan requisitos espec\u00edficos de maquinaria o escenarios de aplicaci\u00f3n.<\/li>\n<\/ul>\n<h2>Nuestras capacidades de fabricaci\u00f3n<\/h2>\n<p>Fabricamos cilindros de pluma de alta calidad que pueden reemplazar f\u00e1cilmente diversos cilindros hidr\u00e1ulicos del mercado. Nuestros productos est\u00e1n dise\u00f1ados para cumplir con rigurosos est\u00e1ndares, lo que garantiza un rendimiento y una fiabilidad \u00f3ptimos en todas las aplicaciones de la maquinaria.<\/p>\n<p><img decoding=\"async\" src=\"https:\/\/www.hydraulic-cylinders.net\/wp-content\/uploads\/2025\/04\/songte-cylinder-head-with-all-kinds-excavator-models.webp\" alt=\"Imagen de la culata\"><\/p>\n<h2>Escenarios de aplicaci\u00f3n<\/h2>\n<h3>Equipos de construcci\u00f3n<\/h3>\n<p>El cilindro de la pluma es esencial en maquinaria de construcci\u00f3n como las excavadoras, donde es vital para excavar, cargar y mover tierra o escombros. El funcionamiento suave del cilindro del cuchar\u00f3n permite una excavaci\u00f3n eficaz de materiales, lo que permite que los proyectos avancen con eficiencia.<\/p>\n<h3>Maquinaria agr\u00edcola<\/h3>\n<p>En los cargadores frontales, los cilindros de la pluma facilitan la recolecci\u00f3n, elevaci\u00f3n y transporte de tierra, heno y diversos materiales, resultando indispensables en tareas agr\u00edcolas donde la eficiencia y la potencia son primordiales.<\/p>\n<h3>excavadoras<\/h3>\n<p>Las excavadoras utilizan cilindros de pluma para penetrar el suelo eficazmente, lo que permite optimizar las operaciones de excavaci\u00f3n. Esta capacidad mejora la productividad en las obras de construcci\u00f3n y facilita la manipulaci\u00f3n precisa de materiales.<\/p>\n<h3>Cargadores<\/h3>\n<p>En las cargadoras frontales, los cilindros de la pluma ayudan a elevar y descargar cargas. Su potente rendimiento garantiza un transporte y descarga eficiente de los materiales, crucial en las tareas de construcci\u00f3n y paisajismo.<\/p>\n<h2>Consideraciones de dise\u00f1o y criterios de selecci\u00f3n<\/h2>\n<h3>Capacidad de carga<\/h3>\n<p>Al seleccionar un cilindro de pluma, evaluar la capacidad de carga es crucial. Esta determina el peso m\u00e1ximo que el cilindro puede soportar con seguridad, manteniendo el rendimiento. El dise\u00f1o con una capacidad de carga \u00f3ptima previene fallas estructurales y garantiza un funcionamiento eficiente.<\/p>\n<h3>Rendimiento de sellado<\/h3>\n<p>Un sellado eficaz es esencial para evitar fugas de fluido y mantener la presi\u00f3n en el sistema hidr\u00e1ulico. Los sellos de alta calidad, a menudo fabricados con materiales duraderos, son cruciales para garantizar la fiabilidad y evitar costosas paradas por mantenimiento.<\/p>\n<h3>Durabilidad<\/h3>\n<p>La durabilidad es un factor importante en el dise\u00f1o de cilindros hidr\u00e1ulicos. Estos componentes deben soportar entornos hostiles y un uso intensivo sin comprometer su integridad. La selecci\u00f3n de materiales y procesos de fabricaci\u00f3n que mejoren la durabilidad es esencial.<\/p>\n<h3>Caracter\u00edsticas de seguridad<\/h3>\n<p>La seguridad es primordial en el dise\u00f1o de cilindros hidr\u00e1ulicos. Caracter\u00edsticas como las v\u00e1lvulas de alivio de presi\u00f3n y la construcci\u00f3n robusta ayudan a prevenir accidentes y fallos en los equipos, garantizando as\u00ed la seguridad de los operadores y de la maquinaria.<\/p>\n<h3>Mantenimiento y capacidad de servicio<\/h3>\n<p>La facilidad de mantenimiento es fundamental. El dise\u00f1o de cilindros con acceso directo a los sellos y otros componentes facilita las inspecciones y reparaciones rutinarias, lo que ayuda a prolongar la vida \u00fatil del producto y a mantener la eficiencia operativa.<\/p>\n<p><img decoding=\"async\" src=\"https:\/\/www.hydraulic-cylinders.net\/wp-content\/uploads\/2025\/04\/songte-oil-pipes-and-spare-parts.webp\" alt=\"Imagen de tuber\u00edas de aceite y repuestos\"><\/p>\n<h2>Sellado y lubricaci\u00f3n<\/h2>\n<p>Un sellado y una lubricaci\u00f3n eficaces son vitales para el rendimiento y la longevidad de los cilindros hidr\u00e1ulicos. Se incorporan diversos sellos, como sellos de pist\u00f3n y de v\u00e1stago, para evitar fugas y mantener la presi\u00f3n hidr\u00e1ulica. Los sellos fabricados con materiales resistentes al desgaste, como el poliuretano y el caucho de nitrilo, se utilizan com\u00fanmente para aumentar la durabilidad. El cuerpo del cilindro y las superficies roscadas de los extremos se someten a un procesamiento fino para mejorar la resistencia al desgaste y garantizar un funcionamiento fiable. La lubricaci\u00f3n regular con aceite hidr\u00e1ulico es necesaria para mantener el buen funcionamiento de los componentes y minimizar la fricci\u00f3n y el desgaste.<\/p>\n<h2>Medidas de mantenimiento preventivo<\/h2>\n<ul>\n<li><strong>Inspecciones regulares:<\/strong> Revise si hay signos de desgaste, fugas de l\u00edquido o ruidos inusuales durante el funcionamiento. Solucionar los problemas a tiempo puede prevenir da\u00f1os mayores.<\/li>\n<li><strong>Lubricaci\u00f3n adecuada:<\/strong> Aseg\u00farese de que el cilindro hidr\u00e1ulico est\u00e9 lubricado con el tipo y la cantidad correctos de aceite hidr\u00e1ulico para mantener un rendimiento \u00f3ptimo y evitar el desgaste.<\/li>\n<li><strong>Reemplazo del sello:<\/strong> Eval\u00fae peri\u00f3dicamente los sellos para detectar desgaste y reempl\u00e1celos seg\u00fan sea necesario para mantener la presi\u00f3n y evitar fugas.<\/li>\n<\/ul>\n<h2>Instrucciones de instalaci\u00f3n<\/h2>\n<p>Proper installation of the boom cylinder is crucial for its functionality and longevity. Begin by ensuring that all necessary components are available and in good condition. Align the hydraulic cylinder accurately with the mounting brackets to prevent misalignment, which can lead to premature wear or failure. Utilize appropriate mounting brackets to secure the cylinder firmly. After installation, bleed any air from the hydraulic system to ensure smooth operation. Follow the manufacturer&#8217;s guidelines for specific procedures and tightening specifications to avoid issues during operation.<\/p>\n<h2>Tareas comunes de mantenimiento<\/h2>\n<ul>\n<li><strong>Inspecciones regulares:<\/strong> Realice revisiones rutinarias para identificar el desgaste. Esta medida proactiva ayuda a detectar a tiempo posibles problemas.<\/li>\n<li><strong>Lubricaci\u00f3n adecuada:<\/strong> Lubrique peri\u00f3dicamente el cilindro para mantener el fluido hidr\u00e1ulico en niveles \u00f3ptimos, reduciendo la fricci\u00f3n y el desgaste de las partes m\u00f3viles.<\/li>\n<li><strong>Reemplazo del sello:<\/strong> Controle los sellos para detectar degradaci\u00f3n y reempl\u00e1celos para mantener el rendimiento y evitar fugas.<\/li>\n<\/ul>\n<h2>Consideraciones de seguridad y factores ambientales<\/h2>\n<p>Al utilizar cilindros hidr\u00e1ulicos, es fundamental priorizar las medidas de seguridad para proteger a los operadores y el medio ambiente. Garantizar la correcta instalaci\u00f3n de todos los componentes y el mantenimiento regular puede reducir significativamente el riesgo de accidentes. Adem\u00e1s, el uso de fluidos hidr\u00e1ulicos respetuosos con el medio ambiente y la eliminaci\u00f3n responsable de los residuos contribuyen a minimizar el impacto ambiental.<\/p>\n<h2>Soluci\u00f3n de problemas y problemas comunes<\/h2>\n<ul>\n<li><strong>Fugas de fluido hidr\u00e1ulico:<\/strong> Revise los sellos y las conexiones si observa acumulaci\u00f3n de l\u00edquido. Repare las fugas de inmediato para evitar da\u00f1os mayores.<\/li>\n<li><strong>P\u00e9rdida de potencia:<\/strong> Si el cilindro hidr\u00e1ulico no funciona correctamente, revise si hay obstrucciones o niveles bajos de l\u00edquido. Aseg\u00farese de que el l\u00edquido hidr\u00e1ulico est\u00e9 limpio y con el nivel adecuado.<\/li>\n<li><strong>Ruidos inusuales:<\/strong> Preste atenci\u00f3n a ruidos de rechinamiento o silbido, que podr\u00edan indicar sellos desgastados o da\u00f1os internos. Investigue y repare de inmediato.<\/li>\n<\/ul>\n<h2>Consejos para la soluci\u00f3n de problemas<\/h2>\n<p>Para diagnosticar y resolver problemas eficazmente, es beneficioso mantener un registro de cualquier problema detectado. Implemente medidas preventivas, como inspecciones y mantenimiento regulares, para minimizar posibles problemas. El uso de fluidos y componentes hidr\u00e1ulicos de alta calidad puede mejorar la fiabilidad del sistema y reducir la probabilidad de fallos.<\/p>\n<p><img decoding=\"async\" src=\"https:\/\/www.hydraulic-cylinders.net\/wp-content\/uploads\/2025\/04\/songte-bushings-with-all-kinds-of-excavator-models.webp\" alt=\"Imagen de bujes\"><\/p>\n<h2>Descripci\u00f3n general de la empresa<\/h2>\n<p>Somos un fabricante l\u00edder de cilindros hidr\u00e1ulicos de repuesto, especializado en una amplia gama de productos para el mercado nacional e internacional. Nuestro compromiso con la calidad se sustenta en una meticulosa estrategia de fabricaci\u00f3n que prioriza la precisi\u00f3n y la innovaci\u00f3n. Invertimos en talento cualificado, equipos de fabricaci\u00f3n avanzados y robustos sistemas de pruebas para optimizar nuestra capacidad de producci\u00f3n y garantizar la m\u00e1xima calidad de nuestros productos.<\/p>\n<p>Nuestra experiencia se extiende a la prestaci\u00f3n de servicios personalizados adaptados a las necesidades espec\u00edficas de cada cliente, garantizando su satisfacci\u00f3n y fiabilidad. Priorizamos el soporte posventa, ofreciendo asesoramiento y asistencia de mantenimiento para ayudar a nuestros clientes a maximizar la vida \u00fatil de sus cilindros hidr\u00e1ulicos.<\/p>\n<p><img decoding=\"async\" src=\"https:\/\/www.hydraulic-cylinders.net\/wp-content\/uploads\/2025\/04\/songte-company-4.webp\" alt=\"Imagen de la empresa\"><br \/>\n<img decoding=\"async\" src=\"https:\/\/www.hydraulic-cylinders.net\/wp-content\/uploads\/2025\/04\/songte-company-3.webp\" alt=\"Imagen de la empresa\"><\/p>\n<p>Autor: lyl<\/p>","protected":false},"excerpt":{"rendered":"<p>Boom Cylinder For JCHI NS80-7 Product Overview The Boom Cylinder for JCHI NS80-7 is a crucial hydraulic component designed specifically for heavy machinery, particularly excavators. This type of hydraulic cylinder is responsible for controlling the movement of buckets, allowing them to lift, lower, and tilt efficiently. The functionality of a boom cylinder is vital for [&hellip;]<\/p>","protected":false},"featured_media":17871,"comment_status":"open","ping_status":"closed","template":"","meta":{"_et_pb_use_builder":"","_et_pb_old_content":"","_et_gb_content_width":""},"product_brand":[],"product_cat":[1546],"product_tag":[1547,1496],"class_list":{"0":"post-19487","1":"product","2":"type-product","3":"status-publish","4":"has-post-thumbnail","6":"product_cat-boom-cylinders","7":"product_tag-boom-cylinders","8":"product_tag-hydraulic-cylinders","10":"first","11":"instock","12":"shipping-taxable","13":"product-type-simple"},"amp_enabled":true,"_links":{"self":[{"href":"https:\/\/www.hydraulic-cylinders.net\/es\/wp-json\/wp\/v2\/product\/19487","targetHints":{"allow":["GET"]}}],"collection":[{"href":"https:\/\/www.hydraulic-cylinders.net\/es\/wp-json\/wp\/v2\/product"}],"about":[{"href":"https:\/\/www.hydraulic-cylinders.net\/es\/wp-json\/wp\/v2\/types\/product"}],"replies":[{"embeddable":true,"href":"https:\/\/www.hydraulic-cylinders.net\/es\/wp-json\/wp\/v2\/comments?post=19487"}],"wp:featuredmedia":[{"embeddable":true,"href":"https:\/\/www.hydraulic-cylinders.net\/es\/wp-json\/wp\/v2\/media\/17871"}],"wp:attachment":[{"href":"https:\/\/www.hydraulic-cylinders.net\/es\/wp-json\/wp\/v2\/media?parent=19487"}],"wp:term":[{"taxonomy":"product_brand","embeddable":true,"href":"https:\/\/www.hydraulic-cylinders.net\/es\/wp-json\/wp\/v2\/product_brand?post=19487"},{"taxonomy":"product_cat","embeddable":true,"href":"https:\/\/www.hydraulic-cylinders.net\/es\/wp-json\/wp\/v2\/product_cat?post=19487"},{"taxonomy":"product_tag","embeddable":true,"href":"https:\/\/www.hydraulic-cylinders.net\/es\/wp-json\/wp\/v2\/product_tag?post=19487"}],"curies":[{"name":"wp","href":"https:\/\/api.w.org\/{rel}","templated":true}]}}