{"id":19489,"date":"2025-04-07T06:50:23","date_gmt":"2025-04-07T06:50:23","guid":{"rendered":"https:\/\/www.hydraulic-cylinders.net\/product\/boom-cylinder-for-sinomach-zg3065-9\/"},"modified":"2025-04-07T06:50:25","modified_gmt":"2025-04-07T06:50:25","slug":"boom-cylinder-for-sinomach-zg3065-9","status":"publish","type":"product","link":"https:\/\/www.hydraulic-cylinders.net\/es\/producto\/boom-cylinder-for-sinomach-zg3065-9\/","title":{"rendered":"Cilindro de pluma para Sinomach ZG3065-9"},"content":{"rendered":"<h1>Cilindro de pluma para Sinomach ZG3065-9<\/h1>\n<h2>Introducci\u00f3n al cilindro de la pluma<\/h2>\n<p>El cilindro de la pluma es un componente vital de los sistemas hidr\u00e1ulicos, dise\u00f1ado espec\u00edficamente para controlar el movimiento de los cucharones en maquinaria pesada como excavadoras, retroexcavadoras y cargadoras frontales. Este cilindro hidr\u00e1ulico permite que el cuchar\u00f3n se eleve, baje e incline, facilitando la manipulaci\u00f3n eficiente de materiales. Desempe\u00f1a un papel crucial en el funcionamiento de diversas maquinarias de construcci\u00f3n y agr\u00edcolas, garantizando la manipulaci\u00f3n de cargas pesadas con precisi\u00f3n y facilidad.<\/p>\n<p><img decoding=\"async\" src=\"https:\/\/www.hydraulic-cylinders.net\/wp-content\/uploads\/2025\/04\/songte-company-1.webp\" alt=\"Imagen del cilindro de la pluma\" \/><\/p>\n<h2>Caracter\u00edsticas del cilindro de la pluma<\/h2>\n<ul>\n<li><strong>Alta resistencia y durabilidad:<\/strong> Fabricado en acero o aluminio de alta resistencia, el cilindro de la pluma est\u00e1 dise\u00f1ado para soportar alta presi\u00f3n y cargas pesadas, lo que lo hace ideal para entornos de trabajo exigentes. Su dise\u00f1o incorpora resistencia al desgaste y a la corrosi\u00f3n, lo que prolonga significativamente su vida \u00fatil.<\/li>\n<li><strong>Operaci\u00f3n hidr\u00e1ulica eficiente:<\/strong> El cilindro de la pluma utiliza presi\u00f3n de aceite hidr\u00e1ulico para lograr una extensi\u00f3n y retracci\u00f3n suaves, respondiendo r\u00e1pidamente a los comandos del operador y proporcionando una s\u00f3lida fuerza de empuje y tracci\u00f3n, lo que lo hace ideal para manipular materiales pesados \u200b\u200by tareas complejas.<\/li>\n<li><strong>Diversos tipos:<\/strong> Seg\u00fan las necesidades operativas, los clientes pueden elegir entre cilindros de simple efecto (hidr\u00e1ulicos en una direcci\u00f3n) o de doble efecto (hidr\u00e1ulicos en ambas direcciones). Algunos modelos son telesc\u00f3picos, lo que permite una mayor extensi\u00f3n sin aumentar las dimensiones externas, ideal para aplicaciones con espacio limitado.<\/li>\n<\/ul>\n<p>Somos capaces de fabricar estos productos y nuestros productos pueden reemplazar perfectamente los cilindros hidr\u00e1ulicos existentes.<\/p>\n<p><img decoding=\"async\" src=\"https:\/\/www.hydraulic-cylinders.net\/wp-content\/uploads\/2025\/04\/songte-cylinder-head-with-all-kinds-excavator-models.webp\" alt=\"Imagen de modelos de excavadoras\" \/><\/p>\n<h2>Aplicaciones del cilindro de pluma<\/h2>\n<ul>\n<li><strong>Equipos de construcci\u00f3n:<\/strong> En las excavadoras, los cilindros de la pluma son esenciales para excavar, cargar y mover tierra o escombros. En las retroexcavadoras, el cilindro del cuchar\u00f3n facilita tanto las tareas de excavaci\u00f3n como las de elevaci\u00f3n, mejorando la productividad en las obras de construcci\u00f3n.<\/li>\n<li><strong>Maquinaria agr\u00edcola:<\/strong> Los cilindros de la pluma, utilizados en cargadores frontales, son cruciales para recoger, levantar y transportar tierra, heno y otros materiales, mejorando la eficiencia en las operaciones agr\u00edcolas.<\/li>\n<li><strong>Excavadoras:<\/strong> El cilindro de la pluma permite que la cuchara penetre el suelo de manera efectiva, facilitando procesos de excavaci\u00f3n eficientes.<\/li>\n<li><strong>Cargadores:<\/strong> En los cargadores frontales, los cilindros de la pluma ayudan a levantar y descargar cargas de manera eficiente, lo que garantiza operaciones de manipulaci\u00f3n de materiales sin problemas.<\/li>\n<\/ul>\n<h2>Consideraciones de dise\u00f1o<\/h2>\n<h3>Capacidad de carga<\/h3>\n<p>La capacidad de carga de un cilindro de pluma es un factor cr\u00edtico de dise\u00f1o que influye directamente en su rendimiento. Debe estar dise\u00f1ado para soportar la carga m\u00e1xima prevista durante las operaciones, garantizando as\u00ed la seguridad y la fiabilidad. Un cilindro de pluma bien dise\u00f1ado puede soportar cargas pesadas sin doblarse ni fallar, lo cual es esencial para el funcionamiento eficiente de la maquinaria.<\/p>\n<h3>Caza de focas<\/h3>\n<p>Un sellado eficaz es fundamental para evitar fugas de fluido y mantener la presi\u00f3n en el sistema hidr\u00e1ulico. Los sellos de alta calidad garantizan la retenci\u00f3n del fluido hidr\u00e1ulico, esencial para el funcionamiento del cilindro de la pluma. La inspecci\u00f3n y el reemplazo regulares de los sellos pueden evitar costosas paradas y reparaciones.<\/p>\n<h3>Durabilidad<\/h3>\n<p>La durabilidad es un factor clave en el dise\u00f1o de los cilindros de pluma. Estos componentes deben soportar condiciones de trabajo extremas, como altas presiones, temperaturas variables y exposici\u00f3n a entornos hostiles. El uso de materiales resistentes al desgaste y la corrosi\u00f3n contribuye a la longevidad del cilindro, minimizando los costos de mantenimiento y reemplazo.<\/p>\n<h3>Seguridad<\/h3>\n<p>Las caracter\u00edsticas de seguridad en el dise\u00f1o de los cilindros de la pluma son cruciales para prevenir accidentes durante la operaci\u00f3n. La incorporaci\u00f3n de v\u00e1lvulas de seguridad, sistemas de alivio de presi\u00f3n y sistemas redundantes mejora la seguridad, garantizando que la maquinaria funcione dentro de l\u00edmites seguros. El mantenimiento regular y el cumplimiento de los protocolos de seguridad mitigan a\u00fan m\u00e1s los riesgos asociados con los sistemas hidr\u00e1ulicos.<\/p>\n<h3>Mantenibilidad<\/h3>\n<p>Dise\u00f1ar cilindros de pluma que faciliten el mantenimiento es esencial para una operaci\u00f3n eficiente. Los componentes deben ser f\u00e1cilmente accesibles para inspecci\u00f3n, lubricaci\u00f3n y reemplazo. Un dise\u00f1o que facilite reparaciones r\u00e1pidas puede reducir significativamente el tiempo de inactividad, asegurando que la maquinaria se mantenga operativa y productiva.<\/p>\n<p><img decoding=\"async\" src=\"https:\/\/www.hydraulic-cylinders.net\/wp-content\/uploads\/2025\/04\/songte-oil-pipes-and-spare-parts.webp\" alt=\"Imagen de tuber\u00edas de aceite y repuestos\" \/><\/p>\n<h2>Sellado y lubricaci\u00f3n<\/h2>\n<p>Un sellado y una lubricaci\u00f3n adecuados son fundamentales para el rendimiento de los cilindros de la pluma. Diversos sellos, como los de pist\u00f3n y v\u00e1stago, son cruciales para evitar fugas de fluido hidr\u00e1ulico. Seleccionar sellos fabricados con materiales resistentes al desgaste, como poliuretano y caucho de nitrilo, aumenta su durabilidad. El cuerpo del cilindro y las superficies roscadas de los extremos deben someterse a un procesamiento fino para mejorar la resistencia al desgaste. Adem\u00e1s, es necesaria una lubricaci\u00f3n regular con aceite hidr\u00e1ulico para garantizar un funcionamiento suave y minimizar el desgaste.<\/p>\n<h2>Medidas de mantenimiento preventivo<\/h2>\n<ul>\n<li><strong>Inspecciones regulares:<\/strong> Realice inspecciones peri\u00f3dicas del cilindro de la pluma para identificar a tiempo cualquier signo de desgaste o da\u00f1o. Este enfoque proactivo puede ayudar a prevenir fallas graves y reparaciones costosas.<\/li>\n<li><strong>Lubricaci\u00f3n:<\/strong> Aseg\u00farese de que el fluido hidr\u00e1ulico est\u00e9 en el nivel adecuado y de que se apliquen lubricantes regularmente para mantener un funcionamiento suave.<\/li>\n<li><strong>Reemplazo del sello:<\/strong> Controle el desgaste de los sellos y reempl\u00e1celos seg\u00fan sea necesario para evitar fugas y mantener la presi\u00f3n del sistema.<\/li>\n<\/ul>\n<h2>Gu\u00eda de instalaci\u00f3n<\/h2>\n<p>La correcta instalaci\u00f3n del cilindro de la pluma es crucial para su rendimiento. Para empezar, aseg\u00farese de que las superficies de montaje est\u00e9n limpias y libres de residuos. Utilice los soportes de montaje adecuados para fijar el cilindro en su lugar, asegurando una correcta alineaci\u00f3n entre este y la maquinaria. Siga las especificaciones del fabricante para apretar los pernos e instalar las l\u00edneas hidr\u00e1ulicas. Verifique que todas las conexiones est\u00e9n seguras y sin fugas antes de operar el equipo. Tambi\u00e9n es fundamental purgar el sistema hidr\u00e1ulico para eliminar cualquier bolsa de aire que pueda afectar el rendimiento.<\/p>\n<h2>Tareas comunes de mantenimiento<\/h2>\n<ul>\n<li><strong>Controles peri\u00f3dicos:<\/strong> Programe revisiones peri\u00f3dicas para supervisar el estado del cilindro de la pluma. Busque se\u00f1ales de desgaste, fugas o da\u00f1os que puedan afectar su rendimiento.<\/li>\n<li><strong>Lubricaci\u00f3n adecuada:<\/strong> Aseg\u00farese de que el cilindro est\u00e9 adecuadamente lubricado para facilitar su funcionamiento. Utilice el aceite hidr\u00e1ulico recomendado para un rendimiento \u00f3ptimo.<\/li>\n<li><strong>Reemplazo y calibraci\u00f3n del sello:<\/strong> Reemplace los sellos seg\u00fan sea necesario y realice controles de calibraci\u00f3n para garantizar que el cilindro funcione dentro de los par\u00e1metros especificados.<\/li>\n<\/ul>\n<h2>Consideraciones de seguridad y factores ambientales<\/h2>\n<p>Al utilizar cilindros hidr\u00e1ulicos, es fundamental implementar medidas de seguridad para proteger a los operadores y el equipo. Esto incluye garantizar que todos los dispositivos de seguridad funcionen correctamente y que los operadores est\u00e9n capacitados para manipular la maquinaria con seguridad. Las consideraciones ambientales, como la prevenci\u00f3n de fugas de fluido hidr\u00e1ulico, son esenciales para mantener un entorno de trabajo seguro y limpio. La correcta eliminaci\u00f3n de fluidos y componentes hidr\u00e1ulicos tambi\u00e9n contribuye a la sostenibilidad y al cumplimiento de la normativa ambiental.<\/p>\n<h2>Soluci\u00f3n de problemas y problemas comunes<\/h2>\n<ul>\n<li><strong>P\u00e9rdida de presi\u00f3n:<\/strong> Si el cilindro de la pluma experimenta una p\u00e9rdida de presi\u00f3n, revise si hay fugas en las l\u00edneas hidr\u00e1ulicas o los sellos. Aseg\u00farese de que el nivel de fluido hidr\u00e1ulico sea adecuado e inspeccione si hay obstrucciones.<\/li>\n<li><strong>Operaci\u00f3n lenta:<\/strong> Un funcionamiento lento puede indicar falta de fluido hidr\u00e1ulico o aire en el sistema. Purgue el sistema y revise los niveles de fluido para solucionar este problema.<\/li>\n<li><strong>Movimiento desigual:<\/strong> Si el cilindro de la pluma se mueve de forma irregular, inspeccione los sellos y las conexiones hidr\u00e1ulicas para detectar da\u00f1os o desgaste. Aseg\u00farese de que el cilindro est\u00e9 correctamente alineado y calibrado.<\/li>\n<\/ul>\n<h2>Consejos para la soluci\u00f3n de problemas<\/h2>\n<p>Para diagnosticar y resolver eficazmente los problemas con los cilindros de la pluma, comience por consultar el manual de instrucciones para obtener instrucciones sobre la soluci\u00f3n de problemas. El mantenimiento regular puede prevenir muchos problemas comunes, por lo que debe cumplir con las inspecciones programadas y reemplazar los componentes desgastados con prontitud. Implementar un enfoque sistem\u00e1tico para supervisar el rendimiento de los cilindros ayuda a identificar posibles problemas antes de que se agraven, garantizando as\u00ed un funcionamiento fiable.<\/p>\n<p><img decoding=\"async\" src=\"https:\/\/www.hydraulic-cylinders.net\/wp-content\/uploads\/2025\/04\/songte-bushings-with-all-kinds-of-excavator-models.webp\" alt=\"Imagen de bujes con modelos de excavadora\" \/><\/p>\n<h2>Acerca de nuestra empresa<\/h2>\n<p>Somos un fabricante l\u00edder de cilindros hidr\u00e1ulicos de repuesto y ofrecemos una amplia gama de productos tanto en el mercado nacional como en el internacional. Nuestro compromiso con la excelencia se refleja en nuestros meticulosos procesos de fabricaci\u00f3n y estrategias de gesti\u00f3n. Mejoramos continuamente nuestra plataforma de producci\u00f3n aprovechando el talento t\u00e9cnico, equipos de fabricaci\u00f3n digital avanzados y sistemas de prueba profesionales, lo que garantiza satisfacer las diversas necesidades de nuestros clientes con alta eficiencia, precisi\u00f3n y calidad.<\/p>\n<h3>Experiencia y soluciones personalizadas<\/h3>\n<p>Gracias a nuestro conocimiento especializado, ofrecemos soluciones personalizadas que se adaptan a las necesidades operativas espec\u00edficas. Nuestras certificaciones internacionales garantizan la calidad y fiabilidad de nuestros productos, lo que nos convierte en un socio de confianza en soluciones hidr\u00e1ulicas.<\/p>\n<h3>Equipos de fabricaci\u00f3n avanzada<\/h3>\n<p>Nuestras instalaciones est\u00e1n equipadas con equipos de fabricaci\u00f3n de \u00faltima generaci\u00f3n, lo que nos permite producir cilindros hidr\u00e1ulicos que cumplen con estrictos est\u00e1ndares de calidad. Nuestros rigurosos procesos de control de calidad garantizan que todos los productos superen las expectativas del cliente.<\/p>\n<h3>Soporte postventa<\/h3>\n<p>Nos enorgullecemos de ofrecer un soporte posventa excepcional, ayudando a nuestros clientes con la instalaci\u00f3n, el mantenimiento y la resoluci\u00f3n de problemas. Nuestro dedicado equipo de atenci\u00f3n al cliente est\u00e1 siempre disponible para responder a cualquier consulta o inquietud.<\/p>\n<p><img decoding=\"async\" src=\"https:\/\/www.hydraulic-cylinders.net\/wp-content\/uploads\/2025\/04\/songte-company-4.webp\" alt=\"Imagen de la empresa 1\" \/><br \/>\n<img decoding=\"async\" src=\"https:\/\/www.hydraulic-cylinders.net\/wp-content\/uploads\/2025\/04\/songte-company-3.webp\" alt=\"Imagen de la empresa 2\" \/><\/p>\n<p>Autor: lyl<\/p>","protected":false},"excerpt":{"rendered":"<p>Boom Cylinder For Sinomach ZG3065-9 Introduction to Boom Cylinder The Boom Cylinder is a vital component in hydraulic systems, specifically designed for controlling the movement of buckets in heavy machinery such as excavators, backhoe loaders, and front loaders. This hydraulic cylinder allows the bucket to lift, lower, and tilt, facilitating efficient material handling tasks. It [&hellip;]<\/p>","protected":false},"featured_media":17873,"comment_status":"open","ping_status":"closed","template":"","meta":{"_et_pb_use_builder":"","_et_pb_old_content":"","_et_gb_content_width":""},"product_brand":[],"product_cat":[1546],"product_tag":[1547,1496],"class_list":{"0":"post-19489","1":"product","2":"type-product","3":"status-publish","4":"has-post-thumbnail","6":"product_cat-boom-cylinders","7":"product_tag-boom-cylinders","8":"product_tag-hydraulic-cylinders","10":"first","11":"instock","12":"shipping-taxable","13":"product-type-simple"},"amp_enabled":true,"_links":{"self":[{"href":"https:\/\/www.hydraulic-cylinders.net\/es\/wp-json\/wp\/v2\/product\/19489","targetHints":{"allow":["GET"]}}],"collection":[{"href":"https:\/\/www.hydraulic-cylinders.net\/es\/wp-json\/wp\/v2\/product"}],"about":[{"href":"https:\/\/www.hydraulic-cylinders.net\/es\/wp-json\/wp\/v2\/types\/product"}],"replies":[{"embeddable":true,"href":"https:\/\/www.hydraulic-cylinders.net\/es\/wp-json\/wp\/v2\/comments?post=19489"}],"wp:featuredmedia":[{"embeddable":true,"href":"https:\/\/www.hydraulic-cylinders.net\/es\/wp-json\/wp\/v2\/media\/17873"}],"wp:attachment":[{"href":"https:\/\/www.hydraulic-cylinders.net\/es\/wp-json\/wp\/v2\/media?parent=19489"}],"wp:term":[{"taxonomy":"product_brand","embeddable":true,"href":"https:\/\/www.hydraulic-cylinders.net\/es\/wp-json\/wp\/v2\/product_brand?post=19489"},{"taxonomy":"product_cat","embeddable":true,"href":"https:\/\/www.hydraulic-cylinders.net\/es\/wp-json\/wp\/v2\/product_cat?post=19489"},{"taxonomy":"product_tag","embeddable":true,"href":"https:\/\/www.hydraulic-cylinders.net\/es\/wp-json\/wp\/v2\/product_tag?post=19489"}],"curies":[{"name":"wp","href":"https:\/\/api.w.org\/{rel}","templated":true}]}}