{"id":19492,"date":"2025-04-07T06:50:42","date_gmt":"2025-04-07T06:50:42","guid":{"rendered":"https:\/\/www.hydraulic-cylinders.net\/product\/boom-cylinder-for-jove-jv55-7\/"},"modified":"2025-04-07T06:50:44","modified_gmt":"2025-04-07T06:50:44","slug":"boom-cylinder-for-jove-jv55-7","status":"publish","type":"product","link":"https:\/\/www.hydraulic-cylinders.net\/es\/producto\/boom-cylinder-for-jove-jv55-7\/","title":{"rendered":"Cilindro de pluma para Jove JV55-7"},"content":{"rendered":"<h1>Cilindro de pluma para Jove JV55-7<\/h1>\n<h2>Definici\u00f3n y descripci\u00f3n general del cilindro del cuchar\u00f3n<\/h2>\n<p>El cilindro de la pluma para Jove JV55-7 es un cilindro hidr\u00e1ulico especializado dise\u00f1ado para controlar el movimiento de las cucharas en diversas m\u00e1quinas pesadas, como excavadoras, retroexcavadoras y cargadoras frontales. Este componente esencial permite que la cuchara se eleve, descienda e incline, facilitando as\u00ed la manipulaci\u00f3n eficiente de materiales. El cilindro de la cuchara funciona dentro de sistemas hidr\u00e1ulicos, utilizando fluido hidr\u00e1ulico a presi\u00f3n para generar movimiento y fuerza. Los cilindros de cuchara son cruciales para tareas que requieren precisi\u00f3n y potencia, lo que los hace indispensables en m\u00faltiples industrias.<\/p>\n<p><img decoding=\"async\" src=\"https:\/\/www.hydraulic-cylinders.net\/wp-content\/uploads\/2025\/04\/songte-company-1.webp\" alt=\"Imagen del cilindro del cubo\"><\/p>\n<h2>Caracter\u00edsticas del cilindro de la pluma<\/h2>\n<ul>\n<li><strong>Alta resistencia y durabilidad:<\/strong> Fabricado en acero o aluminio de alta resistencia, el cilindro de la pluma soporta altas presiones y cargas pesadas, lo que lo hace ideal para entornos de trabajo exigentes. Su dise\u00f1o incorpora resistencia al desgaste y protecci\u00f3n contra la corrosi\u00f3n, prolongando as\u00ed su vida \u00fatil.<\/li>\n<li><strong>Operaci\u00f3n hidr\u00e1ulica eficiente:<\/strong> Utiliza la presi\u00f3n del aceite hidr\u00e1ulico para una extensi\u00f3n y retracci\u00f3n suaves, respondiendo r\u00e1pidamente a las \u00f3rdenes de control y proporcionando potentes fuerzas de empuje y tracci\u00f3n adecuadas para tareas pesadas y complejas.<\/li>\n<li><strong>Diversos tipos:<\/strong> Disponibles en configuraciones de simple efecto (funcionan en una direcci\u00f3n) y doble efecto (funcionan en ambas direcciones) para satisfacer diversas necesidades operativas. Algunos modelos son telesc\u00f3picos, lo que permite una mayor extensi\u00f3n sin aumentar las dimensiones externas, ideal para aplicaciones con espacio limitado.<\/li>\n<li><strong>Fabricaci\u00f3n personalizada:<\/strong> Nuestros productos pueden sustituir perfectamente a otros cilindros hidr\u00e1ulicos, proporcionando soluciones a medida basadas en requisitos espec\u00edficos.<\/li>\n<li><strong>Aplicaciones vers\u00e1tiles:<\/strong> El cilindro de la pluma es compatible con diversas m\u00e1quinas, lo que garantiza su funcionalidad en diferentes contextos operativos.<\/li>\n<\/ul>\n<p><img decoding=\"async\" src=\"https:\/\/www.hydraulic-cylinders.net\/wp-content\/uploads\/2025\/04\/songte-cylinder-head-with-all-kinds-excavator-models.webp\" alt=\"Modelos de excavadoras\"><\/p>\n<h2>Escenarios de aplicaci\u00f3n del cilindro de la pluma<\/h2>\n<h3>Equipos de construcci\u00f3n<\/h3>\n<p>En las excavadoras, los cilindros de la pluma son fundamentales para excavar, cargar y mover tierra o escombros. Facilitan acciones esenciales al permitir que la cuchara penetre eficazmente en el suelo, lo que optimiza las tareas de construcci\u00f3n. En las retroexcavadoras, estos cilindros ayudan tanto a excavar como a levantar, siendo esenciales para diversas tareas de construcci\u00f3n.<\/p>\n<h3>Maquinaria agr\u00edcola<\/h3>\n<p>Las cargadoras frontales utilizan cilindros en la pluma para recoger, levantar y transportar tierra, heno y otros materiales. Su capacidad para ajustar la altura de la cuchara permite realizar las tareas agr\u00edcolas de manera eficiente, lo que aumenta la productividad en las explotaciones.<\/p>\n<h3>excavadoras<\/h3>\n<p>En las excavadoras, el cilindro de la cuchara permite que esta penetre eficazmente en el suelo para realizar tareas de excavaci\u00f3n. Esta operaci\u00f3n es esencial en la construcci\u00f3n y el paisajismo, donde la precisi\u00f3n y la resistencia son fundamentales para el \u00e9xito de las operaciones.<\/p>\n<h3>Cargadores<\/h3>\n<p>En las cargadoras frontales, los cilindros de la pluma ayudan a levantar y descargar cargas de manera eficiente. Su dise\u00f1o permite una operaci\u00f3n r\u00e1pida, lo que las hace id\u00f3neas para manipular diversos materiales y mejora el flujo de trabajo general en las obras de construcci\u00f3n.<\/p>\n<h2>Consideraciones de dise\u00f1o y criterios de selecci\u00f3n<\/h2>\n<h3>Capacidad de carga<\/h3>\n<p>Al seleccionar un cilindro para pluma, es fundamental comprender su capacidad de carga. El cilindro debe poder soportar las cargas m\u00e1ximas previstas durante su funcionamiento sin riesgo de fallo. Una alta capacidad de carga se logra mediante un dise\u00f1o robusto y la selecci\u00f3n de materiales adecuados, lo que garantiza que pueda realizar tareas exigentes con seguridad. La capacidad de carga influye directamente en el rendimiento y la fiabilidad de la maquinaria, por lo que resulta un factor clave en el proceso de dise\u00f1o.<\/p>\n<h3>Calidad de sellado<\/h3>\n<p>Un sellado eficaz es fundamental para los cilindros hidr\u00e1ulicos. Los sellos de calidad evitan las fugas de fluido hidr\u00e1ulico, que pueden provocar p\u00e9rdidas de presi\u00f3n y una disminuci\u00f3n del rendimiento. Las tecnolog\u00edas de sellado avanzadas, como los sellos de pist\u00f3n y v\u00e1stago fabricados con materiales duraderos, mejoran la eficiencia y la vida \u00fatil del cilindro. Un sellado adecuado tambi\u00e9n minimiza las necesidades de mantenimiento y el tiempo de inactividad operativa, lo que contribuye a la productividad general.<\/p>\n<h3>Durabilidad<\/h3>\n<p>La durabilidad es un factor primordial en el dise\u00f1o de cilindros para brazos articulados. Deben soportar condiciones de trabajo extremas, como temperaturas elevadas, materiales abrasivos y cargas pesadas. La elecci\u00f3n de materiales y tratamientos superficiales que resistan el desgaste y la corrosi\u00f3n prolonga la vida \u00fatil del producto, lo que convierte la durabilidad en un factor cr\u00edtico tanto en la fabricaci\u00f3n como en la aplicaci\u00f3n.<\/p>\n<h3>Caracter\u00edsticas de seguridad<\/h3>\n<p>La incorporaci\u00f3n de elementos de seguridad en el dise\u00f1o es fundamental para prevenir accidentes y lesiones durante el funcionamiento. Esto incluye elementos como v\u00e1lvulas de alivio de presi\u00f3n, que protegen contra la sobrepresi\u00f3n, e interruptores de l\u00edmite que impiden movimientos excesivos. Priorizar la seguridad en el dise\u00f1o no solo protege a los operarios, sino que tambi\u00e9n mejora la fiabilidad general de la maquinaria.<\/p>\n<h3>Consideraciones de mantenimiento<\/h3>\n<p>La facilidad de mantenimiento es un aspecto importante del dise\u00f1o. Los cilindros hidr\u00e1ulicos deben dise\u00f1arse para un mantenimiento sencillo, permitiendo un f\u00e1cil acceso a los componentes para su inspecci\u00f3n y reparaci\u00f3n. Consideraciones como los sellos extra\u00edbles, los puntos de lubricaci\u00f3n accesibles y los dise\u00f1os modulares simplifican las tareas de mantenimiento, lo que favorece una mayor vida \u00fatil y un rendimiento \u00f3ptimo.<\/p>\n<p><img decoding=\"async\" src=\"https:\/\/www.hydraulic-cylinders.net\/wp-content\/uploads\/2025\/04\/songte-oil-pipes-and-spare-parts.webp\" alt=\"Tuber\u00edas de aceite y repuestos\"><\/p>\n<h2>Sellado y lubricaci\u00f3n del cilindro<\/h2>\n<p>El sellado y la lubricaci\u00f3n adecuados del cilindro de una pluma son fundamentales para su rendimiento y durabilidad. Diversos componentes de sellado, como los sellos del pist\u00f3n y del v\u00e1stago, son esenciales para evitar fugas de fluido hidr\u00e1ulico. Los sellos de poliuretano y caucho de nitrilo se utilizan com\u00fanmente por su resistencia al desgaste, lo que garantiza un sellado eficaz durante toda la vida \u00fatil del cilindro. Adem\u00e1s, el cuerpo del cilindro y las superficies roscadas de los extremos se someten a un procesamiento meticuloso para mejorar su resistencia al desgaste.<\/p>\n<p>La lubricaci\u00f3n regular tambi\u00e9n es fundamental. El aceite hidr\u00e1ulico debe reponerse peri\u00f3dicamente para mantener niveles \u00f3ptimos de lubricaci\u00f3n, evitando el desgaste de las piezas m\u00f3viles. Una lubricaci\u00f3n adecuada ayuda a reducir la fricci\u00f3n, garantizando un funcionamiento suave y prolongando la vida \u00fatil de los componentes hidr\u00e1ulicos.<\/p>\n<h2>Medidas de mantenimiento preventivo<\/h2>\n<ul>\n<li><strong>Inspecciones regulares:<\/strong> Es fundamental realizar revisiones peri\u00f3dicas del cilindro hidr\u00e1ulico para detectar fugas, desgaste o da\u00f1os. Identificar los problemas a tiempo puede prevenir aver\u00edas m\u00e1s graves y reparaciones costosas.<\/li>\n<li><strong>Lubricaci\u00f3n adecuada:<\/strong> Garantizar una lubricaci\u00f3n adecuada de las piezas m\u00f3viles es fundamental para un funcionamiento fluido y para minimizar el desgaste. Compruebe peri\u00f3dicamente los niveles de aceite y rell\u00e9nelo cuando sea necesario.<\/li>\n<li><strong>Reemplazo del sello:<\/strong> Con el tiempo, las juntas pueden desgastarse. Inspeccione peri\u00f3dicamente las juntas para detectar signos de desgaste y reempl\u00e1celas de inmediato para evitar fugas de fluido hidr\u00e1ulico y mantener el rendimiento.<\/li>\n<\/ul>\n<h2>Instrucciones de instalaci\u00f3n<\/h2>\n<p>La instalaci\u00f3n de un cilindro de pluma requiere una atenci\u00f3n meticulosa a los detalles para garantizar un rendimiento y una seguridad \u00f3ptimos. Comience asegur\u00e1ndose de que los soportes de montaje est\u00e9n correctamente alineados. El uso de fijaciones de instalaci\u00f3n adecuadas ayuda a asegurar el cilindro en su lugar, evitando desalineaciones que podr\u00edan provocar un desgaste prematuro.<\/p>\n<p>Durante la instalaci\u00f3n, es importante comprobar que las conexiones hidr\u00e1ulicas est\u00e9n bien ajustadas y sin fugas. Siga las especificaciones del fabricante para el par de apriete y aseg\u00farese de que todos los racores est\u00e9n correctamente fijados. Tras la instalaci\u00f3n, pruebe el cilindro para confirmar que funciona correctamente, sin obstrucciones ni fugas.<\/p>\n<p>Seguir estas directrices garantiza que el cilindro de la pluma funcione de manera eficaz y tenga una vida \u00fatil prolongada.<\/p>\n<h2>Tareas de mantenimiento<\/h2>\n<h3>Controles regulares<\/h3>\n<p>Las inspecciones peri\u00f3dicas son vitales para la seguridad y la eficiencia del cilindro hidr\u00e1ulico. Estas revisiones deben centrarse en identificar cualquier signo de desgaste o da\u00f1o, como grietas, fugas y desgaste excesivo en juntas o superficies. La detecci\u00f3n temprana de problemas puede ayudar a prevenir fallas catastr\u00f3ficas y tiempos de inactividad, garantizando as\u00ed el buen funcionamiento de las operaciones.<\/p>\n<h3>Lubricaci\u00f3n adecuada<\/h3>\n<p>La lubricaci\u00f3n es esencial para el correcto funcionamiento del cilindro hidr\u00e1ulico. Aseg\u00farese de que los puntos de lubricaci\u00f3n sean f\u00e1cilmente accesibles y revise los niveles de aceite peri\u00f3dicamente. Aplicar el tipo y la cantidad adecuados de fluido hidr\u00e1ulico ayuda a reducir la fricci\u00f3n y el desgaste de las piezas m\u00f3viles, prolongando as\u00ed la vida \u00fatil del cilindro.<\/p>\n<h3>Reemplazo y calibraci\u00f3n de sellos<\/h3>\n<p>El reemplazo peri\u00f3dico de los sellos es fundamental para mantener la integridad hidr\u00e1ulica. Reemplace los sellos desgastados de inmediato para evitar fugas de fluido hidr\u00e1ulico. Las comprobaciones de calibraci\u00f3n garantizan que el cilindro funcione dentro de los par\u00e1metros especificados, optimizando el rendimiento y previniendo da\u00f1os mayores.<\/p>\n<p>La correcta instalaci\u00f3n, lubricaci\u00f3n y ajuste son fundamentales para la eficiencia operativa. Aseg\u00farese de alinear correctamente el cilindro durante la instalaci\u00f3n y utilice soportes de montaje adecuados para estabilizarlo. Siga los procedimientos recomendados para la inspecci\u00f3n, reparaci\u00f3n y sustituci\u00f3n, a fin de maximizar la vida \u00fatil y la eficacia del cilindro de su pluma.<\/p>\n<p><img decoding=\"async\" src=\"https:\/\/www.hydraulic-cylinders.net\/wp-content\/uploads\/2025\/04\/songte-chushion-collar.webp\" alt=\"Collar\u00edn acolchado\"><\/p>\n<h2>Consideraciones de seguridad y factores ambientales<\/h2>\n<p>Es fundamental implementar medidas de seguridad durante el funcionamiento de los cilindros hidr\u00e1ulicos. Los operarios deben recibir capacitaci\u00f3n para reconocer los peligros potenciales asociados a los sistemas hidr\u00e1ulicos, incluidos los riesgos de liberaci\u00f3n de presi\u00f3n y fugas de fluido. El uso de equipo de protecci\u00f3n y el cumplimiento de las normas operativas ayudan a prevenir accidentes y lesiones, garantizando un entorno de trabajo seguro.<\/p>\n<h2>Soluci\u00f3n de problemas comunes<\/h2>\n<h3>Problemas comunes<\/h3>\n<ul>\n<li><strong>Fuga:<\/strong> Las fugas de fluido hidr\u00e1ulico pueden indicar fallos o da\u00f1os en los sellos. Las inspecciones peri\u00f3dicas pueden ayudar a detectar estos problemas a tiempo.<\/li>\n<li><strong>Operaci\u00f3n lenta:<\/strong> Si el cilindro tarda en responder, puede indicar niveles bajos de fluido hidr\u00e1ulico o contaminaci\u00f3n del mismo.<\/li>\n<li><strong>Movimiento inconsistente:<\/strong> Las fluctuaciones en el movimiento pueden indicar la presencia de aire en el sistema hidr\u00e1ulico o el desgaste de algunos componentes.<\/li>\n<\/ul>\n<h3>Consejos para la soluci\u00f3n de problemas<\/h3>\n<p>Para solucionar los problemas de forma eficaz, los operarios deben realizar una inspecci\u00f3n exhaustiva para identificar su origen. En caso de fugas, revise los sellos y las conexiones y reempl\u00e1celos si es necesario. Si los problemas de rendimiento persisten, consulte las directrices del fabricante o busque asistencia profesional para diagnosticar problemas mec\u00e1nicos m\u00e1s complejos.<\/p>\n<p>Las medidas preventivas, como el mantenimiento y las inspecciones peri\u00f3dicas, pueden reducir significativamente la probabilidad de encontrar estos problemas, lo que garantiza un funcionamiento m\u00e1s fluido y una mayor vida \u00fatil de los cilindros hidr\u00e1ulicos.<\/p>\n<p><img decoding=\"async\" src=\"https:\/\/www.hydraulic-cylinders.net\/wp-content\/uploads\/2025\/04\/songte-bushings-with-all-kinds-of-excavator-models.webp\" alt=\"Bujes con modelos de excavadora\"><\/p>\n<h2>Acerca de nuestra empresa<\/h2>\n<p>Somos un fabricante l\u00edder de cilindros hidr\u00e1ulicos de repuesto, con una amplia gama de productos y una posici\u00f3n destacada como mayorista tanto en el mercado nacional como internacional. Nuestro compromiso con la excelencia en la calidad se sustenta en una estrategia de gesti\u00f3n de la producci\u00f3n optimizada. Invertimos en equipos de fabricaci\u00f3n de vanguardia, t\u00e9cnicos altamente cualificados y un s\u00f3lido sistema de inspecci\u00f3n para mejorar continuamente nuestra capacidad de producci\u00f3n.<\/p>\n<p>Con un enfoque en la alta eficiencia, precisi\u00f3n y calidad, satisfacemos las diversas necesidades de nuestros clientes. Nuestra capacidad para brindar soluciones personalizadas, respaldadas por certificaciones internacionales, garantiza que cumplimos con los m\u00e1s altos est\u00e1ndares de la industria.<\/p>\n<p><img decoding=\"async\" src=\"https:\/\/www.hydraulic-cylinders.net\/wp-content\/uploads\/2025\/04\/songte-company-4.webp\" alt=\"Imagen de la empresa 1\"><br \/>\n<img decoding=\"async\" src=\"https:\/\/www.hydraulic-cylinders.net\/wp-content\/uploads\/2025\/04\/songte-company-3.webp\" alt=\"Imagen de la empresa 2\"><\/p>\n<p>Autor: lyl<\/p>","protected":false},"excerpt":{"rendered":"<p>Boom Cylinder For Jove JV55-7 Definition and Overview of the Bucket Cylinder The Boom Cylinder for Jove JV55-7 is a specialized hydraulic cylinder designed to control the movement of buckets in various heavy machinery, such as excavators, backhoes, and front loaders. This essential component enables the bucket to lift, lower, and tilt, facilitating efficient material [&hellip;]<\/p>","protected":false},"featured_media":17876,"comment_status":"open","ping_status":"closed","template":"","meta":{"_et_pb_use_builder":"","_et_pb_old_content":"","_et_gb_content_width":""},"product_brand":[],"product_cat":[1546],"product_tag":[1547,1496],"class_list":{"0":"post-19492","1":"product","2":"type-product","3":"status-publish","4":"has-post-thumbnail","6":"product_cat-boom-cylinders","7":"product_tag-boom-cylinders","8":"product_tag-hydraulic-cylinders","10":"first","11":"instock","12":"shipping-taxable","13":"product-type-simple"},"amp_enabled":true,"_links":{"self":[{"href":"https:\/\/www.hydraulic-cylinders.net\/es\/wp-json\/wp\/v2\/product\/19492","targetHints":{"allow":["GET"]}}],"collection":[{"href":"https:\/\/www.hydraulic-cylinders.net\/es\/wp-json\/wp\/v2\/product"}],"about":[{"href":"https:\/\/www.hydraulic-cylinders.net\/es\/wp-json\/wp\/v2\/types\/product"}],"replies":[{"embeddable":true,"href":"https:\/\/www.hydraulic-cylinders.net\/es\/wp-json\/wp\/v2\/comments?post=19492"}],"wp:featuredmedia":[{"embeddable":true,"href":"https:\/\/www.hydraulic-cylinders.net\/es\/wp-json\/wp\/v2\/media\/17876"}],"wp:attachment":[{"href":"https:\/\/www.hydraulic-cylinders.net\/es\/wp-json\/wp\/v2\/media?parent=19492"}],"wp:term":[{"taxonomy":"product_brand","embeddable":true,"href":"https:\/\/www.hydraulic-cylinders.net\/es\/wp-json\/wp\/v2\/product_brand?post=19492"},{"taxonomy":"product_cat","embeddable":true,"href":"https:\/\/www.hydraulic-cylinders.net\/es\/wp-json\/wp\/v2\/product_cat?post=19492"},{"taxonomy":"product_tag","embeddable":true,"href":"https:\/\/www.hydraulic-cylinders.net\/es\/wp-json\/wp\/v2\/product_tag?post=19492"}],"curies":[{"name":"wp","href":"https:\/\/api.w.org\/{rel}","templated":true}]}}