{"id":19564,"date":"2025-04-07T06:54:50","date_gmt":"2025-04-07T06:54:50","guid":{"rendered":"https:\/\/www.hydraulic-cylinders.net\/product\/boom-cylinder-for-yishan-ys70\/"},"modified":"2025-04-07T06:54:52","modified_gmt":"2025-04-07T06:54:52","slug":"boom-cylinder-for-yishan-ys70","status":"publish","type":"product","link":"https:\/\/www.hydraulic-cylinders.net\/es\/producto\/boom-cylinder-for-yishan-ys70\/","title":{"rendered":"Cilindro de pluma para Yishan YS70"},"content":{"rendered":"<h1>Cilindro de pluma para Yishan YS70<\/h1>\n<h2>Introducci\u00f3n al cilindro de la pluma<\/h2>\n<p>El cilindro de la pluma es un componente crucial en los sistemas hidr\u00e1ulicos, dise\u00f1ado espec\u00edficamente para controlar el movimiento de los cucharones en maquinaria pesada como excavadoras, retroexcavadoras y cargadoras frontales. Permite elevar, bajar e inclinar el cuchar\u00f3n, facilitando la manipulaci\u00f3n eficiente de materiales. Este tipo de cilindro hidr\u00e1ulico desempe\u00f1a un papel fundamental en la mejora del rendimiento y la versatilidad de los equipos de construcci\u00f3n.<\/p>\n<p>Como cilindro hidr\u00e1ulico, el cilindro de la pluma utiliza fluido hidr\u00e1ulico para generar movimiento lineal. Al manipular la presi\u00f3n del fluido hidr\u00e1ulico, los operadores pueden lograr movimientos precisos, esenciales para tareas como excavar, cargar y transportar materiales.<\/p>\n<p><img decoding=\"async\" src=\"https:\/\/www.hydraulic-cylinders.net\/wp-content\/uploads\/2025\/04\/songte-company-1.webp\" alt=\"Imagen del cilindro de la pluma\" \/><\/p>\n<h2>Caracter\u00edsticas del cilindro de la pluma<\/h2>\n<ul>\n<li>\n<h3>Alta resistencia y durabilidad<\/h3>\n<p>Fabricado generalmente en acero o aluminio de alta resistencia, el cilindro de la pluma est\u00e1 dise\u00f1ado para soportar alta presi\u00f3n y cargas pesadas, lo que lo hace adecuado para entornos de trabajo exigentes. El dise\u00f1o considera la resistencia al desgaste y la protecci\u00f3n contra la corrosi\u00f3n, lo que prolonga su vida \u00fatil.<\/li>\n<li>\n<h3>Operaci\u00f3n hidr\u00e1ulica eficiente<\/h3>\n<p>El cilindro de la pluma utiliza presi\u00f3n de aceite hidr\u00e1ulico para una extensi\u00f3n y retracci\u00f3n suaves, lo que permite una respuesta r\u00e1pida a los comandos del operador y proporciona potentes fuerzas de empuje y tracci\u00f3n, que son ideales para manipular objetos pesados \u200b\u200by tareas complejas.<\/li>\n<li>\n<h3>Diversos tipos de cilindros<\/h3>\n<p>El cilindro de la pluma est\u00e1 disponible en varios tipos, incluyendo cilindros de simple efecto (opera en una direcci\u00f3n) y de doble efecto (opera en ambas direcciones). Algunos modelos son telesc\u00f3picos, lo que permite una mayor extensi\u00f3n sin aumentar las dimensiones externas, lo que los hace adecuados para espacios reducidos.<\/li>\n<\/ul>\n<p>Nuestros productos pueden reemplazar perfectamente los cilindros hidr\u00e1ulicos existentes, garantizando compatibilidad y confiabilidad.<\/p>\n<p><img decoding=\"async\" src=\"https:\/\/www.hydraulic-cylinders.net\/wp-content\/uploads\/2025\/04\/songte-cylinder-head-with-all-kinds-excavator-models.webp\" alt=\"Modelos de excavadoras\" \/><\/p>\n<h2>Aplicaciones del cilindro de pluma<\/h2>\n<h3>Equipos de construcci\u00f3n<\/h3>\n<p>En las excavadoras, los cilindros de la pluma son vitales para excavar, cargar y mover tierra o escombros. El sistema hidr\u00e1ulico permite un control preciso del movimiento del cuchar\u00f3n, lo que permite a los operadores realizar diversas tareas con eficiencia. En las retroexcavadoras, el cilindro de la pluma facilita tanto las operaciones de excavaci\u00f3n como las de elevaci\u00f3n, aumentando la versatilidad de la m\u00e1quina.<\/p>\n<h3>Maquinaria agr\u00edcola<\/h3>\n<p>En las cargadoras frontales, los cilindros de la pluma se utilizan para recoger, levantar y transportar tierra, heno y otros materiales. Al permitir una elevaci\u00f3n y descarga eficaces, estos cilindros mejoran significativamente la productividad en granjas y entornos agr\u00edcolas.<\/p>\n<h3>excavadoras<\/h3>\n<p>Los cilindros de la pluma permiten que la cuchara penetre eficazmente en el suelo, facilitando las tareas de excavaci\u00f3n. La potencia hidr\u00e1ulica permite que la cuchara ejerza la fuerza necesaria para atravesar superficies dif\u00edciles, lo que la convierte en un elemento esencial en la construcci\u00f3n y el desarrollo de terrenos.<\/p>\n<h3>Cargadores<\/h3>\n<p>En las cargadoras frontales, los cilindros de la pluma ayudan a elevar y descargar cargas eficientemente. Su dise\u00f1o permite una articulaci\u00f3n y un control suaves, lo que mejora la capacidad operativa de la cargadora en diversas aplicaciones.<\/p>\n<h2>Consideraciones de dise\u00f1o y criterios de selecci\u00f3n<\/h2>\n<h3>Capacidad de carga<\/h3>\n<p>Al seleccionar un cilindro de pluma, la capacidad de carga es uno de los factores m\u00e1s cr\u00edticos. Determina el peso m\u00e1ximo que el cilindro puede soportar sin comprometer la integridad estructural. Un cilindro dise\u00f1ado para aplicaciones de alta carga debe someterse a rigurosas pruebas para garantizar su fiabilidad y seguridad en condiciones extremas.<\/p>\n<h3>Integridad del sellado<\/h3>\n<p>El sellado es fundamental para la eficiencia del sistema hidr\u00e1ulico. Elegir los sellos adecuados ayuda a prevenir fugas de fluido hidr\u00e1ulico, garantizando un rendimiento \u00f3ptimo y minimizando los costos de mantenimiento. El uso de materiales de sellado de alta calidad, como el poliuretano y el caucho de nitrilo, mejora la durabilidad y la resistencia al desgaste.<\/p>\n<h3>Durabilidad<\/h3>\n<p>La durabilidad es esencial para los cilindros hidr\u00e1ulicos expuestos a entornos hostiles. Los materiales y recubrimientos resistentes a la corrosi\u00f3n y la abrasi\u00f3n prolongan la vida \u00fatil del cilindro de la pluma, lo que lo convierte en una inversi\u00f3n m\u00e1s rentable para los operadores.<\/p>\n<h3>Normas de seguridad<\/h3>\n<p>El cumplimiento de las normas de seguridad en el dise\u00f1o de los cilindros de la pluma es crucial para garantizar la seguridad del operador y la longevidad del equipo. El cumplimiento de las normativas de la industria aumenta la fiabilidad del producto en el mercado.<\/p>\n<h3>Accesibilidad de mantenimiento<\/h3>\n<p>Dise\u00f1ar cilindros de pluma que faciliten el mantenimiento es crucial para minimizar el tiempo de inactividad. Las caracter\u00edsticas que facilitan la inspecci\u00f3n, la lubricaci\u00f3n y el reemplazo de piezas contribuyen a la eficiencia operativa general.<\/p>\n<p><img decoding=\"async\" src=\"https:\/\/www.hydraulic-cylinders.net\/wp-content\/uploads\/2025\/04\/songte-oil-pipes-and-spare-parts.webp\" alt=\"Tuber\u00edas de aceite y repuestos\" \/><\/p>\n<h2>Sellado y lubricaci\u00f3n<\/h2>\n<p>Un sellado eficaz es fundamental para garantizar el buen funcionamiento de los cilindros de la pluma. Se utilizan diversos sellos, como sellos de pist\u00f3n y de v\u00e1stago, que suelen estar fabricados con materiales resistentes al desgaste como poliuretano y caucho de nitrilo. El cuerpo del cilindro y los extremos roscados se someten a un mecanizado fino para mejorar la resistencia al desgaste y garantizar un rendimiento duradero. La lubricaci\u00f3n regular con el aceite hidr\u00e1ulico adecuado es necesaria para mantener la funcionalidad de los sellos y del propio cilindro, evitando problemas operativos y prolongando la vida \u00fatil del producto.<\/p>\n<h2>Medidas de mantenimiento preventivo<\/h2>\n<ul>\n<li>\n<h3>Inspecciones peri\u00f3dicas<\/h3>\n<p>Es fundamental realizar inspecciones frecuentes del cilindro de la pluma para detectar signos de desgaste, fugas o da\u00f1os. La detecci\u00f3n temprana de problemas permite reparaciones oportunas, previniendo problemas m\u00e1s graves que podr\u00edan ocasionar costosos tiempos de inactividad.<\/h3>\n<\/li>\n<li>\n<h3>Lubricaci\u00f3n adecuada<\/h3>\n<p>Garantizar una lubricaci\u00f3n adecuada de las piezas m\u00f3viles es vital para reducir la fricci\u00f3n y el desgaste. Revisar y rellenar regularmente los niveles de fluido hidr\u00e1ulico ayudar\u00e1 a mantener una eficiencia operativa \u00f3ptima.<\/h3>\n<\/li>\n<li>\n<h3>Reemplazo del sello<\/h3>\n<p>Con el tiempo, los sellos pueden degradarse y requerir reemplazo. Identificar el momento adecuado para reemplazarlos puede prevenir fugas y mantener la integridad del sistema.<\/h3>\n<\/li>\n<\/ul>\n<h2>Instrucciones de instalaci\u00f3n<\/h2>\n<p>La correcta instalaci\u00f3n del cilindro de la pluma es fundamental para su rendimiento y durabilidad. Primero, aseg\u00farese de que el cilindro est\u00e9 correctamente alineado con la maquinaria para evitar tensiones excesivas en los componentes. Utilice soportes de montaje adecuados para fijar el cilindro en su posici\u00f3n, lo que ayuda a mantener la alineaci\u00f3n y a reducir las vibraciones durante el funcionamiento. Siga las especificaciones del fabricante para la conexi\u00f3n de las l\u00edneas hidr\u00e1ulicas, evitando dobleces o curvas cerradas que puedan restringir el flujo de fluido. Finalmente, tras la instalaci\u00f3n, pruebe el sistema hidr\u00e1ulico para confirmar que el cilindro de la pluma funciona correctamente y sin fugas.<\/p>\n<h2>Tareas comunes de mantenimiento<\/h2>\n<h3>Controles regulares<\/h3>\n<p>Las inspecciones peri\u00f3dicas ayudan a identificar posibles problemas antes de que se agraven. Busque se\u00f1ales de desgaste, fugas o da\u00f1os durante las revisiones. Llevar un registro de mantenimiento puede ayudar a controlar el rendimiento y detectar patrones a lo largo del tiempo.<\/p>\n<h3>Lubricaci\u00f3n adecuada<\/h3>\n<p>Mantener niveles adecuados de lubricaci\u00f3n es fundamental para el buen funcionamiento del cilindro de la pluma. Aseg\u00farese de aplicar los lubricantes seg\u00fan las recomendaciones del fabricante para evitar la degradaci\u00f3n de las juntas y otros componentes.<\/p>\n<h3>Reemplazo de sellos y controles de calibraci\u00f3n<\/h3>\n<p>Las comprobaciones de calibraci\u00f3n rutinarias garantizan que el cilindro de la pluma funcione con la m\u00e1xima eficiencia. Si la calibraci\u00f3n indica discrepancias en el funcionamiento, podr\u00eda ser necesario reemplazar los sellos o realizar ajustes en el sistema hidr\u00e1ulico para restablecer su correcto funcionamiento.<\/p>\n<p><img decoding=\"async\" src=\"https:\/\/www.hydraulic-cylinders.net\/wp-content\/uploads\/2025\/04\/songte-chushion-collar.webp\" alt=\"Collar\u00edn acolchado\" \/><\/p>\n<h2>Consideraciones de seguridad y factores ambientales<\/h2>\n<p>Al trabajar con sistemas hidr\u00e1ulicos, es fundamental implementar medidas de seguridad. Aseg\u00farese siempre de que los operadores est\u00e9n capacitados en el uso seguro de los cilindros de la pluma. El equipo debe inspeccionarse peri\u00f3dicamente para prevenir accidentes relacionados con fallas. Adem\u00e1s, considere el impacto ambiental de los fluidos hidr\u00e1ulicos y elija opciones biodegradables, siempre que est\u00e9n disponibles, para minimizar el da\u00f1o ecol\u00f3gico.<\/p>\n<h2>Soluci\u00f3n de problemas y problemas comunes<\/h2>\n<ul>\n<li>\n<h3>Fuga<\/h3>\n<p>Las fugas pueden deberse a sellos desgastados o componentes da\u00f1ados. Para solucionar esto, inspeccione los sellos en busca de desgaste y reempl\u00e1celos seg\u00fan sea necesario, asegur\u00e1ndose de que todos los accesorios est\u00e9n bien apretados y seguros.<\/h3>\n<\/li>\n<li>\n<h3>Rendimiento inconsistente<\/h3>\n<p>Si el cilindro de la pluma funciona de forma err\u00e1tica, revise los niveles de fluido hidr\u00e1ulico e inspeccione si hay aire en el sistema. Puede ser necesario purgar el sistema para asegurar un suministro de presi\u00f3n constante.<\/h3>\n<\/li>\n<li>\n<h3>Calentamiento excesivo<\/h3>\n<p>El sobrecalentamiento del fluido hidr\u00e1ulico puede indicar un problema con el sistema de refrigeraci\u00f3n. Asegurarse de que los niveles de fluido sean adecuados y revisar el sistema de refrigeraci\u00f3n para detectar obstrucciones puede ayudar a solucionar este problema.<\/h3>\n<\/li>\n<\/ul>\n<p>La implementaci\u00f3n de medidas preventivas puede reducir significativamente la probabilidad de que ocurran estos problemas, mejorando as\u00ed la confiabilidad general del cilindro de la pluma.<\/p>\n<p><img decoding=\"async\" src=\"https:\/\/www.hydraulic-cylinders.net\/wp-content\/uploads\/2025\/04\/songte-bushings-with-all-kinds-of-excavator-models.webp\" alt=\"Bujes con modelos de excavadora\" \/><\/p>\n<h2>Acerca de nuestra empresa<\/h2>\n<p>Somos un fabricante y mayorista l\u00edder de cilindros hidr\u00e1ulicos, dedicados a ofrecer alternativas de alta calidad para diversas aplicaciones. Nuestra amplia gama de productos y nuestro compromiso con la excelencia nos han posicionado como un actor destacado en el mercado nacional e internacional. Cumplimos con estrictos est\u00e1ndares de calidad y utilizamos t\u00e9cnicas de fabricaci\u00f3n avanzadas, garantizando que nuestros productos satisfagan las diversas necesidades de nuestros clientes.<\/p>\n<p>Nuestra experiencia se sustenta en un equipo humano cualificado, equipos de fabricaci\u00f3n digital de vanguardia y robustos sistemas de prueba que optimizan nuestra capacidad de producci\u00f3n. Priorizamos la calidad, la eficiencia y la precisi\u00f3n, lo que nos permite satisfacer eficazmente las necesidades espec\u00edficas de nuestros clientes. Nuestra reputaci\u00f3n se basa en la fiabilidad, las soluciones innovadoras y un excepcional servicio posventa.<\/p>\n<p><img decoding=\"async\" src=\"https:\/\/www.hydraulic-cylinders.net\/wp-content\/uploads\/2025\/04\/songte-company-4.webp\" alt=\"Imagen de la empresa 1\" \/><br \/>\n<img decoding=\"async\" src=\"https:\/\/www.hydraulic-cylinders.net\/wp-content\/uploads\/2025\/04\/songte-company-3.webp\" alt=\"Imagen de la empresa 2\" \/><\/p>\n<p>Autor: lyl<\/p>","protected":false},"excerpt":{"rendered":"<p>Boom Cylinder For Yishan YS70 Introduction to Boom Cylinder The Boom Cylinder is a crucial component in hydraulic systems, specifically designed for controlling the movement of buckets in heavy machinery such as excavators, backhoe loaders, and front loaders. It allows for the lifting, lowering, and tilting of the bucket, facilitating efficient material handling tasks. This [&hellip;]<\/p>","protected":false},"featured_media":17872,"comment_status":"open","ping_status":"closed","template":"","meta":{"_et_pb_use_builder":"","_et_pb_old_content":"","_et_gb_content_width":""},"product_brand":[],"product_cat":[1546],"product_tag":[1547,1496],"class_list":{"0":"post-19564","1":"product","2":"type-product","3":"status-publish","4":"has-post-thumbnail","6":"product_cat-boom-cylinders","7":"product_tag-boom-cylinders","8":"product_tag-hydraulic-cylinders","10":"first","11":"instock","12":"shipping-taxable","13":"product-type-simple"},"amp_enabled":true,"_links":{"self":[{"href":"https:\/\/www.hydraulic-cylinders.net\/es\/wp-json\/wp\/v2\/product\/19564","targetHints":{"allow":["GET"]}}],"collection":[{"href":"https:\/\/www.hydraulic-cylinders.net\/es\/wp-json\/wp\/v2\/product"}],"about":[{"href":"https:\/\/www.hydraulic-cylinders.net\/es\/wp-json\/wp\/v2\/types\/product"}],"replies":[{"embeddable":true,"href":"https:\/\/www.hydraulic-cylinders.net\/es\/wp-json\/wp\/v2\/comments?post=19564"}],"wp:featuredmedia":[{"embeddable":true,"href":"https:\/\/www.hydraulic-cylinders.net\/es\/wp-json\/wp\/v2\/media\/17872"}],"wp:attachment":[{"href":"https:\/\/www.hydraulic-cylinders.net\/es\/wp-json\/wp\/v2\/media?parent=19564"}],"wp:term":[{"taxonomy":"product_brand","embeddable":true,"href":"https:\/\/www.hydraulic-cylinders.net\/es\/wp-json\/wp\/v2\/product_brand?post=19564"},{"taxonomy":"product_cat","embeddable":true,"href":"https:\/\/www.hydraulic-cylinders.net\/es\/wp-json\/wp\/v2\/product_cat?post=19564"},{"taxonomy":"product_tag","embeddable":true,"href":"https:\/\/www.hydraulic-cylinders.net\/es\/wp-json\/wp\/v2\/product_tag?post=19564"}],"curies":[{"name":"wp","href":"https:\/\/api.w.org\/{rel}","templated":true}]}}