{"id":19573,"date":"2025-04-07T06:55:15","date_gmt":"2025-04-07T06:55:15","guid":{"rendered":"https:\/\/www.hydraulic-cylinders.net\/product\/boom-cylinder-for-john-deere-e360lc\/"},"modified":"2025-04-07T06:55:18","modified_gmt":"2025-04-07T06:55:18","slug":"boom-cylinder-for-john-deere-e360lc","status":"publish","type":"product","link":"https:\/\/www.hydraulic-cylinders.net\/es\/producto\/boom-cylinder-for-john-deere-e360lc\/","title":{"rendered":"Cilindro de pluma para John Deere E360LC"},"content":{"rendered":"<h1>Cilindro de pluma para John Deere E360LC<\/h1>\n<h2>\u00bfQu\u00e9 es un cilindro de pluma?<\/h2>\n<p>Un cilindro de pluma es un tipo de cilindro hidr\u00e1ulico dise\u00f1ado espec\u00edficamente para controlar el movimiento de la pluma en maquinaria pesada, como excavadoras, retroexcavadoras y cargadoras frontales. Este cilindro hidr\u00e1ulico permite que la pluma se eleve, baje e incline, facilitando la manipulaci\u00f3n de materiales con precisi\u00f3n y eficiencia. En los sistemas hidr\u00e1ulicos, los cilindros de pluma desempe\u00f1an un papel fundamental al convertir la presi\u00f3n hidr\u00e1ulica en fuerza mec\u00e1nica, lo que a su vez permite el movimiento de los componentes de la maquinaria pesada. Son esenciales para realizar tareas que implican excavar, levantar y transportar materiales.<\/p>\n<p><img decoding=\"async\" src=\"https:\/\/www.hydraulic-cylinders.net\/wp-content\/uploads\/2025\/04\/songte-company-1.webp\" alt=\"Imagen del cilindro de la pluma\"><\/p>\n<h2>Caracter\u00edsticas principales del cilindro de la pluma<\/h2>\n<ul>\n<li><strong>Alta resistencia y durabilidad:<\/strong> Los cilindros de pluma, generalmente fabricados en acero o aluminio de alta resistencia, soportan alta presi\u00f3n y cargas pesadas, lo que los hace ideales para entornos de trabajo exigentes. Su dise\u00f1o prioriza la resistencia al desgaste y la protecci\u00f3n contra la corrosi\u00f3n, lo que prolonga su vida \u00fatil.<\/li>\n<li><strong>Operaci\u00f3n hidr\u00e1ulica eficiente:<\/strong> Utilizan presi\u00f3n de aceite hidr\u00e1ulico para lograr una extensi\u00f3n y retracci\u00f3n suaves, lo que permite una respuesta r\u00e1pida a los comandos de control. Esto proporciona potentes fuerzas de empuje y tracci\u00f3n, ideales para manipular materiales pesados \u200b\u200by tareas complejas.<\/li>\n<li><strong>Diversos tipos disponibles:<\/strong> Los cilindros de la pluma pueden seleccionarse como de simple efecto (que utilizan presi\u00f3n hidr\u00e1ulica en una direcci\u00f3n) o de doble efecto (que utilizan presi\u00f3n hidr\u00e1ulica en ambas direcciones) para satisfacer diversas necesidades operativas. Algunos modelos son telesc\u00f3picos, lo que permite una mayor extensi\u00f3n sin aumentar las dimensiones externas, lo que los hace ideales para aplicaciones con espacio limitado.<\/li>\n<li><strong>Fabricaci\u00f3n personalizada:<\/strong> Fabricamos estos productos para reemplazar perfectamente los cilindros hidr\u00e1ulicos existentes, asegurando compatibilidad y eficiencia en el rendimiento de su maquinaria.<\/li>\n<\/ul>\n<p><img decoding=\"async\" src=\"https:\/\/www.hydraulic-cylinders.net\/wp-content\/uploads\/2025\/04\/songte-cylinder-head-with-all-kinds-excavator-models.webp\" alt=\"Modelos de excavadoras\"><\/p>\n<h2>Aplicaciones de los cilindros de pluma<\/h2>\n<h3>Equipos de construcci\u00f3n<\/h3>\n<p>En las excavadoras, los cilindros de la pluma son cruciales para excavar, cargar y mover tierra o escombros. Permiten al operador controlar la profundidad y el \u00e1ngulo de la pluma, mejorando as\u00ed la eficiencia operativa. En las retroexcavadoras, el cilindro de la pluma facilita tanto las tareas de excavaci\u00f3n como las de elevaci\u00f3n, lo que las hace vers\u00e1tiles para diversos trabajos de construcci\u00f3n.<\/p>\n<h3>Maquinaria agr\u00edcola<\/h3>\n<p>En las cargadoras frontales, los cilindros de la pluma se utilizan para recoger, levantar y transportar materiales como tierra, heno y otros. Su dise\u00f1o permite un control preciso del mecanismo de elevaci\u00f3n, garantizando procesos de carga y descarga eficientes en las explotaciones agr\u00edcolas.<\/p>\n<h3>excavadoras<\/h3>\n<p>Los cilindros de la pluma en las excavadoras permiten que la cuchara penetre eficazmente en el suelo, facilitando una excavaci\u00f3n potente. El sistema hidr\u00e1ulico permite transiciones suaves entre la elevaci\u00f3n y el descenso de la pluma, esencial para diversas tareas de excavaci\u00f3n.<\/p>\n<h3>Cargadores<\/h3>\n<p>En las cargadoras frontales, los cilindros de la pluma facilitan la elevaci\u00f3n y descarga de cargas con eficacia. Su dise\u00f1o robusto garantiza la manipulaci\u00f3n segura y eficiente de materiales pesados, lo que las hace indispensables tanto en entornos de construcci\u00f3n como de manipulaci\u00f3n de materiales.<\/p>\n<h2>Consideraciones de dise\u00f1o y criterios de selecci\u00f3n<\/h2>\n<ul>\n<li><strong>Capacidad de carga:<\/strong> The load capacity of a boom cylinder is critical as it dictates the weight it can safely lift. Selecting a cylinder with an appropriate load rating ensures the machinery&#8217;s performance and safety. Analyzing the specific requirements and potential load scenarios is essential during the selection process.<\/li>\n<li><strong>Mecanismo de sellado:<\/strong> Un sellado eficaz es vital para prevenir fugas de fluido hidr\u00e1ulico, que podr\u00edan provocar fallos en el sistema y reducir la eficiencia. Los sellos deben ser duraderos y resistentes al desgaste, ya que desempe\u00f1an un papel crucial en el mantenimiento de la integridad del sistema hidr\u00e1ulico.<\/li>\n<li><strong>Durabilidad:<\/strong> Los cilindros de la pluma deben estar dise\u00f1ados para soportar los rigores de las aplicaciones de servicio pesado. Esto incluye resistencia al desgaste, la corrosi\u00f3n y las condiciones de trabajo extremas. Los materiales y recubrimientos utilizados en la fabricaci\u00f3n deben seleccionarse en funci\u00f3n del entorno operativo previsto.<\/li>\n<li><strong>Caracter\u00edsticas de seguridad:<\/strong> Es fundamental incorporar dispositivos de seguridad como v\u00e1lvulas de alivio de presi\u00f3n y sistemas de protecci\u00f3n contra sobrecargas. Estos dispositivos ayudan a prevenir accidentes y garantizan la operaci\u00f3n segura de maquinaria pesada, especialmente en entornos de trabajo peligrosos.<\/li>\n<li><strong>Accesibilidad de mantenimiento:<\/strong> Un dise\u00f1o que facilite el acceso a los componentes para mantenimiento y reparaciones es crucial. Esto no solo reduce el tiempo de inactividad, sino que tambi\u00e9n garantiza que los operadores puedan realizar comprobaciones rutinarias para garantizar un rendimiento \u00f3ptimo.<\/li>\n<\/ul>\n<p><img decoding=\"async\" src=\"https:\/\/www.hydraulic-cylinders.net\/wp-content\/uploads\/2025\/04\/songte-oil-pipes-and-spare-parts.webp\" alt=\"Tuber\u00edas de aceite y repuestos\"><\/p>\n<h2>Sellado y lubricaci\u00f3n del cilindro de la pluma<\/h2>\n<p>Para garantizar la longevidad y el rendimiento de los cilindros de las plumas, se utilizan diversos componentes de sellado, como sellos de pist\u00f3n y de v\u00e1stago. La selecci\u00f3n de materiales como el poliuretano y el caucho de nitrilo es crucial, ya que proporcionan una excelente resistencia al desgaste y durabilidad. El cuerpo del cilindro y los extremos roscados se procesan con precisi\u00f3n para mejorar la resistencia al desgaste, garantizar un sellado herm\u00e9tico y prevenir fugas. La lubricaci\u00f3n regular con el aceite hidr\u00e1ulico adecuado es necesaria para mantener un funcionamiento \u00f3ptimo y reducir la fricci\u00f3n entre las piezas m\u00f3viles. Unas pr\u00e1cticas de lubricaci\u00f3n adecuadas ayudan a prolongar la vida \u00fatil del cilindro y a mantener su rendimiento.<\/p>\n<h2>Inspecciones peri\u00f3dicas y medidas de mantenimiento preventivo<\/h2>\n<ul>\n<li><strong>Inspecciones de rutina:<\/strong> Realice inspecciones visuales peri\u00f3dicas para identificar cualquier signo de desgaste, fugas o da\u00f1os. Este enfoque proactivo ayuda a detectar posibles problemas a tiempo, previniendo problemas m\u00e1s graves en el futuro.<\/li>\n<li><strong>Lubricaci\u00f3n adecuada:<\/strong> Aseg\u00farese de seguir los programas de lubricaci\u00f3n y de utilizar el tipo correcto de aceite hidr\u00e1ulico. Revise peri\u00f3dicamente los niveles de aceite y rell\u00e9nelo seg\u00fan sea necesario para mantener un funcionamiento \u00f3ptimo.<\/li>\n<li><strong>Reemplazo del sello:<\/strong> Revise peri\u00f3dicamente los sellos para detectar desgaste y reempl\u00e1celos seg\u00fan sea necesario para evitar fugas de fluido hidr\u00e1ulico. El buen mantenimiento de los sellos es crucial para el funcionamiento eficiente del sistema hidr\u00e1ulico.<\/li>\n<\/ul>\n<h2>Gu\u00eda de instalaci\u00f3n correcta<\/h2>\n<p>Proper installation of a boom cylinder is critical for ensuring optimal performance. Begin by ensuring that the mounting surfaces are clean and free from debris. Use appropriate installation brackets to secure the cylinder in place, ensuring that it is correctly aligned with the machinery. Misalignment can lead to premature wear and potential failure. During installation, check that all fittings are tight and leak-proof. After installation, perform a thorough inspection of the connections and hydraulic lines to ensure that there are no leaks and that the system is functioning correctly. Regularly consult the manufacturer&#8217;s guidelines for specific installation procedures and torque specifications.<\/p>\n<p><img decoding=\"async\" src=\"https:\/\/www.hydraulic-cylinders.net\/wp-content\/uploads\/2025\/04\/songte-chushion-collar.webp\" alt=\"Imagen de cuello de coj\u00edn\"><\/p>\n<h2>Consideraciones de seguridad y factores ambientales<\/h2>\n<p>Al trabajar con cilindros hidr\u00e1ulicos, las medidas de seguridad son de suma importancia. Los operadores deben recibir capacitaci\u00f3n sobre el uso correcto de la maquinaria y ser conscientes de los posibles peligros asociados con los sistemas hidr\u00e1ulicos. Es fundamental usar el equipo de protecci\u00f3n personal (EPP) adecuado para prevenir lesiones en caso de falla del equipo. Adem\u00e1s, se deben considerar factores ambientales como las fluctuaciones de presi\u00f3n y las temperaturas extremas durante la operaci\u00f3n, ya que pueden afectar el rendimiento y la seguridad de los sistemas hidr\u00e1ulicos. Las revisiones peri\u00f3dicas y el cumplimiento de los protocolos de seguridad ayudar\u00e1n a mitigar los riesgos y a mantener la seguridad en el lugar de trabajo.<\/p>\n<h2>Soluci\u00f3n de problemas y problemas comunes<\/h2>\n<ul>\n<li><strong>Fugas hidr\u00e1ulicas:<\/strong> Si hay fugas visibles, revise los sellos y accesorios para detectar da\u00f1os o aflojamiento. Reemplace los sellos desgastados y aseg\u00farese de que los accesorios est\u00e9n bien apretados.<\/li>\n<li><strong>Rendimiento reducido del cilindro:<\/strong> Si el cilindro de la pluma no responde como se espera, verifique los niveles de l\u00edquido hidr\u00e1ulico y aseg\u00farese de que no haya bloqueos en las l\u00edneas hidr\u00e1ulicas.<\/li>\n<li><strong>Ruidos inusuales:<\/strong> Si se escuchan ruidos de rechinamiento o silbido, esto podr\u00eda indicar da\u00f1os internos o aire en el sistema hidr\u00e1ulico. Inspeccione el sistema para detectar signos de desgaste y purgue el sistema seg\u00fan sea necesario.<\/li>\n<\/ul>\n<p>Para diagnosticar y abordar eficazmente estos problemas, es fundamental mantener un programa de mantenimiento exhaustivo y familiarizarse con las normas de funcionamiento de la maquinaria utilizada. Se deben implementar medidas preventivas para minimizar el riesgo de estos problemas comunes.<\/p>\n<p><img decoding=\"async\" src=\"https:\/\/www.hydraulic-cylinders.net\/wp-content\/uploads\/2025\/04\/songte-bushings-with-all-kinds-of-excavator-models.webp\" alt=\"Bujes con modelos de excavadora\"><\/p>\n<h2>Acerca de nuestra empresa<\/h2>\n<p>Somos fabricantes de cilindros hidr\u00e1ulicos de repuesto y contamos con una amplia gama de productos que nos posiciona como un fabricante y distribuidor mayorista l\u00edder de cilindros hidr\u00e1ulicos tanto en el mercado nacional como en el internacional. Nos adherimos a los principios de excelencia en calidad y nos basamos en una estrategia de gesti\u00f3n de producci\u00f3n industrial rigurosa. Nuestra empresa mejora continuamente su plataforma de fabricaci\u00f3n mediante personal t\u00e9cnico cualificado, equipos de fabricaci\u00f3n digital avanzados y sistemas de inspecci\u00f3n profesionales. Con una s\u00f3lida capacidad de innovaci\u00f3n, priorizamos la alta eficiencia, precisi\u00f3n y calidad para satisfacer las diversas necesidades de nuestros clientes.<\/p>\n<p><img decoding=\"async\" src=\"https:\/\/www.hydraulic-cylinders.net\/wp-content\/uploads\/2025\/04\/songte-company-4.webp\" alt=\"Imagen de operaciones de la empresa\"><br \/>\n<img decoding=\"async\" src=\"https:\/\/www.hydraulic-cylinders.net\/wp-content\/uploads\/2025\/04\/songte-company-3.webp\" alt=\"Imagen del proceso de fabricaci\u00f3n\"><\/p>\n<p>Adem\u00e1s, ofrecemos servicios profesionales, certificaciones internacionales, soluciones personalizables, equipos de producci\u00f3n de \u00faltima generaci\u00f3n y soporte postventa confiable para garantizar la completa satisfacci\u00f3n del cliente.<\/p>\n<p>Autor: lyl<\/p>","protected":false},"excerpt":{"rendered":"<p>Boom Cylinder For John Deere E360LC What is a Boom Cylinder? A boom cylinder is a type of hydraulic cylinder specifically designed for controlling the movement of the boom in heavy machinery such as excavators, backhoe loaders, and front-end loaders. This hydraulic cylinder allows the boom to raise, lower, and tilt, facilitating material handling tasks [&hellip;]<\/p>","protected":false},"featured_media":17881,"comment_status":"open","ping_status":"closed","template":"","meta":{"_et_pb_use_builder":"","_et_pb_old_content":"","_et_gb_content_width":""},"product_brand":[],"product_cat":[1546],"product_tag":[1547,1496],"class_list":{"0":"post-19573","1":"product","2":"type-product","3":"status-publish","4":"has-post-thumbnail","6":"product_cat-boom-cylinders","7":"product_tag-boom-cylinders","8":"product_tag-hydraulic-cylinders","10":"first","11":"instock","12":"shipping-taxable","13":"product-type-simple"},"amp_enabled":true,"_links":{"self":[{"href":"https:\/\/www.hydraulic-cylinders.net\/es\/wp-json\/wp\/v2\/product\/19573","targetHints":{"allow":["GET"]}}],"collection":[{"href":"https:\/\/www.hydraulic-cylinders.net\/es\/wp-json\/wp\/v2\/product"}],"about":[{"href":"https:\/\/www.hydraulic-cylinders.net\/es\/wp-json\/wp\/v2\/types\/product"}],"replies":[{"embeddable":true,"href":"https:\/\/www.hydraulic-cylinders.net\/es\/wp-json\/wp\/v2\/comments?post=19573"}],"wp:featuredmedia":[{"embeddable":true,"href":"https:\/\/www.hydraulic-cylinders.net\/es\/wp-json\/wp\/v2\/media\/17881"}],"wp:attachment":[{"href":"https:\/\/www.hydraulic-cylinders.net\/es\/wp-json\/wp\/v2\/media?parent=19573"}],"wp:term":[{"taxonomy":"product_brand","embeddable":true,"href":"https:\/\/www.hydraulic-cylinders.net\/es\/wp-json\/wp\/v2\/product_brand?post=19573"},{"taxonomy":"product_cat","embeddable":true,"href":"https:\/\/www.hydraulic-cylinders.net\/es\/wp-json\/wp\/v2\/product_cat?post=19573"},{"taxonomy":"product_tag","embeddable":true,"href":"https:\/\/www.hydraulic-cylinders.net\/es\/wp-json\/wp\/v2\/product_tag?post=19573"}],"curies":[{"name":"wp","href":"https:\/\/api.w.org\/{rel}","templated":true}]}}