{"id":19574,"date":"2025-04-07T06:55:18","date_gmt":"2025-04-07T06:55:18","guid":{"rendered":"https:\/\/www.hydraulic-cylinders.net\/product\/boom-cylinder-for-yuchai-yc08-8\/"},"modified":"2025-04-07T06:55:20","modified_gmt":"2025-04-07T06:55:20","slug":"boom-cylinder-for-yuchai-yc08-8","status":"publish","type":"product","link":"https:\/\/www.hydraulic-cylinders.net\/es\/producto\/boom-cylinder-for-yuchai-yc08-8\/","title":{"rendered":"Cilindro de pluma para Yuchai YC08-8"},"content":{"rendered":"<h1>Cilindro de pluma para Yuchai YC08-8<\/h1>\n<h2>Descripci\u00f3n general del producto<\/h2>\n<p>El cilindro de la pluma para Yuchai YC08-8 es un componente esencial de los sistemas hidr\u00e1ulicos utilizados en maquinaria pesada. Como cilindro hidr\u00e1ulico, est\u00e1 dise\u00f1ado espec\u00edficamente para controlar el movimiento de los cucharones en diversos equipos, como excavadoras, retroexcavadoras y cargadoras frontales. Su funci\u00f3n principal es permitir la elevaci\u00f3n, el descenso y la inclinaci\u00f3n del cuchar\u00f3n, facilitando la manipulaci\u00f3n eficiente de materiales.<\/p>\n<p>El funcionamiento del cilindro de la pluma es fundamental en la maquinaria de construcci\u00f3n y agr\u00edcola, donde se requiere un control preciso y un rendimiento potente. Permite movimientos suaves y proporciona la fuerza necesaria para manipular cargas pesadas con eficacia. El sistema hidr\u00e1ulico utiliza la presi\u00f3n del fluido, lo que permite que el cilindro de la pluma se extienda y retraiga sin problemas. Esta funci\u00f3n es vital para realizar diversas operaciones, como excavar, levantar y transportar materiales.<\/p>\n<p><img decoding=\"async\" src=\"https:\/\/www.hydraulic-cylinders.net\/wp-content\/uploads\/2025\/04\/songte-company-1.webp\" alt=\"Cilindro de la pluma\"><\/p>\n<h2>Caracter\u00edsticas principales<\/h2>\n<ul>\n<li>\n<h3>Alta resistencia y durabilidad<\/h3>\n<p>Fabricado en acero o aluminio de alta resistencia, el cilindro de la pluma est\u00e1 dise\u00f1ado para soportar alta presi\u00f3n y cargas pesadas. Su dise\u00f1o considera la resistencia al desgaste y la prevenci\u00f3n de la corrosi\u00f3n, lo que garantiza una larga vida \u00fatil incluso en entornos de trabajo hostiles.<\/p>\n<\/li>\n<li>\n<h3>Operaci\u00f3n hidr\u00e1ulica eficiente<\/h3>\n<p>El cilindro de la pluma utiliza presi\u00f3n de aceite hidr\u00e1ulico para lograr una extensi\u00f3n y retracci\u00f3n suaves. Responde r\u00e1pidamente a las \u00f3rdenes del operador, proporcionando robustas fuerzas de empuje y tracci\u00f3n, ideales para manipular objetos pesados \u200b\u200by realizar tareas complejas.<\/p>\n<\/li>\n<li>\n<h3>Variedad de tipos<\/h3>\n<p>Seg\u00fan las necesidades de la aplicaci\u00f3n, el cilindro de la pluma puede seleccionarse como de simple efecto (que opera en una direcci\u00f3n) o de doble efecto (que opera en dos direcciones). Algunos modelos son telesc\u00f3picos, lo que permite una mayor extensi\u00f3n sin aumentar las dimensiones externas, lo que los hace ideales para espacios reducidos.<\/p>\n<\/li>\n<li>\n<h3>Fabricaci\u00f3n a medida<\/h3>\n<p>Nuestra empresa se especializa en la producci\u00f3n de cilindros para plumas a medida de requisitos espec\u00edficos. Nuestros productos pueden reemplazar perfectamente los cilindros hidr\u00e1ulicos existentes, garantizando compatibilidad y rendimiento.<\/p>\n<\/li>\n<li>\n<h3>Integraci\u00f3n de tecnolog\u00eda avanzada<\/h3>\n<p>Aprovechamos tecnolog\u00eda de vanguardia en nuestros procesos de fabricaci\u00f3n, mejorando la precisi\u00f3n y la calidad de nuestros cilindros de pluma.<\/p>\n<\/li>\n<\/ul>\n<p><img decoding=\"async\" src=\"https:\/\/www.hydraulic-cylinders.net\/wp-content\/uploads\/2025\/04\/songte-cylinder-head-with-all-kinds-excavator-models.webp\" alt=\"Cabezal de cilindro hidr\u00e1ulico\"><\/p>\n<h2>Escenarios de aplicaci\u00f3n<\/h2>\n<h3>Equipos de construcci\u00f3n<\/h3>\n<p>En las excavadoras, los cilindros de la pluma desempe\u00f1an un papel crucial en la excavaci\u00f3n, la carga y el movimiento de tierra o escombros. Permiten que el cuchar\u00f3n penetre eficazmente en el suelo, lo que permite a los operadores realizar las tareas de excavaci\u00f3n con eficiencia. En las retroexcavadoras, estos cilindros ayudan no solo en la excavaci\u00f3n, sino tambi\u00e9n en la elevaci\u00f3n de materiales, garantizando versatilidad en las operaciones de construcci\u00f3n.<\/p>\n<h3>Maquinaria agr\u00edcola<\/h3>\n<p>En las cargadoras frontales, los cilindros de la pluma son esenciales para recoger, levantar y transportar tierra, heno y otros materiales. Su potencia hidr\u00e1ulica garantiza el movimiento r\u00e1pido y eficaz de grandes vol\u00famenes, mejorando la productividad en granjas y explotaciones agr\u00edcolas.<\/p>\n<h3>excavadoras<\/h3>\n<p>Las excavadoras utilizan cilindros de pluma para facilitar la excavaci\u00f3n, permitiendo que la cuchara penetre eficazmente en el suelo. Esta capacidad es vital para diversas tareas, como la excavaci\u00f3n de zanjas, la nivelaci\u00f3n y la preparaci\u00f3n del terreno, donde se requiere precisi\u00f3n y potencia.<\/p>\n<h3>Cargadores<\/h3>\n<p>En las cargadoras frontales, los cilindros de la pluma contribuyen significativamente a la eficiencia en la elevaci\u00f3n y descarga de cargas. Est\u00e1n dise\u00f1ados para soportar las exigencias de la elevaci\u00f3n de cargas pesadas, manteniendo la estabilidad y el control, lo que los hace indispensables en las operaciones de manipulaci\u00f3n de materiales.<\/p>\n<h2>Consideraciones de dise\u00f1o<\/h2>\n<h3>Capacidad de carga<\/h3>\n<p>La capacidad de carga de un cilindro de pluma es un factor crucial en su dise\u00f1o. Debe estar dise\u00f1ado para soportar el peso m\u00e1ximo que soportar\u00e1 sin comprometer la seguridad ni el rendimiento. Esto implica seleccionar los materiales y las dimensiones adecuados para garantizar la integridad estructural bajo carga.<\/p>\n<h3>Caza de focas<\/h3>\n<p>Un sellado eficaz es esencial en los cilindros hidr\u00e1ulicos para evitar fugas de fluidos y contaminaci\u00f3n. Se deben utilizar sellos de alta calidad para mantener la presi\u00f3n dentro del sistema, garantizando as\u00ed un rendimiento \u00f3ptimo y la longevidad del cilindro. El dise\u00f1o debe admitir diversos tipos de sellos para adaptarse a las condiciones de operaci\u00f3n espec\u00edficas.<\/p>\n<h3>Durabilidad<\/h3>\n<p>La durabilidad es fundamental para los cilindros de pluma, ya que operan en entornos hostiles. Los materiales utilizados deben resistir el desgaste y la corrosi\u00f3n, prolongando as\u00ed su vida \u00fatil. El mantenimiento regular y los controles de calidad durante la fabricaci\u00f3n garantizan que los cilindros cumplan con los est\u00e1ndares de durabilidad.<\/p>\n<h3>Seguridad<\/h3>\n<p>Incorporar caracter\u00edsticas de seguridad en el dise\u00f1o de cilindros hidr\u00e1ulicos es esencial para prevenir accidentes y garantizar la operaci\u00f3n segura de maquinaria pesada. Esto incluye v\u00e1lvulas de alivio de presi\u00f3n y mecanismos de seguridad que se activan en caso de aver\u00eda.<\/p>\n<h3>Mantenibilidad<\/h3>\n<p>El dise\u00f1o de los cilindros de la pluma debe facilitar el mantenimiento y la reparaci\u00f3n. Esto incluye la accesibilidad para reemplazar sellos y lubricar piezas, adem\u00e1s de proporcionar instrucciones claras para el mantenimiento. Unos procedimientos de mantenimiento bien dise\u00f1ados ayudan a prolongar la vida \u00fatil del sistema hidr\u00e1ulico.<\/p>\n<p><img decoding=\"async\" src=\"https:\/\/www.hydraulic-cylinders.net\/wp-content\/uploads\/2025\/04\/songte-oil-pipes-and-spare-parts.webp\" alt=\"Piezas hidr\u00e1ulicas\"><\/p>\n<h2>Sellado y lubricaci\u00f3n<\/h2>\n<p>El sellado y la lubricaci\u00f3n son componentes esenciales para mantener el rendimiento de los cilindros hidr\u00e1ulicos. Se utilizan diversos elementos de sellado, como sellos de pist\u00f3n y de v\u00e1stago, para garantizar que el fluido no se escape y mantener la presi\u00f3n del sistema. Se prefieren sellos de materiales como poliuretano y caucho de nitrilo por su resistencia al desgaste y durabilidad.<\/p>\n<p>The cylinder body and threaded end surfaces are typically finely processed to enhance wear resistance. Regular lubrication with appropriate hydraulic oil is necessary to minimize friction and wear on moving parts, thus ensuring smooth operation. Implementing a regular lubrication schedule is vital for maintaining the hydraulic system&#8217;s efficiency and longevity.<\/p>\n<h2>Inspecci\u00f3n regular y mantenimiento preventivo<\/h2>\n<ul>\n<li>\n<h3>Inspecciones de rutina<\/h3>\n<p>Realizar inspecciones peri\u00f3dicas del cilindro de la pluma es crucial para identificar posibles problemas antes de que se agraven. Los operadores deben verificar si hay indicios de fugas, corrosi\u00f3n o desgaste en los sellos y otros componentes. La detecci\u00f3n temprana puede evitar reparaciones costosas y prolongar la vida \u00fatil del equipo.<\/p>\n<\/li>\n<li>\n<h3>Lubricaci\u00f3n adecuada<\/h3>\n<p>Asegurarse de que el cilindro de la pluma est\u00e9 adecuadamente lubricado es esencial para su funcionamiento eficiente. Los operadores deben seguir las instrucciones del fabricante sobre la frecuencia de lubricaci\u00f3n y el tipo de aceite hidr\u00e1ulico a utilizar. Una lubricaci\u00f3n insuficiente puede provocar un aumento de la fricci\u00f3n y un desgaste prematuro.<\/p>\n<\/li>\n<li>\n<h3>Reemplazo del sello<\/h3>\n<p>Con el tiempo, los sellos pueden degradarse y requerir reemplazo para mantener la integridad del sistema. El mantenimiento regular debe incluir la revisi\u00f3n de los sellos para detectar desgaste y su reemplazo seg\u00fan sea necesario para evitar fugas de fluido y garantizar un rendimiento \u00f3ptimo.<\/p>\n<\/li>\n<\/ul>\n<h2>Instrucciones de instalaci\u00f3n<\/h2>\n<p>La correcta instalaci\u00f3n del cilindro de la pluma es fundamental para garantizar su \u00f3ptimo rendimiento y larga vida \u00fatil. Para empezar, aseg\u00farese de que el espacio de trabajo est\u00e9 limpio y libre de residuos. Alinee el cilindro con precisi\u00f3n con los puntos de montaje, utilizando los soportes adecuados para fijarlo en su lugar. Es fundamental comprobar que todas las conexiones est\u00e9n bien apretadas y que las mangueras hidr\u00e1ulicas est\u00e9n correctamente tendidas para evitar dobleces o p\u00e9rdidas de presi\u00f3n.<\/p>\n<p>Al conectar las mangueras, aseg\u00farese de que no haya fugas revisando todos los accesorios y conexiones. Tras la instalaci\u00f3n, pruebe el cilindro oper\u00e1ndolo en todo su rango de movimiento para verificar que funcione correctamente y sin obstrucciones. Revise peri\u00f3dicamente la alineaci\u00f3n y la seguridad del montaje para evitar problemas de funcionamiento.<\/p>\n<h2>Tareas comunes de mantenimiento<\/h2>\n<ul>\n<li>\n<h3>Inspecciones peri\u00f3dicas<\/h3>\n<p>Se deben realizar inspecciones programadas para supervisar el estado del cilindro de la pluma. Esto incluye verificar si hay signos de desgaste, evaluar los niveles de l\u00edquido y asegurar que todos los componentes est\u00e9n seguros y funcionen correctamente.<\/p>\n<\/li>\n<li>\n<h3>Lubricaci\u00f3n adecuada<\/h3>\n<p>Establishing a lubrication schedule is essential. Utilize the recommended hydraulic oils and ensure that the cylinder is lubricated according to the manufacturer&#8217;s specifications to prevent excessive wear and maintain efficiency.<\/p>\n<\/li>\n<li>\n<h3>Reemplazo de sellos y controles de calibraci\u00f3n<\/h3>\n<p>Revise las juntas para detectar cualquier signo de deterioro. Al reemplazarlas, aseg\u00farese de que todos los componentes est\u00e9n correctamente calibrados para mantener un rendimiento \u00f3ptimo del sistema hidr\u00e1ulico.<\/p>\n<\/li>\n<\/ul>\n<p><img decoding=\"async\" src=\"https:\/\/www.hydraulic-cylinders.net\/wp-content\/uploads\/2025\/04\/songte-chushion-collar.webp\" alt=\"Collar\u00edn de amortiguaci\u00f3n hidr\u00e1ulico\"><\/p>\n<h2>Consideraciones de seguridad y factores ambientales<\/h2>\n<p>Al operar sistemas hidr\u00e1ulicos, las medidas de seguridad son primordiales. Los operadores deben usar el equipo de protecci\u00f3n personal adecuado y asegurarse de que se sigan todos los protocolos de seguridad durante la operaci\u00f3n y el mantenimiento. La capacitaci\u00f3n regular y los simulacros de seguridad pueden ayudar a reducir el riesgo de accidentes en el lugar de trabajo. Adem\u00e1s, se deben tomar medidas ambientales para evitar derrames y fugas de fluido hidr\u00e1ulico que puedan da\u00f1ar el entorno.<\/p>\n<h2>Diagn\u00f3stico de fallas y problemas comunes<\/h2>\n<ul>\n<li>\n<h3>Fugas de fluidos<\/h3>\n<p>Las fugas de fluido son uno de los problemas m\u00e1s comunes en los cilindros hidr\u00e1ulicos. Entre las se\u00f1ales se incluyen la formaci\u00f3n de charcos bajo la maquinaria o una ca\u00edda de la presi\u00f3n hidr\u00e1ulica. Inspeccione los sellos, accesorios y mangueras para identificar y solucionar el origen de la fuga.<\/p>\n<\/li>\n<li>\n<h3>Rendimiento reducido<\/h3>\n<p>Si el cilindro de la pluma no se eleva ni funciona como se espera, revise si hay niveles bajos de l\u00edquido hidr\u00e1ulico, obstrucciones en las mangueras o sellos desgastados. Asegurarse de que los niveles de l\u00edquido hidr\u00e1ulico sean correctos y verificar si hay obstrucciones suele resolver problemas de rendimiento.<\/p>\n<\/li>\n<li>\n<h3>Calentamiento excesivo<\/h3>\n<p>Overheating can occur due to excessive usage, insufficient lubrication, or a malfunctioning hydraulic system. Ensure regular maintenance is performed and that the hydraulic oil is replaced per the manufacturer&#8217;s recommendations to avoid overheating issues.<\/p>\n<\/li>\n<\/ul>\n<p>Para diagnosticar y resolver problemas eficazmente, los operadores deben estar capacitados para reconocer los s\u00edntomas y realizar la resoluci\u00f3n b\u00e1sica de problemas. Las medidas preventivas, como el mantenimiento regular y la monitorizaci\u00f3n de los niveles de fluidos, pueden ayudar a minimizar los posibles problemas.<\/p>\n<p><img decoding=\"async\" src=\"https:\/\/www.hydraulic-cylinders.net\/wp-content\/uploads\/2025\/04\/songte-bushings-with-all-kinds-of-excavator-models.webp\" alt=\"Bujes hidr\u00e1ulicos\"><\/p>\n<h2>Acerca de nuestra empresa<\/h2>\n<p>Somos un fabricante l\u00edder de cilindros hidr\u00e1ulicos de repuesto y ofrecemos una amplia gama de productos para los mercados nacionales e internacionales. Nuestro compromiso con la excelencia en la calidad se sustenta en nuestras rigurosas estrategias de gesti\u00f3n de la fabricaci\u00f3n. Mejoramos continuamente nuestra capacidad de producci\u00f3n mediante el uso de tecnolog\u00eda avanzada, personal cualificado y sistemas de prueba profesionales, garantizando resultados de alta eficiencia, precisi\u00f3n y calidad que satisfacen las diversas necesidades de nuestros clientes.<\/p>\n<p>Nuestra especializaci\u00f3n abarca servicios profesionales, certificaciones internacionales y soluciones personalizables que satisfacen diversas necesidades de la industria. Nuestros equipos de fabricaci\u00f3n de vanguardia y un s\u00f3lido servicio posventa refuerzan a\u00fan m\u00e1s nuestro compromiso con la satisfacci\u00f3n del cliente.<\/p>\n<p><img decoding=\"async\" src=\"https:\/\/www.hydraulic-cylinders.net\/wp-content\/uploads\/2025\/04\/songte-company-4.webp\" alt=\"Instalaciones de la empresa\"><br \/>\n<img decoding=\"async\" src=\"https:\/\/www.hydraulic-cylinders.net\/wp-content\/uploads\/2025\/04\/songte-company-3.webp\" alt=\"Producci\u00f3n de la empresa\"><\/p>\n<p>Autor: lyl<\/p>","protected":false},"excerpt":{"rendered":"<p>Boom Cylinder For Yuchai YC08-8 Product Overview The Boom Cylinder for Yuchai YC08-8 is an essential component in hydraulic systems used in heavy machinery. As a type of hydraulic cylinder, it is specifically designed to control the movement of buckets in various equipment such as excavators, backhoe loaders, and front-end loaders. The primary function of [&hellip;]<\/p>","protected":false},"featured_media":17867,"comment_status":"open","ping_status":"closed","template":"","meta":{"_et_pb_use_builder":"","_et_pb_old_content":"","_et_gb_content_width":""},"product_brand":[],"product_cat":[1546],"product_tag":[1547,1496],"class_list":{"0":"post-19574","1":"product","2":"type-product","3":"status-publish","4":"has-post-thumbnail","6":"product_cat-boom-cylinders","7":"product_tag-boom-cylinders","8":"product_tag-hydraulic-cylinders","10":"first","11":"instock","12":"shipping-taxable","13":"product-type-simple"},"amp_enabled":true,"_links":{"self":[{"href":"https:\/\/www.hydraulic-cylinders.net\/es\/wp-json\/wp\/v2\/product\/19574","targetHints":{"allow":["GET"]}}],"collection":[{"href":"https:\/\/www.hydraulic-cylinders.net\/es\/wp-json\/wp\/v2\/product"}],"about":[{"href":"https:\/\/www.hydraulic-cylinders.net\/es\/wp-json\/wp\/v2\/types\/product"}],"replies":[{"embeddable":true,"href":"https:\/\/www.hydraulic-cylinders.net\/es\/wp-json\/wp\/v2\/comments?post=19574"}],"wp:featuredmedia":[{"embeddable":true,"href":"https:\/\/www.hydraulic-cylinders.net\/es\/wp-json\/wp\/v2\/media\/17867"}],"wp:attachment":[{"href":"https:\/\/www.hydraulic-cylinders.net\/es\/wp-json\/wp\/v2\/media?parent=19574"}],"wp:term":[{"taxonomy":"product_brand","embeddable":true,"href":"https:\/\/www.hydraulic-cylinders.net\/es\/wp-json\/wp\/v2\/product_brand?post=19574"},{"taxonomy":"product_cat","embeddable":true,"href":"https:\/\/www.hydraulic-cylinders.net\/es\/wp-json\/wp\/v2\/product_cat?post=19574"},{"taxonomy":"product_tag","embeddable":true,"href":"https:\/\/www.hydraulic-cylinders.net\/es\/wp-json\/wp\/v2\/product_tag?post=19574"}],"curies":[{"name":"wp","href":"https:\/\/api.w.org\/{rel}","templated":true}]}}