{"id":19583,"date":"2025-04-07T06:55:56","date_gmt":"2025-04-07T06:55:56","guid":{"rendered":"https:\/\/www.hydraulic-cylinders.net\/product\/boom-cylinder-for-yuchai-yc35sr\/"},"modified":"2025-04-07T06:55:58","modified_gmt":"2025-04-07T06:55:58","slug":"boom-cylinder-for-yuchai-yc35sr","status":"publish","type":"product","link":"https:\/\/www.hydraulic-cylinders.net\/es\/producto\/boom-cylinder-for-yuchai-yc35sr\/","title":{"rendered":"Cilindro de pluma para Yuchai YC35SR"},"content":{"rendered":"<h1>Cilindro de pluma para Yuchai YC35SR<\/h1>\n<h2>Introducci\u00f3n a los cilindros de pluma<\/h2>\n<p>El cilindro de la pluma es un componente crucial en los sistemas hidr\u00e1ulicos, dise\u00f1ado espec\u00edficamente para controlar el movimiento de las cucharas en diversas m\u00e1quinas pesadas, como excavadoras, retroexcavadoras y cargadoras frontales. Permite que la cuchara se eleve, descienda e incline, facilitando as\u00ed diversas tareas de manipulaci\u00f3n de materiales.<\/p>\n<p><img decoding=\"async\" src=\"https:\/\/www.hydraulic-cylinders.net\/wp-content\/uploads\/2025\/04\/songte-company-1.webp\" alt=\"Cilindro de la pluma\"><\/p>\n<h3>Funcionalidad y definici\u00f3n<\/h3>\n<p>Un cilindro de cuchara es un tipo de cilindro hidr\u00e1ulico dedicado a controlar el funcionamiento de la cuchara de la maquinaria. Estos cilindros desempe\u00f1an un papel vital en el sistema hidr\u00e1ulico al convertir la energ\u00eda hidr\u00e1ulica en energ\u00eda mec\u00e1nica, lo que permite un control preciso de los movimientos de la cuchara. La capacidad de levantar cargas pesadas, bajarlas con precisi\u00f3n e inclinarlas para un mejor posicionamiento hace que los cilindros de pluma sean esenciales en la construcci\u00f3n, la agricultura y diversas aplicaciones industriales.<\/p>\n<h2>Caracter\u00edsticas del cilindro de la pluma<\/h2>\n<ul>\n<li><strong>Alta resistencia y durabilidad:<\/strong> Estos cilindros, fabricados generalmente en acero o aluminio de alta resistencia, soportan altas presiones y cargas pesadas, lo que los hace id\u00f3neos para entornos de trabajo exigentes. Su dise\u00f1o incorpora resistencia al desgaste y a la corrosi\u00f3n para prolongar su vida \u00fatil.<\/li>\n<li><strong>Operaci\u00f3n hidr\u00e1ulica eficiente:<\/strong> Gracias a la presi\u00f3n del aceite hidr\u00e1ulico, los cilindros de la pluma permiten una extensi\u00f3n y retracci\u00f3n suaves. Responden r\u00e1pidamente a las \u00f3rdenes de control, proporcionando la potente fuerza de empuje y tracci\u00f3n necesaria para manipular materiales pesados \u200b\u200by realizar tareas complejas.<\/li>\n<li><strong>Diversos tipos:<\/strong> Los cilindros de la pluma pueden ser de simple efecto (funcionan en una direcci\u00f3n) o de doble efecto (funcionan en ambas direcciones), adapt\u00e1ndose as\u00ed a diversas necesidades operativas. Algunos modelos son telesc\u00f3picos, lo que permite una mayor extensi\u00f3n sin aumentar las dimensiones externas, ideal para aplicaciones con espacio limitado.<\/li>\n<li><strong>Ajuste personalizado:<\/strong> Nuestros productos pueden reemplazar perfectamente los cilindros hidr\u00e1ulicos existentes, garantizando la compatibilidad y el rendimiento.<\/li>\n<li><strong>Fabricaci\u00f3n avanzada:<\/strong> Fabricados con precisi\u00f3n y la tecnolog\u00eda m\u00e1s avanzada, nuestros cilindros cumplen con estrictos est\u00e1ndares de calidad para garantizar fiabilidad y eficiencia.<\/li>\n<\/ul>\n<p><img decoding=\"async\" src=\"https:\/\/www.hydraulic-cylinders.net\/wp-content\/uploads\/2025\/04\/songte-cylinder-head-with-all-kinds-excavator-models.webp\" alt=\"Modelos de excavadoras\"><\/p>\n<h2>Aplicaciones de los cilindros de pluma<\/h2>\n<h3>Equipos de construcci\u00f3n<\/h3>\n<p>En las excavadoras, los cilindros de la pluma son esenciales para excavar, cargar y mover tierra o escombros. Proporcionan la fuerza necesaria para penetrar el terreno con eficacia, lo que los hace indispensables en proyectos de construcci\u00f3n. En las retroexcavadoras, estos cilindros facilitan tanto las operaciones de excavaci\u00f3n como las de elevaci\u00f3n, garantizando versatilidad en la obra.<\/p>\n<h3>Maquinaria agr\u00edcola<\/h3>\n<p>En las cargadoras frontales, los cilindros de la pluma desempe\u00f1an un papel crucial en la recogida, elevaci\u00f3n y transporte de tierra, heno y otros materiales. Su capacidad para realizar diversas tareas los hace indispensables en las labores agr\u00edcolas, mejorando la productividad y la eficiencia.<\/p>\n<h3>excavadoras<\/h3>\n<p>En las excavadoras, el cilindro de la pluma permite que la cuchara penetre en el suelo, facilitando una excavaci\u00f3n eficaz. La potencia hidr\u00e1ulica que proporcionan estos cilindros garantiza que la maquinaria pueda manejar terrenos dif\u00edciles y cargas pesadas, lo que las hace id\u00f3neas para una amplia gama de tareas de excavaci\u00f3n.<\/p>\n<h3>Cargadores<\/h3>\n<p>En las cargadoras frontales, los cilindros de la pluma facilitan la elevaci\u00f3n y descarga eficaz de cargas. Su capacidad para manejar materiales pesados \u200b\u200bgarantiza que las operaciones se realicen de forma r\u00e1pida y segura, optimizando as\u00ed el flujo de trabajo en obras de construcci\u00f3n e industriales.<\/p>\n<h2>Consideraciones de dise\u00f1o y criterios de selecci\u00f3n<\/h2>\n<h3>Capacidad de carga<\/h3>\n<p>La capacidad de carga del cilindro de una pluma es un factor cr\u00edtico en su dise\u00f1o. Es fundamental garantizar que el cilindro pueda soportar la carga m\u00e1xima prevista sin riesgo de fallo. Los ingenieros deben tener en cuenta las fuerzas que act\u00faan sobre el cilindro durante su funcionamiento y seleccionar materiales y dise\u00f1os que puedan resistir dichas cargas a lo largo del tiempo.<\/p>\n<h3>Mecanismos de sellado<\/h3>\n<p>Un sellado eficaz es fundamental para prevenir fugas de fluido hidr\u00e1ulico. La elecci\u00f3n de juntas, como las de pist\u00f3n y v\u00e1stago, debe basarse en las necesidades espec\u00edficas de la aplicaci\u00f3n. Las juntas de alta calidad son esenciales para garantizar un rendimiento a largo plazo y minimizar los requisitos de mantenimiento.<\/p>\n<h3>Durabilidad<\/h3>\n<p>La durabilidad es un factor clave en el dise\u00f1o de los cilindros de pluma. Deben estar fabricados con materiales que soporten condiciones de trabajo adversas, como la exposici\u00f3n a la suciedad, la humedad y temperaturas extremas. El uso de recubrimientos resistentes a la corrosi\u00f3n y materiales robustos puede mejorar la durabilidad del cilindro.<\/p>\n<h3>Caracter\u00edsticas de seguridad<\/h3>\n<p>La seguridad es primordial en las aplicaciones hidr\u00e1ulicas. Los cilindros de la pluma deben dise\u00f1arse con caracter\u00edsticas que impidan movimientos involuntarios, como bloqueos de seguridad o sistemas de protecci\u00f3n contra sobrecargas. Garantizar la implementaci\u00f3n de estas medidas de seguridad ayuda a prevenir accidentes y da\u00f1os al equipo.<\/p>\n<h3>Accesibilidad de mantenimiento<\/h3>\n<p>El dise\u00f1o de los cilindros de la pluma para facilitar el mantenimiento es fundamental. Durante el proceso de dise\u00f1o, deben considerarse los puntos de acceso para la lubricaci\u00f3n, el reemplazo de sellos y las inspecciones. Esto facilita el mantenimiento rutinario, prolongando as\u00ed la vida \u00fatil del cilindro y mejorando la eficiencia operativa.<\/p>\n<p><img decoding=\"async\" src=\"https:\/\/www.hydraulic-cylinders.net\/wp-content\/uploads\/2025\/04\/songte-oil-pipes-and-spare-parts.webp\" alt=\"Piezas hidr\u00e1ulicas\"><\/p>\n<h2>Sellado y lubricaci\u00f3n<\/h2>\n<p>El sellado y la lubricaci\u00f3n de los cilindros de la pluma son fundamentales para un rendimiento \u00f3ptimo y una mayor durabilidad. Se utilizan diversos sellos, como sellos de pist\u00f3n y de v\u00e1stago, para evitar fugas de fluido hidr\u00e1ulico. Los sellos fabricados con materiales resistentes al desgaste, como el poliuretano y el caucho de nitrilo, ofrecen durabilidad incluso en condiciones adversas.<\/p>\n<p>El cuerpo del cilindro y los extremos roscados est\u00e1n mecanizados con precisi\u00f3n para mejorar su resistencia al desgaste, minimizando el riesgo de da\u00f1os con el tiempo. Adem\u00e1s, la lubricaci\u00f3n regular con aceite hidr\u00e1ulico es esencial para un funcionamiento \u00f3ptimo y para prevenir el desgaste de las piezas m\u00f3viles. Las revisiones peri\u00f3dicas y la lubricaci\u00f3n adecuada garantizan el funcionamiento eficiente del cilindro y prolongan su vida \u00fatil.<\/p>\n<h2>Inspecci\u00f3n peri\u00f3dica y medidas de mantenimiento preventivo<\/h2>\n<ul>\n<li><strong>Inspecciones regulares:<\/strong> Realice inspecciones rutinarias para detectar signos de desgaste o da\u00f1os. Esto incluye comprobar si hay fugas, asegurarse de que los sellos est\u00e9n intactos y verificar el estado general del cilindro. La detecci\u00f3n temprana de problemas puede prevenir reparaciones costosas y tiempos de inactividad.<\/li>\n<li><strong>Lubricaci\u00f3n adecuada:<\/strong> Aseg\u00farese de que el cilindro est\u00e9 lubricado adecuadamente a intervalos regulares. Utilizar el tipo correcto de aceite hidr\u00e1ulico y seguir las recomendaciones del fabricante para la lubricaci\u00f3n contribuye a un funcionamiento eficiente.<\/li>\n<li><strong>Reemplazo del sello:<\/strong> Con el tiempo, las juntas pueden deteriorarse y requerir reemplazo. Los programas de mantenimiento regulares deben incluir revisiones de la integridad de las juntas y un plan para reemplazarlas a tiempo y as\u00ed prevenir fugas.<\/li>\n<\/ul>\n<h2>Instrucciones de instalaci\u00f3n<\/h2>\n<p>La correcta instalaci\u00f3n de los cilindros de la pluma es fundamental para garantizar su eficiencia y durabilidad. Comience alineando cuidadosamente el cilindro con los soportes de montaje, asegur\u00e1ndose de que est\u00e9 recto y bien posicionado. Es recomendable utilizar soportes de montaje adecuados para fijar el cilindro y evitar desalineaciones durante el funcionamiento.<\/p>\n<p>Antes de apretar los tornillos, verifique la alineaci\u00f3n para evitar una tensi\u00f3n excesiva en el cilindro. Una vez fijado el cilindro, conecte las mangueras hidr\u00e1ulicas, asegur\u00e1ndose de que no haya dobleces ni torceduras que puedan impedir el flujo de fluido. Tras la instalaci\u00f3n, realice una prueba de presi\u00f3n para confirmar que el cilindro funciona correctamente y que no hay fugas. Mantener la alineaci\u00f3n correcta es fundamental para prevenir el desgaste y prolongar la vida \u00fatil del cilindro de la pluma.<\/p>\n<h2>Tareas comunes de mantenimiento<\/h2>\n<ul>\n<li><strong>Inspecciones regulares:<\/strong> Realice revisiones peri\u00f3dicas para evaluar el estado del cilindro. Busque signos de desgaste, como rayones en el v\u00e1stago o fugas alrededor de los sellos. La detecci\u00f3n temprana de problemas puede prevenir inconvenientes m\u00e1s graves en el futuro.<\/li>\n<li><strong>Lubricaci\u00f3n adecuada:<\/strong> Aseg\u00farese de que el cilindro est\u00e9 lubricado adecuadamente seg\u00fan las especificaciones del fabricante. Utilice el aceite hidr\u00e1ulico recomendado y programe una lubricaci\u00f3n peri\u00f3dica para mantener un rendimiento \u00f3ptimo.<\/li>\n<li><strong>Reemplazo del sello:<\/strong> Supervise el estado de las juntas y reempl\u00e1celas seg\u00fan sea necesario. Esto evita fugas de fluido y mantiene la eficiencia del sistema hidr\u00e1ulico.<\/li>\n<\/ul>\n<p>La correcta instalaci\u00f3n, lubricaci\u00f3n y ajuste son fundamentales para el funcionamiento del cilindro. Durante la instalaci\u00f3n, aseg\u00farese de que el cilindro est\u00e9 correctamente alineado y fijado de forma segura mediante los soportes de montaje adecuados. Las revisiones, reparaciones y sustituciones peri\u00f3dicas prolongan la vida \u00fatil de los cilindros de la pluma.<\/p>\n<p><img decoding=\"async\" src=\"https:\/\/www.hydraulic-cylinders.net\/wp-content\/uploads\/2025\/04\/songte-chushion-collar.webp\" alt=\"Collar\u00edn acolchado\"><\/p>\n<h2>Consideraciones de seguridad y factores ambientales<\/h2>\n<p>La implementaci\u00f3n de medidas de seguridad durante el funcionamiento de los cilindros de la pluma es fundamental para prevenir accidentes. Los operadores deben recibir capacitaci\u00f3n en procedimientos de manejo seguro y estar al tanto de los posibles riesgos asociados con los sistemas hidr\u00e1ulicos. El uso del equipo de protecci\u00f3n personal (EPP) adecuado y el cumplimiento de los protocolos de seguridad reducen significativamente los riesgos en el lugar de trabajo.<\/p>\n<h2>Soluci\u00f3n de problemas comunes<\/h2>\n<ul>\n<li><strong>Fugas de fluido hidr\u00e1ulico:<\/strong> Inspeccione los sellos y las conexiones para detectar cualquier signo de fuga. Reemplace los sellos da\u00f1ados de inmediato para evitar la p\u00e9rdida de presi\u00f3n hidr\u00e1ulica.<\/li>\n<li><strong>Rendimiento reducido:<\/strong> Si el cilindro funciona con lentitud o no responde, compruebe los niveles de l\u00edquido hidr\u00e1ulico e inspeccione si hay obstrucciones en las l\u00edneas hidr\u00e1ulicas.<\/li>\n<li><strong>Ruido excesivo:<\/strong> Los ruidos inusuales durante el funcionamiento pueden indicar da\u00f1os internos o la presencia de aire en el sistema hidr\u00e1ulico. Purge el sistema para eliminar el aire atrapado y garantizar un funcionamiento correcto.<\/li>\n<\/ul>\n<p>Abordar r\u00e1pidamente estos problemas puede prevenir aver\u00edas m\u00e1s graves y prolongar la vida \u00fatil del cilindro de la pluma. El mantenimiento y las inspecciones peri\u00f3dicas son fundamentales para la detecci\u00f3n temprana de posibles problemas, lo que garantiza un funcionamiento \u00f3ptimo.<\/p>\n<p><img decoding=\"async\" src=\"https:\/\/www.hydraulic-cylinders.net\/wp-content\/uploads\/2025\/04\/songte-bushings-with-all-kinds-of-excavator-models.webp\" alt=\"Bujes de excavadora\"><\/p>\n<h2>Acerca de nuestra empresa<\/h2>\n<p>Somos un fabricante l\u00edder de cilindros hidr\u00e1ulicos de repuesto, con una amplia gama de productos para los mercados nacionales e internacionales. Nuestro compromiso con la excelencia en la calidad se sustenta en estrategias de fabricaci\u00f3n optimizadas en nuestras modernas instalaciones. Mejoramos continuamente nuestra capacidad de producci\u00f3n invirtiendo en talento t\u00e9cnico, equipos de fabricaci\u00f3n digital avanzados y sistemas de prueba especializados.<\/p>\n<p>Nuestros procesos de producci\u00f3n est\u00e1n dise\u00f1ados para cumplir con altos est\u00e1ndares de eficiencia, precisi\u00f3n y calidad, lo que nos permite satisfacer las diversas necesidades de nuestros clientes. Nos enorgullecemos de nuestra capacidad para ofrecer soluciones personalizadas, respaldadas por certificaciones internacionales, que garantizan que nuestros productos cumplan con los est\u00e1ndares globales de la industria.<\/p>\n<p><img decoding=\"async\" src=\"https:\/\/www.hydraulic-cylinders.net\/wp-content\/uploads\/2025\/04\/songte-company-4.webp\" alt=\"Descripci\u00f3n general de la empresa\"><br \/>\n<img decoding=\"async\" src=\"https:\/\/www.hydraulic-cylinders.net\/wp-content\/uploads\/2025\/04\/songte-company-3.webp\" alt=\"Fabricaci\u00f3n avanzada\"><\/p>\n<p>Con un fuerte \u00e9nfasis en el servicio profesional, brindamos un soporte posventa integral, lo que garantiza que nuestros clientes reciban el m\u00e1s alto nivel de servicio durante toda la vida \u00fatil de nuestros productos.<\/p>\n<p>Autor: lyl<\/p>","protected":false},"excerpt":{"rendered":"<p>Boom Cylinder For Yuchai YC35SR Introduction to Boom Cylinders The Boom Cylinder is a crucial component in hydraulic systems, specifically designed for controlling the movement of buckets in various heavy machinery. This includes excavators, backhoe loaders, and front loaders. It enables the bucket to lift, lower, and tilt, facilitating various material handling tasks. Functionality and [&hellip;]<\/p>","protected":false},"featured_media":17876,"comment_status":"open","ping_status":"closed","template":"","meta":{"_et_pb_use_builder":"","_et_pb_old_content":"","_et_gb_content_width":""},"product_brand":[],"product_cat":[1546],"product_tag":[1547,1496],"class_list":{"0":"post-19583","1":"product","2":"type-product","3":"status-publish","4":"has-post-thumbnail","6":"product_cat-boom-cylinders","7":"product_tag-boom-cylinders","8":"product_tag-hydraulic-cylinders","10":"first","11":"instock","12":"shipping-taxable","13":"product-type-simple"},"amp_enabled":true,"_links":{"self":[{"href":"https:\/\/www.hydraulic-cylinders.net\/es\/wp-json\/wp\/v2\/product\/19583","targetHints":{"allow":["GET"]}}],"collection":[{"href":"https:\/\/www.hydraulic-cylinders.net\/es\/wp-json\/wp\/v2\/product"}],"about":[{"href":"https:\/\/www.hydraulic-cylinders.net\/es\/wp-json\/wp\/v2\/types\/product"}],"replies":[{"embeddable":true,"href":"https:\/\/www.hydraulic-cylinders.net\/es\/wp-json\/wp\/v2\/comments?post=19583"}],"wp:featuredmedia":[{"embeddable":true,"href":"https:\/\/www.hydraulic-cylinders.net\/es\/wp-json\/wp\/v2\/media\/17876"}],"wp:attachment":[{"href":"https:\/\/www.hydraulic-cylinders.net\/es\/wp-json\/wp\/v2\/media?parent=19583"}],"wp:term":[{"taxonomy":"product_brand","embeddable":true,"href":"https:\/\/www.hydraulic-cylinders.net\/es\/wp-json\/wp\/v2\/product_brand?post=19583"},{"taxonomy":"product_cat","embeddable":true,"href":"https:\/\/www.hydraulic-cylinders.net\/es\/wp-json\/wp\/v2\/product_cat?post=19583"},{"taxonomy":"product_tag","embeddable":true,"href":"https:\/\/www.hydraulic-cylinders.net\/es\/wp-json\/wp\/v2\/product_tag?post=19583"}],"curies":[{"name":"wp","href":"https:\/\/api.w.org\/{rel}","templated":true}]}}