{"id":19615,"date":"2025-04-07T06:57:29","date_gmt":"2025-04-07T06:57:29","guid":{"rendered":"https:\/\/www.hydraulic-cylinders.net\/product\/boom-cylinder-for-volwa-large-excavator-dls360-8b\/"},"modified":"2025-04-07T06:57:32","modified_gmt":"2025-04-07T06:57:32","slug":"boom-cylinder-for-volwa-large-excavator-dls360-8b","status":"publish","type":"product","link":"https:\/\/www.hydraulic-cylinders.net\/es\/producto\/boom-cylinder-for-volwa-large-excavator-dls360-8b\/","title":{"rendered":"Cilindro de pluma para excavadora grande Volwa DLS360-8B"},"content":{"rendered":"<h1>Cilindro de pluma para excavadora grande Volwa DLS360-8B<\/h1>\n<h2>Descripci\u00f3n general de los cilindros de la pluma<\/h2>\n<p>El cilindro de la pluma de la excavadora grande Volwa DLS360-8B es un componente hidr\u00e1ulico crucial que desempe\u00f1a un papel fundamental en la operaci\u00f3n de maquinaria pesada. Dise\u00f1ado espec\u00edficamente para controlar el movimiento de la pluma de la excavadora, este cilindro hidr\u00e1ulico permite elevar, bajar e inclinar el implemento, facilitando la manipulaci\u00f3n eficiente de materiales. El cilindro de la cuchara es un tipo de cilindro hidr\u00e1ulico que se utiliza espec\u00edficamente en diversos equipos pesados, como excavadoras, retroexcavadoras y cargadoras frontales, para realizar una amplia gama de funciones. Gracias a su mecanismo hidr\u00e1ulico, proporciona la fuerza necesaria para realizar operaciones de elevaci\u00f3n y excavaci\u00f3n, lo que lo hace indispensable en aplicaciones de construcci\u00f3n, miner\u00eda y agricultura.<\/p>\n<p><img decoding=\"async\" src=\"https:\/\/www.hydraulic-cylinders.net\/wp-content\/uploads\/2025\/04\/songte-company-1.webp\" alt=\"Cilindro de pluma para excavadoras\"><\/p>\n<h2>Caracter\u00edsticas principales del cilindro de la pluma<\/h2>\n<ul>\n<li>\n<h3>Alta resistencia y durabilidad<\/h3>\n<p>    Fabricado generalmente en acero o aluminio de alta resistencia, el cilindro de la pluma soporta altas presiones y cargas pesadas, lo que lo hace ideal para entornos de trabajo exigentes. Su dise\u00f1o considera la resistencia al desgaste y a la corrosi\u00f3n, lo que prolonga su vida \u00fatil.<\/li>\n<li>\n<h3>Operaci\u00f3n hidr\u00e1ulica eficiente<\/h3>\n<p>    Al utilizar la presi\u00f3n del aceite hidr\u00e1ulico para realizar acciones de extensi\u00f3n y retracci\u00f3n suaves, el cilindro puede responder r\u00e1pidamente a los comandos de control, proporcionando poderosas fuerzas de empuje y tracci\u00f3n adecuadas para manipular materiales pesados \u200b\u200by tareas complejas.<\/li>\n<li>\n<h3>Variedad de tipos disponibles<\/h3>\n<p>    Seg\u00fan las necesidades operativas, se puede elegir entre cilindros de simple efecto (que utilizan presi\u00f3n hidr\u00e1ulica en una direcci\u00f3n) o de doble efecto (que utilizan presi\u00f3n hidr\u00e1ulica en ambas direcciones). Algunos modelos incorporan caracter\u00edsticas telesc\u00f3picas, lo que permite una mayor extensi\u00f3n sin aumentar las dimensiones externas, ideal para aplicaciones con espacio limitado.<\/li>\n<li>\n<h3>Capacidad de producci\u00f3n personalizada<\/h3>\n<p>    Nuestra capacidad de fabricaci\u00f3n nos permite producir este producto perfectamente para reemplazar los cilindros hidr\u00e1ulicos de varios modelos, garantizando compatibilidad y rendimiento.<\/li>\n<p>    <img decoding=\"async\" src=\"https:\/\/www.hydraulic-cylinders.net\/wp-content\/uploads\/2025\/04\/songte-cylinder-head-with-all-kinds-excavator-models.webp\" alt=\"Piezas de repuesto para cilindros hidr\u00e1ulicos\"><\/p>\n<li>\n<h3>Versatilidad de aplicaciones<\/h3>\n<p>    Adecuado para su uso en diversas maquinarias pesadas, garantizando que los operadores tengan el control necesario para una operaci\u00f3n efectiva en diferentes sectores.<\/li>\n<\/ul>\n<h2>Aplicaciones del cilindro de la pluma<\/h2>\n<ul>\n<li>\n<h3>Equipos de construcci\u00f3n<\/h3>\n<p>    En las excavadoras, los cilindros de la pluma son fundamentales para excavar, cargar y transportar tierra o escombros. El cilindro permite que el cuchar\u00f3n penetre eficazmente en el suelo, lo que optimiza las operaciones de excavaci\u00f3n. Adem\u00e1s, en las retroexcavadoras, el cilindro de la pluma facilita tanto la excavaci\u00f3n como la elevaci\u00f3n, mejorando la productividad en las obras de construcci\u00f3n.<\/li>\n<li>\n<h3>Maquinaria agr\u00edcola<\/h3>\n<p>    En las cargadoras frontales, los cilindros de la pluma se utilizan para recoger, levantar y transportar tierra, heno y otros materiales. Estos cilindros permiten a los agricultores realizar diversas tareas agr\u00edcolas con eficiencia, lo que contribuye significativamente a la productividad y la eficiencia operativa.<\/li>\n<li>\n<h3>Operaciones de excavaci\u00f3n<\/h3>\n<p>    El cilindro de la pluma facilita la excavaci\u00f3n al permitir que la cuchara penetre eficazmente en el suelo. Esta capacidad es esencial para proyectos de construcci\u00f3n donde la profundidad y la precisi\u00f3n de la excavaci\u00f3n son cruciales.<\/li>\n<li>\n<h3>Aplicaciones de carga<\/h3>\n<p>    En las cargadoras frontales, los cilindros de la pluma ayudan a elevar y descargar cargas eficientemente. Esta funci\u00f3n es vital en proyectos de construcci\u00f3n y paisajismo, donde la manipulaci\u00f3n de materiales es frecuente y var\u00edan en peso y tama\u00f1o.<\/li>\n<\/ul>\n<h2>Consideraciones de dise\u00f1o y criterios de selecci\u00f3n<\/h2>\n<ul>\n<li>\n<h3>Capacidad de carga<\/h3>\n<p>    Al seleccionar un cilindro para pluma, la capacidad de carga es un factor fundamental. El cilindro debe ser capaz de soportar la carga m\u00e1xima prevista sin comprometer la seguridad ni la funcionalidad. Es importante analizar el peso de los materiales que se manipulan y las fuerzas ejercidas durante la operaci\u00f3n. Un cilindro con capacidad de carga insuficiente puede provocar fallas, lo que resulta en costosos tiempos de inactividad y posibles riesgos de seguridad.<\/h3>\n<\/li>\n<li>\n<h3>Tecnolog\u00eda de sellado<\/h3>\n<p>    Una tecnolog\u00eda de sellado eficaz es vital para mantener la presi\u00f3n hidr\u00e1ulica y prevenir fugas. El uso de sellos de alta calidad, como sellos de pist\u00f3n y de v\u00e1stago, garantiza durabilidad y fiabilidad. La selecci\u00f3n de materiales, como el poliuretano y el caucho de nitrilo, mejora la resistencia al desgaste y a las inclemencias del tiempo, garantizando as\u00ed un funcionamiento \u00f3ptimo del cilindro a largo plazo.<\/h3>\n<\/li>\n<li>\n<h3>Durabilidad<\/h3>\n<p>    La durabilidad es un aspecto crucial del dise\u00f1o de cilindros de pluma. Es fundamental garantizar que el cilindro resista condiciones de trabajo rigurosas, como la exposici\u00f3n a la suciedad, la humedad y las temperaturas extremas. El uso de materiales de alta resistencia y recubrimientos protectores puede mejorar significativamente la durabilidad, reduci\u00e9ndola al desgaste y a las fallas, y reduciendo as\u00ed los costos de mantenimiento.<\/h3>\n<\/li>\n<li>\n<h3>Caracter\u00edsticas de seguridad<\/h3>\n<p>    La seguridad debe ser una prioridad en el dise\u00f1o de cilindros hidr\u00e1ulicos. Implementar caracter\u00edsticas de seguridad, como v\u00e1lvulas de alivio de presi\u00f3n, puede prevenir la sobrepresurizaci\u00f3n, que puede provocar fallas catastr\u00f3ficas. Las revisiones de seguridad peri\u00f3dicas, junto con un dise\u00f1o robusto, garantizan que el cilindro funcione dentro de par\u00e1metros seguros, protegiendo tanto al equipo como a los operadores.<\/h3>\n<\/li>\n<li>\n<h3>Accesibilidad de mantenimiento<\/h3>\n<p>    El dise\u00f1o del cilindro de la pluma debe facilitar el mantenimiento y la inspecci\u00f3n. Caracter\u00edsticas como cubiertas extra\u00edbles o puntos de lubricaci\u00f3n accesibles agilizan las tareas de mantenimiento, garantizando as\u00ed un funcionamiento \u00f3ptimo del cilindro. Un dise\u00f1o que facilita las revisiones rutinarias puede prevenir aver\u00edas inesperadas y prolongar la vida \u00fatil del componente.<\/h3>\n<\/li>\n<\/ul>\n<p><img decoding=\"async\" src=\"https:\/\/www.hydraulic-cylinders.net\/wp-content\/uploads\/2025\/04\/songte-oil-pipes-and-spare-parts.webp\" alt=\"Componentes del cilindro hidr\u00e1ulico\"><\/p>\n<h2>Sellado y lubricaci\u00f3n de cilindros hidr\u00e1ulicos<\/h2>\n<p>Un sellado y una lubricaci\u00f3n adecuados son esenciales para el funcionamiento eficiente de los cilindros hidr\u00e1ulicos. Se emplean diversos componentes de sellado, como sellos de pist\u00f3n y de v\u00e1stago, para mantener la integridad hidr\u00e1ulica. La elecci\u00f3n de los materiales de sellado, como el poliuretano y el caucho de nitrilo, es crucial para garantizar la resistencia al desgaste y la longevidad.<\/p>\n<p>El cuerpo del cilindro y las superficies roscadas de los extremos se someten a un procesamiento fino para mejorar la resistencia al desgaste. La lubricaci\u00f3n regular con una cantidad adecuada de aceite hidr\u00e1ulico es necesaria para reducir la fricci\u00f3n y el desgaste, garantizar un funcionamiento suave y prolongar la vida \u00fatil del cilindro. Seguir las instrucciones del fabricante sobre los intervalos de lubricaci\u00f3n y los tipos de aceite utilizados es crucial para mantener un rendimiento \u00f3ptimo.<\/p>\n<h2>Medidas de mantenimiento preventivo<\/h2>\n<ul>\n<li>\n<h3>Inspecciones peri\u00f3dicas<\/h3>\n<p>    Realizar inspecciones peri\u00f3dicas de los cilindros hidr\u00e1ulicos es esencial para detectar el desgaste a tiempo. Los t\u00e9cnicos deben buscar indicios de fugas, ruidos anormales y problemas de rendimiento durante las revisiones de rutina. Unas inspecciones exhaustivas pueden ayudar a prevenir fallos inesperados y garantizar la longevidad del equipo.<\/h3>\n<\/li>\n<li>\n<h3>Lubricaci\u00f3n adecuada<\/h3>\n<p>    Mantener un programa de lubricaci\u00f3n adecuado es vital para el buen funcionamiento de los cilindros hidr\u00e1ulicos. La lubricaci\u00f3n reduce la fricci\u00f3n entre las piezas m\u00f3viles, evitando el desgaste excesivo y el sobrecalentamiento. Los operadores deben asegurarse de utilizar el tipo correcto de aceite hidr\u00e1ulico recomendado por el fabricante y seguir una rutina de lubricaci\u00f3n constante.<\/h3>\n<\/li>\n<li>\n<h3>Reemplazo de sellos y controles de calibraci\u00f3n<\/h3>\n<p>    Con el tiempo, los sellos se degradan y pueden requerir reemplazo. Revisar regularmente el estado de los sellos y reemplazarlos cuando sea necesario puede prevenir fugas hidr\u00e1ulicas. Adem\u00e1s, las revisiones peri\u00f3dicas de calibraci\u00f3n garantizan que el cilindro funcione dentro de las tolerancias especificadas, lo que mejora la seguridad y la eficiencia.<\/h3>\n<\/li>\n<\/ul>\n<p><img decoding=\"async\" src=\"https:\/\/www.hydraulic-cylinders.net\/wp-content\/uploads\/2025\/04\/songte-chushion-collar.webp\" alt=\"Collarines de amortiguaci\u00f3n de cilindros\"><\/p>\n<h2>Instrucciones de instalaci\u00f3n<\/h2>\n<p>La correcta instalaci\u00f3n de los cilindros hidr\u00e1ulicos es fundamental para su rendimiento y durabilidad. Aseg\u00farese de que el \u00e1rea de instalaci\u00f3n est\u00e9 limpia y libre de residuos. El cilindro debe estar correctamente alineado; una desalineaci\u00f3n puede provocar desgaste prematuro o fallas. Utilice soportes de montaje adecuados para fijar el cilindro firmemente en su lugar.<\/p>\n<p>Durante la instalaci\u00f3n, preste atenci\u00f3n a las especificaciones de torque proporcionadas por el fabricante para evitar da\u00f1os en el cilindro o sus componentes. Despu\u00e9s de la instalaci\u00f3n, realice una prueba de presi\u00f3n para verificar que el sistema funcione correctamente sin fugas. Revise peri\u00f3dicamente el m\u00e9todo de instalaci\u00f3n y aj\u00fastelo seg\u00fan sea necesario para mantener un rendimiento \u00f3ptimo.<\/p>\n<h2>Tareas comunes de mantenimiento<\/h2>\n<ul>\n<li>\n<h3>Inspecciones peri\u00f3dicas<\/h3>\n<p>    Es importante inspeccionar los cilindros hidr\u00e1ulicos con frecuencia para detectar cualquier signo de desgaste, da\u00f1o o fuga. La detecci\u00f3n temprana de problemas puede evitar reparaciones costosas y tiempos de inactividad. Los t\u00e9cnicos deben evaluar todos los componentes visibles y asegurarse de que el cilindro funcione correctamente, sin ruidos ni movimientos inusuales.<\/h3>\n<\/li>\n<li>\n<h3>Lubricaci\u00f3n adecuada<\/h3>\n<p>    Una lubricaci\u00f3n adecuada es crucial para mantener la funcionalidad de los cilindros hidr\u00e1ulicos. Los operadores deben seguir las recomendaciones del fabricante sobre el tipo y la frecuencia de lubricaci\u00f3n. Una correcta aplicaci\u00f3n de lubricante reduce el desgaste y garantiza un funcionamiento suave en condiciones de carga de trabajo extremas.<\/h3>\n<\/li>\n<li>\n<h3>Reemplazo y calibraci\u00f3n de sellos<\/h3>\n<p>    La revisi\u00f3n y el reemplazo regular de los sellos es esencial para prevenir fugas de fluido hidr\u00e1ulico. Los operadores deben supervisar el estado de los sellos y planificar los reemplazos seg\u00fan los intervalos recomendados por el fabricante. Las comprobaciones de calibraci\u00f3n tambi\u00e9n son importantes para garantizar que el cilindro funcione seg\u00fan las especificaciones del fabricante, mejorando as\u00ed la seguridad y la eficiencia.<\/h3>\n<\/li>\n<\/ul>\n<h2>Consideraciones de seguridad y factores ambientales<\/h2>\n<p>Al operar cilindros hidr\u00e1ulicos, las medidas de seguridad son primordiales. Los operadores deben recibir capacitaci\u00f3n para reconocer posibles peligros, como fugas de fluido hidr\u00e1ulico y fallas del equipo. Los simulacros y sesiones de capacitaci\u00f3n de seguridad regulares pueden mejorar la concienciaci\u00f3n y la preparaci\u00f3n del personal.<\/p>\n<p>Adem\u00e1s, se deben considerar los factores ambientales en el dise\u00f1o y la operaci\u00f3n de los sistemas hidr\u00e1ulicos. Se debe realizar un mantenimiento adecuado de los equipos para minimizar las fugas y derrames de fluidos hidr\u00e1ulicos, que pueden tener efectos perjudiciales para el medio ambiente. El uso de fluidos hidr\u00e1ulicos respetuosos con el medio ambiente puede reducir a\u00fan m\u00e1s el impacto ecol\u00f3gico.<\/p>\n<h2>Soluci\u00f3n de problemas y problemas comunes<\/h2>\n<ul>\n<li>\n<h3>Problemas de fugas<\/h3>\n<p>    Las fugas de fluido hidr\u00e1ulico pueden ocurrir debido a sellos desgastados o componentes da\u00f1ados. Las inspecciones peri\u00f3dicas y el reemplazo oportuno de los sellos son cruciales para prevenir fugas significativas que pueden provocar tiempos de inactividad.<\/h3>\n<\/li>\n<li>\n<h3>Energ\u00eda insuficiente<\/h3>\n<p>    Si el sistema hidr\u00e1ulico no suministra la potencia adecuada, podr\u00eda indicar niveles bajos de l\u00edquido, aire en el sistema o problemas con la bomba. Los operadores deben revisar los niveles de l\u00edquido regularmente y purgar el sistema si es necesario para eliminar las bolsas de aire.<\/h3>\n<\/li>\n<li>\n<h3>Ruido o vibraci\u00f3n anormal<\/h3>\n<p>    Ruidos o vibraciones inusuales durante el funcionamiento pueden indicar desalineaci\u00f3n o desgaste de los componentes. Estos problemas requieren una inspecci\u00f3n inmediata para evitar da\u00f1os mayores y garantizar un funcionamiento seguro.<\/h3>\n<\/li>\n<\/ul>\n<p>Para diagnosticar y resolver problemas eficazmente, los operadores deben mantener un registro de mantenimiento bien documentado y seguir las directrices del fabricante. Las medidas preventivas, como las inspecciones rutinarias y las reparaciones oportunas, pueden reducir significativamente la probabilidad de encontrar problemas graves.<\/p>\n<p><img decoding=\"async\" src=\"https:\/\/www.hydraulic-cylinders.net\/wp-content\/uploads\/2025\/04\/songte-bushings-with-all-kinds-of-excavator-models.webp\" alt=\"Bujes para modelos de excavadoras\"><\/p>\n<h2>Acerca de nuestra empresa<\/h2>\n<p>Somos un fabricante l\u00edder de cilindros hidr\u00e1ulicos de repuesto, especializado en una amplia gama de productos que abastecen tanto al mercado nacional como al internacional. Nuestro compromiso con la excelencia se sustenta en una sofisticada estrategia de fabricaci\u00f3n que prioriza la precisi\u00f3n y el control de calidad. Gracias a nuestros avanzados equipos de fabricaci\u00f3n y a una mano de obra cualificada, mejoramos continuamente nuestra capacidad de producci\u00f3n para satisfacer las diversas necesidades de nuestros clientes.<\/p>\n<p>Nuestra gama de productos incluye diversos cilindros hidr\u00e1ulicos dise\u00f1ados para garantizar durabilidad y fiabilidad. Cumplimos con las normas y certificaciones internacionales, lo que garantiza que nuestros productos cumplen con los m\u00e1s altos est\u00e1ndares de la industria. Adem\u00e1s, ofrecemos soluciones personalizadas adaptadas a las necesidades operativas espec\u00edficas, optimizando el rendimiento de la maquinaria de nuestros clientes.<\/p>\n<p>Nuestro servicio posventa es integral y ofrece a nuestros clientes apoyo y orientaci\u00f3n constantes. Buscamos construir relaciones a largo plazo con nuestros clientes ofreciendo un servicio excepcional y un compromiso con la calidad.<\/p>\n<p><img decoding=\"async\" src=\"https:\/\/www.hydraulic-cylinders.net\/wp-content\/uploads\/2025\/04\/songte-company-4.webp\" alt=\"Descripci\u00f3n general de la empresa\"><br \/>\n<img decoding=\"async\" src=\"https:\/\/www.hydraulic-cylinders.net\/wp-content\/uploads\/2025\/04\/songte-company-3.webp\" alt=\"Instalaciones de fabricaci\u00f3n\"><\/p>\n<p>Autor: lyl<\/p>","protected":false},"excerpt":{"rendered":"<p>Boom Cylinder For Volwa Large Excavator DLS360-8B Overview of Boom Cylinders The Boom Cylinder for the Volwa Large Excavator DLS360-8B is a crucial hydraulic component that plays a vital role in the operation of heavy machinery. Specifically designed for controlling the movement of the excavator&#8217;s boom, this hydraulic cylinder allows the attachment to elevate, lower, [&hellip;]<\/p>","protected":false},"featured_media":17878,"comment_status":"open","ping_status":"closed","template":"","meta":{"_et_pb_use_builder":"","_et_pb_old_content":"","_et_gb_content_width":""},"product_brand":[],"product_cat":[1546],"product_tag":[1547,1496],"class_list":{"0":"post-19615","1":"product","2":"type-product","3":"status-publish","4":"has-post-thumbnail","6":"product_cat-boom-cylinders","7":"product_tag-boom-cylinders","8":"product_tag-hydraulic-cylinders","10":"first","11":"instock","12":"shipping-taxable","13":"product-type-simple"},"amp_enabled":true,"_links":{"self":[{"href":"https:\/\/www.hydraulic-cylinders.net\/es\/wp-json\/wp\/v2\/product\/19615","targetHints":{"allow":["GET"]}}],"collection":[{"href":"https:\/\/www.hydraulic-cylinders.net\/es\/wp-json\/wp\/v2\/product"}],"about":[{"href":"https:\/\/www.hydraulic-cylinders.net\/es\/wp-json\/wp\/v2\/types\/product"}],"replies":[{"embeddable":true,"href":"https:\/\/www.hydraulic-cylinders.net\/es\/wp-json\/wp\/v2\/comments?post=19615"}],"wp:featuredmedia":[{"embeddable":true,"href":"https:\/\/www.hydraulic-cylinders.net\/es\/wp-json\/wp\/v2\/media\/17878"}],"wp:attachment":[{"href":"https:\/\/www.hydraulic-cylinders.net\/es\/wp-json\/wp\/v2\/media?parent=19615"}],"wp:term":[{"taxonomy":"product_brand","embeddable":true,"href":"https:\/\/www.hydraulic-cylinders.net\/es\/wp-json\/wp\/v2\/product_brand?post=19615"},{"taxonomy":"product_cat","embeddable":true,"href":"https:\/\/www.hydraulic-cylinders.net\/es\/wp-json\/wp\/v2\/product_cat?post=19615"},{"taxonomy":"product_tag","embeddable":true,"href":"https:\/\/www.hydraulic-cylinders.net\/es\/wp-json\/wp\/v2\/product_tag?post=19615"}],"curies":[{"name":"wp","href":"https:\/\/api.w.org\/{rel}","templated":true}]}}