{"id":19617,"date":"2025-04-07T06:57:38","date_gmt":"2025-04-07T06:57:38","guid":{"rendered":"https:\/\/www.hydraulic-cylinders.net\/product\/boom-cylinder-for-volwa-wheel-excavator-dls865-9a\/"},"modified":"2025-04-07T06:57:50","modified_gmt":"2025-04-07T06:57:50","slug":"boom-cylinder-for-volwa-wheel-excavator-dls865-9a","status":"publish","type":"product","link":"https:\/\/www.hydraulic-cylinders.net\/es\/producto\/boom-cylinder-for-volwa-wheel-excavator-dls865-9a\/","title":{"rendered":"Cilindro de pluma para excavadora de ruedas Volwa DLS865-9A"},"content":{"rendered":"<h1>Cilindro de pluma para excavadora de ruedas Volwa DLS865-9A<\/h1>\n<h2>Comprender el cilindro de la pluma<\/h2>\n<p>El cilindro de la pluma es un componente crucial de la maquinaria pesada, dise\u00f1ado espec\u00edficamente para controlar el movimiento de los cucharones en excavadoras, retroexcavadoras y cargadoras frontales. Se clasifica como un cilindro hidr\u00e1ulico y permite la elevaci\u00f3n, el descenso y la inclinaci\u00f3n del cuchar\u00f3n, facilitando as\u00ed diversas tareas de manipulaci\u00f3n de materiales. Este cilindro hidr\u00e1ulico funciona dentro de un sistema hidr\u00e1ulico que utiliza fluido presurizado para transferir fuerza y \u200b\u200bpermitir un movimiento suave. La funci\u00f3n principal del cilindro de la pluma es proporcionar la potencia y el control necesarios para el funcionamiento del cuchar\u00f3n, lo que lo hace esencial en la construcci\u00f3n, la excavaci\u00f3n y la agricultura.<\/p>\n<p><img decoding=\"async\" src=\"https:\/\/www.hydraulic-cylinders.net\/wp-content\/uploads\/2025\/04\/songte-company-1.webp\" alt=\"Cilindro de la pluma\"><\/p>\n<h2>Caracter\u00edsticas del cilindro de la pluma<\/h2>\n<ul>\n<li><strong>Alta resistencia y durabilidad:<\/strong> Fabricado t\u00edpicamente en acero o aluminio de alta resistencia, este cilindro soporta alta presi\u00f3n y cargas pesadas, ideal para entornos de trabajo exigentes. Su dise\u00f1o considera la resistencia al desgaste y la prevenci\u00f3n de la corrosi\u00f3n, lo que prolonga significativamente su vida \u00fatil.<\/li>\n<li><strong>Operaci\u00f3n hidr\u00e1ulica eficiente:<\/strong> El cilindro de la pluma, que utiliza presi\u00f3n de aceite hidr\u00e1ulico, garantiza una retracci\u00f3n y extensi\u00f3n suaves. Responde r\u00e1pidamente a los comandos de control, proporcionando potentes fuerzas de empuje y tracci\u00f3n para manipular materiales pesados \u200b\u200by realizar tareas complejas.<\/li>\n<li><strong>Diversos tipos disponibles:<\/strong> Las opciones incluyen cilindros de simple efecto (que operan en una direcci\u00f3n) y de doble efecto (que operan en ambas direcciones), que se adaptan a diferentes requisitos operativos. Algunos modelos cuentan con un dise\u00f1o telesc\u00f3pico que permite una mayor extensi\u00f3n sin aumentar las dimensiones externas, ideal para aplicaciones con espacio limitado.<\/li>\n<li><strong>Fabricaci\u00f3n personalizada:<\/strong> Nuestra empresa se especializa en la producci\u00f3n de estos cilindros, asegurando una perfecta compatibilidad y reemplazo para varios modelos de cilindros hidr\u00e1ulicos.<\/li>\n<li><strong>Tecnolog\u00eda avanzada:<\/strong> Empleamos t\u00e9cnicas y materiales de fabricaci\u00f3n de \u00faltima generaci\u00f3n, garantizando que cada cilindro de pluma cumpla con estrictos est\u00e1ndares de calidad y rendimiento.<\/li>\n<\/ul>\n<p><img decoding=\"async\" src=\"https:\/\/www.hydraulic-cylinders.net\/wp-content\/uploads\/2025\/04\/songte-cylinder-head-with-all-kinds-excavator-models.webp\" alt=\"Modelos de excavadoras compatibles con el cilindro de la pluma\"><\/p>\n<h2>Aplicaciones del cilindro de la pluma<\/h2>\n<h3>Equipos de construcci\u00f3n<\/h3>\n<p>En las excavadoras, los cilindros de la pluma desempe\u00f1an un papel fundamental en la excavaci\u00f3n, la carga y el movimiento de tierra o escombros. Facilitan el movimiento del cuchar\u00f3n, lo que permite una excavaci\u00f3n eficiente de diversos materiales. En las retroexcavadoras, el cilindro de la pluma facilita no solo la excavaci\u00f3n, sino tambi\u00e9n las operaciones de elevaci\u00f3n, lo que aumenta la versatilidad de la m\u00e1quina. La capacidad de controlar con precisi\u00f3n la posici\u00f3n del cuchar\u00f3n garantiza que los operadores puedan realizar tareas con precisi\u00f3n, minimizando el riesgo de accidentes y mejorando la productividad.<\/p>\n<h3>Maquinaria agr\u00edcola<\/h3>\n<p>En las cargadoras frontales, los cilindros de la pluma son esenciales para recoger, levantar y transportar tierra, heno y otros materiales. Esta funci\u00f3n es crucial para tareas como la carga y descarga de materiales, lo que los convierte en componentes vitales en las operaciones agr\u00edcolas. Su capacidad para manipular cargas variables y proporcionar un movimiento preciso ayuda a los agricultores y trabajadores agr\u00edcolas a realizar sus tareas con mayor eficiencia.<\/p>\n<h3>excavadoras<\/h3>\n<p>En las excavadoras, los cilindros de la pluma permiten que el cuchar\u00f3n penetre eficazmente en el suelo durante las operaciones de excavaci\u00f3n. Proporcionan la fuerza necesaria para atravesar capas de suelo resistentes, lo que permite excavaciones m\u00e1s profundas. La potencia del sistema hidr\u00e1ulico se traduce en una mayor capacidad de excavaci\u00f3n, lo que aumenta la eficacia de las excavadoras en diversos proyectos de construcci\u00f3n.<\/p>\n<h3>Cargadores<\/h3>\n<p>En las cargadoras frontales, los cilindros de la pluma facilitan la elevaci\u00f3n y descarga eficiente de cargas. Su dise\u00f1o permite un funcionamiento suave, garantizando que los operadores puedan inclinar y elevar la cuchara sin sobrecargar el sistema hidr\u00e1ulico. Esta capacidad es crucial para tareas que implican cargar materiales en camiones o trasladarlos eficientemente entre obras.<\/p>\n<h2>Consideraciones de dise\u00f1o y criterios de selecci\u00f3n<\/h2>\n<h3>Capacidad de carga<\/h3>\n<p>Al seleccionar un cilindro de pluma, la capacidad de carga es un factor crucial. El cilindro debe ser capaz de soportar la carga m\u00e1xima prevista durante las operaciones. Los fabricantes especifican las capacidades de carga, y elegir un cilindro que supere la carga esperada garantiza un rendimiento seguro y eficaz, reduciendo el riesgo de fallos del sistema.<\/p>\n<h3>Mecanismos de sellado<\/h3>\n<p>Un sellado eficaz es vital para mantener la presi\u00f3n hidr\u00e1ulica dentro del cilindro. Los sellos de alta calidad previenen fugas y garantizan un funcionamiento suave. Se utilizan diversos materiales de sellado, como el poliuretano y el caucho de nitrilo, para proporcionar durabilidad y resistencia al desgaste. Un sellado adecuado tambi\u00e9n contribuye a la eficiencia general del sistema hidr\u00e1ulico.<\/p>\n<h3>Durabilidad<\/h3>\n<p>La durabilidad es esencial en el dise\u00f1o de los cilindros de las plumas, ya que operan en entornos hostiles. Los fabricantes emplean materiales resistentes y dise\u00f1os innovadores para prolongar su vida \u00fatil. Las inspecciones y el mantenimiento regulares ayudan a identificar el desgaste, garantizando as\u00ed que los cilindros se mantengan funcionales y seguros durante toda su vida \u00fatil.<\/p>\n<h3>Caracter\u00edsticas de seguridad<\/h3>\n<p>La seguridad es fundamental en los sistemas hidr\u00e1ulicos. Los cilindros de la pluma deben incorporar caracter\u00edsticas de seguridad como v\u00e1lvulas de alivio de presi\u00f3n y mecanismos de seguridad. Estas caracter\u00edsticas evitan sobrecargas y fallos repentinos, protegiendo as\u00ed a los operadores y al equipo. Comprender y seguir los protocolos de seguridad es crucial para una operaci\u00f3n segura.<\/p>\n<h3>Mantenimiento y capacidad de servicio<\/h3>\n<p>El dise\u00f1o de los cilindros de la pluma para facilitar el mantenimiento garantiza que los operadores puedan realizar revisiones y reparaciones peri\u00f3dicas sin tiempos de inactividad prolongados. El f\u00e1cil acceso a sellos, puertos y otros componentes facilita el mantenimiento preventivo, reduciendo la probabilidad de fallos inesperados y prolongando la vida \u00fatil del cilindro.<\/p>\n<p><img decoding=\"async\" src=\"https:\/\/www.hydraulic-cylinders.net\/wp-content\/uploads\/2025\/04\/songte-oil-pipes-and-spare-parts.webp\" alt=\"Piezas de cilindros hidr\u00e1ulicos\"><\/p>\n<h2>Sellado y lubricaci\u00f3n<\/h2>\n<p>Un sellado y una lubricaci\u00f3n eficaces son esenciales para el buen funcionamiento de los cilindros de la pluma. Diversos componentes de sellado, como los sellos de pist\u00f3n y de v\u00e1stago, son cruciales para mantener la presi\u00f3n hidr\u00e1ulica y prevenir fugas. La elecci\u00f3n de materiales de sellado, como el poliuretano y el caucho de nitrilo, mejora la resistencia al desgaste y la durabilidad. El cuerpo del cilindro y los extremos roscados se someten a un tratamiento meticuloso para mejorar la resistencia al desgaste.<\/p>\n<p>La lubricaci\u00f3n regular con aceite hidr\u00e1ulico es necesaria para minimizar la fricci\u00f3n y el desgaste. Los operadores deben asegurarse de reponer el aceite peri\u00f3dicamente para mantener un rendimiento \u00f3ptimo. La falta de lubricaci\u00f3n puede provocar fallos prematuros en los cilindros, por lo que es fundamental seguir un estricto programa de lubricaci\u00f3n que se ajuste a las horas de funcionamiento.<\/p>\n<h2>Inspecciones regulares y mantenimiento preventivo<\/h2>\n<ul>\n<li><strong>Controles rutinarios:<\/strong> Realice inspecciones peri\u00f3dicas para identificar cualquier signo de desgaste, fugas o da\u00f1os. Este enfoque proactivo ayuda a detectar problemas a tiempo, evitando reparaciones costosas y garantizando operaciones seguras.<\/li>\n<li><strong>Programa de lubricaci\u00f3n:<\/strong> Siga un programa de lubricaci\u00f3n que se ajuste a las recomendaciones del fabricante. Una lubricaci\u00f3n adecuada reduce la fricci\u00f3n y prolonga la vida \u00fatil del cilindro.<\/li>\n<li><strong>Reemplazo del sello:<\/strong> Revise regularmente los sellos para detectar desgaste y reempl\u00e1celos seg\u00fan sea necesario. Mantener los sellos en buen estado es crucial para prevenir fugas y garantizar un funcionamiento sin problemas.<\/li>\n<\/ul>\n<h2>Instrucciones de instalaci\u00f3n<\/h2>\n<p>La correcta instalaci\u00f3n del cilindro de la pluma es fundamental para un rendimiento \u00f3ptimo. Aseg\u00farese de que todos los componentes est\u00e9n limpios y libres de residuos. Al colocar el cilindro, mant\u00e9ngalo correctamente alineado con los puntos de fijaci\u00f3n para evitar tensiones excesivas.<\/p>\n<p>Utilice los soportes y accesorios de montaje adecuados para fijar firmemente el cilindro. Aseg\u00farese de que las conexiones hidr\u00e1ulicas est\u00e9n bien apretadas y sin fugas, ya que las conexiones sueltas pueden provocar fallos en el sistema. Tras la instalaci\u00f3n, realice una revisi\u00f3n exhaustiva del sistema hidr\u00e1ulico y compruebe el funcionamiento del cilindro antes de su uso a gran escala. Seguir estas directrices minimiza el riesgo de complicaciones y mejora la eficiencia operativa del cilindro.<\/p>\n<h2>Tareas comunes de mantenimiento<\/h2>\n<ul>\n<li><strong>Inspecciones regulares:<\/strong> Las revisiones frecuentes para detectar signos de desgaste o fugas son cruciales para mantener la integridad del cilindro. Identificar los problemas a tiempo permite realizar reparaciones oportunas y evitar posibles fallos.<\/li>\n<li><strong>Lubricaci\u00f3n adecuada:<\/strong> Mantener una lubricaci\u00f3n adecuada es esencial para reducir la fricci\u00f3n y el desgaste de las piezas m\u00f3viles. Seguir un programa de lubricaci\u00f3n garantiza el correcto funcionamiento de todos los componentes.<\/li>\n<li><strong>Reemplazo del sello:<\/strong> Inspeccione regularmente los sellos para detectar da\u00f1os y reempl\u00e1celos seg\u00fan sea necesario. Unos sellos eficaces ayudan a mantener la presi\u00f3n hidr\u00e1ulica y a prevenir fugas, garantizando as\u00ed un rendimiento \u00f3ptimo.<\/li>\n<\/ul>\n<h2>Consideraciones de seguridad y factores ambientales<\/h2>\n<p>Al trabajar con sistemas hidr\u00e1ulicos, las medidas de seguridad son primordiales. Los operadores deben estar capacitados sobre los posibles peligros asociados con los equipos hidr\u00e1ulicos, incluyendo las l\u00edneas de alta presi\u00f3n y el riesgo de fallos repentinos. La capacitaci\u00f3n adecuada y el cumplimiento de los protocolos de seguridad son esenciales para minimizar los riesgos y garantizar un entorno de trabajo seguro.<\/p>\n<h2>Soluci\u00f3n de problemas y problemas comunes<\/h2>\n<ul>\n<li><strong>Fuga:<\/strong> Si detecta una fuga de l\u00edquido hidr\u00e1ulico, inspeccione los sellos y las conexiones para detectar posibles da\u00f1os. Reemplazar los sellos desgastados suele solucionar el problema.<\/li>\n<li><strong>Rendimiento deficiente:<\/strong> Si el cilindro no funciona como se espera, revise si hay niveles bajos de fluido hidr\u00e1ulico o aire en el sistema. Purgar el sistema y rellenar con fluido puede restablecer el funcionamiento correcto.<\/li>\n<li><strong>Ruidos inusuales:<\/strong> Los ruidos inusuales pueden indicar problemas mec\u00e1nicos o lubricaci\u00f3n insuficiente. Investigue el origen del ruido y aseg\u00farese de mantener una lubricaci\u00f3n adecuada.<\/li>\n<\/ul>\n<p>La implementaci\u00f3n de medidas preventivas y un mantenimiento regular pueden minimizar problemas potenciales, garantizando una vida \u00fatil m\u00e1s larga del cilindro.<\/p>\n<p><img decoding=\"async\" src=\"https:\/\/www.hydraulic-cylinders.net\/wp-content\/uploads\/2025\/04\/songte-bushings-with-all-kinds-of-excavator-models.webp\" alt=\"Bujes de excavadora\"><\/p>\n<h2>Acerca de nuestra empresa<\/h2>\n<p>Somos un fabricante y mayorista l\u00edder de cilindros hidr\u00e1ulicos, con una amplia gama de productos para satisfacer diversas necesidades industriales. Nuestro compromiso con la excelencia en la calidad se sustenta en una estrategia de fabricaci\u00f3n optimizada que prioriza la precisi\u00f3n y la eficiencia.<\/p>\n<p>Aprovechamos tecnolog\u00eda avanzada, mano de obra cualificada y rigurosos controles de calidad para optimizar nuestra capacidad de fabricaci\u00f3n. Nuestros productos est\u00e1n dise\u00f1ados para cumplir con los est\u00e1ndares internacionales, garantizando as\u00ed su fiabilidad y rendimiento. Ofrecemos servicios personalizados adaptados a las necesidades espec\u00edficas de cada cliente, consolidando as\u00ed nuestra posici\u00f3n en el mercado global.<\/p>\n<p><img decoding=\"async\" src=\"https:\/\/www.hydraulic-cylinders.net\/wp-content\/uploads\/2025\/04\/songte-company-4.webp\" alt=\"Instalaciones de la empresa\"><br \/>\n<img decoding=\"async\" src=\"https:\/\/www.hydraulic-cylinders.net\/wp-content\/uploads\/2025\/04\/songte-company-3.webp\" alt=\"Equipos de producci\u00f3n\"><\/p>\n<p>Autor: lyl<\/p>","protected":false},"excerpt":{"rendered":"<p>Boom Cylinder For Volwa Wheel Excavator DLS865-9A Understanding the Boom Cylinder The boom cylinder is a crucial component of heavy machinery, specifically designed to control the movement of buckets in excavators, backhoes, and front loaders. It is classified as a hydraulic cylinder, enabling the lifting, lowering, and tilting of the bucket, thus facilitating various material [&hellip;]<\/p>","protected":false},"featured_media":17880,"comment_status":"open","ping_status":"closed","template":"","meta":{"_et_pb_use_builder":"","_et_pb_old_content":"","_et_gb_content_width":""},"product_brand":[],"product_cat":[1546],"product_tag":[1547,1496],"class_list":{"0":"post-19617","1":"product","2":"type-product","3":"status-publish","4":"has-post-thumbnail","6":"product_cat-boom-cylinders","7":"product_tag-boom-cylinders","8":"product_tag-hydraulic-cylinders","10":"first","11":"instock","12":"shipping-taxable","13":"product-type-simple"},"amp_enabled":true,"_links":{"self":[{"href":"https:\/\/www.hydraulic-cylinders.net\/es\/wp-json\/wp\/v2\/product\/19617","targetHints":{"allow":["GET"]}}],"collection":[{"href":"https:\/\/www.hydraulic-cylinders.net\/es\/wp-json\/wp\/v2\/product"}],"about":[{"href":"https:\/\/www.hydraulic-cylinders.net\/es\/wp-json\/wp\/v2\/types\/product"}],"replies":[{"embeddable":true,"href":"https:\/\/www.hydraulic-cylinders.net\/es\/wp-json\/wp\/v2\/comments?post=19617"}],"wp:featuredmedia":[{"embeddable":true,"href":"https:\/\/www.hydraulic-cylinders.net\/es\/wp-json\/wp\/v2\/media\/17880"}],"wp:attachment":[{"href":"https:\/\/www.hydraulic-cylinders.net\/es\/wp-json\/wp\/v2\/media?parent=19617"}],"wp:term":[{"taxonomy":"product_brand","embeddable":true,"href":"https:\/\/www.hydraulic-cylinders.net\/es\/wp-json\/wp\/v2\/product_brand?post=19617"},{"taxonomy":"product_cat","embeddable":true,"href":"https:\/\/www.hydraulic-cylinders.net\/es\/wp-json\/wp\/v2\/product_cat?post=19617"},{"taxonomy":"product_tag","embeddable":true,"href":"https:\/\/www.hydraulic-cylinders.net\/es\/wp-json\/wp\/v2\/product_tag?post=19617"}],"curies":[{"name":"wp","href":"https:\/\/api.w.org\/{rel}","templated":true}]}}