{"id":19622,"date":"2025-04-07T06:58:03","date_gmt":"2025-04-07T06:58:03","guid":{"rendered":"https:\/\/www.hydraulic-cylinders.net\/product\/boom-cylinder-for-volwa-cane-unloader-dls210-9a\/"},"modified":"2025-04-07T06:58:05","modified_gmt":"2025-04-07T06:58:05","slug":"boom-cylinder-for-volwa-cane-unloader-dls210-9a","status":"publish","type":"product","link":"https:\/\/www.hydraulic-cylinders.net\/es\/producto\/boom-cylinder-for-volwa-cane-unloader-dls210-9a\/","title":{"rendered":"Cilindro de pluma para descargador de ca\u00f1a Volwa DLS210-9A"},"content":{"rendered":"<h1>Cilindro de pluma para descargador de ca\u00f1a Volwa DLS210-9A<\/h1>\n<h2>Descripci\u00f3n general del producto<\/h2>\n<p>El cilindro de la pluma para el descargador de ca\u00f1a Volwa DLS210-9A es un componente hidr\u00e1ulico crucial, dise\u00f1ado espec\u00edficamente para optimizar la funcionalidad de maquinaria pesada, como los descargadores de ca\u00f1a. Este tipo de cilindro hidr\u00e1ulico controla el movimiento del cuchar\u00f3n en diversas aplicaciones de servicio pesado, como excavadoras, retroexcavadoras y cargadoras frontales. Facilita la elevaci\u00f3n, el descenso y la inclinaci\u00f3n del cuchar\u00f3n, mejorando as\u00ed la eficiencia en las tareas de manipulaci\u00f3n de materiales.<\/p>\n<p><img decoding=\"async\" src=\"https:\/\/www.hydraulic-cylinders.net\/wp-content\/uploads\/2025\/04\/songte-company-1.webp\" alt=\"Cilindro de pluma para descargador de ca\u00f1a Volwa\" \/><\/p>\n<h3>\u00bfQu\u00e9 es un cilindro de cangilones?<\/h3>\n<p>Un cilindro de cuchar\u00f3n es un cilindro hidr\u00e1ulico especializado, dise\u00f1ado para controlar el movimiento de cucharones en equipos pesados. Estos cilindros est\u00e1n dise\u00f1ados para soportar alta presi\u00f3n y cargas pesadas, lo que los hace ideales para entornos que exigen durabilidad y fiabilidad. La funci\u00f3n principal de un cilindro de cuchar\u00f3n es permitir un control preciso de las acciones del cuchar\u00f3n, esencial para tareas como excavar, levantar y transportar materiales. La ingenier\u00eda de estos cilindros considera la resistencia, la durabilidad y la eficiencia, lo que los convierte en un componente fundamental de los sistemas hidr\u00e1ulicos en diversas industrias.<\/p>\n<h2>Caracter\u00edsticas del cilindro de la pluma<\/h2>\n<ul>\n<li><strong>Alta resistencia y durabilidad:<\/strong> Fabricado generalmente en acero o aluminio de alta resistencia, el cilindro de la pluma soporta altas presiones y cargas pesadas, lo que lo hace ideal para entornos de trabajo exigentes. Su dise\u00f1o prioriza la resistencia al desgaste y la protecci\u00f3n contra la corrosi\u00f3n, prolongando as\u00ed su vida \u00fatil.<\/li>\n<li><strong>Operaci\u00f3n hidr\u00e1ulica eficiente:<\/strong> Utilizando la presi\u00f3n del aceite hidr\u00e1ulico, el cilindro permite una extensi\u00f3n y retracci\u00f3n suaves, lo que permite una respuesta r\u00e1pida a las \u00f3rdenes operativas. Esta capacidad proporciona una gran potencia de empuje y tracci\u00f3n, ideal para manipular cargas pesadas y tareas complejas.<\/li>\n<li><strong>Diversos tipos disponibles:<\/strong> Los cilindros de cangilones pueden seleccionarse en configuraciones de simple efecto (que operan en una direcci\u00f3n) o doble efecto (que operan en ambas direcciones) para satisfacer diferentes necesidades operativas. Algunos modelos son telesc\u00f3picos, lo que permite una mayor extensi\u00f3n sin aumentar las dimensiones externas, ideal para aplicaciones con espacio limitado.<\/li>\n<li><strong>Compatibilidad con varios equipos:<\/strong> Nuestros productos pueden reemplazar sin problemas los cilindros hidr\u00e1ulicos existentes, lo que garantiza la compatibilidad con una amplia gama de maquinaria y mejora su rendimiento.<\/li>\n<li><strong>Dise\u00f1o de f\u00e1cil mantenimiento:<\/strong> El dise\u00f1o del cilindro de la pluma simplifica el mantenimiento y la reparaci\u00f3n, lo que hace m\u00e1s f\u00e1cil para los operadores realizar el mantenimiento necesario para garantizar un rendimiento \u00f3ptimo.<\/li>\n<\/ul>\n<p><img decoding=\"async\" src=\"https:\/\/www.hydraulic-cylinders.net\/wp-content\/uploads\/2025\/04\/songte-cylinder-head-with-all-kinds-excavator-models.webp\" alt=\"Culata del cilindro del cubo\" \/><\/p>\n<h2>Aplicaciones del cilindro de la pluma<\/h2>\n<h3>Equipos de construcci\u00f3n<\/h3>\n<p>En equipos de construcci\u00f3n como las excavadoras, el cilindro de la pluma desempe\u00f1a un papel fundamental en la excavaci\u00f3n, la carga y el movimiento de tierra o escombros. Sus capacidades hidr\u00e1ulicas permiten al operador realizar movimientos precisos, esenciales para una excavaci\u00f3n eficaz. En las retroexcavadoras, el cilindro del cuchar\u00f3n facilita tanto las operaciones de excavaci\u00f3n como las de elevaci\u00f3n, lo que lo convierte en un componente clave en diversos proyectos de construcci\u00f3n.<\/p>\n<h3>Maquinaria agr\u00edcola<\/h3>\n<p>En entornos agr\u00edcolas, las cargadoras frontales utilizan cilindros de pluma para recoger, levantar y transportar tierra, heno y otros materiales. La posibilidad de controlar la posici\u00f3n de la cuchara permite una carga y descarga eficiente de materiales, lo que mejora significativamente la productividad en las explotaciones.<\/p>\n<h3>excavadoras<\/h3>\n<p>En las excavadoras, el cilindro de la pluma permite que el cuchar\u00f3n penetre eficazmente en el suelo, facilitando as\u00ed las operaciones de excavaci\u00f3n. Esta funci\u00f3n es crucial, ya que permite a los operadores alcanzar las profundidades deseadas y maximizar sus esfuerzos de excavaci\u00f3n, lo que impacta significativamente los plazos y la eficiencia del proyecto.<\/p>\n<h3>Cargadores<\/h3>\n<p>En las cargadoras frontales, los cilindros de la pluma son esenciales para elevar y descargar materiales eficazmente. El control hidr\u00e1ulico de estos cilindros garantiza que los operadores puedan manejar cargas pesadas de forma segura y eficiente, mejorando as\u00ed el rendimiento general de la maquinaria.<\/p>\n<h2>Consideraciones de dise\u00f1o y criterios de selecci\u00f3n<\/h2>\n<h3>Capacidad de carga<\/h3>\n<p>Al seleccionar un cilindro de pluma, es fundamental comprender su capacidad de carga. El cilindro debe ser capaz de soportar la carga m\u00e1xima prevista, manteniendo al mismo tiempo los est\u00e1ndares de seguridad y rendimiento. Esto implica c\u00e1lculos que consideran el peso de los materiales que se mueven, la din\u00e1mica de la m\u00e1quina y los factores de seguridad para evitar fallos bajo carga.<\/p>\n<h3>Rendimiento de sellado<\/h3>\n<p>El sellado es un aspecto vital del dise\u00f1o de cilindros hidr\u00e1ulicos. Unos sellos eficaces previenen fugas de fluido, garantizando el funcionamiento eficiente del sistema hidr\u00e1ulico. Se utilizan sellos de alta calidad, fabricados con materiales como poliuretano y caucho de nitrilo, para resistir el desgaste y mantener su integridad bajo presi\u00f3n. Las inspecciones y reemplazos regulares de los sellos son necesarios para evitar p\u00e9rdidas de fluido hidr\u00e1ulico y mantener el rendimiento del sistema.<\/p>\n<h3>Durabilidad<\/h3>\n<p>La durabilidad es un factor crucial, especialmente en entornos operativos hostiles. El cilindro debe ser resistente al desgaste, la corrosi\u00f3n y las temperaturas extremas. Los fabricantes suelen utilizar materiales y recubrimientos avanzados para mejorar la durabilidad, garantizando as\u00ed que el producto pueda soportar condiciones adversas sin comprometer su rendimiento.<\/p>\n<h3>Caracter\u00edsticas de seguridad<\/h3>\n<p>Las caracter\u00edsticas de seguridad son fundamentales en el dise\u00f1o de cilindros hidr\u00e1ulicos. Esto incluye garantizar que el cilindro pueda funcionar con seguridad en condiciones de m\u00e1xima presi\u00f3n y que cuente con mecanismos de seguridad para prevenir accidentes o fallos del equipo. Comprender las clasificaciones y certificaciones de seguridad de un cilindro es esencial para garantizar el cumplimiento de las normas y regulaciones de la industria.<\/p>\n<h3>Accesibilidad de mantenimiento<\/h3>\n<p>Un cilindro hidr\u00e1ulico bien dise\u00f1ado debe facilitar su mantenimiento. Esto incluye puntos de acceso para lubricaci\u00f3n, inspecci\u00f3n y reemplazo de sellos y otros componentes. El mantenimiento regular garantiza la longevidad y un rendimiento \u00f3ptimo, reduciendo el tiempo de inactividad y los costos de reparaci\u00f3n para los operadores.<\/p>\n<p><img decoding=\"async\" src=\"https:\/\/www.hydraulic-cylinders.net\/wp-content\/uploads\/2025\/04\/songte-oil-pipes-and-spare-parts.webp\" alt=\"Piezas hidr\u00e1ulicas\" \/><\/p>\n<h2>Sellado y lubricaci\u00f3n<\/h2>\n<p>Las pr\u00e1cticas eficaces de sellado y lubricaci\u00f3n son esenciales para el buen funcionamiento de los cilindros hidr\u00e1ulicos. Diversos componentes de sellado, como sellos de pist\u00f3n y de v\u00e1stago, se utilizan para mantener la presi\u00f3n y evitar fugas. La selecci\u00f3n de sellos fabricados con materiales duraderos como el poliuretano y el caucho de nitrilo es crucial para garantizar la longevidad y la resistencia al desgaste.<\/p>\n<p>Adem\u00e1s, el cuerpo del cilindro y las superficies roscadas de los extremos est\u00e1n mecanizados con precisi\u00f3n para mejorar la resistencia al desgaste. La lubricaci\u00f3n regular con aceite hidr\u00e1ulico es necesaria para reducir la fricci\u00f3n y el desgaste de las piezas m\u00f3viles, garantizando as\u00ed un funcionamiento eficiente y prolongando la vida \u00fatil del cilindro. Los operadores deben mantener un programa de lubricaci\u00f3n para evitar da\u00f1os y garantizar un rendimiento \u00f3ptimo.<\/p>\n<h2>Medidas de mantenimiento preventivo<\/h2>\n<ul>\n<li><strong>Inspecciones regulares:<\/strong> Realizar inspecciones rutinarias del cilindro hidr\u00e1ulico y sus componentes es crucial para identificar desgaste y posibles problemas antes de que se conviertan en problemas graves. Inspeccione los sellos, las conexiones y el cuerpo del cilindro para detectar signos de desgaste o da\u00f1os.<\/li>\n<li><strong>Lubricaci\u00f3n adecuada:<\/strong> Asegurarse de que el cilindro est\u00e9 adecuadamente lubricado es vital para su funcionamiento. Utilice los aceites hidr\u00e1ulicos recomendados y mantenga los niveles adecuados para evitar la sequedad y el desgaste excesivo de las piezas m\u00f3viles.<\/li>\n<li><strong>Reemplazo del sello:<\/strong> Revise regularmente los sellos para detectar desgaste y reempl\u00e1celos seg\u00fan sea necesario. Los sellos desgastados pueden provocar fugas y reducir la eficiencia, lo que afecta el rendimiento general del sistema hidr\u00e1ulico.<\/li>\n<\/ul>\n<h2>Gu\u00eda de instalaci\u00f3n<\/h2>\n<p>La correcta instalaci\u00f3n del cilindro de la pluma es esencial para garantizar un rendimiento y una seguridad \u00f3ptimos. Siga estos pasos para una instalaci\u00f3n correcta:<\/p>\n<ol>\n<li><strong>Preparaci\u00f3n:<\/strong> Antes de la instalaci\u00f3n, aseg\u00farese de que el equipo est\u00e9 apagado y de que se haya liberado toda la presi\u00f3n hidr\u00e1ulica. Re\u00fana las herramientas y los componentes necesarios para la instalaci\u00f3n.<\/li>\n<li><strong>Alineaci\u00f3n:<\/strong> Alinee correctamente el cilindro con los puntos de montaje de la maquinaria. El uso de soportes de montaje adecuados puede ayudar a lograr la alineaci\u00f3n correcta y a fijar el cilindro en su lugar.<\/li>\n<li><strong>Conexi\u00f3n:<\/strong> Conecte las l\u00edneas hidr\u00e1ulicas con cuidado, asegur\u00e1ndose de que todas las conexiones est\u00e9n bien ajustadas y sin fugas. Considere usar sellador de roscas cuando sea necesario para evitar fugas.<\/li>\n<li><strong>Pruebas:<\/strong> Tras la instalaci\u00f3n, pruebe el sistema para garantizar su correcto funcionamiento. Compruebe si hay fugas y escuche si hay ruidos inusuales que puedan indicar problemas de instalaci\u00f3n.<\/li>\n<\/ol>\n<h2>Tareas comunes de mantenimiento<\/h2>\n<ul>\n<li><strong>Inspecciones regulares:<\/strong> Realizar inspecciones peri\u00f3dicas permite la identificaci\u00f3n temprana de posibles problemas. Busque se\u00f1ales de desgaste, fugas y da\u00f1os.<\/li>\n<li><strong>Lubricaci\u00f3n adecuada:<\/strong> Mantenga programas de lubricaci\u00f3n regulares para garantizar que todas las partes m\u00f3viles funcionen sin problemas, reduciendo la fricci\u00f3n y el desgaste.<\/li>\n<li><strong>Reemplazo del sello:<\/strong> Supervise el estado de los sellos y reempl\u00e1celos seg\u00fan sea necesario para mantener la eficiencia hidr\u00e1ulica y evitar fugas.<\/li>\n<\/ul>\n<h2>Consideraciones de seguridad y factores ambientales<\/h2>\n<p>Al utilizar cilindros hidr\u00e1ulicos, es fundamental implementar las medidas de seguridad adecuadas. Los operadores deben recibir capacitaci\u00f3n para comprender los riesgos potenciales asociados con los sistemas hidr\u00e1ulicos, incluidos los riesgos de alta presi\u00f3n, y la importancia de seguir los protocolos de seguridad durante la operaci\u00f3n y el mantenimiento. El uso de equipo de protecci\u00f3n personal (EPP) y el cumplimiento de las directrices del fabricante garantizan una manipulaci\u00f3n y operaci\u00f3n seguras.<\/p>\n<h2>Soluci\u00f3n de problemas y problemas comunes<\/h2>\n<ul>\n<li><strong>Fuga:<\/strong> Si observa fugas, revise los sellos y las conexiones para detectar da\u00f1os. Reemplace los sellos desgastados y aseg\u00farese de que las conexiones est\u00e9n bien sujetas para evitar p\u00e9rdidas de l\u00edquido.<\/li>\n<li><strong>Respuesta lenta:<\/strong> Una respuesta lenta puede indicar niveles bajos de fluido hidr\u00e1ulico o aire en el sistema. Revise los niveles de fluido y purgue el sistema seg\u00fan sea necesario.<\/li>\n<li><strong>Sin movimiento:<\/strong> Si el cilindro no se mueve, inspeccione si hay obstrucciones, aseg\u00farese de que la presi\u00f3n hidr\u00e1ulica sea adecuada y verifique si hay componentes da\u00f1ados que puedan necesitar reemplazo.<\/li>\n<\/ul>\n<h2>Consejos para la soluci\u00f3n de problemas<\/h2>\n<p>Para diagnosticar y resolver eficazmente los problemas con los cilindros hidr\u00e1ulicos, siga estos consejos de soluci\u00f3n de problemas:<\/p>\n<ul>\n<li><strong>Mantenimiento regular:<\/strong> Implementar un programa de mantenimiento preventivo para identificar problemas de manera temprana y mantener el sistema funcionando de manera eficiente.<\/li>\n<li><strong>Monitoreo del desempe\u00f1o:<\/strong> Vigile el rendimiento del cilindro hidr\u00e1ulico. Cualquier irregularidad debe investigarse de inmediato para evitar da\u00f1os graves.<\/li>\n<li><strong>Profesionales de consultor\u00eda:<\/strong> Si los problemas persisten, consultar con profesionales del sistema hidr\u00e1ulico puede brindar informaci\u00f3n valiosa y recomendaciones para reparaciones.<\/li>\n<\/ul>\n<p><img decoding=\"async\" src=\"https:\/\/www.hydraulic-cylinders.net\/wp-content\/uploads\/2025\/04\/songte-bushings-with-all-kinds-of-excavator-models.webp\" alt=\"Bujes\" \/><\/p>\n<h2>Descripci\u00f3n general de la empresa<\/h2>\n<p>Somos un fabricante l\u00edder de cilindros hidr\u00e1ulicos de repuesto y ofrecemos una amplia gama de productos para los mercados nacionales e internacionales. Nuestro compromiso con la excelencia se basa en una sofisticada estrategia de fabricaci\u00f3n y un enfoque en la calidad. Con \u00e9nfasis en la fabricaci\u00f3n de precisi\u00f3n, nuestras instalaciones de producci\u00f3n est\u00e1n equipadas con tecnolog\u00eda avanzada y t\u00e9cnicos cualificados para garantizar altos est\u00e1ndares de control de calidad.<\/p>\n<p>Nuestra especializaci\u00f3n en soluciones personalizadas nos permite satisfacer las diversas necesidades de nuestros clientes, mientras que nuestras certificaciones internacionales avalan nuestro cumplimiento de los est\u00e1ndares globales de fabricaci\u00f3n. Desde los equipos de producci\u00f3n hasta el servicio posventa, priorizamos la satisfacci\u00f3n del cliente y nos esforzamos por mantener relaciones duraderas con ellos.<\/p>\n<p><img decoding=\"async\" src=\"https:\/\/www.hydraulic-cylinders.net\/wp-content\/uploads\/2025\/04\/songte-company-4.webp\" alt=\"Descripci\u00f3n general de la empresa\" \/><br \/>\n<img decoding=\"async\" src=\"https:\/\/www.hydraulic-cylinders.net\/wp-content\/uploads\/2025\/04\/songte-company-3.webp\" alt=\"Instalaciones de la empresa\" \/><\/p>\n<p>Autor: lyl<\/p>","protected":false},"excerpt":{"rendered":"<p>Boom Cylinder For Volwa Cane Unloader DLS210-9A Product Overview The Boom Cylinder For Volwa Cane Unloader DLS210-9A is a crucial hydraulic component designed specifically for enhancing the functionality of heavy machinery like cane unloaders. This type of hydraulic cylinder is responsible for controlling the movement of the bucket in various heavy-duty applications, such as excavators, [&hellip;]<\/p>","protected":false},"featured_media":17870,"comment_status":"open","ping_status":"closed","template":"","meta":{"_et_pb_use_builder":"","_et_pb_old_content":"","_et_gb_content_width":""},"product_brand":[],"product_cat":[1546],"product_tag":[1547,1496],"class_list":{"0":"post-19622","1":"product","2":"type-product","3":"status-publish","4":"has-post-thumbnail","6":"product_cat-boom-cylinders","7":"product_tag-boom-cylinders","8":"product_tag-hydraulic-cylinders","10":"first","11":"instock","12":"shipping-taxable","13":"product-type-simple"},"amp_enabled":true,"_links":{"self":[{"href":"https:\/\/www.hydraulic-cylinders.net\/es\/wp-json\/wp\/v2\/product\/19622","targetHints":{"allow":["GET"]}}],"collection":[{"href":"https:\/\/www.hydraulic-cylinders.net\/es\/wp-json\/wp\/v2\/product"}],"about":[{"href":"https:\/\/www.hydraulic-cylinders.net\/es\/wp-json\/wp\/v2\/types\/product"}],"replies":[{"embeddable":true,"href":"https:\/\/www.hydraulic-cylinders.net\/es\/wp-json\/wp\/v2\/comments?post=19622"}],"wp:featuredmedia":[{"embeddable":true,"href":"https:\/\/www.hydraulic-cylinders.net\/es\/wp-json\/wp\/v2\/media\/17870"}],"wp:attachment":[{"href":"https:\/\/www.hydraulic-cylinders.net\/es\/wp-json\/wp\/v2\/media?parent=19622"}],"wp:term":[{"taxonomy":"product_brand","embeddable":true,"href":"https:\/\/www.hydraulic-cylinders.net\/es\/wp-json\/wp\/v2\/product_brand?post=19622"},{"taxonomy":"product_cat","embeddable":true,"href":"https:\/\/www.hydraulic-cylinders.net\/es\/wp-json\/wp\/v2\/product_cat?post=19622"},{"taxonomy":"product_tag","embeddable":true,"href":"https:\/\/www.hydraulic-cylinders.net\/es\/wp-json\/wp\/v2\/product_tag?post=19622"}],"curies":[{"name":"wp","href":"https:\/\/api.w.org\/{rel}","templated":true}]}}