{"id":19628,"date":"2025-04-07T06:58:19","date_gmt":"2025-04-07T06:58:19","guid":{"rendered":"https:\/\/www.hydraulic-cylinders.net\/product\/boom-cylinder-for-wacker-e6003\/"},"modified":"2025-04-07T06:58:22","modified_gmt":"2025-04-07T06:58:22","slug":"boom-cylinder-for-wacker-e6003","status":"publish","type":"product","link":"https:\/\/www.hydraulic-cylinders.net\/es\/producto\/boom-cylinder-for-wacker-e6003\/","title":{"rendered":"Cilindro de pluma para Wacker E6003"},"content":{"rendered":"<h1>Cilindro de pluma para Wacker E6003<\/h1>\n<h2>Introducci\u00f3n al cilindro de la pluma<\/h2>\n<p>El cilindro de pluma para la Wacker E6003 es un componente hidr\u00e1ulico esencial dise\u00f1ado para controlar el movimiento de maquinaria pesada. En concreto, estos cilindros de cuchar\u00f3n son esenciales para equipos como excavadoras, retroexcavadoras y cargadoras frontales, facilitando la elevaci\u00f3n, el descenso y la inclinaci\u00f3n de los cucharones para una manipulaci\u00f3n eficiente de materiales. Un cilindro hidr\u00e1ulico funciona convirtiendo la energ\u00eda hidr\u00e1ulica en energ\u00eda mec\u00e1nica, lo que permite un movimiento controlado y la ejecuci\u00f3n eficiente de tareas que, de otro modo, requerir\u00edan una gran cantidad de trabajo manual.<\/p>\n<p><img decoding=\"async\" src=\"https:\/\/www.hydraulic-cylinders.net\/wp-content\/uploads\/2025\/04\/songte-company-1.webp\" alt=\"Imagen del cilindro de la pluma\" \/><\/p>\n<h3>Definici\u00f3n y descripci\u00f3n general<\/h3>\n<p>Un cilindro de cuchar\u00f3n es un tipo de cilindro hidr\u00e1ulico dise\u00f1ado espec\u00edficamente para controlar el movimiento de los cucharones en maquinaria pesada, lo que permite un control preciso de diversas tareas operativas. Estos cilindros son fundamentales en los sistemas hidr\u00e1ulicos, permitiendo a los operadores realizar tareas complejas como excavar, levantar y transportar materiales con facilidad. Al utilizar la presi\u00f3n hidr\u00e1ulica, estos cilindros ofrecen una fuerza y \u200b\u200beficiencia superiores, lo que los hace indispensables en la maquinaria de construcci\u00f3n y agr\u00edcola.<\/p>\n<h2>Caracter\u00edsticas del cilindro de la pluma<\/h2>\n<ul>\n<li><strong>Alta resistencia y durabilidad:<\/strong> Estos cilindros, generalmente construidos con acero o aluminio de alta resistencia, est\u00e1n dise\u00f1ados para soportar alta presi\u00f3n y cargas pesadas, lo que los hace adecuados para entornos de trabajo hostiles.<\/li>\n<li><strong>Operaci\u00f3n hidr\u00e1ulica eficiente:<\/strong> Estos cilindros utilizan presi\u00f3n de aceite hidr\u00e1ulico para una extensi\u00f3n y retracci\u00f3n suaves, respondiendo r\u00e1pidamente a los comandos del operador y proporcionando una s\u00f3lida fuerza de empuje y tracci\u00f3n.<\/li>\n<li><strong>Diversos tipos:<\/strong> Los clientes pueden elegir entre cilindros de acci\u00f3n simple (que utilizan presi\u00f3n hidr\u00e1ulica en una direcci\u00f3n) y de acci\u00f3n doble (que utilizan presi\u00f3n hidr\u00e1ulica en ambas direcciones) para satisfacer diferentes necesidades operativas.<\/li>\n<li><strong>Opciones de dise\u00f1o compacto:<\/strong> Algunos modelos son telesc\u00f3picos, lo que permite una mayor extensi\u00f3n sin aumentar el tama\u00f1o externo, ideal para aplicaciones con limitaciones de espacio.<\/li>\n<li><strong>Resistencia a la corrosi\u00f3n y al desgaste:<\/strong> Dise\u00f1ados teniendo en cuenta la resistencia al desgaste y la protecci\u00f3n contra la corrosi\u00f3n, estos cilindros pueden soportar los rigores del uso intensivo durante per\u00edodos prolongados.<\/li>\n<\/ul>\n<h2>Nuestras capacidades de fabricaci\u00f3n<\/h2>\n<p>Nos enorgullece fabricar cilindros de pluma de alta calidad que sustituyen a la perfecci\u00f3n los cilindros hidr\u00e1ulicos existentes. Gracias a t\u00e9cnicas de producci\u00f3n avanzadas y rigurosos controles de calidad, nuestros productos cumplen con los m\u00e1s altos est\u00e1ndares de la industria.<\/p>\n<p><img decoding=\"async\" src=\"https:\/\/www.hydraulic-cylinders.net\/wp-content\/uploads\/2025\/04\/songte-cylinder-head-with-all-kinds-excavator-models.webp\" alt=\"Fabricaci\u00f3n de cilindros hidr\u00e1ulicos\" \/><\/p>\n<h2>Aplicaciones del cilindro de la pluma<\/h2>\n<h3>Equipos de construcci\u00f3n<\/h3>\n<p>En las excavadoras, el cilindro de la pluma es crucial para excavar, cargar y mover tierra o escombros. La capacidad de manipular el cuchar\u00f3n eficientemente permite a los operadores maximizar la productividad, reduciendo el tiempo y el esfuerzo necesarios en los proyectos de construcci\u00f3n.<\/p>\n<h3>Maquinaria agr\u00edcola<\/h3>\n<p>En las cargadoras frontales, los cilindros de la pluma se utilizan para recoger, levantar y transportar tierra, heno y diversos materiales. Su resistencia y fiabilidad permiten a los trabajadores agr\u00edcolas gestionar sus cargas con eficiencia, mejorando as\u00ed la eficiencia operativa en las tareas agr\u00edcolas.<\/p>\n<h3>excavadoras<\/h3>\n<p>En las excavadoras, el cilindro de la pluma facilita la excavaci\u00f3n al permitir que el cuchar\u00f3n penetre eficazmente en el suelo. Esta capacidad es esencial para las tareas de excavaci\u00f3n, especialmente en la preparaci\u00f3n del terreno y en proyectos de paisajismo.<\/p>\n<h3>Cargadores<\/h3>\n<p>En las cargadoras frontales, los cilindros de la pluma facilitan la elevaci\u00f3n y descarga de cargas eficazmente. Su dise\u00f1o robusto garantiza la manipulaci\u00f3n segura de materiales pesados, lo que las hace indispensables en la construcci\u00f3n y la manipulaci\u00f3n de materiales.<\/p>\n<h2>Consideraciones de dise\u00f1o y criterios de selecci\u00f3n<\/h2>\n<h3>Capacidad de carga<\/h3>\n<p>La capacidad de carga del cilindro de la pluma es una de las principales consideraciones de dise\u00f1o. Determina el peso m\u00e1ximo que el cilindro puede soportar sin fallar, lo cual es crucial para garantizar la seguridad y la eficiencia operativa. Una mayor capacidad de carga significa que la maquinaria puede levantar materiales m\u00e1s pesados, lo que la hace m\u00e1s vers\u00e1til y eficaz en aplicaciones exigentes.<\/p>\n<h3>Sistema de sellado<\/h3>\n<p>Un sistema de sellado confiable es esencial para prevenir fugas de fluido hidr\u00e1ulico y mantener la presi\u00f3n dentro del cilindro. La elecci\u00f3n de materiales de sellado, como el poliuretano y el caucho de nitrilo, es fundamental para el rendimiento y la longevidad del cilindro hidr\u00e1ulico. Unos sellos bien dise\u00f1ados mejoran la durabilidad del cilindro, reduciendo las necesidades de mantenimiento y los costos operativos.<\/p>\n<h3>Durabilidad<\/h3>\n<p>La durabilidad es crucial en el dise\u00f1o de los cilindros de las plumas, especialmente cuando se exponen a condiciones ambientales adversas y cargas de trabajo elevadas. El uso de materiales de alta calidad y t\u00e9cnicas de fabricaci\u00f3n avanzadas, como el mecanizado de precisi\u00f3n y el tratamiento de superficies, garantiza que los cilindros resistan el desgaste con el paso del tiempo.<\/p>\n<h3>Caracter\u00edsticas de seguridad<\/h3>\n<p>Incorporar caracter\u00edsticas de seguridad en el dise\u00f1o de los cilindros de la pluma es vital. Esto incluye v\u00e1lvulas de alivio de presi\u00f3n que evitan la sobrepresurizaci\u00f3n, as\u00ed como sistemas de montaje robustos que garantizan la estabilidad durante la operaci\u00f3n. Las caracter\u00edsticas de seguridad ayudan a proteger tanto a la maquinaria como al operador, minimizando el riesgo de accidentes.<\/p>\n<h3>Mantenibilidad<\/h3>\n<p>La facilidad de mantenimiento es un factor importante para los cilindros hidr\u00e1ulicos. El dise\u00f1o accesible permite una inspecci\u00f3n y sustituci\u00f3n sencillas de sellos, fluidos y otros componentes. Esto reduce el tiempo de inactividad y mantiene la maquinaria funcionando eficientemente, ahorrando as\u00ed tiempo y costes de reparaci\u00f3n.<\/p>\n<p><img decoding=\"async\" src=\"https:\/\/www.hydraulic-cylinders.net\/wp-content\/uploads\/2025\/04\/songte-oil-pipes-and-spare-parts.webp\" alt=\"Piezas de cilindros hidr\u00e1ulicos\" \/><\/p>\n<h2>Sellado y lubricaci\u00f3n<\/h2>\n<p>La eficacia del cilindro de la pluma depende en gran medida de sus sistemas de sellado y lubricaci\u00f3n. Diversos componentes de sellado, como los sellos de pist\u00f3n y de v\u00e1stago, son esenciales para mantener la presi\u00f3n hidr\u00e1ulica y evitar fugas de fluido. Los sellos fabricados con materiales duraderos como el poliuretano y el caucho de nitrilo se utilizan com\u00fanmente debido a su resistencia al desgaste y a los da\u00f1os.<\/p>\n<p>El cuerpo del cilindro y las superficies roscadas de los extremos se someten a un mecanizado preciso para mejorar la durabilidad y la resistencia al desgaste. La lubricaci\u00f3n regular con aceite hidr\u00e1ulico es fundamental para mantener un funcionamiento suave y prolongar la vida \u00fatil del cilindro. Una lubricaci\u00f3n adecuada minimiza la fricci\u00f3n y el desgaste, garantizando un rendimiento hidr\u00e1ulico eficiente.<\/p>\n<h2>Inspecci\u00f3n regular y mantenimiento preventivo<\/h2>\n<ul>\n<li><strong>Inspecciones regulares:<\/strong> Las inspecciones frecuentes son cruciales para identificar posibles problemas antes de que se conviertan en problemas graves. Revisar si hay fugas, desgaste o da\u00f1os puede ayudar a mantener la integridad del sistema hidr\u00e1ulico.<\/li>\n<li><strong>Lubricaci\u00f3n adecuada:<\/strong> Asegurarse de que los niveles de aceite hidr\u00e1ulico sean adecuados y de que se aplique lubricaci\u00f3n durante el mantenimiento ayuda a mantener un rendimiento \u00f3ptimo y prolonga la vida \u00fatil del cilindro.<\/li>\n<li><strong>Reemplazo del sello:<\/strong> Reemplazar peri\u00f3dicamente los sellos como parte del mantenimiento de rutina puede prevenir fugas y garantizar que el sistema hidr\u00e1ulico funcione de manera eficiente.<\/li>\n<\/ul>\n<h2>Instrucciones de instalaci\u00f3n<\/h2>\n<p>La correcta instalaci\u00f3n del cilindro de la pluma es esencial para garantizar su funcionalidad y seguridad. Durante la instalaci\u00f3n, es fundamental seguir estas pautas:<\/p>\n<ul>\n<li>Aseg\u00farese de que el cilindro est\u00e9 correctamente alineado con los puntos de montaje para evitar una tensi\u00f3n indebida en el cilindro y la maquinaria.<\/li>\n<li>Utilice soportes de montaje adecuados para fijar firmemente el cilindro en su lugar, proporcionando estabilidad durante el funcionamiento.<\/li>\n<li>Verifique que no haya obstrucciones que puedan interferir con el movimiento del cilindro, asegurando un camino despejado para su operaci\u00f3n.<\/li>\n<li>Siga las especificaciones del fabricante para los ajustes de torque al apretar los pernos para asegurar el cilindro correctamente.<\/li>\n<li>Despu\u00e9s de la instalaci\u00f3n, realice una verificaci\u00f3n exhaustiva para confirmar que todas las conexiones est\u00e9n seguras y que el l\u00edquido hidr\u00e1ulico est\u00e9 en el nivel recomendado.<\/li>\n<\/ul>\n<h2>Tareas de mantenimiento<\/h2>\n<h3>Inspecciones peri\u00f3dicas<\/h3>\n<p>Realizar inspecciones peri\u00f3dicas es vital para identificar a tiempo el desgaste y posibles fallos. Inspeccione el cilindro para detectar da\u00f1os visibles, fugas o signos de desgaste. La detecci\u00f3n temprana permite reparaciones oportunas, lo que reduce el riesgo de fallos catastr\u00f3ficos durante la operaci\u00f3n.<\/p>\n<h3>Lubricaci\u00f3n adecuada<\/h3>\n<p>Garantizar una lubricaci\u00f3n adecuada es crucial para el buen funcionamiento del cilindro de la pluma. Revise peri\u00f3dicamente los niveles de fluido hidr\u00e1ulico y rell\u00e9nelo seg\u00fan sea necesario. Una lubricaci\u00f3n adecuada minimiza la fricci\u00f3n, mejora el rendimiento y prolonga la vida \u00fatil del cilindro.<\/p>\n<h3>Reemplazo de sellos y controles de calibraci\u00f3n<\/h3>\n<p>Los sellos deben inspeccionarse peri\u00f3dicamente y reemplazarse si presentan signos de desgaste. Con el tiempo, pueden degradarse y provocar fugas. Las comprobaciones de calibraci\u00f3n garantizan que el sistema hidr\u00e1ulico funcione dentro de los par\u00e1metros especificados, manteniendo as\u00ed la eficiencia y la seguridad.<\/p>\n<h2>Consideraciones de seguridad y factores ambientales<\/h2>\n<p>Las medidas de seguridad son de suma importancia al utilizar cilindros de pluma. Los operadores deben cumplir siempre los protocolos de seguridad, incluyendo el uso del equipo de protecci\u00f3n personal (EPP) adecuado y la seguridad del \u00e1rea de trabajo. La capacitaci\u00f3n regular sobre la operaci\u00f3n y el mantenimiento de los sistemas hidr\u00e1ulicos puede prevenir accidentes y percances.<\/p>\n<h2>Soluci\u00f3n de problemas y problemas comunes<\/h2>\n<ul>\n<li><strong>Fuga:<\/strong> Uno de los problemas m\u00e1s comunes son las fugas de fluido hidr\u00e1ulico. Esto puede deberse a sellos desgastados o mangueras da\u00f1adas. Las inspecciones peri\u00f3dicas y el reemplazo oportuno de los sellos pueden solucionar este problema.<\/li>\n<li><strong>P\u00e9rdida de potencia:<\/strong> Si el cilindro no ejerce la fuerza esperada, podr\u00eda indicar un problema con el nivel del fluido hidr\u00e1ulico o la integridad de los sellos. Revisar el nivel del fluido hidr\u00e1ulico y los sellos puede ayudar a diagnosticar este problema.<\/li>\n<li><strong>Ruidos inusuales:<\/strong> Cualquier ruido extra\u00f1o durante el funcionamiento puede indicar da\u00f1os internos o aire en el sistema hidr\u00e1ulico. Es fundamental investigar estos ruidos con prontitud para evitar da\u00f1os mayores.<\/li>\n<\/ul>\n<h2>Consejos para la soluci\u00f3n de problemas<\/h2>\n<p>Para solucionar eficazmente los problemas con el cilindro de la pluma, tenga en cuenta los siguientes consejos:<\/p>\n<ul>\n<li>Revise y mantenga peri\u00f3dicamente los niveles de l\u00edquido hidr\u00e1ulico para garantizar un rendimiento \u00f3ptimo.<\/li>\n<li>Inspeccione los sellos y las mangueras para detectar desgaste y reempl\u00e1celos seg\u00fan sea necesario para evitar fugas.<\/li>\n<li>Cuando se detecten ruidos inusuales, detenga el funcionamiento inmediatamente y realice una inspecci\u00f3n exhaustiva antes de reanudar el uso.<\/li>\n<\/ul>\n<p><img decoding=\"async\" src=\"https:\/\/www.hydraulic-cylinders.net\/wp-content\/uploads\/2025\/04\/songte-bushings-with-all-kinds-of-excavator-models.webp\" alt=\"Componentes hidr\u00e1ulicos\" \/><\/p>\n<h2>Acerca de nuestra empresa<\/h2>\n<p>Somos un fabricante y mayorista l\u00edder de cilindros hidr\u00e1ulicos, con una amplia gama de productos que satisfacen las necesidades de los mercados nacionales e internacionales. Nuestro compromiso con la excelencia se refleja en nuestros meticulosos procesos de fabricaci\u00f3n y las mejores pr\u00e1cticas del sector.<\/p>\n<p>Nos centramos en una producci\u00f3n de alta calidad, utilizando t\u00e9cnicas de fabricaci\u00f3n avanzadas y un equipo humano cualificado. Nuestras instalaciones de vanguardia garantizan precisi\u00f3n y fiabilidad en cada producto. Nos enorgullece contar con certificaciones internacionales que confirman nuestro compromiso con la calidad y la seguridad.<\/p>\n<p>Adem\u00e1s de nuestras ofertas est\u00e1ndar, ofrecemos soluciones personalizadas adaptadas a las necesidades espec\u00edficas de cada cliente, garantizando flexibilidad y satisfacci\u00f3n. Nuestro servicio posventa es excepcional, con un soporte que garantiza que nuestros clientes reciban una atenci\u00f3n excelente mucho despu\u00e9s de su compra.<\/p>\n<p><img decoding=\"async\" src=\"https:\/\/www.hydraulic-cylinders.net\/wp-content\/uploads\/2025\/04\/songte-company-4.webp\" alt=\"Descripci\u00f3n general de la empresa\" \/><br \/>\n<img decoding=\"async\" src=\"https:\/\/www.hydraulic-cylinders.net\/wp-content\/uploads\/2025\/04\/songte-company-3.webp\" alt=\"Planta de fabricaci\u00f3n\" \/><\/p>\n<p>Autor: lyl<\/p>","protected":false},"excerpt":{"rendered":"<p>Boom Cylinder For Wacker E6003 Introduction to Boom Cylinder The Boom Cylinder for Wacker E6003 is an essential hydraulic component designed to control the movement of heavy machinery. Specifically, these bucket cylinders are integral to equipment like excavators, backhoes, and front loaders, facilitating the lifting, lowering, and tilting of buckets for efficient material handling tasks. [&hellip;]<\/p>","protected":false},"featured_media":17876,"comment_status":"open","ping_status":"closed","template":"","meta":{"_et_pb_use_builder":"","_et_pb_old_content":"","_et_gb_content_width":""},"product_brand":[],"product_cat":[1546],"product_tag":[1547,1496],"class_list":{"0":"post-19628","1":"product","2":"type-product","3":"status-publish","4":"has-post-thumbnail","6":"product_cat-boom-cylinders","7":"product_tag-boom-cylinders","8":"product_tag-hydraulic-cylinders","10":"first","11":"instock","12":"shipping-taxable","13":"product-type-simple"},"amp_enabled":true,"_links":{"self":[{"href":"https:\/\/www.hydraulic-cylinders.net\/es\/wp-json\/wp\/v2\/product\/19628","targetHints":{"allow":["GET"]}}],"collection":[{"href":"https:\/\/www.hydraulic-cylinders.net\/es\/wp-json\/wp\/v2\/product"}],"about":[{"href":"https:\/\/www.hydraulic-cylinders.net\/es\/wp-json\/wp\/v2\/types\/product"}],"replies":[{"embeddable":true,"href":"https:\/\/www.hydraulic-cylinders.net\/es\/wp-json\/wp\/v2\/comments?post=19628"}],"wp:featuredmedia":[{"embeddable":true,"href":"https:\/\/www.hydraulic-cylinders.net\/es\/wp-json\/wp\/v2\/media\/17876"}],"wp:attachment":[{"href":"https:\/\/www.hydraulic-cylinders.net\/es\/wp-json\/wp\/v2\/media?parent=19628"}],"wp:term":[{"taxonomy":"product_brand","embeddable":true,"href":"https:\/\/www.hydraulic-cylinders.net\/es\/wp-json\/wp\/v2\/product_brand?post=19628"},{"taxonomy":"product_cat","embeddable":true,"href":"https:\/\/www.hydraulic-cylinders.net\/es\/wp-json\/wp\/v2\/product_cat?post=19628"},{"taxonomy":"product_tag","embeddable":true,"href":"https:\/\/www.hydraulic-cylinders.net\/es\/wp-json\/wp\/v2\/product_tag?post=19628"}],"curies":[{"name":"wp","href":"https:\/\/api.w.org\/{rel}","templated":true}]}}