{"id":1963,"date":"2023-10-23T05:36:34","date_gmt":"2023-10-23T05:36:34","guid":{"rendered":"https:\/\/hydraulic-cylinders.net\/?post_type=product&#038;p=1963"},"modified":"2023-10-23T05:36:45","modified_gmt":"2023-10-23T05:36:45","slug":"v30d-series-axial-piston-variable-displacement-hydraulic-pump","status":"publish","type":"product","link":"https:\/\/www.hydraulic-cylinders.net\/es\/producto\/v30d-series-axial-piston-variable-displacement-hydraulic-pump\/","title":{"rendered":"Bomba hidr\u00e1ulica de desplazamiento variable de pistones axiales serie V30D"},"content":{"rendered":"<h1 style=\"text-align: center;\"><strong>Bomba hidr\u00e1ulica de desplazamiento variable de pistones axiales serie V30D<\/strong><\/h1>\n<p><img loading=\"lazy\" decoding=\"async\" class=\"aligncenter wp-image-1974\" src=\"https:\/\/hydraulic-cylinders.net\/wp-content\/uploads\/2023\/10\/v30d-series-axial-piston-variable-displacement-pump-1-300x300.webp\" alt=\"\" width=\"400\" height=\"400\" \/><\/p>\n<p>La bomba hidr\u00e1ulica de desplazamiento variable de pistones axiales serie V30D es una soluci\u00f3n de vanguardia dise\u00f1ada para ofrecer un rendimiento y una eficiencia excepcionales en diversas aplicaciones hidr\u00e1ulicas. Gracias a su ingenier\u00eda avanzada, dise\u00f1o vers\u00e1til y control preciso, esta bomba hidr\u00e1ulica revoluciona la industria.<\/p>\n<p>La bomba hidr\u00e1ulica de desplazamiento variable de pistones axiales serie V30D establece un nuevo est\u00e1ndar de eficiencia y rendimiento en sistemas hidr\u00e1ulicos. Gracias a su tecnolog\u00eda de desplazamiento variable, alto rendimiento y dise\u00f1o vers\u00e1til, esta bomba ofrece un control superior y un consumo energ\u00e9tico optimizado. Siguiendo las recomendaciones de uso y el mantenimiento regular, la bomba de la serie V30D seguir\u00e1 ofreciendo una eficiencia y potencia excepcionales, contribuyendo al \u00e9xito de diversas aplicaciones industriales. Aproveche la potencia y la eficiencia de la bomba hidr\u00e1ulica de desplazamiento variable de pistones axiales serie V30D para optimizar el rendimiento de su sistema hidr\u00e1ulico.<\/p>\n<p>Bomba hidr\u00e1ulica de desplazamiento variable de pist\u00f3n axial serie V30D Caracter\u00edsticas principales:<\/p>\n<ul>\n<li>Tecnolog\u00eda de desplazamiento variable: La bomba de la serie V30D incorpora tecnolog\u00eda de desplazamiento variable de vanguardia, que permite ajustar su caudal seg\u00fan la demanda del sistema. Esta caracter\u00edstica garantiza un uso \u00f3ptimo de la energ\u00eda, lo que se traduce en mayor eficiencia y menor consumo de energ\u00eda.<\/li>\n<li>Alto rendimiento: Esta bomba hidr\u00e1ulica establece nuevos est\u00e1ndares de rendimiento. Con una amplia gama de presiones y velocidades de operaci\u00f3n, la bomba de la serie V30D proporciona un control preciso y un suministro de potencia eficiente, lo que permite un rendimiento y una productividad superiores del sistema.<\/li>\n<li>Dise\u00f1o vers\u00e1til: La bomba de la serie V30D est\u00e1 dise\u00f1ada para adaptarse a diversos sistemas y aplicaciones hidr\u00e1ulicas. Ofrece flexibilidad en opciones de montaje, compatibilidad con fluidos y m\u00e9todos de control, lo que la hace adecuada para una amplia gama de industrias y maquinaria.<\/li>\n<li>Eficiencia con cualquier carga: La bomba de la serie V30D garantiza eficiencia con una amplia gama de cargas gracias a su funci\u00f3n de desplazamiento variable. Ajusta autom\u00e1ticamente la salida seg\u00fan las necesidades del sistema, minimizando las p\u00e9rdidas de energ\u00eda y maximizando la productividad.<\/li>\n<\/ul>\n<h2><strong>Bomba hidr\u00e1ulica de desplazamiento variable de pist\u00f3n axial serie V30D Par\u00e1metros:<\/strong><\/h2>\n<table class=\"table table-bordered table-hover table-colored\">\n<tbody>\n<tr class=\"firstRow\">\n<td colspan=\"1\" rowspan=\"2\" align=\"center\" valign=\"middle\">Tama\u00f1o<\/td>\n<td rowspan=\"2\" align=\"center\" valign=\"middle\">Desplazamiento cc\/rev<\/td>\n<td colspan=\"2\" rowspan=\"1\" align=\"center\" valign=\"middle\">Barra de presi\u00f3n<\/td>\n<td colspan=\"2\" rowspan=\"1\" align=\"center\" valign=\"middle\">Velocidad de rotaci\u00f3n r\/min<\/td>\n<\/tr>\n<tr>\n<td align=\"center\" valign=\"middle\">Calificado<\/td>\n<td align=\"center\" valign=\"middle\">Cima<\/td>\n<td align=\"center\" valign=\"middle\">M\u00e1x. para autocebado<sup>*1<\/sup><\/td>\n<td align=\"center\" valign=\"middle\">M\u00e1ximo<sup>*2<\/sup><\/td>\n<\/tr>\n<tr>\n<td align=\"center\" valign=\"middle\">\u00a0V30D45<\/td>\n<td align=\"center\" valign=\"middle\">45<\/td>\n<td align=\"center\" valign=\"middle\">350<\/td>\n<td align=\"center\" valign=\"middle\">420<\/td>\n<td align=\"center\" valign=\"middle\">2600<\/td>\n<td align=\"center\" valign=\"middle\">3600<\/td>\n<\/tr>\n<tr>\n<td align=\"center\" valign=\"middle\">\u00a0V30D75<\/td>\n<td align=\"center\" valign=\"middle\">75<\/td>\n<td align=\"center\" valign=\"middle\">350<\/td>\n<td align=\"center\" valign=\"middle\">420<\/td>\n<td align=\"center\" valign=\"middle\">2400<\/td>\n<td align=\"center\" valign=\"middle\">3200<\/td>\n<\/tr>\n<tr>\n<td align=\"center\" valign=\"middle\">\u00a0V30D95<\/td>\n<td align=\"center\" valign=\"middle\">96<\/td>\n<td align=\"center\" valign=\"middle\">350<\/td>\n<td align=\"center\" valign=\"middle\">420<\/td>\n<td align=\"center\" valign=\"middle\">2200<\/td>\n<td align=\"center\" valign=\"middle\">2900<\/td>\n<\/tr>\n<tr>\n<td align=\"center\" valign=\"middle\">\u00a0V30D115<\/td>\n<td align=\"center\" valign=\"middle\">115<\/td>\n<td align=\"center\" valign=\"middle\">250<\/td>\n<td align=\"center\" valign=\"middle\">300<\/td>\n<td align=\"center\" valign=\"middle\">2000<\/td>\n<td align=\"center\" valign=\"middle\">2800<\/td>\n<\/tr>\n<tr>\n<td align=\"center\" valign=\"middle\">\u00a0V30D140<\/td>\n<td align=\"center\" valign=\"middle\">142<\/td>\n<td align=\"center\" valign=\"middle\">350<\/td>\n<td align=\"center\" valign=\"middle\">420<\/td>\n<td align=\"center\" valign=\"middle\">2200<\/td>\n<td align=\"center\" valign=\"middle\">2600<\/td>\n<\/tr>\n<tr>\n<td align=\"center\" valign=\"middle\">\u00a0V30D160<\/td>\n<td align=\"center\" valign=\"middle\">164<\/td>\n<td align=\"center\" valign=\"middle\">250<\/td>\n<td align=\"center\" valign=\"middle\">300<\/td>\n<td align=\"center\" valign=\"middle\">1900<\/td>\n<td align=\"center\" valign=\"middle\">2500<\/td>\n<\/tr>\n<tr>\n<td align=\"center\" valign=\"middle\">\u00a0V30D250<\/td>\n<td align=\"center\" valign=\"middle\">250<\/td>\n<td align=\"center\" valign=\"middle\">350<\/td>\n<td align=\"center\" valign=\"middle\">420<\/td>\n<td align=\"center\" valign=\"middle\">1800<\/td>\n<td align=\"center\" valign=\"middle\">2000<\/td>\n<\/tr>\n<tr>\n<td align=\"center\" valign=\"middle\">V30D520<\/td>\n<td align=\"center\" valign=\"middle\">520<\/td>\n<td align=\"center\" valign=\"middle\">400<\/td>\n<td align=\"center\" valign=\"middle\">450<\/td>\n<td align=\"center\" valign=\"middle\">1500<\/td>\n<td align=\"center\" valign=\"middle\">1800<\/td>\n<\/tr>\n<\/tbody>\n<\/table>\n<h2><strong>Ventajas de la bomba hidr\u00e1ulica de desplazamiento variable de pist\u00f3n axial serie V30D:<\/strong><\/h2>\n<p>\u2022 Se aplica en sistemas hidr\u00e1ulicos de circuito abierto.<br \/>\n\u2022 Bajo nivel de ruido<br \/>\n\u2022 M\u00faltiples m\u00f3dulos de control<br \/>\n\u2022 Proporciona suficiente torque para la bomba trasera cuando se requiere una aplicaci\u00f3n de bomba t\u00e1ndem<\/p>\n<h2><strong>Bomba hidr\u00e1ulica de desplazamiento variable de pistones axiales serie V30D <\/strong><strong>Solicitud:<\/strong><\/h2>\n<p><img loading=\"lazy\" decoding=\"async\" class=\"alignnone wp-image-1976 size-full\" src=\"https:\/\/hydraulic-cylinders.net\/wp-content\/uploads\/2023\/10\/v30d-series-axial-piston-variable-displacement-pump-2.webp\" alt=\"\" width=\"1144\" height=\"394\" srcset=\"https:\/\/hydraulic-cylinders.net\/wp-content\/uploads\/2023\/10\/v30d-series-axial-piston-variable-displacement-pump-2.webp 1144w, https:\/\/hydraulic-cylinders.net\/wp-content\/uploads\/2023\/10\/v30d-series-axial-piston-variable-displacement-pump-2-980x338.webp 980w, https:\/\/hydraulic-cylinders.net\/wp-content\/uploads\/2023\/10\/v30d-series-axial-piston-variable-displacement-pump-2-480x165.webp 480w\" sizes=\"(min-width: 0px) and (max-width: 480px) 480px, (min-width: 481px) and (max-width: 980px) 980px, (min-width: 981px) 1144px, 100vw\" \/><\/p>\n<h2><strong>M\u00e9todo de uso de la bomba hidr\u00e1ulica de desplazamiento variable de pist\u00f3n axial serie V30D<\/strong><strong>:<\/strong><\/h2>\n<ul>\n<li><strong>Instalaci\u00f3n e Integraci\u00f3n:<\/strong> Seleccione una ubicaci\u00f3n adecuada dentro del sistema hidr\u00e1ulico para instalar la bomba hidr\u00e1ulica de desplazamiento variable de pistones axiales serie V30D. Aseg\u00farese de que est\u00e9 correctamente alineada y monte la bomba de forma segura con los soportes o accesorios adecuados. Conecte la bomba al sistema hidr\u00e1ulico con accesorios y mangueras compatibles, asegurando conexiones sin fugas.<\/li>\n<li><strong>Compatibilidad de fluidos:<\/strong> Verifique que el fluido hidr\u00e1ulico utilizado en el sistema sea compatible con la bomba de la serie V30D. Consulte el tipo de fluido, la viscosidad y el rango de temperatura recomendados por el fabricante. Realice un seguimiento y mantenimiento peri\u00f3dicos del fluido hidr\u00e1ulico para garantizar el funcionamiento \u00f3ptimo y la larga vida \u00fatil de la bomba.<\/li>\n<li><strong>Control y ajuste:<\/strong> Familiar\u00edcese con las opciones de control de la bomba de la serie V30D. Seg\u00fan el modelo, puede ofrecer varios m\u00e9todos de control, como manual, proporcional o electr\u00f3nico. Conozca los ajustes de control recomendados y aj\u00fastelos seg\u00fan corresponda para optimizar el rendimiento de la bomba.<\/li>\n<li><strong>Optimizaci\u00f3n del sistema:<\/strong> La bomba de la serie V30D permite optimizar el sistema ajustando su desplazamiento seg\u00fan los requisitos de carga. Aproveche esta funci\u00f3n para maximizar la eficiencia energ\u00e9tica y el rendimiento general del sistema.<\/li>\n<\/ul>\n<h2><strong>\u00bfC\u00f3mo purgar un cilindro hidr\u00e1ulico sin v\u00e1lvula de purga?<\/strong><\/h2>\n<p>Purgar un cilindro hidr\u00e1ulico sin v\u00e1lvula de purga puede ser un poco m\u00e1s complicado, pero a\u00fan es posible. Aqu\u00ed tienes una gu\u00eda paso a paso sobre c\u00f3mo purgar un cilindro hidr\u00e1ulico sin v\u00e1lvula de purga:<\/p>\n<ol>\n<li><strong>Seguridad ante todo:<\/strong> Antes de trabajar en el cilindro hidr\u00e1ulico, aseg\u00farese de que el sistema est\u00e9 despresurizado. Desconecte la alimentaci\u00f3n y libere la presi\u00f3n residual activando la v\u00e1lvula de liberaci\u00f3n de presi\u00f3n o llevando el sistema a su punto m\u00e1ximo de extensi\u00f3n o retracci\u00f3n.<\/li>\n<li><strong>Posicione el cilindro:<\/strong> Coloque el cilindro hidr\u00e1ulico en una posici\u00f3n donde las burbujas de aire puedan ascender f\u00e1cilmente hasta el punto m\u00e1s alto. Esto suele significar colocar el cilindro en posici\u00f3n vertical con la varilla apuntando hacia arriba.<\/li>\n<li><strong>Retire el accesorio:<\/strong> Localice el conector que conecta la l\u00ednea hidr\u00e1ulica al cilindro. Utilice las herramientas adecuadas para desconectarlo y retirarlo. Tenga en cuenta que podr\u00eda derramarse l\u00edquido hidr\u00e1ulico durante este proceso, as\u00ed que tenga a mano un recipiente o trapos para recoger cualquier derrame.<\/li>\n<li><strong>Levantar el cilindro:<\/strong> Si es posible, eleve el cilindro a su posici\u00f3n de m\u00e1xima extensi\u00f3n. Esto ayuda a minimizar la cantidad de aire atrapado en su interior.<\/li>\n<li><strong>Toque el cilindro:<\/strong> Golpee ligeramente los lados del cilindro con un mazo de goma o un martillo blando. Esto ayuda a desalojar las burbujas de aire atrapadas en el interior. Empiece desde abajo y vaya subiendo, golpeando la circunferencia del cilindro.<\/li>\n<li><strong>Hacer girar el cilindro:<\/strong> Opere el sistema hidr\u00e1ulico para ciclar el cilindro varias veces. Extienda y retraiga el cilindro completamente, permitiendo que el fluido hidr\u00e1ulico fluya y expulse las burbujas de aire. Repita este proceso varias veces para asegurar un purgado completo.<\/li>\n<li><strong>Vuelva a conectar el accesorio:<\/strong> Una vez que haya hecho funcionar el cilindro y note que se ha purgado la mayor parte del aire, vuelva a conectar el conector a la l\u00ednea hidr\u00e1ulica. Aseg\u00farese de que est\u00e9 bien apretado, pero no demasiado, ya que podr\u00eda da\u00f1arlo o causar fugas.<\/li>\n<li><strong>Pruebe el cilindro:<\/strong> Despu\u00e9s de purgar el cilindro, compruebe su funcionamiento extendi\u00e9ndolo y retray\u00e9ndolo completamente. Revise el cilindro para detectar cualquier signo de burbujas de aire o comportamiento anormal. Si observa alg\u00fan problema, repita el proceso de purga o consulte a un profesional hidr\u00e1ulico.<\/li>\n<\/ol>\n<h2><strong>Capacidad de la f\u00e1brica:<\/strong><\/h2>\n<h3>(1) Montaje<\/h3>\n<p>Contamos con una plataforma de ensamblaje independiente de primera clase para investigaci\u00f3n y desarrollo. El taller de producci\u00f3n de cilindros hidr\u00e1ulicos cuenta con cuatro l\u00edneas de ensamblaje de cilindros de elevaci\u00f3n semiautom\u00e1ticos y una l\u00ednea de ensamblaje de cilindros de inclinaci\u00f3n autom\u00e1ticos, con una capacidad de producci\u00f3n anual dise\u00f1ada de 1 mill\u00f3n de piezas. El taller de cilindros especiales est\u00e1 equipado con un sistema de ensamblaje de limpieza semiautom\u00e1tico de diversas especificaciones, con una capacidad de producci\u00f3n anual dise\u00f1ada de 200,000 unidades, y est\u00e1 equipado con reconocidos equipos de mecanizado CNC, un centro de mecanizado, equipos especiales de procesamiento de cilindros de alta precisi\u00f3n, una m\u00e1quina de soldadura robotizada, una m\u00e1quina de limpieza autom\u00e1tica, una m\u00e1quina de ensamblaje de cilindros autom\u00e1ticos y una l\u00ednea de producci\u00f3n de pintura autom\u00e1tica. Contamos con m\u00e1s de 300 equipos cr\u00edticos. La asignaci\u00f3n \u00f3ptima y el uso eficiente de los recursos de equipo garantizan la precisi\u00f3n y la alta calidad de los productos.<\/p>\n<p><img loading=\"lazy\" decoding=\"async\" class=\"alignnone wp-image-626\" src=\"https:\/\/hydraulic-cylinders.net\/wp-content\/uploads\/2023\/08\/hydraulic-cylinder-product-1-300x158.webp\" alt=\"\" width=\"495\" height=\"260\" srcset=\"https:\/\/hydraulic-cylinders.net\/wp-content\/uploads\/2023\/08\/hydraulic-cylinder-product-1-300x158.webp 495w, https:\/\/hydraulic-cylinders.net\/wp-content\/uploads\/2023\/08\/hydraulic-cylinder-product-1-480x252.webp 480w\" sizes=\"(min-width: 0px) and (max-width: 480px) 480px, (min-width: 481px) 495px, 100vw\" \/> <img loading=\"lazy\" decoding=\"async\" class=\"alignnone wp-image-627\" src=\"https:\/\/hydraulic-cylinders.net\/wp-content\/uploads\/2023\/08\/hydraulic-cylinder-product-2-300x189.webp\" alt=\"\" width=\"413\" height=\"260\" \/><\/p>\n<h3>(2) Mecanizado<\/h3>\n<p>El taller de mecanizado est\u00e1 equipado con un centro de torneado de carril inclinado personalizado, un centro de mecanizado, una m\u00e1quina de bru\u00f1ido de alta velocidad, un robot de soldadura y otros equipos relacionados, que pueden procesar tubos cil\u00edndricos con un di\u00e1metro interior m\u00e1ximo de 400 mm y una longitud m\u00e1xima de 6 metros.<\/p>\n<p><img loading=\"lazy\" decoding=\"async\" class=\"alignnone wp-image-628 size-large\" src=\"https:\/\/hydraulic-cylinders.net\/wp-content\/uploads\/2023\/08\/hydraulic-cylinder-product-3-1024x391.webp\" alt=\"\" width=\"1024\" height=\"391\" srcset=\"https:\/\/hydraulic-cylinders.net\/wp-content\/uploads\/2023\/08\/hydraulic-cylinder-product-3-980x374.webp 980w, https:\/\/hydraulic-cylinders.net\/wp-content\/uploads\/2023\/08\/hydraulic-cylinder-product-3-480x183.webp 480w\" sizes=\"(min-width: 0px) and (max-width: 480px) 480px, (min-width: 481px) and (max-width: 980px) 980px, (min-width: 981px) 1024px, 100vw\" \/><\/p>\n<h3>(3) Soldadura<\/h3>\n<p><img loading=\"lazy\" decoding=\"async\" class=\"alignnone wp-image-629 size-large\" src=\"https:\/\/hydraulic-cylinders.net\/wp-content\/uploads\/2023\/08\/hydraulic-cylinder-product-4-1024x510.webp\" alt=\"\" width=\"1024\" height=\"510\" srcset=\"https:\/\/hydraulic-cylinders.net\/wp-content\/uploads\/2023\/08\/hydraulic-cylinder-product-4-980x488.webp 980w, https:\/\/hydraulic-cylinders.net\/wp-content\/uploads\/2023\/08\/hydraulic-cylinder-product-4-480x239.webp 480w\" sizes=\"(min-width: 0px) and (max-width: 480px) 480px, (min-width: 481px) and (max-width: 980px) 980px, (min-width: 981px) 1024px, 100vw\" \/><\/p>\n<h3>(4) Pintura y revestimiento<\/h3>\n<p>Con peque\u00f1as y medianas l\u00edneas de cilindros autom\u00e1ticos de recubrimiento de pintura a base de agua, para lograr la carga y descarga autom\u00e1tica de robots y pulverizaci\u00f3n autom\u00e1tica, la capacidad de dise\u00f1o de 4000 piezas por turno;<br \/>\nTambi\u00e9n disponemos de una l\u00ednea semiautom\u00e1tica de producci\u00f3n de pintura para grandes cilindros accionada por cadena, con una capacidad de dise\u00f1o de 60 cajas por turno.<\/p>\n<p><img loading=\"lazy\" decoding=\"async\" class=\"alignnone wp-image-630\" src=\"https:\/\/hydraulic-cylinders.net\/wp-content\/uploads\/2023\/08\/hydraulic-cylinder-product-5-300x213.webp\" alt=\"\" width=\"366\" height=\"260\" \/> <img loading=\"lazy\" decoding=\"async\" class=\"alignnone wp-image-631\" src=\"https:\/\/hydraulic-cylinders.net\/wp-content\/uploads\/2023\/08\/hydraulic-cylinder-product-6-300x225.webp\" alt=\"\" width=\"347\" height=\"260\" \/><\/p>\n<h3>(5) Pruebas<\/h3>\n<p>Disponemos de instalaciones de inspecci\u00f3n y bancos de pruebas de primera clase para garantizar que el rendimiento del cilindro cumple los requisitos.<\/p>\n<p><img loading=\"lazy\" decoding=\"async\" class=\"alignnone wp-image-632\" src=\"https:\/\/hydraulic-cylinders.net\/wp-content\/uploads\/2023\/08\/hydraulic-cylinder-product-8-300x200.webp\" alt=\"\" width=\"389\" height=\"260\" \/><\/p>\n<p>&nbsp;<\/p>\n<p>&nbsp;<\/p>\n<p>Somos uno de los mejores fabricantes de cilindros hidr\u00e1ulicos. Ofrecemos cilindros hidr\u00e1ulicos integrales. Tambi\u00e9n proporcionamos... <a href=\"https:\/\/hzpt.com\/agricultural-pto-gearbox\/\" target=\"_blank\" rel=\"noopener\">cajas de cambios agr\u00edcolas<\/a>Hemos exportado nuestros productos a clientes de todo el mundo y nos hemos ganado una excelente reputaci\u00f3n gracias a nuestra excelente calidad y servicio posventa. Invitamos a clientes nacionales e internacionales a contactarnos para negociar negocios, intercambiar informaci\u00f3n y... <a href=\"https:\/\/www.hydraulic-cylinders.net\/es\/contact-us\/\">colabore con nosotros<\/a>!<\/p>\n<p>&nbsp;<\/p>","protected":false},"excerpt":{"rendered":"<p>V30D Series Axial Piston Variable Displacement Hydraulic Pump The V30D series axial piston variable displacement hydraulic pump is a state-of-the-art solution designed to deliver exceptional performance and efficiency in various hydraulic applications. With its advanced engineering, versatile design, and precise control, this hydraulic pump is a game-changer in the industry. The V30D series axial piston [&hellip;]<\/p>","protected":false},"featured_media":1975,"comment_status":"open","ping_status":"closed","template":"","meta":{"_et_pb_use_builder":"","_et_pb_old_content":"","_et_gb_content_width":""},"product_brand":[],"product_cat":[1425],"product_tag":[1426],"class_list":{"0":"post-1963","1":"product","2":"type-product","3":"status-publish","4":"has-post-thumbnail","6":"product_cat-piston-pump","7":"product_tag-hydraulic-pump","9":"first","10":"instock","11":"shipping-taxable","12":"product-type-simple"},"amp_enabled":true,"_links":{"self":[{"href":"https:\/\/www.hydraulic-cylinders.net\/es\/wp-json\/wp\/v2\/product\/1963","targetHints":{"allow":["GET"]}}],"collection":[{"href":"https:\/\/www.hydraulic-cylinders.net\/es\/wp-json\/wp\/v2\/product"}],"about":[{"href":"https:\/\/www.hydraulic-cylinders.net\/es\/wp-json\/wp\/v2\/types\/product"}],"replies":[{"embeddable":true,"href":"https:\/\/www.hydraulic-cylinders.net\/es\/wp-json\/wp\/v2\/comments?post=1963"}],"wp:featuredmedia":[{"embeddable":true,"href":"https:\/\/www.hydraulic-cylinders.net\/es\/wp-json\/wp\/v2\/media\/1975"}],"wp:attachment":[{"href":"https:\/\/www.hydraulic-cylinders.net\/es\/wp-json\/wp\/v2\/media?parent=1963"}],"wp:term":[{"taxonomy":"product_brand","embeddable":true,"href":"https:\/\/www.hydraulic-cylinders.net\/es\/wp-json\/wp\/v2\/product_brand?post=1963"},{"taxonomy":"product_cat","embeddable":true,"href":"https:\/\/www.hydraulic-cylinders.net\/es\/wp-json\/wp\/v2\/product_cat?post=1963"},{"taxonomy":"product_tag","embeddable":true,"href":"https:\/\/www.hydraulic-cylinders.net\/es\/wp-json\/wp\/v2\/product_tag?post=1963"}],"curies":[{"name":"wp","href":"https:\/\/api.w.org\/{rel}","templated":true}]}}