{"id":19652,"date":"2025-04-07T06:59:40","date_gmt":"2025-04-07T06:59:40","guid":{"rendered":"https:\/\/www.hydraulic-cylinders.net\/product\/boom-cylinder-for-bonny-ced750-8\/"},"modified":"2025-04-07T06:59:55","modified_gmt":"2025-04-07T06:59:55","slug":"boom-cylinder-for-bonny-ced750-8","status":"publish","type":"product","link":"https:\/\/www.hydraulic-cylinders.net\/es\/producto\/boom-cylinder-for-bonny-ced750-8\/","title":{"rendered":"Cilindro de pluma para Bonny CED750-8"},"content":{"rendered":"<h1>Cilindro de pluma para Bonny CED750-8<\/h1>\n<h2>Descripci\u00f3n general del producto<\/h2>\n<p>El cilindro de la pluma para Bonny CED750-8 es un cilindro hidr\u00e1ulico especializado, dise\u00f1ado para controlar el movimiento del cuchar\u00f3n en diversas m\u00e1quinas pesadas, como excavadoras, retroexcavadoras y cargadoras frontales. Este cilindro permite que el cuchar\u00f3n se eleve, baje e incline, facilitando la manipulaci\u00f3n eficiente de materiales. Los cilindros hidr\u00e1ulicos, como el cilindro de la pluma, desempe\u00f1an un papel fundamental en los sistemas hidr\u00e1ulicos, ya que convierten la energ\u00eda hidr\u00e1ulica en energ\u00eda mec\u00e1nica, lo que permite un control preciso de cargas pesadas.<\/p>\n<p><img decoding=\"async\" src=\"https:\/\/www.hydraulic-cylinders.net\/wp-content\/uploads\/2025\/04\/songte-company-1.webp\" alt=\"Cilindro de la pluma\"><\/p>\n<h2>Caracter\u00edsticas principales<\/h2>\n<ul>\n<li>\n<h3>Alta resistencia y durabilidad<\/h3>\n<p>Fabricado en acero o aluminio de alta resistencia, el cilindro de la pluma est\u00e1 dise\u00f1ado para soportar alta presi\u00f3n y cargas pesadas, lo que lo hace ideal para entornos de trabajo exigentes. Sus caracter\u00edsticas de resistencia al desgaste y a la corrosi\u00f3n prolongan significativamente su vida \u00fatil.<\/p>\n<\/li>\n<li>\n<h3>Operaci\u00f3n hidr\u00e1ulica eficiente<\/h3>\n<p>Este cilindro utiliza presi\u00f3n de aceite hidr\u00e1ulico para lograr movimientos telesc\u00f3picos suaves, proporcionando una respuesta r\u00e1pida a las \u00f3rdenes de control. Ofrece potentes fuerzas de empuje y tracci\u00f3n, ideales para la manipulaci\u00f3n de materiales pesados \u200b\u200by tareas operativas complejas.<\/p>\n<\/li>\n<li>\n<h3>Variedad de tipos disponibles<\/h3>\n<p>Seg\u00fan las necesidades operativas, existen opciones de cilindros de simple efecto (acci\u00f3n hidr\u00e1ulica en una direcci\u00f3n) o de doble efecto (acci\u00f3n hidr\u00e1ulica en ambas direcciones). Algunos modelos son telesc\u00f3picos, lo que permite una mayor extensi\u00f3n sin aumentar las dimensiones externas, ideal para aplicaciones confinadas.<\/p>\n<\/li>\n<li>\n<h3>Intercambiable con otros modelos<\/h3>\n<p>Fabricamos este producto para que sea un reemplazo perfecto de los cilindros hidr\u00e1ulicos existentes, garantizando la compatibilidad y el rendimiento seg\u00fan las especificaciones originales.<\/p>\n<\/li>\n<li>\n<h3>Dise\u00f1o personalizable<\/h3>\n<p>Nuestros cilindros se pueden personalizar para satisfacer requisitos espec\u00edficos, garantizando que se adapten perfectamente a varios tipos de maquinaria y escenarios operativos.<\/p>\n<\/li>\n<\/ul>\n<p><img decoding=\"async\" src=\"https:\/\/www.hydraulic-cylinders.net\/wp-content\/uploads\/2025\/04\/songte-cylinder-head-with-all-kinds-excavator-models.webp\" alt=\"Modelos de cilindros hidr\u00e1ulicos\"><\/p>\n<h2>Escenarios de aplicaci\u00f3n<\/h2>\n<ul>\n<li>\n<h3>Equipos de construcci\u00f3n<\/h3>\n<p>En las excavadoras, el cilindro de la pluma es crucial para excavar, cargar y mover tierra o escombros. Facilita no solo la excavaci\u00f3n, sino tambi\u00e9n las operaciones de elevaci\u00f3n. La precisi\u00f3n y la potencia del cilindro de la pluma permiten a los operadores realizar tareas de forma eficiente y eficaz.<\/p>\n<\/li>\n<li>\n<h3>Maquinaria agr\u00edcola<\/h3>\n<p>En las cargadoras frontales, el cilindro de la pluma es esencial para recoger, levantar y transportar tierra, heno y otros materiales. Esta aplicaci\u00f3n es vital para optimizar las operaciones agr\u00edcolas, permitiendo una finalizaci\u00f3n r\u00e1pida y eficiente de las tareas.<\/p>\n<\/li>\n<li>\n<h3>Trabajos de excavaci\u00f3n<\/h3>\n<p>El cilindro de la pluma permite que el cuchar\u00f3n penetre en el suelo, facilitando una excavaci\u00f3n eficaz. Su dise\u00f1o robusto garantiza que pueda soportar la tensi\u00f3n de las tareas constantes de excavaci\u00f3n y elevaci\u00f3n sin fallas.<\/p>\n<\/li>\n<li>\n<h3>Cargando aplicaciones<\/h3>\n<p>En las cargadoras frontales, los cilindros de la pluma facilitan la elevaci\u00f3n y descarga de materiales, lo que contribuye a una mayor productividad y eficiencia en las tareas de carga. Estos cilindros est\u00e1n dise\u00f1ados para manipular cargas pesadas con facilidad, reduciendo la fatiga del operador.<\/p>\n<\/li>\n<\/ul>\n<h2>Consideraciones de dise\u00f1o<\/h2>\n<ul>\n<li>\n<h3>Capacidad de carga<\/h3>\n<p>Al seleccionar un cilindro de pluma, es fundamental considerar su capacidad de carga. El cilindro debe ser capaz de soportar la carga m\u00e1xima prevista durante la operaci\u00f3n, garantizando as\u00ed la seguridad y la eficiencia. La sobrecarga puede provocar fallas en el cilindro, lo que resulta en costosos tiempos de inactividad y reparaciones.<\/p>\n<\/li>\n<li>\n<h3>Integridad del sellado<\/h3>\n<p>El sistema de sellado es crucial para prevenir fugas de fluido hidr\u00e1ulico, mantener la presi\u00f3n del sistema y garantizar el rendimiento \u00f3ptimo del cilindro hidr\u00e1ulico. Los sellos de alta calidad, fabricados con materiales duraderos como el poliuretano y el caucho de nitrilo, son esenciales para un funcionamiento confiable.<\/p>\n<\/li>\n<li>\n<h3>Durabilidad<\/h3>\n<p>La durabilidad es un factor clave en el dise\u00f1o de cilindros hidr\u00e1ulicos. Los materiales utilizados deben soportar condiciones adversas, como temperaturas extremas, entornos corrosivos y desgaste mec\u00e1nico. Un dise\u00f1o robusto garantiza una mayor vida \u00fatil y reduce la necesidad de mantenimiento.<\/p>\n<\/li>\n<li>\n<h3>Caracter\u00edsticas de seguridad<\/h3>\n<p>La incorporaci\u00f3n de caracter\u00edsticas de seguridad, como v\u00e1lvulas de alivio de presi\u00f3n y mecanismos de parada de emergencia, es esencial en el dise\u00f1o de cilindros hidr\u00e1ulicos. Estas caracter\u00edsticas ayudan a prevenir accidentes y lesiones, garantizando la seguridad de los operadores y el equipo.<\/p>\n<\/li>\n<li>\n<h3>Mantenibilidad<\/h3>\n<p>Dise\u00f1ar cilindros hidr\u00e1ulicos para facilitar el mantenimiento es vital. Caracter\u00edsticas como puntos de lubricaci\u00f3n accesibles, sellos reemplazables y documentaci\u00f3n de servicio clara contribuyen a simplificar y agilizar las tareas de mantenimiento, minimizando as\u00ed el tiempo de inactividad.<\/p>\n<\/li>\n<\/ul>\n<p><img decoding=\"async\" src=\"https:\/\/www.hydraulic-cylinders.net\/wp-content\/uploads\/2025\/04\/songte-oil-pipes-and-spare-parts.webp\" alt=\"Tuber\u00edas de aceite y repuestos\"><\/p>\n<h2>Sellado y lubricaci\u00f3n<\/h2>\n<p>La eficacia de los cilindros hidr\u00e1ulicos depende en gran medida de sus sistemas de sellado y lubricaci\u00f3n. Se emplean diversos elementos de sellado, como sellos de pist\u00f3n y de v\u00e1stago, para evitar fugas de fluido y mantener la presi\u00f3n. El uso de materiales de alta calidad, como el poliuretano y el caucho de nitrilo, mejora su resistencia al desgaste.<\/p>\n<p>El cuerpo del cilindro y las superficies roscadas de los extremos se someten a un mecanizado de precisi\u00f3n para mejorar la resistencia al desgaste y garantizar su longevidad. Es necesaria una lubricaci\u00f3n regular con el aceite hidr\u00e1ulico adecuado para mantener un funcionamiento suave y evitar el desgaste de las piezas m\u00f3viles. Es fundamental supervisar los niveles de aceite y sustituirlo seg\u00fan sea necesario para garantizar un rendimiento \u00f3ptimo.<\/p>\n<h2>Inspecci\u00f3n regular y mantenimiento preventivo<\/h2>\n<ul>\n<li>\n<h3>Controles de rutina<\/h3>\n<p>Es fundamental realizar inspecciones peri\u00f3dicas del cilindro hidr\u00e1ulico para identificar cualquier signo de desgaste o da\u00f1o. Busque fugas, grietas o deformidades que puedan afectar su rendimiento. La detecci\u00f3n temprana de problemas puede prevenir fallas m\u00e1s graves y reparaciones costosas.<\/p>\n<\/li>\n<li>\n<h3>Lubricaci\u00f3n adecuada<\/h3>\n<p>Asegurarse de que el cilindro hidr\u00e1ulico est\u00e9 adecuadamente lubricado es vital para un funcionamiento fluido. Utilice el aceite hidr\u00e1ulico recomendado y siga las instrucciones del fabricante sobre los intervalos de lubricaci\u00f3n. Una lubricaci\u00f3n adecuada reduce la fricci\u00f3n y el desgaste de los sellos y las piezas m\u00f3viles.<\/p>\n<\/li>\n<li>\n<h3>Reemplazo del sello<\/h3>\n<p>Los sellos desempe\u00f1an un papel crucial en el funcionamiento de los cilindros hidr\u00e1ulicos. Inspeccione regularmente los sellos para detectar signos de desgaste o da\u00f1os y reempl\u00e1celos seg\u00fan sea necesario. No reemplazar los sellos desgastados puede provocar fugas de fluido y una menor eficiencia.<\/p>\n<\/li>\n<\/ul>\n<h2>Instrucciones de instalaci\u00f3n<\/h2>\n<p>La correcta instalaci\u00f3n del cilindro de la pluma es fundamental para garantizar su funcionalidad y durabilidad. Aseg\u00farese de que las superficies de montaje est\u00e9n limpias y libres de residuos. Alinee el cilindro correctamente con los puntos de montaje de la maquinaria, utilizando los soportes de montaje adecuados para mayor estabilidad.<\/p>\n<p>Aseg\u00farese de apretar todos los sujetadores al par especificado, ya que un apriete inadecuado puede provocar movimiento y desgaste con el tiempo. Una vez instalado, realice una prueba exhaustiva del sistema hidr\u00e1ulico para garantizar que el cilindro funcione de forma suave y eficaz.<\/p>\n<h2>Tareas comunes de mantenimiento<\/h2>\n<ul>\n<li>\n<h3>Inspecciones peri\u00f3dicas<\/h3>\n<p>Las inspecciones rutinarias del sistema hidr\u00e1ulico son esenciales para detectar cualquier problema potencial a tiempo. Revise si hay fugas, desgaste y el estado general del cilindro para garantizar un rendimiento y una seguridad \u00f3ptimos.<\/p>\n<\/li>\n<li>\n<h3>Lubricaci\u00f3n adecuada<\/h3>\n<p>Aseg\u00farese de que el cilindro hidr\u00e1ulico est\u00e9 adecuadamente lubricado seg\u00fan las especificaciones del fabricante. Esto implica revisar los niveles de aceite regularmente y rellenar o cambiar el aceite hidr\u00e1ulico seg\u00fan sea necesario para mantener un funcionamiento fluido.<\/p>\n<\/li>\n<li>\n<h3>Reemplazo y calibraci\u00f3n de sellos<\/h3>\n<p>Revise peri\u00f3dicamente los sellos para detectar desgaste y reempl\u00e1celos seg\u00fan sea necesario para evitar fugas de fluido. Adem\u00e1s, calibrar el sistema hidr\u00e1ulico garantiza el correcto funcionamiento de todos los componentes, manteniendo la eficiencia y la seguridad.<\/p>\n<\/li>\n<\/ul>\n<p><img decoding=\"async\" src=\"https:\/\/www.hydraulic-cylinders.net\/wp-content\/uploads\/2025\/04\/songte-chushion-collar.webp\" alt=\"Collar\u00edn acolchado\"><\/p>\n<h2>Consideraciones de seguridad y factores ambientales<\/h2>\n<p>Al utilizar cilindros hidr\u00e1ulicos, es fundamental cumplir con las medidas de seguridad para proteger tanto a los operadores como al medio ambiente. Aseg\u00farese de que todo el personal est\u00e9 capacitado en los procedimientos de seguridad hidr\u00e1ulica, incluyendo el manejo adecuado de fluidos hidr\u00e1ulicos y el conocimiento de los posibles peligros asociados con los sistemas de alta presi\u00f3n. La implementaci\u00f3n de protocolos de seguridad reduce el riesgo de accidentes y lesiones.<\/p>\n<h2>Diagn\u00f3stico de fallas y problemas comunes<\/h2>\n<ul>\n<li>\n<h3>Fuga del cilindro hidr\u00e1ulico<\/h3>\n<p>Las fugas son un problema com\u00fan que puede provocar la p\u00e9rdida de fluido hidr\u00e1ulico y reducir el rendimiento. Revise los sellos y las conexiones para detectar desgaste o da\u00f1os e identificar el origen de la fuga.<\/p>\n<\/li>\n<li>\n<h3>Rendimiento reducido del cilindro<\/h3>\n<p>Si el cilindro no funciona como se espera, puede deberse a lubricaci\u00f3n insuficiente, aire en las l\u00edneas hidr\u00e1ulicas o da\u00f1os internos. Inspeccione los niveles de fluido hidr\u00e1ulico y compruebe si hay obstrucciones en el sistema.<\/p>\n<\/li>\n<li>\n<h3>Movimiento o deriva inesperados<\/h3>\n<p>Los movimientos inesperados pueden indicar problemas con el sellado o el sistema de control del cilindro. Aseg\u00farese de que los sellos est\u00e9n intactos y de que las v\u00e1lvulas de control funcionen correctamente para mantener el movimiento adecuado.<\/p>\n<\/li>\n<\/ul>\n<h2>Consejos para la soluci\u00f3n de problemas<\/h2>\n<p>Para diagnosticar y resolver eficazmente los problemas del cilindro de la pluma, comience por realizar una inspecci\u00f3n exhaustiva de todo el sistema hidr\u00e1ulico. Compruebe si hay fugas, aseg\u00farese de que los niveles de l\u00edquido sean los adecuados y examine las juntas para detectar desgaste. El mantenimiento regular puede prevenir muchos problemas comunes, por lo que debe seguir un programa de mantenimiento estricto. Adem\u00e1s, vigilar de cerca las presiones y temperaturas de funcionamiento puede ayudar a identificar posibles problemas antes de que se agraven.<\/p>\n<p><img decoding=\"async\" src=\"https:\/\/www.hydraulic-cylinders.net\/wp-content\/uploads\/2025\/04\/songte-bushings-with-all-kinds-of-excavator-models.webp\" alt=\"Modelos de bujes\"><\/p>\n<h2>Acerca de nuestra empresa<\/h2>\n<p>Somos un fabricante l\u00edder de cilindros hidr\u00e1ulicos, especializado en repuestos para diversos modelos. Nuestra amplia gama de productos nos ha posicionado como un actor destacado en los mercados nacionales e internacionales. Priorizamos la calidad excepcional y aplicamos una estrategia de gesti\u00f3n de fabricaci\u00f3n rigurosa, mejorando continuamente nuestra capacidad de producci\u00f3n mediante tecnolog\u00eda de vanguardia, personal cualificado y rigurosos sistemas de pruebas. Nuestro compromiso con la alta eficiencia, precisi\u00f3n y calidad del producto nos permite satisfacer eficazmente las diversas necesidades de nuestros clientes.<\/p>\n<p><img decoding=\"async\" src=\"https:\/\/www.hydraulic-cylinders.net\/wp-content\/uploads\/2025\/04\/songte-company-4.webp\" alt=\"Descripci\u00f3n general de la empresa\"><br \/>\n<img decoding=\"async\" src=\"https:\/\/www.hydraulic-cylinders.net\/wp-content\/uploads\/2025\/04\/songte-company-3.webp\" alt=\"Instalaciones de la empresa\"><\/p>\n<p>Nuestra experiencia abarca \u00e1reas como servicio profesional, certificaciones internacionales y opciones personalizables adaptadas a las especificaciones del cliente. Nuestro avanzado equipo de fabricaci\u00f3n garantiza la producci\u00f3n de productos de alta calidad que cumplen con los est\u00e1ndares globales, mientras que nuestro dedicado servicio posventa ayuda a los clientes con cualquier consulta o problema que puedan tener.<\/p>\n<p>Autor: lyl<\/p>","protected":false},"excerpt":{"rendered":"<p>Boom Cylinder For Bonny CED750-8 Product Overview The Boom Cylinder for Bonny CED750-8 is a specialized hydraulic cylinder designed to control the movement of the bucket in various heavy machinery such as excavators, backhoes, and front loaders. This cylinder enables the bucket to lift, lower, and tilt, facilitating material handling tasks efficiently. Hydraulic cylinders, like [&hellip;]<\/p>","protected":false},"featured_media":17870,"comment_status":"open","ping_status":"closed","template":"","meta":{"_et_pb_use_builder":"","_et_pb_old_content":"","_et_gb_content_width":""},"product_brand":[],"product_cat":[1546],"product_tag":[1547,1496],"class_list":{"0":"post-19652","1":"product","2":"type-product","3":"status-publish","4":"has-post-thumbnail","6":"product_cat-boom-cylinders","7":"product_tag-boom-cylinders","8":"product_tag-hydraulic-cylinders","10":"first","11":"instock","12":"shipping-taxable","13":"product-type-simple"},"amp_enabled":true,"_links":{"self":[{"href":"https:\/\/www.hydraulic-cylinders.net\/es\/wp-json\/wp\/v2\/product\/19652","targetHints":{"allow":["GET"]}}],"collection":[{"href":"https:\/\/www.hydraulic-cylinders.net\/es\/wp-json\/wp\/v2\/product"}],"about":[{"href":"https:\/\/www.hydraulic-cylinders.net\/es\/wp-json\/wp\/v2\/types\/product"}],"replies":[{"embeddable":true,"href":"https:\/\/www.hydraulic-cylinders.net\/es\/wp-json\/wp\/v2\/comments?post=19652"}],"wp:featuredmedia":[{"embeddable":true,"href":"https:\/\/www.hydraulic-cylinders.net\/es\/wp-json\/wp\/v2\/media\/17870"}],"wp:attachment":[{"href":"https:\/\/www.hydraulic-cylinders.net\/es\/wp-json\/wp\/v2\/media?parent=19652"}],"wp:term":[{"taxonomy":"product_brand","embeddable":true,"href":"https:\/\/www.hydraulic-cylinders.net\/es\/wp-json\/wp\/v2\/product_brand?post=19652"},{"taxonomy":"product_cat","embeddable":true,"href":"https:\/\/www.hydraulic-cylinders.net\/es\/wp-json\/wp\/v2\/product_cat?post=19652"},{"taxonomy":"product_tag","embeddable":true,"href":"https:\/\/www.hydraulic-cylinders.net\/es\/wp-json\/wp\/v2\/product_tag?post=19652"}],"curies":[{"name":"wp","href":"https:\/\/api.w.org\/{rel}","templated":true}]}}