{"id":19656,"date":"2025-04-07T07:00:04","date_gmt":"2025-04-07T07:00:04","guid":{"rendered":"https:\/\/www.hydraulic-cylinders.net\/product\/boom-cylinder-for-bonny-ced1250-7\/"},"modified":"2025-04-07T07:00:07","modified_gmt":"2025-04-07T07:00:07","slug":"boom-cylinder-for-bonny-ced1250-7","status":"publish","type":"product","link":"https:\/\/www.hydraulic-cylinders.net\/es\/producto\/boom-cylinder-for-bonny-ced1250-7\/","title":{"rendered":"Cilindro de pluma para Bonny CED1250-7"},"content":{"rendered":"<h1>Cilindro de pluma para Bonny CED1250-7<\/h1>\n<h2>Introducci\u00f3n al cilindro de la pluma<\/h2>\n<p>El cilindro de la pluma, dise\u00f1ado espec\u00edficamente para la Bonny CED1250-7, es un componente esencial en diversas m\u00e1quinas pesadas, especialmente en sistemas hidr\u00e1ulicos. Este tipo de cilindro hidr\u00e1ulico est\u00e1 dise\u00f1ado para controlar el movimiento de una cuchara, permiti\u00e9ndole elevar, bajar e inclinar. La funcionalidad del cilindro de la pluma es esencial para tareas de manipulaci\u00f3n de materiales, lo que lo hace indispensable en aplicaciones de construcci\u00f3n y agr\u00edcolas.<\/p>\n<p><img decoding=\"async\" src=\"https:\/\/www.hydraulic-cylinders.net\/wp-content\/uploads\/2025\/04\/songte-company-1.webp\" alt=\"Imagen del cilindro de la pluma\"><\/p>\n<h3>Definici\u00f3n y descripci\u00f3n general<\/h3>\n<p>Un cilindro de pluma es un cilindro hidr\u00e1ulico especializado que facilita el movimiento preciso de los cucharones en maquinaria pesada, como excavadoras, retroexcavadoras y cargadoras frontales. Su funci\u00f3n principal es aprovechar la presi\u00f3n hidr\u00e1ulica para lograr un movimiento suave y controlado, permitiendo a los operadores gestionar eficientemente diversas tareas, desde la excavaci\u00f3n hasta el transporte de materiales. Estos cilindros est\u00e1n dise\u00f1ados para soportar fuerzas significativas y operar bajo alta presi\u00f3n, lo que los hace vitales para el funcionamiento de la maquinaria pesada.<\/p>\n<h2>Caracter\u00edsticas del cilindro de la pluma<\/h2>\n<ul>\n<li><strong>Alta resistencia y durabilidad:<\/strong> Fabricado en acero o aluminio de alta resistencia, el cilindro de la pluma soporta alta presi\u00f3n y cargas pesadas, adem\u00e1s de soportar duras condiciones de trabajo. Su dise\u00f1o ofrece resistencia al desgaste y protecci\u00f3n contra la corrosi\u00f3n para prolongar su vida \u00fatil.<\/li>\n<li><strong>Operaci\u00f3n hidr\u00e1ulica eficiente:<\/strong> El cilindro utiliza presi\u00f3n de aceite hidr\u00e1ulico para lograr una extensi\u00f3n y retracci\u00f3n suaves, lo que permite una respuesta r\u00e1pida a los comandos del operador y proporciona una poderosa fuerza de empuje y tracci\u00f3n, ideal para manejar tareas pesadas y complejas.<\/li>\n<li><strong>Diversos tipos:<\/strong> Disponibles en configuraciones de simple efecto (en una direcci\u00f3n) o doble efecto (en ambas direcciones), estos cilindros se pueden adaptar a diversos requisitos operativos. Algunos modelos son telesc\u00f3picos, lo que permite un mayor alcance sin aumentar las dimensiones externas, lo que los hace ideales para aplicaciones con espacio limitado.<\/li>\n<\/ul>\n<p>Podemos fabricar este producto y nuestros cilindros sustituyen perfectamente a los que se utilizan actualmente.<\/p>\n<p><img decoding=\"async\" src=\"https:\/\/www.hydraulic-cylinders.net\/wp-content\/uploads\/2025\/04\/songte-cylinder-head-with-all-kinds-excavator-models.webp\" alt=\"Modelos de excavadoras\"><\/p>\n<h2>Escenarios de aplicaci\u00f3n<\/h2>\n<h3>Equipos de construcci\u00f3n<\/h3>\n<p>En las excavadoras, los cilindros de la pluma desempe\u00f1an un papel fundamental en la excavaci\u00f3n, la carga y el movimiento de tierra o escombros. No solo son esenciales para la excavaci\u00f3n, sino tambi\u00e9n para las operaciones de elevaci\u00f3n, garantizando as\u00ed un manejo eficiente de materiales pesados \u200b\u200bdurante los proyectos de construcci\u00f3n.<\/p>\n<h3>Maquinaria agr\u00edcola<\/h3>\n<p>En las cargadoras frontales, los cilindros de la pluma se utilizan para recoger, levantar y transportar tierra, heno y otros materiales. Su capacidad para realizar m\u00faltiples tareas los hace invaluables para las operaciones agr\u00edcolas, ya sea para mover materiales a granel o para ayudar en la gesti\u00f3n de tierras.<\/p>\n<h3>excavadoras<\/h3>\n<p>En las excavadoras, el cilindro de la pluma permite que la cuchara penetre eficazmente en el suelo, lo que permite excavaciones eficientes. Esta funci\u00f3n es crucial para una amplia variedad de tareas de excavaci\u00f3n, garantizando que los proyectos se completen con rapidez y precisi\u00f3n.<\/p>\n<h3>Cargadores<\/h3>\n<p>En las cargadoras frontales, los cilindros de la pluma facilitan la elevaci\u00f3n y descarga de cargas eficazmente. Su capacidad de elevaci\u00f3n garantiza que los operadores puedan manipular cargas pesadas con facilidad, lo que contribuye a una mayor productividad en la obra.<\/p>\n<h2>Consideraciones de dise\u00f1o y est\u00e1ndares de selecci\u00f3n<\/h2>\n<ul>\n<li><strong>Capacidad de carga:<\/strong> La capacidad de carga del cilindro de la pluma es un factor crucial en el dise\u00f1o. Debe ser capaz de levantar y soportar el peso de los materiales manipulados sin comprometer la seguridad ni el rendimiento. Los ingenieros realizan c\u00e1lculos rigurosos para determinar las especificaciones adecuadas seg\u00fan las aplicaciones previstas y las exigencias operativas.<\/li>\n<li><strong>Mecanismos de sellado:<\/strong> Un sellado eficaz es necesario para evitar fugas de fluido hidr\u00e1ulico y mantener la presi\u00f3n dentro del cilindro. La selecci\u00f3n de sellos, como los de pist\u00f3n y de v\u00e1stago, se basa en materiales resistentes a las condiciones ambientales y al desgaste, lo que garantiza una fiabilidad a largo plazo.<\/li>\n<li><strong>Durabilidad:<\/strong> Los cilindros de la pluma deben dise\u00f1arse para una larga vida \u00fatil. Esto incluye consideraciones sobre los materiales utilizados, la resistencia a la fatiga y la capacidad de funcionar en entornos hostiles, como la exposici\u00f3n a la suciedad, la humedad y las temperaturas extremas.<\/li>\n<li><strong>Caracter\u00edsticas de seguridad:<\/strong> La seguridad es primordial en el dise\u00f1o de cilindros hidr\u00e1ulicos. Incorporar caracter\u00edsticas que eviten la sobreextensi\u00f3n y el exceso de presi\u00f3n es fundamental para garantizar la operaci\u00f3n segura de la maquinaria y el bienestar de los operadores.<\/li>\n<li><strong>Mantenibilidad:<\/strong> El dise\u00f1o para el mantenimiento es esencial. El cilindro debe facilitar el acceso a los sellos y componentes para su inspecci\u00f3n y reemplazo regulares, minimizando as\u00ed el tiempo de inactividad y los costos de reparaci\u00f3n.<\/li>\n<\/ul>\n<p><img decoding=\"async\" src=\"https:\/\/www.hydraulic-cylinders.net\/wp-content\/uploads\/2025\/04\/songte-oil-pipes-and-spare-parts.webp\" alt=\"Piezas hidr\u00e1ulicas\"><\/p>\n<h2>Sellado y lubricaci\u00f3n<\/h2>\n<p>El cilindro de la pluma utiliza diversos componentes de sellado, como sellos de pist\u00f3n y de v\u00e1stago, para garantizar un rendimiento \u00f3ptimo. Los sellos suelen estar fabricados con materiales duraderos como poliuretano o caucho de nitrilo para resistir la abrasi\u00f3n y las condiciones ambientales. Las superficies del cuerpo del cilindro y los extremos roscados est\u00e1n finamente procesadas para mejorar la resistencia al desgaste. La lubricaci\u00f3n regular con aceite hidr\u00e1ulico es esencial para mantener el funcionamiento del cilindro, lo que requiere revisiones peri\u00f3dicas para asegurar niveles adecuados de aceite.<\/p>\n<h2>Inspecci\u00f3n regular y mantenimiento preventivo<\/h2>\n<ul>\n<li><strong>Inspecciones peri\u00f3dicas:<\/strong> Es necesario realizar inspecciones peri\u00f3dicas para identificar cualquier signo de desgaste o fugas. Los operadores deben establecer un programa de mantenimiento para verificar la integridad de los sellos, accesorios y l\u00edneas.<\/li>\n<li><strong>Lubricaci\u00f3n:<\/strong> Aseg\u00farese de que el cilindro est\u00e9 bien lubricado en todo momento. Utilice el tipo de aceite hidr\u00e1ulico recomendado y siga las instrucciones del fabricante sobre los intervalos de lubricaci\u00f3n.<\/li>\n<li><strong>Reemplazo del sello:<\/strong> Supervise el estado de los sellos y reempl\u00e1celos seg\u00fan sea necesario para evitar fugas de fluido y mantener la eficiencia de la presi\u00f3n.<\/li>\n<\/ul>\n<h2>Gu\u00eda de instalaci\u00f3n adecuada<\/h2>\n<p>La correcta instalaci\u00f3n del cilindro de la pluma es crucial para un rendimiento \u00f3ptimo. Comience por asegurar que el cilindro est\u00e9 correctamente alineado para evitar tensiones excesivas en los componentes. Utilice soportes de montaje adecuados para fijar el cilindro en su lugar, evitando que se mueva durante el funcionamiento. Siga las especificaciones del fabricante sobre el par de apriete de los pernos y accesorios. Aseg\u00farese de que las conexiones hidr\u00e1ulicas no presenten fugas y verifique que el sistema est\u00e9 purgado de aire antes de la operaci\u00f3n. Revise peri\u00f3dicamente la alineaci\u00f3n y el estado del cilindro despu\u00e9s de la instalaci\u00f3n para garantizar su eficiencia continua.<\/p>\n<h2>Tareas de mantenimiento<\/h2>\n<ul>\n<li><strong>Inspecciones regulares:<\/strong> Las revisiones frecuentes de desgaste ayudan a detectar posibles problemas a tiempo. Las inspecciones regulares ayudan a mantener el rendimiento y prolongar la vida \u00fatil del cilindro.<\/li>\n<li><strong>Lubricaci\u00f3n adecuada:<\/strong> Una lubricaci\u00f3n constante es esencial para evitar la fricci\u00f3n y el desgaste del cilindro. Aseg\u00farese de rellenar el aceite hidr\u00e1ulico seg\u00fan el programa de mantenimiento.<\/li>\n<li><strong>Reemplazo y calibraci\u00f3n del sello:<\/strong> Los sellos deben reemplazarse seg\u00fan su estado. Las revisiones peri\u00f3dicas de calibraci\u00f3n garantizan que el cilindro funcione dentro de los par\u00e1metros especificados y mantenga su eficiencia.<\/li>\n<\/ul>\n<h2>Consideraciones de seguridad y factores ambientales<\/h2>\n<p>Las medidas de seguridad son fundamentales al operar sistemas hidr\u00e1ulicos. Los operadores deben cumplir con los protocolos de seguridad para prevenir accidentes y garantizar el uso seguro del equipo. Es crucial implementar medidas de seguridad como v\u00e1lvulas de alivio de presi\u00f3n y la capacitaci\u00f3n adecuada del personal que maneja maquinaria hidr\u00e1ulica. Adem\u00e1s, factores ambientales como las temperaturas extremas y la exposici\u00f3n a contaminantes pueden afectar el rendimiento y la vida \u00fatil de los componentes hidr\u00e1ulicos, lo que requiere una cuidadosa consideraci\u00f3n durante la operaci\u00f3n y el mantenimiento.<\/p>\n<h2>Soluci\u00f3n de problemas y problemas comunes<\/h2>\n<ul>\n<li><strong>Fugas de fluidos:<\/strong> Inspeccione si hay fugas de l\u00edquido, lo cual podr\u00eda indicar una falla en el sello. Revise las conexiones y reemplace los sellos seg\u00fan sea necesario para restablecer la funcionalidad.<\/li>\n<li><strong>Rendimiento deficiente:<\/strong> Si el cilindro no responde correctamente, puede deberse a niveles bajos de fluido hidr\u00e1ulico o a aire en el sistema. Aseg\u00farese de que los niveles de fluido sean correctos y purgue el sistema si es necesario.<\/li>\n<li><strong>Calentamiento excesivo:<\/strong> El sobrecalentamiento puede deberse a una carga excesiva o a una lubricaci\u00f3n inadecuada. Supervise peri\u00f3dicamente las temperaturas de funcionamiento y ajuste la carga de trabajo seg\u00fan corresponda.<\/li>\n<\/ul>\n<h2>Consejos para la soluci\u00f3n de problemas<\/h2>\n<p>Para diagnosticar y resolver eficazmente los problemas con el cilindro de la pluma, adopte una actitud proactiva. Inspeccione peri\u00f3dicamente el sistema para detectar signos de desgaste y solucione los problemas menores antes de que se agraven. Implemente medidas preventivas, como una lubricaci\u00f3n adecuada y revisiones de mantenimiento regulares, para minimizar posibles complicaciones y garantizar un funcionamiento sin problemas.<\/p>\n<p><img decoding=\"async\" src=\"https:\/\/www.hydraulic-cylinders.net\/wp-content\/uploads\/2025\/04\/songte-bushings-with-all-kinds-of-excavator-models.webp\" alt=\"Bujes de excavadora\"><\/p>\n<h2>Acerca de nuestra empresa<\/h2>\n<p>Somos un fabricante l\u00edder de cilindros hidr\u00e1ulicos de repuesto, con una amplia gama de productos que nos ha convertido en uno de los fabricantes y mayoristas m\u00e1s destacados en los mercados nacionales e internacionales. Nuestro compromiso con la excelencia se sustenta en una estrategia de gesti\u00f3n de la producci\u00f3n optimizada en nuestros talleres de fabricaci\u00f3n especializados. Mejoramos continuamente nuestra plataforma de fabricaci\u00f3n mediante talento cualificado, equipos de fabricaci\u00f3n digital avanzados y un s\u00f3lido sistema de inspecci\u00f3n, lo que se traduce en una alta eficiencia, precisi\u00f3n y calidad que satisface las diversas necesidades de nuestros clientes.<\/p>\n<p><img decoding=\"async\" src=\"https:\/\/www.hydraulic-cylinders.net\/wp-content\/uploads\/2025\/04\/songte-company-4.webp\" alt=\"Descripci\u00f3n general de la empresa\"><br \/>\n<img decoding=\"async\" src=\"https:\/\/www.hydraulic-cylinders.net\/wp-content\/uploads\/2025\/04\/songte-company-3.webp\" alt=\"Planta de fabricaci\u00f3n\"><\/p>\n<h2>Conclusi\u00f3n<\/h2>\n<p>Nuestra empresa se enorgullece de su profesionalismo, certificaciones internacionales, servicios a medida, equipos de producci\u00f3n avanzados y un servicio posventa dedicado. Nos comprometemos a ofrecer soluciones hidr\u00e1ulicas de alta calidad que satisfagan las necesidades cambiantes de nuestros clientes en diversas industrias.<\/p>\n<p>Autor: lyl<\/p>","protected":false},"excerpt":{"rendered":"<p>Boom Cylinder For Bonny CED1250-7 Introduction to Boom Cylinder The Boom Cylinder, specifically designed for the Bonny CED1250-7, is a critical component in various heavy machinery, particularly in hydraulic systems. This type of hydraulic cylinder is engineered to control the movement of a bucket, enabling it to lift, lower, and tilt. The functionality of the [&hellip;]<\/p>","protected":false},"featured_media":17874,"comment_status":"open","ping_status":"closed","template":"","meta":{"_et_pb_use_builder":"","_et_pb_old_content":"","_et_gb_content_width":""},"product_brand":[],"product_cat":[1546],"product_tag":[1547,1496],"class_list":{"0":"post-19656","1":"product","2":"type-product","3":"status-publish","4":"has-post-thumbnail","6":"product_cat-boom-cylinders","7":"product_tag-boom-cylinders","8":"product_tag-hydraulic-cylinders","10":"first","11":"instock","12":"shipping-taxable","13":"product-type-simple"},"amp_enabled":true,"_links":{"self":[{"href":"https:\/\/www.hydraulic-cylinders.net\/es\/wp-json\/wp\/v2\/product\/19656","targetHints":{"allow":["GET"]}}],"collection":[{"href":"https:\/\/www.hydraulic-cylinders.net\/es\/wp-json\/wp\/v2\/product"}],"about":[{"href":"https:\/\/www.hydraulic-cylinders.net\/es\/wp-json\/wp\/v2\/types\/product"}],"replies":[{"embeddable":true,"href":"https:\/\/www.hydraulic-cylinders.net\/es\/wp-json\/wp\/v2\/comments?post=19656"}],"wp:featuredmedia":[{"embeddable":true,"href":"https:\/\/www.hydraulic-cylinders.net\/es\/wp-json\/wp\/v2\/media\/17874"}],"wp:attachment":[{"href":"https:\/\/www.hydraulic-cylinders.net\/es\/wp-json\/wp\/v2\/media?parent=19656"}],"wp:term":[{"taxonomy":"product_brand","embeddable":true,"href":"https:\/\/www.hydraulic-cylinders.net\/es\/wp-json\/wp\/v2\/product_brand?post=19656"},{"taxonomy":"product_cat","embeddable":true,"href":"https:\/\/www.hydraulic-cylinders.net\/es\/wp-json\/wp\/v2\/product_cat?post=19656"},{"taxonomy":"product_tag","embeddable":true,"href":"https:\/\/www.hydraulic-cylinders.net\/es\/wp-json\/wp\/v2\/product_tag?post=19656"}],"curies":[{"name":"wp","href":"https:\/\/api.w.org\/{rel}","templated":true}]}}