{"id":19657,"date":"2025-04-07T07:00:07","date_gmt":"2025-04-07T07:00:07","guid":{"rendered":"https:\/\/www.hydraulic-cylinders.net\/product\/boom-cylinder-for-bonny-ced260-6\/"},"modified":"2025-04-07T07:00:10","modified_gmt":"2025-04-07T07:00:10","slug":"boom-cylinder-for-bonny-ced260-6","status":"publish","type":"product","link":"https:\/\/www.hydraulic-cylinders.net\/es\/producto\/boom-cylinder-for-bonny-ced260-6\/","title":{"rendered":"Cilindro de pluma para Bonny CED260-6"},"content":{"rendered":"<h1>Cilindro de pluma para Bonny CED260-6<\/h1>\n<h2>Introducci\u00f3n al cilindro de la pluma<\/h2>\n<p>El cilindro de la pluma es un componente hidr\u00e1ulico esencial, dise\u00f1ado espec\u00edficamente para controlar el movimiento de los cucharones en diversas m\u00e1quinas pesadas, como excavadoras, retroexcavadoras y cargadoras frontales. Estos cilindros permiten que el cuchar\u00f3n se eleve, baje e incline, facilitando la manipulaci\u00f3n eficiente de materiales. El cilindro del cuchar\u00f3n es un tipo de cilindro hidr\u00e1ulico que desempe\u00f1a un papel crucial en los sistemas hidr\u00e1ulicos, ya que convierte la energ\u00eda hidr\u00e1ulica en energ\u00eda mec\u00e1nica para realizar el trabajo. En maquinaria pesada, es fundamental para garantizar un control preciso y un funcionamiento suave, contribuyendo as\u00ed a la eficacia general de las operaciones de construcci\u00f3n y excavaci\u00f3n.<\/p>\n<p><img decoding=\"async\" src=\"https:\/\/www.hydraulic-cylinders.net\/wp-content\/uploads\/2025\/04\/songte-company-1.webp\" alt=\"Cilindro de la pluma\"><\/p>\n<h2>Caracter\u00edsticas del cilindro de la pluma<\/h2>\n<ul>\n<li>\n<h3>Alta resistencia y durabilidad<\/h3>\n<p>Fabricado en acero o aluminio de alta resistencia, el cilindro de la pluma soporta alta presi\u00f3n y cargas pesadas, lo que lo hace ideal para entornos de trabajo exigentes. Su dise\u00f1o considera la resistencia al desgaste y a la corrosi\u00f3n, lo que prolonga su vida \u00fatil.<\/p>\n<\/li>\n<li>\n<h3>Operaci\u00f3n hidr\u00e1ulica eficiente<\/h3>\n<p>El cilindro utiliza la presi\u00f3n del aceite hidr\u00e1ulico para lograr movimientos suaves de extensi\u00f3n y retracci\u00f3n. Responde r\u00e1pidamente a las \u00f3rdenes de control, proporcionando la potente fuerza de empuje y tracci\u00f3n necesaria para manipular materiales pesados \u200b\u200by tareas complejas.<\/p>\n<\/li>\n<li>\n<h3>Diversos tipos<\/h3>\n<p>Disponible en modelos de simple efecto (hidr\u00e1ulico en una direcci\u00f3n) y doble efecto (hidr\u00e1ulico en ambas direcciones), el cilindro de pluma satisface diversas necesidades operativas. Algunos modelos son telesc\u00f3picos, lo que permite una mayor extensi\u00f3n sin aumentar las dimensiones externas, lo que los hace ideales para aplicaciones con espacio limitado.<\/p>\n<\/li>\n<li>\n<h3>Tecnolog\u00edas de sellado avanzadas<\/h3>\n<p>Dise\u00f1ado con tecnolog\u00edas de sellado superiores para evitar fugas y garantizar un funcionamiento suave, contribuyendo a la eficiencia general del sistema hidr\u00e1ulico.<\/p>\n<\/li>\n<li>\n<h3>Opciones de personalizaci\u00f3n<\/h3>\n<p>Ofrecemos soluciones personalizadas para satisfacer requisitos espec\u00edficos, garantizando que nuestro cilindro de pluma pueda reemplazar eficazmente otros cilindros hidr\u00e1ulicos en el mercado.<\/p>\n<\/li>\n<\/ul>\n<p><img decoding=\"async\" src=\"https:\/\/www.hydraulic-cylinders.net\/wp-content\/uploads\/2025\/04\/songte-cylinder-head-with-all-kinds-excavator-models.webp\" alt=\"Aplicaciones del cilindro de la pluma\"><\/p>\n<h2>Aplicaciones del cilindro de la pluma<\/h2>\n<ul>\n<li>\n<h3>Equipos de construcci\u00f3n<\/h3>\n<p>En las excavadoras, los cilindros de la pluma son fundamentales para excavar, cargar y mover tierra o escombros. Ayudan a levantar y posicionar materiales pesados \u200b\u200bcon precisi\u00f3n. En las retroexcavadoras, el cilindro de la pluma facilita no solo la excavaci\u00f3n, sino tambi\u00e9n la elevaci\u00f3n, lo que lo hace indispensable en proyectos de construcci\u00f3n.<\/p>\n<\/li>\n<li>\n<h3>Maquinaria agr\u00edcola<\/h3>\n<p>En las cargadoras frontales, estos cilindros se utilizan para recoger, levantar y transportar tierra, heno y otros materiales. La capacidad de controlar la posici\u00f3n del cuchar\u00f3n con precisi\u00f3n mejora la productividad en las tareas agr\u00edcolas.<\/p>\n<\/li>\n<li>\n<h3>excavadoras<\/h3>\n<p>En las excavadoras, el cilindro de la pluma facilita la excavaci\u00f3n al permitir que el cuchar\u00f3n penetre eficazmente en el suelo. Esta funci\u00f3n es vital para diversas tareas de excavaci\u00f3n, contribuyendo a la versatilidad y eficiencia de la m\u00e1quina.<\/p>\n<\/li>\n<li>\n<h3>Cargadores<\/h3>\n<p>En las cargadoras frontales, el cilindro de la pluma facilita la elevaci\u00f3n y descarga eficiente de cargas. Su capacidad para manejar cargas pesadas manteniendo la estabilidad es crucial para la seguridad y la eficacia operativas.<\/p>\n<\/li>\n<\/ul>\n<h2>Consideraciones de dise\u00f1o y criterios de selecci\u00f3n<\/h2>\n<ul>\n<li>\n<h3>Capacidad de carga<\/h3>\n<p>Al dise\u00f1ar el cilindro de la pluma, la capacidad de carga es un factor fundamental. Esta determina el peso m\u00e1ximo que el cilindro puede soportar sin comprometer la seguridad ni el rendimiento. La elecci\u00f3n de los materiales y el dise\u00f1o de ingenier\u00eda reflejar\u00e1n los requisitos de resistencia y estabilidad bajo carga.<\/p>\n<\/li>\n<li>\n<h3>Sellado y prevenci\u00f3n de fugas<\/h3>\n<p>Los mecanismos de sellado eficaces son vitales para prevenir fugas de fluido hidr\u00e1ulico, que pueden reducir la eficiencia y causar riesgos ambientales. Los sellos y juntas de alta calidad fabricados con materiales duraderos son esenciales para garantizar la fiabilidad.<\/p>\n<\/li>\n<li>\n<h3>Durabilidad<\/h3>\n<p>La durabilidad del cilindro de la pluma es crucial, especialmente en entornos hostiles donde la exposici\u00f3n a los elementos puede causar desgaste. Durante la fase de dise\u00f1o se tienen en cuenta factores como la resistencia a la corrosi\u00f3n, la resistencia a la fatiga y la longevidad del material.<\/p>\n<\/li>\n<li>\n<h3>Caracter\u00edsticas de seguridad<\/h3>\n<p>La seguridad es primordial al dise\u00f1ar componentes hidr\u00e1ulicos. La incorporaci\u00f3n de caracter\u00edsticas de seguridad, como v\u00e1lvulas de alivio de presi\u00f3n y una robusta integridad estructural, ayuda a prevenir accidentes y garantiza un funcionamiento seguro durante la elevaci\u00f3n de cargas pesadas y otras tareas exigentes.<\/p>\n<\/li>\n<li>\n<h3>Mantenimiento y reparabilidad<\/h3>\n<p>Dise\u00f1ar para facilitar el mantenimiento tambi\u00e9n es crucial. Los componentes deben ser f\u00e1cilmente accesibles para inspecci\u00f3n, lubricaci\u00f3n y reparaci\u00f3n, minimizando as\u00ed el tiempo de inactividad y mejorando la eficiencia operativa.<\/p>\n<\/li>\n<\/ul>\n<p><img decoding=\"async\" src=\"https:\/\/www.hydraulic-cylinders.net\/wp-content\/uploads\/2025\/04\/songte-oil-pipes-and-spare-parts.webp\" alt=\"Componentes del cilindro hidr\u00e1ulico\"><\/p>\n<h2>Sellado y lubricaci\u00f3n del cilindro de la pluma<\/h2>\n<p>La eficacia del cilindro de la pluma depende en gran medida del uso de diversos sellos, como sellos de pist\u00f3n y de v\u00e1stago, fabricados con materiales como poliuretano y caucho de nitrilo. Estos materiales se seleccionan por su resistencia al desgaste y durabilidad en aplicaciones hidr\u00e1ulicas. El cuerpo del cilindro y las superficies roscadas de los extremos se someten a un mecanizado de precisi\u00f3n para mejorar la resistencia al desgaste y garantizar una larga vida \u00fatil.<\/p>\n<p>Adem\u00e1s, es fundamental a\u00f1adir regularmente la cantidad adecuada de aceite hidr\u00e1ulico para la lubricaci\u00f3n. Una lubricaci\u00f3n adecuada minimiza la fricci\u00f3n entre las piezas m\u00f3viles, reduciendo el desgaste y prolongando as\u00ed la vida \u00fatil del cilindro. Las revisiones y el reabastecimiento regulares del fluido hidr\u00e1ulico son pr\u00e1cticas esenciales que deben seguirse estrictamente para un rendimiento \u00f3ptimo.<\/p>\n<h2>Medidas de mantenimiento preventivo<\/h2>\n<ul>\n<li>\n<h3>Inspecciones peri\u00f3dicas<\/h3>\n<p>Realizar inspecciones peri\u00f3dicas ayuda a detectar el desgaste a tiempo. Cualquier signo de fuga o funcionamiento inusual debe abordarse de inmediato para evitar da\u00f1os mayores.<\/p>\n<\/li>\n<li>\n<h3>Lubricaci\u00f3n adecuada<\/h3>\n<p>Asegurarse de que el cilindro de la pluma est\u00e9 adecuadamente lubricado es vital para su correcto funcionamiento. Revise peri\u00f3dicamente los niveles de l\u00edquido hidr\u00e1ulico y aplique lubricaci\u00f3n seg\u00fan sea necesario para evitar problemas de fricci\u00f3n.<\/p>\n<\/li>\n<li>\n<h3>Reemplazo de sellado<\/h3>\n<p>Los sellos deben revisarse peri\u00f3dicamente para detectar da\u00f1os y reemplazarse seg\u00fan sea necesario. Esto previene fugas de fluido y mantiene la integridad del sistema, esencial para un funcionamiento seguro.<\/p>\n<\/li>\n<\/ul>\n<h2>Instrucciones de instalaci\u00f3n para el cilindro de la pluma<\/h2>\n<p>La correcta instalaci\u00f3n del cilindro de la pluma es vital para un rendimiento \u00f3ptimo. Aseg\u00farese de que las superficies de montaje del cilindro y de la m\u00e1quina est\u00e9n limpias y libres de residuos. Utilice los soportes de montaje adecuados para fijar el cilindro en su lugar, asegur\u00e1ndose de que est\u00e9 correctamente alineado con el sistema hidr\u00e1ulico de la m\u00e1quina. Una desalineaci\u00f3n puede provocar un desgaste prematuro y posibles fallos.<\/p>\n<p>Antes de finalizar la instalaci\u00f3n, verifique que todas las conexiones hidr\u00e1ulicas est\u00e9n seguras y sin fugas. Despu\u00e9s de la instalaci\u00f3n, realice una prueba de presi\u00f3n para garantizar que el sistema funcione dentro del rango de presi\u00f3n designado. Supervise regularmente el rendimiento del cilindro para identificar cualquier problema a tiempo.<\/p>\n<h2>Tareas comunes de mantenimiento<\/h2>\n<ul>\n<li>\n<h3>Inspecciones peri\u00f3dicas<\/h3>\n<p>Realizar inspecciones peri\u00f3dicas es vital para identificar el desgaste y posibles problemas. Busque indicios de da\u00f1os y resu\u00e9lvalos de inmediato para evitar que se agraven.<\/p>\n<\/li>\n<li>\n<h3>Lubricaci\u00f3n adecuada<\/h3>\n<p>La lubricaci\u00f3n regular es esencial para el correcto funcionamiento del cilindro de la pluma. Aseg\u00farese de que el aceite hidr\u00e1ulico est\u00e9 al nivel recomendado y reempl\u00e1celo seg\u00fan los programas de mantenimiento.<\/p>\n<\/li>\n<li>\n<h3>Reemplazo de sellos y controles de calibraci\u00f3n<\/h3>\n<p>Los sellos deben reemplazarse cuando est\u00e9n desgastados o da\u00f1ados para evitar fugas. Adem\u00e1s, las comprobaciones de calibraci\u00f3n garantizan el rendimiento esperado del cilindro, manteniendo as\u00ed su eficiencia operativa.<\/p>\n<\/li>\n<\/ul>\n<p><img decoding=\"async\" src=\"https:\/\/www.hydraulic-cylinders.net\/wp-content\/uploads\/2025\/04\/songte-chushion-collar.webp\" alt=\"Mantenimiento del cilindro de la pluma\"><\/p>\n<h2>Consideraciones de seguridad y factores ambientales<\/h2>\n<p>Al operar y mantener los cilindros de la pluma, las medidas de seguridad son de suma importancia. La capacitaci\u00f3n adecuada del personal que maneja maquinaria hidr\u00e1ulica es esencial para prevenir accidentes. Adem\u00e1s, es crucial estar al tanto de los factores ambientales, como las posibles fugas que podr\u00edan contaminar el suelo y el agua. El uso de fluidos hidr\u00e1ulicos ecol\u00f3gicos tambi\u00e9n puede mitigar el impacto ambiental.<\/p>\n<h2>Diagn\u00f3stico de fallas y problemas comunes<\/h2>\n<ul>\n<li>\n<h3>Fuga de fluido hidr\u00e1ulico<\/h3>\n<p>Las fugas son un problema com\u00fan que puede ocurrir debido a sellos desgastados o componentes da\u00f1ados. Las inspecciones regulares pueden ayudar a detectar estos problemas a tiempo, antes de que provoquen problemas graves.<\/p>\n<\/li>\n<li>\n<h3>Tiempo de respuesta lento<\/h3>\n<p>Si el cilindro de la pluma responde con lentitud, podr\u00eda indicar niveles bajos de fluido hidr\u00e1ulico o da\u00f1os internos. Solucionar estos problemas con prontitud puede restablecer la funcionalidad.<\/p>\n<\/li>\n<li>\n<h3>Ruidos inusuales<\/h3>\n<p>Los ruidos extra\u00f1os durante el funcionamiento pueden indicar desgaste interno o fallos en los componentes. Es fundamental investigar estos problemas para evitar da\u00f1os mayores.<\/p>\n<\/li>\n<\/ul>\n<h2>Consejos y soluciones para la resoluci\u00f3n de problemas<\/h2>\n<p>Para diagnosticar y resolver problemas eficazmente, supervise peri\u00f3dicamente el rendimiento del cilindro de la pluma. Si detecta una fuga de fluido hidr\u00e1ulico, inspeccione las juntas y conexiones para detectar posibles da\u00f1os. Si el tiempo de respuesta es lento, revise los niveles de fluido hidr\u00e1ulico y rell\u00e9nelo seg\u00fan sea necesario. Si se producen ruidos inusuales, detenga la operaci\u00f3n inmediatamente y realice una inspecci\u00f3n exhaustiva para identificar el origen del problema.<\/p>\n<p>La implementaci\u00f3n de medidas preventivas, como el mantenimiento regular y el tratamiento inmediato de los problemas identificados, puede reducir significativamente el riesgo de problemas potenciales y mejorar la vida \u00fatil operativa del cilindro de la pluma.<\/p>\n<p><img decoding=\"async\" src=\"https:\/\/www.hydraulic-cylinders.net\/wp-content\/uploads\/2025\/04\/songte-bushings-with-all-kinds-of-excavator-models.webp\" alt=\"Soluci\u00f3n de problemas del cilindro de la pluma\"><\/p>\n<h2>Acerca de nuestra empresa<\/h2>\n<p>Somos un fabricante l\u00edder de cilindros hidr\u00e1ulicos de repuesto, con una amplia gama de productos que nos ha consolidado como uno de los proveedores l\u00edderes tanto en el mercado nacional como en el internacional. Nuestro compromiso con la excelencia nos impulsa a seguir una estrategia de gesti\u00f3n de la producci\u00f3n industrial centrada en la fabricaci\u00f3n de precisi\u00f3n. Mejoramos continuamente nuestra capacidad de producci\u00f3n mediante tecnolog\u00eda avanzada, personal cualificado y rigurosos sistemas de control de calidad. Esto garantiza que satisfagamos las diversas necesidades de nuestros clientes con eficiencia y eficacia.<\/p>\n<p>Nuestra experiencia profesional est\u00e1 avalada por certificaciones internacionales, lo que nos permite ofrecer servicios personalizados seg\u00fan las especificaciones del cliente. Utilizamos equipos de fabricaci\u00f3n de \u00faltima generaci\u00f3n para garantizar la alta eficiencia, precisi\u00f3n y calidad de nuestros productos. Nuestro dedicado servicio posventa consolida a\u00fan m\u00e1s nuestra reputaci\u00f3n, garantizando la satisfacci\u00f3n del cliente y la fiabilidad del producto.<\/p>\n<p><img decoding=\"async\" src=\"https:\/\/www.hydraulic-cylinders.net\/wp-content\/uploads\/2025\/04\/songte-company-4.webp\" alt=\"Descripci\u00f3n general de la empresa\"><br \/>\n<img decoding=\"async\" src=\"https:\/\/www.hydraulic-cylinders.net\/wp-content\/uploads\/2025\/04\/songte-company-3.webp\" alt=\"Excelencia en la fabricaci\u00f3n\"><\/p>\n<p>Autor: lyl<\/p>","protected":false},"excerpt":{"rendered":"<p>Boom Cylinder For Bonny CED260-6 Introduction to Boom Cylinder The Boom Cylinder is an essential hydraulic component designed specifically for controlling the movement of buckets in various heavy machinery, such as excavators, backhoe loaders, and front-end loaders. These cylinders enable the bucket to lift, lower, and tilt, facilitating material handling tasks efficiently. The bucket cylinder [&hellip;]<\/p>","protected":false},"featured_media":17875,"comment_status":"open","ping_status":"closed","template":"","meta":{"_et_pb_use_builder":"","_et_pb_old_content":"","_et_gb_content_width":""},"product_brand":[],"product_cat":[1546],"product_tag":[1547,1496],"class_list":{"0":"post-19657","1":"product","2":"type-product","3":"status-publish","4":"has-post-thumbnail","6":"product_cat-boom-cylinders","7":"product_tag-boom-cylinders","8":"product_tag-hydraulic-cylinders","10":"first","11":"instock","12":"shipping-taxable","13":"product-type-simple"},"amp_enabled":true,"_links":{"self":[{"href":"https:\/\/www.hydraulic-cylinders.net\/es\/wp-json\/wp\/v2\/product\/19657","targetHints":{"allow":["GET"]}}],"collection":[{"href":"https:\/\/www.hydraulic-cylinders.net\/es\/wp-json\/wp\/v2\/product"}],"about":[{"href":"https:\/\/www.hydraulic-cylinders.net\/es\/wp-json\/wp\/v2\/types\/product"}],"replies":[{"embeddable":true,"href":"https:\/\/www.hydraulic-cylinders.net\/es\/wp-json\/wp\/v2\/comments?post=19657"}],"wp:featuredmedia":[{"embeddable":true,"href":"https:\/\/www.hydraulic-cylinders.net\/es\/wp-json\/wp\/v2\/media\/17875"}],"wp:attachment":[{"href":"https:\/\/www.hydraulic-cylinders.net\/es\/wp-json\/wp\/v2\/media?parent=19657"}],"wp:term":[{"taxonomy":"product_brand","embeddable":true,"href":"https:\/\/www.hydraulic-cylinders.net\/es\/wp-json\/wp\/v2\/product_brand?post=19657"},{"taxonomy":"product_cat","embeddable":true,"href":"https:\/\/www.hydraulic-cylinders.net\/es\/wp-json\/wp\/v2\/product_cat?post=19657"},{"taxonomy":"product_tag","embeddable":true,"href":"https:\/\/www.hydraulic-cylinders.net\/es\/wp-json\/wp\/v2\/product_tag?post=19657"}],"curies":[{"name":"wp","href":"https:\/\/api.w.org\/{rel}","templated":true}]}}