{"id":19658,"date":"2025-04-07T07:00:10","date_gmt":"2025-04-07T07:00:10","guid":{"rendered":"https:\/\/www.hydraulic-cylinders.net\/product\/boom-cylinder-for-bonny-wzy42-7\/"},"modified":"2025-04-07T07:00:13","modified_gmt":"2025-04-07T07:00:13","slug":"boom-cylinder-for-bonny-wzy42-7","status":"publish","type":"product","link":"https:\/\/www.hydraulic-cylinders.net\/es\/producto\/boom-cylinder-for-bonny-wzy42-7\/","title":{"rendered":"Cilindro de pluma para Bonny WZY42-7"},"content":{"rendered":"<h1>Cilindro de pluma para Bonny WZY42-7<\/h1>\n<h2>Descripci\u00f3n general del producto<\/h2>\n<p>El cilindro de pluma para Bonny WZY42-7 es un cilindro hidr\u00e1ulico especializado, dise\u00f1ado para controlar el movimiento de cucharones de maquinaria pesada, como los de excavadoras, retroexcavadoras y cargadoras frontales. Los cilindros de cuchar\u00f3n permiten elevar, bajar e inclinar los cucharones, facilitando la manipulaci\u00f3n eficiente de materiales. Estos cilindros hidr\u00e1ulicos son componentes vitales de los sistemas hidr\u00e1ulicos, ya que convierten la energ\u00eda hidr\u00e1ulica en movimiento mec\u00e1nico.<\/p>\n<p><img decoding=\"async\" src=\"https:\/\/www.hydraulic-cylinders.net\/wp-content\/uploads\/2025\/04\/songte-company-1.webp\" alt=\"Cilindro de la pluma\"><\/p>\n<h3>Definici\u00f3n y descripci\u00f3n general<\/h3>\n<p>Un cilindro de cuchar\u00f3n es un tipo de cilindro hidr\u00e1ulico que se utiliza espec\u00edficamente en diversas m\u00e1quinas pesadas para permitir un control preciso del movimiento de los cucharones. Estos cilindros desempe\u00f1an un papel crucial en un sistema hidr\u00e1ulico, ya que utilizan fluido hidr\u00e1ulico para generar fuerza y \u200b\u200bmovimiento. En el contexto de la construcci\u00f3n y la agricultura, el correcto funcionamiento de los cilindros de la pluma es esencial para tareas como excavar, levantar y mover materiales. Esto garantiza que las m\u00e1quinas puedan operar eficazmente bajo altas tensiones y cargas pesadas.<\/p>\n<h2>Caracter\u00edsticas del cilindro de la pluma<\/h2>\n<ul>\n<li><strong>Alta resistencia y durabilidad:<\/strong> Estos cilindros, generalmente fabricados con acero o aluminio de alta resistencia, pueden soportar presiones intensas y cargas pesadas, lo que los hace adecuados para duras condiciones de trabajo.<\/li>\n<li><strong>Operaci\u00f3n hidr\u00e1ulica eficiente:<\/strong> El cilindro de la pluma utiliza presi\u00f3n de fluido hidr\u00e1ulico para lograr una extensi\u00f3n y retracci\u00f3n suaves, lo que permite respuestas r\u00e1pidas a los comandos de control, lo que es ideal para tareas operativas pesadas y complejas.<\/li>\n<li><strong>Diversos tipos:<\/strong> Disponible en configuraciones de acci\u00f3n simple (acci\u00f3n hidr\u00e1ulica en una direcci\u00f3n) o de doble acci\u00f3n (acci\u00f3n hidr\u00e1ulica en ambas direcciones), con algunos modelos con dise\u00f1os telesc\u00f3picos para un mayor alcance sin aumentar las dimensiones externas.<\/li>\n<li><strong>Mayor resistencia al desgaste:<\/strong> Dise\u00f1ado para soportar la abrasi\u00f3n y la corrosi\u00f3n, lo que contribuye a una vida \u00fatil m\u00e1s larga y menores necesidades de mantenimiento.<\/li>\n<li><strong>Opciones personalizables:<\/strong> Especificaciones personalizadas para satisfacer necesidades y preferencias operativas espec\u00edficas, garantizando un rendimiento \u00f3ptimo en diversas aplicaciones.<\/li>\n<\/ul>\n<p>Podemos fabricar este producto y nuestros productos pueden reemplazar perfectamente estos cilindros hidr\u00e1ulicos.<\/p>\n<p><img decoding=\"async\" src=\"https:\/\/www.hydraulic-cylinders.net\/wp-content\/uploads\/2025\/04\/songte-cylinder-head-with-all-kinds-excavator-models.webp\" alt=\"Modelos de excavadoras\"><\/p>\n<h2>Escenarios de aplicaci\u00f3n<\/h2>\n<h3>Equipos de construcci\u00f3n<\/h3>\n<p>En las excavadoras, los cilindros de la pluma son fundamentales para excavar, cargar y mover tierra o escombros. Proporcionan la fuerza necesaria para penetrar el suelo y reubicar los materiales eficientemente. Sin un cilindro de la pluma en buen estado, el rendimiento de la excavadora se ver\u00eda gravemente limitado, lo que resultar\u00eda en un aumento de los plazos de los proyectos y de los costos operativos.<\/p>\n<h3>Maquinaria agr\u00edcola<\/h3>\n<p>En las cargadoras frontales, los cilindros de la pluma facilitan la recolecci\u00f3n, elevaci\u00f3n y transporte de tierra, heno y otros materiales. Son vitales para operaciones como la carga de camiones o el traslado de materiales a diferentes sitios, garantizando as\u00ed la productividad en las pr\u00e1cticas agr\u00edcolas.<\/p>\n<h3>excavadoras<\/h3>\n<p>El cilindro de la pluma permite que la cuchara penetre en el suelo, realizando as\u00ed excavaciones eficaces. Esta capacidad es esencial para alcanzar profundidades precisas y mover grandes cantidades de tierra, algo crucial en proyectos de construcci\u00f3n y paisajismo.<\/p>\n<h3>Cargadores<\/h3>\n<p>En las cargadoras frontales, los cilindros de la pluma ayudan a elevar y descargar cargas eficientemente. Mejoran la capacidad de la m\u00e1quina para transportar materiales pesados, garantizando la finalizaci\u00f3n eficaz de las tareas y optimizando el flujo de trabajo en diversas operaciones.<\/p>\n<h2>Consideraciones de dise\u00f1o<\/h2>\n<h3>Capacidad de carga<\/h3>\n<p>La capacidad de carga de un cilindro de pluma es crucial para garantizar que pueda soportar el peso y la tensi\u00f3n de los materiales manipulados. Mayores capacidades de carga permiten una mayor versatilidad en las operaciones, permitiendo la manipulaci\u00f3n de cargas m\u00e1s grandes y pesadas sin riesgo de da\u00f1os o fallos en el sistema hidr\u00e1ulico.<\/p>\n<h3>Caza de focas<\/h3>\n<p>Un sellado eficaz es esencial para evitar fugas de fluido hidr\u00e1ulico, que pueden comprometer tanto el rendimiento como la seguridad. Se deben utilizar sellos de alta calidad para mantener la presi\u00f3n dentro del cilindro y garantizar un funcionamiento eficiente, reduciendo as\u00ed el riesgo de p\u00e9rdida y contaminaci\u00f3n del fluido hidr\u00e1ulico.<\/p>\n<h3>Durabilidad<\/h3>\n<p>La durabilidad es un factor importante en el dise\u00f1o de los cilindros de las plumas, ya que se someten frecuentemente a condiciones adversas. Se emplean materiales y recubrimientos resistentes al desgaste y la corrosi\u00f3n para prolongar su vida \u00fatil y reducir las necesidades de mantenimiento, lo que a su vez se traduce en menores costos operativos.<\/p>\n<h3>Seguridad<\/h3>\n<p>Se deben integrar caracter\u00edsticas de seguridad en el dise\u00f1o para proteger a los operadores y transe\u00fantes durante la operaci\u00f3n. Esto incluye mecanismos que eviten movimientos inesperados y proporcionen indicadores visuales claros del estado del cilindro para evitar accidentes.<\/p>\n<h3>Mantenibilidad<\/h3>\n<p>El dise\u00f1o de los cilindros de la pluma para facilitar su mantenimiento garantiza un servicio r\u00e1pido y eficiente. Esto incluye el acceso a componentes cr\u00edticos para su inspecci\u00f3n, lubricaci\u00f3n y sustituci\u00f3n, minimizando as\u00ed el tiempo de inactividad y mejorando la fiabilidad general de la maquinaria.<\/p>\n<p><img decoding=\"async\" src=\"https:\/\/www.hydraulic-cylinders.net\/wp-content\/uploads\/2025\/04\/songte-oil-pipes-and-spare-parts.webp\" alt=\"Tuber\u00edas de aceite y repuestos\"><\/p>\n<h2>Sellado y lubricaci\u00f3n<\/h2>\n<p>El sellado y la lubricaci\u00f3n eficaces del cilindro de la pluma son fundamentales para su rendimiento y longevidad. Diversos componentes de sellado, como los sellos de pist\u00f3n y de v\u00e1stago, contribuyen a mantener la presi\u00f3n hidr\u00e1ulica y prevenir fugas de fluido. La selecci\u00f3n de sellos fabricados con materiales resistentes al desgaste, como poliuretano y caucho de nitrilo, aumenta la durabilidad y reduce la frecuencia de reemplazos.<\/p>\n<p>Adem\u00e1s, el cuerpo del cilindro y las superficies roscadas de los extremos deben someterse a un procesamiento fino para mejorar la resistencia al desgaste y garantizar una mayor vida \u00fatil. Es fundamental a\u00f1adir regularmente la cantidad correcta de aceite hidr\u00e1ulico para la lubricaci\u00f3n, ya que reduce la fricci\u00f3n entre las piezas m\u00f3viles y, por consiguiente, mejora la eficiencia operativa.<\/p>\n<h2>Medidas de mantenimiento preventivo<\/h2>\n<ul>\n<li><strong>Inspecciones regulares:<\/strong> Programe revisiones rutinarias para detectar signos de desgaste, da\u00f1os o fugas. Las evaluaciones regulares ayudan a identificar posibles problemas antes de que se agraven, garantizando as\u00ed el correcto funcionamiento del cilindro de la pluma.<\/li>\n<li><strong>Lubricaci\u00f3n adecuada:<\/strong> Aseg\u00farese de que los niveles de aceite hidr\u00e1ulico sean adecuados y de que el aceite utilizado cumpla con las especificaciones del fabricante. Una lubricaci\u00f3n adecuada minimiza la fricci\u00f3n, prolonga la vida \u00fatil de los componentes y mantiene un funcionamiento eficaz.<\/li>\n<li><strong>Reemplazos de sellos:<\/strong> Inspeccione regularmente los sellos y reempl\u00e1celos seg\u00fan sea necesario para evitar fugas y mantener la presi\u00f3n hidr\u00e1ulica. El reemplazo oportuno de los sellos garantiza un rendimiento \u00f3ptimo y previene fallas costosas.<\/li>\n<\/ul>\n<h2>Instrucciones de instalaci\u00f3n<\/h2>\n<p>La correcta instalaci\u00f3n del cilindro de la pluma es esencial para su funcionamiento eficaz. Aseg\u00farese de que todos los componentes est\u00e9n limpios y libres de residuos antes del montaje. Alinee el cilindro correctamente para evitar que se atasque durante el funcionamiento. Se recomienda utilizar soportes de montaje adecuados para fijar el cilindro en su lugar, garantizando as\u00ed la estabilidad y minimizando las vibraciones.<\/p>\n<p>Conecte con cuidado las l\u00edneas hidr\u00e1ulicas, asegur\u00e1ndose de no apretar demasiado las conexiones, ya que esto podr\u00eda causar da\u00f1os. Pruebe el sistema para detectar fugas despu\u00e9s de la instalaci\u00f3n y realice una revisi\u00f3n operativa exhaustiva para confirmar que el cilindro funciona correctamente. Seguir estas pautas ayudar\u00e1 a garantizar una larga vida \u00fatil y un rendimiento eficiente del cilindro de la pluma.<\/p>\n<h2>Tareas comunes de mantenimiento<\/h2>\n<h3>Controles regulares<\/h3>\n<p>Las inspecciones peri\u00f3dicas son vitales para identificar puntos de desgaste o posibles fallos. Esto incluye la comprobaci\u00f3n de fugas, ruidos inusuales o cambios en el rendimiento. Establecer un programa de mantenimiento rutinario permite intervenciones oportunas, evitando aver\u00edas inesperadas y prolongando la vida \u00fatil de la maquinaria.<\/p>\n<h3>Lubricaci\u00f3n adecuada<\/h3>\n<p>Asegurarse de que el cilindro de la pluma est\u00e9 adecuadamente lubricado es crucial para mantener su rendimiento. Revise y rellene regularmente el aceite hidr\u00e1ulico, siguiendo las especificaciones del fabricante. Una lubricaci\u00f3n adecuada reduce la fricci\u00f3n, mejora la eficiencia y minimiza el desgaste de los componentes, prolongando as\u00ed la vida \u00fatil del cilindro de la pluma.<\/p>\n<h3>Reemplazo y calibraci\u00f3n de sellos<\/h3>\n<p>El reemplazo regular de los sellos es esencial para mantener la presi\u00f3n hidr\u00e1ulica y prevenir fugas. Supervise el estado de los sellos y reempl\u00e1celos ante la primera se\u00f1al de deterioro. Adem\u00e1s, calibrar el sistema hidr\u00e1ulico garantiza un rendimiento \u00f3ptimo y precisi\u00f3n en las operaciones, lo cual es vital para tareas que requieren precisi\u00f3n.<\/p>\n<p><img decoding=\"async\" src=\"https:\/\/www.hydraulic-cylinders.net\/wp-content\/uploads\/2025\/04\/songte-chushion-collar.webp\" alt=\"Cuello acolchado\"><\/p>\n<h2>Consideraciones de seguridad<\/h2>\n<p>Al trabajar con sistemas hidr\u00e1ulicos, las medidas de seguridad son primordiales. Una capacitaci\u00f3n adecuada sobre el uso de los cilindros de la pluma es esencial para evitar accidentes. Utilice siempre el equipo de protecci\u00f3n personal (EPP) adecuado y aseg\u00farese de que el \u00e1rea de trabajo est\u00e9 libre de peligros. Establecer protocolos de seguridad y procedimientos de emergencia puede mitigar significativamente los riesgos asociados con la operaci\u00f3n de equipos hidr\u00e1ulicos.<\/p>\n<h2>Diagn\u00f3stico de fallas y problemas comunes<\/h2>\n<ul>\n<li><strong>Fuga:<\/strong> La presencia de fluido hidr\u00e1ulico fuera del cilindro puede indicar una falla en el sello. Las revisiones peri\u00f3dicas pueden ayudar a identificar problemas a tiempo, reduciendo la p\u00e9rdida de fluido.<\/li>\n<li><strong>Rendimiento reducido:<\/strong> Si el cilindro no responde como se espera, verifique los niveles de l\u00edquido hidr\u00e1ulico e inspeccione si hay bloqueos en las l\u00edneas hidr\u00e1ulicas.<\/li>\n<li><strong>Ruidos inusuales:<\/strong> Los ruidos de rechinamiento o traqueteo pueden indicar problemas mec\u00e1nicos o falta de lubricaci\u00f3n. Investigue y solucione estos ruidos de inmediato para evitar da\u00f1os mayores.<\/li>\n<\/ul>\n<h2>Consejos para la soluci\u00f3n de problemas<\/h2>\n<p>Para diagnosticar y resolver eficazmente los problemas con el cilindro de la pluma, comience por realizar una inspecci\u00f3n exhaustiva de todos los componentes. Compruebe si hay signos visibles de desgaste o da\u00f1os y aseg\u00farese de que los niveles de l\u00edquido hidr\u00e1ulico sean adecuados. Si detecta fugas, reemplace los sellos seg\u00fan sea necesario y compruebe que las conexiones de las l\u00edneas hidr\u00e1ulicas sean correctas. Al implementar medidas preventivas, como el mantenimiento regular y las reparaciones oportunas, los operadores pueden minimizar el riesgo de fallos graves y prolongar la vida \u00fatil de sus sistemas hidr\u00e1ulicos.<\/p>\n<p><img decoding=\"async\" src=\"https:\/\/www.hydraulic-cylinders.net\/wp-content\/uploads\/2025\/04\/songte-bushings-with-all-kinds-of-excavator-models.webp\" alt=\"Bujes con modelos de excavadora\"><\/p>\n<h2>Acerca de nuestra empresa<\/h2>\n<p>Somos un fabricante l\u00edder de cilindros hidr\u00e1ulicos, especializado en soluciones de repuesto para diversas aplicaciones. Nuestra amplia gama de productos nos ha posicionado como uno de los principales fabricantes y mayoristas tanto en el mercado nacional como en el internacional. Nos esforzamos por alcanzar la excelencia en la calidad y aplicamos una estrategia de gesti\u00f3n de fabricaci\u00f3n rigurosa.<\/p>\n<p>Nuestra empresa mejora continuamente sus capacidades de fabricaci\u00f3n mediante t\u00e9cnicos cualificados, equipos de fabricaci\u00f3n digital de alta gama y sistemas de pruebas profesionales. Con un fuerte \u00e9nfasis en la eficiencia, la precisi\u00f3n y la calidad, nos comprometemos a satisfacer las diversas necesidades de nuestros clientes, garantizando al mismo tiempo la m\u00e1xima fiabilidad de nuestros productos.<\/p>\n<p><img decoding=\"async\" src=\"https:\/\/www.hydraulic-cylinders.net\/wp-content\/uploads\/2025\/04\/songte-company-4.webp\" alt=\"Descripci\u00f3n general de la empresa\"><br \/>\n<img decoding=\"async\" src=\"https:\/\/www.hydraulic-cylinders.net\/wp-content\/uploads\/2025\/04\/songte-company-3.webp\" alt=\"Instalaciones de la empresa\"><\/p>\n<p>Autor: lyl<\/p>","protected":false},"excerpt":{"rendered":"<p>Boom Cylinder For Bonny WZY42-7 Product Overview The Boom Cylinder for Bonny WZY42-7 is a specialized hydraulic cylinder designed to control the movement of heavy machinery buckets, such as those found in excavators, backhoe loaders, and front loaders. Bucket cylinders allow for the lifting, lowering, and tilting of buckets, facilitating efficient material handling tasks. These [&hellip;]<\/p>","protected":false},"featured_media":17876,"comment_status":"open","ping_status":"closed","template":"","meta":{"_et_pb_use_builder":"","_et_pb_old_content":"","_et_gb_content_width":""},"product_brand":[],"product_cat":[1546],"product_tag":[1547,1496],"class_list":{"0":"post-19658","1":"product","2":"type-product","3":"status-publish","4":"has-post-thumbnail","6":"product_cat-boom-cylinders","7":"product_tag-boom-cylinders","8":"product_tag-hydraulic-cylinders","10":"first","11":"instock","12":"shipping-taxable","13":"product-type-simple"},"amp_enabled":true,"_links":{"self":[{"href":"https:\/\/www.hydraulic-cylinders.net\/es\/wp-json\/wp\/v2\/product\/19658","targetHints":{"allow":["GET"]}}],"collection":[{"href":"https:\/\/www.hydraulic-cylinders.net\/es\/wp-json\/wp\/v2\/product"}],"about":[{"href":"https:\/\/www.hydraulic-cylinders.net\/es\/wp-json\/wp\/v2\/types\/product"}],"replies":[{"embeddable":true,"href":"https:\/\/www.hydraulic-cylinders.net\/es\/wp-json\/wp\/v2\/comments?post=19658"}],"wp:featuredmedia":[{"embeddable":true,"href":"https:\/\/www.hydraulic-cylinders.net\/es\/wp-json\/wp\/v2\/media\/17876"}],"wp:attachment":[{"href":"https:\/\/www.hydraulic-cylinders.net\/es\/wp-json\/wp\/v2\/media?parent=19658"}],"wp:term":[{"taxonomy":"product_brand","embeddable":true,"href":"https:\/\/www.hydraulic-cylinders.net\/es\/wp-json\/wp\/v2\/product_brand?post=19658"},{"taxonomy":"product_cat","embeddable":true,"href":"https:\/\/www.hydraulic-cylinders.net\/es\/wp-json\/wp\/v2\/product_cat?post=19658"},{"taxonomy":"product_tag","embeddable":true,"href":"https:\/\/www.hydraulic-cylinders.net\/es\/wp-json\/wp\/v2\/product_tag?post=19658"}],"curies":[{"name":"wp","href":"https:\/\/api.w.org\/{rel}","templated":true}]}}