{"id":19667,"date":"2025-04-07T07:00:36","date_gmt":"2025-04-07T07:00:36","guid":{"rendered":"https:\/\/www.hydraulic-cylinders.net\/product\/boom-cylinder-for-nhig-2306lc\/"},"modified":"2025-04-07T07:00:38","modified_gmt":"2025-04-07T07:00:38","slug":"boom-cylinder-for-nhig-2306lc","status":"publish","type":"product","link":"https:\/\/www.hydraulic-cylinders.net\/es\/producto\/boom-cylinder-for-nhig-2306lc\/","title":{"rendered":"Cilindro de pluma para NHIG 2306LC"},"content":{"rendered":"<h1>Cilindro de pluma para NHIG 2306LC<\/h1>\n<h2>Descripci\u00f3n general del producto<\/h2>\n<p>El cilindro de pluma para NHIG 2306LC es un cilindro hidr\u00e1ulico especializado dise\u00f1ado para maquinaria pesada, en particular excavadoras, retroexcavadoras y cargadoras frontales. Este tipo de cilindro hidr\u00e1ulico controla el movimiento del cuchar\u00f3n, permiti\u00e9ndole elevarlo, descenderlo e inclinarlo con eficiencia. El cilindro de pluma desempe\u00f1a un papel crucial en los sistemas hidr\u00e1ulicos, proporcionando la fuerza necesaria para realizar diversas tareas de manipulaci\u00f3n de materiales. Mediante la presi\u00f3n del fluido hidr\u00e1ulico, estos cilindros pueden ejecutar los movimientos precisos requeridos para excavar, elevar y transportar cargas pesadas. Este cilindro hidr\u00e1ulico es esencial para optimizar el rendimiento en maquinaria de construcci\u00f3n y agr\u00edcola.<\/p>\n<p><img decoding=\"async\" src=\"https:\/\/www.hydraulic-cylinders.net\/wp-content\/uploads\/2025\/04\/songte-company-1.webp\" alt=\"Imagen del cilindro de la pluma\"><\/p>\n<h2>Caracter\u00edsticas del cilindro de la pluma<\/h2>\n<ul>\n<li><strong>Alta resistencia y durabilidad:<\/strong> Fabricado en acero o aluminio de alta resistencia, este cilindro est\u00e1 dise\u00f1ado para soportar altas presiones y cargas pesadas, lo que lo hace adecuado para entornos de trabajo exigentes.<\/li>\n<li><strong>Operaci\u00f3n hidr\u00e1ulica eficiente:<\/strong> Utiliza la presi\u00f3n del aceite hidr\u00e1ulico para una extensi\u00f3n y retracci\u00f3n suaves y sensibles, proporcionando una potente fuerza de empuje y tracci\u00f3n, ideal para manejar tareas pesadas y complejas.<\/li>\n<li><strong>Diversos tipos:<\/strong> Disponibles en versiones de simple efecto (funcionamiento en una direcci\u00f3n) o de doble efecto (funcionamiento en ambas direcciones) para satisfacer diversas necesidades operativas. Algunos modelos cuentan con un dise\u00f1o telesc\u00f3pico que permite una mayor extensi\u00f3n sin aumentar las dimensiones externas, lo que los hace ideales para aplicaciones con espacio limitado.<\/li>\n<\/ul>\n<h2>Nuestra capacidad de producci\u00f3n<\/h2>\n<p>Fabricamos este producto con orgullo, asegurando que nuestros cilindros puedan reemplazar perfectamente a los cilindros hidr\u00e1ulicos existentes en el mercado.<\/p>\n<p><img decoding=\"async\" src=\"https:\/\/www.hydraulic-cylinders.net\/wp-content\/uploads\/2025\/04\/songte-cylinder-head-with-all-kinds-excavator-models.webp\" alt=\"Imagen de producci\u00f3n de cilindros\"><\/p>\n<h2>Escenarios de aplicaci\u00f3n<\/h2>\n<h3>Equipos de construcci\u00f3n<\/h3>\n<p>En las excavadoras, el cilindro de la pluma es fundamental para excavar, cargar y mover tierra o escombros. Estos cilindros proporcionan la fuerza necesaria para penetrar el terreno, facilitando una excavaci\u00f3n eficiente. En las retroexcavadoras, el cilindro del cuchar\u00f3n ayuda tanto en la excavaci\u00f3n como en la elevaci\u00f3n, lo que aumenta la versatilidad de la m\u00e1quina para diversas tareas de construcci\u00f3n.<\/p>\n<h3>Maquinaria agr\u00edcola<\/h3>\n<p>En las cargadoras frontales, el cilindro de la pluma es fundamental para recoger, levantar y transportar tierra, heno y otros materiales. Su fiabilidad y resistencia lo convierten en un componente esencial en las labores agr\u00edcolas, donde se requiere una manipulaci\u00f3n eficiente de los materiales.<\/p>\n<h3>excavadoras<\/h3>\n<p>Las excavadoras utilizan cilindros hidr\u00e1ulicos en la pluma para que el cuchar\u00f3n penetre eficazmente en el terreno, lo que permite realizar excavaciones profundas. La precisi\u00f3n y el control que proporcionan estos cilindros hidr\u00e1ulicos son fundamentales para el \u00e9xito de las tareas de excavaci\u00f3n.<\/p>\n<h3>Cargadores<\/h3>\n<p>En las cargadoras frontales, los cilindros de la pluma ayudan a levantar y descargar cargas de forma eficiente. Su gran capacidad de elevaci\u00f3n garantiza que los materiales se puedan mover y depositar eficazmente donde se necesiten.<\/p>\n<h2>Consideraciones de dise\u00f1o y criterios de selecci\u00f3n<\/h2>\n<h3>Capacidad de carga<\/h3>\n<p>Al seleccionar un cilindro para pluma, la capacidad de carga es fundamental. Esta determina el peso m\u00e1ximo que el cilindro puede soportar con seguridad sin fallar. Est\u00e1 influenciada por el material de fabricaci\u00f3n, el di\u00e1metro del cilindro y la presi\u00f3n hidr\u00e1ulica a la que opera. Un cilindro bien dise\u00f1ado debe tener una capacidad de carga que supere la carga m\u00e1xima prevista durante el funcionamiento para garantizar la seguridad y la fiabilidad.<\/p>\n<h3>Rendimiento de sellado<\/h3>\n<p>Un sellado eficaz es esencial para prevenir fugas de fluido hidr\u00e1ulico y garantizar el funcionamiento eficiente del cilindro. La selecci\u00f3n de juntas de alta calidad, como las de pist\u00f3n y v\u00e1stago, fabricadas con materiales duraderos como poliuretano o caucho de nitrilo, es crucial. Un sellado adecuado prolonga la vida \u00fatil del cilindro y mantiene la eficiencia operativa al minimizar la p\u00e9rdida de fluido.<\/p>\n<h3>Durabilidad<\/h3>\n<p>La durabilidad de un cilindro de pluma depende de sus materiales de construcci\u00f3n y la calidad de su fabricaci\u00f3n. Los materiales de alta resistencia que soportan el desgaste son esenciales para un rendimiento a largo plazo. Adem\u00e1s, los tratamientos y recubrimientos superficiales mejoran la resistencia a la corrosi\u00f3n y la abrasi\u00f3n, prolongando a\u00fan m\u00e1s la vida \u00fatil del cilindro.<\/p>\n<h3>Caracter\u00edsticas de seguridad<\/h3>\n<p>La seguridad es primordial en el dise\u00f1o de cilindros hidr\u00e1ulicos. Elementos como las v\u00e1lvulas de alivio de presi\u00f3n y los mecanismos de parada de seguridad previenen sobrecargas, garantizando que el equipo funcione dentro de l\u00edmites seguros. Estas medidas de seguridad protegen tanto la maquinaria como al operario de los posibles riesgos asociados a fallos hidr\u00e1ulicos.<\/p>\n<h3>Accesibilidad de mantenimiento<\/h3>\n<p>Dise\u00f1ar un cilindro de pluma teniendo en cuenta el mantenimiento es fundamental para garantizar su durabilidad y rendimiento. Las caracter\u00edsticas que permiten un f\u00e1cil acceso a las juntas y otros componentes simplifican el mantenimiento rutinario, reduciendo el tiempo de inactividad y los costes de reparaci\u00f3n. La posibilidad de realizar comprobaciones y mantenimiento peri\u00f3dicos mejorar\u00e1 significativamente el rendimiento y la fiabilidad del cilindro a lo largo del tiempo.<\/p>\n<p><img decoding=\"async\" src=\"https:\/\/www.hydraulic-cylinders.net\/wp-content\/uploads\/2025\/04\/songte-oil-pipes-and-spare-parts.webp\" alt=\"Imagen de piezas hidr\u00e1ulicas\"><\/p>\n<h2>Sellado y lubricaci\u00f3n<\/h2>\n<p>La eficacia de los cilindros hidr\u00e1ulicos depende en gran medida de sus sistemas de sellado y lubricaci\u00f3n. Diversos componentes de sellado, como las juntas del pist\u00f3n y del v\u00e1stago, se utilizan para mantener la presi\u00f3n hidr\u00e1ulica y evitar fugas. La elecci\u00f3n de juntas fabricadas con materiales resistentes al desgaste, como el poliuretano y el caucho de nitrilo, es fundamental para un rendimiento \u00f3ptimo. Adem\u00e1s, el cuerpo del cilindro y los extremos roscados se someten a un mecanizado de precisi\u00f3n para mejorar su resistencia al desgaste.<\/p>\n<p>La lubricaci\u00f3n regular es fundamental para el buen funcionamiento del cilindro. Esto implica a\u00f1adir peri\u00f3dicamente el aceite hidr\u00e1ulico adecuado para garantizar un funcionamiento suave y reducir la fricci\u00f3n entre las piezas m\u00f3viles. Una lubricaci\u00f3n correcta prolonga la vida \u00fatil de las juntas y evita el desgaste prematuro, lo que contribuye a la fiabilidad general del sistema hidr\u00e1ulico.<\/p>\n<h2>Inspecci\u00f3n regular y mantenimiento preventivo<\/h2>\n<ul>\n<li><strong>Inspecciones visuales:<\/strong> Las inspecciones visuales peri\u00f3dicas ayudan a identificar cualquier signo de desgaste, fugas o da\u00f1os. Los operarios deben estar capacitados para reconocer a tiempo posibles problemas, como juntas desgastadas o fugas de fluidos, y as\u00ed solucionarlos de inmediato.<\/li>\n<li><strong>Programa de lubricaci\u00f3n:<\/strong> Establecer un programa de lubricaci\u00f3n rutinario es esencial para mantener el rendimiento del cilindro. Los operarios deben seguir las recomendaciones del fabricante en cuanto a intervalos y cantidades de lubricaci\u00f3n, asegurando que todas las piezas m\u00f3viles est\u00e9n adecuadamente lubricadas para reducir la fricci\u00f3n y el desgaste.<\/li>\n<li><strong>Reemplazo del sello:<\/strong> La inspecci\u00f3n y sustituci\u00f3n peri\u00f3dica de las juntas, seg\u00fan sea necesario, es fundamental para mantener la presi\u00f3n hidr\u00e1ulica y prevenir fugas. Los operarios deben conocer las se\u00f1ales que indican cu\u00e1ndo es necesario sustituir las juntas para garantizar el funcionamiento eficaz del cilindro.<\/li>\n<\/ul>\n<h2>Instrucciones de instalaci\u00f3n<\/h2>\n<p>La correcta instalaci\u00f3n de los cilindros de la pluma es esencial para un funcionamiento seguro y eficaz. Aseg\u00farese de que el cilindro est\u00e9 alineado correctamente con los puntos de montaje para evitar tensiones excesivas y posibles fallos. Utilice soportes de montaje adecuados para fijar el cilindro firmemente en su lugar. Durante la instalaci\u00f3n, aseg\u00farese de que todas las l\u00edneas hidr\u00e1ulicas est\u00e9n conectadas correctamente, sin dobleces ni obstrucciones que puedan impedir el flujo del fluido.<\/p>\n<p>Tambi\u00e9n es fundamental purgar el sistema hidr\u00e1ulico de cualquier burbuja de aire que pueda formarse durante la instalaci\u00f3n, ya que el aire atrapado puede afectar al rendimiento del cilindro. Tras la instalaci\u00f3n, realice una prueba de funcionamiento para asegurarse de que el cilindro funciona correctamente y responde con precisi\u00f3n a las \u00f3rdenes de control. Compruebe peri\u00f3dicamente que no haya fugas alrededor de las conexiones y juntas despu\u00e9s de la instalaci\u00f3n para garantizar la integridad del sistema hidr\u00e1ulico.<\/p>\n<h2>Tareas comunes de mantenimiento<\/h2>\n<ul>\n<li><strong>Inspecciones regulares:<\/strong> Realizar inspecciones rutinarias del cilindro de la pluma ayuda a identificar problemas antes de que se agraven. Compruebe si hay fugas, desgaste o signos de da\u00f1os para mantener la eficiencia operativa.<\/li>\n<li><strong>Lubricaci\u00f3n adecuada:<\/strong> Mantener el cilindro bien lubricado es esencial para un funcionamiento correcto. Siga las instrucciones del fabricante sobre el tipo y la frecuencia de lubricaci\u00f3n para evitar la fricci\u00f3n y el desgaste.<\/li>\n<li><strong>Reemplazo del sello:<\/strong> Controle peri\u00f3dicamente el estado de las juntas. Si observa signos de desgaste o deterioro, sustit\u00fayalas de inmediato para evitar fugas de fluido hidr\u00e1ulico y mantener el rendimiento.<\/li>\n<\/ul>\n<h2>Consideraciones de seguridad y factores ambientales<\/h2>\n<p>Al operar equipos hidr\u00e1ulicos, las medidas de seguridad son primordiales. Los operadores deben usar el equipo de protecci\u00f3n personal (EPP) adecuado y asegurarse de que los dispositivos de seguridad de la maquinaria funcionen correctamente. Asimismo, es fundamental seguir las instrucciones del fabricante sobre el funcionamiento y el mantenimiento de los cilindros hidr\u00e1ulicos para minimizar el riesgo de accidentes.<\/p>\n<p>Tambi\u00e9n deben tenerse en cuenta los factores ambientales. La correcta eliminaci\u00f3n de fluidos hidr\u00e1ulicos y materiales de mantenimiento es esencial para prevenir da\u00f1os ecol\u00f3gicos. El uso de aceites hidr\u00e1ulicos ecol\u00f3gicos puede reducir a\u00fan m\u00e1s el impacto ambiental de las operaciones hidr\u00e1ulicas.<\/p>\n<h2>Diagn\u00f3stico de fallas y problemas comunes<\/h2>\n<ul>\n<li><strong>Juntas con fugas:<\/strong> Uno de los problemas m\u00e1s comunes son las fugas en las juntas, que pueden provocar una ca\u00edda de la presi\u00f3n hidr\u00e1ulica. Este problema puede requerir una inspecci\u00f3n inmediata y la sustituci\u00f3n de las juntas.<\/li>\n<li><strong>Operaci\u00f3n lenta:<\/strong> Si el cilindro de la pluma funciona lentamente, puede indicar niveles bajos de l\u00edquido hidr\u00e1ulico o aire atrapado en el sistema. Verificar los niveles de l\u00edquido y purgar el sistema deben ser los primeros pasos para solucionar el problema.<\/li>\n<li><strong>Controles que no responden:<\/strong> Un cilindro de la pluma que no responde puede indicar obstrucciones hidr\u00e1ulicas o fallas en el sistema de control. Es necesario inspeccionar las l\u00edneas hidr\u00e1ulicas y las v\u00e1lvulas de control para detectar obstrucciones.<\/li>\n<\/ul>\n<h2>Consejos para la soluci\u00f3n de problemas<\/h2>\n<p>Para diagnosticar y resolver eficazmente los problemas del cilindro de la pluma, los operadores deben identificar primero cualquier se\u00f1al anormal durante el funcionamiento. Los registros de mantenimiento peri\u00f3dicos permiten hacer un seguimiento de los cambios en el rendimiento a lo largo del tiempo. En caso de fugas en las juntas, es fundamental inspeccionarlas y sustituirlas de inmediato para evitar la p\u00e9rdida de fluido hidr\u00e1ulico. Si el funcionamiento es lento, comprobar los niveles de fluido y asegurarse de que no haya aire atrapado en el sistema puede restablecer el rendimiento. Si los controles no responden, inspeccionar las mangueras y las v\u00e1lvulas en busca de obstrucciones puede revelar el problema.<\/p>\n<p>La implementaci\u00f3n de medidas preventivas, como inspecciones rutinarias y mantenimiento oportuno, puede minimizar el riesgo de sufrir estos problemas comunes. Los operadores deben recibir capacitaci\u00f3n para reconocer las se\u00f1ales de alerta temprana y as\u00ed facilitar acciones correctivas r\u00e1pidas, garantizando que el sistema hidr\u00e1ulico se mantenga funcional y eficiente.<\/p>\n<p><img decoding=\"async\" src=\"https:\/\/www.hydraulic-cylinders.net\/wp-content\/uploads\/2025\/04\/songte-bushings-with-all-kinds-of-excavator-models.webp\" alt=\"Imagen de bujes\"><\/p>\n<h2>Descripci\u00f3n general de la empresa<\/h2>\n<p>Somos fabricantes de cilindros hidr\u00e1ulicos de repuesto y ofrecemos una amplia gama de productos. Como uno de los principales fabricantes y mayoristas de cilindros hidr\u00e1ulicos en los mercados nacionales e internacionales, nos comprometemos con la excelencia en la calidad y la eficiencia en la gesti\u00f3n de la producci\u00f3n. Nuestra empresa mejora continuamente su capacidad productiva mediante el uso de profesionales altamente cualificados, equipos de fabricaci\u00f3n digital de \u00faltima generaci\u00f3n y sistemas de pruebas integrales.<\/p>\n<p>Nos comprometemos a satisfacer las diversas necesidades de nuestros clientes con alta eficiencia, precisi\u00f3n y calidad. Nuestros productos est\u00e1n dise\u00f1ados con un enfoque en la personalizaci\u00f3n, lo que garantiza que atendemos los requisitos espec\u00edficos de cada cliente, manteniendo las certificaciones internacionales. Nuestro s\u00f3lido servicio posventa nos distingue como un socio confiable en la industria de cilindros hidr\u00e1ulicos.<\/p>\n<p><img decoding=\"async\" src=\"https:\/\/www.hydraulic-cylinders.net\/wp-content\/uploads\/2025\/04\/songte-company-4.webp\" alt=\"Imagen de la empresa\"><br \/>\n<img decoding=\"async\" src=\"https:\/\/www.hydraulic-cylinders.net\/wp-content\/uploads\/2025\/04\/songte-company-3.webp\" alt=\"Imagen de la empresa\"><\/p>\n<p>Autor: lyl<\/p>","protected":false},"excerpt":{"rendered":"<p>Boom Cylinder For NHIG 2306LC Product Overview The Boom Cylinder for NHIG 2306LC is a specialized hydraulic cylinder designed for heavy machinery, particularly excavators, backhoe loaders, and front loaders. This type of hydraulic cylinder controls the movement of the bucket, enabling it to lift, lower, and tilt efficiently. The boom cylinder plays a crucial role [&hellip;]<\/p>","protected":false},"featured_media":17870,"comment_status":"open","ping_status":"closed","template":"","meta":{"_et_pb_use_builder":"","_et_pb_old_content":"","_et_gb_content_width":""},"product_brand":[],"product_cat":[1546],"product_tag":[1547,1496],"class_list":{"0":"post-19667","1":"product","2":"type-product","3":"status-publish","4":"has-post-thumbnail","6":"product_cat-boom-cylinders","7":"product_tag-boom-cylinders","8":"product_tag-hydraulic-cylinders","10":"first","11":"instock","12":"shipping-taxable","13":"product-type-simple"},"amp_enabled":true,"_links":{"self":[{"href":"https:\/\/www.hydraulic-cylinders.net\/es\/wp-json\/wp\/v2\/product\/19667","targetHints":{"allow":["GET"]}}],"collection":[{"href":"https:\/\/www.hydraulic-cylinders.net\/es\/wp-json\/wp\/v2\/product"}],"about":[{"href":"https:\/\/www.hydraulic-cylinders.net\/es\/wp-json\/wp\/v2\/types\/product"}],"replies":[{"embeddable":true,"href":"https:\/\/www.hydraulic-cylinders.net\/es\/wp-json\/wp\/v2\/comments?post=19667"}],"wp:featuredmedia":[{"embeddable":true,"href":"https:\/\/www.hydraulic-cylinders.net\/es\/wp-json\/wp\/v2\/media\/17870"}],"wp:attachment":[{"href":"https:\/\/www.hydraulic-cylinders.net\/es\/wp-json\/wp\/v2\/media?parent=19667"}],"wp:term":[{"taxonomy":"product_brand","embeddable":true,"href":"https:\/\/www.hydraulic-cylinders.net\/es\/wp-json\/wp\/v2\/product_brand?post=19667"},{"taxonomy":"product_cat","embeddable":true,"href":"https:\/\/www.hydraulic-cylinders.net\/es\/wp-json\/wp\/v2\/product_cat?post=19667"},{"taxonomy":"product_tag","embeddable":true,"href":"https:\/\/www.hydraulic-cylinders.net\/es\/wp-json\/wp\/v2\/product_tag?post=19667"}],"curies":[{"name":"wp","href":"https:\/\/api.w.org\/{rel}","templated":true}]}}