{"id":19670,"date":"2025-04-07T07:00:52","date_gmt":"2025-04-07T07:00:52","guid":{"rendered":"https:\/\/www.hydraulic-cylinders.net\/product\/boom-cylinder-for-bada-wysbd500c-s\/"},"modified":"2025-04-07T07:00:56","modified_gmt":"2025-04-07T07:00:56","slug":"boom-cylinder-for-bada-wysbd500c-s","status":"publish","type":"product","link":"https:\/\/www.hydraulic-cylinders.net\/es\/producto\/boom-cylinder-for-bada-wysbd500c-s\/","title":{"rendered":"Cilindro de pluma para Bada WYSBD500C-S"},"content":{"rendered":"<h1>Cilindro de pluma para Bada WYSBD500C-S<\/h1>\n<h2>Comprender el cilindro de la pluma<\/h2>\n<p>El cilindro de la pluma, dise\u00f1ado espec\u00edficamente para la Bada WYSBD500C-S, es un componente esencial de los sistemas hidr\u00e1ulicos utilizados en maquinaria pesada. Este tipo de cilindro hidr\u00e1ulico se emplea principalmente para controlar el movimiento de las cucharas en excavadoras, retroexcavadoras y cargadoras frontales. Al permitir la elevaci\u00f3n, el descenso y la inclinaci\u00f3n de la cuchara, facilita enormemente las tareas de manipulaci\u00f3n de materiales. El cilindro de la cuchara funciona mediante la presi\u00f3n del aceite hidr\u00e1ulico para generar el movimiento, lo que lo convierte en un elemento crucial para garantizar la eficiencia y la eficacia de las operaciones con maquinaria pesada.<\/p>\n<p><img decoding=\"async\" src=\"https:\/\/www.hydraulic-cylinders.net\/wp-content\/uploads\/2025\/04\/songte-company-1.webp\" alt=\"Cilindro de la pluma\" \/><\/p>\n<h2>Caracter\u00edsticas del cilindro de la pluma<\/h2>\n<h3>Alta resistencia y durabilidad<\/h3>\n<ul>\n<li>Fabricado con acero o aluminio de alta resistencia, lo que le permite soportar altas presiones y cargas pesadas.<\/li>\n<li>Dise\u00f1ado para funcionar en entornos de trabajo exigentes, teniendo en cuenta la resistencia al desgaste y la protecci\u00f3n contra la corrosi\u00f3n.<\/li>\n<li>Mayor vida \u00fatil gracias a unos est\u00e1ndares de fabricaci\u00f3n robustos.<\/li>\n<\/ul>\n<h3>Operaci\u00f3n hidr\u00e1ulica eficiente<\/h3>\n<ul>\n<li>Utiliza la presi\u00f3n del aceite hidr\u00e1ulico para una extensi\u00f3n y retracci\u00f3n suaves.<\/li>\n<li>Responde r\u00e1pidamente a las \u00f3rdenes del operador, proporcionando potentes capacidades de empuje y tracci\u00f3n.<\/li>\n<li>Ideal para manipular objetos pesados \u200b\u200by realizar tareas complejas con precisi\u00f3n.<\/li>\n<\/ul>\n<h3>Diversos tipos<\/h3>\n<ul>\n<li>Opciones entre cilindros de simple efecto (que funcionan en una direcci\u00f3n) y de doble efecto (que funcionan en ambas direcciones) para adaptarse a diversos requisitos operativos.<\/li>\n<li>Algunos modelos son telesc\u00f3picos, lo que permite una mayor extensi\u00f3n sin aumentar las dimensiones externas, adecuados para aplicaciones con limitaciones de espacio.<\/li>\n<\/ul>\n<p>Nuestra empresa se especializa en la producci\u00f3n de estos cilindros, garantizando que sustituyen perfectamente a los cilindros hidr\u00e1ulicos existentes.<\/p>\n<p><img decoding=\"async\" src=\"https:\/\/www.hydraulic-cylinders.net\/wp-content\/uploads\/2025\/04\/songte-cylinder-head-with-all-kinds-excavator-models.webp\" alt=\"Modelos de excavadoras\" \/><\/p>\n<h2>Aplicaciones del cilindro de la pluma<\/h2>\n<h3>Equipos de construcci\u00f3n<\/h3>\n<p>En maquinaria de construcci\u00f3n como las excavadoras, el cilindro de la pluma desempe\u00f1a un papel fundamental en la excavaci\u00f3n, carga y movimiento de tierra o escombros. Su capacidad hidr\u00e1ulica permite excavar a gran profundidad, mientras que su eficiente movimiento de elevaci\u00f3n facilita el transporte de materiales a los lugares deseados. Integrado en retroexcavadoras, contribuye no solo a la excavaci\u00f3n, sino tambi\u00e9n a las operaciones de elevaci\u00f3n, convirti\u00e9ndose as\u00ed en una herramienta vers\u00e1til para las tareas de construcci\u00f3n.<\/p>\n<h3>Maquinaria agr\u00edcola<\/h3>\n<p>En aplicaciones agr\u00edcolas, el cilindro de la pluma es fundamental para las cargadoras frontales, ya que facilita la recogida, elevaci\u00f3n y transporte de tierra, heno y otros materiales. Su potencia hidr\u00e1ulica permite realizar diversas tareas agr\u00edcolas, lo que posibilita a los agricultores gestionar sus operaciones de forma eficiente y aumentar la productividad.<\/p>\n<h3>excavadoras<\/h3>\n<p>En las excavadoras, el cilindro de la pluma es esencial para que el cuchar\u00f3n penetre en el terreno durante las excavaciones. Esta capacidad garantiza la excavaci\u00f3n eficaz de diversos materiales, convirti\u00e9ndolo en un componente indispensable para las tareas de movimiento de tierras.<\/p>\n<h3>Cargadores<\/h3>\n<p>En las cargadoras frontales, los cilindros de la pluma facilitan la elevaci\u00f3n y descarga de materiales de forma eficaz. Su dise\u00f1o permite un funcionamiento suave, lo que facilita el manejo de materiales a granel y mejora la velocidad y la eficiencia del trabajo en la obra.<\/p>\n<h2>Consideraciones de dise\u00f1o y criterios de selecci\u00f3n<\/h2>\n<h3>Capacidad de carga<\/h3>\n<p>Al seleccionar un cilindro para pluma, es fundamental comprender su capacidad de carga. El cilindro debe soportar las cargas operativas sin fallar, garantizando as\u00ed la seguridad y la eficiencia. Los fabricantes suelen proporcionar clasificaciones de carga basadas en pruebas exhaustivas, por lo que es esencial elegir un cilindro que cumpla o supere los requisitos de su aplicaci\u00f3n prevista.<\/p>\n<h3>Caza de focas<\/h3>\n<p>Un sellado eficaz es fundamental para mantener la presi\u00f3n hidr\u00e1ulica. Las juntas de alta calidad evitan fugas y garantizan un rendimiento \u00f3ptimo del cilindro. Los fabricantes suelen utilizar juntas fabricadas con materiales duraderos, como poliuretano o caucho de nitrilo, dise\u00f1ados para resistir el desgaste y las condiciones adversas. Las inspecciones peri\u00f3dicas y las sustituciones oportunas prolongan la vida \u00fatil del cilindro.<\/p>\n<h3>Durabilidad<\/h3>\n<p>La durabilidad es un factor clave en el dise\u00f1o de los cilindros de las plumas. Los componentes suelen estar sometidos a condiciones extremas, como variaciones de presi\u00f3n y elementos ambientales. Por lo tanto, elegir un cilindro fabricado con materiales de alta resistencia y con recubrimientos protectores puede aumentar significativamente su vida \u00fatil y reducir las necesidades de mantenimiento.<\/p>\n<h3>Caracter\u00edsticas de seguridad<\/h3>\n<p>Las consideraciones de seguridad son fundamentales en el dise\u00f1o de cilindros hidr\u00e1ulicos. Elementos como las v\u00e1lvulas de alivio de presi\u00f3n y los mecanismos de montaje seguros garantizan un funcionamiento seguro. La elecci\u00f3n de cilindros con caracter\u00edsticas de seguridad integradas ayuda a prevenir accidentes y da\u00f1os en los equipos, contribuyendo a un entorno de trabajo m\u00e1s seguro.<\/p>\n<h3>Accesibilidad de mantenimiento<\/h3>\n<p>El dise\u00f1o del cilindro de la pluma tambi\u00e9n debe considerar la facilidad de mantenimiento. Los puntos de servicio accesibles permiten inspecciones y reparaciones r\u00e1pidas, minimizando el tiempo de inactividad. El mantenimiento regular es vital para garantizar que el cilindro funcione de manera eficiente y segura, prolongando su vida \u00fatil.<\/p>\n<p><img decoding=\"async\" src=\"https:\/\/www.hydraulic-cylinders.net\/wp-content\/uploads\/2025\/04\/songte-oil-pipes-and-spare-parts.webp\" alt=\"Tuber\u00edas de aceite y repuestos\" \/><\/p>\n<h2>Sellado y lubricaci\u00f3n del cilindro hidr\u00e1ulico<\/h2>\n<p>Para un rendimiento \u00f3ptimo, se utilizan diversos componentes de sellado, como juntas de pist\u00f3n y de v\u00e1stago. Las juntas fabricadas con materiales resistentes al desgaste, como poliuretano y caucho de nitrilo, son esenciales para evitar fugas de fluido hidr\u00e1ulico y mantener la presi\u00f3n. Adem\u00e1s, el cuerpo del cilindro y los extremos roscados se someten a un mecanizado de precisi\u00f3n para mejorar su durabilidad y resistencia al desgaste. La lubricaci\u00f3n regular con aceite hidr\u00e1ulico es necesaria para garantizar un funcionamiento suave y prevenir da\u00f1os internos, lo que requiere revisiones y reposiciones peri\u00f3dicas.<\/p>\n<h2>Inspecciones peri\u00f3dicas y medidas de mantenimiento preventivo<\/h2>\n<ul>\n<li><strong>Inspecciones de rutina:<\/strong> Realizar inspecciones peri\u00f3dicas del cilindro de la pluma es vital para detectar signos de desgaste, fugas y da\u00f1os. Las inspecciones programadas permiten intervenciones oportunas que pueden prevenir problemas m\u00e1s graves en el futuro.<\/li>\n<li><strong>Mantenimiento preventivo:<\/strong> La implementaci\u00f3n de un programa de mantenimiento preventivo puede mejorar significativamente el rendimiento y la vida \u00fatil del cilindro. Las tareas de mantenimiento regulares deben incluir la revisi\u00f3n de juntas, la lubricaci\u00f3n de las piezas m\u00f3viles y la verificaci\u00f3n de que el fluido hidr\u00e1ulico se encuentre en los niveles adecuados.<\/li>\n<li><strong>Reemplazo de componentes:<\/strong> Controlar el desgaste de los componentes y reemplazarlos cuando sea necesario es fundamental para mantener la eficiencia operativa. El reemplazo peri\u00f3dico de juntas, mangueras y otras piezas cr\u00edticas puede prevenir fallas y prolongar la vida \u00fatil del equipo.<\/li>\n<\/ul>\n<h2>Instrucciones de instalaci\u00f3n<\/h2>\n<p>Para garantizar la correcta instalaci\u00f3n del cilindro de la pluma, siga estas instrucciones:<\/p>\n<ol>\n<li>Aseg\u00farese de que el cilindro est\u00e9 correctamente alineado con los puntos de montaje de la maquinaria.<\/li>\n<li>Utilice los soportes de montaje adecuados para fijar el cilindro en su lugar, evitando as\u00ed cualquier movimiento durante el funcionamiento.<\/li>\n<li>Siga las especificaciones del fabricante para los ajustes de torque en pernos y conexiones para garantizar un ajuste seguro.<\/li>\n<li>Tras la instalaci\u00f3n, compruebe que no haya fugas en todas las conexiones hidr\u00e1ulicas y aseg\u00farese de que los niveles de fluido hidr\u00e1ulico sean los adecuados.<\/li>\n<li>Realice una prueba para verificar que el cilindro funciona correctamente y que no hay obstrucciones ni desalineaciones.<\/li>\n<\/ol>\n<h2>Tareas comunes de mantenimiento<\/h2>\n<ul>\n<li><strong>Inspecciones regulares:<\/strong> Es fundamental revisar con frecuencia el cilindro de la pluma para detectar cualquier signo de desgaste o da\u00f1o. Identificar los posibles problemas a tiempo puede ahorrar tiempo y costes relacionados con fallos del equipo.<\/li>\n<li><strong>Lubricaci\u00f3n adecuada:<\/strong> Asegurar una lubricaci\u00f3n adecuada del cilindro hidr\u00e1ulico previene el desgaste interno y permite un funcionamiento suave. Revise y rellene el aceite hidr\u00e1ulico peri\u00f3dicamente, seg\u00fan sea necesario.<\/li>\n<li><strong>Reemplazo del sello:<\/strong> Con el tiempo, las juntas se desgastan, provocando fugas y una disminuci\u00f3n del rendimiento. Inspeccionar y reemplazar las juntas peri\u00f3dicamente es fundamental para mantener la integridad del cilindro hidr\u00e1ulico.<\/li>\n<\/ul>\n<h2>Consideraciones de seguridad y factores ambientales<\/h2>\n<p>Al utilizar cilindros hidr\u00e1ulicos, es fundamental integrar medidas de seguridad para proteger a los operarios y al personal circundante. La implementaci\u00f3n de programas de capacitaci\u00f3n adecuados sobre el funcionamiento y mantenimiento seguros de los sistemas hidr\u00e1ulicos puede reducir significativamente los accidentes. Adem\u00e1s, se deben considerar factores ambientales como la eliminaci\u00f3n de fluidos y la limpieza de los equipos para minimizar el impacto ecol\u00f3gico, garantizar el cumplimiento de las normativas del sector y fomentar pr\u00e1cticas sostenibles.<\/p>\n<h2>Diagn\u00f3stico de fallas y problemas comunes<\/h2>\n<ul>\n<li><strong>Fuga:<\/strong> Uno de los problemas m\u00e1s comunes en los cilindros hidr\u00e1ulicos son las fugas de fluido, que pueden deberse al desgaste de las juntas o a componentes da\u00f1ados. Las revisiones peri\u00f3dicas para detectar fugas ayudan a identificarlas y repararlas a tiempo.<\/li>\n<li><strong>P\u00e9rdida de potencia:<\/strong> Una disminuci\u00f3n en la potencia o la capacidad de respuesta puede indicar niveles bajos de fluido hidr\u00e1ulico o da\u00f1os internos. El control de los niveles de fluido hidr\u00e1ulico y el mantenimiento rutinario pueden prevenir este problema.<\/li>\n<li><strong>Calentamiento excesivo:<\/strong> El calor excesivo puede afectar el rendimiento hidr\u00e1ulico, a menudo causado por sobrecargas o lubricaci\u00f3n insuficiente. Asegurarse de que el sistema hidr\u00e1ulico no est\u00e9 sobrecargado y revisar la lubricaci\u00f3n peri\u00f3dicamente puede mitigar los riesgos de sobrecalentamiento.<\/li>\n<\/ul>\n<h2>Consejos y soluciones para la resoluci\u00f3n de problemas<\/h2>\n<p>Para diagnosticar y solucionar eficazmente los problemas con los cilindros hidr\u00e1ulicos, tenga en cuenta los siguientes consejos:<\/p>\n<ul>\n<li>Realice inspecciones exhaustivas para identificar el origen de la fuga, ya sea una junta o una manguera. Reemplace los componentes desgastados de inmediato para evitar da\u00f1os mayores.<\/li>\n<li>Si experimenta una p\u00e9rdida de potencia, revise los niveles de l\u00edquido hidr\u00e1ulico y rell\u00e9nelos seg\u00fan sea necesario. Si el problema persiste, inspeccione si hay da\u00f1os internos u obstrucciones.<\/li>\n<li>Para evitar el sobrecalentamiento, aseg\u00farese de que el sistema no est\u00e9 sobrecargado y mantenga los niveles de lubricaci\u00f3n adecuados. La monitorizaci\u00f3n peri\u00f3dica puede prevenir el sobrecalentamiento y los da\u00f1os asociados.<\/li>\n<\/ul>\n<p><img decoding=\"async\" src=\"https:\/\/www.hydraulic-cylinders.net\/wp-content\/uploads\/2025\/04\/songte-bushings-with-all-kinds-of-excavator-models.webp\" alt=\"Bujes para modelos de excavadoras\" \/><\/p>\n<h2>Acerca de nuestra empresa<\/h2>\n<p>Somos fabricantes y mayoristas l\u00edderes de cilindros hidr\u00e1ulicos, comprometidos con ofrecer una gama completa de productos adaptados a las diversas necesidades del mercado. Nuestra dedicaci\u00f3n a la excelencia se refleja en nuestras pr\u00e1cticas de fabricaci\u00f3n de precisi\u00f3n, impulsadas por tecnolog\u00eda avanzada y personal altamente cualificado. Mediante el uso de equipos de fabricaci\u00f3n digital de \u00faltima generaci\u00f3n y sistemas de control de calidad rigurosos, mejoramos continuamente nuestra capacidad de producci\u00f3n. Nuestro compromiso con la alta eficiencia, la precisi\u00f3n y la calidad nos permite satisfacer eficazmente las diversas necesidades de nuestros clientes.<\/p>\n<p>Nos enorgullecemos de nuestra experiencia profesional, certificaciones internacionales, servicios personalizados y un excepcional servicio posventa. Nuestras instalaciones de producci\u00f3n est\u00e1n equipadas con tecnolog\u00eda de vanguardia, lo que garantiza que nuestros productos cumplan con los m\u00e1s altos est\u00e1ndares de calidad y rendimiento.<\/p>\n<p><img decoding=\"async\" src=\"https:\/\/www.hydraulic-cylinders.net\/wp-content\/uploads\/2025\/04\/songte-company-4.webp\" alt=\"Instalaciones de la empresa\" \/><br \/>\n<img decoding=\"async\" src=\"https:\/\/www.hydraulic-cylinders.net\/wp-content\/uploads\/2025\/04\/songte-company-3.webp\" alt=\"Descripci\u00f3n general de la empresa\" \/><\/p>\n<p>Autor: lyl<\/p>","protected":false},"excerpt":{"rendered":"<p>Boom Cylinder For Bada WYSBD500C-S Understanding the Boom Cylinder The Boom Cylinder, specifically designed for the Bada WYSBD500C-S, is an essential component of hydraulic systems used in various heavy machinery. This type of hydraulic cylinder is primarily employed to control the movement of buckets in excavators, backhoes, and front loaders. By enabling the lifting, lowering, [&hellip;]<\/p>","protected":false},"featured_media":17873,"comment_status":"open","ping_status":"closed","template":"","meta":{"_et_pb_use_builder":"","_et_pb_old_content":"","_et_gb_content_width":""},"product_brand":[],"product_cat":[1546],"product_tag":[1547,1496],"class_list":{"0":"post-19670","1":"product","2":"type-product","3":"status-publish","4":"has-post-thumbnail","6":"product_cat-boom-cylinders","7":"product_tag-boom-cylinders","8":"product_tag-hydraulic-cylinders","10":"first","11":"instock","12":"shipping-taxable","13":"product-type-simple"},"amp_enabled":true,"_links":{"self":[{"href":"https:\/\/www.hydraulic-cylinders.net\/es\/wp-json\/wp\/v2\/product\/19670","targetHints":{"allow":["GET"]}}],"collection":[{"href":"https:\/\/www.hydraulic-cylinders.net\/es\/wp-json\/wp\/v2\/product"}],"about":[{"href":"https:\/\/www.hydraulic-cylinders.net\/es\/wp-json\/wp\/v2\/types\/product"}],"replies":[{"embeddable":true,"href":"https:\/\/www.hydraulic-cylinders.net\/es\/wp-json\/wp\/v2\/comments?post=19670"}],"wp:featuredmedia":[{"embeddable":true,"href":"https:\/\/www.hydraulic-cylinders.net\/es\/wp-json\/wp\/v2\/media\/17873"}],"wp:attachment":[{"href":"https:\/\/www.hydraulic-cylinders.net\/es\/wp-json\/wp\/v2\/media?parent=19670"}],"wp:term":[{"taxonomy":"product_brand","embeddable":true,"href":"https:\/\/www.hydraulic-cylinders.net\/es\/wp-json\/wp\/v2\/product_brand?post=19670"},{"taxonomy":"product_cat","embeddable":true,"href":"https:\/\/www.hydraulic-cylinders.net\/es\/wp-json\/wp\/v2\/product_cat?post=19670"},{"taxonomy":"product_tag","embeddable":true,"href":"https:\/\/www.hydraulic-cylinders.net\/es\/wp-json\/wp\/v2\/product_tag?post=19670"}],"curies":[{"name":"wp","href":"https:\/\/api.w.org\/{rel}","templated":true}]}}