{"id":19679,"date":"2025-04-07T07:01:20","date_gmt":"2025-04-07T07:01:20","guid":{"rendered":"https:\/\/www.hydraulic-cylinders.net\/product\/boom-cylinder-for-baoding-sc240sd-8\/"},"modified":"2025-04-07T07:01:22","modified_gmt":"2025-04-07T07:01:22","slug":"boom-cylinder-for-baoding-sc240sd-8","status":"publish","type":"product","link":"https:\/\/www.hydraulic-cylinders.net\/es\/producto\/boom-cylinder-for-baoding-sc240sd-8\/","title":{"rendered":"Cilindro de pluma para Baoding SC240SD.8"},"content":{"rendered":"<h1>Cilindro de pluma para Baoding SC240SD.8<\/h1>\n<h2>Introducci\u00f3n al cilindro de la pluma<\/h2>\n<p>El cilindro de la pluma, especialmente dise\u00f1ado para el modelo Baoding SC240SD.8, es un componente esencial de los sistemas hidr\u00e1ulicos de maquinaria pesada. Este cilindro hidr\u00e1ulico desempe\u00f1a un papel crucial en el control del movimiento de los cucharones en diversos equipos, como excavadoras, retroexcavadoras y cargadoras frontales. Permite que el cuchar\u00f3n se eleve, baje e incline, facilitando la manipulaci\u00f3n eficiente de materiales. El cilindro de la pluma es un tipo de cilindro hidr\u00e1ulico dise\u00f1ado espec\u00edficamente para gestionar estas acciones con eficacia, garantizando que los operadores puedan realizar sus tareas con precisi\u00f3n y fiabilidad.<\/p>\n<p><img decoding=\"async\" src=\"https:\/\/www.hydraulic-cylinders.net\/wp-content\/uploads\/2025\/04\/songte-company-1.webp\" alt=\"Imagen del cilindro de la pluma\"><\/p>\n<h2>Caracter\u00edsticas del cilindro de la pluma<\/h2>\n<ul>\n<li><strong>Alta resistencia y durabilidad:<\/strong> Fabricados en acero o aluminio de alta resistencia, estos cilindros soportan alta presi\u00f3n y cargas pesadas, lo que los hace ideales para entornos de trabajo exigentes. Su dise\u00f1o considera la resistencia al desgaste y a la corrosi\u00f3n, lo que prolonga su vida \u00fatil.<\/li>\n<li><strong>Operaci\u00f3n hidr\u00e1ulica eficiente:<\/strong> Utilizando la presi\u00f3n del aceite hidr\u00e1ulico, estos cilindros logran movimientos de extensi\u00f3n y retracci\u00f3n suaves. Responden r\u00e1pidamente a las \u00f3rdenes de control, proporcionando potentes fuerzas de empuje y tracci\u00f3n para manipular objetos pesados \u200b\u200by tareas complejas.<\/li>\n<li><strong>Diversos tipos:<\/strong> Los cilindros de pluma est\u00e1n disponibles en modelos de simple efecto (con presi\u00f3n hidr\u00e1ulica en una direcci\u00f3n) y doble efecto (con presi\u00f3n hidr\u00e1ulica en ambas direcciones) para satisfacer diversas necesidades operativas. Algunos modelos son telesc\u00f3picos, lo que permite una mayor extensi\u00f3n sin aumentar las dimensiones externas, ideal para aplicaciones con espacio limitado.<\/li>\n<li><strong>Fabricaci\u00f3n personalizada:<\/strong> Nuestra empresa se especializa en la producci\u00f3n de estos cilindros de pluma, garantizando que reemplacen perfectamente los cilindros hidr\u00e1ulicos existentes con alta compatibilidad y rendimiento.<\/li>\n<\/ul>\n<p><img decoding=\"async\" src=\"https:\/\/www.hydraulic-cylinders.net\/wp-content\/uploads\/2025\/04\/songte-cylinder-head-with-all-kinds-excavator-models.webp\" alt=\"Imagen de fabricaci\u00f3n personalizada\"><\/p>\n<h2>Aplicaciones de los cilindros de pluma<\/h2>\n<h3>Equipos de construcci\u00f3n<\/h3>\n<p>En maquinaria de construcci\u00f3n, como las excavadoras, los cilindros de la pluma son vitales para excavar, cargar y mover tierra o escombros. Permiten que la cuchara excavadora penetre eficazmente en el suelo, permitiendo a los operadores excavar el material eficientemente. Adem\u00e1s, en las retroexcavadoras, los cilindros de la pluma facilitan tanto las operaciones de excavaci\u00f3n como de elevaci\u00f3n, lo que las convierte en herramientas indispensables en las obras.<\/p>\n<h3>Maquinaria agr\u00edcola<\/h3>\n<p>En aplicaciones agr\u00edcolas, los cilindros de pluma se utilizan com\u00fanmente en cargadoras frontales para recoger, levantar y transportar tierra, heno y otros materiales. Ayudan a los agricultores a gestionar sus tareas de forma eficiente, mejorando la productividad y reduciendo el tiempo de trabajo. La capacidad de extensi\u00f3n y retracci\u00f3n de estos cilindros aumenta la versatilidad de la maquinaria agr\u00edcola.<\/p>\n<h3>excavadoras<\/h3>\n<p>Los cilindros de la pluma de las excavadoras facilitan el movimiento de excavaci\u00f3n al permitir que la cuchara penetre en el suelo. Esto es crucial para diversas tareas de movimiento de tierras, ya sea en construcci\u00f3n o paisajismo. Su capacidad para operar bajo alta tensi\u00f3n garantiza que las excavadoras funcionen eficientemente, maximizando la productividad en la obra.<\/p>\n<h3>Cargadores<\/h3>\n<p>En las cargadoras frontales, los cilindros de la pluma desempe\u00f1an un papel fundamental en la elevaci\u00f3n y descarga eficiente de materiales. Permiten a los operadores elevar los brazos de la cargadora e inclinar el cuchar\u00f3n para descargar los materiales r\u00e1pidamente. Esta funci\u00f3n es esencial para las operaciones en las industrias de la construcci\u00f3n, el paisajismo y la manipulaci\u00f3n de materiales.<\/p>\n<h2>Consideraciones de dise\u00f1o y criterios de selecci\u00f3n<\/h2>\n<h3>Capacidad de carga<\/h3>\n<p>La capacidad de carga de un cilindro de pluma es un factor cr\u00edtico de dise\u00f1o. Debe estar dise\u00f1ado para soportar el peso m\u00e1ximo de los materiales que se mueven. Un cilindro bien dise\u00f1ado incorpora factores de seguridad para evitar fallos bajo cargas pesadas, garantizando un funcionamiento fiable en entornos exigentes. Comprender el l\u00edmite de peso y la aplicaci\u00f3n ayudar\u00e1 a los usuarios a elegir el cilindro adecuado.<\/p>\n<h3>Caza de focas<\/h3>\n<p>Effective sealing is essential for hydraulic cylinders to prevent leakage and maintain pressure. The quality of seals impacts the cylinder&#8217;s performance and longevity. Using high-quality materials for sealing such as polyurethane or nitrile rubber enhances durability and resistance to wear, ensuring optimal functionality over time.<\/p>\n<h3>Durabilidad<\/h3>\n<p>La durabilidad de un cilindro de pluma es fundamental, especialmente en condiciones de trabajo rigurosas. Factores como la resistencia al desgaste, la resistencia a la corrosi\u00f3n y la integridad estructural general son vitales. Los fabricantes se centran en el uso de materiales robustos y la aplicaci\u00f3n de tratamientos superficiales avanzados para prolongar la vida \u00fatil de los cilindros, haci\u00e9ndolos adecuados para diversas aplicaciones.<\/p>\n<h3>Seguridad<\/h3>\n<p>Las caracter\u00edsticas de seguridad son fundamentales en el dise\u00f1o de cilindros hidr\u00e1ulicos. La incorporaci\u00f3n de v\u00e1lvulas de alivio de presi\u00f3n y sistemas de montaje robustos ayuda a prevenir accidentes y garantiza un funcionamiento seguro. Los operadores deben asegurarse de que se implementen todas las medidas de seguridad para mitigar los riesgos asociados con los sistemas hidr\u00e1ulicos y mantener un entorno de trabajo seguro.<\/p>\n<h3>Mantenimiento<\/h3>\n<p>Las consideraciones de mantenimiento deben ser prioritarias al seleccionar un cilindro de pluma. Las caracter\u00edsticas que facilitan el desmontaje, la inspecci\u00f3n y la reparaci\u00f3n pueden reducir significativamente el tiempo de inactividad y los costos de mantenimiento. El mantenimiento regular garantiza el funcionamiento eficiente del sistema hidr\u00e1ulico, prolongando as\u00ed la vida \u00fatil del cilindro.<\/p>\n<p><img decoding=\"async\" src=\"https:\/\/www.hydraulic-cylinders.net\/wp-content\/uploads\/2025\/04\/songte-oil-pipes-and-spare-parts.webp\" alt=\"Imagen de mantenimiento\"><\/p>\n<h2>Sellado y lubricaci\u00f3n<\/h2>\n<p>Implementar pr\u00e1cticas efectivas de sellado y lubricaci\u00f3n es crucial para el rendimiento de los cilindros de la pluma. Se utilizan diversos componentes de sellado, como sellos de pist\u00f3n y de v\u00e1stago, para garantizar un funcionamiento \u00f3ptimo. Los sellos fabricados con materiales resistentes al desgaste, como poliuretano o caucho de nitrilo, proporcionan durabilidad, mientras que el cuerpo del cilindro y las superficies roscadas de los extremos se procesan con precisi\u00f3n para mejorar la resistencia al desgaste. Tambi\u00e9n es esencial agregar regularmente el aceite hidr\u00e1ulico adecuado para la lubricaci\u00f3n, lo que garantiza un funcionamiento suave y minimiza la fricci\u00f3n dentro del cilindro.<\/p>\n<h2>Medidas de mantenimiento preventivo<\/h2>\n<ul>\n<li><strong>Inspecciones regulares:<\/strong> Realice inspecciones exhaustivas de todas las conexiones y sellos hidr\u00e1ulicos para detectar a tiempo cualquier signo de desgaste o fuga. Las revisiones peri\u00f3dicas ayudan a mantener un rendimiento \u00f3ptimo y a prevenir fallos inesperados.<\/li>\n<li><strong>Lubricaci\u00f3n:<\/strong> Aseg\u00farese de que se mantengan los niveles de aceite hidr\u00e1ulico y que se aplique lubricaci\u00f3n seg\u00fan las especificaciones del fabricante para evitar el desgaste y garantizar un funcionamiento suave.<\/li>\n<li><strong>Reemplazo del sello:<\/strong> Revise regularmente los sellos para detectar da\u00f1os o desgaste. Reemplazarlos proactivamente puede prevenir fugas y mantener la presi\u00f3n hidr\u00e1ulica eficazmente.<\/li>\n<\/ul>\n<h2>Instrucciones de instalaci\u00f3n<\/h2>\n<p>Proper installation of the boom cylinder is essential for optimal performance. Begin by ensuring all mounting points are clean and free of debris. Align the cylinder accurately with the machine&#8217;s mounting brackets and use suitable installation brackets to secure it in place. It is crucial to follow the manufacturer&#8217;s specifications for torque settings and alignment. After installation, check the hydraulic connections for any leaks and perform a test run to ensure everything operates smoothly. Regularly inspect the installation to maintain proper alignment and function over time.<\/p>\n<h2>Tareas comunes de mantenimiento<\/h2>\n<ul>\n<li><strong>Inspecciones regulares:<\/strong> Inspeccionar el cilindro peri\u00f3dicamente ayuda a identificar posibles problemas de forma temprana, lo que garantiza que el cilindro funcione a su m\u00e1ximo rendimiento.<\/li>\n<li><strong>Lubricaci\u00f3n adecuada:<\/strong> Una lubricaci\u00f3n adecuada es esencial para el buen funcionamiento del cilindro. Aseg\u00farese de utilizar el tipo y la cantidad correctos de aceite hidr\u00e1ulico y controle los niveles constantemente.<\/li>\n<li><strong>Reemplazo del sello:<\/strong> Con el tiempo, los sellos pueden desgastarse y requerir reemplazo para evitar fugas y mantener la presi\u00f3n. Revise peri\u00f3dicamente el estado de los sellos y reempl\u00e1celos seg\u00fan sea necesario.<\/li>\n<\/ul>\n<p>La instalaci\u00f3n, lubricaci\u00f3n y ajuste adecuados son fundamentales para la longevidad y eficacia del cilindro de la pluma. Durante la instalaci\u00f3n, alinee el cilindro con precisi\u00f3n y utilice los soportes de montaje adecuados. Se deben seguir los procedimientos recomendados de inspecci\u00f3n, reparaci\u00f3n y sustituci\u00f3n, asegurando que cualquier componente desgastado o da\u00f1ado se repare con prontitud. El mantenimiento regular prolonga la vida \u00fatil del cilindro hidr\u00e1ulico.<\/p>\n<p><img decoding=\"async\" src=\"https:\/\/www.hydraulic-cylinders.net\/wp-content\/uploads\/2025\/04\/songte-chushion-collar.webp\" alt=\"Imagen de instalaci\u00f3n\"><\/p>\n<h2>Consideraciones de seguridad y factores ambientales<\/h2>\n<p>Al utilizar cilindros de pluma, es fundamental implementar medidas de seguridad. Los operadores deben seguir los protocolos de seguridad establecidos para mitigar los riesgos asociados con los sistemas hidr\u00e1ulicos. La capacitaci\u00f3n adecuada de todos los usuarios, las revisiones peri\u00f3dicas del equipo y el correcto funcionamiento de todos los componentes contribuyen a un entorno de trabajo seguro. Adem\u00e1s, se deben considerar factores ambientales como la correcta eliminaci\u00f3n de fluidos y materiales hidr\u00e1ulicos para minimizar el impacto ambiental.<\/p>\n<h2>Soluci\u00f3n de problemas y problemas comunes<\/h2>\n<ul>\n<li><strong>Fuga:<\/strong> Las fugas pueden deberse a sellos desgastados o a una instalaci\u00f3n incorrecta. Las inspecciones peri\u00f3dicas pueden ayudar a identificar posibles problemas a tiempo.<\/li>\n<li><strong>Operaci\u00f3n lenta:<\/strong> Si el cilindro de la pluma funciona lentamente, podr\u00eda indicar un nivel bajo de fluido hidr\u00e1ulico o problemas con la bomba hidr\u00e1ulica. Revise los niveles de fluido e inspeccione el funcionamiento de la bomba.<\/li>\n<li><strong>Ruido:<\/strong> Los ruidos inusuales durante el funcionamiento suelen indicar problemas. El ruido podr\u00eda indicar baja lubricaci\u00f3n o una falla mec\u00e1nica que requiera atenci\u00f3n inmediata.<\/li>\n<\/ul>\n<h2>Consejos para la resoluci\u00f3n de problemas<\/h2>\n<p>Para diagnosticar y resolver eficazmente los problemas con los cilindros de la pluma, los operadores deben seguir los pasos espec\u00edficos de soluci\u00f3n de problemas. Primero, inspeccione si hay fugas y revise todos los sellos y conexiones. A continuaci\u00f3n, aseg\u00farese de que los niveles de l\u00edquido hidr\u00e1ulico sean adecuados y de que la bomba hidr\u00e1ulica funcione correctamente. En caso de ruidos inusuales, es necesario realizar una inspecci\u00f3n inmediata, ya que pueden indicar problemas mec\u00e1nicos graves. El mantenimiento regular, que incluye la lubricaci\u00f3n y el reemplazo oportuno de sellos, puede reducir significativamente la probabilidad de posibles problemas.<\/p>\n<p><img decoding=\"async\" src=\"https:\/\/www.hydraulic-cylinders.net\/wp-content\/uploads\/2025\/04\/songte-bushings-with-all-kinds-of-excavator-models.webp\" alt=\"Soluci\u00f3n de problemas de imagen\"><\/p>\n<h2>Acerca de nuestra empresa<\/h2>\n<p>Somos un fabricante l\u00edder de cilindros hidr\u00e1ulicos alternativos y ofrecemos una amplia gama de productos para el mercado nacional e internacional. Nuestro compromiso con la excelencia nos impulsa a mantener altos est\u00e1ndares de calidad, respaldados por una estrategia de gesti\u00f3n de fabricaci\u00f3n optimizada. Mediante el uso de tecnolog\u00eda avanzada, equipos de fabricaci\u00f3n digitales de alta gama y un sistema de pruebas profesional, mejoramos continuamente nuestra capacidad de producci\u00f3n. Nuestra s\u00f3lida capacidad de innovaci\u00f3n garantiza que satisfagamos las diversas necesidades de nuestros clientes con eficiencia, precisi\u00f3n y calidad.<\/p>\n<p>Nos centramos en la profesionalidad, las certificaciones internacionales y los servicios personalizados, adaptados a las necesidades del cliente. Nuestro equipo de producci\u00f3n de vanguardia, junto con un excepcional servicio posventa, garantiza la satisfacci\u00f3n del cliente y forja relaciones duraderas.<\/p>\n<p><img decoding=\"async\" src=\"https:\/\/www.hydraulic-cylinders.net\/wp-content\/uploads\/2025\/04\/songte-company-4.webp\" alt=\"Imagen de la empresa\"><br \/>\n<img decoding=\"async\" src=\"https:\/\/www.hydraulic-cylinders.net\/wp-content\/uploads\/2025\/04\/songte-company-3.webp\" alt=\"Imagen del equipo de la empresa\"><\/p>\n<p>Autor: lyl<\/p>","protected":false},"excerpt":{"rendered":"<p>Boom Cylinder For Baoding SC240SD.8 Introduction to Boom Cylinder The Boom Cylinder, particularly designed for the Baoding SC240SD.8 model, is an essential component in hydraulic systems used in heavy machinery. This hydraulic cylinder plays a crucial role in controlling the movement of buckets in various equipment such as excavators, backhoe loaders, and front loaders. It [&hellip;]<\/p>","protected":false},"featured_media":17867,"comment_status":"open","ping_status":"closed","template":"","meta":{"_et_pb_use_builder":"","_et_pb_old_content":"","_et_gb_content_width":""},"product_brand":[],"product_cat":[1546],"product_tag":[1547,1496],"class_list":{"0":"post-19679","1":"product","2":"type-product","3":"status-publish","4":"has-post-thumbnail","6":"product_cat-boom-cylinders","7":"product_tag-boom-cylinders","8":"product_tag-hydraulic-cylinders","10":"first","11":"instock","12":"shipping-taxable","13":"product-type-simple"},"amp_enabled":true,"_links":{"self":[{"href":"https:\/\/www.hydraulic-cylinders.net\/es\/wp-json\/wp\/v2\/product\/19679","targetHints":{"allow":["GET"]}}],"collection":[{"href":"https:\/\/www.hydraulic-cylinders.net\/es\/wp-json\/wp\/v2\/product"}],"about":[{"href":"https:\/\/www.hydraulic-cylinders.net\/es\/wp-json\/wp\/v2\/types\/product"}],"replies":[{"embeddable":true,"href":"https:\/\/www.hydraulic-cylinders.net\/es\/wp-json\/wp\/v2\/comments?post=19679"}],"wp:featuredmedia":[{"embeddable":true,"href":"https:\/\/www.hydraulic-cylinders.net\/es\/wp-json\/wp\/v2\/media\/17867"}],"wp:attachment":[{"href":"https:\/\/www.hydraulic-cylinders.net\/es\/wp-json\/wp\/v2\/media?parent=19679"}],"wp:term":[{"taxonomy":"product_brand","embeddable":true,"href":"https:\/\/www.hydraulic-cylinders.net\/es\/wp-json\/wp\/v2\/product_brand?post=19679"},{"taxonomy":"product_cat","embeddable":true,"href":"https:\/\/www.hydraulic-cylinders.net\/es\/wp-json\/wp\/v2\/product_cat?post=19679"},{"taxonomy":"product_tag","embeddable":true,"href":"https:\/\/www.hydraulic-cylinders.net\/es\/wp-json\/wp\/v2\/product_tag?post=19679"}],"curies":[{"name":"wp","href":"https:\/\/api.w.org\/{rel}","templated":true}]}}