{"id":19682,"date":"2025-04-07T07:01:29","date_gmt":"2025-04-07T07:01:29","guid":{"rendered":"https:\/\/www.hydraulic-cylinders.net\/product\/boom-cylinder-for-baoding-wy75-7\/"},"modified":"2025-04-07T07:01:32","modified_gmt":"2025-04-07T07:01:32","slug":"boom-cylinder-for-baoding-wy75-7","status":"publish","type":"product","link":"https:\/\/www.hydraulic-cylinders.net\/es\/producto\/boom-cylinder-for-baoding-wy75-7\/","title":{"rendered":"Cilindro de pluma para Baoding WY75-7"},"content":{"rendered":"<h1>Cilindro de pluma para Baoding WY75-7<\/h1>\n<h2>Descripci\u00f3n general del producto<\/h2>\n<p>El cilindro de pluma para Baoding WY75-7 es un cilindro hidr\u00e1ulico especializado, dise\u00f1ado para controlar el movimiento de los cucharones en diversas m\u00e1quinas pesadas, como excavadoras, retroexcavadoras y cargadoras frontales. Este cilindro hidr\u00e1ulico facilita la elevaci\u00f3n, el descenso y la inclinaci\u00f3n del cuchar\u00f3n, lo que permite una manipulaci\u00f3n eficiente de materiales.<\/p>\n<p><img decoding=\"async\" src=\"https:\/\/www.hydraulic-cylinders.net\/wp-content\/uploads\/2025\/04\/songte-company-1.webp\" alt=\"Cilindro de la pluma\"><\/p>\n<h3>Comprensi\u00f3n de los cilindros de cangilones<\/h3>\n<p>Los cilindros de cuchar\u00f3n son componentes integrales de los sistemas hidr\u00e1ulicos y proporcionan la fuerza necesaria para realizar tareas cr\u00edticas en maquinaria de construcci\u00f3n y agr\u00edcola. Estos cilindros utilizan fluido hidr\u00e1ulico para generar movimiento, lo que permite a los operadores realizar una amplia gama de tareas con eficiencia. El dise\u00f1o de estos cilindros es crucial para su rendimiento, lo que los hace fiables para aplicaciones exigentes.<\/p>\n<h2>Caracter\u00edsticas principales del cilindro de la pluma<\/h2>\n<ul>\n<li><strong>Alta resistencia y durabilidad:<\/strong> Fabricados en acero o aluminio de alta resistencia, estos cilindros pueden soportar alta presi\u00f3n y cargas pesadas, lo que los hace adecuados para entornos de trabajo hostiles.<\/li>\n<li><strong>Operaci\u00f3n hidr\u00e1ulica eficiente:<\/strong> Al utilizar presi\u00f3n de aceite hidr\u00e1ulico para una extensi\u00f3n y retracci\u00f3n suaves, responden r\u00e1pidamente a los comandos de control y proporcionan potentes fuerzas de empuje y tracci\u00f3n, ideales para manipular objetos pesados.<\/li>\n<li><strong>Diversos tipos:<\/strong> Disponibles en configuraciones de acci\u00f3n simple (opera en una direcci\u00f3n) o de acci\u00f3n doble (opera en ambas direcciones), pueden satisfacer diversos requisitos operativos y algunos modelos cuentan con dise\u00f1os telesc\u00f3picos para un mayor alcance en espacios reducidos.<\/li>\n<li><strong>Sistema de sellado optimizado:<\/strong> Dise\u00f1ado con tecnolog\u00edas de sellado avanzadas para evitar fugas y garantizar un rendimiento \u00f3ptimo a lo largo del tiempo.<\/li>\n<li><strong>Opciones de personalizaci\u00f3n:<\/strong> Nuestros productos pueden reemplazar perfectamente los cilindros hidr\u00e1ulicos existentes, ofreciendo soluciones personalizadas para necesidades espec\u00edficas de maquinaria.<\/li>\n<\/ul>\n<p><img decoding=\"async\" src=\"https:\/\/www.hydraulic-cylinders.net\/wp-content\/uploads\/2025\/04\/songte-cylinder-head-with-all-kinds-excavator-models.webp\" alt=\"Modelos de cilindros de pluma\"><\/p>\n<h2>Aplicaciones del cilindro de la pluma<\/h2>\n<h3>Equipos de construcci\u00f3n<\/h3>\n<p>En las excavadoras, los cilindros de la pluma desempe\u00f1an un papel fundamental en la excavaci\u00f3n, la carga y el movimiento de tierra o escombros. Proporcionan la potencia necesaria para elevar el cuchar\u00f3n a una profundidad de excavaci\u00f3n \u00f3ptima y facilitan el transporte eficiente de materiales. En las retroexcavadoras, el cilindro del cuchar\u00f3n facilita tanto las tareas de excavaci\u00f3n como las de elevaci\u00f3n, mejorando as\u00ed la productividad general en las obras de construcci\u00f3n.<\/p>\n<h3>Maquinaria agr\u00edcola<\/h3>\n<p>En las cargadoras frontales, el cilindro de la pluma es esencial para recoger, levantar y transportar tierra, heno y diversos materiales. La acci\u00f3n hidr\u00e1ulica permite un control preciso, lo que facilita el manejo de cargas pesadas y la ejecuci\u00f3n precisa de tareas, reduciendo as\u00ed el tiempo de operaci\u00f3n y los costos de mano de obra.<\/p>\n<h3>Procesos de excavaci\u00f3n<\/h3>\n<p>El cilindro de la pluma permite a las excavadoras penetrar el suelo con eficacia. Al permitir que la cuchara excave en el suelo, maximiza la capacidad de la m\u00e1quina para remover tierra y escombros r\u00e1pidamente, lo que la convierte en un componente fundamental para las excavaciones.<\/p>\n<h3>Funciones del cargador<\/h3>\n<p>En las cargadoras frontales, los cilindros de la pluma ayudan a elevar y descargar cargas eficazmente. Su sistema hidr\u00e1ulico permite a los operadores realizar tareas como mover materiales, limpiar escombros y cargar camiones con un m\u00ednimo esfuerzo, mejorando as\u00ed la eficiencia en la obra.<\/p>\n<h2>Consideraciones de dise\u00f1o y criterios de selecci\u00f3n<\/h2>\n<h3>Capacidad de carga<\/h3>\n<p>Al seleccionar un cilindro de pluma, uno de los factores m\u00e1s importantes a considerar es su capacidad de carga. El cilindro debe ser capaz de soportar las cargas previstas sin riesgo de fallo. Los ingenieros suelen evaluar la fuerza m\u00e1xima que debe ejercer el cilindro, considerando el peso de la carga \u00fatil y las condiciones de operaci\u00f3n adversas para garantizar la fiabilidad y el rendimiento.<\/p>\n<h3>Rendimiento de sellado<\/h3>\n<p>El sistema de sellado de un cilindro hidr\u00e1ulico es vital para su funcionamiento. Los sellos deben prevenir eficazmente las fugas de fluido, soportando altas presiones y temperaturas variables. La elecci\u00f3n de los materiales adecuados, como el poliuretano o el caucho de nitrilo, garantiza la durabilidad y un sellado \u00f3ptimo, prolongando as\u00ed la vida \u00fatil del cilindro.<\/p>\n<h3>Durabilidad y mantenimiento<\/h3>\n<p>La durabilidad es esencial para los cilindros hidr\u00e1ulicos, ya que operan en entornos exigentes. Los fabricantes dise\u00f1an estos productos con materiales resistentes al desgaste y la corrosi\u00f3n. Adem\u00e1s, su f\u00e1cil mantenimiento ayuda a prolongar la vida \u00fatil de los cilindros. Las revisiones y pr\u00e1cticas de mantenimiento regulares son fundamentales para evitar reparaciones costosas y garantizar un rendimiento constante.<\/p>\n<h3>Caracter\u00edsticas de seguridad<\/h3>\n<p>La seguridad siempre debe ser una prioridad absoluta en el dise\u00f1o de cilindros hidr\u00e1ulicos. La incorporaci\u00f3n de caracter\u00edsticas como v\u00e1lvulas de alivio de presi\u00f3n ayuda a prevenir la sobrecarga, mientras que su construcci\u00f3n robusta minimiza el riesgo de fallos catastr\u00f3ficos. Las medidas de seguridad adecuadas garantizan que los operadores puedan trabajar con confianza, sabiendo que su equipo es fiable.<\/p>\n<p><img decoding=\"async\" src=\"https:\/\/www.hydraulic-cylinders.net\/wp-content\/uploads\/2025\/04\/songte-oil-pipes-and-spare-parts.webp\" alt=\"Piezas de cilindros hidr\u00e1ulicos\"><\/p>\n<h2>Sellado y lubricaci\u00f3n<\/h2>\n<p>Un sellado y una lubricaci\u00f3n eficaces son fundamentales para garantizar la longevidad y el rendimiento de los cilindros hidr\u00e1ulicos. Se utilizan diversos sellos, como sellos de pist\u00f3n y de v\u00e1stago, para mantener la presi\u00f3n y evitar fugas. Materiales de alta calidad como el poliuretano y el caucho de nitrilo proporcionan una excepcional resistencia al desgaste.<\/p>\n<p>El cuerpo del cilindro y las superficies roscadas de los extremos se someten a un mecanizado de precisi\u00f3n para mejorar la resistencia al desgaste. La lubricaci\u00f3n regular con aceite hidr\u00e1ulico es necesaria para garantizar el correcto funcionamiento de los componentes y evitar el desgaste prematuro.<\/p>\n<h2>Medidas de mantenimiento preventivo<\/h2>\n<ul>\n<li><strong>Inspecciones de rutina:<\/strong> Las comprobaciones peri\u00f3dicas de fugas, desgaste y niveles de l\u00edquido hidr\u00e1ulico pueden identificar posibles problemas antes de que se vuelvan cr\u00edticos.<\/li>\n<li><strong>Pr\u00e1cticas de lubricaci\u00f3n:<\/strong> Una lubricaci\u00f3n adecuada es esencial para el buen funcionamiento de los cilindros hidr\u00e1ulicos. Aplicar el tipo y la cantidad correctos de aceite hidr\u00e1ulico mejorar\u00e1 el rendimiento y reducir\u00e1 el desgaste.<\/li>\n<li><strong>Reemplazo del sello:<\/strong> Los sellos deben inspeccionarse y reemplazarse seg\u00fan sea necesario para evitar fugas y garantizar un rendimiento \u00f3ptimo.<\/li>\n<\/ul>\n<h2>Instrucciones de instalaci\u00f3n<\/h2>\n<p>La instalaci\u00f3n de un cilindro de pluma requiere una atenci\u00f3n minuciosa a los detalles para garantizar su correcto funcionamiento y seguridad. Estos son los pasos esenciales para una instalaci\u00f3n correcta:<\/p>\n<ol>\n<li>Comience por asegurarse de que las superficies de montaje tanto de la m\u00e1quina como del cilindro est\u00e9n limpias y libres de residuos.<\/li>\n<li>Alinee correctamente el cilindro con los puntos de montaje. El uso de plantillas o dispositivos de alineaci\u00f3n puede ayudar a mantener la posici\u00f3n correcta.<\/li>\n<li>Asegure el cilindro utilizando los soportes o accesorios de montaje recomendados, asegur\u00e1ndose de que est\u00e9n apretados seg\u00fan las especificaciones del fabricante.<\/li>\n<li>Conecte las l\u00edneas hidr\u00e1ulicas, asegur\u00e1ndose de utilizar los accesorios correctos y evitar roscas cruzadas.<\/li>\n<li>Llene el sistema hidr\u00e1ulico con l\u00edquido y purgue el sistema para eliminar cualquier bolsa de aire antes de probar el funcionamiento.<\/li>\n<\/ol>\n<h2>Tareas comunes de mantenimiento<\/h2>\n<h3>Inspecciones peri\u00f3dicas<\/h3>\n<p>Las inspecciones frecuentes del sistema hidr\u00e1ulico son vitales para identificar a tiempo cualquier signo de desgaste o da\u00f1o. Revisar si hay fugas, evaluar el estado de los sellos y monitorear los niveles de fluido hidr\u00e1ulico ayudan a mantener un rendimiento \u00f3ptimo.<\/p>\n<h3>Lubricaci\u00f3n adecuada<\/h3>\n<p>La lubricaci\u00f3n es fundamental para reducir la fricci\u00f3n entre las piezas m\u00f3viles. Usar el tipo correcto de aceite hidr\u00e1ulico y aplicarlo en las cantidades adecuadas mejorar\u00e1 la eficiencia del sistema hidr\u00e1ulico y prolongar\u00e1 su vida \u00fatil.<\/p>\n<h3>Reemplazo de sellos y controles de calibraci\u00f3n<\/h3>\n<p>El reemplazo regular de sellos y las comprobaciones de calibraci\u00f3n son esenciales para garantizar que el cilindro hidr\u00e1ulico funcione dentro de sus par\u00e1metros de dise\u00f1o. Llevar un registro detallado de mantenimiento facilitar\u00e1 las intervenciones oportunas, previniendo fallas inesperadas.<\/p>\n<p><img decoding=\"async\" src=\"https:\/\/www.hydraulic-cylinders.net\/wp-content\/uploads\/2025\/04\/songte-chushion-collar.webp\" alt=\"Collar\u00edn de amortiguaci\u00f3n del cilindro\"><\/p>\n<h2>Consideraciones de seguridad y factores ambientales<\/h2>\n<p>Garantizar la seguridad al operar cilindros hidr\u00e1ulicos es fundamental. Implementar medidas de seguridad adecuadas, como el uso de equipo de protecci\u00f3n y el cumplimiento de los protocolos operativos, minimiza los riesgos. Adem\u00e1s, considerar factores ambientales, como la contenci\u00f3n de derrames de fluidos, es crucial para mantener un entorno de trabajo seguro y responsable.<\/p>\n<h2>Soluci\u00f3n de problemas y problemas comunes<\/h2>\n<ul>\n<li><strong>Fuga:<\/strong> Identifique el origen de las fugas, a menudo debido a sellos desgastados o componentes da\u00f1ados. Reemplace los sellos e inspeccione si presentan da\u00f1os.<\/li>\n<li><strong>Movimiento inconsistente:<\/strong> Esto puede deberse a aire en el sistema o a falta de fluido hidr\u00e1ulico. Purgue el sistema y revise los niveles de fluido.<\/li>\n<li><strong>Calentamiento excesivo:<\/strong> El sobrecalentamiento puede deberse a una carga excesiva o a una circulaci\u00f3n inadecuada del fluido. Eval\u00fae la carga y aseg\u00farese de que los niveles de fluido sean los adecuados.<\/li>\n<\/ul>\n<h2>Consejos para una soluci\u00f3n de problemas eficaz<\/h2>\n<p>Para diagnosticar y resolver problemas de manera eficaz, siga estas pautas:<\/p>\n<ul>\n<li>Realice controles de mantenimiento peri\u00f3dicos para identificar los primeros signos de desgaste.<\/li>\n<li>Utilice las pautas del fabricante para solucionar problemas espec\u00edficos, garantizando el cumplimiento de las pr\u00e1cticas recomendadas.<\/li>\n<li>Invertir en capacitaci\u00f3n para que los operadores reconozcan y aborden problemas potenciales de forma proactiva.<\/li>\n<\/ul>\n<p><img decoding=\"async\" src=\"https:\/\/www.hydraulic-cylinders.net\/wp-content\/uploads\/2025\/04\/songte-bushings-with-all-kinds-of-excavator-models.webp\" alt=\"Bujes de excavadora\"><\/p>\n<h2>Introducci\u00f3n de la empresa<\/h2>\n<p>Nuestra empresa es l\u00edder en la fabricaci\u00f3n y venta al por mayor de cilindros hidr\u00e1ulicos de repuesto, reconocida tanto en el mercado nacional como en el internacional. Nos adherimos a los m\u00e1s altos est\u00e1ndares de calidad, respaldados por una estrategia de fabricaci\u00f3n optimizada que incorpora tecnolog\u00eda avanzada y personal cualificado. Nuestro compromiso con la excelencia garantiza que satisfagamos las diversas necesidades de nuestros clientes con alta eficiencia y precisi\u00f3n.<\/p>\n<p>Nuestra experiencia se extiende a trav\u00e9s de varios aspectos:<\/p>\n<ul>\n<li><strong>Profesionalismo:<\/strong> Con un equipo dedicado de expertos, priorizamos la calidad del producto y la satisfacci\u00f3n del cliente.<\/li>\n<li><strong>Certificaci\u00f3n Internacional:<\/strong> Nuestros productos cumplen con los est\u00e1ndares de la industria, garantizando confiabilidad y seguridad.<\/li>\n<li><strong>Servicios personalizados:<\/strong> Ofrecemos soluciones a medida de los requisitos espec\u00edficos del cliente, proporcionando un enfoque personalizado.<\/li>\n<li><strong>Equipos de fabricaci\u00f3n avanzados:<\/strong> El uso de maquinaria de \u00faltima generaci\u00f3n mejora nuestra capacidad de producci\u00f3n y mejora la calidad del producto.<\/li>\n<li><strong>Soporte posventa:<\/strong> Nuestro equipo de atenci\u00f3n al cliente est\u00e1 siempre disponible para ayudarle con cualquier consulta o asistencia necesaria despu\u00e9s de la compra.<\/li>\n<\/ul>\n<p><img decoding=\"async\" src=\"https:\/\/www.hydraulic-cylinders.net\/wp-content\/uploads\/2025\/04\/songte-company-4.webp\" alt=\"Descripci\u00f3n general de la empresa\"><br \/>\n<img decoding=\"async\" src=\"https:\/\/www.hydraulic-cylinders.net\/wp-content\/uploads\/2025\/04\/songte-company-3.webp\" alt=\"Planta de fabricaci\u00f3n\"><\/p>\n<p>Autor: lyl<\/p>","protected":false},"excerpt":{"rendered":"<p>Boom Cylinder For Baoding WY75-7 Product Overview The Boom Cylinder for Baoding WY75-7 is a specialized hydraulic cylinder designed to control the movement of buckets on various heavy machinery such as excavators, backhoes, and front loaders. This hydraulic cylinder facilitates the lifting, lowering, and tilting of the bucket, enabling efficient material handling tasks. Understanding Bucket [&hellip;]<\/p>","protected":false},"featured_media":17870,"comment_status":"open","ping_status":"closed","template":"","meta":{"_et_pb_use_builder":"","_et_pb_old_content":"","_et_gb_content_width":""},"product_brand":[],"product_cat":[1546],"product_tag":[1547,1496],"class_list":{"0":"post-19682","1":"product","2":"type-product","3":"status-publish","4":"has-post-thumbnail","6":"product_cat-boom-cylinders","7":"product_tag-boom-cylinders","8":"product_tag-hydraulic-cylinders","10":"first","11":"instock","12":"shipping-taxable","13":"product-type-simple"},"amp_enabled":true,"_links":{"self":[{"href":"https:\/\/www.hydraulic-cylinders.net\/es\/wp-json\/wp\/v2\/product\/19682","targetHints":{"allow":["GET"]}}],"collection":[{"href":"https:\/\/www.hydraulic-cylinders.net\/es\/wp-json\/wp\/v2\/product"}],"about":[{"href":"https:\/\/www.hydraulic-cylinders.net\/es\/wp-json\/wp\/v2\/types\/product"}],"replies":[{"embeddable":true,"href":"https:\/\/www.hydraulic-cylinders.net\/es\/wp-json\/wp\/v2\/comments?post=19682"}],"wp:featuredmedia":[{"embeddable":true,"href":"https:\/\/www.hydraulic-cylinders.net\/es\/wp-json\/wp\/v2\/media\/17870"}],"wp:attachment":[{"href":"https:\/\/www.hydraulic-cylinders.net\/es\/wp-json\/wp\/v2\/media?parent=19682"}],"wp:term":[{"taxonomy":"product_brand","embeddable":true,"href":"https:\/\/www.hydraulic-cylinders.net\/es\/wp-json\/wp\/v2\/product_brand?post=19682"},{"taxonomy":"product_cat","embeddable":true,"href":"https:\/\/www.hydraulic-cylinders.net\/es\/wp-json\/wp\/v2\/product_cat?post=19682"},{"taxonomy":"product_tag","embeddable":true,"href":"https:\/\/www.hydraulic-cylinders.net\/es\/wp-json\/wp\/v2\/product_tag?post=19682"}],"curies":[{"name":"wp","href":"https:\/\/api.w.org\/{rel}","templated":true}]}}