{"id":19693,"date":"2025-04-07T07:02:10","date_gmt":"2025-04-07T07:02:10","guid":{"rendered":"https:\/\/www.hydraulic-cylinders.net\/product\/boom-cylinder-for-dasin-ds35\/"},"modified":"2025-04-07T07:02:13","modified_gmt":"2025-04-07T07:02:13","slug":"boom-cylinder-for-dasin-ds35","status":"publish","type":"product","link":"https:\/\/www.hydraulic-cylinders.net\/es\/producto\/boom-cylinder-for-dasin-ds35\/","title":{"rendered":"Cilindro de pluma para Dasin DS35"},"content":{"rendered":"<h1>Cilindro de pluma para Dasin DS35<\/h1>\n<h2>Definici\u00f3n del producto<\/h2>\n<p>El cilindro de pluma para Dasin DS35 es un cilindro hidr\u00e1ulico especializado, dise\u00f1ado para controlar el movimiento de los brazos de la pluma en maquinaria pesada como excavadoras, retroexcavadoras y cargadoras frontales. Este tipo de cilindro hidr\u00e1ulico desempe\u00f1a un papel crucial al facilitar la elevaci\u00f3n, el descenso y la inclinaci\u00f3n de la pluma, lo que permite una manipulaci\u00f3n eficiente de materiales. Los cilindros hidr\u00e1ulicos utilizan fluido hidr\u00e1ulico para generar una fuerza de empuje o tracci\u00f3n, esencial para realizar diversas funciones en equipos de construcci\u00f3n y agr\u00edcolas.<\/p>\n<p><img decoding=\"async\" src=\"https:\/\/www.hydraulic-cylinders.net\/wp-content\/uploads\/2025\/04\/songte-company-1.webp\" alt=\"Cilindro de la pluma\"><\/p>\n<h2>Caracter\u00edsticas del cilindro de la pluma<\/h2>\n<ul>\n<li><strong>Alta resistencia y durabilidad:<\/strong> Fabricado en acero o aluminio de alta resistencia, este cilindro soporta alta presi\u00f3n y cargas pesadas, lo que lo hace ideal para entornos de trabajo exigentes. Est\u00e1 dise\u00f1ado para ofrecer resistencia al desgaste y protecci\u00f3n contra la corrosi\u00f3n, lo que prolonga su vida \u00fatil.<\/li>\n<li><strong>Operaci\u00f3n hidr\u00e1ulica eficiente:<\/strong> Emplea presi\u00f3n de aceite hidr\u00e1ulico para una extensi\u00f3n y retracci\u00f3n suaves, lo que permite respuestas r\u00e1pidas a los comandos de control y proporciona fuertes capacidades de empuje y tracci\u00f3n, ideales para manejar tareas pesadas y complejas.<\/li>\n<li><strong>Diversos tipos:<\/strong> Disponibles en modelos de simple efecto (utiliza presi\u00f3n hidr\u00e1ulica en una direcci\u00f3n) y doble efecto (utiliza presi\u00f3n hidr\u00e1ulica en ambas direcciones), lo que permite diversas necesidades operativas. Algunos modelos son telesc\u00f3picos, lo que permite una mayor extensi\u00f3n sin aumentar las dimensiones externas, ideal para aplicaciones con espacio limitado.<\/li>\n<li><strong>Fabricaci\u00f3n de precisi\u00f3n:<\/strong> Cada cilindro se fabrica seg\u00fan especificaciones exactas, lo que garantiza la compatibilidad con varios modelos de equipos y optimiza la confiabilidad del rendimiento.<\/li>\n<li><strong>Opciones personalizables:<\/strong> Nuestros cilindros se pueden adaptar para satisfacer los requisitos espec\u00edficos del cliente, mejorando la funcionalidad en diferentes tipos de maquinaria.<\/li>\n<\/ul>\n<p>Podemos fabricar este producto y nuestros productos pueden reemplazar perfectamente estos cilindros hidr\u00e1ulicos.<\/p>\n<p><img decoding=\"async\" src=\"https:\/\/www.hydraulic-cylinders.net\/wp-content\/uploads\/2025\/04\/songte-cylinder-head-with-all-kinds-excavator-models.webp\" alt=\"Modelos de excavadoras\"><\/p>\n<h2>Aplicaciones del cilindro de la pluma<\/h2>\n<h3>Equipos de construcci\u00f3n<\/h3>\n<p>En las excavadoras, los cilindros de la pluma son vitales para excavar, cargar y mover tierra o escombros. El movimiento controlado permite un posicionamiento preciso de la pluma, lo que mejora la eficiencia de la m\u00e1quina. En las retroexcavadoras, el cilindro de la pluma no solo facilita la excavaci\u00f3n, sino tambi\u00e9n la elevaci\u00f3n y colocaci\u00f3n de materiales, lo que garantiza versatilidad en las tareas de construcci\u00f3n.<\/p>\n<h3>Maquinaria agr\u00edcola<\/h3>\n<p>En las cargadoras frontales, los cilindros de la pluma son esenciales para recoger, levantar y transportar tierra, heno y otros materiales. Permiten a los operadores realizar diversas tareas agr\u00edcolas con facilidad, mejorando la productividad en granjas y terrenos agr\u00edcolas.<\/p>\n<h3>excavadoras<\/h3>\n<p>En las excavadoras, el cilindro de la pluma facilita las operaciones de excavaci\u00f3n al permitir que el cuchar\u00f3n penetre eficazmente en el suelo. Esta funci\u00f3n es crucial en diversos proyectos de excavaci\u00f3n, ya que garantiza el transporte eficiente de materiales de un lugar a otro.<\/p>\n<h3>Cargadores<\/h3>\n<p>En las cargadoras frontales, los cilindros de la pluma ayudan a elevar y descargar cargas eficazmente. Permiten una manipulaci\u00f3n eficiente de materiales, esencial en las operaciones de construcci\u00f3n y paisajismo.<\/p>\n<h2>Consideraciones de dise\u00f1o y criterios de selecci\u00f3n<\/h2>\n<h3>Capacidad de carga<\/h3>\n<p>La capacidad de carga de un cilindro de pluma es un factor cr\u00edtico de dise\u00f1o. Determina el peso m\u00e1ximo que el cilindro puede elevar o bajar con seguridad. Seleccionar un cilindro con la capacidad de carga adecuada es esencial para prevenir fallas del equipo y garantizar la seguridad operativa. Durante el proceso de selecci\u00f3n, es necesario realizar c\u00e1lculos adecuados basados \u200b\u200ben las especificaciones de la m\u00e1quina y los requisitos operativos.<\/p>\n<h3>Caza de focas<\/h3>\n<p>El sellado es fundamental para el rendimiento y la longevidad de los cilindros hidr\u00e1ulicos. Unos sellos eficaces previenen fugas de fluido hidr\u00e1ulico, que pueden reducir la eficiencia y causar da\u00f1os. Al elegir un cilindro hidr\u00e1ulico, es fundamental considerar la calidad de los componentes de sellado, como los sellos de pist\u00f3n y v\u00e1stago. Los sellos de alta calidad, fabricados con materiales duraderos, garantizan un funcionamiento fiable y el mantenimiento de la integridad de la presi\u00f3n.<\/p>\n<h3>Durabilidad<\/h3>\n<p>La durabilidad es un factor clave en el dise\u00f1o de cilindros hidr\u00e1ulicos, especialmente en aplicaciones de servicio pesado. Los materiales utilizados, junto con una ingenier\u00eda adecuada, deben ser capaces de resistir el desgaste. Evaluar las condiciones ambientales y el potencial de corrosi\u00f3n o abrasi\u00f3n es esencial para garantizar que el cilindro seleccionado permanezca operativo durante un per\u00edodo prolongado.<\/p>\n<h3>Seguridad<\/h3>\n<p>Las medidas de seguridad son fundamentales al dise\u00f1ar cilindros hidr\u00e1ulicos. Esto incluye caracter\u00edsticas que evitan la sobrepresurizaci\u00f3n y garantizan un funcionamiento seguro. La implementaci\u00f3n de v\u00e1lvulas de seguridad y mecanismos de alivio de presi\u00f3n minimiza el riesgo de fallos en el sistema hidr\u00e1ulico, protegiendo tanto a los operadores como al equipo. Las auditor\u00edas de seguridad peri\u00f3dicas y el cumplimiento de las normas de la industria son necesarios para cumplir con las normas de seguridad.<\/p>\n<h3>Mantenimiento<\/h3>\n<p>Elegir un cilindro hidr\u00e1ulico teniendo en cuenta la facilidad de mantenimiento es crucial para la eficiencia operativa. Los dise\u00f1os que permiten un f\u00e1cil acceso a los componentes, junto con directrices claras para los procedimientos de mantenimiento, ayudan a prolongar la vida \u00fatil del cilindro. Las revisiones peri\u00f3dicas de mantenimiento y la sustituci\u00f3n de las piezas de desgaste contribuyen a un rendimiento y una fiabilidad constantes.<\/p>\n<p><img decoding=\"async\" src=\"https:\/\/www.hydraulic-cylinders.net\/wp-content\/uploads\/2025\/04\/songte-oil-pipes-and-spare-parts.webp\" alt=\"Tuber\u00edas de aceite y repuestos\"><\/p>\n<h2>Sellado y lubricaci\u00f3n<\/h2>\n<p>Un sellado y una lubricaci\u00f3n eficaces son esenciales para el funcionamiento de los cilindros hidr\u00e1ulicos. Diversos componentes de sellado, como los sellos de pist\u00f3n y de v\u00e1stago, desempe\u00f1an un papel fundamental en el mantenimiento de la integridad del sistema. La elecci\u00f3n de materiales, como el poliuretano y el caucho de nitrilo, influye en la resistencia al desgaste de los sellos. El cuerpo del cilindro y las superficies roscadas de los extremos deben procesarse con precisi\u00f3n para mejorar la durabilidad y la resistencia al desgaste. La lubricaci\u00f3n regular con aceite hidr\u00e1ulico es necesaria para garantizar un funcionamiento suave y reducir la fricci\u00f3n entre las piezas m\u00f3viles, lo que ayuda a prevenir el desgaste prematuro y prolonga la vida \u00fatil del cilindro.<\/p>\n<h2>Inspecci\u00f3n regular y mantenimiento preventivo<\/h2>\n<ul>\n<li><strong>Inspecci\u00f3n regular:<\/strong> Realizar inspecciones peri\u00f3dicas de los cilindros hidr\u00e1ulicos es vital para identificar a tiempo el desgaste y posibles problemas. Busque se\u00f1ales de fugas, corrosi\u00f3n o cualquier anomal\u00eda de rendimiento. La detecci\u00f3n oportuna de estos problemas puede evitar costosas reparaciones y tiempos de inactividad.<\/li>\n<li><strong>Lubricaci\u00f3n adecuada:<\/strong> Mantener una lubricaci\u00f3n adecuada de los cilindros hidr\u00e1ulicos es crucial para su rendimiento y longevidad. Aseg\u00farese de que los niveles de aceite hidr\u00e1ulico sean adecuados y que est\u00e9 limpio. El aceite contaminado puede provocar fallas en los cilindros.<\/li>\n<li><strong>Reemplazo del sello:<\/strong> Revise peri\u00f3dicamente los sellos para detectar desgaste. Reemplazarlos cuando sea necesario previene fugas y mantiene la eficiencia del sistema hidr\u00e1ulico.<\/li>\n<\/ul>\n<h2>Instrucciones de instalaci\u00f3n<\/h2>\n<p>La correcta instalaci\u00f3n del cilindro de la pluma es fundamental para su correcto funcionamiento. Para empezar, aseg\u00farese de que las superficies de montaje est\u00e9n limpias y libres de residuos. Alinee el cilindro correctamente para evitar tensiones excesivas en las juntas y los componentes. Utilice soportes de montaje adecuados para fijar el cilindro en su lugar y verifique que todas las conexiones hidr\u00e1ulicas est\u00e9n bien apretadas y sin fugas. Tras la instalaci\u00f3n, realice una revisi\u00f3n exhaustiva del sistema en condiciones operativas para garantizar el correcto funcionamiento. La supervisi\u00f3n regular de la instalaci\u00f3n ayudar\u00e1 a identificar cualquier desalineaci\u00f3n o problema que pueda surgir con el tiempo.<\/p>\n<p><img decoding=\"async\" src=\"https:\/\/www.hydraulic-cylinders.net\/wp-content\/uploads\/2025\/04\/songte-chushion-collar.webp\" alt=\"Collar\u00edn acolchado\"><\/p>\n<h2>Consideraciones de seguridad y factores ambientales<\/h2>\n<p>Al utilizar cilindros hidr\u00e1ulicos, las medidas de seguridad son cruciales para proteger a los operadores y la maquinaria. Aseg\u00farese de seguir todos los protocolos de seguridad, incluyendo el uso del equipo de protecci\u00f3n personal (EPP) adecuado y el cumplimiento de las directrices operativas. Factores ambientales como la temperatura, la humedad y la exposici\u00f3n a sustancias qu\u00edmicas pueden afectar el rendimiento de los sistemas hidr\u00e1ulicos. Es fundamental considerar estos factores durante la operaci\u00f3n y el mantenimiento para prevenir da\u00f1os y garantizar la seguridad.<\/p>\n<h2>Soluci\u00f3n de problemas y problemas comunes<\/h2>\n<ul>\n<li><strong>Fuga:<\/strong> Uno de los problemas m\u00e1s comunes son las fugas. Esto puede ocurrir debido a sellos da\u00f1ados o conexiones defectuosas. Las inspecciones peri\u00f3dicas pueden ayudar a identificar fugas a tiempo, lo que permite reparaciones oportunas.<\/li>\n<li><strong>Operaci\u00f3n inconsistente:<\/strong> Si el cilindro hidr\u00e1ulico funciona de forma irregular, puede deberse a aire atrapado en el sistema o a niveles bajos de fluido hidr\u00e1ulico. Purgar el sistema y verificar los niveles de fluido son pasos esenciales para solucionar este problema.<\/li>\n<li><strong>Ruido excesivo:<\/strong> Ruidos inusuales durante el funcionamiento podr\u00edan indicar problemas mec\u00e1nicos o lubricaci\u00f3n insuficiente. Inspeccione el cilindro y aseg\u00farese de que est\u00e9 bien lubricado para evitar da\u00f1os mayores.<\/li>\n<\/ul>\n<p>Para solucionar problemas de manera efectiva, mantenga un registro detallado de todos los problemas y reparaciones y consulte con un especialista hidr\u00e1ulico si los problemas persisten.<\/p>\n<p><img decoding=\"async\" src=\"https:\/\/www.hydraulic-cylinders.net\/wp-content\/uploads\/2025\/04\/songte-bushings-with-all-kinds-of-excavator-models.webp\" alt=\"Bujes para modelos de excavadoras\"><\/p>\n<h2>Conclusi\u00f3n: Nuestra Empresa<\/h2>\n<p>Somos un fabricante l\u00edder de cilindros hidr\u00e1ulicos de repuesto, reconocidos por nuestra diversa gama de productos y nuestro compromiso con la calidad. Nuestros productos han ganado reconocimiento tanto en el mercado nacional como en el internacional. Nos adherimos a altos est\u00e1ndares de excelencia, aplicando una estrategia de fabricaci\u00f3n refinada que incorpora tecnolog\u00eda avanzada, personal cualificado y un s\u00f3lido sistema de control de calidad. Nuestras capacidades incluyen fabricaci\u00f3n de precisi\u00f3n, soluciones personalizadas y un excepcional servicio posventa, lo que garantiza la satisfacci\u00f3n de las diversas necesidades de nuestros clientes.<\/p>\n<p><img decoding=\"async\" src=\"https:\/\/www.hydraulic-cylinders.net\/wp-content\/uploads\/2025\/04\/songte-company-4.webp\" alt=\"Imagen de la empresa\"><br \/>\n<img decoding=\"async\" src=\"https:\/\/www.hydraulic-cylinders.net\/wp-content\/uploads\/2025\/04\/songte-company-3.webp\" alt=\"Imagen de la empresa\"><\/p>\n<p>Autor: lyl<\/p>","protected":false},"excerpt":{"rendered":"<p>Boom Cylinder For Dasin DS35 Product Definition The Boom Cylinder for Dasin DS35 is a specialized hydraulic cylinder designed for controlling the movement of boom arms in heavy machinery such as excavators, backhoe loaders, and front loaders. This type of hydraulic cylinder plays a crucial role in facilitating the lifting, lowering, and tilting of the [&hellip;]<\/p>","protected":false},"featured_media":17881,"comment_status":"open","ping_status":"closed","template":"","meta":{"_et_pb_use_builder":"","_et_pb_old_content":"","_et_gb_content_width":""},"product_brand":[],"product_cat":[1546],"product_tag":[1547,1496],"class_list":{"0":"post-19693","1":"product","2":"type-product","3":"status-publish","4":"has-post-thumbnail","6":"product_cat-boom-cylinders","7":"product_tag-boom-cylinders","8":"product_tag-hydraulic-cylinders","10":"first","11":"instock","12":"shipping-taxable","13":"product-type-simple"},"amp_enabled":true,"_links":{"self":[{"href":"https:\/\/www.hydraulic-cylinders.net\/es\/wp-json\/wp\/v2\/product\/19693","targetHints":{"allow":["GET"]}}],"collection":[{"href":"https:\/\/www.hydraulic-cylinders.net\/es\/wp-json\/wp\/v2\/product"}],"about":[{"href":"https:\/\/www.hydraulic-cylinders.net\/es\/wp-json\/wp\/v2\/types\/product"}],"replies":[{"embeddable":true,"href":"https:\/\/www.hydraulic-cylinders.net\/es\/wp-json\/wp\/v2\/comments?post=19693"}],"wp:featuredmedia":[{"embeddable":true,"href":"https:\/\/www.hydraulic-cylinders.net\/es\/wp-json\/wp\/v2\/media\/17881"}],"wp:attachment":[{"href":"https:\/\/www.hydraulic-cylinders.net\/es\/wp-json\/wp\/v2\/media?parent=19693"}],"wp:term":[{"taxonomy":"product_brand","embeddable":true,"href":"https:\/\/www.hydraulic-cylinders.net\/es\/wp-json\/wp\/v2\/product_brand?post=19693"},{"taxonomy":"product_cat","embeddable":true,"href":"https:\/\/www.hydraulic-cylinders.net\/es\/wp-json\/wp\/v2\/product_cat?post=19693"},{"taxonomy":"product_tag","embeddable":true,"href":"https:\/\/www.hydraulic-cylinders.net\/es\/wp-json\/wp\/v2\/product_tag?post=19693"}],"curies":[{"name":"wp","href":"https:\/\/api.w.org\/{rel}","templated":true}]}}