{"id":19705,"date":"2025-04-07T07:02:54","date_gmt":"2025-04-07T07:02:54","guid":{"rendered":"https:\/\/www.hydraulic-cylinders.net\/product\/boom-cylinder-for-hengte-ht65-8\/"},"modified":"2025-04-07T07:02:57","modified_gmt":"2025-04-07T07:02:57","slug":"boom-cylinder-for-hengte-ht65-8","status":"publish","type":"product","link":"https:\/\/www.hydraulic-cylinders.net\/es\/producto\/boom-cylinder-for-hengte-ht65-8\/","title":{"rendered":"Cilindro de pluma para Hengte HT65-8"},"content":{"rendered":"<h1>Cilindro de pluma para Hengte HT65-8<\/h1>\n<h2>Introducci\u00f3n a los cilindros de pluma<\/h2>\n<p>El cilindro de la pluma es un componente hidr\u00e1ulico crucial en la maquinaria, dise\u00f1ado espec\u00edficamente para controlar el movimiento de las cucharas en equipos pesados \u200b\u200bcomo excavadoras, retroexcavadoras y cargadoras frontales. Permite que la cuchara se eleve, descienda e incline, facilitando as\u00ed las tareas de manipulaci\u00f3n de materiales. Al aprovechar la potencia del fluido hidr\u00e1ulico, estos cilindros proporcionan la fuerza necesaria para realizar operaciones exigentes. Esto los convierte en una pieza indispensable de cualquier maquinaria de construcci\u00f3n o agr\u00edcola.<\/p>\n<p><img decoding=\"async\" src=\"https:\/\/www.hydraulic-cylinders.net\/wp-content\/uploads\/2025\/04\/songte-company-1.webp\" alt=\"Cilindro de la pluma\"><\/p>\n<h2>Caracter\u00edsticas del cilindro de la pluma<\/h2>\n<ul>\n<li>\n<h3>Alta resistencia y durabilidad<\/h3>\n<p>El cilindro de la pluma, generalmente fabricado en acero de alta resistencia o aluminio, soporta altas presiones y cargas pesadas, lo que lo hace id\u00f3neo para entornos de trabajo exigentes. Su dise\u00f1o tiene en cuenta la resistencia al desgaste y a la corrosi\u00f3n, prolongando significativamente su vida \u00fatil.<\/p>\n<\/li>\n<li>\n<h3>Operaci\u00f3n hidr\u00e1ulica eficiente<\/h3>\n<p>La presi\u00f3n del aceite hidr\u00e1ulico permite una extensi\u00f3n y retracci\u00f3n suaves, lo que posibilita una respuesta r\u00e1pida a las \u00f3rdenes de control. Esta caracter\u00edstica proporciona una gran fuerza de tracci\u00f3n y empuje, esencial para realizar tareas pesadas y complejas.<\/p>\n<\/li>\n<li>\n<h3>Variedad de tipos<\/h3>\n<p>Existen diferentes tipos de cilindros para la pluma, incluyendo cilindros de simple efecto (que ejercen presi\u00f3n hidr\u00e1ulica en una direcci\u00f3n) y de doble efecto (que operan en ambas direcciones). Algunos modelos son telesc\u00f3picos, lo que permite una mayor extensi\u00f3n sin aumentar las dimensiones externas, ideal para aplicaciones donde el espacio es limitado.<\/p>\n<\/li>\n<li>\n<h3>Compatibilidad con equipos existentes<\/h3>\n<p>Nuestros productos sustituyen a la perfecci\u00f3n los cilindros hidr\u00e1ulicos existentes, garantizando una integraci\u00f3n perfecta en su maquinaria actual.<\/p>\n<\/li>\n<li>\n<h3>Tecnolog\u00eda avanzada<\/h3>\n<p>La incorporaci\u00f3n de las \u00faltimas innovaciones en tecnolog\u00eda hidr\u00e1ulica mejora el rendimiento, la fiabilidad y la eficiencia operativa, satisfaciendo las exigencias de las aplicaciones modernas de trabajo pesado.<\/p>\n<\/li>\n<\/ul>\n<p><img decoding=\"async\" src=\"https:\/\/www.hydraulic-cylinders.net\/wp-content\/uploads\/2025\/04\/songte-cylinder-head-with-all-kinds-excavator-models.webp\" alt=\"Compatibilidad del cilindro de la pluma\"><\/p>\n<h2>Aplicaciones de los cilindros de pluma<\/h2>\n<h3>Equipos de construcci\u00f3n<\/h3>\n<p>En las excavadoras, los cilindros de la pluma son fundamentales para excavar, cargar y mover tierra o escombros. Permiten que la cuchara penetre en el terreno con eficacia, lo que posibilita a los operadores realizar las tareas de excavaci\u00f3n de manera eficiente. La potencia hidr\u00e1ulica garantiza que la excavadora pueda manejar diversos tipos de suelo y tama\u00f1os de escombros, lo que la convierte en una herramienta muy vers\u00e1til en las obras de construcci\u00f3n.<\/p>\n<h3>Maquinaria agr\u00edcola<\/h3>\n<p>En las cargadoras frontales, los cilindros de la pluma facilitan la elevaci\u00f3n, la recogida y el transporte de tierra, heno y otros materiales. La capacidad de controlar con precisi\u00f3n el movimiento de la cuchara permite a los agricultores optimizar sus operaciones de carga, aumentando la productividad y reduciendo los costes laborales. La potencia y la fiabilidad de estos cilindros son esenciales para el manejo de cargas agr\u00edcolas pesadas.<\/p>\n<h3>excavadoras<\/h3>\n<p>En las excavadoras, el cilindro de la cuchara desempe\u00f1a un papel crucial en la ejecuci\u00f3n de las operaciones de excavaci\u00f3n. Al permitir que la cuchara penetre en el suelo de manera eficiente, mejora la capacidad de la excavadora para completar tareas complejas, como la apertura de zanjas y la construcci\u00f3n de cimientos. La capacidad de respuesta de los sistemas hidr\u00e1ulicos garantiza que los operadores puedan realizar ajustes r\u00e1pidos seg\u00fan sea necesario, lo que mejora la eficiencia general.<\/p>\n<h3>Cargadores<\/h3>\n<p>En las cargadoras frontales, los cilindros de la pluma facilitan la elevaci\u00f3n y descarga eficiente de cargas. El sistema hidr\u00e1ulico permite al operador levantar materiales pesados \u200b\u200bcon facilidad, garantizando procesos de carga y descarga r\u00e1pidos y eficaces. Esta capacidad es fundamental en diversos sectores, como la construcci\u00f3n, la gesti\u00f3n de residuos y la agricultura.<\/p>\n<h2>Consideraciones de dise\u00f1o y criterios de selecci\u00f3n<\/h2>\n<ul>\n<li>\n<h3>Capacidad de carga<\/h3>\n<p>Al seleccionar un cilindro para pluma, es fundamental comprender su capacidad de carga. Esta determina el peso m\u00e1ximo que el cilindro puede soportar eficazmente sin fallar. Un cilindro con la capacidad adecuada garantiza un funcionamiento seguro durante tareas pesadas, previniendo accidentes por sobrecarga.<\/p>\n<\/li>\n<li>\n<h3>Caza de focas<\/h3>\n<p>Un sellado eficaz es fundamental para mantener la presi\u00f3n hidr\u00e1ulica dentro del cilindro. Los sellos de alta calidad evitan fugas de fluido, garantizando un rendimiento \u00f3ptimo y reduciendo el riesgo de contaminaci\u00f3n. Los sellos deben ser duraderos y resistentes al desgaste, ya que son esenciales para mantener la funcionalidad del cilindro a lo largo del tiempo.<\/p>\n<\/li>\n<li>\n<h3>Durabilidad<\/h3>\n<p>Dise\u00f1ado para soportar condiciones extremas, la durabilidad de un cilindro de pluma influye en su vida \u00fatil y fiabilidad. Los materiales utilizados deben resistir la corrosi\u00f3n, el desgaste y la fatiga, especialmente en entornos de trabajo exigentes. Seleccionar cilindros dise\u00f1ados para una mayor durabilidad minimiza los costos de mantenimiento y reemplazo.<\/p>\n<\/li>\n<li>\n<h3>Seguridad<\/h3>\n<p>Las medidas de seguridad son fundamentales en los sistemas hidr\u00e1ulicos. Los cilindros deben incluir v\u00e1lvulas de seguridad y mecanismos de alivio de presi\u00f3n para prevenir fallas durante el funcionamiento. Comprender las normas y regulaciones de seguridad es esencial para garantizar su cumplimiento y proteger tanto a los operarios como a los equipos.<\/p>\n<\/li>\n<li>\n<h3>Mantenibilidad<\/h3>\n<p>La facilidad de mantenimiento es un factor crucial al seleccionar un cilindro para pluma. Caracter\u00edsticas como los puntos de lubricaci\u00f3n accesibles, los sellos reemplazables y los procesos de instalaci\u00f3n sencillos contribuyen a la facilidad de mantenimiento general del sistema hidr\u00e1ulico. Un cilindro bien dise\u00f1ado permite un mantenimiento oportuno y eficaz, manteniendo la maquinaria operativa.<\/p>\n<\/li>\n<\/ul>\n<p><img decoding=\"async\" src=\"https:\/\/www.hydraulic-cylinders.net\/wp-content\/uploads\/2025\/04\/songte-oil-pipes-and-spare-parts.webp\" alt=\"Componentes hidr\u00e1ulicos\"><\/p>\n<h2>Sellado y lubricaci\u00f3n<\/h2>\n<p>Un sellado y una lubricaci\u00f3n fiables son esenciales para el \u00f3ptimo funcionamiento de los cilindros hidr\u00e1ulicos. Se emplean diversos componentes de sellado, como juntas de pist\u00f3n y de v\u00e1stago, para evitar fugas de fluido hidr\u00e1ulico. Estas juntas suelen estar fabricadas con materiales resistentes a la abrasi\u00f3n, como poliuretano y caucho de nitrilo, lo que garantiza su durabilidad y eficacia.<\/p>\n<p>Las superficies del cuerpo del cilindro y los extremos roscados se someten a un procesamiento meticuloso para mejorar su resistencia al desgaste y prolongar su vida \u00fatil. La lubricaci\u00f3n regular con el aceite hidr\u00e1ulico adecuado es necesaria para un funcionamiento \u00f3ptimo y para evitar el desgaste con el tiempo. Una lubricaci\u00f3n correcta reduce la fricci\u00f3n entre las piezas m\u00f3viles, lo que garantiza una acci\u00f3n hidr\u00e1ulica eficiente y extiende la vida \u00fatil del cilindro de la pluma.<\/p>\n<h2>Inspecci\u00f3n peri\u00f3dica y medidas de mantenimiento preventivo<\/h2>\n<ul>\n<li>\n<h3>Inspecciones peri\u00f3dicas<\/h3>\n<p>Realizar inspecciones peri\u00f3dicas es fundamental para identificar posibles problemas antes de que se agraven. Verifique si hay fugas visibles, desgaste en los sellos y cualquier signo de da\u00f1o o deformaci\u00f3n. La detecci\u00f3n temprana permite realizar reparaciones oportunas, evitando da\u00f1os mayores al sistema hidr\u00e1ulico.<\/p>\n<\/li>\n<li>\n<h3>Lubricaci\u00f3n adecuada<\/h3>\n<p>Aseg\u00farese de que el sistema hidr\u00e1ulico est\u00e9 lubricado adecuadamente con el fluido hidr\u00e1ulico recomendado. Rellene peri\u00f3dicamente el dep\u00f3sito de aceite y compruebe que el fluido hidr\u00e1ulico no est\u00e9 contaminado ni degradado. Una lubricaci\u00f3n adecuada minimiza el desgaste de los componentes internos, optimiza el rendimiento y prolonga la vida \u00fatil del cilindro.<\/p>\n<\/li>\n<li>\n<h3>Reemplazo del sello<\/h3>\n<p>Las juntas deben reemplazarse como parte del mantenimiento regular para evitar fugas de fluido hidr\u00e1ulico. Los signos de desgaste, como fugas de fluido o una disminuci\u00f3n del rendimiento, indican que es hora de reemplazar las juntas. Las juntas de repuesto deben cumplir con las especificaciones del equipo original para un funcionamiento adecuado.<\/p>\n<\/li>\n<\/ul>\n<h2>Instrucciones de instalaci\u00f3n<\/h2>\n<p>La correcta instalaci\u00f3n del cilindro de la pluma es fundamental para un rendimiento \u00f3ptimo. Comience asegur\u00e1ndose de que todos los componentes est\u00e9n limpios y libres de residuos. Alinee el cilindro con precisi\u00f3n con los soportes de montaje para evitar desalineaciones, que pueden provocar un desgaste prematuro y fallos.<\/p>\n<p>Utilice soportes de montaje adecuados para asegurar el cilindro y garantizar su estabilidad durante el funcionamiento. Tras la instalaci\u00f3n, compruebe que no haya fugas en las conexiones hidr\u00e1ulicas y aseg\u00farese de que todos los tornillos est\u00e9n apretados seg\u00fan las especificaciones del fabricante. Una vez instalado, realice una prueba de presi\u00f3n para confirmar la integridad y la eficiencia del sistema.<\/p>\n<h2>Tareas comunes de mantenimiento<\/h2>\n<ul>\n<li>\n<h3>Controles regulares<\/h3>\n<p>Las revisiones peri\u00f3dicas del sistema hidr\u00e1ulico y del cilindro de la pluma son esenciales para mantener su rendimiento. Inspeccione si hay fugas, aseg\u00farese de que las l\u00edneas hidr\u00e1ulicas est\u00e9n intactas y confirme la integridad operativa del cilindro. El monitoreo regular puede ayudar a detectar problemas a tiempo, reduciendo as\u00ed las costosas reparaciones.<\/p>\n<\/li>\n<li>\n<h3>Lubricaci\u00f3n adecuada<\/h3>\n<p>Mantener una lubricaci\u00f3n adecuada es fundamental para la eficiencia del sistema hidr\u00e1ulico. Revise peri\u00f3dicamente los niveles de lubricante y rell\u00e9nelo con el fluido hidr\u00e1ulico apropiado seg\u00fan sea necesario. Una lubricaci\u00f3n correcta minimiza la fricci\u00f3n, previene el desgaste y prolonga la vida \u00fatil del cilindro.<\/p>\n<\/li>\n<li>\n<h3>Reemplazo de sellos y controles de calibraci\u00f3n<\/h3>\n<p>Sustituya las juntas seg\u00fan sea necesario para evitar fugas de fluido y realice comprobaciones de calibraci\u00f3n para garantizar el correcto funcionamiento del sistema hidr\u00e1ulico. Una calibraci\u00f3n adecuada asegura que el cilindro opere dentro de sus par\u00e1metros definidos, lo que mejora el rendimiento y la seguridad generales.<\/p>\n<\/li>\n<\/ul>\n<p><img decoding=\"async\" src=\"https:\/\/www.hydraulic-cylinders.net\/wp-content\/uploads\/2025\/04\/songte-chushion-collar.webp\" alt=\"Componentes de mantenimiento\"><\/p>\n<h2>Consideraciones de seguridad y factores ambientales<\/h2>\n<p>Las medidas de seguridad son fundamentales al trabajar con sistemas hidr\u00e1ulicos. Los operarios deben recibir capacitaci\u00f3n sobre los peligros potenciales asociados con los equipos hidr\u00e1ulicos, incluyendo el riesgo de fugas de fluido hidr\u00e1ulico y lesiones relacionadas con la presi\u00f3n. Se debe usar equipo de protecci\u00f3n en todo momento para minimizar los riesgos. Adem\u00e1s, las consideraciones ambientales deben incluir la eliminaci\u00f3n adecuada de fluidos y componentes hidr\u00e1ulicos para prevenir la contaminaci\u00f3n y cumplir con las regulaciones locales.<\/p>\n<h2>Diagn\u00f3stico de fallas y problemas comunes<\/h2>\n<ul>\n<li>\n<h3>P\u00e9rdida de presi\u00f3n hidr\u00e1ulica<\/h3>\n<p>Un problema com\u00fan es la p\u00e9rdida de presi\u00f3n hidr\u00e1ulica, que puede deberse a fugas en los sellos o las tuber\u00edas. Para diagnosticar el problema, inspeccione si hay fugas visibles y compruebe los niveles de presi\u00f3n del sistema. Aseg\u00farese de que todas las conexiones est\u00e9n bien ajustadas y reemplace cualquier componente da\u00f1ado.<\/p>\n<\/li>\n<li>\n<h3>Movimiento lento o sin respuesta del cilindro<\/h3>\n<p>Si el cilindro se mueve lentamente o no responde, compruebe si hay aire en el fluido hidr\u00e1ulico y aseg\u00farese de que el nivel sea el correcto. Inspeccione las l\u00edneas hidr\u00e1ulicas en busca de obstrucciones que puedan impedir el flujo y elimine cualquier residuo que encuentre.<\/p>\n<\/li>\n<li>\n<h3>Desgaste excesivo en los sellos<\/h3>\n<p>El desgaste excesivo de las juntas puede indicar una lubricaci\u00f3n inadecuada o una desalineaci\u00f3n. Revise peri\u00f3dicamente el desgaste de las juntas, reempl\u00e1celas cuando sea necesario y aseg\u00farese de que el cilindro est\u00e9 correctamente alineado durante la instalaci\u00f3n para evitar una tensi\u00f3n excesiva en las juntas.<\/p>\n<\/li>\n<\/ul>\n<p><img decoding=\"async\" src=\"https:\/\/www.hydraulic-cylinders.net\/wp-content\/uploads\/2025\/04\/songte-bushings-with-all-kinds-of-excavator-models.webp\" alt=\"Diagn\u00f3stico de fallas\"><\/p>\n<h2>Consejos para la soluci\u00f3n de problemas y medidas preventivas<\/h2>\n<p>Para solucionar problemas de forma eficaz, comience siempre con un enfoque sistem\u00e1tico. Verifique los niveles de fluidos y aseg\u00farese de que el sistema hidr\u00e1ulico est\u00e9 libre de contaminantes. Las pr\u00e1cticas de mantenimiento regulares, como las inspecciones oportunas y la lubricaci\u00f3n adecuada, son cruciales para prevenir posibles problemas. Mantener un registro de los servicios prestados puede ayudar a controlar el rendimiento e identificar patrones que podr\u00edan indicar problemas subyacentes.<\/p>\n<h2>Acerca de nuestra empresa<\/h2>\n<p>Somos un fabricante l\u00edder de cilindros hidr\u00e1ulicos de repuesto, con una amplia gama de productos que satisfacen las necesidades de los mercados nacionales e internacionales. Nuestro compromiso con la excelencia se refleja en nuestras estrategias de gesti\u00f3n de la producci\u00f3n, que combinan personal t\u00e9cnico cualificado, equipos de fabricaci\u00f3n digital de \u00faltima generaci\u00f3n y sistemas de pruebas profesionales para mejorar continuamente nuestra plataforma de producci\u00f3n.<\/p>\n<p>Nuestras s\u00f3lidas capacidades nos permiten cumplir con altos est\u00e1ndares de eficiencia, precisi\u00f3n y calidad, garantizando as\u00ed la satisfacci\u00f3n de las diversas necesidades de nuestros clientes. Con un enfoque en la profesionalidad, las certificaciones internacionales y los servicios personalizados, nos destacamos en el sector de la fabricaci\u00f3n de cilindros hidr\u00e1ulicos. Nuestros equipos de producci\u00f3n de \u00faltima generaci\u00f3n y un excepcional servicio posventa refuerzan a\u00fan m\u00e1s nuestra reputaci\u00f3n como proveedor de confianza.<\/p>\n<p><img decoding=\"async\" src=\"https:\/\/www.hydraulic-cylinders.net\/wp-content\/uploads\/2025\/04\/songte-company-4.webp\" alt=\"Descripci\u00f3n general de la empresa\"><br \/>\n<img decoding=\"async\" src=\"https:\/\/www.hydraulic-cylinders.net\/wp-content\/uploads\/2025\/04\/songte-company-3.webp\" alt=\"Planta de producci\u00f3n\"><\/p>\n<p>Autor lyl<\/p>","protected":false},"excerpt":{"rendered":"<p>Boom Cylinder For Hengte HT65-8 Introduction to Boom Cylinders The Boom Cylinder is a crucial hydraulic component in machinery, specifically designed for controlling the movement of buckets in heavy equipment like excavators, backhoe loaders, and front loaders. It enables the bucket to lift, lower, and tilt, facilitating efficient material handling tasks. By harnessing the power [&hellip;]<\/p>","protected":false},"featured_media":17878,"comment_status":"open","ping_status":"closed","template":"","meta":{"_et_pb_use_builder":"","_et_pb_old_content":"","_et_gb_content_width":""},"product_brand":[],"product_cat":[1546],"product_tag":[1547,1496],"class_list":{"0":"post-19705","1":"product","2":"type-product","3":"status-publish","4":"has-post-thumbnail","6":"product_cat-boom-cylinders","7":"product_tag-boom-cylinders","8":"product_tag-hydraulic-cylinders","10":"first","11":"instock","12":"shipping-taxable","13":"product-type-simple"},"amp_enabled":true,"_links":{"self":[{"href":"https:\/\/www.hydraulic-cylinders.net\/es\/wp-json\/wp\/v2\/product\/19705","targetHints":{"allow":["GET"]}}],"collection":[{"href":"https:\/\/www.hydraulic-cylinders.net\/es\/wp-json\/wp\/v2\/product"}],"about":[{"href":"https:\/\/www.hydraulic-cylinders.net\/es\/wp-json\/wp\/v2\/types\/product"}],"replies":[{"embeddable":true,"href":"https:\/\/www.hydraulic-cylinders.net\/es\/wp-json\/wp\/v2\/comments?post=19705"}],"wp:featuredmedia":[{"embeddable":true,"href":"https:\/\/www.hydraulic-cylinders.net\/es\/wp-json\/wp\/v2\/media\/17878"}],"wp:attachment":[{"href":"https:\/\/www.hydraulic-cylinders.net\/es\/wp-json\/wp\/v2\/media?parent=19705"}],"wp:term":[{"taxonomy":"product_brand","embeddable":true,"href":"https:\/\/www.hydraulic-cylinders.net\/es\/wp-json\/wp\/v2\/product_brand?post=19705"},{"taxonomy":"product_cat","embeddable":true,"href":"https:\/\/www.hydraulic-cylinders.net\/es\/wp-json\/wp\/v2\/product_cat?post=19705"},{"taxonomy":"product_tag","embeddable":true,"href":"https:\/\/www.hydraulic-cylinders.net\/es\/wp-json\/wp\/v2\/product_tag?post=19705"}],"curies":[{"name":"wp","href":"https:\/\/api.w.org\/{rel}","templated":true}]}}