{"id":19709,"date":"2025-04-07T07:03:08","date_gmt":"2025-04-07T07:03:08","guid":{"rendered":"https:\/\/www.hydraulic-cylinders.net\/product\/boom-cylinder-for-hengte-wheel-excavator-htl60\/"},"modified":"2025-04-07T07:03:11","modified_gmt":"2025-04-07T07:03:11","slug":"boom-cylinder-for-hengte-wheel-excavator-htl60","status":"publish","type":"product","link":"https:\/\/www.hydraulic-cylinders.net\/es\/producto\/boom-cylinder-for-hengte-wheel-excavator-htl60\/","title":{"rendered":"Cilindro de pluma para excavadora de ruedas Hengte HTL60"},"content":{"rendered":"<h1>Cilindro de pluma para excavadora de ruedas Hengte HTL60<\/h1>\n<h2>Descripci\u00f3n general del producto<\/h2>\n<p>El cilindro de la pluma para la excavadora de ruedas Hengte HTL60 es un componente hidr\u00e1ulico esencial, dise\u00f1ado espec\u00edficamente para controlar el movimiento de la pluma en maquinaria pesada. Como cilindro hidr\u00e1ulico, desempe\u00f1a un papel crucial en el sistema hidr\u00e1ulico de excavadoras, retroexcavadoras y cargadoras frontales. Este cilindro permite que la pluma se eleve, baje e incline, facilitando la manipulaci\u00f3n eficiente de materiales. El cilindro de la pluma opera a alta presi\u00f3n, lo que le permite realizar diversas funciones de elevaci\u00f3n y excavaci\u00f3n, lo que lo hace indispensable en trabajos de construcci\u00f3n y excavaci\u00f3n.<\/p>\n<p><img decoding=\"async\" src=\"https:\/\/www.hydraulic-cylinders.net\/wp-content\/uploads\/2025\/04\/songte-company-1.webp\" alt=\"Cilindro de la pluma\"><\/p>\n<h2>Caracter\u00edsticas principales<\/h2>\n<ul>\n<li>\n<h3>Alta resistencia y durabilidad<\/h3>\n<p> El cilindro de la pluma suele estar fabricado con acero o aluminio de alta resistencia, dise\u00f1ado para soportar alta presi\u00f3n y cargas pesadas. Su dise\u00f1o considera la resistencia al desgaste y a la corrosi\u00f3n, lo que prolonga su vida \u00fatil en condiciones de trabajo rigurosas.<\/li>\n<li>\n<h3>Operaci\u00f3n hidr\u00e1ulica eficiente<\/h3>\n<p> Al utilizar la presi\u00f3n del aceite hidr\u00e1ulico, el cilindro de la pluma permite un movimiento telesc\u00f3pico suave. Responde r\u00e1pidamente a los comandos de control, proporcionando una gran fuerza de empuje y tracci\u00f3n, ideal para manipular cargas pesadas y tareas complejas.<\/li>\n<li>\n<h3>Diversos tipos<\/h3>\n<p> Los usuarios pueden elegir entre cilindros de simple efecto (que utilizan presi\u00f3n hidr\u00e1ulica en una direcci\u00f3n) o de doble efecto (que utilizan presi\u00f3n hidr\u00e1ulica en ambas direcciones), seg\u00fan sus necesidades operativas. Algunos modelos son telesc\u00f3picos, lo que permite una mayor extensi\u00f3n sin aumentar las dimensiones externas, ideal para aplicaciones con espacio limitado.<\/li>\n<li>\n<h3>Producci\u00f3n personalizada<\/h3>\n<p> Ofrecemos capacidades de fabricaci\u00f3n para este producto, garantizando que nuestros cilindros puedan reemplazar perfectamente los cilindros hidr\u00e1ulicos existentes sin comprometer el rendimiento.<\/li>\n<li>\n<h3>Flexibilidad de la aplicaci\u00f3n<\/h3>\n<p> El dise\u00f1o del cilindro de la pluma se adapta a diversas aplicaciones, proporcionando versatilidad en diferentes tipos de maquinaria.<\/li>\n<\/ul>\n<p><img decoding=\"async\" src=\"https:\/\/www.hydraulic-cylinders.net\/wp-content\/uploads\/2025\/04\/songte-cylinder-head-with-all-kinds-excavator-models.webp\" alt=\"Modelos de excavadoras\"><\/p>\n<h2>Escenarios de aplicaci\u00f3n<\/h2>\n<ul>\n<li>\n<h3>Equipos de construcci\u00f3n<\/h3>\n<p> En las excavadoras, los cilindros de la pluma son cruciales para excavar, cargar y mover tierra o escombros. Proporcionan la fuerza necesaria para elevar y bajar la pluma eficazmente, aumentando as\u00ed la productividad en la obra. La integraci\u00f3n de cilindros de la pluma en las retroexcavadoras facilita las operaciones de excavaci\u00f3n y elevaci\u00f3n, permitiendo un rendimiento vers\u00e1til en diversas tareas de construcci\u00f3n.<\/li>\n<li>\n<h3>Maquinaria agr\u00edcola<\/h3>\n<p> En las cargadoras frontales, estos cilindros son responsables de recoger, levantar y transportar tierra, heno y otros materiales. Su capacidad para ejercer una fuerza de elevaci\u00f3n significativa es vital para operaciones eficientes, reduciendo el tiempo y la mano de obra necesarios para las tareas agr\u00edcolas.<\/li>\n<li>\n<h3>excavadoras<\/h3>\n<p> El cilindro de la pluma permite que la cuchara penetre eficazmente en el suelo, transformando la energ\u00eda potencial en energ\u00eda cin\u00e9tica para la excavaci\u00f3n. Su dise\u00f1o garantiza que la pluma se extienda y retraiga con suavidad, maximizando la eficiencia operativa y minimizando el desgaste.<\/li>\n<li>\n<h3>Cargadores<\/h3>\n<p> En las cargadoras frontales, los cilindros de la pluma permiten elevar y descargar cargas eficientemente. Su rendimiento confiable garantiza un movimiento r\u00e1pido y eficaz de los materiales, esencial para mantener la productividad en diversas aplicaciones.<\/li>\n<\/ul>\n<h2>Consideraciones de dise\u00f1o<\/h2>\n<ul>\n<li>\n<h3>Capacidad de carga<\/h3>\n<p> La capacidad de carga del cilindro de la pluma es un factor fundamental en el dise\u00f1o. Debe estar dise\u00f1ado para soportar la carga m\u00e1xima prevista durante la operaci\u00f3n sin fallas. Esto implica seleccionar los materiales y las t\u00e9cnicas de construcci\u00f3n adecuados para garantizar su resistencia y resiliencia. La capacidad tambi\u00e9n determina las especificaciones de tama\u00f1o y presi\u00f3n necesarias para el sistema hidr\u00e1ulico. Los c\u00e1lculos minuciosos realizados durante la fase de dise\u00f1o garantizan un rendimiento y una seguridad \u00f3ptimos en aplicaciones de servicio pesado.<\/h3>\n<\/li>\n<li>\n<h3>Calidad del sello<\/h3>\n<p> Un sellado eficaz es crucial para evitar fugas de fluido hidr\u00e1ulico y mantener la presi\u00f3n dentro del cilindro. El uso de materiales de sellado de alta calidad, como el poliuretano y el caucho de nitrilo, es esencial para la durabilidad y el rendimiento. Los dise\u00f1os de los sellos deben adaptarse a los movimientos din\u00e1micos del cilindro, a la vez que resisten el desgaste y las influencias ambientales. El mantenimiento regular y la selecci\u00f3n adecuada de los sellos son vitales para prolongar la vida \u00fatil del cilindro.<\/h3>\n<\/li>\n<li>\n<h3>Durabilidad<\/h3>\n<p> La durabilidad es fundamental en el dise\u00f1o de los cilindros de las plumas, especialmente en entornos de trabajo hostiles. Los materiales utilizados deben soportar diversas tensiones, como temperaturas extremas, humedad y materiales abrasivos. La resistencia a la corrosi\u00f3n tambi\u00e9n es crucial; por ello, se suelen aplicar tratamientos y recubrimientos superficiales para prolongar su vida \u00fatil. Un dise\u00f1o duradero reduce la frecuencia de reemplazos y reparaciones, ahorrando tiempo y dinero al operador.<\/h3>\n<\/li>\n<li>\n<h3>Caracter\u00edsticas de seguridad<\/h3>\n<p> Las caracter\u00edsticas de seguridad en el dise\u00f1o de los cilindros de la pluma garantizan la protecci\u00f3n de los operadores y el equipo. Estas pueden incluir v\u00e1lvulas de alivio de presi\u00f3n para evitar sobrecargas y mecanismos de bloqueo de seguridad que estabilizan la pluma cuando no est\u00e1 en funcionamiento. Un dise\u00f1o de seguridad robusto no solo mejora la seguridad de los trabajadores, sino que tambi\u00e9n previene da\u00f1os accidentales a la maquinaria. El cumplimiento de las normas internacionales de seguridad es crucial en el proceso de dise\u00f1o.<\/h3>\n<\/li>\n<li>\n<h3>Mantenimiento y capacidad de servicio<\/h3>\n<p> Dise\u00f1ar para facilitar el mantenimiento es fundamental. Los componentes deben ser accesibles para inspecci\u00f3n, reparaciones o reemplazos sin necesidad de un desmontaje exhaustivo. Esta filosof\u00eda de dise\u00f1o optimiza los procedimientos de mantenimiento, reduciendo el tiempo de inactividad y los costos operativos. Adem\u00e1s, la documentaci\u00f3n que describe los programas y procedimientos de mantenimiento debe acompa\u00f1ar al cilindro para facilitar un mantenimiento eficaz.<\/h3>\n<\/li>\n<\/ul>\n<p><img decoding=\"async\" src=\"https:\/\/www.hydraulic-cylinders.net\/wp-content\/uploads\/2025\/04\/songte-oil-pipes-and-spare-parts.webp\" alt=\"Piezas de repuesto\"><\/p>\n<h2>Sellado y lubricaci\u00f3n<\/h2>\n<p>El sellado y la lubricaci\u00f3n de los cilindros de la pluma son vitales para garantizar un rendimiento \u00f3ptimo y una larga vida \u00fatil. Se utilizan diversos sellos, como los de pist\u00f3n y v\u00e1stago, para evitar fugas de fluido hidr\u00e1ulico. La selecci\u00f3n de materiales duraderos, como el poliuretano y el caucho de nitrilo, para los sellos mejora la resistencia al desgaste y prolonga su vida \u00fatil. Adem\u00e1s, el cuerpo del cilindro y los extremos roscados se someten a un mecanizado de precisi\u00f3n para mejorar la resistencia al desgaste. El mantenimiento regular, que incluye la lubricaci\u00f3n adecuada del cilindro con aceite hidr\u00e1ulico, es necesario para minimizar la fricci\u00f3n, evitar el sobrecalentamiento y garantizar un funcionamiento fluido. Esta lubricaci\u00f3n rutinaria no solo mejora el rendimiento, sino que tambi\u00e9n protege los componentes internos del desgaste prematuro, lo que la hace esencial para el funcionamiento a largo plazo del cilindro de la pluma.<\/p>\n<h2>Medidas de mantenimiento preventivo<\/h2>\n<ul>\n<li>\n<h3>Inspecciones peri\u00f3dicas<\/h3>\n<p> Realizar inspecciones peri\u00f3dicas es crucial para identificar a tiempo cualquier signo de desgaste o da\u00f1o. Revise si hay fugas, grietas o ruidos anormales durante el funcionamiento. La detecci\u00f3n oportuna de problemas permite reparaciones r\u00e1pidas, evitando da\u00f1os mayores y garantizando la seguridad operativa.<\/h3>\n<\/li>\n<li>\n<h3>Lubricaci\u00f3n adecuada<\/h3>\n<p> Asegurarse de que el cilindro de la pluma est\u00e9 adecuadamente lubricado ayuda a reducir la fricci\u00f3n y el desgaste. Utilice el aceite hidr\u00e1ulico recomendado y respete el programa de lubricaci\u00f3n. Una lubricaci\u00f3n adecuada mejora el rendimiento y minimiza el riesgo de sobrecalentamiento, prolongando as\u00ed la vida \u00fatil del cilindro.<\/h3>\n<\/li>\n<li>\n<h3>Reemplazo del sello<\/h3>\n<p> Revise regularmente el estado de los sellos y reempl\u00e1celos seg\u00fan sea necesario para evitar fugas de fluido hidr\u00e1ulico. Los sellos desgastados pueden reducir la eficiencia y aumentar los costos operativos. Implementar un programa de reemplazo de sellos seg\u00fan el uso puede ayudar a mantener la integridad y el rendimiento del cilindro.<\/h3>\n<\/li>\n<\/ul>\n<h2>Gu\u00eda de instalaci\u00f3n correcta<\/h2>\n<p>La correcta instalaci\u00f3n del cilindro de la pluma es fundamental para garantizar su funcionalidad y durabilidad. Comience preparando un entorno de trabajo limpio y estable para evitar la contaminaci\u00f3n. Alinee el cilindro correctamente durante la instalaci\u00f3n para garantizar un funcionamiento suave y sin tensi\u00f3n excesiva. Se recomienda utilizar soportes de montaje adecuados para fijar el cilindro en su lugar, evitando desalineaciones que podr\u00edan provocar desgaste prematuro o fallos.<\/p>\n<p>Antes de apretar los pernos, verifique la alineaci\u00f3n de todos los componentes para asegurar su correcta colocaci\u00f3n. Siga las especificaciones de torque del fabricante para evitar apretarlos demasiado, ya que esto puede da\u00f1ar el cilindro. Despu\u00e9s de la instalaci\u00f3n, realice una prueba de funcionamiento exhaustiva para verificar que el cilindro funcione correctamente sin fugas ni ruidos anormales. Supervise regularmente la integridad de la instalaci\u00f3n y solucione cualquier problema de inmediato para mantener un rendimiento \u00f3ptimo.<\/p>\n<h2>Tareas comunes de mantenimiento<\/h2>\n<ul>\n<li>\n<h3>Controles regulares<\/h3>\n<p> Es fundamental realizar revisiones peri\u00f3dicas del cilindro de la pluma. Inspeccione el cilindro para detectar fugas, corrosi\u00f3n u otros signos de desgaste. La detecci\u00f3n temprana de problemas permite realizar reparaciones o reemplazos oportunos, lo que a su vez prolonga la vida \u00fatil del cilindro.<\/h3>\n<\/li>\n<li>\n<h3>Lubricaci\u00f3n adecuada<\/h3>\n<p> Aseg\u00farese de que el cilindro est\u00e9 lubricado seg\u00fan las recomendaciones del fabricante. Una lubricaci\u00f3n adecuada minimiza la fricci\u00f3n y previene el desgaste excesivo, que puede provocar fallas en el cilindro. La lubricaci\u00f3n regular es crucial para mantener la eficiencia operativa.<\/h3>\n<\/li>\n<li>\n<h3>Reemplazo de sellos y controles de calibraci\u00f3n<\/h3>\n<p> Reemplace peri\u00f3dicamente los sellos desgastados para evitar fugas de fluido hidr\u00e1ulico. Las comprobaciones de calibraci\u00f3n garantizan que el cilindro funcione dentro de los par\u00e1metros especificados, mejorando as\u00ed su rendimiento y fiabilidad. Esta tarea de mantenimiento es vital para la seguridad y la eficiencia.<\/h3>\n<\/li>\n<\/ul>\n<p><img decoding=\"async\" src=\"https:\/\/www.hydraulic-cylinders.net\/wp-content\/uploads\/2025\/04\/songte-chushion-collar.webp\" alt=\"Collar\u00edn acolchado\"><\/p>\n<h2>Consideraciones de seguridad y medio ambiente<\/h2>\n<p>Al trabajar con cilindros hidr\u00e1ulicos, es fundamental implementar medidas de seguridad para proteger tanto al personal como al medio ambiente. Siga siempre los protocolos de seguridad adecuados al operar equipos con sistemas hidr\u00e1ulicos. Aseg\u00farese de que los operadores est\u00e9n capacitados para manejar posibles emergencias, como fugas de fluido hidr\u00e1ulico, que pueden representar riesgos tanto para la salud como para el medio ambiente. El uso de fluidos hidr\u00e1ulicos ecol\u00f3gicos tambi\u00e9n puede mitigar el impacto de los derrames en los ecosistemas circundantes. Se deben realizar auditor\u00edas de seguridad peri\u00f3dicas para evaluar la eficacia de las medidas de seguridad y el cumplimiento de la normativa.<\/p>\n<h2>Soluci\u00f3n de problemas comunes<\/h2>\n<ul>\n<li>\n<h3>Fuga de fluidos<\/h3>\n<p> Uno de los problemas m\u00e1s comunes con los cilindros de la pluma son las fugas de fluido. Esto puede ocurrir debido a sellos desgastados o componentes mal instalados. Inspeccione regularmente los sellos para detectar desgaste y reempl\u00e1celos seg\u00fan sea necesario. Aseg\u00farese de que est\u00e9n correctamente alineados y apriete los accesorios para evitar fugas.<\/h3>\n<\/li>\n<li>\n<h3>Tiempo de respuesta lento<\/h3>\n<p> Si el cilindro de la pluma responde con lentitud, podr\u00eda indicar un nivel bajo de fluido hidr\u00e1ulico o aire en el sistema. Revise los niveles de fluido y rell\u00e9nelo si es necesario. Purgue el sistema para eliminar el aire atrapado y optimizar su rendimiento.<\/h3>\n<\/li>\n<li>\n<h3>Ruidos inusuales<\/h3>\n<p> Los ruidos inusuales durante el funcionamiento pueden indicar posibles problemas, como lubricaci\u00f3n insuficiente o componentes da\u00f1ados. Inspeccione el cilindro y los componentes circundantes para detectar desgaste o da\u00f1os. Aseg\u00farese de que los niveles de lubricaci\u00f3n sean adecuados y aplique el aceite hidr\u00e1ulico recomendado para reducir la fricci\u00f3n.<\/h3>\n<\/li>\n<\/ul>\n<p>Implementar medidas preventivas puede reducir significativamente la incidencia de estos problemas. El mantenimiento y la supervisi\u00f3n regulares ayudar\u00e1n a identificar posibles problemas antes de que se conviertan en fallos graves.<\/p>\n<p><img decoding=\"async\" src=\"https:\/\/www.hydraulic-cylinders.net\/wp-content\/uploads\/2025\/04\/songte-bushings-with-all-kinds-of-excavator-models.webp\" alt=\"Bujes\"><\/p>\n<h2>Acerca de nuestra empresa<\/h2>\n<p>Somos un fabricante l\u00edder de cilindros hidr\u00e1ulicos de repuesto, con una gama completa de productos para los mercados nacional e internacional. Nuestro compromiso con la calidad excepcional se ve reforzado por nuestra refinada estrategia de gesti\u00f3n de la fabricaci\u00f3n. Contamos con personal t\u00e9cnico cualificado, equipos de fabricaci\u00f3n digital avanzados y robustos sistemas de pruebas para mejorar continuamente nuestra capacidad de fabricaci\u00f3n. Centrados en la alta eficiencia, precisi\u00f3n y calidad, buscamos satisfacer las diversas necesidades de nuestros clientes mediante servicios personalizados y certificaciones internacionales.<\/p>\n<p><img decoding=\"async\" src=\"https:\/\/www.hydraulic-cylinders.net\/wp-content\/uploads\/2025\/04\/songte-company-4.webp\" alt=\"Descripci\u00f3n general de la empresa\"><br \/>\n<img decoding=\"async\" src=\"https:\/\/www.hydraulic-cylinders.net\/wp-content\/uploads\/2025\/04\/songte-company-3.webp\" alt=\"Planta de fabricaci\u00f3n\"><\/p>\n<p>Autor: lyl<\/p>","protected":false},"excerpt":{"rendered":"<p>Boom Cylinder For Hengte Wheel Excavator HTL60 Product Overview The Boom Cylinder for Hengte Wheel Excavator HTL60 is an essential hydraulic component specifically designed to control the movement of the boom in heavy machinery. As a type of hydraulic cylinder, it plays a crucial role in the hydraulic system of excavators, backhoe loaders, and front [&hellip;]<\/p>","protected":false},"featured_media":17867,"comment_status":"open","ping_status":"closed","template":"","meta":{"_et_pb_use_builder":"","_et_pb_old_content":"","_et_gb_content_width":""},"product_brand":[],"product_cat":[1546],"product_tag":[1547,1496],"class_list":{"0":"post-19709","1":"product","2":"type-product","3":"status-publish","4":"has-post-thumbnail","6":"product_cat-boom-cylinders","7":"product_tag-boom-cylinders","8":"product_tag-hydraulic-cylinders","10":"first","11":"instock","12":"shipping-taxable","13":"product-type-simple"},"amp_enabled":true,"_links":{"self":[{"href":"https:\/\/www.hydraulic-cylinders.net\/es\/wp-json\/wp\/v2\/product\/19709","targetHints":{"allow":["GET"]}}],"collection":[{"href":"https:\/\/www.hydraulic-cylinders.net\/es\/wp-json\/wp\/v2\/product"}],"about":[{"href":"https:\/\/www.hydraulic-cylinders.net\/es\/wp-json\/wp\/v2\/types\/product"}],"replies":[{"embeddable":true,"href":"https:\/\/www.hydraulic-cylinders.net\/es\/wp-json\/wp\/v2\/comments?post=19709"}],"wp:featuredmedia":[{"embeddable":true,"href":"https:\/\/www.hydraulic-cylinders.net\/es\/wp-json\/wp\/v2\/media\/17867"}],"wp:attachment":[{"href":"https:\/\/www.hydraulic-cylinders.net\/es\/wp-json\/wp\/v2\/media?parent=19709"}],"wp:term":[{"taxonomy":"product_brand","embeddable":true,"href":"https:\/\/www.hydraulic-cylinders.net\/es\/wp-json\/wp\/v2\/product_brand?post=19709"},{"taxonomy":"product_cat","embeddable":true,"href":"https:\/\/www.hydraulic-cylinders.net\/es\/wp-json\/wp\/v2\/product_cat?post=19709"},{"taxonomy":"product_tag","embeddable":true,"href":"https:\/\/www.hydraulic-cylinders.net\/es\/wp-json\/wp\/v2\/product_tag?post=19709"}],"curies":[{"name":"wp","href":"https:\/\/api.w.org\/{rel}","templated":true}]}}