{"id":19711,"date":"2025-04-07T07:03:14","date_gmt":"2025-04-07T07:03:14","guid":{"rendered":"https:\/\/www.hydraulic-cylinders.net\/product\/boom-cylinder-for-hengte-wheel-excavator-htl85-8\/"},"modified":"2025-04-07T07:03:16","modified_gmt":"2025-04-07T07:03:16","slug":"boom-cylinder-for-hengte-wheel-excavator-htl85-8","status":"publish","type":"product","link":"https:\/\/www.hydraulic-cylinders.net\/es\/producto\/boom-cylinder-for-hengte-wheel-excavator-htl85-8\/","title":{"rendered":"Cilindro de pluma para excavadora de ruedas Hengte HTL85-8"},"content":{"rendered":"<h1>Cilindro de pluma para excavadora de ruedas Hengte HTL85-8<\/h1>\n<h2>Introducci\u00f3n al cilindro de pluma<\/h2>\n<p>El <strong>Cilindro de la pluma<\/strong> El cilindro hidr\u00e1ulico es un componente esencial de la maquinaria pesada, especialmente de excavadoras, retroexcavadoras y cargadoras frontales. Est\u00e1 dise\u00f1ado para controlar el movimiento del cuchar\u00f3n, permitiendo elevarlo, bajarlo e inclinarlo para una manipulaci\u00f3n de materiales eficiente. Este cilindro hidr\u00e1ulico desempe\u00f1a un papel crucial en el sistema hidr\u00e1ulico, donde el aceite hidr\u00e1ulico a presi\u00f3n se utiliza para generar movimientos controlados. Comprender el funcionamiento del cilindro hidr\u00e1ulico es fundamental para quienes utilizan maquinaria pesada en sus operaciones.<\/p>\n<p><img decoding=\"async\" src=\"https:\/\/www.hydraulic-cylinders.net\/wp-content\/uploads\/2025\/04\/songte-company-1.webp\" alt=\"Imagen del cilindro de la pluma\" \/><\/p>\n<h3>Definici\u00f3n y descripci\u00f3n general<\/h3>\n<p>Un cilindro de pluma es un tipo de cilindro hidr\u00e1ulico dise\u00f1ado espec\u00edficamente para controlar el movimiento de las cucharas en maquinaria pesada. Permite que la cuchara realice tareas esenciales como excavar, levantar y transportar materiales de manera eficiente. El sistema hidr\u00e1ulico funciona mediante fluido presurizado que genera un movimiento lineal, el cual se traduce en el movimiento mec\u00e1nico de la cuchara. Esto permite a los operadores manejar cargas pesadas y tareas complejas con precisi\u00f3n y facilidad.<\/p>\n<h2>Caracter\u00edsticas del cilindro de la pluma<\/h2>\n<ul>\n<li><strong>Alta resistencia y durabilidad:<\/strong> El cilindro de la pluma, generalmente fabricado en acero de alta resistencia o aluminio, est\u00e1 dise\u00f1ado para soportar altas presiones y cargas pesadas, lo que lo hace adecuado para entornos de trabajo exigentes.<\/li>\n<li><strong>Operaci\u00f3n hidr\u00e1ulica eficiente:<\/strong> Utiliza la presi\u00f3n del aceite hidr\u00e1ulico para una extensi\u00f3n y retracci\u00f3n suaves y r\u00e1pidas, proporcionando potentes fuerzas de empuje y tracci\u00f3n ideales para el manejo de materiales pesados \u200b\u200by operaciones complejas.<\/li>\n<li><strong>Diversos tipos:<\/strong> Disponibles en versiones de simple efecto (accionamiento hidr\u00e1ulico en un solo sentido) o de doble efecto (accionamiento hidr\u00e1ulico en ambos sentidos) para satisfacer diversas necesidades operativas. Algunos modelos tambi\u00e9n incorporan capacidad telesc\u00f3pica para un mayor alcance sin aumentar las dimensiones externas.<\/li>\n<li><strong>Opciones personalizables:<\/strong> Capaz de adaptar las especificaciones en funci\u00f3n de los requisitos de diferentes maquinarias y tareas operativas.<\/li>\n<li><strong>Dise\u00f1o de f\u00e1cil mantenimiento:<\/strong> Dise\u00f1ado para facilitar el mantenimiento, garantizando que los operadores puedan mantener el equipo funcionando sin problemas con un tiempo de inactividad m\u00ednimo.<\/li>\n<\/ul>\n<p>Nuestra empresa se especializa en la producci\u00f3n de cilindros de pluma de alta calidad que reemplazan perfectamente los cilindros hidr\u00e1ulicos existentes.<\/p>\n<p><img decoding=\"async\" src=\"https:\/\/www.hydraulic-cylinders.net\/wp-content\/uploads\/2025\/04\/songte-cylinder-head-with-all-kinds-excavator-models.webp\" alt=\"Variantes del cilindro de la pluma\" \/><\/p>\n<h2>Aplicaciones del cilindro de la pluma<\/h2>\n<h3>Equipos de construcci\u00f3n<\/h3>\n<p>En las excavadoras, los cilindros de la pluma son cruciales para excavar, cargar y mover tierra o escombros. Su capacidad para proporcionar potentes movimientos de elevaci\u00f3n y descenso es esencial para realizar diversas tareas de construcci\u00f3n de manera eficiente. Las excavadoras dependen de los cilindros de la pluma para ejecutar movimientos precisos, lo que garantiza que los materiales se manipulen de forma segura y eficaz en las obras.<\/p>\n<h3>Maquinaria agr\u00edcola<\/h3>\n<p>Las palas cargadoras frontales utilizan cilindros en la pluma para recoger, levantar y transportar tierra, heno y otros materiales. Estos cilindros permiten a los operadores manejar grandes cargas con facilidad, lo que contribuye a aumentar la productividad en las explotaciones agr\u00edcolas. La posibilidad de inclinar y ajustar la cuchara mejora la versatilidad de la maquinaria agr\u00edcola.<\/p>\n<h3>Tareas de excavaci\u00f3n<\/h3>\n<p>En una excavadora, el cilindro de la pluma permite que el cuchar\u00f3n penetre eficazmente en el suelo, facilitando as\u00ed las labores de excavaci\u00f3n. La potente acci\u00f3n hidr\u00e1ulica que proporciona el cilindro de la pluma garantiza que la excavadora pueda trabajar en terrenos dif\u00edciles, convirti\u00e9ndola en una herramienta indispensable para proyectos de construcci\u00f3n y paisajismo.<\/p>\n<h3>M\u00e1quinas de carga<\/h3>\n<p>En las cargadoras frontales, los cilindros de la pluma ayudan a levantar y descargar cargas de forma eficiente. Su dise\u00f1o facilita la manipulaci\u00f3n de materiales, permitiendo a los operarios transportar mercanc\u00edas de un lugar a otro de forma r\u00e1pida y segura, mejorando as\u00ed la productividad y la eficiencia operativa.<\/p>\n<h2>Consideraciones de dise\u00f1o y criterios de selecci\u00f3n<\/h2>\n<h3>Capacidad de carga<\/h3>\n<p>La capacidad de carga del cilindro de la pluma es un aspecto fundamental del dise\u00f1o. Debe ser capaz de soportar el peso m\u00e1ximo de los materiales que se manipulan, garantizando la seguridad y la estabilidad durante las operaciones. Los ingenieros deben calcular los requisitos de carga en funci\u00f3n de las aplicaciones espec\u00edficas y los tipos de maquinaria para asegurar un rendimiento \u00f3ptimo sin comprometer la integridad estructural.<\/p>\n<h3>Integridad del sello<\/h3>\n<p>La integridad de los sellos es vital para prevenir fugas de fluido hidr\u00e1ulico y garantizar un funcionamiento eficiente. Los sellos de alta calidad, fabricados con materiales duraderos, son esenciales para soportar las variaciones de presi\u00f3n y temperatura. Unos mecanismos de sellado adecuados minimizan las necesidades de mantenimiento y prolongan la vida \u00fatil del sistema hidr\u00e1ulico, contribuyendo a la fiabilidad general del equipo.<\/p>\n<h3>Durabilidad<\/h3>\n<p>La durabilidad es un factor crucial en el dise\u00f1o de los cilindros de las plumas. Los componentes deben fabricarse con materiales resistentes al desgaste y la corrosi\u00f3n, sobre todo en entornos exigentes. El dise\u00f1o debe incorporar caracter\u00edsticas que prolonguen su vida \u00fatil, como recubrimientos protectores y m\u00e9todos de construcci\u00f3n robustos, para soportar las exigencias de las operaciones de alta exigencia.<\/p>\n<h3>Caracter\u00edsticas de seguridad<\/h3>\n<p>La seguridad es una prioridad en el dise\u00f1o de cilindros hidr\u00e1ulicos. Elementos como las v\u00e1lvulas de alivio de presi\u00f3n y los sistemas de montaje robustos ayudan a prevenir accidentes durante el funcionamiento. La implementaci\u00f3n de normas de seguridad garantiza que los operarios puedan trabajar con confianza, sabiendo que el equipo funcionar\u00e1 de forma fiable bajo presi\u00f3n sin fallos.<\/p>\n<h3>Accesibilidad de mantenimiento<\/h3>\n<p>El dise\u00f1o de cilindros de pluma que faciliten el mantenimiento es esencial para minimizar el tiempo de inactividad. Caracter\u00edsticas como engrasadores accesibles, juntas f\u00e1ciles de reemplazar y gu\u00edas de mantenimiento claras contribuyen a un servicio eficiente. El mantenimiento regular ayuda a identificar posibles problemas a tiempo, maximizando as\u00ed la vida \u00fatil del cilindro hidr\u00e1ulico.<\/p>\n<p><img decoding=\"async\" src=\"https:\/\/www.hydraulic-cylinders.net\/wp-content\/uploads\/2025\/04\/songte-oil-pipes-and-spare-parts.webp\" alt=\"Componentes del cilindro hidr\u00e1ulico\" \/><\/p>\n<h2>Sellado y lubricaci\u00f3n del cilindro hidr\u00e1ulico<\/h2>\n<p>Un sellado y lubricaci\u00f3n adecuados son cruciales para el \u00f3ptimo funcionamiento de los cilindros hidr\u00e1ulicos. Diversos sellos, como los de pist\u00f3n y v\u00e1stago, desempe\u00f1an un papel esencial en la prevenci\u00f3n de fugas de fluido hidr\u00e1ulico. Para garantizar su durabilidad y resistencia al desgaste, se suelen utilizar materiales de alta calidad como el poliuretano y el caucho de nitrilo.<\/p>\n<p>El cuerpo del cilindro y los extremos roscados se someten a procesos de mecanizado de precisi\u00f3n para mejorar la resistencia al desgaste y garantizar un ajuste perfecto de las juntas. Es necesario lubricar regularmente con el aceite hidr\u00e1ulico adecuado para minimizar la fricci\u00f3n, reducir el desgaste y asegurar un funcionamiento \u00f3ptimo. Los operarios deben tener en cuenta la importancia de mantener los niveles de fluido correctos y sustituir las juntas cuando sea necesario para garantizar el rendimiento del cilindro.<\/p>\n<h2>Mantenimiento regular y medidas preventivas<\/h2>\n<ul>\n<li><strong>Inspecciones regulares:<\/strong> Inspeccione peri\u00f3dicamente el cilindro hidr\u00e1ulico para detectar signos de desgaste, fugas o da\u00f1os. La detecci\u00f3n temprana de problemas puede prevenir aver\u00edas m\u00e1s graves en el futuro.<\/li>\n<li><strong>Lubricaci\u00f3n adecuada:<\/strong> Aseg\u00farese de que el cilindro hidr\u00e1ulico est\u00e9 adecuadamente lubricado con el aceite hidr\u00e1ulico apropiado. Compruebe peri\u00f3dicamente los niveles de fluido y rell\u00e9nelos seg\u00fan sea necesario para mantener un rendimiento \u00f3ptimo.<\/li>\n<li><strong>Reemplazo del sello:<\/strong> Controle el desgaste de las juntas y reempl\u00e1celas cuando sea necesario. El deterioro de las juntas puede provocar fugas de fluidos y una menor eficiencia, por lo que su reemplazo oportuno es fundamental.<\/li>\n<\/ul>\n<h2>Instrucciones de instalaci\u00f3n para el cilindro de la pluma<\/h2>\n<p>La correcta instalaci\u00f3n del cilindro de la pluma es esencial para garantizar un rendimiento \u00f3ptimo. Comience por asegurarse de que todas las superficies de montaje est\u00e9n limpias y libres de residuos. Alinee correctamente el cilindro con los puntos de montaje para evitar tensiones innecesarias en los componentes.<\/p>\n<p>Utilice soportes de montaje adecuados para fijar el cilindro, asegur\u00e1ndose de que quede bien sujeto sin aplicar una fuerza excesiva que pueda da\u00f1arlo. Una vez instalado, revise las conexiones de las l\u00edneas hidr\u00e1ulicas para comprobar que no haya fugas y que todos los racores est\u00e9n bien sujetos. Tras la instalaci\u00f3n, pruebe el funcionamiento del cilindro para confirmar que funciona correctamente y realice los ajustes necesarios.<\/p>\n<h2>Tareas de mantenimiento<\/h2>\n<h3>Inspecciones peri\u00f3dicas<\/h3>\n<p>Realice inspecciones peri\u00f3dicas del cilindro hidr\u00e1ulico para detectar cualquier desgaste o da\u00f1o. Esto incluye verificar si hay fugas y asegurarse de que todos los componentes funcionen correctamente. Las revisiones peri\u00f3dicas ayudan a detectar posibles problemas a tiempo, lo que puede prevenir aver\u00edas m\u00e1s graves y reparaciones costosas.<\/p>\n<h3>Lubricaci\u00f3n adecuada<\/h3>\n<p>La lubricaci\u00f3n del cilindro hidr\u00e1ulico es esencial para un funcionamiento \u00f3ptimo. Aseg\u00farese de utilizar el tipo correcto de aceite hidr\u00e1ulico y revise los niveles de fluido peri\u00f3dicamente. Una lubricaci\u00f3n adecuada minimiza el desgaste de los componentes, prolongando la vida \u00fatil del cilindro.<\/p>\n<h3>Reemplazo de sellos y controles de calibraci\u00f3n<\/h3>\n<p>Revise peri\u00f3dicamente las juntas para detectar signos de desgaste y reempl\u00e1celas cuando sea necesario para evitar fugas. Las comprobaciones de calibraci\u00f3n garantizan que el cilindro hidr\u00e1ulico funcione dentro de los par\u00e1metros especificados, manteniendo la eficiencia y la seguridad durante su uso. Un equipo correctamente calibrado reduce el riesgo de aver\u00edas y mejora el rendimiento general.<\/p>\n<p><img decoding=\"async\" src=\"https:\/\/www.hydraulic-cylinders.net\/wp-content\/uploads\/2025\/04\/songte-chushion-collar.webp\" alt=\"Instalaci\u00f3n de cilindros hidr\u00e1ulicos\" \/><\/p>\n<h2>Consideraciones de seguridad y factores ambientales<\/h2>\n<p>Al operar cilindros hidr\u00e1ulicos, las medidas de seguridad son primordiales. Los operadores deben recibir capacitaci\u00f3n en procedimientos de manejo seguro para minimizar el riesgo de accidentes. Esto incluye comprender la importancia de usar el equipo de protecci\u00f3n personal (EPP) adecuado y cumplir con los protocolos de seguridad durante la operaci\u00f3n y el mantenimiento. Tambi\u00e9n se deben considerar factores ambientales, como la exposici\u00f3n a temperaturas extremas y materiales corrosivos, para garantizar la durabilidad y la confiabilidad de los sistemas hidr\u00e1ulicos.<\/p>\n<h2>Soluci\u00f3n de problemas y problemas comunes<\/h2>\n<h3>Problemas comunes<\/h3>\n<ul>\n<li><strong>Fugas hidr\u00e1ulicas:<\/strong> Revise las juntas y conexiones para identificar el origen de cualquier fuga. Resolver las fugas de inmediato es fundamental para mantener la presi\u00f3n del sistema.<\/li>\n<li><strong>Movimiento inconsistente:<\/strong> Investigue posibles obstrucciones en las l\u00edneas hidr\u00e1ulicas o problemas con el nivel del fluido hidr\u00e1ulico para resolver problemas de movimiento inconsistente.<\/li>\n<li><strong>Ruido excesivo:<\/strong> Los ruidos inusuales pueden indicar la presencia de aire en el sistema hidr\u00e1ulico o una lubricaci\u00f3n insuficiente. Purgar el sistema y asegurar los niveles adecuados de lubricaci\u00f3n puede solucionar este problema.<\/li>\n<\/ul>\n<p>La implementaci\u00f3n de medidas preventivas, como el mantenimiento y las inspecciones regulares, puede ayudar a disminuir la probabilidad de que ocurran estos problemas comunes y garantizar el buen funcionamiento del cilindro hidr\u00e1ulico.<\/p>\n<p><img decoding=\"async\" src=\"https:\/\/www.hydraulic-cylinders.net\/wp-content\/uploads\/2025\/04\/songte-bushings-with-all-kinds-of-excavator-models.webp\" alt=\"Soluci\u00f3n de problemas de cilindros hidr\u00e1ulicos\" \/><\/p>\n<h2>Acerca de nuestra empresa<\/h2>\n<p>Somos un fabricante l\u00edder de cilindros hidr\u00e1ulicos, con una amplia gama de productos que abastecen tanto al mercado nacional como al internacional. Nuestro compromiso con la excelencia nos impulsa a mantener altos est\u00e1ndares de calidad en la fabricaci\u00f3n, respaldados por una estrategia de gesti\u00f3n de producci\u00f3n optimizada.<\/p>\n<p>Mejoramos continuamente nuestras capacidades de fabricaci\u00f3n mediante tecnolog\u00eda avanzada, personal cualificado y un sistema de pruebas especializado. Esta dedicaci\u00f3n garantiza que satisfagamos las diversas necesidades de nuestros clientes con alta eficiencia, precisi\u00f3n y calidad.<\/p>\n<p>Nuestra empresa tambi\u00e9n ofrece servicios personalizados, certificaciones internacionales y un excepcional servicio posventa, lo que nos permite destacar en el sector. Priorizamos la satisfacci\u00f3n del cliente y nos esforzamos por mantener nuestra posici\u00f3n como socio de confianza en soluciones hidr\u00e1ulicas.<\/p>\n<p><img decoding=\"async\" src=\"https:\/\/www.hydraulic-cylinders.net\/wp-content\/uploads\/2025\/04\/songte-company-4.webp\" alt=\"Descripci\u00f3n general de la empresa\" \/><br \/>\n<img decoding=\"async\" src=\"https:\/\/www.hydraulic-cylinders.net\/wp-content\/uploads\/2025\/04\/songte-company-3.webp\" alt=\"Producci\u00f3n de cilindros hidr\u00e1ulicos\" \/><\/p>\n<p>Autor: lyl<\/p>","protected":false},"excerpt":{"rendered":"<p>Boom Cylinder For Hengte Wheel Excavator HTL85-8 Introduction to the Boom Cylinder The Boom Cylinder is an essential hydraulic component found in heavy machinery, particularly in excavators, backhoe loaders, and front loaders. It is designed to control the movement of the bucket, allowing it to lift, lower, and tilt for efficient material handling tasks. This [&hellip;]<\/p>","protected":false},"featured_media":17869,"comment_status":"open","ping_status":"closed","template":"","meta":{"_et_pb_use_builder":"","_et_pb_old_content":"","_et_gb_content_width":""},"product_brand":[],"product_cat":[1546],"product_tag":[1547,1496],"class_list":{"0":"post-19711","1":"product","2":"type-product","3":"status-publish","4":"has-post-thumbnail","6":"product_cat-boom-cylinders","7":"product_tag-boom-cylinders","8":"product_tag-hydraulic-cylinders","10":"first","11":"instock","12":"shipping-taxable","13":"product-type-simple"},"amp_enabled":true,"_links":{"self":[{"href":"https:\/\/www.hydraulic-cylinders.net\/es\/wp-json\/wp\/v2\/product\/19711","targetHints":{"allow":["GET"]}}],"collection":[{"href":"https:\/\/www.hydraulic-cylinders.net\/es\/wp-json\/wp\/v2\/product"}],"about":[{"href":"https:\/\/www.hydraulic-cylinders.net\/es\/wp-json\/wp\/v2\/types\/product"}],"replies":[{"embeddable":true,"href":"https:\/\/www.hydraulic-cylinders.net\/es\/wp-json\/wp\/v2\/comments?post=19711"}],"wp:featuredmedia":[{"embeddable":true,"href":"https:\/\/www.hydraulic-cylinders.net\/es\/wp-json\/wp\/v2\/media\/17869"}],"wp:attachment":[{"href":"https:\/\/www.hydraulic-cylinders.net\/es\/wp-json\/wp\/v2\/media?parent=19711"}],"wp:term":[{"taxonomy":"product_brand","embeddable":true,"href":"https:\/\/www.hydraulic-cylinders.net\/es\/wp-json\/wp\/v2\/product_brand?post=19711"},{"taxonomy":"product_cat","embeddable":true,"href":"https:\/\/www.hydraulic-cylinders.net\/es\/wp-json\/wp\/v2\/product_cat?post=19711"},{"taxonomy":"product_tag","embeddable":true,"href":"https:\/\/www.hydraulic-cylinders.net\/es\/wp-json\/wp\/v2\/product_tag?post=19711"}],"curies":[{"name":"wp","href":"https:\/\/api.w.org\/{rel}","templated":true}]}}