{"id":19722,"date":"2025-04-07T07:03:54","date_gmt":"2025-04-07T07:03:54","guid":{"rendered":"https:\/\/www.hydraulic-cylinders.net\/product\/boom-cylinder-for-yigong-cy330lc-8\/"},"modified":"2025-04-07T07:03:57","modified_gmt":"2025-04-07T07:03:57","slug":"boom-cylinder-for-yigong-cy330lc-8","status":"publish","type":"product","link":"https:\/\/www.hydraulic-cylinders.net\/es\/producto\/boom-cylinder-for-yigong-cy330lc-8\/","title":{"rendered":"Cilindro de pluma para Yigong CY330LC-8"},"content":{"rendered":"<h1>Cilindro de pluma para Yigong CY330LC-8<\/h1>\n<h2>Descripci\u00f3n general del producto<\/h2>\n<p>El cilindro de la pluma para la Yigong CY330LC-8 es un componente hidr\u00e1ulico esencial, dise\u00f1ado espec\u00edficamente para controlar el movimiento de la pluma de maquinaria pesada, como excavadoras, retroexcavadoras y cargadoras frontales. Este cilindro hidr\u00e1ulico permite elevar, bajar e inclinar la pluma, facilitando la manipulaci\u00f3n eficiente de materiales. Como cilindro hidr\u00e1ulico, utiliza fluido hidr\u00e1ulico presurizado para generar movimiento lineal, esencial para el funcionamiento de diversas m\u00e1quinas de construcci\u00f3n y agr\u00edcolas.<\/p>\n<p><img decoding=\"async\" src=\"https:\/\/www.hydraulic-cylinders.net\/wp-content\/uploads\/2025\/04\/songte-company-1.webp\" alt=\"Imagen del cilindro de la pluma\"><\/p>\n<h3>Funciones y aplicaciones<\/h3>\n<p>El cilindro del cuchar\u00f3n desempe\u00f1a un papel crucial en los sistemas hidr\u00e1ulicos, ya que permite un control preciso de los movimientos de la maquinaria pesada. En la construcci\u00f3n, facilita la excavaci\u00f3n, la carga y el movimiento de materiales, garantizando la eficiencia de las tareas. El dise\u00f1o del cilindro del cuchar\u00f3n se adapta a las altas exigencias de la maquinaria pesada, lo que lo hace indispensable tanto en la construcci\u00f3n como en la agricultura.<\/p>\n<h2>Caracter\u00edsticas principales<\/h2>\n<ul>\n<li><strong>Alta resistencia y durabilidad:<\/strong> Fabricado en acero o aluminio de alta resistencia, el cilindro de la pluma est\u00e1 dise\u00f1ado para soportar alta presi\u00f3n y cargas pesadas, lo que lo hace adecuado para duras condiciones de trabajo.<\/li>\n<li><strong>Operaci\u00f3n hidr\u00e1ulica eficiente:<\/strong> Al utilizar la presi\u00f3n del aceite hidr\u00e1ulico, estos cilindros proporcionan una extensi\u00f3n y retracci\u00f3n suaves, brindando potentes capacidades de empuje y tracci\u00f3n para manejar tareas pesadas y complejas.<\/li>\n<li><strong>Diversos tipos:<\/strong> Disponible en modelos de acci\u00f3n simple y doble, el cilindro de la pluma se puede adaptar para satisfacer necesidades operativas espec\u00edficas, incluidos dise\u00f1os telesc\u00f3picos para aplicaciones compactas.<\/li>\n<li><strong>Rendimiento mejorado:<\/strong> Dise\u00f1ado teniendo en cuenta la resistencia al desgaste y la protecci\u00f3n contra la corrosi\u00f3n, prolongando la vida \u00fatil del cilindro.<\/li>\n<li><strong>F\u00e1cil mantenimiento:<\/strong> El dise\u00f1o facilita inspecciones y reparaciones sencillas, garantizando usabilidad y confiabilidad a largo plazo.<\/li>\n<\/ul>\n<p>Fabricamos este producto y nuestros cilindros pueden reemplazar perfectamente los cilindros hidr\u00e1ulicos existentes.<\/p>\n<p><img decoding=\"async\" src=\"https:\/\/www.hydraulic-cylinders.net\/wp-content\/uploads\/2025\/04\/songte-cylinder-head-with-all-kinds-excavator-models.webp\" alt=\"Imagen de la culata\"><\/p>\n<h2>Aplicaciones<\/h2>\n<h3>Equipos de construcci\u00f3n<\/h3>\n<p>En las excavadoras, el cilindro de la pluma es esencial para excavar, cargar y mover tierra o escombros. Su capacidad para proporcionar una gran potencia de elevaci\u00f3n permite a los operadores realizar diversas tareas con eficiencia. En las retroexcavadoras, el cilindro de la pluma no solo facilita la excavaci\u00f3n, sino tambi\u00e9n la elevaci\u00f3n de cargas pesadas, lo que lo convierte en un componente crucial en los proyectos de construcci\u00f3n.<\/p>\n<h3>Maquinaria agr\u00edcola<\/h3>\n<p>Las cargadoras frontales utilizan cilindros de pluma para recoger, levantar y transportar tierra, heno y otros materiales. Estos cilindros mejoran la productividad en las explotaciones agr\u00edcolas al permitir la manipulaci\u00f3n eficiente de materiales a granel.<\/p>\n<h3>excavadoras<\/h3>\n<p>En las excavadoras, el cilindro de la pluma permite que el cuchar\u00f3n penetre eficazmente en el suelo, facilitando las excavaciones profundas. Esta funci\u00f3n es vital para diversas aplicaciones de construcci\u00f3n, desde cimentaciones hasta paisajismo.<\/p>\n<h3>Cargadores<\/h3>\n<p>En las cargadoras frontales, los cilindros de la pluma ayudan a elevar y descargar cargas, optimizando el rendimiento en la obra. Su funcionamiento fiable es esencial para manipular materiales con rapidez y eficiencia durante las tareas de construcci\u00f3n y paisajismo.<\/p>\n<h2>Consideraciones de dise\u00f1o y criterios de selecci\u00f3n<\/h2>\n<h3>Capacidad de carga<\/h3>\n<p>La capacidad de carga del cilindro de la pluma es fundamental. Determina la capacidad de carga del cilindro, manteniendo los est\u00e1ndares de seguridad y rendimiento. Un c\u00e1lculo de carga adecuado es necesario para evitar fallos y garantizar que el cilindro pueda soportar las exigencias operativas sin comprometer la integridad estructural.<\/p>\n<h3>Capacidad de sellado<\/h3>\n<p>Un sellado eficaz es crucial para evitar fugas de fluido hidr\u00e1ulico, que pueden provocar fallos en el sistema. Es fundamental seleccionar sellos de alta calidad para garantizar que resistan las presiones y temperaturas experimentadas durante el funcionamiento. Las revisiones peri\u00f3dicas de los sellos ayudan a mantener un rendimiento \u00f3ptimo y prolongar la vida \u00fatil del cilindro.<\/p>\n<h3>Durabilidad<\/h3>\n<p>La durabilidad es esencial para los cilindros hidr\u00e1ulicos expuestos a entornos hostiles. La elecci\u00f3n de materiales y acabados resistentes al desgaste y la corrosi\u00f3n prolongar\u00e1 la vida \u00fatil del cilindro. Un dise\u00f1o duradero minimiza la necesidad de reemplazos y mantenimiento frecuentes, lo que a su vez ahorra costos.<\/p>\n<h3>Caracter\u00edsticas de seguridad<\/h3>\n<p>La incorporaci\u00f3n de caracter\u00edsticas de seguridad en el dise\u00f1o de los cilindros de la pluma es fundamental. Estas caracter\u00edsticas previenen accidentes y lesiones durante la operaci\u00f3n. Las medidas de seguridad pueden incluir v\u00e1lvulas de alivio de presi\u00f3n integradas o mecanismos de bloqueo robustos que garanticen la estabilidad del cilindro bajo carga.<\/p>\n<h3>Mantenibilidad<\/h3>\n<p>Dise\u00f1ar cilindros de pluma para facilitar el mantenimiento es fundamental. Un cilindro que permita una inspecci\u00f3n, lubricaci\u00f3n y sustituci\u00f3n de piezas sencillas reducir\u00e1 el tiempo de inactividad y mejorar\u00e1 la productividad. Cada componente debe ser accesible sin complejos procesos de desmontaje para garantizar que las tareas de mantenimiento se realicen eficientemente.<\/p>\n<p><img decoding=\"async\" src=\"https:\/\/www.hydraulic-cylinders.net\/wp-content\/uploads\/2025\/04\/songte-oil-pipes-and-spare-parts.webp\" alt=\"Imagen de piezas hidr\u00e1ulicas\"><\/p>\n<h2>Sellado y lubricaci\u00f3n<\/h2>\n<p>Un sellado y una lubricaci\u00f3n adecuados son vitales para la funcionalidad y la longevidad del cilindro de la pluma. Diversos componentes de sellado, como los sellos de pist\u00f3n y de v\u00e1stago, deben seleccionarse cuidadosamente. Se prefieren materiales como el poliuretano y el caucho de nitrilo por su resistencia al desgaste. El cuerpo del cilindro y los extremos roscados deben procesarse con precisi\u00f3n para mejorar la resistencia al desgaste. La lubricaci\u00f3n regular con aceite hidr\u00e1ulico es necesaria para minimizar la fricci\u00f3n y garantizar un funcionamiento suave.<\/p>\n<h2>Medidas de mantenimiento preventivo<\/h2>\n<ul>\n<li><strong>Inspecciones regulares:<\/strong> Realizar controles de rutina para detectar fugas, desgaste y problemas de rendimiento ayuda a identificar problemas potenciales antes de que se agraven.<\/li>\n<li><strong>Lubricaci\u00f3n adecuada:<\/strong> Asegurarse de que el aceite hidr\u00e1ulico est\u00e9 en el nivel y condici\u00f3n correctos es crucial para el funcionamiento \u00f3ptimo del cilindro.<\/li>\n<li><strong>Reemplazo del sello:<\/strong> La sustituci\u00f3n peri\u00f3dica de los sellos evita fugas y mantiene la presi\u00f3n hidr\u00e1ulica, garantizando un rendimiento eficiente.<\/li>\n<\/ul>\n<h2>Instrucciones de instalaci\u00f3n<\/h2>\n<p>Una instalaci\u00f3n correcta es esencial para el buen funcionamiento del cilindro de la pluma. Comience por asegurarse de que las superficies de montaje est\u00e9n limpias y libres de residuos. Alinee el cilindro con precisi\u00f3n, utilizando los soportes de montaje adecuados para fijarlo firmemente. Es importante seguir las especificaciones del fabricante en cuanto a par de apriete y alineaci\u00f3n para evitar desalineaciones, que pueden provocar desgaste prematuro o fallos. Tras la instalaci\u00f3n, compruebe si hay fugas y aseg\u00farese de que todas las conexiones est\u00e9n bien sujetas.<\/p>\n<h2>Tareas de mantenimiento<\/h2>\n<ul>\n<li><strong>Controles peri\u00f3dicos:<\/strong> Las inspecciones frecuentes ayudan a detectar problemas a tiempo y a mantener el m\u00e1ximo rendimiento.<\/li>\n<li><strong>Lubricaci\u00f3n adecuada:<\/strong> Lubricar peri\u00f3dicamente el cilindro es esencial para evitar el desgaste y el sobrecalentamiento.<\/li>\n<li><strong>Reemplazo del sello:<\/strong> El reemplazo oportuno de los sellos es crucial para mantener la presi\u00f3n hidr\u00e1ulica y prevenir fugas.<\/li>\n<\/ul>\n<p>Una correcta instalaci\u00f3n, lubricaci\u00f3n y alineaci\u00f3n son vitales para maximizar la vida \u00fatil del cilindro de la pluma. El uso de t\u00e9cnicas de alineaci\u00f3n adecuadas durante la instalaci\u00f3n garantiza que el cilindro funcione sin problemas y sin tensi\u00f3n excesiva. Seguir los procedimientos recomendados de revisi\u00f3n, reparaci\u00f3n y reemplazo es esencial para mantener su funcionalidad y fiabilidad.<\/p>\n<p><img decoding=\"async\" src=\"https:\/\/www.hydraulic-cylinders.net\/wp-content\/uploads\/2025\/04\/songte-chushion-collar.webp\" alt=\"Imagen de cuello de coj\u00edn\"><\/p>\n<h2>Consideraciones de seguridad y factores ambientales<\/h2>\n<p>Al hablar de cilindros de pluma, las medidas de seguridad son primordiales. Los operadores deben estar capacitados para reconocer y mitigar los riesgos asociados con los sistemas hidr\u00e1ulicos. Se debe usar el equipo de protecci\u00f3n personal (EPP) adecuado, y el cumplimiento de los protocolos de seguridad es esencial para prevenir accidentes y garantizar un entorno de trabajo seguro.<\/p>\n<h2>Soluci\u00f3n de problemas y problemas comunes<\/h2>\n<ul>\n<li><strong>Fuga:<\/strong> Si se detectan fugas de l\u00edquido, inspeccione los sellos y las conexiones para identificar la fuente de la fuga.<\/li>\n<li><strong>Movimiento lento:<\/strong> Esto puede indicar que no hay suficiente l\u00edquido hidr\u00e1ulico o un posible da\u00f1o interno; verifique los niveles de l\u00edquido e inspeccione si hay desgaste.<\/li>\n<li><strong>Ruidos inusuales:<\/strong> Cualquier sonido extra\u00f1o durante el funcionamiento podr\u00eda sugerir problemas mec\u00e1nicos o poca lubricaci\u00f3n; solucione el problema seg\u00fan corresponda.<\/li>\n<\/ul>\n<p>Proporcionar consejos y soluciones para la resoluci\u00f3n de problemas permite a los operadores identificar y corregir eficazmente los problemas con los cilindros de la pluma. Las medidas preventivas y el mantenimiento regular pueden reducir significativamente la probabilidad de que estos problemas se produzcan.<\/p>\n<p><img decoding=\"async\" src=\"https:\/\/www.hydraulic-cylinders.net\/wp-content\/uploads\/2025\/04\/songte-bushings-with-all-kinds-of-excavator-models.webp\" alt=\"Imagen de bujes\"><\/p>\n<h2>Descripci\u00f3n general de la empresa<\/h2>\n<p>Somos un fabricante l\u00edder de cilindros hidr\u00e1ulicos de repuesto, reconocidos por nuestra amplia gama de productos. Nuestro compromiso con la calidad nos ha posicionado como una empresa l\u00edder en el mercado nacional e internacional. Nos esforzamos por alcanzar la excelencia mediante pr\u00e1cticas de fabricaci\u00f3n de alta calidad y estrategias avanzadas de gesti\u00f3n de la producci\u00f3n. Nuestro personal cualificado, junto con equipos de fabricaci\u00f3n digital de \u00faltima generaci\u00f3n, optimiza nuestra capacidad de producci\u00f3n.<\/p>\n<p>Con un enfoque en la experiencia profesional, certificaciones internacionales y servicios personalizados, nuestros productos satisfacen las diversas necesidades de nuestros clientes. Nuestro s\u00f3lido servicio posventa garantiza que los clientes reciban asistencia durante todo el ciclo de vida de nuestros productos.<\/p>\n<p><img decoding=\"async\" src=\"https:\/\/www.hydraulic-cylinders.net\/wp-content\/uploads\/2025\/04\/songte-company-4.webp\" alt=\"Imagen de la empresa 1\"><br \/>\n<img decoding=\"async\" src=\"https:\/\/www.hydraulic-cylinders.net\/wp-content\/uploads\/2025\/04\/songte-company-3.webp\" alt=\"Imagen de la empresa 2\"><\/p>\n<p>Autor: lyl<\/p>","protected":false},"excerpt":{"rendered":"<p>Boom Cylinder For Yigong CY330LC-8 Product Overview The Boom Cylinder for Yigong CY330LC-8 is a vital hydraulic component designed specifically to control the movement of the boom of heavy machinery, including excavators, backhoe loaders, and front loaders. This hydraulic cylinder allows for the lifting, lowering, and tilting of the boom, facilitating efficient material handling tasks. [&hellip;]<\/p>","protected":false},"featured_media":17880,"comment_status":"open","ping_status":"closed","template":"","meta":{"_et_pb_use_builder":"","_et_pb_old_content":"","_et_gb_content_width":""},"product_brand":[],"product_cat":[1546],"product_tag":[1547,1496],"class_list":{"0":"post-19722","1":"product","2":"type-product","3":"status-publish","4":"has-post-thumbnail","6":"product_cat-boom-cylinders","7":"product_tag-boom-cylinders","8":"product_tag-hydraulic-cylinders","10":"first","11":"instock","12":"shipping-taxable","13":"product-type-simple"},"amp_enabled":true,"_links":{"self":[{"href":"https:\/\/www.hydraulic-cylinders.net\/es\/wp-json\/wp\/v2\/product\/19722","targetHints":{"allow":["GET"]}}],"collection":[{"href":"https:\/\/www.hydraulic-cylinders.net\/es\/wp-json\/wp\/v2\/product"}],"about":[{"href":"https:\/\/www.hydraulic-cylinders.net\/es\/wp-json\/wp\/v2\/types\/product"}],"replies":[{"embeddable":true,"href":"https:\/\/www.hydraulic-cylinders.net\/es\/wp-json\/wp\/v2\/comments?post=19722"}],"wp:featuredmedia":[{"embeddable":true,"href":"https:\/\/www.hydraulic-cylinders.net\/es\/wp-json\/wp\/v2\/media\/17880"}],"wp:attachment":[{"href":"https:\/\/www.hydraulic-cylinders.net\/es\/wp-json\/wp\/v2\/media?parent=19722"}],"wp:term":[{"taxonomy":"product_brand","embeddable":true,"href":"https:\/\/www.hydraulic-cylinders.net\/es\/wp-json\/wp\/v2\/product_brand?post=19722"},{"taxonomy":"product_cat","embeddable":true,"href":"https:\/\/www.hydraulic-cylinders.net\/es\/wp-json\/wp\/v2\/product_cat?post=19722"},{"taxonomy":"product_tag","embeddable":true,"href":"https:\/\/www.hydraulic-cylinders.net\/es\/wp-json\/wp\/v2\/product_tag?post=19722"}],"curies":[{"name":"wp","href":"https:\/\/api.w.org\/{rel}","templated":true}]}}