{"id":19729,"date":"2025-04-07T07:04:25","date_gmt":"2025-04-07T07:04:25","guid":{"rendered":"https:\/\/www.hydraulic-cylinders.net\/product\/boom-cylinder-for-xiniu-xnx8\/"},"modified":"2025-04-07T07:04:27","modified_gmt":"2025-04-07T07:04:27","slug":"boom-cylinder-for-xiniu-xnx8","status":"publish","type":"product","link":"https:\/\/www.hydraulic-cylinders.net\/es\/producto\/boom-cylinder-for-xiniu-xnx8\/","title":{"rendered":"Cilindro de pluma para Xiniu XNX8"},"content":{"rendered":"<h1>Cilindro de pluma para Xiniu XNX8<\/h1>\n<h2>Comprender el cilindro de la pluma<\/h2>\n<p>El cilindro de la pluma, dise\u00f1ado espec\u00edficamente para maquinaria pesada, desempe\u00f1a un papel crucial en el funcionamiento de diversos equipos, como excavadoras y cargadoras. Este cilindro hidr\u00e1ulico controla el movimiento del cuchar\u00f3n, permiti\u00e9ndole elevar, bajar e inclinar. Como componente vital de los sistemas hidr\u00e1ulicos, el cilindro de la pluma permite una manipulaci\u00f3n eficiente de materiales, lo que lo convierte en un componente esencial de la maquinaria de construcci\u00f3n y agr\u00edcola.<\/p>\n<p><img decoding=\"async\" src=\"https:\/\/www.hydraulic-cylinders.net\/wp-content\/uploads\/2025\/04\/songte-company-1.webp\" alt=\"Imagen del cilindro de la pluma\"><\/p>\n<h3>Definici\u00f3n y descripci\u00f3n general<\/h3>\n<p>Un cilindro de pluma es un tipo de cilindro hidr\u00e1ulico que se utiliza espec\u00edficamente en maquinaria pesada para controlar el movimiento del cuchar\u00f3n. Funciona mediante fluido hidr\u00e1ulico para generar fuerza, lo que permite que la maquinaria realice tareas como excavar, levantar e inclinar con precisi\u00f3n. Este mecanismo es fundamental en aplicaciones que requieren elevaci\u00f3n de cargas pesadas y manipulaci\u00f3n de materiales, ya que proporciona la potencia y el control necesarios para una operaci\u00f3n eficiente.<\/p>\n<h2>Caracter\u00edsticas del cilindro de la pluma<\/h2>\n<ul>\n<li><strong>Alta resistencia y durabilidad:<\/strong> Generalmente fabricados en acero o aluminio de alta resistencia, dise\u00f1ados para soportar alta presi\u00f3n y cargas pesadas. Est\u00e1n dise\u00f1ados para soportar entornos de trabajo rigurosos, incorporando resistencia al desgaste y a la corrosi\u00f3n para prolongar su vida \u00fatil.<\/li>\n<li><strong>Operaci\u00f3n hidr\u00e1ulica eficiente:<\/strong> El cilindro utiliza la presi\u00f3n del fluido hidr\u00e1ulico para lograr una extensi\u00f3n y retracci\u00f3n suaves, respondiendo r\u00e1pidamente a los comandos del operador y proporcionando una fuerza de empuje y tracci\u00f3n sustancial adecuada para gestionar tareas pesadas y complejas.<\/li>\n<li><strong>Diversos tipos:<\/strong> Disponibles en modelos de simple efecto (hidr\u00e1ulico utilizado en una direcci\u00f3n) o doble efecto (hidr\u00e1ulico utilizado en ambas direcciones), con algunas variantes telesc\u00f3picas, lo que permite una mayor extensi\u00f3n sin aumentar las dimensiones externas, lo que las hace ideales para aplicaciones con espacio limitado.<\/li>\n<li><strong>Fabricaci\u00f3n personalizada:<\/strong> Nuestros productos pueden reemplazar perfectamente los cilindros hidr\u00e1ulicos existentes, garantizando la compatibilidad y el rendimiento.<\/li>\n<li><strong>Rendimiento confiable:<\/strong> Dise\u00f1ado para un funcionamiento constante bajo cargas variables, garantizando confiabilidad durante tareas exigentes.<\/li>\n<\/ul>\n<p><img decoding=\"async\" src=\"https:\/\/www.hydraulic-cylinders.net\/wp-content\/uploads\/2025\/04\/songte-cylinder-head-with-all-kinds-excavator-models.webp\" alt=\"Especificaciones del cilindro de la pluma\"><\/p>\n<h2>Aplicaciones del cilindro de la pluma<\/h2>\n<h3>Equipos de construcci\u00f3n<\/h3>\n<p>En las excavadoras, los cilindros de la pluma son cruciales para excavar, cargar y mover tierra o escombros. Permiten que la cuchara penetre eficazmente en el suelo, lo que permite una excavaci\u00f3n eficiente. De igual manera, en las retroexcavadoras, estos cilindros facilitan tanto la excavaci\u00f3n como la elevaci\u00f3n, lo que las hace vers\u00e1tiles para diversas actividades de construcci\u00f3n.<\/p>\n<h3>Maquinaria agr\u00edcola<\/h3>\n<p>En las cargadoras frontales, los cilindros de la pluma facilitan la recolecci\u00f3n, elevaci\u00f3n y transporte de tierra, heno y otros materiales. El sistema hidr\u00e1ulico proporciona la potencia necesaria para estas tareas, mejorando la productividad y la eficiencia de las operaciones agr\u00edcolas.<\/p>\n<h3>excavadoras<\/h3>\n<p>Las excavadoras dependen de los cilindros de la pluma para realizar las acciones de excavaci\u00f3n, permitiendo que el cuchar\u00f3n penetre el suelo eficientemente. Esta capacidad es vital para tareas como paisajismo, excavaci\u00f3n de zanjas y preparaci\u00f3n del terreno, donde se requiere precisi\u00f3n y potencia.<\/p>\n<h3>Cargadores<\/h3>\n<p>En las cargadoras frontales, los cilindros de la pluma desempe\u00f1an un papel esencial para elevar y descargar cargas eficazmente. Permiten a los operadores manipular materiales con rapidez y precisi\u00f3n, mejorando significativamente la eficiencia operativa en las obras de construcci\u00f3n.<\/p>\n<h2>Consideraciones de dise\u00f1o y criterios de selecci\u00f3n<\/h2>\n<h3>Capacidad de carga<\/h3>\n<p>La capacidad de carga de un cilindro de pluma es un factor crucial a considerar al seleccionar un cilindro hidr\u00e1ulico. Debe soportar el peso m\u00e1ximo que la maquinaria puede levantar o mover. Una evaluaci\u00f3n adecuada de la capacidad de carga garantiza un funcionamiento seguro y eficaz, reduciendo el riesgo de fallos mec\u00e1nicos.<\/p>\n<h3>Caza de focas<\/h3>\n<p>Un sellado eficaz es vital para mantener la presi\u00f3n hidr\u00e1ulica y evitar fugas de fluido. Unos sellos de alta calidad son esenciales para garantizar la longevidad del cilindro y evitar la contaminaci\u00f3n del fluido hidr\u00e1ulico, que podr\u00eda afectar su rendimiento.<\/p>\n<h3>Durabilidad<\/h3>\n<p>La durabilidad de un cilindro de pluma depende de los materiales utilizados y las caracter\u00edsticas de dise\u00f1o que incorpora. Un cilindro bien dise\u00f1ado debe resistir el desgaste causado por el movimiento constante y la exposici\u00f3n a condiciones ambientales adversas, garantizando as\u00ed una mayor vida \u00fatil.<\/p>\n<h3>Seguridad<\/h3>\n<p>Las caracter\u00edsticas de seguridad siempre deben ser una prioridad al seleccionar un cilindro de pluma. Esto incluye evaluar su capacidad para soportar condiciones de sobrecarga y asegurar la instalaci\u00f3n de v\u00e1lvulas de seguridad para evitar fallos catastr\u00f3ficos durante la operaci\u00f3n.<\/p>\n<h3>Mantenibilidad<\/h3>\n<p>La facilidad de mantenimiento es crucial para minimizar el tiempo de inactividad. Seleccionar un cilindro de pluma que permita un f\u00e1cil acceso a los componentes cr\u00edticos para su inspecci\u00f3n y mantenimiento mejorar\u00e1 la eficiencia operativa y prolongar\u00e1 la vida \u00fatil del equipo.<\/p>\n<p><img decoding=\"async\" src=\"https:\/\/www.hydraulic-cylinders.net\/wp-content\/uploads\/2025\/04\/songte-oil-pipes-and-spare-parts.webp\" alt=\"Componentes del cilindro hidr\u00e1ulico\"><\/p>\n<h2>Sellado y lubricaci\u00f3n<\/h2>\n<p>Un sellado y una lubricaci\u00f3n adecuados son esenciales para el rendimiento y la longevidad de los cilindros de las plumas. Se utilizan diversos elementos de sellado, como sellos de pist\u00f3n y de v\u00e1stago, para evitar fugas de fluidos y contaminaci\u00f3n. Materiales como el poliuretano y el caucho de nitrilo se utilizan com\u00fanmente por su resistencia al desgaste. Adem\u00e1s, el cuerpo del cilindro y las superficies roscadas de los extremos requieren un mecanizado preciso para mejorar la resistencia al desgaste. La lubricaci\u00f3n regular con aceite hidr\u00e1ulico es necesaria para mantener un rendimiento \u00f3ptimo y evitar el desgaste por fricci\u00f3n.<\/p>\n<h2>Inspecci\u00f3n regular y mantenimiento preventivo<\/h2>\n<ul>\n<li><strong>Inspecciones regulares:<\/strong> Realice inspecciones exhaustivas para detectar signos de desgaste, fugas o da\u00f1os. La detecci\u00f3n temprana de problemas puede prevenir problemas m\u00e1s graves en el futuro.<\/li>\n<li><strong>Lubricaci\u00f3n adecuada:<\/strong> Aseg\u00farese de que el aceite hidr\u00e1ulico est\u00e9 adecuadamente lleno y c\u00e1mbielo peri\u00f3dicamente seg\u00fan las recomendaciones del fabricante para mantener un funcionamiento suave.<\/li>\n<li><strong>Reemplazo del sello:<\/strong> Revise y reemplace peri\u00f3dicamente los sellos seg\u00fan sea necesario para evitar fugas y mantener la eficiencia.<\/li>\n<\/ul>\n<h2>Instrucciones de instalaci\u00f3n<\/h2>\n<p>Siga estos pasos para una correcta instalaci\u00f3n del cilindro de la pluma:<\/p>\n<ol>\n<li>Aseg\u00farese de que todos los componentes est\u00e9n limpios y libres de residuos antes de la instalaci\u00f3n.<\/li>\n<li>Alinee el cilindro con precisi\u00f3n con los puntos de montaje para evitar tensi\u00f3n y desalineaci\u00f3n durante el funcionamiento.<\/li>\n<li>Utilice soportes de montaje adecuados para fijar el cilindro en su lugar, asegur\u00e1ndose de que est\u00e9 firmemente fijado.<\/li>\n<li>Compruebe todas las conexiones hidr\u00e1ulicas para detectar fugas antes de operar la maquinaria.<\/li>\n<li>Pruebe el sistema a baja presi\u00f3n antes del funcionamiento completo para garantizar que todo funcione correctamente.<\/li>\n<\/ol>\n<h2>Tareas comunes de mantenimiento<\/h2>\n<ul>\n<li><strong>Inspecciones regulares:<\/strong> Programe inspecciones de rutina para detectar cualquier desgaste o da\u00f1o de forma temprana.<\/li>\n<li><strong>Lubricaci\u00f3n adecuada:<\/strong> Lubrique peri\u00f3dicamente el cilindro seg\u00fan las especificaciones para evitar el desgaste y mantener la eficiencia.<\/li>\n<li><strong>Reemplazo de sellos y controles de calibraci\u00f3n:<\/strong> Revise peri\u00f3dicamente los sellos para detectar desgaste y reempl\u00e1celos seg\u00fan sea necesario, asegurando que el sistema permanezca sellado y eficiente.<\/li>\n<\/ul>\n<p>Durante la instalaci\u00f3n, es importante alinear correctamente el cilindro, utilizando los soportes de montaje adecuados para asegurarlo. Las tareas de mantenimiento regulares, como las inspecciones y la lubricaci\u00f3n, son vitales para prolongar la vida \u00fatil del cilindro de la pluma y garantizar un funcionamiento seguro.<\/p>\n<p><img decoding=\"async\" src=\"https:\/\/www.hydraulic-cylinders.net\/wp-content\/uploads\/2025\/04\/songte-chushion-collar.webp\" alt=\"Collar\u00edn acolchado\"><\/p>\n<h2>Consideraciones de seguridad y factores ambientales<\/h2>\n<p>Al trabajar con sistemas hidr\u00e1ulicos, las medidas de seguridad son primordiales. Los operadores deben usar el equipo de protecci\u00f3n personal (EPP) adecuado y asegurarse de que se sigan todos los protocolos de seguridad durante la operaci\u00f3n y el mantenimiento. La capacitaci\u00f3n regular en seguridad hidr\u00e1ulica puede prevenir accidentes y mejorar la eficiencia operativa.<\/p>\n<h2>Soluci\u00f3n de problemas y problemas comunes<\/h2>\n<ul>\n<li><strong>Fugas de fluido hidr\u00e1ulico:<\/strong> Revise los sellos y las conexiones para detectar desgaste o da\u00f1os. Reemplace inmediatamente cualquier sello defectuoso para evitar fugas.<\/li>\n<li><strong>Potencia insuficiente:<\/strong> Esto puede indicar niveles bajos de fluido hidr\u00e1ulico o da\u00f1os internos en el cilindro. Inspeccione el sistema y rell\u00e9nelo o rep\u00e1relo seg\u00fan sea necesario.<\/li>\n<li><strong>Ruidos inusuales:<\/strong> Cualquier ruido de rechinamiento o golpeteo puede indicar desgaste mec\u00e1nico o desalineaci\u00f3n. Investigue de inmediato para evitar da\u00f1os mayores.<\/li>\n<\/ul>\n<h2>Consejos y soluciones para la resoluci\u00f3n de problemas<\/h2>\n<p>Para una soluci\u00f3n de problemas eficaz:<\/p>\n<ul>\n<li>Inspeccione peri\u00f3dicamente todos los componentes hidr\u00e1ulicos para detectar desgaste o da\u00f1os y solucione los problemas a medida que surjan.<\/li>\n<li>Mantenga el l\u00edquido hidr\u00e1ulico en los niveles adecuados y reempl\u00e1celo seg\u00fan lo recomendado para evitar problemas de rendimiento.<\/li>\n<li>Implemente medidas preventivas, como mantenimiento y controles regulares, para minimizar posibles problemas y prolongar la vida \u00fatil del cilindro de la pluma.<\/li>\n<\/ul>\n<p><img decoding=\"async\" src=\"https:\/\/www.hydraulic-cylinders.net\/wp-content\/uploads\/2025\/04\/songte-bushings-with-all-kinds-of-excavator-models.webp\" alt=\"Bujes de cilindros hidr\u00e1ulicos\"><\/p>\n<h2>Descripci\u00f3n general de la empresa<\/h2>\n<p>Somos un fabricante l\u00edder de cilindros hidr\u00e1ulicos de repuesto y ofrecemos una amplia gama de productos para el mercado nacional e internacional. Nuestro compromiso con la excelencia en la calidad se basa en una estrategia de fabricaci\u00f3n optimizada que incorpora tecnolog\u00eda avanzada, personal cualificado y un proceso de producci\u00f3n eficiente. Nuestras modernas instalaciones de fabricaci\u00f3n est\u00e1n equipadas con equipos digitales de alta gama y un riguroso sistema de pruebas para garantizar los m\u00e1s altos est\u00e1ndares de calidad. Nos enorgullecemos de nuestra capacidad para satisfacer las diversas necesidades de nuestros clientes con alta eficiencia, precisi\u00f3n y calidad.<\/p>\n<p>Nuestra experiencia se extiende a:<\/p>\n<ul>\n<li><strong>Profesionalismo:<\/strong> Con un equipo de profesionales experimentados, garantizamos que nuestros productos cumplan con los m\u00e1s altos est\u00e1ndares de la industria.<\/li>\n<li><strong>Certificaciones internacionales:<\/strong> Nuestros productos est\u00e1n certificados para cumplir con los est\u00e1ndares internacionales de calidad, mejorando la confianza del cliente.<\/li>\n<li><strong>Servicios personalizados:<\/strong> Ofrecemos soluciones personalizadas para satisfacer los requisitos espec\u00edficos del cliente, garantizando su satisfacci\u00f3n.<\/li>\n<li><strong>Equipo de producci\u00f3n avanzado:<\/strong> Nuestros procesos de fabricaci\u00f3n utilizan tecnolog\u00eda de vanguardia para mejorar la eficiencia y la precisi\u00f3n.<\/li>\n<li><strong>Servicio postventa:<\/strong> Brindamos un s\u00f3lido soporte posventa para ayudar a los clientes con cualquier consulta o problema que puedan enfrentar.<\/li>\n<\/ul>\n<p><img decoding=\"async\" src=\"https:\/\/www.hydraulic-cylinders.net\/wp-content\/uploads\/2025\/04\/songte-company-4.webp\" alt=\"Informaci\u00f3n general de la empresa 1\"><img decoding=\"async\" src=\"https:\/\/www.hydraulic-cylinders.net\/wp-content\/uploads\/2025\/04\/songte-company-3.webp\" alt=\"Resumen de la empresa 2\"><\/p>\n<p>Autor: lyl<\/p>","protected":false},"excerpt":{"rendered":"<p>Boom Cylinder For Xiniu XNX8 Understanding the Boom Cylinder The boom cylinder, specifically designed for heavy machinery, plays a crucial role in the operation of various equipment such as excavators and loaders. This hydraulic cylinder is responsible for controlling the movement of the bucket, enabling it to lift, lower, and tilt. As a vital component [&hellip;]<\/p>","protected":false},"featured_media":17872,"comment_status":"open","ping_status":"closed","template":"","meta":{"_et_pb_use_builder":"","_et_pb_old_content":"","_et_gb_content_width":""},"product_brand":[],"product_cat":[1546],"product_tag":[1547,1496],"class_list":{"0":"post-19729","1":"product","2":"type-product","3":"status-publish","4":"has-post-thumbnail","6":"product_cat-boom-cylinders","7":"product_tag-boom-cylinders","8":"product_tag-hydraulic-cylinders","10":"first","11":"instock","12":"shipping-taxable","13":"product-type-simple"},"amp_enabled":true,"_links":{"self":[{"href":"https:\/\/www.hydraulic-cylinders.net\/es\/wp-json\/wp\/v2\/product\/19729","targetHints":{"allow":["GET"]}}],"collection":[{"href":"https:\/\/www.hydraulic-cylinders.net\/es\/wp-json\/wp\/v2\/product"}],"about":[{"href":"https:\/\/www.hydraulic-cylinders.net\/es\/wp-json\/wp\/v2\/types\/product"}],"replies":[{"embeddable":true,"href":"https:\/\/www.hydraulic-cylinders.net\/es\/wp-json\/wp\/v2\/comments?post=19729"}],"wp:featuredmedia":[{"embeddable":true,"href":"https:\/\/www.hydraulic-cylinders.net\/es\/wp-json\/wp\/v2\/media\/17872"}],"wp:attachment":[{"href":"https:\/\/www.hydraulic-cylinders.net\/es\/wp-json\/wp\/v2\/media?parent=19729"}],"wp:term":[{"taxonomy":"product_brand","embeddable":true,"href":"https:\/\/www.hydraulic-cylinders.net\/es\/wp-json\/wp\/v2\/product_brand?post=19729"},{"taxonomy":"product_cat","embeddable":true,"href":"https:\/\/www.hydraulic-cylinders.net\/es\/wp-json\/wp\/v2\/product_cat?post=19729"},{"taxonomy":"product_tag","embeddable":true,"href":"https:\/\/www.hydraulic-cylinders.net\/es\/wp-json\/wp\/v2\/product_tag?post=19729"}],"curies":[{"name":"wp","href":"https:\/\/api.w.org\/{rel}","templated":true}]}}