{"id":19732,"date":"2025-04-07T07:04:34","date_gmt":"2025-04-07T07:04:34","guid":{"rendered":"https:\/\/www.hydraulic-cylinders.net\/product\/boom-cylinder-for-kato-small-excavator-hd550-1-7\/"},"modified":"2025-04-07T07:04:37","modified_gmt":"2025-04-07T07:04:37","slug":"boom-cylinder-for-kato-small-excavator-hd550-1-7","status":"publish","type":"product","link":"https:\/\/www.hydraulic-cylinders.net\/es\/producto\/boom-cylinder-for-kato-small-excavator-hd550-1-7\/","title":{"rendered":"Cilindro de pluma para excavadora peque\u00f1a Kato HD550-1-7"},"content":{"rendered":"<h1>Cilindro de pluma para excavadora peque\u00f1a Kato HD550-1-7<\/h1>\n<h2>Comprender el cilindro de la pluma<\/h2>\n<p>El cilindro de la pluma es un cilindro hidr\u00e1ulico dise\u00f1ado espec\u00edficamente para controlar el movimiento de la pluma en diversas m\u00e1quinas pesadas, como excavadoras, retroexcavadoras y cargadoras frontales. Este componente esencial permite que la pluma se eleve, baje e incline, facilitando la manipulaci\u00f3n eficiente de materiales. En los sistemas hidr\u00e1ulicos, el cilindro de la pluma desempe\u00f1a un papel fundamental al utilizar fluido hidr\u00e1ulico para transmitir potencia, lo que permite movimientos suaves y controlados. El dise\u00f1o de estos cilindros garantiza un rendimiento robusto y una gran fiabilidad, lo que los hace indispensables en aplicaciones de construcci\u00f3n y excavaci\u00f3n.<\/p>\n<p><img decoding=\"async\" src=\"https:\/\/www.hydraulic-cylinders.net\/wp-content\/uploads\/2025\/04\/songte-company-1.webp\" alt=\"Cilindro de pluma para excavadora peque\u00f1a Kato\"><\/p>\n<h3>Caracter\u00edsticas principales del cilindro de la pluma<\/h3>\n<ul>\n<li><strong>Alta resistencia y durabilidad:<\/strong> Fabricado en acero o aluminio de alta resistencia, el cilindro de la pluma puede soportar alta presi\u00f3n y cargas pesadas, lo que lo hace adecuado para duras condiciones de trabajo.<\/li>\n<li><strong>Operaci\u00f3n hidr\u00e1ulica eficiente:<\/strong> El cilindro utiliza presi\u00f3n de aceite hidr\u00e1ulico para lograr una extensi\u00f3n y retracci\u00f3n suaves, proporcionando una respuesta r\u00e1pida a los comandos operativos.<\/li>\n<li><strong>Diversos tipos:<\/strong> Disponible en configuraciones de acci\u00f3n simple (operaci\u00f3n hidr\u00e1ulica en una direcci\u00f3n) o de acci\u00f3n doble (operaci\u00f3n hidr\u00e1ulica en ambas direcciones), satisfaciendo distintas necesidades operativas.<\/li>\n<li><strong>Dise\u00f1o compacto:<\/strong> Algunos modelos cuentan con un dise\u00f1o telesc\u00f3pico que permite una mayor extensi\u00f3n sin aumentar las dimensiones externas, ideal para aplicaciones con limitaciones de espacio.<\/li>\n<li><strong>Facilidad de reemplazo:<\/strong> Nuestros cilindros est\u00e1n dise\u00f1ados para reemplazar sin problemas los cilindros hidr\u00e1ulicos existentes, lo que garantiza la compatibilidad y la eficiencia operativa.<\/li>\n<\/ul>\n<p><img decoding=\"async\" src=\"https:\/\/www.hydraulic-cylinders.net\/wp-content\/uploads\/2025\/04\/songte-cylinder-head-with-all-kinds-excavator-models.webp\" alt=\"Opciones de reemplazo de cilindros hidr\u00e1ulicos\"><\/p>\n<h2>Aplicaciones del cilindro de la pluma<\/h2>\n<h3>1. Equipos de construcci\u00f3n<\/h3>\n<p>En las excavadoras, el cilindro de la pluma es crucial para excavar, cargar y mover tierra o escombros. Su capacidad de extensi\u00f3n y retracci\u00f3n permite una excavaci\u00f3n precisa y la colocaci\u00f3n de materiales. En las retroexcavadoras, el cilindro facilita tanto la excavaci\u00f3n como la elevaci\u00f3n, mejorando la productividad general. El funcionamiento eficiente del cilindro de la pluma influye directamente en la velocidad y la eficacia de los proyectos de construcci\u00f3n.<\/p>\n<h3>2. Maquinaria agr\u00edcola<\/h3>\n<p>Las cargadoras frontales utilizan cilindros de pluma para recoger, levantar y transportar tierra, heno y otros materiales. La potencia hidr\u00e1ulica del cilindro permite operaciones de carga r\u00e1pidas y eficientes, esenciales para la gesti\u00f3n agr\u00edcola. La adaptabilidad del cilindro de pluma a diversas tareas agr\u00edcolas aumenta su valor en el sector.<\/p>\n<h3>3. Excavadoras<\/h3>\n<p>El cilindro de la pluma permite que la cuchara penetre en el suelo durante las operaciones de excavaci\u00f3n, lo que permite excavar a mayor profundidad y con mayor eficiencia. Sus capacidades hidr\u00e1ulicas permiten a la excavadora realizar diversas funciones, como zanjeo y nivelaci\u00f3n, demostrando su versatilidad en la construcci\u00f3n y el paisajismo.<\/p>\n<h3>4. Cargadores<\/h3>\n<p>En las cargadoras frontales, los cilindros de la pluma facilitan la elevaci\u00f3n y descarga eficaz de materiales. Esta funci\u00f3n es vital en la construcci\u00f3n y el paisajismo, donde el movimiento oportuno de materiales puede afectar significativamente los plazos del proyecto. La fiabilidad del cilindro de la pluma garantiza que las cargadoras funcionen con la m\u00e1xima eficiencia.<\/p>\n<h2>Consideraciones de dise\u00f1o y criterios de selecci\u00f3n<\/h2>\n<h3>Capacidad de carga<\/h3>\n<p>Al seleccionar un cilindro de pluma, es fundamental comprender su capacidad de carga. El cilindro debe soportar el peso m\u00e1ximo que levantar\u00e1 sin comprometer el rendimiento ni la seguridad. Esto requiere c\u00e1lculos exhaustivos basados \u200b\u200ben las cargas operativas previstas para garantizar el cumplimiento de las especificaciones correctas.<\/p>\n<h3>Rendimiento de sellado<\/h3>\n<p>Un sellado eficaz es fundamental en los sistemas hidr\u00e1ulicos para evitar fugas de fluido y mantener la presi\u00f3n. Se recomienda elegir materiales de sellado de alta calidad, como poliuretano y caucho de nitrilo, para aumentar la durabilidad. El dise\u00f1o preciso de los componentes de sellado garantiza un rendimiento duradero y minimiza la necesidad de mantenimiento.<\/p>\n<h3>Durabilidad<\/h3>\n<p>La durabilidad es un factor clave, ya que los cilindros de la pluma operan en condiciones extenuantes. Los materiales deben ser resistentes al desgaste, con dise\u00f1os que incluyan recubrimientos protectores para resistir la corrosi\u00f3n. Esta consideraci\u00f3n prolonga significativamente la vida \u00fatil del cilindro y reduce la frecuencia de reemplazo.<\/p>\n<h3>Caracter\u00edsticas de seguridad<\/h3>\n<p>Incorporar dispositivos de seguridad, como v\u00e1lvulas de alivio de presi\u00f3n, es esencial para prevenir sobrecargas y posibles fallos. El dise\u00f1o debe incluir mecanismos que garanticen la operaci\u00f3n segura de maquinaria pesada, contribuyendo as\u00ed a un entorno de trabajo m\u00e1s seguro.<\/p>\n<h3>Accesibilidad de mantenimiento<\/h3>\n<p>Es crucial dise\u00f1ar los cilindros de la pluma teniendo en cuenta el mantenimiento. Los componentes deben ser f\u00e1cilmente accesibles para el mantenimiento regular, lo que facilita las inspecciones y reparaciones oportunas. Esta accesibilidad ayuda a prolongar la vida \u00fatil y la eficiencia operativa de la maquinaria.<\/p>\n<p><img decoding=\"async\" src=\"https:\/\/www.hydraulic-cylinders.net\/wp-content\/uploads\/2025\/04\/songte-oil-pipes-and-spare-parts.webp\" alt=\"Componentes del cilindro hidr\u00e1ulico\"><\/p>\n<h2>Sellado y lubricaci\u00f3n<\/h2>\n<p>Un sellado y una lubricaci\u00f3n adecuados son esenciales para el funcionamiento eficaz de los cilindros de la pluma. Se emplean diversos elementos de sellado, como sellos de pist\u00f3n y de v\u00e1stago, para evitar fugas de fluido hidr\u00e1ulico. Se prefieren los sellos fabricados con materiales resistentes al desgaste, como el poliuretano y el caucho de nitrilo, por su durabilidad y eficacia.<\/p>\n<p>El cuerpo del cilindro y las superficies roscadas de los extremos se someten a un meticuloso acabado para mejorar la resistencia al desgaste. La lubricaci\u00f3n regular con aceite hidr\u00e1ulico es esencial para minimizar la fricci\u00f3n y garantizar el buen funcionamiento de los componentes. Establecer una rutina de lubricaci\u00f3n ayuda a mantener un rendimiento \u00f3ptimo y prolonga la vida \u00fatil del cilindro.<\/p>\n<h2>Inspecci\u00f3n regular y mantenimiento preventivo<\/h2>\n<ul>\n<li><strong>Inspecciones visuales:<\/strong> Inspeccione peri\u00f3dicamente el cilindro de la pluma para detectar da\u00f1os visibles, fugas o signos de desgaste. La detecci\u00f3n temprana de problemas puede evitar da\u00f1os mayores y reparaciones costosas.<\/li>\n<li><strong>Comprobaciones de lubricaci\u00f3n:<\/strong> Aseg\u00farese de que los niveles de aceite hidr\u00e1ulico sean adecuados y que est\u00e9 libre de contaminantes. Una lubricaci\u00f3n adecuada es fundamental para un funcionamiento fluido.<\/li>\n<li><strong>Reemplazo del sello:<\/strong> Supervise el estado de los sellos y reempl\u00e1celos seg\u00fan sea necesario para evitar fugas y mantener la presi\u00f3n hidr\u00e1ulica.<\/li>\n<\/ul>\n<h2>Instrucciones de instalaci\u00f3n<\/h2>\n<p>La correcta instalaci\u00f3n del cilindro de la pluma es fundamental para su rendimiento y durabilidad. Comience por alinear el cilindro correctamente con los puntos de montaje de la maquinaria. Se recomienda encarecidamente utilizar soportes de montaje adecuados para garantizar la estabilidad y evitar desalineaciones durante la operaci\u00f3n.<\/p>\n<p>Aseg\u00farese de que todas las conexiones hidr\u00e1ulicas est\u00e9n bien sujetas y compruebe si hay fugas antes de la operaci\u00f3n. Es fundamental seguir las especificaciones del fabricante en cuanto a los ajustes de par y los procedimientos de instalaci\u00f3n. Una correcta alineaci\u00f3n y una fijaci\u00f3n segura del cilindro mejorar\u00e1n su rendimiento y minimizar\u00e1n el desgaste.<\/p>\n<h2>Tareas comunes de mantenimiento<\/h2>\n<ul>\n<li><strong>Controles peri\u00f3dicos:<\/strong> Realice inspecciones peri\u00f3dicas para identificar tempranamente signos de desgaste o posibles fallas. Esta pr\u00e1ctica garantiza intervenciones oportunas y previene aver\u00edas graves.<\/li>\n<li><strong>Lubricaci\u00f3n adecuada:<\/strong> Maintain a consistent lubrication schedule to ensure that all moving parts are adequately lubricated. This prevents excessive wear and prolongs the cylinder&#8217;s life.<\/li>\n<li><strong>Reemplazo del sello:<\/strong> Inspeccione regularmente los sellos y reempl\u00e1celos cuando presenten signos de desgaste. Esta sencilla tarea puede prevenir fugas y mantener la integridad del sistema hidr\u00e1ulico.<\/li>\n<\/ul>\n<h2>Consideraciones de seguridad y factores ambientales<\/h2>\n<p>Safety measures are crucial when operating hydraulic machinery. Operators should be trained on proper usage and safety protocols to minimize risks. Understanding the machine&#8217;s limitations and adhering to recommended operating procedures is essential to prevent accidents.<\/p>\n<h2>Soluci\u00f3n de problemas y problemas comunes<\/h2>\n<ul>\n<li><strong>Movimiento lento:<\/strong> Esto podr\u00eda indicar niveles bajos de fluido hidr\u00e1ulico o aire en el sistema. Revise los niveles de fluido y purgue el sistema para solucionar el problema.<\/li>\n<li><strong>Fuga:<\/strong> Inspeccione los sellos y las conexiones para detectar desgaste o da\u00f1os. Reemplace los sellos seg\u00fan sea necesario para mantener la presi\u00f3n y evitar fugas.<\/li>\n<li><strong>Sin movimiento:<\/strong> Esto puede deberse a problemas el\u00e9ctricos o bloqueos en las l\u00edneas hidr\u00e1ulicas. Inspeccione minuciosamente el circuito hidr\u00e1ulico para detectar posibles fallas.<\/li>\n<\/ul>\n<h2>Consejos para una soluci\u00f3n de problemas eficaz<\/h2>\n<p>Al diagnosticar problemas con el cilindro de la pluma, comience con inspecciones visuales para identificar cualquier problema evidente. El mantenimiento regular puede ayudar a prevenir muchos problemas comunes, como fugas y funcionamiento lento. Llevar un registro detallado de mantenimiento puede ayudar a identificar problemas recurrentes y facilitar una mejor planificaci\u00f3n de las reparaciones.<\/p>\n<p><img decoding=\"async\" src=\"https:\/\/www.hydraulic-cylinders.net\/wp-content\/uploads\/2025\/04\/songte-bushings-with-all-kinds-of-excavator-models.webp\" alt=\"Modelos de excavadoras\"><\/p>\n<h2>Acerca de nuestra empresa<\/h2>\n<p>Somos un fabricante l\u00edder de cilindros hidr\u00e1ulicos de repuesto y ofrecemos una amplia gama de productos. Nos hemos consolidado como un fabricante y distribuidor mayorista l\u00edder de cilindros hidr\u00e1ulicos tanto en el mercado nacional como en el internacional. Cumplimos con est\u00e1ndares de calidad superiores y aplicamos una estrategia de gesti\u00f3n de fabricaci\u00f3n rigurosa.<\/p>\n<p>Mediante la contrataci\u00f3n de profesionales talentosos, equipos de fabricaci\u00f3n digital avanzados y sistemas de prueba especializados, mejoramos continuamente nuestra capacidad de fabricaci\u00f3n. Nuestro compromiso con la calidad no solo satisface las diversas necesidades de nuestros clientes, sino que tambi\u00e9n fortalece nuestra posici\u00f3n en el mercado.<\/p>\n<p><img decoding=\"async\" src=\"https:\/\/www.hydraulic-cylinders.net\/wp-content\/uploads\/2025\/04\/songte-company-4.webp\" alt=\"Descripci\u00f3n general de la empresa\"><br \/>\n<img decoding=\"async\" src=\"https:\/\/www.hydraulic-cylinders.net\/wp-content\/uploads\/2025\/04\/songte-company-3.webp\" alt=\"Planta de fabricaci\u00f3n\"><\/p>\n<p>Nos enorgullecemos de nuestro profesionalismo, certificaciones internacionales, servicios personalizados y excelente soporte posventa, garantizando que nuestros clientes reciban lo mejor en calidad y servicio.<\/p>\n<p>Autor: lyl<\/p>","protected":false},"excerpt":{"rendered":"<p>Boom Cylinder For Kato Small Excavator HD550-1-7 Understanding the Boom Cylinder The boom cylinder is a hydraulic cylinder specifically designed for controlling the movement of the boom on various heavy machinery, such as excavators, backhoe loaders, and front-end loaders. This essential component allows the boom to lift, lower, and tilt, facilitating efficient material handling tasks. [&hellip;]<\/p>","protected":false},"featured_media":17875,"comment_status":"open","ping_status":"closed","template":"","meta":{"_et_pb_use_builder":"","_et_pb_old_content":"","_et_gb_content_width":""},"product_brand":[],"product_cat":[1546],"product_tag":[1547,1496],"class_list":{"0":"post-19732","1":"product","2":"type-product","3":"status-publish","4":"has-post-thumbnail","6":"product_cat-boom-cylinders","7":"product_tag-boom-cylinders","8":"product_tag-hydraulic-cylinders","10":"first","11":"instock","12":"shipping-taxable","13":"product-type-simple"},"amp_enabled":true,"_links":{"self":[{"href":"https:\/\/www.hydraulic-cylinders.net\/es\/wp-json\/wp\/v2\/product\/19732","targetHints":{"allow":["GET"]}}],"collection":[{"href":"https:\/\/www.hydraulic-cylinders.net\/es\/wp-json\/wp\/v2\/product"}],"about":[{"href":"https:\/\/www.hydraulic-cylinders.net\/es\/wp-json\/wp\/v2\/types\/product"}],"replies":[{"embeddable":true,"href":"https:\/\/www.hydraulic-cylinders.net\/es\/wp-json\/wp\/v2\/comments?post=19732"}],"wp:featuredmedia":[{"embeddable":true,"href":"https:\/\/www.hydraulic-cylinders.net\/es\/wp-json\/wp\/v2\/media\/17875"}],"wp:attachment":[{"href":"https:\/\/www.hydraulic-cylinders.net\/es\/wp-json\/wp\/v2\/media?parent=19732"}],"wp:term":[{"taxonomy":"product_brand","embeddable":true,"href":"https:\/\/www.hydraulic-cylinders.net\/es\/wp-json\/wp\/v2\/product_brand?post=19732"},{"taxonomy":"product_cat","embeddable":true,"href":"https:\/\/www.hydraulic-cylinders.net\/es\/wp-json\/wp\/v2\/product_cat?post=19732"},{"taxonomy":"product_tag","embeddable":true,"href":"https:\/\/www.hydraulic-cylinders.net\/es\/wp-json\/wp\/v2\/product_tag?post=19732"}],"curies":[{"name":"wp","href":"https:\/\/api.w.org\/{rel}","templated":true}]}}