{"id":19733,"date":"2025-04-07T07:04:37","date_gmt":"2025-04-07T07:04:37","guid":{"rendered":"https:\/\/www.hydraulic-cylinders.net\/product\/boom-cylinder-for-kato-small-excavator-hd820-3\/"},"modified":"2025-04-07T07:04:39","modified_gmt":"2025-04-07T07:04:39","slug":"boom-cylinder-for-kato-small-excavator-hd820-3","status":"publish","type":"product","link":"https:\/\/www.hydraulic-cylinders.net\/es\/producto\/boom-cylinder-for-kato-small-excavator-hd820-3\/","title":{"rendered":"Cilindro de pluma para excavadora peque\u00f1a Kato HD820-3"},"content":{"rendered":"<h1>Cilindro de pluma para excavadora peque\u00f1a Kato HD820-3<\/h1>\n<h2>Introducci\u00f3n a los cilindros de pluma<\/h2>\n<p>El cilindro de la pluma de la excavadora peque\u00f1a Kato HD820-3 es un componente hidr\u00e1ulico esencial, dise\u00f1ado espec\u00edficamente para controlar el movimiento de los cucharones en diversas m\u00e1quinas pesadas, como excavadoras, retroexcavadoras y cargadoras frontales. Estos cilindros hidr\u00e1ulicos facilitan la elevaci\u00f3n, el descenso y la inclinaci\u00f3n del cuchar\u00f3n, lo que los hace vitales para las tareas de manipulaci\u00f3n de materiales en operaciones de construcci\u00f3n y excavaci\u00f3n.<\/p>\n<p>El n\u00facleo de estos dispositivos es el sistema hidr\u00e1ulico, que utiliza fluido presurizado para generar movimiento. El cilindro del cuchar\u00f3n, como cilindro hidr\u00e1ulico, est\u00e1 dise\u00f1ado para soportar las fuerzas extremas generadas durante la elevaci\u00f3n y el movimiento de cargas pesadas. Su robusta construcci\u00f3n garantiza fiabilidad y rendimiento incluso en entornos de trabajo hostiles.<\/p>\n<p><img decoding=\"async\" src=\"https:\/\/www.hydraulic-cylinders.net\/wp-content\/uploads\/2025\/04\/songte-company-1.webp\" alt=\"Cilindro de pluma para excavadora peque\u00f1a Kato\"><\/p>\n<h3>Caracter\u00edsticas del cilindro de la pluma<\/h3>\n<ul>\n<li><strong>Alta resistencia y durabilidad:<\/strong> Fabricados en acero o aluminio de alta resistencia, estos cilindros pueden soportar alta presi\u00f3n y cargas pesadas, lo que los hace adecuados para duras condiciones de trabajo.<\/li>\n<li><strong>Operaci\u00f3n hidr\u00e1ulica eficiente:<\/strong> La extensi\u00f3n y retracci\u00f3n suave del cilindro se logra mediante la presi\u00f3n del aceite hidr\u00e1ulico, lo que permite respuestas r\u00e1pidas a los comandos de control y proporciona potentes fuerzas de empuje y tracci\u00f3n.<\/li>\n<li><strong>Diversos tipos:<\/strong> Los cilindros de pluma est\u00e1n disponibles en dise\u00f1os de acci\u00f3n simple y doble para adaptarse a diversas necesidades operativas. Algunos modelos son telesc\u00f3picos, lo que permite una mayor extensi\u00f3n sin aumentar las dimensiones externas, ideal para aplicaciones con espacio limitado.<\/li>\n<li><strong>Compatibilidad:<\/strong> Nuestros productos est\u00e1n dise\u00f1ados para reemplazar perfectamente los cilindros hidr\u00e1ulicos existentes, garantizando una integraci\u00f3n perfecta en la maquinaria existente.<\/li>\n<li><strong>Dise\u00f1o de f\u00e1cil mantenimiento:<\/strong> Estos cilindros est\u00e1n dise\u00f1ados para un f\u00e1cil mantenimiento, lo que garantiza un rendimiento duradero y un tiempo de inactividad reducido.<\/li>\n<\/ul>\n<p><img decoding=\"async\" src=\"https:\/\/www.hydraulic-cylinders.net\/wp-content\/uploads\/2025\/04\/songte-cylinder-head-with-all-kinds-excavator-models.webp\" alt=\"Compatibilidad de modelos de excavadoras\"><\/p>\n<h2>Aplicaciones del cilindro de la pluma<\/h2>\n<h3>Equipos de construcci\u00f3n<\/h3>\n<p>En equipos de construcci\u00f3n, en particular en excavadoras, los cilindros de la pluma son cruciales para excavar, cargar y mover tierra o escombros. Proporcionan la fuerza necesaria para penetrar el suelo, permitiendo a los operadores excavar eficientemente. En las retroexcavadoras, estos cilindros ayudan no solo en la excavaci\u00f3n, sino tambi\u00e9n en la elevaci\u00f3n de materiales, mejorando la versatilidad y eficacia de la m\u00e1quina en diversas tareas.<\/p>\n<h3>Maquinaria agr\u00edcola<\/h3>\n<p>En la maquinaria agr\u00edcola, las cargadoras frontales utilizan cilindros de pluma para recoger, levantar y transportar tierra, heno y otros materiales. Estos cilindros hidr\u00e1ulicos desempe\u00f1an un papel fundamental en la mejora de la eficiencia de las operaciones agr\u00edcolas, permitiendo una r\u00e1pida manipulaci\u00f3n y transporte de materiales, vital para la productividad en el sector agr\u00edcola.<\/p>\n<h3>excavadoras<\/h3>\n<p>En las excavadoras, el cilindro de la pluma permite que la cuchara penetre en el suelo, facilitando una excavaci\u00f3n eficaz. La potencia hidr\u00e1ulica de estos cilindros permite a las excavadoras realizar diversas tareas, desde la excavaci\u00f3n de zanjas hasta la excavaci\u00f3n de cimientos, con precisi\u00f3n y facilidad. Esta capacidad es crucial para proyectos de construcci\u00f3n que requieren excavaciones profundas.<\/p>\n<h3>Cargadores<\/h3>\n<p>En las cargadoras frontales, los cilindros de la pluma facilitan la elevaci\u00f3n y descarga de cargas de forma eficaz. Proporcionan la fuerza de elevaci\u00f3n necesaria para elevar materiales pesados \u200b\u200by garantizar una descarga controlada, lo que mejora la eficiencia general del manejo de materiales en las actividades de construcci\u00f3n y paisajismo.<\/p>\n<h2>Consideraciones de dise\u00f1o para cilindros de pluma<\/h2>\n<h3>Capacidad de carga<\/h3>\n<p>Al dise\u00f1ar cilindros de pluma, la capacidad de carga es un factor crucial. El cilindro debe ser capaz de soportar la carga m\u00e1xima prevista sin comprometer la seguridad ni el rendimiento. Los ingenieros calculan la capacidad de carga requerida en funci\u00f3n de las aplicaciones espec\u00edficas para las que se utilizar\u00e1 el cilindro, garantizando as\u00ed que cumpla o supere los est\u00e1ndares de la industria.<\/p>\n<h3>Sellado y durabilidad<\/h3>\n<p>Un sellado eficaz es vital para que los cilindros hidr\u00e1ulicos eviten fugas y mantengan la presi\u00f3n. Se utilizan sellos de alta calidad fabricados con materiales duraderos como poliuretano y caucho de nitrilo para aumentar su durabilidad y fiabilidad. El dise\u00f1o tambi\u00e9n debe considerar el potencial de desgaste, garantizando que los sellos resistan los rigores de la operaci\u00f3n.<\/p>\n<h3>Caracter\u00edsticas de seguridad<\/h3>\n<p>La seguridad es fundamental en el dise\u00f1o de los cilindros de las plumas. La incorporaci\u00f3n de caracter\u00edsticas de seguridad, como v\u00e1lvulas de alivio de presi\u00f3n y mecanismos de seguridad, garantiza que el equipo funcione dentro de par\u00e1metros seguros. Las inspecciones de seguridad peri\u00f3dicas y el cumplimiento de las normas de seguridad son cruciales para prevenir accidentes y fallos del equipo.<\/p>\n<h3>Accesibilidad de mantenimiento<\/h3>\n<p>El dise\u00f1o con accesibilidad para el mantenimiento es esencial para mantener los cilindros de la pluma en \u00f3ptimas condiciones. Caracter\u00edsticas como los puntos de f\u00e1cil acceso para lubricaci\u00f3n e inspecci\u00f3n pueden reducir significativamente el tiempo de inactividad. Un dise\u00f1o cuidadoso facilita las revisiones de mantenimiento peri\u00f3dicas, prolongando la vida \u00fatil del cilindro y mejorando el rendimiento general.<\/p>\n<p><img decoding=\"async\" src=\"https:\/\/www.hydraulic-cylinders.net\/wp-content\/uploads\/2025\/04\/songte-oil-pipes-and-spare-parts.webp\" alt=\"Tuber\u00edas y repuestos hidr\u00e1ulicos\"><\/p>\n<h2>Sellado y lubricaci\u00f3n de los cilindros de la pluma<\/h2>\n<p>Un sellado eficaz es crucial para mantener la presi\u00f3n hidr\u00e1ulica dentro de los cilindros de la pluma. Se emplean diversos sellos, como sellos de pist\u00f3n y de v\u00e1stago, para evitar fugas de fluido hidr\u00e1ulico. Los sellos suelen estar fabricados con materiales resistentes al desgaste, como poliuretano y caucho de nitrilo, seleccionados por su durabilidad y capacidad para soportar condiciones extremas.<\/p>\n<p>La superficie del cuerpo del cilindro y el extremo roscado se procesan meticulosamente para mejorar la resistencia al desgaste, garantizando as\u00ed una larga vida \u00fatil y un rendimiento \u00f3ptimo. La lubricaci\u00f3n regular tambi\u00e9n es necesaria; los operadores deben asegurarse de a\u00f1adir peri\u00f3dicamente una cantidad adecuada de aceite hidr\u00e1ulico para mantener la funcionalidad del cilindro y evitar el desgaste.<\/p>\n<h2>Inspecci\u00f3n regular y mantenimiento preventivo<\/h2>\n<ul>\n<li><strong>Inspecciones de rutina:<\/strong> Programe inspecciones peri\u00f3dicas para identificar fugas, desgaste o da\u00f1os. La detecci\u00f3n temprana de problemas puede evitar reparaciones costosas y tiempos de inactividad.<\/li>\n<li><strong>Lubricaci\u00f3n adecuada:<\/strong> Aseg\u00farese de que todas las piezas m\u00f3viles est\u00e9n adecuadamente lubricadas con el aceite hidr\u00e1ulico apropiado para reducir la fricci\u00f3n y el desgaste.<\/li>\n<li><strong>Reemplazo del sello:<\/strong> Revise peri\u00f3dicamente los sellos para detectar signos de desgaste y reempl\u00e1celos seg\u00fan sea necesario para mantener la eficiencia hidr\u00e1ulica y evitar fugas.<\/li>\n<\/ul>\n<h2>Instrucciones de instalaci\u00f3n para cilindros de pluma<\/h2>\n<p>La instalaci\u00f3n de un cilindro de pluma requiere una atenci\u00f3n minuciosa a los detalles para garantizar su correcto funcionamiento y durabilidad. Siga estas pautas:<\/p>\n<ul>\n<li><strong>Preparaci\u00f3n:<\/strong> Antes de la instalaci\u00f3n, aseg\u00farese de que el \u00e1rea de trabajo est\u00e9 limpia y libre de residuos. Re\u00fana todas las herramientas y componentes necesarios.<\/li>\n<li><strong>Alineaci\u00f3n:<\/strong> La correcta alineaci\u00f3n del cilindro con los puntos de montaje es crucial. Utilice un nivel para asegurar que el cilindro est\u00e9 recto y alineado con la estructura de la m\u00e1quina.<\/li>\n<li><strong>Montaje seguro:<\/strong> Utilice los soportes de montaje adecuados para fijar el cilindro firmemente en su lugar. Aseg\u00farese de que todos los pernos est\u00e9n apretados seg\u00fan las especificaciones del fabricante para evitar que se mueva durante el funcionamiento.<\/li>\n<li><strong>Conexi\u00f3n hidr\u00e1ulica:<\/strong> Conecte las l\u00edneas hidr\u00e1ulicas con cuidado, asegur\u00e1ndose de que no est\u00e9n torcidas ni dobladas. Compruebe la compatibilidad con los sistemas hidr\u00e1ulicos existentes.<\/li>\n<li><strong>Pruebas:<\/strong> Tras la instalaci\u00f3n, realice una prueba de funcionamiento para verificar que el cilindro funcione correctamente y sin fugas. Supervise atentamente su rendimiento durante las operaciones iniciales.<\/li>\n<\/ul>\n<p><img decoding=\"async\" src=\"https:\/\/www.hydraulic-cylinders.net\/wp-content\/uploads\/2025\/04\/songte-chushion-collar.webp\" alt=\"Collar\u00edn acolchado\"><\/p>\n<h2>Consideraciones de seguridad y factores ambientales<\/h2>\n<p>Al utilizar cilindros hidr\u00e1ulicos, es fundamental cumplir con las medidas de seguridad para prevenir accidentes. Los operadores deben recibir capacitaci\u00f3n sobre las t\u00e9cnicas adecuadas de manipulaci\u00f3n y el uso de equipo de protecci\u00f3n personal (EPP). Se deben realizar auditor\u00edas de seguridad peri\u00f3dicas para garantizar el cumplimiento de las normas y regulaciones de seguridad.<\/p>\n<p>Adem\u00e1s, las consideraciones ambientales, como la gesti\u00f3n de fugas de fluido hidr\u00e1ulico, son cruciales. La implementaci\u00f3n de medidas de contenci\u00f3n y protocolos adecuados de eliminaci\u00f3n de fluidos hidr\u00e1ulicos puede reducir significativamente el impacto ambiental de los sistemas hidr\u00e1ulicos.<\/p>\n<h2>Diagn\u00f3stico de fallas y problemas comunes<\/h2>\n<ul>\n<li><strong>Fugas hidr\u00e1ulicas:<\/strong> Pueden producirse fugas debido al desgaste de los sellos. Se requiere un mantenimiento regular para evitar este problema.<\/li>\n<li><strong>Rendimiento reducido:<\/strong> Si el cilindro no responde r\u00e1pidamente o tiene potencia reducida, puede indicar aire en el sistema hidr\u00e1ulico o niveles bajos de l\u00edquido.<\/li>\n<li><strong>Calentamiento excesivo:<\/strong> El funcionamiento continuo sin una refrigeraci\u00f3n adecuada puede provocar sobrecalentamiento, lo que afecta la viscosidad y el rendimiento del fluido hidr\u00e1ulico.<\/li>\n<\/ul>\n<p>Al diagnosticar estos problemas, es fundamental inspeccionar a fondo el sistema hidr\u00e1ulico para comprobar si hay fugas, los niveles de fluido y la integridad de los sellos y las mangueras. Las medidas preventivas peri\u00f3dicas pueden mitigar significativamente los posibles problemas y prolongar la vida \u00fatil de los cilindros hidr\u00e1ulicos.<\/p>\n<p><img decoding=\"async\" src=\"https:\/\/www.hydraulic-cylinders.net\/wp-content\/uploads\/2025\/04\/songte-bushings-with-all-kinds-of-excavator-models.webp\" alt=\"Bujes para modelos de excavadoras\"><\/p>\n<h2>Conclusi\u00f3n<\/h2>\n<p>Nuestra empresa se especializa en la producci\u00f3n de cilindros hidr\u00e1ulicos de repuesto de alta calidad, consolid\u00e1ndose como uno de los principales fabricantes y mayoristas tanto en el mercado nacional como en el internacional. Nos adherimos a est\u00e1ndares de calidad superiores, aprovechando estrategias de fabricaci\u00f3n perfeccionadas y equipos digitales de alta tecnolog\u00eda. Nuestro compromiso con la mejora continua de los procesos de fabricaci\u00f3n y la calidad de nuestros productos garantiza que satisfagamos las diversas necesidades de nuestros clientes con eficiencia y precisi\u00f3n.<\/p>\n<p>Ofrecemos servicios personalizados, certificaciones internacionales y un s\u00f3lido sistema de soporte posventa. Nuestros avanzados equipos de producci\u00f3n nos permiten mantener una alta precisi\u00f3n y eficiencia en nuestros productos, lo que nos permite satisfacer diversas aplicaciones y especificaciones.<\/p>\n<p><img decoding=\"async\" src=\"https:\/\/www.hydraulic-cylinders.net\/wp-content\/uploads\/2025\/04\/songte-company-4.webp\" alt=\"Descripci\u00f3n general de la empresa\"><br \/>\n<img decoding=\"async\" src=\"https:\/\/www.hydraulic-cylinders.net\/wp-content\/uploads\/2025\/04\/songte-company-3.webp\" alt=\"Instalaciones de la empresa\"><\/p>\n<p>Autor: lyl<\/p>","protected":false},"excerpt":{"rendered":"<p>Boom Cylinder For Kato Small Excavator HD820-3 Introduction to Boom Cylinders The Boom Cylinder for Kato Small Excavator HD820-3 is an essential hydraulic component designed specifically for controlling the movement of buckets in various heavy machinery, including excavators, backhoe loaders, and front loaders. These hydraulic cylinders facilitate the lifting, lowering, and tilting of the bucket, [&hellip;]<\/p>","protected":false},"featured_media":17876,"comment_status":"open","ping_status":"closed","template":"","meta":{"_et_pb_use_builder":"","_et_pb_old_content":"","_et_gb_content_width":""},"product_brand":[],"product_cat":[1546],"product_tag":[1547,1496],"class_list":{"0":"post-19733","1":"product","2":"type-product","3":"status-publish","4":"has-post-thumbnail","6":"product_cat-boom-cylinders","7":"product_tag-boom-cylinders","8":"product_tag-hydraulic-cylinders","10":"first","11":"instock","12":"shipping-taxable","13":"product-type-simple"},"amp_enabled":true,"_links":{"self":[{"href":"https:\/\/www.hydraulic-cylinders.net\/es\/wp-json\/wp\/v2\/product\/19733","targetHints":{"allow":["GET"]}}],"collection":[{"href":"https:\/\/www.hydraulic-cylinders.net\/es\/wp-json\/wp\/v2\/product"}],"about":[{"href":"https:\/\/www.hydraulic-cylinders.net\/es\/wp-json\/wp\/v2\/types\/product"}],"replies":[{"embeddable":true,"href":"https:\/\/www.hydraulic-cylinders.net\/es\/wp-json\/wp\/v2\/comments?post=19733"}],"wp:featuredmedia":[{"embeddable":true,"href":"https:\/\/www.hydraulic-cylinders.net\/es\/wp-json\/wp\/v2\/media\/17876"}],"wp:attachment":[{"href":"https:\/\/www.hydraulic-cylinders.net\/es\/wp-json\/wp\/v2\/media?parent=19733"}],"wp:term":[{"taxonomy":"product_brand","embeddable":true,"href":"https:\/\/www.hydraulic-cylinders.net\/es\/wp-json\/wp\/v2\/product_brand?post=19733"},{"taxonomy":"product_cat","embeddable":true,"href":"https:\/\/www.hydraulic-cylinders.net\/es\/wp-json\/wp\/v2\/product_cat?post=19733"},{"taxonomy":"product_tag","embeddable":true,"href":"https:\/\/www.hydraulic-cylinders.net\/es\/wp-json\/wp\/v2\/product_tag?post=19733"}],"curies":[{"name":"wp","href":"https:\/\/api.w.org\/{rel}","templated":true}]}}