{"id":19737,"date":"2025-04-07T07:04:46","date_gmt":"2025-04-07T07:04:46","guid":{"rendered":"https:\/\/www.hydraulic-cylinders.net\/product\/boom-cylinder-for-kato-small-excavator-hd450-5-7\/"},"modified":"2025-04-07T07:04:48","modified_gmt":"2025-04-07T07:04:48","slug":"boom-cylinder-for-kato-small-excavator-hd450-5-7","status":"publish","type":"product","link":"https:\/\/www.hydraulic-cylinders.net\/es\/producto\/boom-cylinder-for-kato-small-excavator-hd450-5-7\/","title":{"rendered":"Cilindro de pluma para miniexcavadora Kato HD450-5-7"},"content":{"rendered":"<h1>Cilindro de pluma para miniexcavadora Kato HD450-5-7<\/h1>\n<h2>Descripci\u00f3n general del producto<\/h2>\n<p>El cilindro de la pluma para la miniexcavadora Kato HD450-5-7 es un componente crucial del sistema hidr\u00e1ulico de las excavadoras. Se trata de un cilindro hidr\u00e1ulico dise\u00f1ado espec\u00edficamente para controlar el movimiento de la pluma en diversas aplicaciones de maquinaria pesada, como excavadoras, retroexcavadoras y cargadoras frontales. Este cilindro permite elevar, descender e inclinar la pluma, facilitando as\u00ed las tareas de manipulaci\u00f3n de materiales.<\/p>\n<p>En esencia, el cilindro del cuchar\u00f3n es un tipo de cilindro hidr\u00e1ulico que funciona mediante fluido hidr\u00e1ulico a presi\u00f3n para generar movimiento. Su aplicaci\u00f3n es fundamental en la construcci\u00f3n y la maquinaria pesada, ya que permite un control preciso, una mayor eficiencia y unas capacidades operativas mejoradas. El dise\u00f1o robusto y el rendimiento fiable del cilindro de la pluma lo convierten en una pieza indispensable de cualquier equipo de excavaci\u00f3n.<\/p>\n<p><img decoding=\"async\" src=\"https:\/\/www.hydraulic-cylinders.net\/wp-content\/uploads\/2025\/04\/songte-company-1.webp\" alt=\"Imagen del cilindro de la pluma\"><\/p>\n<h2>Caracter\u00edsticas principales<\/h2>\n<ul>\n<li><strong>Alta resistencia y durabilidad:<\/strong> Fabricado en acero o aluminio de alta resistencia, este cilindro soporta altas presiones y cargas pesadas. Su dise\u00f1o contempla la resistencia al desgaste y a la corrosi\u00f3n, prolongando as\u00ed su vida \u00fatil.<\/li>\n<li><strong>Operaci\u00f3n hidr\u00e1ulica eficiente:<\/strong> El cilindro utiliza la presi\u00f3n del aceite hidr\u00e1ulico para lograr una extensi\u00f3n y retracci\u00f3n suaves, respondiendo r\u00e1pidamente a las \u00f3rdenes del operador y proporcionando una gran fuerza de empuje y tracci\u00f3n, ideal para manipular objetos pesados \u200b\u200by realizar tareas complejas.<\/li>\n<li><strong>Diversos tipos:<\/strong> Disponibles en versiones de simple efecto (que utilizan presi\u00f3n hidr\u00e1ulica en una direcci\u00f3n) y de doble efecto (que utilizan presi\u00f3n hidr\u00e1ulica en ambas direcciones) para satisfacer diversas necesidades operativas. Algunos modelos son telesc\u00f3picos, lo que permite una mayor extensi\u00f3n sin aumentar las dimensiones externas, ideales para aplicaciones con espacio limitado.<\/li>\n<li><strong>Compatibilidad:<\/strong> Nuestros productos est\u00e1n dise\u00f1ados para sustituir perfectamente diversos cilindros hidr\u00e1ulicos, garantizando una integraci\u00f3n impecable con la maquinaria existente.<\/li>\n<li><strong>Seguro de calidad:<\/strong> Cada cilindro se somete a pruebas rigurosas para cumplir con los est\u00e1ndares internacionales de calidad, garantizando la fiabilidad y el rendimiento en el campo.<\/li>\n<\/ul>\n<p><img decoding=\"async\" src=\"https:\/\/www.hydraulic-cylinders.net\/wp-content\/uploads\/2025\/04\/songte-cylinder-head-with-all-kinds-excavator-models.webp\" alt=\"Imagen de modelos de excavadoras\"><\/p>\n<h2>Aplicaciones del cilindro de la pluma<\/h2>\n<h3>Equipos de construcci\u00f3n<\/h3>\n<p>En las excavadoras, los cilindros de la pluma son fundamentales para excavar, cargar y mover tierra o escombros. Proporcionan la fuerza necesaria para elevar la pluma, lo que permite a los operadores excavar con eficiencia. En las retroexcavadoras, el cilindro de la pluma asiste tanto en la excavaci\u00f3n como en la elevaci\u00f3n, convirti\u00e9ndose en una herramienta esencial para diversas tareas de construcci\u00f3n.<\/p>\n<h3>Maquinaria agr\u00edcola<\/h3>\n<p>En las cargadoras frontales, los cilindros de la pluma se utilizan para recoger, levantar y transportar tierra, heno y otros materiales. Permiten a los operadores realizar tareas agr\u00edcolas de manera eficiente, aumentando la productividad en las explotaciones agr\u00edcolas.<\/p>\n<h3>excavadoras<\/h3>\n<p>En las excavadoras, el cilindro de la pluma facilita la excavaci\u00f3n al permitir que el cuchar\u00f3n penetre eficazmente en el suelo. Esta capacidad es fundamental para los proyectos de excavaci\u00f3n, donde se requiere precisi\u00f3n y potencia para mover grandes vol\u00famenes de tierra.<\/p>\n<h3>Cargadores<\/h3>\n<p>En las cargadoras frontales, los cilindros de la pluma ayudan a levantar y descargar cargas de forma eficiente. Proporcionan la fuerza necesaria para levantar materiales pesados \u200b\u200by garantizan que los operadores puedan realizar sus tareas de forma segura y eficaz.<\/p>\n<h2>Consideraciones de dise\u00f1o y criterios de selecci\u00f3n<\/h2>\n<h3>Capacidad de carga<\/h3>\n<p>Al seleccionar un cilindro para pluma, la capacidad de carga es un factor primordial. Esta determina el peso m\u00e1ximo que el cilindro puede soportar de forma segura, garantizando al mismo tiempo el rendimiento de la maquinaria de excavaci\u00f3n. Un cilindro bien dise\u00f1ado debe adaptarse a los requisitos de carga espec\u00edficos de la aplicaci\u00f3n sin riesgo de fallo.<\/p>\n<h3>Integridad del sellado<\/h3>\n<p>El sistema de sellado de un cilindro hidr\u00e1ulico es crucial para su eficiencia y vida \u00fatil. Los sellos de alta calidad evitan fugas de fluido hidr\u00e1ulico, manteniendo la presi\u00f3n y el rendimiento. Un sellado adecuado tambi\u00e9n reduce las necesidades de mantenimiento y aumenta la fiabilidad operativa, por lo que resulta esencial en la fase de dise\u00f1o.<\/p>\n<h3>Durabilidad<\/h3>\n<p>Un dise\u00f1o robusto es fundamental para los cilindros hidr\u00e1ulicos, sobre todo en entornos de trabajo exigentes. Los materiales empleados deben resistir el desgaste, la corrosi\u00f3n y la fatiga con el paso del tiempo, garantizando as\u00ed el correcto funcionamiento del cilindro incluso en condiciones extremas. La durabilidad influye directamente en la frecuencia de mantenimiento y en los costes totales del ciclo de vida del equipo.<\/p>\n<h3>Caracter\u00edsticas de seguridad<\/h3>\n<p>La incorporaci\u00f3n de elementos de seguridad en el dise\u00f1o de cilindros hidr\u00e1ulicos es fundamental para prevenir accidentes y fallos de funcionamiento. Mecanismos de seguridad como las v\u00e1lvulas de alivio de presi\u00f3n y las protecciones contra sobrecargas garantizan un funcionamiento seguro, especialmente al trabajar con maquinaria pesada que puede suponer riesgos si no se maneja adecuadamente.<\/p>\n<h3>Mantenibilidad<\/h3>\n<p>Dise\u00f1ar pensando en el mantenimiento facilita las reparaciones y la sustituci\u00f3n de piezas, lo cual es fundamental para minimizar el tiempo de inactividad. Los componentes accesibles y los dise\u00f1os intuitivos pueden mejorar significativamente la vida \u00fatil y la fiabilidad de los sistemas hidr\u00e1ulicos, lo que facilita a los operarios mantener los equipos en \u00f3ptimas condiciones.<\/p>\n<p><img decoding=\"async\" src=\"https:\/\/www.hydraulic-cylinders.net\/wp-content\/uploads\/2025\/04\/songte-oil-pipes-and-spare-parts.webp\" alt=\"Imagen de tuber\u00edas de aceite y repuestos\"><\/p>\n<h2>Sellado y lubricaci\u00f3n<\/h2>\n<p>Un sellado y una lubricaci\u00f3n eficaces son vitales para los cilindros hidr\u00e1ulicos. Diversos componentes de sellado, como las juntas de pist\u00f3n y las de v\u00e1stago, desempe\u00f1an un papel importante en el mantenimiento de la integridad de los sistemas hidr\u00e1ulicos. Las juntas fabricadas con materiales como el poliuretano y el caucho de nitrilo son las preferidas por su resistencia a la abrasi\u00f3n y su durabilidad.<\/p>\n<p>Adem\u00e1s, las superficies del cuerpo del cilindro y los extremos roscados se mecanizan con precisi\u00f3n para mejorar su resistencia al desgaste. La lubricaci\u00f3n peri\u00f3dica con el aceite hidr\u00e1ulico adecuado es fundamental para reducir la fricci\u00f3n y el desgaste, lo que garantiza un funcionamiento suave y prolonga la vida \u00fatil del cilindro.<\/p>\n<h2>Medidas de mantenimiento preventivo<\/h2>\n<ul>\n<li><strong>Inspecciones regulares:<\/strong> Realice revisiones rutinarias para detectar signos de fugas, desgaste y da\u00f1os para garantizar que el cilindro funcione correctamente.<\/li>\n<li><strong>Lubricaci\u00f3n adecuada:<\/strong> Mantenga los niveles de lubricaci\u00f3n adecuados para evitar la fricci\u00f3n y el sobrecalentamiento, que pueden provocar un desgaste prematuro.<\/li>\n<li><strong>Reemplazo del sello:<\/strong> Inspeccione peri\u00f3dicamente las juntas para detectar desgaste y reempl\u00e1celas seg\u00fan sea necesario para evitar fugas y mantener la eficiencia hidr\u00e1ulica.<\/li>\n<\/ul>\n<h2>Instrucciones de instalaci\u00f3n<\/h2>\n<p>La correcta instalaci\u00f3n del cilindro de la pluma es fundamental para un rendimiento \u00f3ptimo. Comience por asegurarse de que todos los soportes y accesorios de montaje est\u00e9n limpios y libres de residuos. Alinee el cilindro con precisi\u00f3n con los puntos de montaje para evitar tensiones excesivas. Se recomienda utilizar soportes de montaje adecuados para fijar el cilindro y minimizar el movimiento durante el funcionamiento.<\/p>\n<p>Durante la instalaci\u00f3n, aseg\u00farese de que las l\u00edneas hidr\u00e1ulicas est\u00e9n conectadas de forma segura y sin dobleces que puedan restringir el flujo. Tras la instalaci\u00f3n, purgue el sistema hidr\u00e1ulico para eliminar cualquier burbuja de aire y garantizar el correcto funcionamiento del cilindro. Finalmente, pruebe el cilindro bajo carga para verificar la integridad de la instalaci\u00f3n.<\/p>\n<h2>Tareas de mantenimiento<\/h2>\n<ul>\n<li><strong>Inspecciones regulares:<\/strong> Realice inspecciones visuales para identificar posibles problemas antes de que se agraven. Busque se\u00f1ales de desgaste, fugas y conexiones sueltas.<\/li>\n<li><strong>Lubricaci\u00f3n adecuada:<\/strong> Aseg\u00farese de que el cilindro est\u00e9 adecuadamente lubricado con el aceite hidr\u00e1ulico correcto, prestando atenci\u00f3n a las especificaciones del fabricante.<\/li>\n<li><strong>Reemplazo del sello:<\/strong> Revise peri\u00f3dicamente las juntas para detectar desgaste y reempl\u00e1celas si es necesario para mantener la eficiencia y evitar fugas de fluido hidr\u00e1ulico.<\/li>\n<\/ul>\n<h2>Consideraciones de seguridad<\/h2>\n<p>Es fundamental implementar protocolos de seguridad durante el funcionamiento de los cilindros hidr\u00e1ulicos. Los operadores deben usar siempre el equipo de protecci\u00f3n personal (EPP) adecuado y seguir los procedimientos de operaci\u00f3n segura para mitigar los riesgos asociados con los equipos hidr\u00e1ulicos. Las sesiones de capacitaci\u00f3n peri\u00f3dicas ayudan a garantizar que todo el personal conozca las medidas de seguridad espec\u00edficas necesarias al trabajar con sistemas hidr\u00e1ulicos.<\/p>\n<h2>Diagn\u00f3stico de fallas y problemas comunes<\/h2>\n<ul>\n<li><strong>Fuga:<\/strong> Un problema com\u00fan que puede indicar juntas desgastadas o componentes da\u00f1ados. Los operarios deben inspeccionar peri\u00f3dicamente si hay fugas y sustituir las juntas da\u00f1adas de inmediato.<\/li>\n<li><strong>Operaci\u00f3n lenta:<\/strong> Si el cilindro funciona m\u00e1s lento de lo habitual, puede indicar un problema con el fluido hidr\u00e1ulico o una obstrucci\u00f3n en el sistema que requiere atenci\u00f3n inmediata.<\/li>\n<li><strong>Ruidos inusuales:<\/strong> Los ruidos de roce o golpeteo pueden indicar problemas mec\u00e1nicos dentro del cilindro o del sistema hidr\u00e1ulico que requieren una investigaci\u00f3n exhaustiva.<\/li>\n<\/ul>\n<h2>Consejos para la soluci\u00f3n de problemas<\/h2>\n<p>Para diagnosticar y resolver problemas de forma eficaz, los operarios deben seguir un m\u00e9todo sistem\u00e1tico. Comiencen por identificar los s\u00edntomas y comprobar los niveles y el estado del fluido hidr\u00e1ulico. Aseg\u00farense de que todas las conexiones est\u00e9n bien ajustadas y sin fugas. Si el problema persiste, consultar las instrucciones del fabricante o solicitar asistencia profesional puede ayudar a identificar las causas subyacentes.<\/p>\n<p><img decoding=\"async\" src=\"https:\/\/www.hydraulic-cylinders.net\/wp-content\/uploads\/2025\/04\/songte-bushings-with-all-kinds-of-excavator-models.webp\" alt=\"Bujes con modelos de excavadora\"><\/p>\n<h2>Perfil de la empresa<\/h2>\n<p>Somos un fabricante l\u00edder de cilindros hidr\u00e1ulicos de repuesto, y ofrecemos una amplia gama de productos adaptados a las diversas necesidades de los mercados nacionales e internacionales. Nuestro compromiso con la excelencia se refleja en nuestro enfoque centrado en la calidad y en nuestra apuesta por estrategias de fabricaci\u00f3n avanzadas.<\/p>\n<p>Utilizando equipos de fabricaci\u00f3n digital de vanguardia y sistemas de pruebas profesionales, mejoramos continuamente nuestra capacidad de producci\u00f3n, garantizando al mismo tiempo los m\u00e1s altos est\u00e1ndares de control de calidad. Nuestro equipo est\u00e1 formado por personal t\u00e9cnico altamente cualificado, dedicado a satisfacer las diversas necesidades de nuestros clientes.<\/p>\n<p>Nuestra oferta incluye servicios personalizados, certificaciones internacionales y un s\u00f3lido servicio postventa, todo ello dise\u00f1ado para proporcionar a los clientes soluciones fiables para sus necesidades hidr\u00e1ulicas.<\/p>\n<p><img decoding=\"async\" src=\"https:\/\/www.hydraulic-cylinders.net\/wp-content\/uploads\/2025\/04\/songte-company-4.webp\" alt=\"Imagen de la empresa 1\"><br \/>\n<img decoding=\"async\" src=\"https:\/\/www.hydraulic-cylinders.net\/wp-content\/uploads\/2025\/04\/songte-company-3.webp\" alt=\"Imagen de la empresa 2\"><\/p>\n<p>Autor: lyl<\/p>","protected":false},"excerpt":{"rendered":"<p>Boom Cylinder For Kato Small Excavator HD450-5-7 Product Overview The Boom Cylinder for Kato Small Excavator HD450-5-7 is a crucial component in the hydraulic system of excavators. It is a hydraulic cylinder specifically designed to control the movement of the boom in various heavy machinery applications, such as excavators, backhoe loaders, and front loaders. This [&hellip;]<\/p>","protected":false},"featured_media":17880,"comment_status":"open","ping_status":"closed","template":"","meta":{"_et_pb_use_builder":"","_et_pb_old_content":"","_et_gb_content_width":""},"product_brand":[],"product_cat":[1546],"product_tag":[1547,1496],"class_list":{"0":"post-19737","1":"product","2":"type-product","3":"status-publish","4":"has-post-thumbnail","6":"product_cat-boom-cylinders","7":"product_tag-boom-cylinders","8":"product_tag-hydraulic-cylinders","10":"first","11":"instock","12":"shipping-taxable","13":"product-type-simple"},"amp_enabled":true,"_links":{"self":[{"href":"https:\/\/www.hydraulic-cylinders.net\/es\/wp-json\/wp\/v2\/product\/19737","targetHints":{"allow":["GET"]}}],"collection":[{"href":"https:\/\/www.hydraulic-cylinders.net\/es\/wp-json\/wp\/v2\/product"}],"about":[{"href":"https:\/\/www.hydraulic-cylinders.net\/es\/wp-json\/wp\/v2\/types\/product"}],"replies":[{"embeddable":true,"href":"https:\/\/www.hydraulic-cylinders.net\/es\/wp-json\/wp\/v2\/comments?post=19737"}],"wp:featuredmedia":[{"embeddable":true,"href":"https:\/\/www.hydraulic-cylinders.net\/es\/wp-json\/wp\/v2\/media\/17880"}],"wp:attachment":[{"href":"https:\/\/www.hydraulic-cylinders.net\/es\/wp-json\/wp\/v2\/media?parent=19737"}],"wp:term":[{"taxonomy":"product_brand","embeddable":true,"href":"https:\/\/www.hydraulic-cylinders.net\/es\/wp-json\/wp\/v2\/product_brand?post=19737"},{"taxonomy":"product_cat","embeddable":true,"href":"https:\/\/www.hydraulic-cylinders.net\/es\/wp-json\/wp\/v2\/product_cat?post=19737"},{"taxonomy":"product_tag","embeddable":true,"href":"https:\/\/www.hydraulic-cylinders.net\/es\/wp-json\/wp\/v2\/product_tag?post=19737"}],"curies":[{"name":"wp","href":"https:\/\/api.w.org\/{rel}","templated":true}]}}