{"id":19740,"date":"2025-04-07T07:04:54","date_gmt":"2025-04-07T07:04:54","guid":{"rendered":"https:\/\/www.hydraulic-cylinders.net\/product\/boom-cylinder-for-kato-small-excavator-hd1023\/"},"modified":"2025-04-07T07:04:56","modified_gmt":"2025-04-07T07:04:56","slug":"boom-cylinder-for-kato-small-excavator-hd1023","status":"publish","type":"product","link":"https:\/\/www.hydraulic-cylinders.net\/es\/producto\/boom-cylinder-for-kato-small-excavator-hd1023\/","title":{"rendered":"Cilindro de pluma para excavadora peque\u00f1a Kato HD1023"},"content":{"rendered":"<h1>Cilindro de pluma para excavadora peque\u00f1a Kato HD1023<\/h1>\n<h2>Descripci\u00f3n general del producto<\/h2>\n<p>El cilindro de la pluma de la excavadora peque\u00f1a Kato HD1023 es un componente vital dise\u00f1ado para mejorar la capacidad operativa de diversas m\u00e1quinas pesadas. En concreto, el cilindro del cuchar\u00f3n es un tipo de cilindro hidr\u00e1ulico que desempe\u00f1a un papel crucial en el control del movimiento del cuchar\u00f3n en excavadoras, retroexcavadoras y cargadoras frontales. Este cilindro permite que el cuchar\u00f3n se eleve, baje e incline, facilitando la manipulaci\u00f3n eficiente de materiales.<\/p>\n<p><img decoding=\"async\" src=\"https:\/\/www.hydraulic-cylinders.net\/wp-content\/uploads\/2025\/04\/songte-company-1.webp\" alt=\"Excavadora peque\u00f1a Kato\" \/><\/p>\n<h3>Definici\u00f3n y funci\u00f3n<\/h3>\n<p>El cilindro del cuchar\u00f3n es un componente esencial de los sistemas hidr\u00e1ulicos utilizados en la construcci\u00f3n y la agricultura. Estos cilindros est\u00e1n dise\u00f1ados para funcionar a alta presi\u00f3n y soportar entornos de trabajo rigurosos. Garantizan un movimiento suave y preciso del cuchar\u00f3n, fundamental para tareas como excavar, levantar y transportar materiales. Un cilindro de pluma en buen estado aumenta la productividad y reduce el riesgo de fallos mec\u00e1nicos durante la operaci\u00f3n.<\/p>\n<h2>Caracter\u00edsticas principales<\/h2>\n<ul>\n<li><strong>Alta resistencia y durabilidad:<\/strong> Fabricados en acero o aluminio de alta resistencia, estos cilindros soportan alta presi\u00f3n y cargas pesadas, lo que los hace ideales para entornos de trabajo exigentes. Su dise\u00f1o optimiza la resistencia al desgaste y a la corrosi\u00f3n para prolongar su vida \u00fatil.<\/li>\n<li><strong>Operaci\u00f3n hidr\u00e1ulica eficiente:<\/strong> El uso de presi\u00f3n de aceite hidr\u00e1ulico permite movimientos suaves de extensi\u00f3n y retracci\u00f3n, lo que permite una respuesta r\u00e1pida a los comandos de control y proporciona una importante potencia de empuje y tracci\u00f3n, ideal para manejar tareas pesadas y complejas.<\/li>\n<li><strong>Diversos tipos:<\/strong> Seg\u00fan las necesidades operativas, los usuarios pueden elegir entre cilindros de simple efecto (que utilizan fuerza hidr\u00e1ulica en una sola direcci\u00f3n) o de doble efecto (que utilizan fuerza hidr\u00e1ulica en ambas direcciones). Algunos modelos son telesc\u00f3picos, lo que permite una mayor extensi\u00f3n sin aumentar las dimensiones externas, ideal para aplicaciones con espacio limitado.<\/li>\n<li><strong>Fabricaci\u00f3n personalizada:<\/strong> Nuestros productos est\u00e1n dise\u00f1ados para reemplazar sin problemas varios cilindros hidr\u00e1ulicos, garantizando compatibilidad y un rendimiento \u00f3ptimo.<\/li>\n<li><strong>Seguro de calidad:<\/strong> Implementamos rigurosos est\u00e1ndares de pruebas para garantizar la confiabilidad y eficiencia de nuestros cilindros hidr\u00e1ulicos.<\/li>\n<\/ul>\n<p><img decoding=\"async\" src=\"https:\/\/www.hydraulic-cylinders.net\/wp-content\/uploads\/2025\/04\/songte-cylinder-head-with-all-kinds-excavator-models.webp\" alt=\"Modelos de excavadoras\" \/><\/p>\n<h2>Aplicaciones del cilindro de la pluma<\/h2>\n<h3>Equipos de construcci\u00f3n<\/h3>\n<p>En las excavadoras, los cilindros de la pluma son fundamentales para excavar, cargar y reubicar tierra o escombros. La fuerza hidr\u00e1ulica permite que el cuchar\u00f3n penetre eficazmente en el suelo, lo que agiliza y optimiza las tareas de excavaci\u00f3n. En las retroexcavadoras, el cilindro del cuchar\u00f3n facilita no solo la excavaci\u00f3n, sino tambi\u00e9n la elevaci\u00f3n y el transporte de materiales, lo que aumenta la versatilidad de la m\u00e1quina.<\/p>\n<h3>Maquinaria agr\u00edcola<\/h3>\n<p>En las cargadoras frontales, los cilindros de la pluma son vitales para recoger, levantar y transportar tierra, heno y otros materiales. El funcionamiento hidr\u00e1ulico garantiza que estas m\u00e1quinas puedan realizar eficientemente diversas tareas agr\u00edcolas, lo que contribuye significativamente a la productividad de las explotaciones agr\u00edcolas.<\/p>\n<h3>excavadoras<\/h3>\n<p>En las excavadoras, el cilindro del cuchar\u00f3n facilita la excavaci\u00f3n al permitir que el cuchar\u00f3n penetre eficazmente en el suelo. Esta capacidad es esencial para diversos proyectos de excavaci\u00f3n, ya que garantiza que las tareas se completen eficientemente sin sobrecargar la maquinaria.<\/p>\n<h3>Cargadores<\/h3>\n<p>En las cargadoras frontales, los cilindros de la pluma ayudan a elevar y descargar materiales eficazmente. El funcionamiento hidr\u00e1ulico permite una manipulaci\u00f3n precisa de las cargas, garantizando as\u00ed un movimiento y una colocaci\u00f3n precisos de los materiales.<\/p>\n<h2>Consideraciones de dise\u00f1o y criterios de selecci\u00f3n<\/h2>\n<h3>Capacidad de carga<\/h3>\n<p>Al seleccionar un cilindro de pluma, es fundamental considerar la capacidad de carga requerida para la aplicaci\u00f3n espec\u00edfica. El cilindro debe soportar el peso m\u00e1ximo de los materiales a mover sin riesgo de falla. Un dise\u00f1o robusto garantiza que el cilindro funcione bajo la tensi\u00f3n de cargas pesadas, brindando confiabilidad y seguridad durante las operaciones.<\/p>\n<h3>Caza de focas<\/h3>\n<p>El sistema de sellado del cilindro hidr\u00e1ulico es crucial para mantener la presi\u00f3n y prevenir fugas. Los sellos de alta calidad, como los de pist\u00f3n y v\u00e1stago, deben estar fabricados con materiales resistentes al desgaste como poliuretano o caucho de nitrilo. Un sellado adecuado no solo mejora el rendimiento del cilindro, sino que tambi\u00e9n prolonga su vida \u00fatil al evitar la p\u00e9rdida de fluido y la contaminaci\u00f3n.<\/p>\n<h3>Durabilidad<\/h3>\n<p>La durabilidad es un factor clave al elegir un cilindro de pluma. El material utilizado debe ser resistente al desgaste, los impactos y la corrosi\u00f3n para garantizar un uso prolongado en entornos exigentes. Un cilindro duradero reduce los costos de mantenimiento y el tiempo de inactividad, lo que se traduce en una mayor productividad.<\/p>\n<h3>Seguridad<\/h3>\n<p>La seguridad es primordial en cualquier operaci\u00f3n hidr\u00e1ulica. El dise\u00f1o del cilindro de la pluma debe incorporar caracter\u00edsticas de seguridad, como v\u00e1lvulas de alivio de presi\u00f3n, para evitar sobrecargas y garantizar un funcionamiento controlado. Las inspecciones de seguridad peri\u00f3dicas y el cumplimiento de los protocolos de seguridad son esenciales para mitigar los riesgos asociados con la maquinaria hidr\u00e1ulica.<\/p>\n<h3>Mantenibilidad<\/h3>\n<p>La facilidad de mantenimiento es un factor vital en el dise\u00f1o de cilindros hidr\u00e1ulicos. Los componentes deben ser f\u00e1cilmente accesibles y las piezas de repuesto deben estar f\u00e1cilmente disponibles para minimizar el tiempo de inactividad. Un cilindro bien dise\u00f1ado facilita las revisiones peri\u00f3dicas de mantenimiento, garantizando as\u00ed un funcionamiento eficiente y seguro del equipo en todo momento.<\/p>\n<p><img decoding=\"async\" src=\"https:\/\/www.hydraulic-cylinders.net\/wp-content\/uploads\/2025\/04\/songte-oil-pipes-and-spare-parts.webp\" alt=\"Tuber\u00edas de aceite y repuestos\" \/><\/p>\n<h2>Sellado y lubricaci\u00f3n<\/h2>\n<p>Un sellado y una lubricaci\u00f3n eficaces son fundamentales para el rendimiento de los cilindros hidr\u00e1ulicos. Diversos sellos, como los de pist\u00f3n y v\u00e1stago, se utilizan para mantener la presi\u00f3n y evitar fugas. Los sellos deben estar fabricados con materiales duraderos como poliuretano o caucho de nitrilo, que ofrecen resistencia al desgaste. Adem\u00e1s, el cuerpo del cilindro y los extremos roscados deben estar finamente procesados \u200b\u200bpara mejorar la resistencia al desgaste. La lubricaci\u00f3n regular con el aceite hidr\u00e1ulico adecuado es necesaria para garantizar un funcionamiento suave y prolongar la vida \u00fatil del cilindro.<\/p>\n<h2>Inspecci\u00f3n regular y mantenimiento preventivo<\/h2>\n<ul>\n<li><strong>Inspecciones programadas:<\/strong> Se deben realizar inspecciones peri\u00f3dicas para identificar cualquier signo de desgaste, fugas o da\u00f1os. La pronta identificaci\u00f3n de problemas puede evitar reparaciones costosas y garantizar un funcionamiento seguro.<\/li>\n<li><strong>Lubricaci\u00f3n:<\/strong> Es fundamental mantener niveles adecuados de lubricaci\u00f3n para garantizar un funcionamiento fluido y evitar la fricci\u00f3n que puede causar desgaste. Revise y reponga el aceite hidr\u00e1ulico peri\u00f3dicamente seg\u00fan sea necesario.<\/li>\n<li><strong>Reemplazo del sello:<\/strong> Revise los sellos para detectar signos de desgaste o da\u00f1os. Reemplazarlos a tiempo ayudar\u00e1 a mantener la presi\u00f3n y a prevenir fugas, prolongando as\u00ed la vida \u00fatil del cilindro hidr\u00e1ulico.<\/li>\n<\/ul>\n<h2>Instrucciones de instalaci\u00f3n<\/h2>\n<p>La correcta instalaci\u00f3n del cilindro de la pluma es crucial para un rendimiento \u00f3ptimo. Aseg\u00farese de que las superficies de montaje est\u00e9n limpias y libres de residuos. Alinee el cilindro con precisi\u00f3n para evitar desalineaciones que puedan provocar un desgaste prematuro. Utilice los soportes de montaje adecuados para fijar el cilindro en su lugar. Siga las especificaciones del fabricante sobre los ajustes de par de apriete para asegurar conexiones seguras. Tras la instalaci\u00f3n, realice una prueba de funcionamiento para confirmar que el cilindro funciona correctamente. Consulte siempre el manual de instalaci\u00f3n para obtener instrucciones espec\u00edficas sobre el modelo que se va a instalar.<\/p>\n<h2>Tareas comunes de mantenimiento<\/h2>\n<ul>\n<li><strong>Controles peri\u00f3dicos:<\/strong> Implemente un programa de revisi\u00f3n rutinaria para inspeccionar el sistema hidr\u00e1ulico en busca de fugas, da\u00f1os o signos de desgaste. Priorice la resoluci\u00f3n de problemas antes de que estos se agraven.<\/li>\n<li><strong>Lubricaci\u00f3n adecuada:<\/strong> Aseg\u00farese de que los niveles de aceite hidr\u00e1ulico sean adecuados y aplique regularmente el tipo correcto de aceite para mantener un rendimiento \u00f3ptimo y evitar fricci\u00f3n innecesaria.<\/li>\n<li><strong>Reemplazo y calibraci\u00f3n del sello:<\/strong> Supervise el estado de los sellos y reempl\u00e1celos seg\u00fan sea necesario. Calibre peri\u00f3dicamente el sistema hidr\u00e1ulico para garantizar su funcionamiento dentro de los par\u00e1metros especificados y su eficiencia.<\/li>\n<\/ul>\n<h2>Consideraciones de seguridad y factores ambientales<\/h2>\n<p>Al trabajar con sistemas hidr\u00e1ulicos, las medidas de seguridad son primordiales. Se debe brindar capacitaci\u00f3n adecuada a los operadores para minimizar los riesgos asociados con la maquinaria hidr\u00e1ulica. Use siempre el equipo de protecci\u00f3n personal (EPP) adecuado y aseg\u00farese de que los dispositivos de seguridad, como las v\u00e1lvulas de cierre de emergencia, funcionen correctamente. Adem\u00e1s, considere el impacto ambiental de las fugas de fluido hidr\u00e1ulico; el uso de aceites hidr\u00e1ulicos biodegradables puede ayudar a mitigar los riesgos ambientales.<\/p>\n<h2>Soluci\u00f3n de problemas y problemas comunes<\/h2>\n<ul>\n<li><strong>Fugas de fluidos:<\/strong> Revise si hay fugas alrededor de los sellos y accesorios. Si hay fugas, inspeccione los sellos para detectar desgaste y reempl\u00e1celos si es necesario.<\/li>\n<li><strong>Cilindro que no responde:<\/strong> Si el cilindro no responde, verifique el nivel del l\u00edquido hidr\u00e1ulico y aseg\u00farese de que la bomba est\u00e9 funcionando correctamente.<\/li>\n<li><strong>Movimiento lento:<\/strong> Un funcionamiento lento puede indicar un nivel bajo de fluido hidr\u00e1ulico o aire atrapado en el sistema. Purgue el sistema y rellene el fluido si es necesario.<\/li>\n<\/ul>\n<p>Ofrecer consejos para la resoluci\u00f3n de problemas ayudar\u00e1 a los usuarios a diagnosticar y resolver problemas comunes eficazmente. El mantenimiento y las revisiones regulares pueden ayudar a minimizar posibles problemas y mejorar la fiabilidad del equipo.<\/p>\n<p><img decoding=\"async\" src=\"https:\/\/www.hydraulic-cylinders.net\/wp-content\/uploads\/2025\/04\/songte-bushings-with-all-kinds-of-excavator-models.webp\" alt=\"Modelos de excavadoras\" \/><\/p>\n<h2>Descripci\u00f3n general de la empresa<\/h2>\n<p>Somos un fabricante especializado en repuestos para cilindros hidr\u00e1ulicos y ofrecemos una amplia gama de productos. Nos hemos convertido en uno de los principales fabricantes y mayoristas de cilindros hidr\u00e1ulicos tanto en el mercado nacional como en el internacional. Nos adherimos al principio de excelencia en calidad, aplicando una estrategia de gesti\u00f3n de fabricaci\u00f3n optimizada en nuestros talleres. Mediante personal t\u00e9cnico cualificado, equipos de fabricaci\u00f3n digital avanzados y un sistema de pruebas profesional, mejoramos continuamente nuestra plataforma de fabricaci\u00f3n y optimizamos la calidad de nuestros productos. Nuestra s\u00f3lida capacidad creativa nos permite satisfacer las diversas necesidades de nuestros clientes con alta eficiencia, precisi\u00f3n y calidad.<\/p>\n<p><img decoding=\"async\" src=\"https:\/\/www.hydraulic-cylinders.net\/wp-content\/uploads\/2025\/04\/songte-company-4.webp\" alt=\"Descripci\u00f3n general de la empresa\" \/><br \/>\n<img decoding=\"async\" src=\"https:\/\/www.hydraulic-cylinders.net\/wp-content\/uploads\/2025\/04\/songte-company-3.webp\" alt=\"Descripci\u00f3n general de la empresa\" \/><\/p>\n<h2>Conclusi\u00f3n<\/h2>\n<p>En conclusi\u00f3n, el cilindro de la pluma para la excavadora peque\u00f1a Kato HD1023 es un componente esencial para mejorar el rendimiento y la eficiencia de la maquinaria pesada. Comprender sus caracter\u00edsticas, aplicaciones y pr\u00e1cticas de mantenimiento es crucial para garantizar su durabilidad y fiabilidad en diversas situaciones operativas. Al elegir cilindros hidr\u00e1ulicos de alta calidad, los usuarios pueden lograr un rendimiento \u00f3ptimo y minimizar el tiempo de inactividad.<\/p>\n<p>Autor: lyl<\/p>","protected":false},"excerpt":{"rendered":"<p>Boom Cylinder For Kato Small Excavator HD1023 Product Overview The Boom Cylinder for Kato Small Excavator HD1023 is a vital component designed to enhance the operational capabilities of various heavy machinery. Specifically, the bucket cylinder is a type of hydraulic cylinder that plays a crucial role in controlling the movement of the bucket in excavators, [&hellip;]<\/p>","protected":false},"featured_media":17868,"comment_status":"open","ping_status":"closed","template":"","meta":{"_et_pb_use_builder":"","_et_pb_old_content":"","_et_gb_content_width":""},"product_brand":[],"product_cat":[1546],"product_tag":[1547,1496],"class_list":{"0":"post-19740","1":"product","2":"type-product","3":"status-publish","4":"has-post-thumbnail","6":"product_cat-boom-cylinders","7":"product_tag-boom-cylinders","8":"product_tag-hydraulic-cylinders","10":"first","11":"instock","12":"shipping-taxable","13":"product-type-simple"},"amp_enabled":true,"_links":{"self":[{"href":"https:\/\/www.hydraulic-cylinders.net\/es\/wp-json\/wp\/v2\/product\/19740","targetHints":{"allow":["GET"]}}],"collection":[{"href":"https:\/\/www.hydraulic-cylinders.net\/es\/wp-json\/wp\/v2\/product"}],"about":[{"href":"https:\/\/www.hydraulic-cylinders.net\/es\/wp-json\/wp\/v2\/types\/product"}],"replies":[{"embeddable":true,"href":"https:\/\/www.hydraulic-cylinders.net\/es\/wp-json\/wp\/v2\/comments?post=19740"}],"wp:featuredmedia":[{"embeddable":true,"href":"https:\/\/www.hydraulic-cylinders.net\/es\/wp-json\/wp\/v2\/media\/17868"}],"wp:attachment":[{"href":"https:\/\/www.hydraulic-cylinders.net\/es\/wp-json\/wp\/v2\/media?parent=19740"}],"wp:term":[{"taxonomy":"product_brand","embeddable":true,"href":"https:\/\/www.hydraulic-cylinders.net\/es\/wp-json\/wp\/v2\/product_brand?post=19740"},{"taxonomy":"product_cat","embeddable":true,"href":"https:\/\/www.hydraulic-cylinders.net\/es\/wp-json\/wp\/v2\/product_cat?post=19740"},{"taxonomy":"product_tag","embeddable":true,"href":"https:\/\/www.hydraulic-cylinders.net\/es\/wp-json\/wp\/v2\/product_tag?post=19740"}],"curies":[{"name":"wp","href":"https:\/\/api.w.org\/{rel}","templated":true}]}}