{"id":20124,"date":"2025-05-09T08:14:18","date_gmt":"2025-05-09T08:14:18","guid":{"rendered":"https:\/\/www.hydraulic-cylinders.net\/?post_type=product&#038;p=20124"},"modified":"2025-05-12T05:29:49","modified_gmt":"2025-05-12T05:29:49","slug":"pin-shaft-hydraulic-cylinders-for-crawler-crane","status":"publish","type":"product","link":"https:\/\/www.hydraulic-cylinders.net\/es\/producto\/pin-shaft-hydraulic-cylinders-for-crawler-crane\/","title":{"rendered":"Cilindros hidr\u00e1ulicos de eje pasador para gr\u00faa sobre orugas"},"content":{"rendered":"<h1 style=\"text-align: center;\"><strong>Cilindros hidr\u00e1ulicos de eje pasador para gr\u00faa sobre orugas<\/strong><\/h1>\n<p><img loading=\"lazy\" decoding=\"async\" class=\"wp-image-20125 aligncenter\" src=\"https:\/\/www.hydraulic-cylinders.net\/wp-content\/uploads\/2025\/05\/pin-shaft-hydraulic-cylinders-for-crawler-crane-scaled.webp\" alt=\"Cilindros hidr\u00e1ulicos de eje pasador para gr\u00faa sobre orugas\" width=\"500\" height=\"500\" \/><\/p>\n<section id=\"introduction\">Los cilindros hidr\u00e1ulicos de eje pasador para gr\u00faas sobre orugas son robustos y de alta resistencia, dise\u00f1ados para gr\u00faas sobre orugas, compatibles con los modelos m\u00e1s populares. Dise\u00f1ados para ofrecer durabilidad y precisi\u00f3n, estos cilindros optimizan las operaciones de la gr\u00faa, garantizando la elevaci\u00f3n y el movimiento fiables de cargas pesadas en entornos exigentes como obras de construcci\u00f3n, operaciones mineras y proyectos de infraestructura. Este cilindro hidr\u00e1ulico para gr\u00faa es perfecto para la elevaci\u00f3n de cargas pesadas, ofreciendo una resistencia y estabilidad inigualables para sus necesidades de cilindros de gr\u00faa sobre orugas.<\/section>\n<section id=\"specifications\">\n<h2><strong>Especificaciones t\u00e9cnicas de los cilindros hidr\u00e1ulicos de eje pasador para gr\u00faa sobre orugas:<\/strong><\/h2>\n<p><img loading=\"lazy\" decoding=\"async\" class=\"aligncenter wp-image-20129 size-full\" src=\"https:\/\/www.hydraulic-cylinders.net\/wp-content\/uploads\/2025\/05\/truss-arm-crawler-crane-hydraulic-cylinders.webp\" alt=\"Cilindro hidr\u00e1ulico de gr\u00faa sobre orugas\" width=\"640\" height=\"358\" srcset=\"https:\/\/www.hydraulic-cylinders.net\/wp-content\/uploads\/2025\/05\/truss-arm-crawler-crane-hydraulic-cylinders.webp 640w, https:\/\/www.hydraulic-cylinders.net\/wp-content\/uploads\/2025\/05\/truss-arm-crawler-crane-hydraulic-cylinders-480x269.webp 480w\" sizes=\"(min-width: 0px) and (max-width: 480px) 480px, (min-width: 481px) 640px, 100vw\" \/><\/p>\n<ul>\n<li>\n<p class=\"ds-markdown-paragraph\"><strong>Funci\u00f3n<\/strong>:Efecto amortiguador<\/p>\n<\/li>\n<li>\n<p class=\"ds-markdown-paragraph\"><strong>Di\u00e1metro del cilindro<\/strong>:80 mil\u00edmetros<\/p>\n<\/li>\n<li>\n<p class=\"ds-markdown-paragraph\"><strong>Di\u00e1metro de la varilla<\/strong>:40 mil\u00edmetros<\/p>\n<\/li>\n<li>\n<p class=\"ds-markdown-paragraph\"><strong>Viajar<\/strong>:200 mm \u2013 530 mm<\/p>\n<\/li>\n<li>\n<p class=\"ds-markdown-paragraph\"><strong>Presi\u00f3n m\u00e1xima<\/strong>:25 MPa<\/p>\n<\/li>\n<li>\n<p class=\"ds-markdown-paragraph\"><strong>Empuje m\u00e1ximo<\/strong>:125 kN<\/p>\n<\/li>\n<\/ul>\n<\/section>\n<section id=\"features\">\n<h2><strong>Caracter\u00edsticas principales de los cilindros hidr\u00e1ulicos de eje pasador para gr\u00faa sobre orugas:<\/strong><\/h2>\n<ul>\n<li><strong>Elevaci\u00f3n mejorada con dise\u00f1o de eje de pasador:<\/strong> Los cilindros hidr\u00e1ulicos de eje pasador para gr\u00faas sobre orugas cuentan con un dise\u00f1o robusto que proporciona una capacidad de carga superior y un movimiento preciso para elevaciones pesadas. Este cilindro hidr\u00e1ulico de alta resistencia garantiza estabilidad y seguridad durante las operaciones de gr\u00faa en construcci\u00f3n y miner\u00eda.<\/li>\n<li><strong>Construcci\u00f3n duradera para condiciones extremas:<\/strong>\u00a0Fabricado en acero de aleaci\u00f3n de alta resistencia con revestimiento anticorrosivo, este cilindro hidr\u00e1ulico para gr\u00faa soporta entornos hostiles, como obras de construcci\u00f3n polvorientas, zonas costeras h\u00famedas y proyectos a gran altitud. Garantiza un rendimiento duradero, lo que lo convierte en un cilindro hidr\u00e1ulico de eje de pasador fiable para aplicaciones de gr\u00faas sobre orugas.<\/li>\n<li><strong>Compatibilidad perfecta con gr\u00faas sobre orugas:<\/strong> Dise\u00f1ado para las gr\u00faas sobre orugas Liebherr LR 1300, Manitowoc 14000 y Kobelco CKE2500, este cilindro de eje de pasador garantiza un ajuste perfecto y un rendimiento \u00f3ptimo en operaciones de gr\u00faa. Este cilindro para gr\u00faa sobre orugas, con su cilindro hidr\u00e1ulico de alta resistencia, mejora la eficiencia y la fiabilidad de elevaci\u00f3n de su gr\u00faa.<\/li>\n<li><strong>Operaci\u00f3n eficiente con mantenimiento m\u00ednimo:<\/strong>\u00a0Con tecnolog\u00eda de sellado avanzada y canales de lubricaci\u00f3n optimizados, este cilindro hidr\u00e1ulico de eje de pasador ofrece un funcionamiento m\u00e1s suave y reduce el desgaste de componentes cr\u00edticos. Reduce los costos de mantenimiento y prolonga la vida \u00fatil de su gr\u00faa sobre orugas, ofreciendo un excelente reemplazo para aplicaciones exigentes.<\/li>\n<\/ul>\n<\/section>\n<section id=\"applications\">\n<h2><strong>Aplicaciones de los cilindros hidr\u00e1ulicos de eje pasador para gr\u00faas sobre orugas:<\/strong><\/h2>\n<p><img loading=\"lazy\" decoding=\"async\" class=\"alignnone size-full wp-image-20131\" src=\"https:\/\/www.hydraulic-cylinders.net\/wp-content\/uploads\/2025\/05\/hydraulic-cylinder-application.webp\" alt=\"Aplicaci\u00f3n del cilindro hidr\u00e1ulico de la gr\u00faa sobre orugas\" width=\"2048\" height=\"1152\" srcset=\"https:\/\/www.hydraulic-cylinders.net\/wp-content\/uploads\/2025\/05\/hydraulic-cylinder-application.webp 2048w, https:\/\/www.hydraulic-cylinders.net\/wp-content\/uploads\/2025\/05\/hydraulic-cylinder-application-1280x720.webp 1280w, https:\/\/www.hydraulic-cylinders.net\/wp-content\/uploads\/2025\/05\/hydraulic-cylinder-application-980x551.webp 980w, https:\/\/www.hydraulic-cylinders.net\/wp-content\/uploads\/2025\/05\/hydraulic-cylinder-application-480x270.webp 480w\" sizes=\"(min-width: 0px) and (max-width: 480px) 480px, (min-width: 481px) and (max-width: 980px) 980px, (min-width: 981px) and (max-width: 1280px) 1280px, (min-width: 1281px) 2048px, 100vw\" \/><\/p>\n<ul>\n<li><strong>Proyectos de Construcci\u00f3n e Infraestructura:<\/strong> Los cilindros hidr\u00e1ulicos de eje de pasador para gr\u00faas sobre orugas garantizan un rendimiento fiable en aplicaciones de cilindros para gr\u00faas sobre orugas en proyectos de construcci\u00f3n, lo que permite la manipulaci\u00f3n precisa de materiales pesados \u200b\u200bcomo vigas de acero y losas de hormig\u00f3n. Su cilindro hidr\u00e1ulico de alta resistencia para gr\u00faas sobre orugas mejora la seguridad y la productividad en obras de infraestructura a gran escala.<\/li>\n<li><strong>Miner\u00eda y manejo de materiales:<\/strong>\u00a0Dise\u00f1ado para gr\u00faas sobre orugas en operaciones mineras, este cilindro hidr\u00e1ulico facilita la elevaci\u00f3n y el movimiento eficiente de cargas pesadas, como minerales y equipos. Garantiza un funcionamiento suave en entornos dif\u00edciles, lo que lo convierte en un cilindro de alto rendimiento para gr\u00faas sobre orugas.<\/li>\n<li><strong>Industrias pesadas y operaciones offshore:<\/strong>\u00a0Ideal para gr\u00faas sobre orugas utilizadas en industrias pesadas y proyectos offshore, este cilindro de eje pasador facilita la elevaci\u00f3n segura de cargas sobredimensionadas en condiciones dif\u00edciles, como las plataformas offshore. Su durabilidad lo convierte en un cilindro hidr\u00e1ulico de eje pasador fiable para operaciones de gr\u00faa en aplicaciones exigentes.<\/li>\n<\/ul>\n<h2><strong>Explorar m\u00e1s cilindros hidr\u00e1ulicos para gr\u00faas:<\/strong><\/h2>\n<p>Tambi\u00e9n ofrecemos una amplia gama de cilindros hidr\u00e1ulicos para gr\u00faas que satisfacen diversas necesidades de elevaci\u00f3n. Ya sea que necesite un cilindro hidr\u00e1ulico de repuesto para gr\u00faas torre, gr\u00faas m\u00f3viles o equipos pesados \u200b\u200bespecializados, Ever-Power Huachang Hydraulic tiene la soluci\u00f3n. Descubra nuestra gama completa de <a href=\"https:\/\/www.hydraulic-cylinders.net\/es\/mobile-crane-hydraulic-cylinders\/\">cilindros de gr\u00faa hidr\u00e1ulica<\/a> para encontrar el ajuste perfecto para sus operaciones de gr\u00faa.<\/p>\n<h2><strong>\u00bfC\u00f3mo el dise\u00f1o del eje del pasador de los cilindros hidr\u00e1ulicos con eje del pasador mejora el rendimiento en aplicaciones de servicio pesado?<\/strong><\/h2>\n<p dir=\"auto\">El dise\u00f1o de eje pasador de los cilindros hidr\u00e1ulicos de eje pasador mejora significativamente el rendimiento en aplicaciones de servicio pesado, proporcionando una capacidad de carga excepcional y un control preciso del movimiento, aspectos cruciales para entornos exigentes como obras de construcci\u00f3n, operaciones mineras y proyectos offshore. En concreto, la configuraci\u00f3n del cilindro de eje pasador garantiza una distribuci\u00f3n \u00f3ptima de la fuerza en el cilindro hidr\u00e1ulico de la gr\u00faa, minimizando la concentraci\u00f3n de tensiones y reduciendo el riesgo de fallos mec\u00e1nicos durante tareas de elevaci\u00f3n pesada con gr\u00faas sobre orugas.<\/p>\n<p dir=\"auto\">Este dise\u00f1o tambi\u00e9n mejora la alineaci\u00f3n y la estabilidad, permitiendo que el cilindro hidr\u00e1ulico de alta resistencia mantenga un rendimiento constante en condiciones de alta presi\u00f3n, hasta 350 bar, como se especifica en los detalles t\u00e9cnicos. Adem\u00e1s, el cilindro hidr\u00e1ulico con eje de pasador facilita transiciones de carga m\u00e1s suaves, lo que reduce el desgaste de los componentes cr\u00edticos y prolonga la vida \u00fatil del cilindro de la gr\u00faa sobre orugas, incluso en condiciones extremas como entornos polvorientos o h\u00famedos.<\/p>\n<p dir=\"auto\">Al integrar tecnolog\u00eda avanzada de sellado y canales de lubricaci\u00f3n optimizados, los cilindros hidr\u00e1ulicos de eje pasador para gr\u00faas sobre orugas minimizan la fricci\u00f3n y la acumulaci\u00f3n de calor, mejorando la eficiencia operativa y reduciendo las necesidades de mantenimiento. Esto convierte al cilindro hidr\u00e1ulico de eje pasador para operaciones de gr\u00faa en la opci\u00f3n ideal para quienes buscan un reemplazo confiable para el cilindro hidr\u00e1ulico de la gr\u00faa, capaz de soportar los rigores de la elevaci\u00f3n pesada, manteniendo la precisi\u00f3n y la seguridad.<\/p>\n<\/section>\n<section id=\"company-introduction\">\n<h2><strong>Acerca de Ever-Power Huachang Hydraulic:<\/strong><\/h2>\n<h2><img loading=\"lazy\" decoding=\"async\" class=\"alignnone size-full wp-image-16972\" src=\"https:\/\/www.hydraulic-cylinders.net\/wp-content\/uploads\/2025\/01\/hydraulic-cylinder-factory-1-scaled.webp\" alt=\"\" width=\"2016\" height=\"2560\" srcset=\"https:\/\/www.hydraulic-cylinders.net\/wp-content\/uploads\/2025\/01\/hydraulic-cylinder-factory-1-scaled.webp 2016w, https:\/\/www.hydraulic-cylinders.net\/wp-content\/uploads\/2025\/01\/hydraulic-cylinder-factory-1-1280x1625.webp 1280w, https:\/\/www.hydraulic-cylinders.net\/wp-content\/uploads\/2025\/01\/hydraulic-cylinder-factory-1-980x1244.webp 980w, https:\/\/www.hydraulic-cylinders.net\/wp-content\/uploads\/2025\/01\/hydraulic-cylinder-factory-1-480x610.webp 480w\" sizes=\"(min-width: 0px) and (max-width: 480px) 480px, (min-width: 481px) and (max-width: 980px) 980px, (min-width: 981px) and (max-width: 1280px) 1280px, (min-width: 1281px) 2016px, 100vw\" \/><\/h2>\n<p>Contamos con una plataforma de I+D independiente de vanguardia dedicada al ensamblaje, lo que garantiza la m\u00e1xima innovaci\u00f3n y calidad en nuestros procesos de fabricaci\u00f3n. Nuestro taller de producci\u00f3n de cilindros para carretillas elevadoras cuenta con cuatro l\u00edneas de ensamblaje de cilindros de elevaci\u00f3n semiautom\u00e1ticas y una l\u00ednea de ensamblaje de cilindros de inclinaci\u00f3n totalmente autom\u00e1tica, dise\u00f1adas para producir hasta un mill\u00f3n de unidades al a\u00f1o.<\/p>\n<p>Nuestro taller de mecanizado cuenta con centros de torneado con gu\u00edas de inclinaci\u00f3n personalizadas, centros de mecanizado, bru\u00f1idoras de alta velocidad, robots de soldadura y otros equipos esenciales. Esta configuraci\u00f3n nos permite mecanizar tubos cil\u00edndricos con un di\u00e1metro interior m\u00e1ximo de 400 mm y longitudes de hasta 6 metros, lo que ampl\u00eda a\u00fan m\u00e1s nuestra capacidad de producci\u00f3n.<\/p>\n<p>Operamos una l\u00ednea de recubrimiento de pintura a base de agua totalmente autom\u00e1tica, dise\u00f1ada espec\u00edficamente para cilindros peque\u00f1os y medianos, con robots automatizados de carga, descarga y pulverizaci\u00f3n. Este sistema de vanguardia tiene una capacidad de producci\u00f3n de 4000 unidades por turno. Adem\u00e1s, contamos con una l\u00ednea de pintura semiautom\u00e1tica para cilindros de gran tama\u00f1o, accionada por cadena, con una capacidad de dise\u00f1o de 60 cajas por turno.<\/p>\n<h2><img loading=\"lazy\" decoding=\"async\" class=\"alignnone size-full wp-image-16973\" src=\"https:\/\/www.hydraulic-cylinders.net\/wp-content\/uploads\/2025\/01\/hydraulic-cylinder-factory-2-scaled.webp\" alt=\"\" width=\"2011\" height=\"2560\" srcset=\"https:\/\/www.hydraulic-cylinders.net\/wp-content\/uploads\/2025\/01\/hydraulic-cylinder-factory-2-scaled.webp 2011w, https:\/\/www.hydraulic-cylinders.net\/wp-content\/uploads\/2025\/01\/hydraulic-cylinder-factory-2-1280x1629.webp 1280w, https:\/\/www.hydraulic-cylinders.net\/wp-content\/uploads\/2025\/01\/hydraulic-cylinder-factory-2-980x1248.webp 980w, https:\/\/www.hydraulic-cylinders.net\/wp-content\/uploads\/2025\/01\/hydraulic-cylinder-factory-2-480x611.webp 480w\" sizes=\"(min-width: 0px) and (max-width: 480px) 480px, (min-width: 481px) and (max-width: 980px) 980px, (min-width: 981px) and (max-width: 1280px) 1280px, (min-width: 1281px) 2011px, 100vw\" \/><\/h2>\n<p>Para optimizar el rendimiento de nuestros productos y consolidar nuestro liderazgo en la industria de cilindros hidr\u00e1ulicos, nos hemos asociado con zjimee para establecer un laboratorio integral de rendimiento dedicado a cilindros, v\u00e1lvulas y bombas hidr\u00e1ulicas. Este laboratorio avanzado utiliza pruebas asistidas por computadora con tecnolog\u00eda electrohidr\u00e1ulica, lo que permite condiciones de prueba predefinidas que mejoran la precisi\u00f3n y la versatilidad del sistema. El proceso automatizado de recopilaci\u00f3n de datos utiliza sensores para recopilar datos de salida, como fugas internas y eficiencia de carga, que posteriormente son procesados \u200b\u200bpor computadora y convertidos a unidades est\u00e1ndar (ml\/min\u00b9TP\u00b3T).<\/p>\n<p>Los cilindros hidr\u00e1ulicos de eje de pasador para gr\u00faas sobre orugas demuestran nuestra dedicaci\u00f3n a la calidad y el rendimiento. Dise\u00f1ados como cilindros hidr\u00e1ulicos de alta resistencia para gr\u00faas sobre orugas, especialmente para modelos de Liebherr, Manitowoc y Kobelco, garantizan una estabilidad de elevaci\u00f3n \u00f3ptima y durabilidad en aplicaciones exigentes como la construcci\u00f3n, la miner\u00eda y las operaciones offshore con gr\u00faas. Con la confianza de los principales fabricantes de equipos a nivel mundial, nuestros productos se han ganado una s\u00f3lida reputaci\u00f3n de fiabilidad, y Ever-Power Huachang Hydraulic es reconocido como l\u00edder en la fabricaci\u00f3n de cilindros hidr\u00e1ulicos.<\/p>\n<\/section>","protected":false},"excerpt":{"rendered":"<p>Pin Shaft Hydraulic Cylinders for Crawler Crane The pin shaft hydraulic cylinders for crawler crane are robust heavy-duty hydraulic cylinders designed for crawler cranes, compatible with leading models. Engineered for durability and precision, this pin shaft cylinder enhances crane operations, ensuring reliable lifting and movement of heavy loads in demanding environments like construction sites, mining [&hellip;]<\/p>","protected":false},"featured_media":20126,"comment_status":"open","ping_status":"closed","template":"","meta":{"_et_pb_use_builder":"","_et_pb_old_content":"","_et_gb_content_width":""},"product_brand":[],"product_cat":[1514],"product_tag":[],"class_list":{"0":"post-20124","1":"product","2":"type-product","3":"status-publish","4":"has-post-thumbnail","6":"product_cat-mobile-crane-hydraulic-cylinders","8":"first","9":"instock","10":"shipping-taxable","11":"product-type-simple"},"amp_enabled":true,"_links":{"self":[{"href":"https:\/\/www.hydraulic-cylinders.net\/es\/wp-json\/wp\/v2\/product\/20124","targetHints":{"allow":["GET"]}}],"collection":[{"href":"https:\/\/www.hydraulic-cylinders.net\/es\/wp-json\/wp\/v2\/product"}],"about":[{"href":"https:\/\/www.hydraulic-cylinders.net\/es\/wp-json\/wp\/v2\/types\/product"}],"replies":[{"embeddable":true,"href":"https:\/\/www.hydraulic-cylinders.net\/es\/wp-json\/wp\/v2\/comments?post=20124"}],"wp:featuredmedia":[{"embeddable":true,"href":"https:\/\/www.hydraulic-cylinders.net\/es\/wp-json\/wp\/v2\/media\/20126"}],"wp:attachment":[{"href":"https:\/\/www.hydraulic-cylinders.net\/es\/wp-json\/wp\/v2\/media?parent=20124"}],"wp:term":[{"taxonomy":"product_brand","embeddable":true,"href":"https:\/\/www.hydraulic-cylinders.net\/es\/wp-json\/wp\/v2\/product_brand?post=20124"},{"taxonomy":"product_cat","embeddable":true,"href":"https:\/\/www.hydraulic-cylinders.net\/es\/wp-json\/wp\/v2\/product_cat?post=20124"},{"taxonomy":"product_tag","embeddable":true,"href":"https:\/\/www.hydraulic-cylinders.net\/es\/wp-json\/wp\/v2\/product_tag?post=20124"}],"curies":[{"name":"wp","href":"https:\/\/api.w.org\/{rel}","templated":true}]}}