{"id":20179,"date":"2025-05-12T03:33:34","date_gmt":"2025-05-12T03:33:34","guid":{"rendered":"https:\/\/www.hydraulic-cylinders.net\/?post_type=product&#038;p=20179"},"modified":"2025-05-12T05:20:15","modified_gmt":"2025-05-12T05:20:15","slug":"counterweight-hydraulic-cylinders-for-car-crane","status":"publish","type":"product","link":"https:\/\/www.hydraulic-cylinders.net\/es\/producto\/counterweight-hydraulic-cylinders-for-car-crane\/","title":{"rendered":"Cilindros hidr\u00e1ulicos de contrapeso para gr\u00faas de autom\u00f3viles"},"content":{"rendered":"<h1 style=\"text-align: center;\"><strong>Cilindros hidr\u00e1ulicos de contrapeso para gr\u00faas de autom\u00f3viles<\/strong><\/h1>\n<p><img loading=\"lazy\" decoding=\"async\" class=\"wp-image-20180 aligncenter\" src=\"https:\/\/www.hydraulic-cylinders.net\/wp-content\/uploads\/2025\/05\/counterweight-hydraulic-cylinder-for-car-crane-scaled.webp\" alt=\"Cilindro hidr\u00e1ulico de contrapeso para gr\u00faa de autom\u00f3vil\" width=\"500\" height=\"500\" \/><\/p>\n<section id=\"introduction\">Los cilindros hidr\u00e1ulicos de contrapeso para gr\u00faas de autom\u00f3viles, fabricados por Ever-Power Huachang Hydraulic, son cilindros de equilibrio de ingenier\u00eda de precisi\u00f3n que garantizan una estabilidad y seguridad \u00f3ptimas durante operaciones de elevaci\u00f3n pesada. Dise\u00f1ados para una compatibilidad perfecta con los principales modelos de gr\u00faas de autom\u00f3viles, estos cilindros hidr\u00e1ulicos para gr\u00faas de autom\u00f3viles optimizan la gesti\u00f3n de cargas en entornos de construcci\u00f3n urbana, log\u00edstica e industriales. Al ser un cilindro hidr\u00e1ulico de alta resistencia, soporta condiciones de alta presi\u00f3n de hasta 320 bar, lo que proporciona un rendimiento fiable en tareas de elevaci\u00f3n y minimiza el riesgo de vuelco. Ya sea que manipule estructuras de acero o maquinaria pesada, este cilindro para gr\u00faa de autom\u00f3viles ofrece una durabilidad y un control inigualables para sus operaciones de gr\u00faa.<\/section>\n<section id=\"specifications\">\n<h2><strong>Especificaciones t\u00e9cnicas:<\/strong><\/h2>\n<p><strong>Funci\u00f3n:<\/strong> Controlar la acci\u00f3n del contrapeso<br \/>\n<strong>Di\u00e1metro del cilindro:<\/strong> 160 mm-180 mm<br \/>\n<strong>Di\u00e1metro de la varilla:<\/strong> 90 mm-150 mm<br \/>\n<strong>Viajar:<\/strong> 180 mm - 400 mm<br \/>\n<strong>Presi\u00f3n m\u00e1xima:<\/strong> 25 MPa<br \/>\n<strong>Empuje m\u00e1ximo:<\/strong> 1540 kN<\/p>\n<\/section>\n<section id=\"features\">\n<h2><strong>Caracter\u00edsticas principales de los cilindros hidr\u00e1ulicos de contrapeso para gr\u00faas de autom\u00f3viles:<\/strong><\/h2>\n<ul>\n<li><strong>Precisi\u00f3n superior en el equilibrio de carga:<\/strong> Los cilindros hidr\u00e1ulicos de contrapeso para gr\u00faas de autom\u00f3viles cuentan con un dise\u00f1o de cilindro de equilibrio avanzado que garantiza una distribuci\u00f3n uniforme del peso, lo que proporciona una estabilidad excepcional para las operaciones de los cilindros de gr\u00faas de autom\u00f3viles durante elevaciones de alta capacidad en entornos urbanos.<\/li>\n<li><strong>Construcci\u00f3n de alta durabilidad:<\/strong>\u00a0Fabricado en acero de alta resistencia con tratamiento anticorrosi\u00f3n, este cilindro hidr\u00e1ulico para gr\u00faa de autom\u00f3vil resiste el desgaste de elementos agresivos como la humedad y el polvo, lo que lo convierte en un cilindro de contrapeso resistente y confiable para gr\u00faas en condiciones dif\u00edciles.<\/li>\n<li><strong>Personalizable para diversas necesidades:<\/strong>\u00a0Con tama\u00f1os de orificio y longitudes de carrera ajustables, este cilindro de gr\u00faa para autom\u00f3vil para equilibrio de carga se puede adaptar a requisitos de elevaci\u00f3n espec\u00edficos, ofreciendo flexibilidad para una variedad de modelos y aplicaciones de gr\u00faas, desde la construcci\u00f3n hasta la log\u00edstica.<\/li>\n<li><strong>Optimizado para rendimiento de alta presi\u00f3n:<\/strong>\u00a0Dise\u00f1ado para funcionar de manera eficiente hasta 320 bar, este cilindro hidr\u00e1ulico de contrapeso proporciona potencia constante con una p\u00e9rdida m\u00ednima de energ\u00eda, lo que garantiza operaciones de elevaci\u00f3n suaves y seguras y al mismo tiempo reduce los costos operativos.<\/li>\n<li><strong>Bajo mantenimiento y larga vida \u00fatil:<\/strong>\u00a0Con tecnolog\u00eda de sellado avanzada y mecanizado de precisi\u00f3n, este cilindro hidr\u00e1ulico de alta resistencia minimiza las fugas y el desgaste, lo que reduce las necesidades de mantenimiento y extiende la vida \u00fatil de su gr\u00faa para autom\u00f3vil, incluso con uso frecuente.<\/li>\n<\/ul>\n<\/section>\n<section id=\"applications\">\n<h2><strong>Aplicaciones de los cilindros hidr\u00e1ulicos de contrapeso para gr\u00faas de autom\u00f3viles:<\/strong><\/h2>\n<h2><strong><img loading=\"lazy\" decoding=\"async\" class=\"alignnone size-full wp-image-20183\" src=\"https:\/\/www.hydraulic-cylinders.net\/wp-content\/uploads\/2025\/05\/counterweight-hydraulic-cylinder-for-car-crane-application.webp\" alt=\"\" width=\"1080\" height=\"617\" srcset=\"https:\/\/www.hydraulic-cylinders.net\/wp-content\/uploads\/2025\/05\/counterweight-hydraulic-cylinder-for-car-crane-application.webp 1080w, https:\/\/www.hydraulic-cylinders.net\/wp-content\/uploads\/2025\/05\/counterweight-hydraulic-cylinder-for-car-crane-application-980x560.webp 980w, https:\/\/www.hydraulic-cylinders.net\/wp-content\/uploads\/2025\/05\/counterweight-hydraulic-cylinder-for-car-crane-application-480x274.webp 480w\" sizes=\"(min-width: 0px) and (max-width: 480px) 480px, (min-width: 481px) and (max-width: 980px) 980px, (min-width: 981px) 1080px, 100vw\" \/><\/strong><\/h2>\n<ul>\n<li><strong>Construcci\u00f3n urbana para proyectos de gran altura:<\/strong> Los cilindros hidr\u00e1ulicos de contrapeso para gr\u00faas de autom\u00f3viles son ideales para tareas de construcci\u00f3n urbana, como el montaje de estructuras de acero para edificios de gran altura o la instalaci\u00f3n de paneles prefabricados. Este cilindro de equilibrio para operaciones con gr\u00faas de autom\u00f3viles garantiza una gesti\u00f3n precisa de la carga en espacios reducidos, lo que mejora la seguridad y reduce el riesgo de vuelco durante la elevaci\u00f3n de cargas pesadas.<\/li>\n<li><strong>Log\u00edstica y Manejo de Carga Pesada:<\/strong>\u00a0En operaciones log\u00edsticas, este cilindro hidr\u00e1ulico para la estabilidad de gr\u00faas de cami\u00f3n facilita el movimiento seguro y eficiente de carga pesada, como contenedores y pal\u00e9s de gran tama\u00f1o, en almacenes o puertos. El cilindro para equilibrar la carga mejora la maniobrabilidad de la gr\u00faa, incrementando la productividad en entornos de alta demanda.<\/li>\n<li><strong>Montaje Industrial en Plantas de Manufactura:<\/strong>\u00a0Ideal para entornos industriales como la fabricaci\u00f3n de autom\u00f3viles o maquinaria, este cilindro hidr\u00e1ulico de contrapeso facilita el posicionamiento preciso de componentes pesados, como prensas de l\u00edneas de montaje o bloques de motor. Como cilindro de contrapeso de alta resistencia para gr\u00faas, garantiza elevaciones estables y controladas, optimizando los flujos de trabajo en la f\u00e1brica.<\/li>\n<\/ul>\n<\/section>\n<section id=\"explore-more\">\n<h2><strong>Explore m\u00e1s cilindros para gr\u00faas de autom\u00f3viles:<\/strong><\/h2>\n<p>Ofrecemos una amplia gama de cilindros para gr\u00faas de autom\u00f3viles para satisfacer diversas necesidades de elevaci\u00f3n. Ya sea que necesite un cilindro hidr\u00e1ulico para la estabilidad de su gr\u00faa de autom\u00f3vil o un cilindro de contrapeso de alta resistencia para gr\u00faas, Ever-Power Huachang Hydraulic ofrece soluciones personalizadas. Descubra nuestra colecci\u00f3n completa de <a href=\"https:\/\/www.hydraulic-cylinders.net\/es\/mobile-crane-hydraulic-cylinders\/\">cilindros de gr\u00faa para autom\u00f3viles<\/a>.<\/p>\n<\/section>\n<div class=\"container-hfX5E8 flow-markdown-body theme-samantha-yJEgBp\" dir=\"ltr\" data-testid=\"message_text_content\" data-show-indicator=\"false\">\n<h2 class=\"header-jfw95c auto-hide-last-sibling-br\"><strong>\u00bfCu\u00e1les son las principales ventajas de utilizar un cilindro hidr\u00e1ulico de contrapeso en una gr\u00faa?<\/strong><\/h2>\n<div class=\"auto-hide-last-sibling-br paragraph-qzbcQC paragraph-element br-paragraph-space\">El uso de un cilindro hidr\u00e1ulico de contrapeso en una gr\u00faa ofrece varias ventajas importantes:<\/div>\n<h3><strong>Estabilidad mejorada<\/strong>:<\/h3>\n<h3><img loading=\"lazy\" decoding=\"async\" class=\"aligncenter wp-image-20184 size-full\" src=\"https:\/\/www.hydraulic-cylinders.net\/wp-content\/uploads\/2025\/05\/counterweight-hydraulic-cylinder-for-car-crane-1-1.webp\" alt=\"\" width=\"580\" height=\"326\" srcset=\"https:\/\/www.hydraulic-cylinders.net\/wp-content\/uploads\/2025\/05\/counterweight-hydraulic-cylinder-for-car-crane-1-1.webp 580w, https:\/\/www.hydraulic-cylinders.net\/wp-content\/uploads\/2025\/05\/counterweight-hydraulic-cylinder-for-car-crane-1-1-480x270.webp 480w\" sizes=\"(min-width: 0px) and (max-width: 480px) 480px, (min-width: 481px) 580px, 100vw\" \/><\/h3>\n<p>Un cilindro hidr\u00e1ulico de contrapeso ayuda a equilibrar la carga de la gr\u00faa. Al ajustar la posici\u00f3n y la fuerza del contrapeso, se contrarresta el par generado por la carga elevada. Esto reduce el riesgo de vuelco de la gr\u00faa durante operaciones de elevaci\u00f3n pesada. Por ejemplo, al levantar una gr\u00faa un panel de hormig\u00f3n prefabricado grande y pesado en un proyecto de construcci\u00f3n de gran altura, el cilindro hidr\u00e1ulico de contrapeso se puede ajustar para mantener la gr\u00faa estable.<\/p>\n<\/div>\n<div class=\"container-hfX5E8 flow-markdown-body theme-samantha-yJEgBp\" dir=\"ltr\" data-testid=\"message_text_content\" data-show-indicator=\"false\">\n<h3><strong>Gesti\u00f3n precisa de la carga<\/strong>:<\/h3>\n<p>Permite un control preciso del contrapeso, lo que a su vez facilita una gesti\u00f3n de la carga m\u00e1s precisa. El cilindro hidr\u00e1ulico se puede ajustar en tiempo real seg\u00fan el peso y la posici\u00f3n de la carga. En una operaci\u00f3n log\u00edstica donde una gr\u00faa mueve contenedores de diferentes pesos, el cilindro hidr\u00e1ulico del contrapeso se puede ajustar con precisi\u00f3n para garantizar una elevaci\u00f3n y colocaci\u00f3n fluidas y seguras de los contenedores.<\/p>\n<\/div>\n<div>\n<div class=\"image-box-grid-DI7Zd9\" data-finished=\"true\" data-testid=\"message_image_content\">\n<div class=\"image-box-grid-item-hjZBGw\">\n<div class=\"relative w-fit inline-flex\">\n<div class=\"container-pveQEn\"><\/div>\n<\/div>\n<\/div>\n<\/div>\n<\/div>\n<div class=\"container-hfX5E8 flow-markdown-body theme-samantha-yJEgBp\" dir=\"ltr\" data-testid=\"message_text_content\" data-show-indicator=\"false\">\n<h3><strong>Mayor maniobrabilidad<\/strong>:<\/h3>\n<h3><img loading=\"lazy\" decoding=\"async\" class=\"alignnone size-full wp-image-20185\" src=\"https:\/\/www.hydraulic-cylinders.net\/wp-content\/uploads\/2025\/05\/counterweight-hydraulic-cylinder-for-car-crane-2.webp\" alt=\"\" width=\"2048\" height=\"1152\" srcset=\"https:\/\/www.hydraulic-cylinders.net\/wp-content\/uploads\/2025\/05\/counterweight-hydraulic-cylinder-for-car-crane-2.webp 2048w, https:\/\/www.hydraulic-cylinders.net\/wp-content\/uploads\/2025\/05\/counterweight-hydraulic-cylinder-for-car-crane-2-1280x720.webp 1280w, https:\/\/www.hydraulic-cylinders.net\/wp-content\/uploads\/2025\/05\/counterweight-hydraulic-cylinder-for-car-crane-2-980x551.webp 980w, https:\/\/www.hydraulic-cylinders.net\/wp-content\/uploads\/2025\/05\/counterweight-hydraulic-cylinder-for-car-crane-2-480x270.webp 480w\" sizes=\"(min-width: 0px) and (max-width: 480px) 480px, (min-width: 481px) and (max-width: 980px) 980px, (min-width: 981px) and (max-width: 1280px) 1280px, (min-width: 1281px) 2048px, 100vw\" \/><\/h3>\n<p>En espacios reducidos, como obras de construcci\u00f3n urbanas o plantas de fabricaci\u00f3n, el cilindro hidr\u00e1ulico de contrapeso mejora la maniobrabilidad de la gr\u00faa. Permite ajustar r\u00e1pidamente el contrapeso para adaptarse a diferentes condiciones y espacios de trabajo. Por ejemplo, en una planta de fabricaci\u00f3n de autom\u00f3viles, donde se utiliza una gr\u00faa para posicionar bloques de motor en la l\u00ednea de montaje, el cilindro hidr\u00e1ulico de contrapeso permite que la gr\u00faa se mueva y opere con mayor libertad en un espacio reducido.<\/p>\n<\/div>\n<div class=\"container-hfX5E8 flow-markdown-body theme-samantha-yJEgBp\" dir=\"ltr\" data-testid=\"message_text_content\" data-show-indicator=\"false\">\n<h3><strong>Seguridad mejorada<\/strong>:<\/h3>\n<p>Al garantizar la estabilidad y la gesti\u00f3n precisa de la carga, el cilindro hidr\u00e1ulico de contrapeso mejora significativamente la seguridad de las operaciones con gr\u00faa. Reduce la probabilidad de accidentes, como ca\u00eddas de carga o colapsos de la gr\u00faa, protegiendo tanto a los operadores como al entorno circundante. Ya sea en un proyecto de construcci\u00f3n de alto riesgo o en un centro log\u00edstico con mucha actividad, el uso de un cilindro hidr\u00e1ulico de contrapeso es crucial para mantener un entorno de trabajo seguro.<\/p>\n<\/div>\n<section id=\"company-introduction\">\n<h2><strong>Acerca de Ever-Power Huachang Hydraulic:<\/strong><\/h2>\n<h2><img loading=\"lazy\" decoding=\"async\" class=\"alignnone size-full wp-image-16972\" src=\"https:\/\/www.hydraulic-cylinders.net\/wp-content\/uploads\/2025\/01\/hydraulic-cylinder-factory-1-scaled.webp\" alt=\"\" width=\"2016\" height=\"2560\" srcset=\"https:\/\/www.hydraulic-cylinders.net\/wp-content\/uploads\/2025\/01\/hydraulic-cylinder-factory-1-scaled.webp 2016w, https:\/\/www.hydraulic-cylinders.net\/wp-content\/uploads\/2025\/01\/hydraulic-cylinder-factory-1-1280x1625.webp 1280w, https:\/\/www.hydraulic-cylinders.net\/wp-content\/uploads\/2025\/01\/hydraulic-cylinder-factory-1-980x1244.webp 980w, https:\/\/www.hydraulic-cylinders.net\/wp-content\/uploads\/2025\/01\/hydraulic-cylinder-factory-1-480x610.webp 480w\" sizes=\"(min-width: 0px) and (max-width: 480px) 480px, (min-width: 481px) and (max-width: 980px) 980px, (min-width: 981px) and (max-width: 1280px) 1280px, (min-width: 1281px) 2016px, 100vw\" \/><\/h2>\n<p dir=\"auto\">Ever-Power Huachang Hydraulic impulsa la innovaci\u00f3n en cilindros hidr\u00e1ulicos con una instalaci\u00f3n de investigaci\u00f3n y desarrollo de vanguardia, donde ingenieros expertos dise\u00f1an soluciones de alto rendimiento para aplicaciones industriales, incluidas gr\u00faas para autom\u00f3viles y equipos pesados.<\/p>\n<p dir=\"auto\">Nuestra avanzada planta de fabricaci\u00f3n cuenta con ensamblaje automatizado y mecanizado de precisi\u00f3n, produciendo cilindros personalizados con tecnolog\u00eda inteligente para garantizar la eficiencia y el cumplimiento de estrictos est\u00e1ndares de la industria, respaldando modelos como Terex y Grove.<\/p>\n<h2><img loading=\"lazy\" decoding=\"async\" class=\"alignnone size-full wp-image-16973\" src=\"https:\/\/www.hydraulic-cylinders.net\/wp-content\/uploads\/2025\/01\/hydraulic-cylinder-factory-2-scaled.webp\" alt=\"\" width=\"2011\" height=\"2560\" srcset=\"https:\/\/www.hydraulic-cylinders.net\/wp-content\/uploads\/2025\/01\/hydraulic-cylinder-factory-2-scaled.webp 2011w, https:\/\/www.hydraulic-cylinders.net\/wp-content\/uploads\/2025\/01\/hydraulic-cylinder-factory-2-1280x1629.webp 1280w, https:\/\/www.hydraulic-cylinders.net\/wp-content\/uploads\/2025\/01\/hydraulic-cylinder-factory-2-980x1248.webp 980w, https:\/\/www.hydraulic-cylinders.net\/wp-content\/uploads\/2025\/01\/hydraulic-cylinder-factory-2-480x611.webp 480w\" sizes=\"(min-width: 0px) and (max-width: 480px) 480px, (min-width: 481px) and (max-width: 980px) 980px, (min-width: 981px) and (max-width: 1280px) 1280px, (min-width: 1281px) 2011px, 100vw\" \/><\/h2>\n<p>Defendemos la calidad mediante un centro de pruebas de vanguardia, validamos el rendimiento con diagn\u00f3sticos avanzados y utilizamos recubrimientos ecol\u00f3gicos para mejorar la durabilidad. Como l\u00edderes, aprovechamos la investigaci\u00f3n basada en IA para ofrecer cilindros hidr\u00e1ulicos de alta resistencia, confiables a nivel mundial.<\/p>\n<\/section>","protected":false},"excerpt":{"rendered":"<p>Counterweight Hydraulic Cylinders for Car Crane The counterweight hydraulic cylinders for car crane, crafted by Ever-Power Huachang Hydraulic, are precision-engineered balance cylinders that ensure optimal stability and safety during heavy lifting operations. Designed for seamless compatibility with leading car crane models, this hydraulic cylinder for car crane enhances load management in urban construction, logistics, and [&hellip;]<\/p>","protected":false},"featured_media":20181,"comment_status":"open","ping_status":"closed","template":"","meta":{"_et_pb_use_builder":"","_et_pb_old_content":"","_et_gb_content_width":""},"product_brand":[],"product_cat":[1514],"product_tag":[],"class_list":{"0":"post-20179","1":"product","2":"type-product","3":"status-publish","4":"has-post-thumbnail","6":"product_cat-mobile-crane-hydraulic-cylinders","8":"first","9":"instock","10":"shipping-taxable","11":"product-type-simple"},"amp_enabled":true,"_links":{"self":[{"href":"https:\/\/www.hydraulic-cylinders.net\/es\/wp-json\/wp\/v2\/product\/20179","targetHints":{"allow":["GET"]}}],"collection":[{"href":"https:\/\/www.hydraulic-cylinders.net\/es\/wp-json\/wp\/v2\/product"}],"about":[{"href":"https:\/\/www.hydraulic-cylinders.net\/es\/wp-json\/wp\/v2\/types\/product"}],"replies":[{"embeddable":true,"href":"https:\/\/www.hydraulic-cylinders.net\/es\/wp-json\/wp\/v2\/comments?post=20179"}],"wp:featuredmedia":[{"embeddable":true,"href":"https:\/\/www.hydraulic-cylinders.net\/es\/wp-json\/wp\/v2\/media\/20181"}],"wp:attachment":[{"href":"https:\/\/www.hydraulic-cylinders.net\/es\/wp-json\/wp\/v2\/media?parent=20179"}],"wp:term":[{"taxonomy":"product_brand","embeddable":true,"href":"https:\/\/www.hydraulic-cylinders.net\/es\/wp-json\/wp\/v2\/product_brand?post=20179"},{"taxonomy":"product_cat","embeddable":true,"href":"https:\/\/www.hydraulic-cylinders.net\/es\/wp-json\/wp\/v2\/product_cat?post=20179"},{"taxonomy":"product_tag","embeddable":true,"href":"https:\/\/www.hydraulic-cylinders.net\/es\/wp-json\/wp\/v2\/product_tag?post=20179"}],"curies":[{"name":"wp","href":"https:\/\/api.w.org\/{rel}","templated":true}]}}