{"id":634,"date":"2023-08-21T02:32:30","date_gmt":"2023-08-21T02:32:30","guid":{"rendered":"https:\/\/hydraulic-cylinders.net\/?post_type=product&#038;p=634"},"modified":"2025-04-11T03:15:51","modified_gmt":"2025-04-11T03:15:51","slug":"forklift-tilt-hydraulic-cylinder","status":"publish","type":"product","link":"https:\/\/www.hydraulic-cylinders.net\/es\/producto\/forklift-tilt-hydraulic-cylinder\/","title":{"rendered":"Cilindro hidr\u00e1ulico de inclinaci\u00f3n para carretillas elevadoras"},"content":{"rendered":"<h1 style=\"text-align: center;\"><strong>Cilindros hidr\u00e1ulicos de inclinaci\u00f3n para carretillas elevadoras<\/strong><\/h1>\n<p><img loading=\"lazy\" decoding=\"async\" class=\"aligncenter wp-image-635\" src=\"https:\/\/hydraulic-cylinders.net\/wp-content\/uploads\/2023\/08\/tilt-hydraulic-cylinder-product-1-4-300x300.webp\" alt=\"producto cilindro hidr\u00e1ulico basculante\" width=\"400\" height=\"400\" \/><\/p>\n<p>El cilindro hidr\u00e1ulico de inclinaci\u00f3n para montacargas es un cilindro hidr\u00e1ulico de doble acci\u00f3n usado para inclinar el m\u00e1stil del montacargas. Suele estar situado en los lados izquierdo y derecho de la carretilla elevadora y est\u00e1 conectado al m\u00e1stil y al bastidor de la carretilla elevadora.<\/p>\n<p>El cilindro basculante funciona utilizando aceite hidr\u00e1ulico para empujar y tirar del pist\u00f3n dentro del cilindro. Cuando se bombea aceite hidr\u00e1ulico al cilindro, el pist\u00f3n se mueve hacia delante, inclinando el m\u00e1stil hacia delante. Cuando se bombea aceite hidr\u00e1ulico fuera del cilindro, el pist\u00f3n se mueve hacia atr\u00e1s, inclinando el m\u00e1stil hacia atr\u00e1s.<\/p>\n<p>El cilindro de inclinaci\u00f3n es una parte importante de las prestaciones de seguridad de las carretillas elevadoras. Permiten a los operadores inclinar el m\u00e1stil para descargar o cargar material de la horquilla. El cilindro de inclinaci\u00f3n tambi\u00e9n ayuda a evitar que la carretilla elevadora vuelque.<\/p>\n<h2><strong>Cilindros hidr\u00e1ulicos de inclinaci\u00f3n para carretillas elevadoras Par\u00e1metros:<\/strong><\/h2>\n<table>\n<tbody>\n<tr>\n<td><img loading=\"lazy\" decoding=\"async\" class=\"alignnone wp-image-636 size-full\" src=\"https:\/\/hydraulic-cylinders.net\/wp-content\/uploads\/2023\/08\/tilt-hydraulic-cylinder-product-1.webp\" alt=\"\" width=\"333\" height=\"262\" srcset=\"https:\/\/www.hydraulic-cylinders.net\/wp-content\/uploads\/2023\/08\/tilt-hydraulic-cylinder-product-1.webp 333w, https:\/\/www.hydraulic-cylinders.net\/wp-content\/uploads\/2023\/08\/tilt-hydraulic-cylinder-product-1-300x236.webp 300w\" sizes=\"(max-width: 333px) 100vw, 333px\" \/><\/td>\n<td><img loading=\"lazy\" decoding=\"async\" class=\"alignnone wp-image-637 size-full\" src=\"https:\/\/hydraulic-cylinders.net\/wp-content\/uploads\/2023\/08\/tilt-hydraulic-cylinder-product-1-1.webp\" alt=\"\" width=\"326\" height=\"286\" srcset=\"https:\/\/www.hydraulic-cylinders.net\/wp-content\/uploads\/2023\/08\/tilt-hydraulic-cylinder-product-1-1.webp 326w, https:\/\/www.hydraulic-cylinders.net\/wp-content\/uploads\/2023\/08\/tilt-hydraulic-cylinder-product-1-1-300x263.webp 300w\" sizes=\"(max-width: 326px) 100vw, 326px\" \/><\/td>\n<\/tr>\n<\/tbody>\n<\/table>\n<table border=\"1\" cellspacing=\"0\" cellpadding=\"0\">\n<tbody>\n<tr>\n<td width=\"246\">Nombre del cilindro<\/td>\n<td width=\"336\">n\u00famero de dibujo<\/td>\n<td width=\"126\">di\u00e1metro interior (D)<\/td>\n<td width=\"123\">di\u00e1metro de la varilla (d)<\/td>\n<td width=\"114\">ictus (S)<\/td>\n<td width=\"170\">Distancia de instalaci\u00f3n (L)<\/td>\n<td width=\"172\">presi\u00f3n de trabajo<\/td>\n<td width=\"366\">Dimensiones de la interfaz (M)<\/td>\n<td width=\"96\">peso<\/td>\n<\/tr>\n<tr>\n<td width=\"246\">CILINDRO BASCULANTE<\/td>\n<td>QA20V500-405000-000<\/td>\n<td>\u03a660<\/td>\n<td>\u03a630<\/td>\n<td>32<\/td>\n<td>109<\/td>\n<td>18MPa<\/td>\n<td>2-M14*1.5<\/td>\n<td>3,4 kg<\/td>\n<\/tr>\n<\/tbody>\n<\/table>\n<table>\n<tbody>\n<tr>\n<td><img loading=\"lazy\" decoding=\"async\" class=\"alignnone wp-image-638 size-full\" src=\"https:\/\/hydraulic-cylinders.net\/wp-content\/uploads\/2023\/08\/tilt-hydraulic-cylinder-product-1-2.webp\" alt=\"\" width=\"475\" height=\"365\" srcset=\"https:\/\/www.hydraulic-cylinders.net\/wp-content\/uploads\/2023\/08\/tilt-hydraulic-cylinder-product-1-2.webp 475w, https:\/\/www.hydraulic-cylinders.net\/wp-content\/uploads\/2023\/08\/tilt-hydraulic-cylinder-product-1-2-300x231.webp 300w\" sizes=\"(max-width: 475px) 100vw, 475px\" \/><\/td>\n<td><img loading=\"lazy\" decoding=\"async\" class=\"alignnone wp-image-639 size-full\" src=\"https:\/\/hydraulic-cylinders.net\/wp-content\/uploads\/2023\/08\/tilt-hydraulic-cylinder-product-1-3.webp\" alt=\"\" width=\"475\" height=\"155\" srcset=\"https:\/\/www.hydraulic-cylinders.net\/wp-content\/uploads\/2023\/08\/tilt-hydraulic-cylinder-product-1-3.webp 475w, https:\/\/www.hydraulic-cylinders.net\/wp-content\/uploads\/2023\/08\/tilt-hydraulic-cylinder-product-1-3-300x98.webp 300w\" sizes=\"(max-width: 475px) 100vw, 475px\" \/><\/td>\n<\/tr>\n<\/tbody>\n<\/table>\n<table border=\"1\" width=\"100%\" cellspacing=\"0\" cellpadding=\"0\">\n<tbody>\n<tr>\n<td width=\"246\">Nombre del cilindro<\/td>\n<td width=\"336\">n\u00famero de dibujo<\/td>\n<td width=\"126\">di\u00e1metro interior (D)<\/td>\n<td width=\"123\">di\u00e1metro de la varilla (d)<\/td>\n<td width=\"114\">ictus (S)<\/td>\n<td width=\"170\">Distancia de instalaci\u00f3n (L)<\/td>\n<td width=\"172\">presi\u00f3n de trabajo<\/td>\n<td width=\"366\">Dimensiones de la interfaz (M)<\/td>\n<td width=\"96\">peso<\/td>\n<\/tr>\n<tr>\n<td width=\"246\">CILINDRO BASCULANTE<\/td>\n<td>S16N450-600000-001Z<\/td>\n<td>\u03a663<\/td>\n<td>\u03a625<\/td>\n<td>55<\/td>\n<td>368<\/td>\n<td>18,1MPa<\/td>\n<td>2-G1\/4<\/td>\n<td>8,2 kg<\/td>\n<\/tr>\n<tr>\n<td width=\"246\">CILINDRO BASCULANTE<\/td>\n<td>RTE35M300-600000-500<\/td>\n<td>\u03a685<\/td>\n<td>\u03a635<\/td>\n<td>180<\/td>\n<td>565<\/td>\n<td>18,1MPa<\/td>\n<td>2-M16*1.5<\/td>\n<td>17 kg<\/td>\n<\/tr>\n<tr>\n<td width=\"246\">CILINDRO BASCULANTE<\/td>\n<td>A15N450-600000AZ<\/td>\n<td>\u03a665<\/td>\n<td>\u03a625<\/td>\n<td>109<\/td>\n<td>514<\/td>\n<td>18,1MPa<\/td>\n<td>2-G1\/4<\/td>\n<td>11,6 kg<\/td>\n<\/tr>\n<\/tbody>\n<\/table>\n<table>\n<tbody>\n<tr>\n<td><img loading=\"lazy\" decoding=\"async\" class=\"alignnone wp-image-640 size-full\" src=\"https:\/\/hydraulic-cylinders.net\/wp-content\/uploads\/2023\/08\/tilt-hydraulic-cylinder-product-1-4-1.webp\" alt=\"\" width=\"476\" height=\"398\" srcset=\"https:\/\/www.hydraulic-cylinders.net\/wp-content\/uploads\/2023\/08\/tilt-hydraulic-cylinder-product-1-4-1.webp 476w, https:\/\/www.hydraulic-cylinders.net\/wp-content\/uploads\/2023\/08\/tilt-hydraulic-cylinder-product-1-4-1-300x251.webp 300w\" sizes=\"(max-width: 476px) 100vw, 476px\" \/><\/td>\n<td><img loading=\"lazy\" decoding=\"async\" class=\"alignnone wp-image-641 size-full\" src=\"https:\/\/hydraulic-cylinders.net\/wp-content\/uploads\/2023\/08\/tilt-hydraulic-cylinder-product-1-5.webp\" alt=\"\" width=\"475\" height=\"162\" srcset=\"https:\/\/www.hydraulic-cylinders.net\/wp-content\/uploads\/2023\/08\/tilt-hydraulic-cylinder-product-1-5.webp 475w, https:\/\/www.hydraulic-cylinders.net\/wp-content\/uploads\/2023\/08\/tilt-hydraulic-cylinder-product-1-5-300x102.webp 300w\" sizes=\"(max-width: 475px) 100vw, 475px\" \/><\/td>\n<\/tr>\n<\/tbody>\n<\/table>\n<table border=\"1\" width=\"100%\" cellspacing=\"0\" cellpadding=\"0\">\n<tbody>\n<tr>\n<td width=\"246\">Nombre del cilindro<\/td>\n<td width=\"336\">n\u00famero de dibujo<\/td>\n<td width=\"126\">di\u00e1metro interior (D)<\/td>\n<td width=\"123\">di\u00e1metro de la varilla (d)<\/td>\n<td width=\"114\">ictus (S)<\/td>\n<td width=\"170\">Distancia de instalaci\u00f3n (L)<\/td>\n<td width=\"172\">presi\u00f3n de trabajo<\/td>\n<td width=\"366\">Dimensiones de la interfaz (M)<\/td>\n<td width=\"96\">peso<\/td>\n<\/tr>\n<tr>\n<td>CILINDRO BASCULANTE<\/td>\n<td>A30M300-600000-000B<\/td>\n<td>\u03a670<\/td>\n<td>\u03a630<\/td>\n<td>156<\/td>\n<td>453<\/td>\n<td>18,1MPa<\/td>\n<td>2-G1\/4<\/td>\n<td>12 kg<\/td>\n<\/tr>\n<tr>\n<td>CILINDRO BASCULANTE<\/td>\n<td>A35M300-600000-000C<\/td>\n<td>\u03a680<\/td>\n<td>\u03a630<\/td>\n<td>156<\/td>\n<td>456.5<\/td>\n<td>18,1MPa<\/td>\n<td>2-G1\/4<\/td>\n<td>13 kg<\/td>\n<\/tr>\n<tr>\n<td>CILINDRO BASCULANTE<\/td>\n<td>A45M300-600000Z<\/td>\n<td>\u03a6100<\/td>\n<td>\u03a640<\/td>\n<td>193<\/td>\n<td>498<\/td>\n<td>18,1MPa<\/td>\n<td>2-M16*1.5<\/td>\n<td>22 kg<\/td>\n<\/tr>\n<\/tbody>\n<\/table>\n<h2><strong>M\u00e9todo de uso de <\/strong><strong>Cilindro hidr\u00e1ulico de elevaci\u00f3n de carretillas elevadoras<\/strong><strong>:<\/strong><\/h2>\n<ul>\n<li><strong>Paso 1: An\u00e1lisis del sistema<\/strong>: Analice los requisitos de su sistema hidr\u00e1ulico y determine las especificaciones adecuadas para el cilindro hidr\u00e1ulico. Tenga en cuenta factores como la capacidad de carga, la longitud de carrera y la presi\u00f3n de funcionamiento.<\/li>\n<li><strong>Paso 2: Selecci\u00f3n del cilindro<\/strong>: Seleccione el cilindro hidr\u00e1ulico que mejor se adapte a los requisitos de su sistema. Aseg\u00farese de la compatibilidad con otros componentes del sistema y tenga en cuenta factores como el estilo de montaje, el di\u00e1metro del v\u00e1stago y el tama\u00f1o del puerto.<\/li>\n<li><strong>Paso 3: Instalaci\u00f3n<\/strong>: Instale el cilindro hidr\u00e1ulico en su sistema hidr\u00e1ulico, siguiendo las instrucciones del fabricante. Preste atenci\u00f3n a una alineaci\u00f3n correcta, un montaje seguro y conexiones sin fugas.<\/li>\n<li><strong>Paso 4: Prueba del sistema<\/strong>: Realice pruebas exhaustivas del sistema hidr\u00e1ulico, incluido el cilindro hidr\u00e1ulico. Compruebe el funcionamiento correcto, las fugas de fluido y cualquier problema potencial. Realice los ajustes necesarios para garantizar un rendimiento \u00f3ptimo.<\/li>\n<\/ul>\n<h2><strong>Capacidad de la f\u00e1brica:<\/strong><\/h2>\n<h3>(1) Montaje<\/h3>\n<p>Contamos con una plataforma de ensamblaje de investigaci\u00f3n y desarrollo independiente de primera clase. El taller de producci\u00f3n de cilindros de carretillas elevadoras tiene 4 l\u00edneas de montaje semiautom\u00e1tico de cilindros de elevaci\u00f3n y 1 l\u00ednea de montaje autom\u00e1tico de cilindros de inclinaci\u00f3n, con una capacidad de producci\u00f3n anual dise\u00f1ada de 1 mill\u00f3n de piezas; El taller de cilindros especiales est\u00e1 equipado con un sistema de montaje de limpieza semiautom\u00e1tico de varias especificaciones, con una capacidad de producci\u00f3n anual dise\u00f1ada de 200.000. Equipado con famosos equipos de mecanizado CNC, centro de mecanizado, equipos especiales de procesamiento de cilindros de alta precisi\u00f3n, m\u00e1quina de soldadura robotizada, m\u00e1quina de limpieza autom\u00e1tica, m\u00e1quina de montaje de cilindros autom\u00e1tica, l\u00ednea de producci\u00f3n de pintura autom\u00e1tica. Equipos clave existentes m\u00e1s de 300 juegos (conjuntos). La asignaci\u00f3n \u00f3ptima y el uso eficiente de los recursos de equipamiento garantizan los requisitos de precisi\u00f3n de los productos y cumplen los requisitos de alta calidad de los productos.<\/p>\n<p><img loading=\"lazy\" decoding=\"async\" class=\"alignnone wp-image-626\" src=\"https:\/\/hydraulic-cylinders.net\/wp-content\/uploads\/2023\/08\/hydraulic-cylinder-product-1-300x158.webp\" alt=\"\" width=\"495\" height=\"260\" srcset=\"https:\/\/hydraulic-cylinders.net\/wp-content\/uploads\/2023\/08\/hydraulic-cylinder-product-1-300x158.webp 495w, https:\/\/hydraulic-cylinders.net\/wp-content\/uploads\/2023\/08\/hydraulic-cylinder-product-1-480x252.webp 480w\" sizes=\"(min-width: 0px) and (max-width: 480px) 480px, (min-width: 481px) 495px, 100vw\" \/> <img loading=\"lazy\" decoding=\"async\" class=\"alignnone wp-image-627\" src=\"https:\/\/hydraulic-cylinders.net\/wp-content\/uploads\/2023\/08\/hydraulic-cylinder-product-2-300x189.webp\" alt=\"\" width=\"413\" height=\"260\" \/><\/p>\n<h3>(2)Mecanizado<\/h3>\n<p>El taller de mecanizado est\u00e1 equipado con un centro de torneado de carril inclinado personalizado, un centro de mecanizado, una m\u00e1quina de bru\u00f1ido de alta velocidad, un robot de soldadura y otros equipos relacionados, que pueden procesar tubos cil\u00edndricos con un di\u00e1metro interior m\u00e1ximo de 400 mm y una longitud m\u00e1xima de 6 metros.<\/p>\n<p><img loading=\"lazy\" decoding=\"async\" class=\"alignnone wp-image-628 size-large\" src=\"https:\/\/hydraulic-cylinders.net\/wp-content\/uploads\/2023\/08\/hydraulic-cylinder-product-3-1024x391.webp\" alt=\"\" width=\"1024\" height=\"391\" srcset=\"https:\/\/hydraulic-cylinders.net\/wp-content\/uploads\/2023\/08\/hydraulic-cylinder-product-3-980x374.webp 980w, https:\/\/hydraulic-cylinders.net\/wp-content\/uploads\/2023\/08\/hydraulic-cylinder-product-3-480x183.webp 480w\" sizes=\"(min-width: 0px) and (max-width: 480px) 480px, (min-width: 481px) and (max-width: 980px) 980px, (min-width: 981px) 1024px, 100vw\" \/><\/p>\n<h3>(3) Soldadura<\/h3>\n<p><img loading=\"lazy\" decoding=\"async\" class=\"alignnone wp-image-629 size-large\" src=\"https:\/\/hydraulic-cylinders.net\/wp-content\/uploads\/2023\/08\/hydraulic-cylinder-product-4-1024x510.webp\" alt=\"\" width=\"1024\" height=\"510\" srcset=\"https:\/\/hydraulic-cylinders.net\/wp-content\/uploads\/2023\/08\/hydraulic-cylinder-product-4-980x488.webp 980w, https:\/\/hydraulic-cylinders.net\/wp-content\/uploads\/2023\/08\/hydraulic-cylinder-product-4-480x239.webp 480w\" sizes=\"(min-width: 0px) and (max-width: 480px) 480px, (min-width: 481px) and (max-width: 980px) 980px, (min-width: 981px) 1024px, 100vw\" \/><\/p>\n<h3>(4) Pintura y revestimiento<\/h3>\n<p>Con cilindro peque\u00f1o y mediano autom\u00e1tico l\u00ednea de recubrimiento de pintura a base de agua, para lograr la carga y descarga autom\u00e1tica del robot y pulverizaci\u00f3n autom\u00e1tica, la capacidad de dise\u00f1o de 4000 piezas por turno;<br \/>\nTambi\u00e9n disponemos de una l\u00ednea semiautom\u00e1tica de producci\u00f3n de pintura para cilindros grandes, accionada por una cadena cinem\u00e1tica, con una capacidad de dise\u00f1o de 60 cajas por turno.<\/p>\n<p><img loading=\"lazy\" decoding=\"async\" class=\"alignnone wp-image-630\" src=\"https:\/\/hydraulic-cylinders.net\/wp-content\/uploads\/2023\/08\/hydraulic-cylinder-product-5-300x213.webp\" alt=\"\" width=\"366\" height=\"260\" \/> <img loading=\"lazy\" decoding=\"async\" class=\"alignnone wp-image-631\" src=\"https:\/\/hydraulic-cylinders.net\/wp-content\/uploads\/2023\/08\/hydraulic-cylinder-product-6-300x225.webp\" alt=\"\" width=\"347\" height=\"260\" \/><\/p>\n<h3>(5) Pruebas<\/h3>\n<p>Disponemos de instalaciones de inspecci\u00f3n y bancos de pruebas de primera clase para garantizar que el rendimiento del cilindro cumple los requisitos.<\/p>\n<p><img loading=\"lazy\" decoding=\"async\" class=\"alignnone wp-image-632\" src=\"https:\/\/hydraulic-cylinders.net\/wp-content\/uploads\/2023\/08\/hydraulic-cylinder-product-8-300x200.webp\" alt=\"\" width=\"389\" height=\"260\" \/><\/p>\n<p>&nbsp;<\/p>\n<p>&nbsp;<\/p>\n<p>Somos uno de los mejores fabricantes de cilindros hidr\u00e1ulicos. Podemos ofrecer un amplio stock de cilindros hidr\u00e1ulicos. Tambi\u00e9n proporcionamos <a href=\"https:\/\/hzpt.com\/agricultural-pto-gearbox\/\" target=\"_blank\" rel=\"noopener\">cajas de cambios agr\u00edcolas<\/a>. Hemos exportado nuestros productos a clientes de todo el mundo y nos hemos ganado una buena reputaci\u00f3n gracias a la calidad superior de nuestros productos y a nuestro servicio posventa. Invitamos cordialmente a los clientes nacionales y extranjeros a ponerse en contacto con nosotros para negociar negocios, intercambiar informaci\u00f3n y...\u00a0<a href=\"https:\/\/www.hydraulic-cylinders.net\/es\/contact-us\/\">colabore con nosotros<\/a>!<\/p>","protected":false},"excerpt":{"rendered":"<p>Forklift Tilt Hydraulic Cylinders Forklift tilting hydraulic cylinder is a double acting hydraulic cylinder used for tilting the forklift mast. It is usually located on the left and right sides of the forklift and is connected to the mast and frame of the forklift. The tilting cylinder works by using hydraulic oil to push and [&hellip;]<\/p>","protected":false},"featured_media":642,"comment_status":"open","ping_status":"closed","template":"","meta":{"_et_pb_use_builder":"","_et_pb_old_content":"","_et_gb_content_width":""},"product_brand":[],"product_cat":[1550,1484],"product_tag":[1380],"class_list":{"0":"post-634","1":"product","2":"type-product","3":"status-publish","4":"has-post-thumbnail","6":"product_cat-double-acting-hydraulic-cylinder","7":"product_cat-forklift-hydraulic-cylinders","8":"product_tag-hydraulic-cylinder","10":"first","11":"instock","12":"shipping-taxable","13":"product-type-simple"},"amp_enabled":true,"_links":{"self":[{"href":"https:\/\/www.hydraulic-cylinders.net\/es\/wp-json\/wp\/v2\/product\/634","targetHints":{"allow":["GET"]}}],"collection":[{"href":"https:\/\/www.hydraulic-cylinders.net\/es\/wp-json\/wp\/v2\/product"}],"about":[{"href":"https:\/\/www.hydraulic-cylinders.net\/es\/wp-json\/wp\/v2\/types\/product"}],"replies":[{"embeddable":true,"href":"https:\/\/www.hydraulic-cylinders.net\/es\/wp-json\/wp\/v2\/comments?post=634"}],"wp:featuredmedia":[{"embeddable":true,"href":"https:\/\/www.hydraulic-cylinders.net\/es\/wp-json\/wp\/v2\/media\/642"}],"wp:attachment":[{"href":"https:\/\/www.hydraulic-cylinders.net\/es\/wp-json\/wp\/v2\/media?parent=634"}],"wp:term":[{"taxonomy":"product_brand","embeddable":true,"href":"https:\/\/www.hydraulic-cylinders.net\/es\/wp-json\/wp\/v2\/product_brand?post=634"},{"taxonomy":"product_cat","embeddable":true,"href":"https:\/\/www.hydraulic-cylinders.net\/es\/wp-json\/wp\/v2\/product_cat?post=634"},{"taxonomy":"product_tag","embeddable":true,"href":"https:\/\/www.hydraulic-cylinders.net\/es\/wp-json\/wp\/v2\/product_tag?post=634"}],"curies":[{"name":"wp","href":"https:\/\/api.w.org\/{rel}","templated":true}]}}