{"id":643,"date":"2023-08-21T02:44:39","date_gmt":"2023-08-21T02:44:39","guid":{"rendered":"https:\/\/hydraulic-cylinders.net\/?post_type=product&#038;p=643"},"modified":"2025-04-11T03:15:48","modified_gmt":"2025-04-11T03:15:48","slug":"forklift-steering-hydraulic-cylinder","status":"publish","type":"product","link":"https:\/\/www.hydraulic-cylinders.net\/es\/producto\/forklift-steering-hydraulic-cylinder\/","title":{"rendered":"Cilindro hidr\u00e1ulico de direcci\u00f3n de carretillas elevadoras"},"content":{"rendered":"<h1 style=\"text-align: center;\"><strong>Cilindros hidr\u00e1ulicos de direcci\u00f3n de carretillas elevadoras<\/strong><\/h1>\n<p><img loading=\"lazy\" decoding=\"async\" class=\"aligncenter wp-image-644 size-full\" src=\"https:\/\/hydraulic-cylinders.net\/wp-content\/uploads\/2023\/08\/steering-hydraulic-cylinder-product-1.webp\" alt=\"producto cilindro hidr\u00e1ulico de direcci\u00f3n\" width=\"382\" height=\"382\" srcset=\"https:\/\/www.hydraulic-cylinders.net\/wp-content\/uploads\/2023\/08\/steering-hydraulic-cylinder-product-1.webp 382w, https:\/\/www.hydraulic-cylinders.net\/wp-content\/uploads\/2023\/08\/steering-hydraulic-cylinder-product-1-300x300.webp 300w, https:\/\/www.hydraulic-cylinders.net\/wp-content\/uploads\/2023\/08\/steering-hydraulic-cylinder-product-1-100x100.webp 100w, https:\/\/www.hydraulic-cylinders.net\/wp-content\/uploads\/2023\/08\/steering-hydraulic-cylinder-product-1-150x150.webp 150w\" sizes=\"(max-width: 382px) 100vw, 382px\" \/><\/p>\n<p>Cilindros hidr\u00e1ulicos de direcci\u00f3n de carretillas elevadoras, la fuerza motriz detr\u00e1s del control preciso de la direcci\u00f3n y la mejora de la maniobrabilidad en las operaciones con carretillas elevadoras. Estos componentes esenciales desempe\u00f1an un papel crucial a la hora de garantizar una direcci\u00f3n suave y con capacidad de respuesta, lo que permite a los operadores navegar por espacios reducidos y manejar cargas pesadas con facilidad.<\/p>\n<p>Los cilindros hidr\u00e1ulicos de direcci\u00f3n para carretillas elevadoras son compatibles con una amplia gama de modelos y marcas de carretillas elevadoras, lo que los convierte en una soluci\u00f3n vers\u00e1til para diversas aplicaciones. Tanto si trabaja en almacenaje, log\u00edstica, fabricaci\u00f3n o cualquier otro sector, estos cilindros pueden adaptarse para satisfacer sus requisitos espec\u00edficos.<\/p>\n<p>Al actualizar sus carretillas elevadoras con estos cilindros, puede mejorar significativamente la eficacia de la direcci\u00f3n y la productividad. Experimente giros m\u00e1s suaves, un manejo preciso y una menor fatiga del operador, lo que se traduce en operaciones de manipulaci\u00f3n de materiales m\u00e1s r\u00e1pidas y eficientes.<\/p>\n<h2><strong>Cilindro hidr\u00e1ulico de direcci\u00f3n de carretilla elevadora Par\u00e1metros:<\/strong><\/h2>\n<table>\n<tbody>\n<tr>\n<td><img loading=\"lazy\" decoding=\"async\" class=\"alignnone wp-image-645 size-full\" src=\"https:\/\/hydraulic-cylinders.net\/wp-content\/uploads\/2023\/08\/steering-hydraulic-cylinder-product-1-1.webp\" alt=\"\" width=\"334\" height=\"255\" srcset=\"https:\/\/www.hydraulic-cylinders.net\/wp-content\/uploads\/2023\/08\/steering-hydraulic-cylinder-product-1-1.webp 334w, https:\/\/www.hydraulic-cylinders.net\/wp-content\/uploads\/2023\/08\/steering-hydraulic-cylinder-product-1-1-300x229.webp 300w\" sizes=\"(max-width: 334px) 100vw, 334px\" \/><\/td>\n<td><img loading=\"lazy\" decoding=\"async\" class=\"alignnone wp-image-646 size-full\" src=\"https:\/\/hydraulic-cylinders.net\/wp-content\/uploads\/2023\/08\/steering-hydraulic-cylinder-product-1-1.jpg.webp\" alt=\"\" width=\"475\" height=\"160\" srcset=\"https:\/\/www.hydraulic-cylinders.net\/wp-content\/uploads\/2023\/08\/steering-hydraulic-cylinder-product-1-1.jpg.webp 475w, https:\/\/www.hydraulic-cylinders.net\/wp-content\/uploads\/2023\/08\/steering-hydraulic-cylinder-product-1-1.jpg-300x101.webp 300w\" sizes=\"(max-width: 475px) 100vw, 475px\" \/><\/td>\n<\/tr>\n<\/tbody>\n<\/table>\n<table style=\"height: 95px;\" border=\"1\" cellspacing=\"0\" cellpadding=\"0\">\n<tbody>\n<tr style=\"height: 47px;\">\n<td style=\"height: 47px; width: 122.175px;\">Nombre del cilindro<\/td>\n<td style=\"height: 47px; width: 154.2px;\">n\u00famero de dibujo<\/td>\n<td style=\"height: 47px; width: 80.3125px;\">di\u00e1metro interior (D)<\/td>\n<td style=\"height: 47px; width: 79.225px;\">di\u00e1metro de la varilla (d)<\/td>\n<td style=\"height: 47px; width: 65.5375px;\">ictus (S)<\/td>\n<td style=\"height: 47px; width: 104.15px;\">Distancia de instalaci\u00f3n (L)<\/td>\n<td style=\"height: 47px; width: 97.925px;\">presi\u00f3n de trabajo<\/td>\n<td style=\"height: 47px; width: 177.45px;\">Dimensiones de la interfaz (M)<\/td>\n<td style=\"height: 47px; width: 60.5875px;\">peso<\/td>\n<\/tr>\n<tr style=\"height: 48px;\">\n<td class=\"et3\" style=\"height: 48px; width: 122.175px;\" height=\"325\">Cilindro de direcci\u00f3n<\/td>\n<td class=\"et4\" style=\"height: 48px; width: 154.2px;\">R960-224000-001<\/td>\n<td class=\"et4\" style=\"height: 48px; width: 80.3125px;\">\u03a665<\/td>\n<td class=\"et4\" style=\"height: 48px; width: 79.225px;\">\u03a640<\/td>\n<td class=\"et4\" style=\"height: 48px; width: 65.5375px;\">2*98<\/td>\n<td class=\"et4\" style=\"height: 48px; width: 104.15px;\">672<\/td>\n<td class=\"et4\" style=\"height: 48px; width: 97.925px;\">10,5MPa<\/td>\n<td class=\"et4\" style=\"height: 48px; width: 177.45px;\">2-G1\/4<\/td>\n<td class=\"et4\" style=\"height: 48px; width: 60.5875px;\">15 kg<\/td>\n<\/tr>\n<\/tbody>\n<\/table>\n<table>\n<tbody>\n<tr>\n<td><img loading=\"lazy\" decoding=\"async\" class=\"alignnone wp-image-647 size-full\" src=\"https:\/\/hydraulic-cylinders.net\/wp-content\/uploads\/2023\/08\/steering-hydraulic-cylinder-product-1-2.webp\" alt=\"\" width=\"333\" height=\"252\" srcset=\"https:\/\/www.hydraulic-cylinders.net\/wp-content\/uploads\/2023\/08\/steering-hydraulic-cylinder-product-1-2.webp 333w, https:\/\/www.hydraulic-cylinders.net\/wp-content\/uploads\/2023\/08\/steering-hydraulic-cylinder-product-1-2-300x227.webp 300w\" sizes=\"(max-width: 333px) 100vw, 333px\" \/><\/td>\n<td><img loading=\"lazy\" decoding=\"async\" class=\"alignnone wp-image-648 size-full\" src=\"https:\/\/hydraulic-cylinders.net\/wp-content\/uploads\/2023\/08\/steering-hydraulic-cylinder-product-1-3.webp\" alt=\"\" width=\"475\" height=\"168\" srcset=\"https:\/\/www.hydraulic-cylinders.net\/wp-content\/uploads\/2023\/08\/steering-hydraulic-cylinder-product-1-3.webp 475w, https:\/\/www.hydraulic-cylinders.net\/wp-content\/uploads\/2023\/08\/steering-hydraulic-cylinder-product-1-3-300x106.webp 300w\" sizes=\"(max-width: 475px) 100vw, 475px\" \/><\/td>\n<\/tr>\n<\/tbody>\n<\/table>\n<table style=\"height: 101px;\" border=\"1\" cellspacing=\"0\" cellpadding=\"0\">\n<tbody>\n<tr style=\"height: 47px;\">\n<td style=\"height: 47px; width: 122px;\">Nombre del cilindro<\/td>\n<td style=\"height: 47px; width: 155px;\">n\u00famero de dibujo<\/td>\n<td style=\"height: 47px; width: 80px;\">di\u00e1metro interior (D)<\/td>\n<td style=\"height: 47px; width: 79px;\">di\u00e1metro de la varilla (d)<\/td>\n<td style=\"height: 47px; width: 65px;\">ictus (S)<\/td>\n<td style=\"height: 47px; width: 104px;\">Distancia de instalaci\u00f3n (L)<\/td>\n<td style=\"height: 47px; width: 96px;\">presi\u00f3n de trabajo<\/td>\n<td style=\"height: 47px; width: 177px;\">Dimensiones de la interfaz (M)<\/td>\n<td style=\"height: 47px; width: 60px;\">peso<\/td>\n<\/tr>\n<tr style=\"height: 54px;\">\n<td class=\"et3\" style=\"height: 54px; width: 122px;\" height=\"325\">Cilindro de direcci\u00f3n<\/td>\n<td class=\"et4\" style=\"height: 54px; width: 155px;\">A2A300-223000-000<\/td>\n<td class=\"et4\" style=\"height: 54px; width: 80px;\">\u03a680<\/td>\n<td class=\"et4\" style=\"height: 54px; width: 79px;\">\u03a650<\/td>\n<td class=\"et4\" style=\"height: 54px; width: 65px;\">2*103<\/td>\n<td class=\"et4\" style=\"height: 54px; width: 104px;\">652.2<\/td>\n<td class=\"et4\" style=\"height: 54px; width: 96px;\">10MPa<\/td>\n<td class=\"et4\" style=\"height: 54px; width: 177px;\">2-M16*1.5<\/td>\n<td class=\"et4\" style=\"height: 54px; width: 60px;\">18 kg<\/td>\n<\/tr>\n<\/tbody>\n<\/table>\n<table>\n<tbody>\n<tr>\n<td><img loading=\"lazy\" decoding=\"async\" class=\"alignnone wp-image-649 size-full\" src=\"https:\/\/hydraulic-cylinders.net\/wp-content\/uploads\/2023\/08\/steering-hydraulic-cylinder-product-1-4.webp\" alt=\"\" width=\"333\" height=\"221\" srcset=\"https:\/\/www.hydraulic-cylinders.net\/wp-content\/uploads\/2023\/08\/steering-hydraulic-cylinder-product-1-4.webp 333w, https:\/\/www.hydraulic-cylinders.net\/wp-content\/uploads\/2023\/08\/steering-hydraulic-cylinder-product-1-4-300x199.webp 300w\" sizes=\"(max-width: 333px) 100vw, 333px\" \/><\/td>\n<td><img loading=\"lazy\" decoding=\"async\" class=\"alignnone wp-image-650 size-full\" src=\"https:\/\/hydraulic-cylinders.net\/wp-content\/uploads\/2023\/08\/steering-hydraulic-cylinder-product-1-5.webp\" alt=\"\" width=\"475\" height=\"176\" srcset=\"https:\/\/www.hydraulic-cylinders.net\/wp-content\/uploads\/2023\/08\/steering-hydraulic-cylinder-product-1-5.webp 475w, https:\/\/www.hydraulic-cylinders.net\/wp-content\/uploads\/2023\/08\/steering-hydraulic-cylinder-product-1-5-300x111.webp 300w\" sizes=\"(max-width: 475px) 100vw, 475px\" \/><\/td>\n<\/tr>\n<\/tbody>\n<\/table>\n<table style=\"height: 98px;\" border=\"1\" cellspacing=\"0\" cellpadding=\"0\">\n<tbody>\n<tr style=\"height: 47px;\">\n<td style=\"height: 47px; width: 122.338px;\">Nombre del cilindro<\/td>\n<td style=\"height: 47px; width: 154.438px;\">n\u00famero de dibujo<\/td>\n<td style=\"height: 47px; width: 80.3625px;\">di\u00e1metro interior (D)<\/td>\n<td style=\"height: 47px; width: 79.275px;\">di\u00e1metro de la varilla (d)<\/td>\n<td style=\"height: 47px; width: 65.5875px;\">ictus (S)<\/td>\n<td style=\"height: 47px; width: 104.25px;\">Distancia de instalaci\u00f3n (L)<\/td>\n<td style=\"height: 47px; width: 97.025px;\">presi\u00f3n de trabajo<\/td>\n<td style=\"height: 47px; width: 177.7px;\">Dimensiones de la interfaz (M)<\/td>\n<td style=\"height: 47px; width: 60.625px;\">peso<\/td>\n<\/tr>\n<tr style=\"height: 51px;\">\n<td class=\"et3\" style=\"height: 51px; width: 122.338px;\" height=\"325\">Cilindro de direcci\u00f3n<\/td>\n<td class=\"et4\" style=\"height: 51px; width: 154.438px;\">XF250-223000-500T<\/td>\n<td class=\"et4\" style=\"height: 51px; width: 80.3625px;\">\u03a680<\/td>\n<td class=\"et4\" style=\"height: 51px; width: 79.275px;\">\u03a650<\/td>\n<td class=\"et4\" style=\"height: 51px; width: 65.5875px;\">2*94<\/td>\n<td class=\"et4\" style=\"height: 51px; width: 104.25px;\">654<\/td>\n<td class=\"et4\" style=\"height: 51px; width: 97.025px;\">16MPa<\/td>\n<td class=\"et4\" style=\"height: 51px; width: 177.7px;\">2-M16*1.5<\/td>\n<td class=\"et4\" style=\"height: 51px; width: 60.625px;\">20 kg<\/td>\n<\/tr>\n<\/tbody>\n<\/table>\n<h2><strong>Pautas de mantenimiento de <\/strong><strong>Cilindro hidr\u00e1ulico de elevaci\u00f3n de carretillas elevadoras<\/strong><strong>:<\/strong><\/h2>\n<ul>\n<li><strong>Inspecciones peri\u00f3dicas<\/strong>: Realice inspecciones rutinarias del Cilindro Hidr\u00e1ulico para comprobar cualquier signo de da\u00f1o, desgaste o fuga. Examine el v\u00e1stago, las juntas y los puntos de montaje. Solucione r\u00e1pidamente cualquier problema para evitar da\u00f1os mayores y mantener un rendimiento \u00f3ptimo.<\/li>\n<li><strong>Comprobaci\u00f3n y sustituci\u00f3n de l\u00edquidos<\/strong>: Compruebe peri\u00f3dicamente los niveles y la calidad del fluido hidr\u00e1ulico. Aseg\u00farese de que el fluido est\u00e9 limpio y libre de contaminantes. Siga las recomendaciones del fabricante sobre los intervalos de sustituci\u00f3n del fluido para mantener una lubricaci\u00f3n y un rendimiento del sistema adecuados.<\/li>\n<li><strong>Mantenimiento de juntas<\/strong>: Inspeccione las juntas del cilindro hidr\u00e1ulico en busca de signos de desgaste, grietas o fugas. Sustituya r\u00e1pidamente las juntas da\u00f1adas para evitar fugas de fluido y garantizar un funcionamiento fiable.<\/li>\n<li><strong>Mantenimiento de varillas<\/strong>: Mantenga el v\u00e1stago del cilindro hidr\u00e1ulico limpio y libre de residuos. Limpie regularmente el v\u00e1stago y aplique un lubricante adecuado para minimizar la fricci\u00f3n y prolongar la vida \u00fatil de las juntas.<\/li>\n<li><strong>Comprobaci\u00f3n de la presi\u00f3n del sistema<\/strong>: Compruebe peri\u00f3dicamente la presi\u00f3n del sistema hidr\u00e1ulico para asegurarse de que funciona dentro del rango recomendado. Ajuste la presi\u00f3n si es necesario, siguiendo las directrices del fabricante.<\/li>\n<\/ul>\n<h2><strong>Capacidad de la f\u00e1brica:<\/strong><\/h2>\n<h3>(1) Montaje<\/h3>\n<p>Contamos con una plataforma de ensamblaje de investigaci\u00f3n y desarrollo independiente de primera clase. El taller de producci\u00f3n de cilindros de carretillas elevadoras tiene 4 l\u00edneas de montaje semiautom\u00e1tico de cilindros de elevaci\u00f3n y 1 l\u00ednea de montaje autom\u00e1tico de cilindros de inclinaci\u00f3n, con una capacidad de producci\u00f3n anual dise\u00f1ada de 1 mill\u00f3n de piezas; El taller de cilindros especiales est\u00e1 equipado con un sistema de montaje de limpieza semiautom\u00e1tico de varias especificaciones, con una capacidad de producci\u00f3n anual dise\u00f1ada de 200.000. Equipado con famosos equipos de mecanizado CNC, centro de mecanizado, equipos especiales de procesamiento de cilindros de alta precisi\u00f3n, m\u00e1quina de soldadura robotizada, m\u00e1quina de limpieza autom\u00e1tica, m\u00e1quina de montaje de cilindros autom\u00e1tica, l\u00ednea de producci\u00f3n de pintura autom\u00e1tica. Equipos clave existentes m\u00e1s de 300 juegos (conjuntos). La asignaci\u00f3n \u00f3ptima y el uso eficiente de los recursos de equipamiento garantizan los requisitos de precisi\u00f3n de los productos y cumplen los requisitos de alta calidad de los productos.<\/p>\n<p><img loading=\"lazy\" decoding=\"async\" class=\"alignnone wp-image-626\" src=\"https:\/\/hydraulic-cylinders.net\/wp-content\/uploads\/2023\/08\/hydraulic-cylinder-product-1-300x158.webp\" alt=\"\" width=\"495\" height=\"260\" srcset=\"https:\/\/hydraulic-cylinders.net\/wp-content\/uploads\/2023\/08\/hydraulic-cylinder-product-1-300x158.webp 495w, https:\/\/hydraulic-cylinders.net\/wp-content\/uploads\/2023\/08\/hydraulic-cylinder-product-1-480x252.webp 480w\" sizes=\"(min-width: 0px) and (max-width: 480px) 480px, (min-width: 481px) 495px, 100vw\" \/> <img loading=\"lazy\" decoding=\"async\" class=\"alignnone wp-image-627\" src=\"https:\/\/hydraulic-cylinders.net\/wp-content\/uploads\/2023\/08\/hydraulic-cylinder-product-2-300x189.webp\" alt=\"\" width=\"413\" height=\"260\" \/><\/p>\n<h3>(2)Mecanizado<\/h3>\n<p>El taller de mecanizado est\u00e1 equipado con un centro de torneado de carril inclinado personalizado, un centro de mecanizado, una m\u00e1quina de bru\u00f1ido de alta velocidad, un robot de soldadura y otros equipos relacionados, que pueden procesar tubos cil\u00edndricos con un di\u00e1metro interior m\u00e1ximo de 400 mm y una longitud m\u00e1xima de 6 metros.<\/p>\n<p><img loading=\"lazy\" decoding=\"async\" class=\"alignnone wp-image-628 size-large\" src=\"https:\/\/hydraulic-cylinders.net\/wp-content\/uploads\/2023\/08\/hydraulic-cylinder-product-3-1024x391.webp\" alt=\"\" width=\"1024\" height=\"391\" srcset=\"https:\/\/hydraulic-cylinders.net\/wp-content\/uploads\/2023\/08\/hydraulic-cylinder-product-3-980x374.webp 980w, https:\/\/hydraulic-cylinders.net\/wp-content\/uploads\/2023\/08\/hydraulic-cylinder-product-3-480x183.webp 480w\" sizes=\"(min-width: 0px) and (max-width: 480px) 480px, (min-width: 481px) and (max-width: 980px) 980px, (min-width: 981px) 1024px, 100vw\" \/><\/p>\n<h3>(3) Soldadura<\/h3>\n<p><img loading=\"lazy\" decoding=\"async\" class=\"alignnone wp-image-629 size-large\" src=\"https:\/\/hydraulic-cylinders.net\/wp-content\/uploads\/2023\/08\/hydraulic-cylinder-product-4-1024x510.webp\" alt=\"\" width=\"1024\" height=\"510\" srcset=\"https:\/\/hydraulic-cylinders.net\/wp-content\/uploads\/2023\/08\/hydraulic-cylinder-product-4-980x488.webp 980w, https:\/\/hydraulic-cylinders.net\/wp-content\/uploads\/2023\/08\/hydraulic-cylinder-product-4-480x239.webp 480w\" sizes=\"(min-width: 0px) and (max-width: 480px) 480px, (min-width: 481px) and (max-width: 980px) 980px, (min-width: 981px) 1024px, 100vw\" \/><\/p>\n<h3>(4) Pintura y revestimiento<\/h3>\n<p>Con cilindro peque\u00f1o y mediano autom\u00e1tico l\u00ednea de recubrimiento de pintura a base de agua, para lograr la carga y descarga autom\u00e1tica del robot y pulverizaci\u00f3n autom\u00e1tica, la capacidad de dise\u00f1o de 4000 piezas por turno;<br \/>\nTambi\u00e9n disponemos de una l\u00ednea semiautom\u00e1tica de producci\u00f3n de pintura para cilindros grandes, accionada por una cadena cinem\u00e1tica, con una capacidad de dise\u00f1o de 60 cajas por turno.<\/p>\n<p><img loading=\"lazy\" decoding=\"async\" class=\"alignnone wp-image-630\" src=\"https:\/\/hydraulic-cylinders.net\/wp-content\/uploads\/2023\/08\/hydraulic-cylinder-product-5-300x213.webp\" alt=\"\" width=\"366\" height=\"260\" \/> <img loading=\"lazy\" decoding=\"async\" class=\"alignnone wp-image-631\" src=\"https:\/\/hydraulic-cylinders.net\/wp-content\/uploads\/2023\/08\/hydraulic-cylinder-product-6-300x225.webp\" alt=\"\" width=\"347\" height=\"260\" \/><\/p>\n<h3>(5) Pruebas<\/h3>\n<p>Disponemos de instalaciones de inspecci\u00f3n y bancos de pruebas de primera clase para garantizar que el rendimiento del cilindro cumple los requisitos.<\/p>\n<p><img loading=\"lazy\" decoding=\"async\" class=\"alignnone wp-image-632\" src=\"https:\/\/hydraulic-cylinders.net\/wp-content\/uploads\/2023\/08\/hydraulic-cylinder-product-8-300x200.webp\" alt=\"\" width=\"389\" height=\"260\" \/><\/p>\n<p>&nbsp;<\/p>\n<p>&nbsp;<\/p>\n<p>Somos uno de los mejores fabricantes de cilindros hidr\u00e1ulicos. Podemos ofrecer un amplio stock de cilindros hidr\u00e1ulicos. Tambi\u00e9n proporcionamos <a href=\"https:\/\/hzpt.com\/agricultural-pto-gearbox\/\" target=\"_blank\" rel=\"noopener\">cajas de cambios agr\u00edcolas<\/a>. Hemos exportado nuestros productos a clientes de todo el mundo y nos hemos ganado una buena reputaci\u00f3n gracias a la calidad superior de nuestros productos y a nuestro servicio posventa. Invitamos cordialmente a los clientes nacionales y extranjeros a ponerse en contacto con nosotros para negociar negocios, intercambiar informaci\u00f3n y...\u00a0<a href=\"https:\/\/www.hydraulic-cylinders.net\/es\/contact-us\/\">colabore con nosotros<\/a>!<\/p>","protected":false},"excerpt":{"rendered":"<p>Forklift Steering Hydraulic Cylinders Forklift Steering Hydraulic Cylinders, the driving force behind precise steering control and enhanced maneuverability in forklift operations. These essential components play a crucial role in ensuring smooth and responsive steering, allowing operators to navigate tight spaces and handle heavy loads with ease. The Forklift Steering Hydraulic Cylinders are compatible with a [&hellip;]<\/p>","protected":false},"featured_media":651,"comment_status":"open","ping_status":"closed","template":"","meta":{"_et_pb_use_builder":"","_et_pb_old_content":"","_et_gb_content_width":""},"product_brand":[],"product_cat":[1550,1484,1376],"product_tag":[1380],"class_list":{"0":"post-643","1":"product","2":"type-product","3":"status-publish","4":"has-post-thumbnail","6":"product_cat-double-acting-hydraulic-cylinder","7":"product_cat-forklift-hydraulic-cylinders","8":"product_cat-hydraulic-cylinder","9":"product_tag-hydraulic-cylinder","11":"first","12":"instock","13":"shipping-taxable","14":"product-type-simple"},"amp_enabled":true,"_links":{"self":[{"href":"https:\/\/www.hydraulic-cylinders.net\/es\/wp-json\/wp\/v2\/product\/643","targetHints":{"allow":["GET"]}}],"collection":[{"href":"https:\/\/www.hydraulic-cylinders.net\/es\/wp-json\/wp\/v2\/product"}],"about":[{"href":"https:\/\/www.hydraulic-cylinders.net\/es\/wp-json\/wp\/v2\/types\/product"}],"replies":[{"embeddable":true,"href":"https:\/\/www.hydraulic-cylinders.net\/es\/wp-json\/wp\/v2\/comments?post=643"}],"wp:featuredmedia":[{"embeddable":true,"href":"https:\/\/www.hydraulic-cylinders.net\/es\/wp-json\/wp\/v2\/media\/651"}],"wp:attachment":[{"href":"https:\/\/www.hydraulic-cylinders.net\/es\/wp-json\/wp\/v2\/media?parent=643"}],"wp:term":[{"taxonomy":"product_brand","embeddable":true,"href":"https:\/\/www.hydraulic-cylinders.net\/es\/wp-json\/wp\/v2\/product_brand?post=643"},{"taxonomy":"product_cat","embeddable":true,"href":"https:\/\/www.hydraulic-cylinders.net\/es\/wp-json\/wp\/v2\/product_cat?post=643"},{"taxonomy":"product_tag","embeddable":true,"href":"https:\/\/www.hydraulic-cylinders.net\/es\/wp-json\/wp\/v2\/product_tag?post=643"}],"curies":[{"name":"wp","href":"https:\/\/api.w.org\/{rel}","templated":true}]}}