{"id":652,"date":"2023-08-21T02:56:38","date_gmt":"2023-08-21T02:56:38","guid":{"rendered":"https:\/\/hydraulic-cylinders.net\/?post_type=product&#038;p=652"},"modified":"2025-04-11T01:45:01","modified_gmt":"2025-04-11T01:45:01","slug":"forklift-short-lifting-hydraulic-cylinder","status":"publish","type":"product","link":"https:\/\/www.hydraulic-cylinders.net\/es\/producto\/forklift-short-lifting-hydraulic-cylinder\/","title":{"rendered":"Cilindro hidr\u00e1ulico de elevaci\u00f3n corta para carretillas elevadoras"},"content":{"rendered":"<h1 style=\"text-align: center;\"><strong>Cilindro hidr\u00e1ulico de elevaci\u00f3n corta para carretillas elevadoras<\/strong><\/h1>\n<p><img loading=\"lazy\" decoding=\"async\" class=\"aligncenter wp-image-653\" src=\"https:\/\/hydraulic-cylinders.net\/wp-content\/uploads\/2023\/08\/short-lifting-hydraulic-cylinder-product-2-300x300.webp\" alt=\"producto cilindro hidr\u00e1ulico de carrera corta\" width=\"400\" height=\"400\" \/><\/p>\n<p>El <strong>Short Forklift Lift Cylinder<\/strong> is designed to tackle short lifting tasks effortlessly, delivering the power and precision needed to optimize your material handling operations.<\/p>\n<p>Featuring a robust design, this hydraulic cylinder can withstand heavy loads, frequent use, and challenging operating conditions. Built for durability, it ensures reliable performance while minimizing downtime related to maintenance or repairs.<\/p>\n<p>With exceptional resistance to wear, corrosion, and contamination, the <strong>Short Forklift Lift Cylinder<\/strong> maintains peak performance throughout its lifespan. Engineered to endure harsh elements, it effectively shields itself from moisture, debris, and other contaminants that could compromise its functionality.<\/p>\n<p>For those seeking a reliable lifting solution, this hydraulic cylinder is your ideal choice, ensuring efficiency and longevity in every operation.<\/p>\n<h2><strong>Cilindro hidr\u00e1ulico de elevaci\u00f3n corta para carretillas elevadoras Par\u00e1metros:<\/strong><\/h2>\n<table>\n<tbody>\n<tr>\n<td><img loading=\"lazy\" decoding=\"async\" class=\"alignnone wp-image-654 size-full\" src=\"https:\/\/hydraulic-cylinders.net\/wp-content\/uploads\/2023\/08\/short-lifting-hydraulic-cylinder-product-1.png\" alt=\"\" width=\"457\" height=\"315\" srcset=\"https:\/\/www.hydraulic-cylinders.net\/wp-content\/uploads\/2023\/08\/short-lifting-hydraulic-cylinder-product-1.png 457w, https:\/\/www.hydraulic-cylinders.net\/wp-content\/uploads\/2023\/08\/short-lifting-hydraulic-cylinder-product-1-300x207.png 300w\" sizes=\"(max-width: 457px) 100vw, 457px\" \/><\/td>\n<td><img loading=\"lazy\" decoding=\"async\" class=\"alignnone wp-image-655 size-full\" src=\"https:\/\/hydraulic-cylinders.net\/wp-content\/uploads\/2023\/08\/short-lifting-hydraulic-cylinder-product-1-1.png\" alt=\"\" width=\"475\" height=\"137\" srcset=\"https:\/\/www.hydraulic-cylinders.net\/wp-content\/uploads\/2023\/08\/short-lifting-hydraulic-cylinder-product-1-1.png 475w, https:\/\/www.hydraulic-cylinders.net\/wp-content\/uploads\/2023\/08\/short-lifting-hydraulic-cylinder-product-1-1-300x87.png 300w\" sizes=\"(max-width: 475px) 100vw, 475px\" \/><\/td>\n<\/tr>\n<\/tbody>\n<\/table>\n<table style=\"height: 95px; width: 931px;\" border=\"1\" cellspacing=\"0\" cellpadding=\"0\">\n<tbody>\n<tr style=\"height: 47px;\">\n<td style=\"height: 47px; width: 124.137px;\">Nombre del cilindro<\/td>\n<td style=\"height: 47px; width: 182.712px;\">n\u00famero de dibujo<\/td>\n<td style=\"height: 47px; width: 74.2125px;\">di\u00e1metro interior (D)<\/td>\n<td style=\"height: 47px; width: 63.6375px;\">di\u00e1metro de la varilla (d)<\/td>\n<td style=\"height: 47px; width: 69.75px;\">ictus (S)<\/td>\n<td style=\"height: 47px; width: 90.0875px;\">Distancia de instalaci\u00f3n (L)<\/td>\n<td style=\"height: 47px; width: 92.5625px;\">presi\u00f3n de trabajo<\/td>\n<td style=\"height: 47px; width: 148.925px;\">Dimensiones de la interfaz (M)<\/td>\n<td style=\"height: 47px; width: 68.975px;\">peso<\/td>\n<\/tr>\n<tr style=\"height: 48px;\">\n<td class=\"et3\" style=\"height: 48px; width: 124.137px;\" height=\"325\">Cilindro de elevaci\u00f3n corto<\/td>\n<td style=\"width: 182.712px;\">RC25N480-800000-000A<\/td>\n<td style=\"width: 74.2125px;\">\u03a675<\/td>\n<td style=\"width: 63.6375px;\">\u03a660<\/td>\n<td style=\"width: 69.75px;\">800<\/td>\n<td style=\"width: 90.0875px;\">1065<\/td>\n<td style=\"width: 92.5625px;\">18,1MPa<\/td>\n<td style=\"width: 148.925px;\">M22*1.5<\/td>\n<td style=\"width: 68.975px;\">36 kg<\/td>\n<\/tr>\n<tr>\n<td style=\"width: 124.137px;\">Cilindro de elevaci\u00f3n corto<\/td>\n<td style=\"width: 182.712px;\">X35N480-800000-001A<\/td>\n<td style=\"width: 74.2125px;\">\u03a695<\/td>\n<td style=\"width: 63.6375px;\">\u03a680<\/td>\n<td style=\"width: 69.75px;\">800<\/td>\n<td style=\"width: 90.0875px;\">1065<\/td>\n<td style=\"width: 92.5625px;\">18,1MPa<\/td>\n<td style=\"width: 148.925px;\">M22*1.5<\/td>\n<td style=\"width: 68.975px;\">48,7 kg<\/td>\n<\/tr>\n<\/tbody>\n<\/table>\n<table>\n<tbody>\n<tr>\n<td><img loading=\"lazy\" decoding=\"async\" class=\"alignnone wp-image-656 size-full\" src=\"https:\/\/hydraulic-cylinders.net\/wp-content\/uploads\/2023\/08\/short-lifting-hydraulic-cylinder-product-2-1.webp\" alt=\"\" width=\"451\" height=\"358\" srcset=\"https:\/\/www.hydraulic-cylinders.net\/wp-content\/uploads\/2023\/08\/short-lifting-hydraulic-cylinder-product-2-1.webp 451w, https:\/\/www.hydraulic-cylinders.net\/wp-content\/uploads\/2023\/08\/short-lifting-hydraulic-cylinder-product-2-1-300x238.webp 300w\" sizes=\"(max-width: 451px) 100vw, 451px\" \/><\/td>\n<td><img loading=\"lazy\" decoding=\"async\" class=\"alignnone wp-image-657 size-full\" src=\"https:\/\/hydraulic-cylinders.net\/wp-content\/uploads\/2023\/08\/short-lifting-hydraulic-cylinder-product-2-1-1.webp\" alt=\"\" width=\"475\" height=\"223\" srcset=\"https:\/\/www.hydraulic-cylinders.net\/wp-content\/uploads\/2023\/08\/short-lifting-hydraulic-cylinder-product-2-1-1.webp 475w, https:\/\/www.hydraulic-cylinders.net\/wp-content\/uploads\/2023\/08\/short-lifting-hydraulic-cylinder-product-2-1-1-300x141.webp 300w\" sizes=\"(max-width: 475px) 100vw, 475px\" \/><\/td>\n<\/tr>\n<\/tbody>\n<\/table>\n<table style=\"height: 101px; width: 938px;\" border=\"1\" cellspacing=\"0\" cellpadding=\"0\">\n<tbody>\n<tr style=\"height: 47px;\">\n<td style=\"height: 47px; width: 122px;\">Nombre del cilindro<\/td>\n<td style=\"height: 47px; width: 155px;\">n\u00famero de dibujo<\/td>\n<td style=\"height: 47px; width: 80px;\">di\u00e1metro interior (D)<\/td>\n<td style=\"height: 47px; width: 79px;\">di\u00e1metro de la varilla (d)<\/td>\n<td style=\"height: 47px; width: 65px;\">ictus (S)<\/td>\n<td style=\"height: 47px; width: 104px;\">Distancia de instalaci\u00f3n (L)<\/td>\n<td style=\"height: 47px; width: 96px;\">presi\u00f3n de trabajo<\/td>\n<td style=\"height: 47px; width: 177px;\">Dimensiones de la interfaz (M)<\/td>\n<td style=\"height: 47px; width: 60px;\">peso<\/td>\n<\/tr>\n<tr style=\"height: 54px;\">\n<td class=\"et3\" style=\"height: 54px; width: 122px;\" height=\"325\">Cilindro de elevaci\u00f3n corto<\/td>\n<td style=\"width: 155px;\" width=\"270\">N30N450-800000-002A<\/td>\n<td style=\"width: 80px;\" width=\"102\">\u03a685<\/td>\n<td style=\"width: 79px;\" width=\"99\">\u03a670<\/td>\n<td style=\"width: 65px;\" width=\"91\">777<\/td>\n<td style=\"width: 104px;\" width=\"136\">1015<\/td>\n<td style=\"width: 96px;\" width=\"138\">18,1MPa<\/td>\n<td style=\"width: 177px;\" width=\"294\">M22*1.5<\/td>\n<td style=\"width: 60px;\" width=\"78\">45,5 kg<\/td>\n<\/tr>\n<tr>\n<td style=\"width: 122px;\">Cilindro de elevaci\u00f3n corto<\/td>\n<td style=\"width: 155px;\">3U3H-800000-001A<\/td>\n<td style=\"width: 80px;\">\u03a685<\/td>\n<td style=\"width: 79px;\">\u03a670<\/td>\n<td style=\"width: 65px;\">777<\/td>\n<td style=\"width: 104px;\">1015<\/td>\n<td style=\"width: 96px;\">18,1MPa<\/td>\n<td style=\"width: 177px;\">M22*1.5<\/td>\n<td style=\"width: 60px;\">45,5 kg<\/td>\n<\/tr>\n<tr>\n<td style=\"width: 122px;\">Cilindro de elevaci\u00f3n corto<\/td>\n<td style=\"width: 155px;\">N35N450-800000-003A<\/td>\n<td style=\"width: 80px;\">\u03a695<\/td>\n<td style=\"width: 79px;\">\u03a680<\/td>\n<td style=\"width: 65px;\">775<\/td>\n<td style=\"width: 104px;\">1013<\/td>\n<td style=\"width: 96px;\">18,1MPa<\/td>\n<td style=\"width: 177px;\">M22*1.5<\/td>\n<td style=\"width: 60px;\">54 kg<\/td>\n<\/tr>\n<\/tbody>\n<\/table>\n<h2><strong>Desbloquee la eficiencia y la precisi\u00f3n con el cilindro hidr\u00e1ulico:<\/strong><\/h2>\n<p>Experimente la verdadera potencia de la tecnolog\u00eda hidr\u00e1ulica con el cilindro hidr\u00e1ulico. Este extraordinario dispositivo est\u00e1 dise\u00f1ado para ofrecer precisi\u00f3n y fiabilidad en una amplia gama de aplicaciones. Desde maquinaria industrial hasta equipos de construcci\u00f3n, el cilindro hidr\u00e1ulico es la clave para optimizar el rendimiento y lograr resultados extraordinarios. Descubra c\u00f3mo esta potente herramienta puede revolucionar sus operaciones.<\/p>\n<ul>\n<li><strong>Ingenier\u00eda de precisi\u00f3n<\/strong>: El cilindro hidr\u00e1ulico est\u00e1 meticulosamente dise\u00f1ado para proporcionar un control preciso sobre el movimiento y la fuerza. Con su avanzado dise\u00f1o y su construcci\u00f3n de alta calidad, garantiza un rendimiento exacto y repetible, lo que le permite lograr los resultados deseados con una precisi\u00f3n excepcional.<\/li>\n<li><strong>Mayor eficiencia<\/strong>: Diga adi\u00f3s a las ineficiencias y al rendimiento desigual. El cilindro hidr\u00e1ulico optimiza la utilizaci\u00f3n de la potencia hidr\u00e1ulica, maximizando la eficiencia y la productividad. Experimente movimientos suaves y controlados que reducen el derroche de energ\u00eda y mejoran el rendimiento general del sistema.<\/li>\n<\/ul>\n<h2><strong>Capacidad de la f\u00e1brica:<\/strong><\/h2>\n<h3><strong>(1) Montaje<\/strong><\/h3>\n<p>Nuestras instalaciones cuentan con una plataforma de ensamblaje de investigaci\u00f3n y desarrollo independiente de primer nivel, dedicada a la producci\u00f3n de cilindros hidr\u00e1ulicos. Operamos cuatro l\u00edneas de ensamblaje de cilindros de elevaci\u00f3n semiautom\u00e1ticas y una l\u00ednea de ensamblaje de cilindros de inclinaci\u00f3n totalmente autom\u00e1tica, con una impresionante capacidad de producci\u00f3n anual de un mill\u00f3n de cilindros.<img loading=\"lazy\" decoding=\"async\" class=\"aligncenter wp-image-626\" src=\"https:\/\/hydraulic-cylinders.net\/wp-content\/uploads\/2023\/08\/hydraulic-cylinder-product-1-300x158.webp\" alt=\"\" width=\"500\" height=\"263\" srcset=\"https:\/\/hydraulic-cylinders.net\/wp-content\/uploads\/2023\/08\/hydraulic-cylinder-product-1-300x158.webp 500w, https:\/\/hydraulic-cylinders.net\/wp-content\/uploads\/2023\/08\/hydraulic-cylinder-product-1-480x252.webp 480w\" sizes=\"(min-width: 0px) and (max-width: 480px) 480px, (min-width: 481px) 500px, 100vw\" \/><\/p>\n<p>En nuestro taller especializado en cilindros, utilizamos un sistema de limpieza semiautom\u00e1tico dise\u00f1ado para diversas especificaciones, con capacidad para producir 200.000 cilindros al a\u00f1o. Nuestro taller est\u00e1 equipado con equipos avanzados de mecanizado CNC, un centro de mecanizado, herramientas de procesamiento de cilindros de alta precisi\u00f3n, m\u00e1quinas de soldadura robotizadas, sistemas de limpieza autom\u00e1ticos y una l\u00ednea de montaje de cilindros automatizada. Adem\u00e1s, contamos con una l\u00ednea de producci\u00f3n de pintura totalmente automatizada.<\/p>\n<p>Con m\u00e1s de 300 equipos cr\u00edticos, nuestra \u00f3ptima asignaci\u00f3n de recursos garantiza el cumplimiento de los estrictos est\u00e1ndares de precisi\u00f3n y calidad que exigen nuestros clientes. Este compromiso con la eficiencia y la precisi\u00f3n nos posiciona como l\u00edderes en la industria de cilindros hidr\u00e1ulicos.<\/p>\n<p><img loading=\"lazy\" decoding=\"async\" class=\"aligncenter wp-image-627\" src=\"https:\/\/hydraulic-cylinders.net\/wp-content\/uploads\/2023\/08\/hydraulic-cylinder-product-2-300x189.webp\" alt=\"\" width=\"500\" height=\"315\" srcset=\"https:\/\/hydraulic-cylinders.net\/wp-content\/uploads\/2023\/08\/hydraulic-cylinder-product-2-300x189.webp 500w, https:\/\/hydraulic-cylinders.net\/wp-content\/uploads\/2023\/08\/hydraulic-cylinder-product-2-480x302.webp 480w\" sizes=\"(min-width: 0px) and (max-width: 480px) 480px, (min-width: 481px) 500px, 100vw\" \/><\/p>\n<h3><strong>(2) Mecanizado<\/strong><\/h3>\n<p>Nuestro taller de mecanizado cuenta con equipos de \u00faltima generaci\u00f3n, que incluyen un centro de torneado de rieles inclinados personalizado, un centro de mecanizado de precisi\u00f3n, una bru\u00f1idora de alta velocidad y robots de soldadura avanzados. Esta sofisticada configuraci\u00f3n nos permite procesar eficientemente tubos cil\u00edndricos con un di\u00e1metro interior m\u00e1ximo de 400 mm y una longitud de hasta 6 metros.<\/p>\n<p><img loading=\"lazy\" decoding=\"async\" class=\"wp-image-628 size-large aligncenter\" src=\"https:\/\/hydraulic-cylinders.net\/wp-content\/uploads\/2023\/08\/hydraulic-cylinder-product-3-1024x391.webp\" alt=\"\" width=\"1024\" height=\"391\" srcset=\"https:\/\/hydraulic-cylinders.net\/wp-content\/uploads\/2023\/08\/hydraulic-cylinder-product-3-980x374.webp 980w, https:\/\/hydraulic-cylinders.net\/wp-content\/uploads\/2023\/08\/hydraulic-cylinder-product-3-480x183.webp 480w\" sizes=\"(min-width: 0px) and (max-width: 480px) 480px, (min-width: 481px) and (max-width: 980px) 980px, (min-width: 981px) 1024px, 100vw\" \/><\/p>\n<p>Con nuestra tecnolog\u00eda de vanguardia, garantizamos un mecanizado de alta calidad que satisface las diversas necesidades de la producci\u00f3n de cilindros hidr\u00e1ulicos.<\/p>\n<h3><strong>(3) Soldadura<\/strong><\/h3>\n<p><img loading=\"lazy\" decoding=\"async\" class=\"wp-image-629 size-large aligncenter\" src=\"https:\/\/hydraulic-cylinders.net\/wp-content\/uploads\/2023\/08\/hydraulic-cylinder-product-4-1024x510.webp\" alt=\"\" width=\"1024\" height=\"510\" srcset=\"https:\/\/hydraulic-cylinders.net\/wp-content\/uploads\/2023\/08\/hydraulic-cylinder-product-4-980x488.webp 980w, https:\/\/hydraulic-cylinders.net\/wp-content\/uploads\/2023\/08\/hydraulic-cylinder-product-4-480x239.webp 480w\" sizes=\"(min-width: 0px) and (max-width: 480px) 480px, (min-width: 481px) and (max-width: 980px) 980px, (min-width: 981px) 1024px, 100vw\" \/><\/p>\n<h3><strong>(4) Pintura y revestimiento<\/strong><\/h3>\n<p><img loading=\"lazy\" decoding=\"async\" class=\"wp-image-630 aligncenter\" src=\"https:\/\/hydraulic-cylinders.net\/wp-content\/uploads\/2023\/08\/hydraulic-cylinder-product-5-300x213.webp\" alt=\"\" width=\"500\" height=\"355\" \/><\/p>\n<p>Nuestras instalaciones cuentan con avanzadas l\u00edneas autom\u00e1ticas de recubrimiento de pintura a base de agua, dise\u00f1adas espec\u00edficamente para cilindros peque\u00f1os y medianos. Estas l\u00edneas utilizan tecnolog\u00eda rob\u00f3tica para una carga, descarga y pulverizaci\u00f3n eficientes, alcanzando una notable capacidad de producci\u00f3n de 4000 piezas por turno.<\/p>\n<p><img loading=\"lazy\" decoding=\"async\" class=\"wp-image-631 aligncenter\" src=\"https:\/\/hydraulic-cylinders.net\/wp-content\/uploads\/2023\/08\/hydraulic-cylinder-product-6-300x225.webp\" alt=\"\" width=\"500\" height=\"375\" srcset=\"https:\/\/hydraulic-cylinders.net\/wp-content\/uploads\/2023\/08\/hydraulic-cylinder-product-6-300x225.webp 500w, https:\/\/hydraulic-cylinders.net\/wp-content\/uploads\/2023\/08\/hydraulic-cylinder-product-6-480x360.webp 480w\" sizes=\"(min-width: 0px) and (max-width: 480px) 480px, (min-width: 481px) 500px, 100vw\" \/><\/p>\n<p>Adem\u00e1s, operamos una l\u00ednea de producci\u00f3n de pintura semiautom\u00e1tica para cilindros grandes, impulsada por una robusta cadena de transmisi\u00f3n, con una capacidad dise\u00f1ada de 60 cajas por turno. Esta combinaci\u00f3n de automatizaci\u00f3n y eficiencia garantiza acabados de alta calidad para todos nuestros cilindros hidr\u00e1ulicos.<\/p>\n<h3><strong>(5) Pruebas<\/strong><\/h3>\n<p>Disponemos de instalaciones de inspecci\u00f3n y bancos de pruebas de primera clase para garantizar que el rendimiento del cilindro cumple los requisitos.<\/p>\n<p><img loading=\"lazy\" decoding=\"async\" class=\"wp-image-632 aligncenter\" src=\"https:\/\/hydraulic-cylinders.net\/wp-content\/uploads\/2023\/08\/hydraulic-cylinder-product-8-300x200.webp\" alt=\"\" width=\"389\" height=\"260\" \/><\/p>\n<p>Somos un reconocido fabricante de <a href=\"https:\/\/hzpt.com\/mobile-machinery-hydraulic-cylinder\/\" target=\"_blank\" rel=\"noopener\">cilindros hidr\u00e1ulicos<\/a>Reconocido como uno de los mejores de la industria. Nuestra extensa l\u00ednea de productos incluye una amplia gama de cilindros hidr\u00e1ulicos dise\u00f1ados para diversas aplicaciones. Adem\u00e1s de cilindros hidr\u00e1ulicos, tambi\u00e9n ofrecemos cajas de engranajes agr\u00edcolas de alta calidad, lo que garantiza a nuestros clientes acceso a soluciones integrales para sus necesidades de maquinaria.<\/p>\n<p>Con un compromiso con la excelencia, hemos exportado con \u00e9xito nuestros productos a clientes de todo el mundo, lo que nos ha permitido consolidar una s\u00f3lida reputaci\u00f3n por nuestra calidad superior y un excepcional servicio posventa. Nuestra dedicaci\u00f3n a la satisfacci\u00f3n del cliente nos ha posicionado como un socio de confianza tanto en el mercado nacional como en el internacional.<\/p>\n<h2><strong>\u00bfPor qu\u00e9 elegirnos?<\/strong><\/h2>\n<p><img loading=\"lazy\" decoding=\"async\" class=\"size-full wp-image-7201 aligncenter\" src=\"https:\/\/www.hydraulic-cylinders.net\/wp-content\/uploads\/2024\/09\/mining-dump-steering-cylinder-hydraulics-on-trucks-8.webp\" alt=\"\" width=\"1110\" height=\"735\" srcset=\"https:\/\/www.hydraulic-cylinders.net\/wp-content\/uploads\/2024\/09\/mining-dump-steering-cylinder-hydraulics-on-trucks-8.webp 1110w, https:\/\/www.hydraulic-cylinders.net\/wp-content\/uploads\/2024\/09\/mining-dump-steering-cylinder-hydraulics-on-trucks-8-980x649.webp 980w, https:\/\/www.hydraulic-cylinders.net\/wp-content\/uploads\/2024\/09\/mining-dump-steering-cylinder-hydraulics-on-trucks-8-480x318.webp 480w\" sizes=\"(min-width: 0px) and (max-width: 480px) 480px, (min-width: 481px) and (max-width: 980px) 980px, (min-width: 981px) 1110px, 100vw\" \/><\/p>\n<p><strong>Experiencia profesional:<\/strong> Nuestro equipo est\u00e1 formado por profesionales de la industria con amplios conocimientos y experiencia en sistemas hidr\u00e1ulicos, lo que garantiza que ofrecemos productos y servicios de primer nivel.<\/p>\n<p><strong>Certificaciones internacionales:<\/strong> Cumplimos con estrictos est\u00e1ndares de calidad y contamos con diversas certificaciones internacionales, lo que demuestra nuestro compromiso de ofrecer soluciones hidr\u00e1ulicas confiables y seguras.<\/p>\n<p><strong>Soluciones personalizadas:<\/strong> Entendemos que las necesidades de cada cliente son \u00fanicas. Por eso, ofrecemos cilindros hidr\u00e1ulicos y reductores personalizados, dise\u00f1ados para satisfacer requisitos espec\u00edficos.<\/p>\n<p><strong>Equipo de producci\u00f3n avanzado:<\/strong> Nuestras instalaciones de fabricaci\u00f3n de \u00faltima generaci\u00f3n utilizan la \u00faltima tecnolog\u00eda y equipos, lo que nos permite producir productos de alta calidad de manera eficiente.<\/p>\n<p><strong>Soporte posventa integral:<\/strong> Nuestro compromiso con nuestros clientes va m\u00e1s all\u00e1 de la venta. Ofrecemos soporte y mantenimiento continuos para garantizar el rendimiento \u00f3ptimo de nuestros productos.<\/p>\n<p>Invitamos a clientes de todo el mundo a contactarnos para negociaciones comerciales, intercambio de informaci\u00f3n y oportunidades de colaboraci\u00f3n. \u00a1Juntos, podemos alcanzar un mayor \u00e9xito en la industria hidr\u00e1ulica!<\/p>","protected":false},"excerpt":{"rendered":"<p>Forklift Short Lifting Hydraulic Cylinder The Short Forklift Lift Cylinder is designed to tackle short lifting tasks effortlessly, delivering the power and precision needed to optimize your material handling operations. Featuring a robust design, this hydraulic cylinder can withstand heavy loads, frequent use, and challenging operating conditions. Built for durability, it ensures reliable performance while [&hellip;]<\/p>","protected":false},"featured_media":658,"comment_status":"open","ping_status":"closed","template":"","meta":{"_et_pb_use_builder":"","_et_pb_old_content":"","_et_gb_content_width":""},"product_brand":[],"product_cat":[1484,1549],"product_tag":[1380],"class_list":{"0":"post-652","1":"product","2":"type-product","3":"status-publish","4":"has-post-thumbnail","6":"product_cat-forklift-hydraulic-cylinders","7":"product_cat-single-acting-hydraulic-cylinder","8":"product_tag-hydraulic-cylinder","10":"first","11":"instock","12":"shipping-taxable","13":"product-type-simple"},"amp_enabled":true,"_links":{"self":[{"href":"https:\/\/www.hydraulic-cylinders.net\/es\/wp-json\/wp\/v2\/product\/652","targetHints":{"allow":["GET"]}}],"collection":[{"href":"https:\/\/www.hydraulic-cylinders.net\/es\/wp-json\/wp\/v2\/product"}],"about":[{"href":"https:\/\/www.hydraulic-cylinders.net\/es\/wp-json\/wp\/v2\/types\/product"}],"replies":[{"embeddable":true,"href":"https:\/\/www.hydraulic-cylinders.net\/es\/wp-json\/wp\/v2\/comments?post=652"}],"wp:featuredmedia":[{"embeddable":true,"href":"https:\/\/www.hydraulic-cylinders.net\/es\/wp-json\/wp\/v2\/media\/658"}],"wp:attachment":[{"href":"https:\/\/www.hydraulic-cylinders.net\/es\/wp-json\/wp\/v2\/media?parent=652"}],"wp:term":[{"taxonomy":"product_brand","embeddable":true,"href":"https:\/\/www.hydraulic-cylinders.net\/es\/wp-json\/wp\/v2\/product_brand?post=652"},{"taxonomy":"product_cat","embeddable":true,"href":"https:\/\/www.hydraulic-cylinders.net\/es\/wp-json\/wp\/v2\/product_cat?post=652"},{"taxonomy":"product_tag","embeddable":true,"href":"https:\/\/www.hydraulic-cylinders.net\/es\/wp-json\/wp\/v2\/product_tag?post=652"}],"curies":[{"name":"wp","href":"https:\/\/api.w.org\/{rel}","templated":true}]}}