{"id":659,"date":"2023-08-21T03:11:05","date_gmt":"2023-08-21T03:11:05","guid":{"rendered":"https:\/\/hydraulic-cylinders.net\/?post_type=product&#038;p=659"},"modified":"2025-04-11T03:15:45","modified_gmt":"2025-04-11T03:15:45","slug":"forklift-distance-adjustment-hydraulic-cylinder","status":"publish","type":"product","link":"https:\/\/www.hydraulic-cylinders.net\/es\/producto\/forklift-distance-adjustment-hydraulic-cylinder\/","title":{"rendered":"Cilindro hidr\u00e1ulico de ajuste de distancia para carretillas elevadoras"},"content":{"rendered":"<h1 style=\"text-align: center;\"><strong>Cilindro hidr\u00e1ulico de ajuste de distancia para carretillas elevadoras<\/strong><\/h1>\n<p><img loading=\"lazy\" decoding=\"async\" class=\"aligncenter wp-image-660\" src=\"https:\/\/hydraulic-cylinders.net\/wp-content\/uploads\/2023\/08\/distance-ajustment-hydraulic-cylinder-product-4-300x300.webp\" alt=\"producto-cilindro-hidr\u00e1ulico-de-ajuste-distancia\" width=\"400\" height=\"400\" \/><\/p>\n<p>El cilindro hidr\u00e1ulico de ajuste de distancia de carretillas elevadoras, una soluci\u00f3n vers\u00e1til dise\u00f1ada para mejorar el alcance y la precisi\u00f3n de las operaciones con carretillas elevadoras. Este cilindro hidr\u00e1ulico permite ajustar c\u00f3moda y eficazmente la distancia de las horquillas, lo que permite a los operarios manipular diferentes tama\u00f1os de carga y adaptarse con facilidad a las distintas distribuciones de los almacenes.<\/p>\n<p>El sistema hidr\u00e1ulico del cilindro de ajuste de distancia de la carretilla elevadora garantiza un movimiento suave y controlado durante el ajuste de distancia. Los operadores pueden lograr un posicionamiento preciso sin sacudidas ni movimientos bruscos, lo que garantiza una manipulaci\u00f3n estable de la carga y la comodidad del operador.<\/p>\n<p>Fabricado para soportar los rigores de las operaciones diarias de las carretillas elevadoras, este cilindro hidr\u00e1ulico presenta una construcci\u00f3n robusta que resiste el desgaste, la corrosi\u00f3n y los da\u00f1os. Est\u00e1 dise\u00f1ado para soportar cargas pesadas, ciclos de ajuste frecuentes y condiciones de trabajo dif\u00edciles, proporcionando un rendimiento fiable incluso en los entornos m\u00e1s exigentes.<\/p>\n<h2><strong>Par\u00e1metro del cilindro hidr\u00e1ulico de ajuste de distancia de la carretilla elevadora:<\/strong><\/h2>\n<table>\n<tbody>\n<tr>\n<td><img loading=\"lazy\" decoding=\"async\" class=\"alignnone wp-image-661 size-full\" src=\"https:\/\/hydraulic-cylinders.net\/wp-content\/uploads\/2023\/08\/distance-ajustment-hydraulic-cylinder-product-1.webp\" alt=\"\" width=\"333\" height=\"211\" srcset=\"https:\/\/www.hydraulic-cylinders.net\/wp-content\/uploads\/2023\/08\/distance-ajustment-hydraulic-cylinder-product-1.webp 333w, https:\/\/www.hydraulic-cylinders.net\/wp-content\/uploads\/2023\/08\/distance-ajustment-hydraulic-cylinder-product-1-300x190.webp 300w\" sizes=\"(max-width: 333px) 100vw, 333px\" \/><\/td>\n<td><img loading=\"lazy\" decoding=\"async\" class=\"alignnone wp-image-662 size-full\" src=\"https:\/\/hydraulic-cylinders.net\/wp-content\/uploads\/2023\/08\/distance-ajustment-hydraulic-cylinder-product-1-1.webp\" alt=\"\" width=\"475\" height=\"148\" srcset=\"https:\/\/www.hydraulic-cylinders.net\/wp-content\/uploads\/2023\/08\/distance-ajustment-hydraulic-cylinder-product-1-1.webp 475w, https:\/\/www.hydraulic-cylinders.net\/wp-content\/uploads\/2023\/08\/distance-ajustment-hydraulic-cylinder-product-1-1-300x93.webp 300w\" sizes=\"(max-width: 475px) 100vw, 475px\" \/><\/td>\n<\/tr>\n<\/tbody>\n<\/table>\n<table style=\"height: 95px; width: 938px;\" border=\"1\" cellspacing=\"0\" cellpadding=\"0\">\n<tbody>\n<tr style=\"height: 47px;\">\n<td style=\"height: 47px; width: 144.462px;\">Nombre del cilindro<\/td>\n<td style=\"height: 47px; width: 114.363px;\">n\u00famero de dibujo<\/td>\n<td style=\"height: 47px; width: 90.2875px;\">di\u00e1metro interior (D)<\/td>\n<td style=\"height: 47px; width: 78.25px;\">di\u00e1metro de la varilla (d)<\/td>\n<td style=\"height: 47px; width: 64.2px;\">ictus (S)<\/td>\n<td style=\"height: 47px; width: 102.325px;\">Distancia de instalaci\u00f3n (L)<\/td>\n<td style=\"height: 47px; width: 95.3px;\">presi\u00f3n de trabajo<\/td>\n<td style=\"height: 47px; width: 173.55px;\">Dimensiones de la interfaz (M)<\/td>\n<td style=\"height: 47px; width: 59.2625px;\">peso<\/td>\n<\/tr>\n<tr style=\"height: 48px;\">\n<td class=\"et3\" style=\"height: 48px; width: 144.462px;\" height=\"325\">Cilindro de ajuste de distancia<\/td>\n<td style=\"width: 114.363px;\">3CS17G-30-00T4<\/td>\n<td style=\"width: 90.2875px;\">\u03a650<\/td>\n<td style=\"width: 78.25px;\">\u03a625<\/td>\n<td style=\"width: 64.2px;\">295<\/td>\n<td style=\"width: 102.325px;\">503<\/td>\n<td style=\"width: 95.3px;\">16MPa<\/td>\n<td style=\"width: 173.55px;\">2-M16*1.5<\/td>\n<td style=\"width: 59.2625px;\">7 kg<\/td>\n<\/tr>\n<\/tbody>\n<\/table>\n<table>\n<tbody>\n<tr>\n<td><img loading=\"lazy\" decoding=\"async\" class=\"alignnone wp-image-663 size-full\" src=\"https:\/\/hydraulic-cylinders.net\/wp-content\/uploads\/2023\/08\/distance-ajustment-hydraulic-cylinder-product-2.webp\" alt=\"\" width=\"333\" height=\"214\" srcset=\"https:\/\/www.hydraulic-cylinders.net\/wp-content\/uploads\/2023\/08\/distance-ajustment-hydraulic-cylinder-product-2.webp 333w, https:\/\/www.hydraulic-cylinders.net\/wp-content\/uploads\/2023\/08\/distance-ajustment-hydraulic-cylinder-product-2-300x193.webp 300w\" sizes=\"(max-width: 333px) 100vw, 333px\" \/><\/td>\n<td><img loading=\"lazy\" decoding=\"async\" class=\"alignnone wp-image-664 size-full\" src=\"https:\/\/hydraulic-cylinders.net\/wp-content\/uploads\/2023\/08\/distance-ajustment-hydraulic-cylinder-product-2-1.webp\" alt=\"\" width=\"475\" height=\"158\" srcset=\"https:\/\/www.hydraulic-cylinders.net\/wp-content\/uploads\/2023\/08\/distance-ajustment-hydraulic-cylinder-product-2-1.webp 475w, https:\/\/www.hydraulic-cylinders.net\/wp-content\/uploads\/2023\/08\/distance-ajustment-hydraulic-cylinder-product-2-1-300x100.webp 300w\" sizes=\"(max-width: 475px) 100vw, 475px\" \/><\/td>\n<\/tr>\n<\/tbody>\n<\/table>\n<table style=\"height: 101px; width: 938px;\" border=\"1\" cellspacing=\"0\" cellpadding=\"0\">\n<tbody>\n<tr style=\"height: 47px;\">\n<td style=\"height: 47px; width: 156.5px;\">Nombre del cilindro<\/td>\n<td style=\"height: 47px; width: 114.363px;\">n\u00famero de dibujo<\/td>\n<td style=\"height: 47px; width: 79.25px;\">di\u00e1metro interior (D)<\/td>\n<td style=\"height: 47px; width: 78.25px;\">di\u00e1metro de la varilla (d)<\/td>\n<td style=\"height: 47px; width: 63.2px;\">ictus (S)<\/td>\n<td style=\"height: 47px; width: 102.325px;\">Distancia de instalaci\u00f3n (L)<\/td>\n<td style=\"height: 47px; width: 94.3px;\">presi\u00f3n de trabajo<\/td>\n<td style=\"height: 47px; width: 174.562px;\">Dimensiones de la interfaz (M)<\/td>\n<td style=\"height: 47px; width: 59.25px;\">peso<\/td>\n<\/tr>\n<tr style=\"height: 54px;\">\n<td class=\"et3\" style=\"height: 54px; width: 156.5px;\" height=\"325\">Cilindro de ajuste de distancia<\/td>\n<td style=\"width: 114.363px;\">7B3-303000-00TA<\/td>\n<td style=\"width: 79.25px;\">\u03a650<\/td>\n<td style=\"width: 78.25px;\">\u03a628<\/td>\n<td style=\"width: 63.2px;\">750<\/td>\n<td style=\"width: 102.325px;\">1040<\/td>\n<td style=\"width: 94.3px;\">18MPa<\/td>\n<td style=\"width: 174.562px;\">M14*1,5;M16*1,5<\/td>\n<td style=\"width: 59.25px;\">14 kg<\/td>\n<\/tr>\n<\/tbody>\n<\/table>\n<table>\n<tbody>\n<tr>\n<td><img loading=\"lazy\" decoding=\"async\" class=\"alignnone wp-image-665 size-full\" src=\"https:\/\/hydraulic-cylinders.net\/wp-content\/uploads\/2023\/08\/distance-ajustment-hydraulic-cylinder-product-3.webp\" alt=\"\" width=\"333\" height=\"214\" srcset=\"https:\/\/www.hydraulic-cylinders.net\/wp-content\/uploads\/2023\/08\/distance-ajustment-hydraulic-cylinder-product-3.webp 333w, https:\/\/www.hydraulic-cylinders.net\/wp-content\/uploads\/2023\/08\/distance-ajustment-hydraulic-cylinder-product-3-300x193.webp 300w\" sizes=\"(max-width: 333px) 100vw, 333px\" \/><\/td>\n<td><img loading=\"lazy\" decoding=\"async\" class=\"alignnone wp-image-666 size-full\" src=\"https:\/\/hydraulic-cylinders.net\/wp-content\/uploads\/2023\/08\/distance-ajustment-hydraulic-cylinder-product-3-1.webp\" alt=\"\" width=\"475\" height=\"154\" srcset=\"https:\/\/www.hydraulic-cylinders.net\/wp-content\/uploads\/2023\/08\/distance-ajustment-hydraulic-cylinder-product-3-1.webp 475w, https:\/\/www.hydraulic-cylinders.net\/wp-content\/uploads\/2023\/08\/distance-ajustment-hydraulic-cylinder-product-3-1-300x97.webp 300w\" sizes=\"(max-width: 475px) 100vw, 475px\" \/><\/td>\n<\/tr>\n<\/tbody>\n<\/table>\n<table style=\"height: 98px; width: 938px;\" border=\"1\" cellspacing=\"0\" cellpadding=\"0\">\n<tbody>\n<tr style=\"height: 47px;\">\n<td style=\"height: 47px; width: 150.887px;\">Nombre del cilindro<\/td>\n<td style=\"height: 47px; width: 119.35px;\">n\u00famero de dibujo<\/td>\n<td style=\"height: 47px; width: 79.0625px;\">di\u00e1metro interior (D)<\/td>\n<td style=\"height: 47px; width: 78.1px;\">di\u00e1metro de la varilla (d)<\/td>\n<td style=\"height: 47px; width: 64.0125px;\">ictus (S)<\/td>\n<td style=\"height: 47px; width: 102.65px;\">Distancia de instalaci\u00f3n (L)<\/td>\n<td style=\"height: 47px; width: 95.45px;\">presi\u00f3n de trabajo<\/td>\n<td style=\"height: 47px; width: 173.137px;\">Dimensiones de la interfaz (M)<\/td>\n<td style=\"height: 47px; width: 59.35px;\">peso<\/td>\n<\/tr>\n<tr style=\"height: 54px;\">\n<td class=\"et3\" style=\"height: 54px; width: 150.887px;\" height=\"325\">Cilindro de ajuste de distancia<\/td>\n<td style=\"width: 119.35px;\">5CS17-40-00Z<\/td>\n<td style=\"width: 79.0625px;\">\u03a650<\/td>\n<td style=\"width: 78.1px;\">\u03a625<\/td>\n<td style=\"width: 64.0125px;\">619<\/td>\n<td style=\"width: 102.65px;\">889<\/td>\n<td style=\"width: 95.45px;\">15MPa<\/td>\n<td style=\"width: 173.137px;\">M14*1.5<\/td>\n<td style=\"width: 59.35px;\">13 kg<\/td>\n<\/tr>\n<\/tbody>\n<\/table>\n<table>\n<tbody>\n<tr>\n<td><img loading=\"lazy\" decoding=\"async\" class=\"alignnone wp-image-667 size-medium\" src=\"https:\/\/hydraulic-cylinders.net\/wp-content\/uploads\/2023\/08\/distance-ajustment-hydraulic-cylinder-product-4-1-300x228.webp\" alt=\"\" width=\"300\" height=\"228\" \/><\/td>\n<td><img loading=\"lazy\" decoding=\"async\" class=\"alignnone wp-image-668 size-full\" src=\"https:\/\/hydraulic-cylinders.net\/wp-content\/uploads\/2023\/08\/distance-ajustment-hydraulic-cylinder-product-4-1-1.webp\" alt=\"\" width=\"475\" height=\"175\" srcset=\"https:\/\/www.hydraulic-cylinders.net\/wp-content\/uploads\/2023\/08\/distance-ajustment-hydraulic-cylinder-product-4-1-1.webp 475w, https:\/\/www.hydraulic-cylinders.net\/wp-content\/uploads\/2023\/08\/distance-ajustment-hydraulic-cylinder-product-4-1-1-300x111.webp 300w\" sizes=\"(max-width: 475px) 100vw, 475px\" \/><\/td>\n<\/tr>\n<\/tbody>\n<\/table>\n<table style=\"height: 98px; width: 919px;\" border=\"1\" cellspacing=\"0\" cellpadding=\"0\">\n<tbody>\n<tr style=\"height: 47px;\">\n<td style=\"height: 47px; width: 150px;\">Nombre del cilindro<\/td>\n<td style=\"height: 47px; width: 119px;\">n\u00famero de dibujo<\/td>\n<td style=\"height: 47px; width: 79px;\">di\u00e1metro interior (D)<\/td>\n<td style=\"height: 47px; width: 78px;\">di\u00e1metro de la varilla (d)<\/td>\n<td style=\"height: 47px; width: 64px;\">ictus (S)<\/td>\n<td style=\"height: 47px; width: 102px;\">Distancia de instalaci\u00f3n (L)<\/td>\n<td style=\"height: 47px; width: 95px;\">presi\u00f3n de trabajo<\/td>\n<td style=\"height: 47px; width: 173px;\">Dimensiones de la interfaz (M)<\/td>\n<td style=\"height: 47px; width: 59px;\">peso<\/td>\n<\/tr>\n<tr style=\"height: 54px;\">\n<td class=\"et3\" style=\"height: 54px; width: 150px;\" height=\"325\">Cilindro de ajuste de distancia<\/td>\n<td style=\"width: 119px;\" width=\"270\">8M3-304000A-625<\/td>\n<td style=\"width: 79px;\" width=\"102\">\u03a663<\/td>\n<td style=\"width: 78px;\" width=\"99\">\u03a632<\/td>\n<td style=\"width: 64px;\" width=\"91\">855<\/td>\n<td style=\"width: 102px;\" width=\"136\">1174<\/td>\n<td style=\"width: 95px;\" width=\"138\">20MPa<\/td>\n<td style=\"width: 173px;\" width=\"294\">2-M16*1.5<\/td>\n<td style=\"width: 59px;\" width=\"78\">22 kg<\/td>\n<\/tr>\n<\/tbody>\n<\/table>\n<table>\n<tbody>\n<tr>\n<td><img loading=\"lazy\" decoding=\"async\" class=\"alignnone wp-image-669 size-full\" src=\"https:\/\/hydraulic-cylinders.net\/wp-content\/uploads\/2023\/08\/distance-ajustment-hydraulic-cylinder-product-5.webp\" alt=\"\" width=\"333\" height=\"221\" srcset=\"https:\/\/www.hydraulic-cylinders.net\/wp-content\/uploads\/2023\/08\/distance-ajustment-hydraulic-cylinder-product-5.webp 333w, https:\/\/www.hydraulic-cylinders.net\/wp-content\/uploads\/2023\/08\/distance-ajustment-hydraulic-cylinder-product-5-300x199.webp 300w\" sizes=\"(max-width: 333px) 100vw, 333px\" \/><\/td>\n<td><img loading=\"lazy\" decoding=\"async\" class=\"alignnone wp-image-670 size-full\" src=\"https:\/\/hydraulic-cylinders.net\/wp-content\/uploads\/2023\/08\/distance-ajustment-hydraulic-cylinder-product-5-1.webp\" alt=\"\" width=\"475\" height=\"125\" srcset=\"https:\/\/www.hydraulic-cylinders.net\/wp-content\/uploads\/2023\/08\/distance-ajustment-hydraulic-cylinder-product-5-1.webp 475w, https:\/\/www.hydraulic-cylinders.net\/wp-content\/uploads\/2023\/08\/distance-ajustment-hydraulic-cylinder-product-5-1-300x79.webp 300w\" sizes=\"(max-width: 475px) 100vw, 475px\" \/><\/td>\n<\/tr>\n<\/tbody>\n<\/table>\n<table style=\"height: 98px; width: 919px;\" border=\"1\" cellspacing=\"0\" cellpadding=\"0\">\n<tbody>\n<tr style=\"height: 47px;\">\n<td style=\"height: 47px; width: 150px;\">Nombre del cilindro<\/td>\n<td style=\"height: 47px; width: 119px;\">n\u00famero de dibujo<\/td>\n<td style=\"height: 47px; width: 79px;\">di\u00e1metro interior (D)<\/td>\n<td style=\"height: 47px; width: 78px;\">di\u00e1metro de la varilla (d)<\/td>\n<td style=\"height: 47px; width: 64px;\">ictus (S)<\/td>\n<td style=\"height: 47px; width: 102px;\">Distancia de instalaci\u00f3n (L)<\/td>\n<td style=\"height: 47px; width: 95px;\">presi\u00f3n de trabajo<\/td>\n<td style=\"height: 47px; width: 173px;\">Dimensiones de la interfaz (M)<\/td>\n<td style=\"height: 47px; width: 59px;\">peso<\/td>\n<\/tr>\n<tr style=\"height: 54px;\">\n<td class=\"et3\" style=\"height: 54px; width: 150px;\" height=\"325\">Cilindro de ajuste de distancia<\/td>\n<td style=\"width: 119px;\" width=\"270\">7B3-304000-00<\/td>\n<td style=\"width: 79px;\" width=\"102\">\u03a670<\/td>\n<td style=\"width: 78px;\" width=\"99\">\u03a630<\/td>\n<td style=\"width: 64px;\" width=\"91\">300<\/td>\n<td style=\"width: 102px;\" width=\"136\">536<\/td>\n<td style=\"width: 95px;\" width=\"138\">18MPa<\/td>\n<td style=\"width: 173px;\" width=\"294\">2-M14*1.5<\/td>\n<td style=\"width: 59px;\" width=\"78\">13,5 kg<\/td>\n<\/tr>\n<\/tbody>\n<\/table>\n<h2><strong>Libere el poder de la durabilidad con el cilindro hidr\u00e1ulico:<\/strong><\/h2>\n<p>Cuando se trata de durabilidad y longevidad, el cilindro hidr\u00e1ulico destaca entre la multitud. Fabricado con materiales de primera calidad y construido para soportar las condiciones m\u00e1s duras, este cilindro garantiza un rendimiento fiable incluso en las aplicaciones m\u00e1s exigentes. Explore las excepcionales caracter\u00edsticas que hacen del cilindro hidr\u00e1ulico la elecci\u00f3n definitiva para sus necesidades hidr\u00e1ulicas.<\/p>\n<ul>\n<li><strong>Construcci\u00f3n robusta<\/strong>: Con su dise\u00f1o robusto y sus materiales resistentes, el cilindro hidr\u00e1ulico est\u00e1 dise\u00f1ado para ofrecer resistencia y durabilidad. Maneja sin esfuerzo altas presiones y cargas pesadas, garantizando un rendimiento y una fiabilidad duraderos incluso en entornos dif\u00edciles.<\/li>\n<li><strong>Resistencia al desgaste y la corrosi\u00f3n<\/strong>: No deje que el desgaste y la corrosi\u00f3n le frenen. El cilindro hidr\u00e1ulico es resistente a los elementos, protegi\u00e9ndolo de los efectos da\u00f1inos de la humedad, los contaminantes y las duras condiciones de funcionamiento. Cuente con este cilindro para resistir y ofrecer resultados excepcionales a lo largo del tiempo.<\/li>\n<\/ul>\n<h2><strong>Capacidad de la f\u00e1brica:<\/strong><\/h2>\n<h3>(1) Montaje<\/h3>\n<p>Contamos con una plataforma de ensamblaje de investigaci\u00f3n y desarrollo independiente de primera clase. El taller de producci\u00f3n de cilindros de carretillas elevadoras tiene 4 l\u00edneas de montaje semiautom\u00e1tico de cilindros de elevaci\u00f3n y 1 l\u00ednea de montaje autom\u00e1tico de cilindros de inclinaci\u00f3n, con una capacidad de producci\u00f3n anual dise\u00f1ada de 1 mill\u00f3n de piezas; El taller de cilindros especiales est\u00e1 equipado con un sistema de montaje de limpieza semiautom\u00e1tico de varias especificaciones, con una capacidad de producci\u00f3n anual dise\u00f1ada de 200.000. Equipado con famosos equipos de mecanizado CNC, centro de mecanizado, equipos especiales de procesamiento de cilindros de alta precisi\u00f3n, m\u00e1quina de soldadura robotizada, m\u00e1quina de limpieza autom\u00e1tica, m\u00e1quina de montaje de cilindros autom\u00e1tica, l\u00ednea de producci\u00f3n de pintura autom\u00e1tica. Equipos clave existentes m\u00e1s de 300 juegos (conjuntos). La asignaci\u00f3n \u00f3ptima y el uso eficiente de los recursos de equipamiento garantizan los requisitos de precisi\u00f3n de los productos y cumplen los requisitos de alta calidad de los productos.<\/p>\n<p><img loading=\"lazy\" decoding=\"async\" class=\"alignnone wp-image-626\" src=\"https:\/\/hydraulic-cylinders.net\/wp-content\/uploads\/2023\/08\/hydraulic-cylinder-product-1-300x158.webp\" alt=\"\" width=\"495\" height=\"260\" srcset=\"https:\/\/hydraulic-cylinders.net\/wp-content\/uploads\/2023\/08\/hydraulic-cylinder-product-1-300x158.webp 495w, https:\/\/hydraulic-cylinders.net\/wp-content\/uploads\/2023\/08\/hydraulic-cylinder-product-1-480x252.webp 480w\" sizes=\"(min-width: 0px) and (max-width: 480px) 480px, (min-width: 481px) 495px, 100vw\" \/> <img loading=\"lazy\" decoding=\"async\" class=\"alignnone wp-image-627\" src=\"https:\/\/hydraulic-cylinders.net\/wp-content\/uploads\/2023\/08\/hydraulic-cylinder-product-2-300x189.webp\" alt=\"\" width=\"413\" height=\"260\" \/><\/p>\n<h3>(2)Mecanizado<\/h3>\n<p>El taller de mecanizado est\u00e1 equipado con un centro de torneado de carril inclinado personalizado, un centro de mecanizado, una m\u00e1quina de bru\u00f1ido de alta velocidad, un robot de soldadura y otros equipos relacionados, que pueden procesar tubos cil\u00edndricos con un di\u00e1metro interior m\u00e1ximo de 400 mm y una longitud m\u00e1xima de 6 metros.<\/p>\n<p><img loading=\"lazy\" decoding=\"async\" class=\"alignnone wp-image-628 size-large\" src=\"https:\/\/hydraulic-cylinders.net\/wp-content\/uploads\/2023\/08\/hydraulic-cylinder-product-3-1024x391.webp\" alt=\"\" width=\"1024\" height=\"391\" srcset=\"https:\/\/hydraulic-cylinders.net\/wp-content\/uploads\/2023\/08\/hydraulic-cylinder-product-3-980x374.webp 980w, https:\/\/hydraulic-cylinders.net\/wp-content\/uploads\/2023\/08\/hydraulic-cylinder-product-3-480x183.webp 480w\" sizes=\"(min-width: 0px) and (max-width: 480px) 480px, (min-width: 481px) and (max-width: 980px) 980px, (min-width: 981px) 1024px, 100vw\" \/><\/p>\n<h3>(3) Soldadura<\/h3>\n<p><img loading=\"lazy\" decoding=\"async\" class=\"alignnone wp-image-629 size-large\" src=\"https:\/\/hydraulic-cylinders.net\/wp-content\/uploads\/2023\/08\/hydraulic-cylinder-product-4-1024x510.webp\" alt=\"\" width=\"1024\" height=\"510\" srcset=\"https:\/\/hydraulic-cylinders.net\/wp-content\/uploads\/2023\/08\/hydraulic-cylinder-product-4-980x488.webp 980w, https:\/\/hydraulic-cylinders.net\/wp-content\/uploads\/2023\/08\/hydraulic-cylinder-product-4-480x239.webp 480w\" sizes=\"(min-width: 0px) and (max-width: 480px) 480px, (min-width: 481px) and (max-width: 980px) 980px, (min-width: 981px) 1024px, 100vw\" \/><\/p>\n<h3>(4) Pintura y revestimiento<\/h3>\n<p>Con cilindro peque\u00f1o y mediano autom\u00e1tico l\u00ednea de recubrimiento de pintura a base de agua, para lograr la carga y descarga autom\u00e1tica del robot y pulverizaci\u00f3n autom\u00e1tica, la capacidad de dise\u00f1o de 4000 piezas por turno;<br \/>\nTambi\u00e9n disponemos de una l\u00ednea semiautom\u00e1tica de producci\u00f3n de pintura para cilindros grandes, accionada por una cadena cinem\u00e1tica, con una capacidad de dise\u00f1o de 60 cajas por turno.<\/p>\n<p><img loading=\"lazy\" decoding=\"async\" class=\"alignnone wp-image-630\" src=\"https:\/\/hydraulic-cylinders.net\/wp-content\/uploads\/2023\/08\/hydraulic-cylinder-product-5-300x213.webp\" alt=\"\" width=\"366\" height=\"260\" \/> <img loading=\"lazy\" decoding=\"async\" class=\"alignnone wp-image-631\" src=\"https:\/\/hydraulic-cylinders.net\/wp-content\/uploads\/2023\/08\/hydraulic-cylinder-product-6-300x225.webp\" alt=\"\" width=\"347\" height=\"260\" \/><\/p>\n<h3>(5) Pruebas<\/h3>\n<p>Disponemos de instalaciones de inspecci\u00f3n y bancos de pruebas de primera clase para garantizar que el rendimiento del cilindro cumple los requisitos.<\/p>\n<p><img loading=\"lazy\" decoding=\"async\" class=\"alignnone wp-image-632\" src=\"https:\/\/hydraulic-cylinders.net\/wp-content\/uploads\/2023\/08\/hydraulic-cylinder-product-8-300x200.webp\" alt=\"\" width=\"389\" height=\"260\" \/><\/p>\n<p>&nbsp;<\/p>\n<p>&nbsp;<\/p>\n<p>Somos uno de los mejores fabricantes de cilindros hidr\u00e1ulicos. Podemos ofrecer un amplio stock de cilindros hidr\u00e1ulicos. Tambi\u00e9n proporcionamos <a href=\"https:\/\/hzpt.com\/agricultural-pto-gearbox\/\" target=\"_blank\" rel=\"noopener\">cajas de cambios agr\u00edcolas<\/a>. Hemos exportado nuestros productos a clientes de todo el mundo y nos hemos ganado una buena reputaci\u00f3n gracias a la calidad superior de nuestros productos y a nuestro servicio posventa. Invitamos cordialmente a los clientes nacionales y extranjeros a ponerse en contacto con nosotros para negociar negocios, intercambiar informaci\u00f3n y...\u00a0<a href=\"https:\/\/www.hydraulic-cylinders.net\/es\/contact-us\/\">colabore con nosotros<\/a>!<\/p>","protected":false},"excerpt":{"rendered":"<p>Forklift Distance Adjustment Hydraulic Cylinder The forklift distance adjustment hydraulic cylinder, a versatile solution designed to enhance the reach and precision of forklift operations. This hydraulic cylinder allows for convenient and efficient adjustment of the forks&#8217; distance, enabling operators to handle different load sizes and adapt to varying warehouse layouts with ease. The hydraulic system [&hellip;]<\/p>","protected":false},"featured_media":671,"comment_status":"open","ping_status":"closed","template":"","meta":{"_et_pb_use_builder":"","_et_pb_old_content":"","_et_gb_content_width":""},"product_brand":[],"product_cat":[1550,1484],"product_tag":[1380],"class_list":{"0":"post-659","1":"product","2":"type-product","3":"status-publish","4":"has-post-thumbnail","6":"product_cat-double-acting-hydraulic-cylinder","7":"product_cat-forklift-hydraulic-cylinders","8":"product_tag-hydraulic-cylinder","10":"first","11":"instock","12":"shipping-taxable","13":"product-type-simple"},"amp_enabled":true,"_links":{"self":[{"href":"https:\/\/www.hydraulic-cylinders.net\/es\/wp-json\/wp\/v2\/product\/659","targetHints":{"allow":["GET"]}}],"collection":[{"href":"https:\/\/www.hydraulic-cylinders.net\/es\/wp-json\/wp\/v2\/product"}],"about":[{"href":"https:\/\/www.hydraulic-cylinders.net\/es\/wp-json\/wp\/v2\/types\/product"}],"replies":[{"embeddable":true,"href":"https:\/\/www.hydraulic-cylinders.net\/es\/wp-json\/wp\/v2\/comments?post=659"}],"wp:featuredmedia":[{"embeddable":true,"href":"https:\/\/www.hydraulic-cylinders.net\/es\/wp-json\/wp\/v2\/media\/671"}],"wp:attachment":[{"href":"https:\/\/www.hydraulic-cylinders.net\/es\/wp-json\/wp\/v2\/media?parent=659"}],"wp:term":[{"taxonomy":"product_brand","embeddable":true,"href":"https:\/\/www.hydraulic-cylinders.net\/es\/wp-json\/wp\/v2\/product_brand?post=659"},{"taxonomy":"product_cat","embeddable":true,"href":"https:\/\/www.hydraulic-cylinders.net\/es\/wp-json\/wp\/v2\/product_cat?post=659"},{"taxonomy":"product_tag","embeddable":true,"href":"https:\/\/www.hydraulic-cylinders.net\/es\/wp-json\/wp\/v2\/product_tag?post=659"}],"curies":[{"name":"wp","href":"https:\/\/api.w.org\/{rel}","templated":true}]}}