{"id":765,"date":"2023-08-23T01:51:12","date_gmt":"2023-08-23T01:51:12","guid":{"rendered":"https:\/\/hydraulic-cylinders.net\/?post_type=product&#038;p=765"},"modified":"2025-03-27T01:13:02","modified_gmt":"2025-03-27T01:13:02","slug":"low-pressure-hydraulic-cylinder-front-pin","status":"publish","type":"product","link":"https:\/\/www.hydraulic-cylinders.net\/es\/producto\/low-pressure-hydraulic-cylinder-front-pin\/","title":{"rendered":"Cilindro hidr\u00e1ulico de baja presi\u00f3n Pasador delantero"},"content":{"rendered":"<h1 style=\"text-align: center;\"><strong>Cilindro hidr\u00e1ulico de baja presi\u00f3n Pasador delantero<\/strong><\/h1>\n<p><img loading=\"lazy\" decoding=\"async\" class=\"aligncenter wp-image-766 size-full\" src=\"https:\/\/hydraulic-cylinders.net\/wp-content\/uploads\/2023\/08\/low-pressure-pull-rod-hydraulic-cylinder-front-hinge-pin-1.webp\" alt=\"\" width=\"379\" height=\"169\" srcset=\"https:\/\/www.hydraulic-cylinders.net\/wp-content\/uploads\/2023\/08\/low-pressure-pull-rod-hydraulic-cylinder-front-hinge-pin-1.webp 379w, https:\/\/www.hydraulic-cylinders.net\/wp-content\/uploads\/2023\/08\/low-pressure-pull-rod-hydraulic-cylinder-front-hinge-pin-1-300x134.webp 300w\" sizes=\"(max-width: 379px) 100vw, 379px\" \/><\/p>\n<p>En el caso de los cilindros hidr\u00e1ulicos de baja presi\u00f3n, el t\u00e9rmino \"pasador delantero\" suele referirse al pasador o eje situado en el extremo delantero del cilindro. Este pasador se utiliza como punto de conexi\u00f3n o pivote para fijar o montar el cilindro a otros componentes o equipos. Aqu\u00ed hay alguna informaci\u00f3n sobre el pasador frontal del cilindro hidr\u00e1ulico de baja presi\u00f3n:<\/p>\n<p>Dise\u00f1o y construcci\u00f3n de cilindros hidr\u00e1ulicos de baja presi\u00f3n<\/p>\n<p>Pasador delantero: El pasador delantero suele ser un pasador o eje met\u00e1lico resistente que se extiende hasta el extremo delantero del cilindro hidr\u00e1ulico. Su prop\u00f3sito es proporcionar una conexi\u00f3n segura y un punto de pivote para el cilindro.<br \/>\nOrificios de montaje: El pasador delantero se inserta a trav\u00e9s de los orificios o soportes de montaje de la carcasa o brida delantera del cilindro. Estos orificios de montaje est\u00e1n alineados con los orificios o soportes correspondientes del equipo o estructura a la que se fija el cilindro.<br \/>\nMecanismo de fijaci\u00f3n: El pasador delantero puede fijarse con clips de fijaci\u00f3n, pernos u otros elementos de sujeci\u00f3n para evitar desconexiones o movimientos accidentales.<\/p>\n<h2><strong>Par\u00e1metro del pasador delantero del cilindro hidr\u00e1ulico de baja presi\u00f3n:<\/strong><\/h2>\n<p><img loading=\"lazy\" decoding=\"async\" class=\"alignnone wp-image-767 size-full\" src=\"https:\/\/hydraulic-cylinders.net\/wp-content\/uploads\/2023\/08\/low-pressure-pull-rod-hydraulic-cylinder-front-hinge-pin-2.webp\" alt=\"\" width=\"660\" height=\"289\" srcset=\"https:\/\/hydraulic-cylinders.net\/wp-content\/uploads\/2023\/08\/low-pressure-pull-rod-hydraulic-cylinder-front-hinge-pin-2.webp 660w, https:\/\/hydraulic-cylinders.net\/wp-content\/uploads\/2023\/08\/low-pressure-pull-rod-hydraulic-cylinder-front-hinge-pin-2-480x210.webp 480w\" sizes=\"(min-width: 0px) and (max-width: 480px) 480px, (min-width: 481px) 660px, 100vw\" \/><\/p>\n<h2><strong>Aplicaciones de <\/strong><strong>Cilindro hidr\u00e1ulico de baja presi\u00f3n Pasador delantero<\/strong><strong>:<\/strong><\/h2>\n<ul>\n<li>Los cilindros hidr\u00e1ulicos de baja presi\u00f3n con pasadores frontales se utilizan en diversas industrias y aplicaciones, especialmente en sistemas que funcionan a presiones hidr\u00e1ulicas m\u00e1s bajas.<\/li>\n<li>Se suelen utilizar en maquinaria industrial, dispositivos m\u00f3viles y otros sistemas en los que existen limitaciones de espacio o requisitos de instalaci\u00f3n espec\u00edficos.<\/li>\n<li>Estos cilindros son adecuados para la manipulaci\u00f3n de materiales, mecanismos de elevaci\u00f3n, sistemas de transporte y otros equipos que requieren fuerza o movimiento lineal.<\/li>\n<\/ul>\n<h2><strong>Montaje y conexi\u00f3n de <\/strong><strong>Cilindro hidr\u00e1ulico de baja presi\u00f3n Pasador delantero<\/strong><strong>:<\/strong><\/h2>\n<ul>\n<li>Montaje de cilindros: Los pasadores frontales permiten la conexi\u00f3n directa de cilindros hidr\u00e1ulicos a otros equipos o elementos estructurales. El pasador se inserta a trav\u00e9s de un orificio o soporte de montaje en el cilindro y un orificio o soporte de acoplamiento en el equipo o estructura.<\/li>\n<li>Fijaci\u00f3n del pasador delantero: Una vez que el pasador delantero se inserta a trav\u00e9s del punto de montaje, normalmente se mantiene en su lugar utilizando una abrazadera de retenci\u00f3n, un perno u otro sujetador. Estas fijaciones garantizan una conexi\u00f3n estable y r\u00edgida entre el cilindro y la superficie de contacto.<\/li>\n<\/ul>\n<h2><strong>\u00bfC\u00f3mo funciona un cilindro hidr\u00e1ulico?<\/strong><\/h2>\n<p>Un cilindro hidr\u00e1ulico es un actuador mec\u00e1nico que convierte la energ\u00eda hidr\u00e1ulica (presi\u00f3n y caudal de fluido) en fuerza lineal y movimiento. Se compone de un cilindro, un \u00e9mbolo, un v\u00e1stago y diversas juntas. A continuaci\u00f3n se presenta brevemente el principio de funcionamiento del cilindro hidr\u00e1ulico:<\/p>\n<ol>\n<li><strong>Suministro de fluido hidr\u00e1ulico<\/strong>: El cilindro hidr\u00e1ulico est\u00e1 conectado a un sistema hidr\u00e1ulico que suministra fluido hidr\u00e1ulico a presi\u00f3n, normalmente aceite, al cilindro.<\/li>\n<li><strong>Cilindro y pist\u00f3n<\/strong>: El cilindro es un tubo cil\u00edndrico que contiene fluido hidr\u00e1ulico. El pist\u00f3n divide el cilindro en dos c\u00e1maras: el lado del v\u00e1stago y el lado de la tapa.<\/li>\n<li><strong>Pist\u00f3n y v\u00e1stago<\/strong>: El pist\u00f3n es un componente cil\u00edndrico que encaja herm\u00e9ticamente en el interior del cilindro. Est\u00e1 unido a un v\u00e1stago, que se extiende a trav\u00e9s de una junta en la culata.<\/li>\n<li><strong>Sellos<\/strong>: El cilindro hidr\u00e1ulico emplea varias juntas para evitar fugas de fluido entre el pist\u00f3n y el cilindro. Estas juntas incluyen juntas de pist\u00f3n, juntas de v\u00e1stago y juntas rascadoras.<\/li>\n<li><strong>Aplicaci\u00f3n de presi\u00f3n hidr\u00e1ulica<\/strong>: El fluido hidr\u00e1ulico se suministra al cilindro, creando presi\u00f3n dentro de las c\u00e1maras del cilindro - el fluido presurizado act\u00faa sobre el pist\u00f3n, generando una fuerza.<\/li>\n<li><strong>Generaci\u00f3n de fuerza y movimiento<\/strong>: Cuando se suministra fluido hidr\u00e1ulico al lado de la tapa del cilindro, la fuerza generada por la presi\u00f3n del fluido empuja el pist\u00f3n y el v\u00e1stago hacia fuera, creando un movimiento de extensi\u00f3n o hacia fuera. A la inversa, cuando se suministra fluido al lado del v\u00e1stago, la fuerza empuja el pist\u00f3n y el v\u00e1stago hacia dentro, creando retracci\u00f3n o movimiento hacia dentro.<\/li>\n<li><strong>Aplicaci\u00f3n de carga<\/strong>: El v\u00e1stago del pist\u00f3n est\u00e1 conectado a la carga o al equipo que hay que mover. A medida que el pist\u00f3n y el v\u00e1stago se extienden o retraen debido a la presi\u00f3n hidr\u00e1ulica, la fuerza lineal se transmite a la carga, permitiendo su movimiento.<\/li>\n<li><strong>Control y direcci\u00f3n<\/strong>: La direcci\u00f3n del movimiento y el control del cilindro hidr\u00e1ulico se consiguen controlando el caudal de fluido hidr\u00e1ulico en la c\u00e1mara del cilindro correspondiente. Para ello se suelen utilizar v\u00e1lvulas de control direccional, que dirigen selectivamente el flujo de fluido hacia el lado deseado del cilindro.<\/li>\n<li><strong>Carrera de retorno<\/strong>: Cuando el flujo de fluido hacia un lado del cilindro se detiene o se redirige, el fluido hidr\u00e1ulico del lado opuesto puede volver al dep\u00f3sito hidr\u00e1ulico, y el cilindro vuelve a su posici\u00f3n original debido a fuerzas externas o resortes.<\/li>\n<\/ol>\n<h2><strong>Capacidad de la f\u00e1brica:<\/strong><\/h2>\n<h3>(1) Montaje<\/h3>\n<p>Contamos con una plataforma de ensamblaje de investigaci\u00f3n y desarrollo independiente de primera clase. El taller de producci\u00f3n de cilindros de carretillas elevadoras tiene cuatro l\u00edneas de montaje semiautom\u00e1tico de cilindros de elevaci\u00f3n y una l\u00ednea de montaje autom\u00e1tico de cilindros de inclinaci\u00f3n, con una capacidad de producci\u00f3n anual dise\u00f1ada de 1 mill\u00f3n de piezas; El taller de cilindros especiales est\u00e1 equipado con un sistema de montaje de limpieza semiautom\u00e1tico de varias especificaciones, con una capacidad de producci\u00f3n anual dise\u00f1ada de 200.000. Equipado con famosos equipos de mecanizado CNC, centro de mecanizado, equipos especiales de procesamiento de cilindros de alta precisi\u00f3n, m\u00e1quina de soldadura robotizada, m\u00e1quina de limpieza autom\u00e1tica, m\u00e1quina de ensamblaje autom\u00e1tico de cilindros y l\u00ednea de producci\u00f3n de pintura autom\u00e1tica. Equipamiento clave existente de m\u00e1s de 300 juegos (conjuntos). La asignaci\u00f3n \u00f3ptima y el uso eficiente de los recursos de equipamiento garantizan los requisitos de precisi\u00f3n de los productos y cumplen los requisitos de alta calidad de los productos.<\/p>\n<p><img loading=\"lazy\" decoding=\"async\" class=\"alignnone wp-image-626\" src=\"https:\/\/hydraulic-cylinders.net\/wp-content\/uploads\/2023\/08\/hydraulic-cylinder-product-1-300x158.webp\" alt=\"\" width=\"495\" height=\"260\" srcset=\"https:\/\/hydraulic-cylinders.net\/wp-content\/uploads\/2023\/08\/hydraulic-cylinder-product-1-300x158.webp 495w, https:\/\/hydraulic-cylinders.net\/wp-content\/uploads\/2023\/08\/hydraulic-cylinder-product-1-480x252.webp 480w\" sizes=\"(min-width: 0px) and (max-width: 480px) 480px, (min-width: 481px) 495px, 100vw\" \/> <img loading=\"lazy\" decoding=\"async\" class=\"alignnone wp-image-627\" src=\"https:\/\/hydraulic-cylinders.net\/wp-content\/uploads\/2023\/08\/hydraulic-cylinder-product-2-300x189.webp\" alt=\"\" width=\"413\" height=\"260\" \/><\/p>\n<h3>(2)Mecanizado<\/h3>\n<p>El taller de mecanizado est\u00e1 equipado con un centro de torneado de carril inclinado personalizado, un centro de mecanizado, una m\u00e1quina de bru\u00f1ido de alta velocidad, un robot de soldadura y otros equipos relacionados, que pueden procesar tubos cil\u00edndricos con un di\u00e1metro interior m\u00e1ximo de 400 mm y una longitud m\u00e1xima de 6 metros.<\/p>\n<p><img loading=\"lazy\" decoding=\"async\" class=\"alignnone wp-image-628 size-large\" src=\"https:\/\/hydraulic-cylinders.net\/wp-content\/uploads\/2023\/08\/hydraulic-cylinder-product-3-1024x391.webp\" alt=\"\" width=\"1024\" height=\"391\" srcset=\"https:\/\/hydraulic-cylinders.net\/wp-content\/uploads\/2023\/08\/hydraulic-cylinder-product-3-980x374.webp 980w, https:\/\/hydraulic-cylinders.net\/wp-content\/uploads\/2023\/08\/hydraulic-cylinder-product-3-480x183.webp 480w\" sizes=\"(min-width: 0px) and (max-width: 480px) 480px, (min-width: 481px) and (max-width: 980px) 980px, (min-width: 981px) 1024px, 100vw\" \/><\/p>\n<h3>(3) Soldadura<\/h3>\n<p><img loading=\"lazy\" decoding=\"async\" class=\"alignnone wp-image-629 size-large\" src=\"https:\/\/hydraulic-cylinders.net\/wp-content\/uploads\/2023\/08\/hydraulic-cylinder-product-4-1024x510.webp\" alt=\"\" width=\"1024\" height=\"510\" srcset=\"https:\/\/hydraulic-cylinders.net\/wp-content\/uploads\/2023\/08\/hydraulic-cylinder-product-4-980x488.webp 980w, https:\/\/hydraulic-cylinders.net\/wp-content\/uploads\/2023\/08\/hydraulic-cylinder-product-4-480x239.webp 480w\" sizes=\"(min-width: 0px) and (max-width: 480px) 480px, (min-width: 481px) and (max-width: 980px) 980px, (min-width: 981px) 1024px, 100vw\" \/><\/p>\n<h3>(4) Pintura y revestimiento<\/h3>\n<p>Con cilindro peque\u00f1o y mediano autom\u00e1tico l\u00ednea de recubrimiento de pintura a base de agua, para lograr la carga y descarga autom\u00e1tica del robot y pulverizaci\u00f3n autom\u00e1tica, la capacidad de dise\u00f1o de 4000 piezas por turno;<br \/>\nTambi\u00e9n disponemos de una l\u00ednea semiautom\u00e1tica de producci\u00f3n de pintura para cilindros grandes, accionada por una cadena cinem\u00e1tica, con una capacidad de dise\u00f1o de 60 cajas por turno.<\/p>\n<p><img loading=\"lazy\" decoding=\"async\" class=\"alignnone wp-image-630\" src=\"https:\/\/hydraulic-cylinders.net\/wp-content\/uploads\/2023\/08\/hydraulic-cylinder-product-5-300x213.webp\" alt=\"\" width=\"366\" height=\"260\" \/> <img loading=\"lazy\" decoding=\"async\" class=\"alignnone wp-image-631\" src=\"https:\/\/hydraulic-cylinders.net\/wp-content\/uploads\/2023\/08\/hydraulic-cylinder-product-6-300x225.webp\" alt=\"\" width=\"347\" height=\"260\" \/><\/p>\n<h3>(5) Pruebas<\/h3>\n<p>Disponemos de instalaciones de inspecci\u00f3n y bancos de pruebas de primera clase para garantizar que el rendimiento del cilindro cumple los requisitos.<\/p>\n<p><img loading=\"lazy\" decoding=\"async\" class=\"alignnone wp-image-632\" src=\"https:\/\/hydraulic-cylinders.net\/wp-content\/uploads\/2023\/08\/hydraulic-cylinder-product-8-300x200.webp\" alt=\"\" width=\"389\" height=\"260\" \/><\/p>\n<p>&nbsp;<\/p>\n<p>&nbsp;<\/p>\n<p>Somos uno de los mejores fabricantes de cilindros hidr\u00e1ulicos de baja presi\u00f3n. Podemos ofrecer un amplio stock de cilindros hidr\u00e1ulicos de baja presi\u00f3n. Tambi\u00e9n proporcionamos <a href=\"https:\/\/hzpt.com\/agricultural-pto-gearbox\/\" target=\"_blank\" rel=\"noopener\">cajas de cambios agr\u00edcolas<\/a>. Hemos exportado nuestros productos a clientes de todo el mundo y nos hemos ganado una buena reputaci\u00f3n gracias a la calidad superior de nuestros productos y a nuestro servicio posventa. Invitamos cordialmente a los clientes nacionales y extranjeros a ponerse en contacto con nosotros para negociar negocios, intercambiar informaci\u00f3n y...\u00a0<a href=\"https:\/\/www.hydraulic-cylinders.net\/es\/contact-us\/\">colabore con nosotros<\/a>!<\/p>\n<p>&nbsp;<\/p>","protected":false},"excerpt":{"rendered":"<p>Low-Pressure Hydraulic Cylinder Front Pin In the case of low-pressure hydraulic cylinders, the term &#8220;front pin&#8221; usually refers to the pin or shaft located at the front end of the cylinder. This pin is used as a connection point or pivot for attaching or mounting the cylinder to other components or equipment. Here is some [&hellip;]<\/p>","protected":false},"featured_media":768,"comment_status":"open","ping_status":"closed","template":"","meta":{"_et_pb_use_builder":"","_et_pb_old_content":"","_et_gb_content_width":""},"product_brand":[],"product_cat":[1376,1388],"product_tag":[1380],"class_list":{"0":"post-765","1":"product","2":"type-product","3":"status-publish","4":"has-post-thumbnail","6":"product_cat-hydraulic-cylinder","7":"product_cat-low-pressure-hydraulic-cylinder","8":"product_tag-hydraulic-cylinder","10":"first","11":"instock","12":"shipping-taxable","13":"product-type-simple"},"amp_enabled":true,"_links":{"self":[{"href":"https:\/\/www.hydraulic-cylinders.net\/es\/wp-json\/wp\/v2\/product\/765","targetHints":{"allow":["GET"]}}],"collection":[{"href":"https:\/\/www.hydraulic-cylinders.net\/es\/wp-json\/wp\/v2\/product"}],"about":[{"href":"https:\/\/www.hydraulic-cylinders.net\/es\/wp-json\/wp\/v2\/types\/product"}],"replies":[{"embeddable":true,"href":"https:\/\/www.hydraulic-cylinders.net\/es\/wp-json\/wp\/v2\/comments?post=765"}],"wp:featuredmedia":[{"embeddable":true,"href":"https:\/\/www.hydraulic-cylinders.net\/es\/wp-json\/wp\/v2\/media\/768"}],"wp:attachment":[{"href":"https:\/\/www.hydraulic-cylinders.net\/es\/wp-json\/wp\/v2\/media?parent=765"}],"wp:term":[{"taxonomy":"product_brand","embeddable":true,"href":"https:\/\/www.hydraulic-cylinders.net\/es\/wp-json\/wp\/v2\/product_brand?post=765"},{"taxonomy":"product_cat","embeddable":true,"href":"https:\/\/www.hydraulic-cylinders.net\/es\/wp-json\/wp\/v2\/product_cat?post=765"},{"taxonomy":"product_tag","embeddable":true,"href":"https:\/\/www.hydraulic-cylinders.net\/es\/wp-json\/wp\/v2\/product_tag?post=765"}],"curies":[{"name":"wp","href":"https:\/\/api.w.org\/{rel}","templated":true}]}}