{"id":773,"date":"2023-08-23T02:33:49","date_gmt":"2023-08-23T02:33:49","guid":{"rendered":"https:\/\/hydraulic-cylinders.net\/?post_type=product&#038;p=773"},"modified":"2025-03-27T01:12:58","modified_gmt":"2025-03-27T01:12:58","slug":"low-pressure-hydraulic-cylinder-intermediate-pin","status":"publish","type":"product","link":"https:\/\/www.hydraulic-cylinders.net\/es\/producto\/low-pressure-hydraulic-cylinder-intermediate-pin\/","title":{"rendered":"Pasador intermedio del cilindro hidr\u00e1ulico de baja presi\u00f3n"},"content":{"rendered":"<h1 style=\"text-align: center;\"><strong>Pasador intermedio del cilindro hidr\u00e1ulico de baja presi\u00f3n<\/strong><\/h1>\n<p><img loading=\"lazy\" decoding=\"async\" class=\"aligncenter wp-image-774 size-full\" src=\"https:\/\/hydraulic-cylinders.net\/wp-content\/uploads\/2023\/08\/low-pressure-pull-rod-hydraulic-cylinder-middle-hinge-pin-1.webp\" alt=\"\" width=\"375\" height=\"175\" srcset=\"https:\/\/www.hydraulic-cylinders.net\/wp-content\/uploads\/2023\/08\/low-pressure-pull-rod-hydraulic-cylinder-middle-hinge-pin-1.webp 375w, https:\/\/www.hydraulic-cylinders.net\/wp-content\/uploads\/2023\/08\/low-pressure-pull-rod-hydraulic-cylinder-middle-hinge-pin-1-300x140.webp 300w\" sizes=\"(max-width: 375px) 100vw, 375px\" \/><\/p>\n<p>En un cilindro hidr\u00e1ulico de baja presi\u00f3n, el bul\u00f3n intermedio se refiere al clavo o eje situado entre el pist\u00f3n y el v\u00e1stago. Un elemento de conexi\u00f3n transfiere la fuerza del pist\u00f3n al v\u00e1stago, permitiendo el movimiento lineal.<\/p>\n<p>Dise\u00f1o y construcci\u00f3n del cilindro hidr\u00e1ulico de baja presi\u00f3n<\/p>\n<p>Los pasadores intermedios suelen ser pasadores o ejes met\u00e1licos macizos en el interior del cilindro.<br \/>\nUne las dos partes entre el pist\u00f3n y la biela.<br \/>\nLa funci\u00f3n del bul\u00f3n intermedio es transferir la presi\u00f3n del l\u00edquido generada por el pist\u00f3n al v\u00e1stago, consiguiendo as\u00ed el movimiento lineal requerido por el cilindro.<\/p>\n<h2><strong>Par\u00e1metro del pasador intermedio del cilindro hidr\u00e1ulico de baja presi\u00f3n:<\/strong><\/h2>\n<p><img loading=\"lazy\" decoding=\"async\" class=\"alignnone wp-image-775 size-full\" src=\"https:\/\/hydraulic-cylinders.net\/wp-content\/uploads\/2023\/08\/low-pressure-pull-rod-hydraulic-cylinder-intermediate-pin-2.webp\" alt=\"\" width=\"690\" height=\"315\" srcset=\"https:\/\/hydraulic-cylinders.net\/wp-content\/uploads\/2023\/08\/low-pressure-pull-rod-hydraulic-cylinder-intermediate-pin-2.webp 690w, https:\/\/hydraulic-cylinders.net\/wp-content\/uploads\/2023\/08\/low-pressure-pull-rod-hydraulic-cylinder-intermediate-pin-2-480x219.webp 480w\" sizes=\"(min-width: 0px) and (max-width: 480px) 480px, (min-width: 481px) 690px, 100vw\" \/><\/p>\n<h2><strong>Funci\u00f3n y funcionamiento de <\/strong><strong>Pasador intermedio del cilindro hidr\u00e1ulico de baja presi\u00f3n<\/strong><strong>:<\/strong><\/h2>\n<ul>\n<li>Cuando se aplica presi\u00f3n hidr\u00e1ulica al pist\u00f3n, \u00e9ste ejerce una fuerza sobre el bul\u00f3n central, haciendo que se mueva.<\/li>\n<li>El movimiento del bul\u00f3n intermedio transmite fuerza al v\u00e1stago del pist\u00f3n, que hace que el cilindro hidr\u00e1ulico se estire o contraiga.<\/li>\n<li>El pasador intermedio garantiza que la fuerza generada hidr\u00e1ulicamente se transmita eficazmente al v\u00e1stago del pist\u00f3n, consiguiendo as\u00ed el movimiento deseado del cilindro.<\/li>\n<\/ul>\n<h2><strong>Mantenimiento y sustituci\u00f3n del pasador intermedio del cilindro hidr\u00e1ulico de baja presi\u00f3n<\/strong><strong>:<\/strong><\/h2>\n<ul>\n<li>Al reparar o modificar el cilindro hidr\u00e1ulico de baja presi\u00f3n, debe comprobarse el estado del pasador central.<\/li>\n<li>Si hay indicios de desgaste, da\u00f1os o juego excesivo, debe sustituirse un bul\u00f3n intermedio nuevo para garantizar el funcionamiento normal del cilindro.<\/li>\n<li>Al sustituir el pasador central, deben seguirse las directrices y especificaciones del fabricante para garantizar la compatibilidad y un rendimiento \u00f3ptimo.<\/li>\n<\/ul>\n<h2><strong>\u00bfC\u00f3mo medir un cilindro hidr\u00e1ulico?<\/strong><\/h2>\n<ol>\n<li><strong>Di\u00e1metro interior<\/strong>:\n<ul>\n<li>Mida el di\u00e1metro interior del cilindro. Esto se conoce como \"di\u00e1metro interior\".<\/li>\n<li>Coloque los calibradores dentro de la camisa del cilindro y extienda las mordazas hasta que entren en contacto con las paredes interiores.<\/li>\n<li>Anote la medida que aparece en los calibradores.<\/li>\n<\/ul>\n<\/li>\n<li><strong>Di\u00e1metro de la varilla<\/strong>:\n<ul>\n<li>Mida el di\u00e1metro exterior del v\u00e1stago. Esto se conoce como \"di\u00e1metro del v\u00e1stago\".<\/li>\n<li>Coloque los calibradores alrededor del v\u00e1stago y ajuste las mordazas hasta que agarren ligeramente la superficie del v\u00e1stago.<\/li>\n<li>Anote la medida que aparece en los calibradores.<\/li>\n<\/ul>\n<\/li>\n<li><strong>Longitud de la carrera<\/strong>:\n<ul>\n<li>Determina la longitud de la carrera, que es la distancia m\u00e1xima que puede recorrer el pist\u00f3n dentro del cilindro.<\/li>\n<li>Extienda el v\u00e1stago hasta la posici\u00f3n totalmente extendida y mida la distancia desde la cara frontal del cilindro hasta el extremo del v\u00e1stago.<\/li>\n<li>Anote la medida como la longitud de la carrera.<\/li>\n<\/ul>\n<\/li>\n<li><strong>Dimensiones de montaje<\/strong>:\n<ul>\n<li>Mida las dimensiones de montaje para determinar c\u00f3mo se fijar\u00e1 el cilindro hidr\u00e1ulico al equipo o estructura.<\/li>\n<li>Mida la distancia entre los orificios de montaje o los soportes de la brida de montaje del cilindro.<\/li>\n<li>Mida el di\u00e1metro del orificio, si procede.<\/li>\n<\/ul>\n<\/li>\n<li><strong>Longitud total<\/strong>:\n<ul>\n<li>Mida la longitud total del cilindro hidr\u00e1ulico, que incluye la longitud del cilindro, el v\u00e1stago y cualquier otro componente que sobresalga.<\/li>\n<li>Coloque una regla sobre la cara frontal del cilindro y mida la distancia desde la cara frontal hasta el punto m\u00e1s alejado en el extremo opuesto.<\/li>\n<\/ul>\n<\/li>\n<li><strong>Medidas adicionales<\/strong>:\n<ul>\n<li>En funci\u00f3n de los requisitos espec\u00edficos de su aplicaci\u00f3n, puede que necesite medir detalles adicionales como la longitud del pist\u00f3n, el grosor de las tapas de los extremos o las dimensiones de cualquier puerto o accesorio.<\/li>\n<\/ul>\n<\/li>\n<\/ol>\n<h2><strong>Capacidad de la f\u00e1brica:<\/strong><\/h2>\n<h3>(1) Montaje<\/h3>\n<p>Contamos con una plataforma de ensamblaje de investigaci\u00f3n y desarrollo independiente de primera clase. El taller de producci\u00f3n de cilindros de carretillas elevadoras tiene cuatro l\u00edneas de montaje semiautom\u00e1tico de cilindros de elevaci\u00f3n y una l\u00ednea de montaje autom\u00e1tico de cilindros de inclinaci\u00f3n, con una capacidad de producci\u00f3n anual dise\u00f1ada de 1 mill\u00f3n de piezas; El taller de cilindros especiales est\u00e1 equipado con un sistema de montaje de limpieza semiautom\u00e1tico de varias especificaciones, con una capacidad de producci\u00f3n anual dise\u00f1ada de 200.000. Equipado con famosos equipos de mecanizado CNC, centro de mecanizado, equipos especiales de procesamiento de cilindros de alta precisi\u00f3n, m\u00e1quina de soldadura robotizada, m\u00e1quina de limpieza autom\u00e1tica, m\u00e1quina de ensamblaje autom\u00e1tico de cilindros y l\u00ednea de producci\u00f3n de pintura autom\u00e1tica. Equipamiento clave existente de m\u00e1s de 300 juegos (conjuntos). La asignaci\u00f3n \u00f3ptima y el uso eficiente de los recursos de equipamiento garantizan los requisitos de precisi\u00f3n de los productos y cumplen los requisitos de alta calidad de los productos.<\/p>\n<p><img loading=\"lazy\" decoding=\"async\" class=\"alignnone wp-image-626\" src=\"https:\/\/hydraulic-cylinders.net\/wp-content\/uploads\/2023\/08\/hydraulic-cylinder-product-1-300x158.webp\" alt=\"\" width=\"495\" height=\"260\" srcset=\"https:\/\/hydraulic-cylinders.net\/wp-content\/uploads\/2023\/08\/hydraulic-cylinder-product-1-300x158.webp 495w, https:\/\/hydraulic-cylinders.net\/wp-content\/uploads\/2023\/08\/hydraulic-cylinder-product-1-480x252.webp 480w\" sizes=\"(min-width: 0px) and (max-width: 480px) 480px, (min-width: 481px) 495px, 100vw\" \/> <img loading=\"lazy\" decoding=\"async\" class=\"alignnone wp-image-627\" src=\"https:\/\/hydraulic-cylinders.net\/wp-content\/uploads\/2023\/08\/hydraulic-cylinder-product-2-300x189.webp\" alt=\"\" width=\"413\" height=\"260\" \/><\/p>\n<h3>(2)Mecanizado<\/h3>\n<p>El taller de mecanizado est\u00e1 equipado con un centro de torneado de carril inclinado personalizado, un centro de mecanizado, una m\u00e1quina de bru\u00f1ido de alta velocidad, un robot de soldadura y otros equipos relacionados, que pueden procesar tubos cil\u00edndricos con un di\u00e1metro interior m\u00e1ximo de 400 mm y una longitud m\u00e1xima de 6 metros.<\/p>\n<p><img loading=\"lazy\" decoding=\"async\" class=\"alignnone wp-image-628 size-large\" src=\"https:\/\/hydraulic-cylinders.net\/wp-content\/uploads\/2023\/08\/hydraulic-cylinder-product-3-1024x391.webp\" alt=\"\" width=\"1024\" height=\"391\" srcset=\"https:\/\/hydraulic-cylinders.net\/wp-content\/uploads\/2023\/08\/hydraulic-cylinder-product-3-980x374.webp 980w, https:\/\/hydraulic-cylinders.net\/wp-content\/uploads\/2023\/08\/hydraulic-cylinder-product-3-480x183.webp 480w\" sizes=\"(min-width: 0px) and (max-width: 480px) 480px, (min-width: 481px) and (max-width: 980px) 980px, (min-width: 981px) 1024px, 100vw\" \/><\/p>\n<h3>(3) Soldadura<\/h3>\n<p><img loading=\"lazy\" decoding=\"async\" class=\"alignnone wp-image-629 size-large\" src=\"https:\/\/hydraulic-cylinders.net\/wp-content\/uploads\/2023\/08\/hydraulic-cylinder-product-4-1024x510.webp\" alt=\"\" width=\"1024\" height=\"510\" srcset=\"https:\/\/hydraulic-cylinders.net\/wp-content\/uploads\/2023\/08\/hydraulic-cylinder-product-4-980x488.webp 980w, https:\/\/hydraulic-cylinders.net\/wp-content\/uploads\/2023\/08\/hydraulic-cylinder-product-4-480x239.webp 480w\" sizes=\"(min-width: 0px) and (max-width: 480px) 480px, (min-width: 481px) and (max-width: 980px) 980px, (min-width: 981px) 1024px, 100vw\" \/><\/p>\n<h3>(4) Pintura y revestimiento<\/h3>\n<p>Con cilindro peque\u00f1o y mediano autom\u00e1tico l\u00ednea de recubrimiento de pintura a base de agua, para lograr la carga y descarga autom\u00e1tica del robot y pulverizaci\u00f3n autom\u00e1tica, la capacidad de dise\u00f1o de 4000 piezas por turno;<br \/>\nTambi\u00e9n disponemos de una l\u00ednea semiautom\u00e1tica de producci\u00f3n de pintura para cilindros grandes, accionada por una cadena cinem\u00e1tica, con una capacidad de dise\u00f1o de 60 cajas por turno.<\/p>\n<p><img loading=\"lazy\" decoding=\"async\" class=\"alignnone wp-image-630\" src=\"https:\/\/hydraulic-cylinders.net\/wp-content\/uploads\/2023\/08\/hydraulic-cylinder-product-5-300x213.webp\" alt=\"\" width=\"366\" height=\"260\" \/> <img loading=\"lazy\" decoding=\"async\" class=\"alignnone wp-image-631\" src=\"https:\/\/hydraulic-cylinders.net\/wp-content\/uploads\/2023\/08\/hydraulic-cylinder-product-6-300x225.webp\" alt=\"\" width=\"347\" height=\"260\" \/><\/p>\n<h3>(5) Pruebas<\/h3>\n<p>Disponemos de instalaciones de inspecci\u00f3n y bancos de pruebas de primera clase para garantizar que el rendimiento del cilindro cumple los requisitos.<\/p>\n<p><img loading=\"lazy\" decoding=\"async\" class=\"alignnone wp-image-632\" src=\"https:\/\/hydraulic-cylinders.net\/wp-content\/uploads\/2023\/08\/hydraulic-cylinder-product-8-300x200.webp\" alt=\"\" width=\"389\" height=\"260\" \/><\/p>\n<p>&nbsp;<\/p>\n<p>&nbsp;<\/p>\n<p>Somos uno de los mejores fabricantes de cilindros hidr\u00e1ulicos de baja presi\u00f3n. Podemos ofrecer un amplio stock de cilindros hidr\u00e1ulicos de baja presi\u00f3n. Tambi\u00e9n proporcionamos <a href=\"https:\/\/hzpt.com\/agricultural-pto-gearbox\/\" target=\"_blank\" rel=\"noopener\">cajas de cambios agr\u00edcolas<\/a>. Hemos exportado nuestros productos a clientes de todo el mundo y nos hemos ganado una buena reputaci\u00f3n gracias a la calidad superior de nuestros productos y a nuestro servicio posventa. Invitamos cordialmente a los clientes nacionales y extranjeros a ponerse en contacto con nosotros para negociar negocios, intercambiar informaci\u00f3n y...\u00a0<a href=\"https:\/\/www.hydraulic-cylinders.net\/es\/contact-us\/\">colabore con nosotros<\/a>!<\/p>\n<p>&nbsp;<\/p>","protected":false},"excerpt":{"rendered":"<p>Low-Pressure Hydraulic Cylinder Intermediate Pin In a low-pressure hydraulic cylinder, the intermediate pin refers to the nail or shaft between the piston and the piston rod. A connecting element transfers force from the piston to the rod, allowing for linear motion. Design and construction of the low-pressure hydraulic cylinder Intermediate pins are usually solid metal [&hellip;]<\/p>","protected":false},"featured_media":776,"comment_status":"open","ping_status":"closed","template":"","meta":{"_et_pb_use_builder":"","_et_pb_old_content":"","_et_gb_content_width":""},"product_brand":[],"product_cat":[1376,1388],"product_tag":[1380],"class_list":{"0":"post-773","1":"product","2":"type-product","3":"status-publish","4":"has-post-thumbnail","6":"product_cat-hydraulic-cylinder","7":"product_cat-low-pressure-hydraulic-cylinder","8":"product_tag-hydraulic-cylinder","10":"first","11":"instock","12":"shipping-taxable","13":"product-type-simple"},"amp_enabled":true,"_links":{"self":[{"href":"https:\/\/www.hydraulic-cylinders.net\/es\/wp-json\/wp\/v2\/product\/773","targetHints":{"allow":["GET"]}}],"collection":[{"href":"https:\/\/www.hydraulic-cylinders.net\/es\/wp-json\/wp\/v2\/product"}],"about":[{"href":"https:\/\/www.hydraulic-cylinders.net\/es\/wp-json\/wp\/v2\/types\/product"}],"replies":[{"embeddable":true,"href":"https:\/\/www.hydraulic-cylinders.net\/es\/wp-json\/wp\/v2\/comments?post=773"}],"wp:featuredmedia":[{"embeddable":true,"href":"https:\/\/www.hydraulic-cylinders.net\/es\/wp-json\/wp\/v2\/media\/776"}],"wp:attachment":[{"href":"https:\/\/www.hydraulic-cylinders.net\/es\/wp-json\/wp\/v2\/media?parent=773"}],"wp:term":[{"taxonomy":"product_brand","embeddable":true,"href":"https:\/\/www.hydraulic-cylinders.net\/es\/wp-json\/wp\/v2\/product_brand?post=773"},{"taxonomy":"product_cat","embeddable":true,"href":"https:\/\/www.hydraulic-cylinders.net\/es\/wp-json\/wp\/v2\/product_cat?post=773"},{"taxonomy":"product_tag","embeddable":true,"href":"https:\/\/www.hydraulic-cylinders.net\/es\/wp-json\/wp\/v2\/product_tag?post=773"}],"curies":[{"name":"wp","href":"https:\/\/api.w.org\/{rel}","templated":true}]}}